{"id":10208,"date":"2021-01-26T14:29:24","date_gmt":"2021-01-26T13:29:24","guid":{"rendered":"https:\/\/www.mettmann.de\/web\/?page_id=10208"},"modified":"2021-01-26T14:32:57","modified_gmt":"2021-01-26T13:32:57","slug":"st-lambertus-mettmann","status":"publish","type":"page","link":"https:\/\/www.mettmann.de\/web\/stadtportrait-infos\/gebaeude-denkmaeler-skulpturen\/st-lambertus-mettmann\/","title":{"rendered":"St. Lambertus Mettmann"},"content":{"rendered":"<p class=\"eingerueckt40\"><a href=\"https:\/\/www.mettmann.de\/web\/wp-content\/uploads\/2021\/01\/lambertus-kirche-mettmann-01.jpg\"><img loading=\"lazy\" decoding=\"async\" class=\"alignright size-medium wp-image-10209\" src=\"https:\/\/www.mettmann.de\/web\/wp-content\/uploads\/2021\/01\/lambertus-kirche-mettmann-01-225x300.jpg\" alt=\"St. Lambertus Mettmann\" width=\"225\" height=\"300\" srcset=\"https:\/\/www.mettmann.de\/web\/wp-content\/uploads\/2021\/01\/lambertus-kirche-mettmann-01-225x300.jpg 225w, https:\/\/www.mettmann.de\/web\/wp-content\/uploads\/2021\/01\/lambertus-kirche-mettmann-01-768x1024.jpg 768w, https:\/\/www.mettmann.de\/web\/wp-content\/uploads\/2021\/01\/lambertus-kirche-mettmann-01-1152x1536.jpg 1152w, https:\/\/www.mettmann.de\/web\/wp-content\/uploads\/2021\/01\/lambertus-kirche-mettmann-01.jpg 1536w\" sizes=\"auto, (max-width: 225px) 100vw, 225px\" \/><\/a>Ein dichtgeschlossener H\u00e4userring, der seit dem Mittelalter besteht, umschlie\u00dft wie sch\u00fctzend die St. Lambertus Kirche.<\/p>\n<p class=\"eingerueckt40\">Im Jahr 904 gab es in Mettmann nur eine kleine Kapelle, die dem Heiligen Lambertus geweiht war; sie wurde damals dem Stift Kaiserswerth zugewiesen. Im Verlauf der Jahrhunderte wuchs die Gemeinde und die Kirche wurde zu klein. So entstand im 12. Jahrhundert eine gro\u00dfe romanische Kirche. Davon sind bis heute der Turm und das Taufbecken erhalten geblieben.<\/p>\n<p class=\"eingerueckt40\">1484 wurde der romanische Chor durch einen gotischen ersetzt. 1703 st\u00fcrzte ein Seitenschiff der Kirche ein und 2 Jahre sp\u00e4ter auch das Hauptschiff. Vor\u00fcbergehend wurde eine &#8222;Styllose&#8220; Kirche gebaut, die letztendlich 1881 abgerissen wurde und durch einen Neubau im neugotischen Stil nach den Pl\u00e4nen des Architekten G. A. Fischer ersetzt wurde.<\/p>\n<p class=\"eingerueckt40\">Der erste Gottesdienst in der neuen Kirche fand am 28. Januar 1883 statt; eingeweiht wurde die Kirche aber erst am 4. Juli 1894 durch Weihbischof Dr. Antonius Fischer, dem sp\u00e4teren Erzbischof von K\u00f6ln.<\/p>\n<p class=\"eingerueckt40\">W\u00e4hrend der Turm, ein markantes romanisches Bauwerk, fast neunhundert Jahre \u00fcberdauerte, wurde das Kirchenschiff bereits1484 ersetzt; der jetzige Bau datiert von 1881. Die letzte Renovierung fand im Jahr 1978 statt.<\/p>\n<p class=\"eingerueckt40\">Sehenswert im Innern der Pfarrkirche ist das <a title=\"mehr Infos \ufffdber das Taufbecken aus dem 14. Jahrhundert\" href=\"\/web\/?page_id=10205\">Taufbecken<\/a>, es stammt aus dem 14. Jahrhundert. Zu F\u00fc\u00dfen der Kirche war noch bis 1807 der Friedhof der Stadt.<\/p>\n<p>Weitere Informationen findet man im Internet unter <a href=\"http:\/\/www.katholisches-mettmann.de\" target=\"_blank\" rel=\"noopener\">www.katholisches-mettmann.de<\/a>.<\/p>\n<p>&nbsp;<\/p>\n","protected":false},"excerpt":{"rendered":"<p>Ein dichtgeschlossener H\u00e4userring, der seit dem Mittelalter besteht, umschlie\u00dft wie sch\u00fctzend die St. Lambertus Kirche. Im Jahr 904 gab es in Mettmann nur eine kleine Kapelle, die dem Heiligen Lambertus geweiht war; sie wurde damals&#8230;<\/p>\n","protected":false},"author":1,"featured_media":10209,"parent":10023,"menu_order":4,"comment_status":"closed","ping_status":"closed","template":"","meta":{"ngg_post_thumbnail":0,"footnotes":""},"class_list":["post-10208","page","type-page","status-publish","has-post-thumbnail","hentry"],"yoast_head":"<!-- This site is optimized with the Yoast SEO plugin v27.2 - https:\/\/yoast.com\/product\/yoast-seo-wordpress\/ -->\n<title>St. Lambertus Mettmann | Stadtverwaltung Mettmann<\/title>\n<meta name=\"robots\" content=\"index, follow, max-snippet:-1, max-image-preview:large, max-video-preview:-1\" \/>\n<link rel=\"canonical\" href=\"https:\/\/www.mettmann.de\/web\/stadtportrait-infos\/gebaeude-denkmaeler-skulpturen\/st-lambertus-mettmann\/\" \/>\n<meta property=\"og:locale\" content=\"de_DE\" \/>\n<meta property=\"og:type\" content=\"article\" \/>\n<meta property=\"og:title\" content=\"St. Lambertus Mettmann | Stadtverwaltung Mettmann\" \/>\n<meta property=\"og:description\" content=\"Ein dichtgeschlossener H\u00e4userring, der seit dem Mittelalter besteht, umschlie\u00dft wie sch\u00fctzend die St. Lambertus Kirche. Im Jahr 904 gab es in Mettmann nur eine kleine Kapelle, die dem Heiligen Lambertus geweiht war; sie wurde damals...\" \/>\n<meta property=\"og:url\" content=\"https:\/\/www.mettmann.de\/web\/stadtportrait-infos\/gebaeude-denkmaeler-skulpturen\/st-lambertus-mettmann\/\" \/>\n<meta property=\"og:site_name\" content=\"Stadtverwaltung Mettmann\" \/>\n<meta property=\"article:publisher\" content=\"https:\/\/www.facebook.com\/kreisstadt.mettmann\" \/>\n<meta property=\"article:modified_time\" content=\"2021-01-26T13:32:57+00:00\" \/>\n<meta property=\"og:image\" content=\"https:\/\/www.mettmann.de\/web\/wp-content\/uploads\/2021\/01\/lambertus-kirche-mettmann-01-768x1024.jpg\" \/>\n\t<meta property=\"og:image:width\" content=\"768\" \/>\n\t<meta property=\"og:image:height\" content=\"1024\" \/>\n\t<meta property=\"og:image:type\" content=\"image\/jpeg\" \/>\n<meta name=\"twitter:card\" content=\"summary_large_image\" \/>\n<meta name=\"twitter:label1\" content=\"Gesch\u00e4tzte Lesezeit\" \/>\n\t<meta name=\"twitter:data1\" content=\"1\u00a0Minute\" \/>\n<script type=\"application\/ld+json\" class=\"yoast-schema-graph\">{\"@context\":\"https:\/\/schema.org\",\"@graph\":[{\"@type\":\"WebPage\",\"@id\":\"https:\/\/www.mettmann.de\/web\/stadtportrait-infos\/gebaeude-denkmaeler-skulpturen\/st-lambertus-mettmann\/\",\"url\":\"https:\/\/www.mettmann.de\/web\/stadtportrait-infos\/gebaeude-denkmaeler-skulpturen\/st-lambertus-mettmann\/\",\"name\":\"St. Lambertus Mettmann | Stadtverwaltung Mettmann\",\"isPartOf\":{\"@id\":\"https:\/\/www.mettmann.de\/web\/#website\"},\"primaryImageOfPage\":{\"@id\":\"https:\/\/www.mettmann.de\/web\/stadtportrait-infos\/gebaeude-denkmaeler-skulpturen\/st-lambertus-mettmann\/#primaryimage\"},\"image\":{\"@id\":\"https:\/\/www.mettmann.de\/web\/stadtportrait-infos\/gebaeude-denkmaeler-skulpturen\/st-lambertus-mettmann\/#primaryimage\"},\"thumbnailUrl\":\"https:\/\/www.mettmann.de\/web\/wp-content\/uploads\/2021\/01\/lambertus-kirche-mettmann-01.jpg\",\"datePublished\":\"2021-01-26T13:29:24+00:00\",\"dateModified\":\"2021-01-26T13:32:57+00:00\",\"breadcrumb\":{\"@id\":\"https:\/\/www.mettmann.de\/web\/stadtportrait-infos\/gebaeude-denkmaeler-skulpturen\/st-lambertus-mettmann\/#breadcrumb\"},\"inLanguage\":\"de\",\"potentialAction\":[{\"@type\":\"ReadAction\",\"target\":[\"https:\/\/www.mettmann.de\/web\/stadtportrait-infos\/gebaeude-denkmaeler-skulpturen\/st-lambertus-mettmann\/\"]}]},{\"@type\":\"ImageObject\",\"inLanguage\":\"de\",\"@id\":\"https:\/\/www.mettmann.de\/web\/stadtportrait-infos\/gebaeude-denkmaeler-skulpturen\/st-lambertus-mettmann\/#primaryimage\",\"url\":\"https:\/\/www.mettmann.de\/web\/wp-content\/uploads\/2021\/01\/lambertus-kirche-mettmann-01.jpg\",\"contentUrl\":\"https:\/\/www.mettmann.de\/web\/wp-content\/uploads\/2021\/01\/lambertus-kirche-mettmann-01.jpg\",\"width\":1536,\"height\":2048,\"caption\":\"Blotschenmarkt\"},{\"@type\":\"BreadcrumbList\",\"@id\":\"https:\/\/www.mettmann.de\/web\/stadtportrait-infos\/gebaeude-denkmaeler-skulpturen\/st-lambertus-mettmann\/#breadcrumb\",\"itemListElement\":[{\"@type\":\"ListItem\",\"position\":1,\"name\":\"Startseite\",\"item\":\"https:\/\/www.mettmann.de\/web\/\"},{\"@type\":\"ListItem\",\"position\":2,\"name\":\"Stadtportrait &#038; Infos\",\"item\":\"https:\/\/www.mettmann.de\/web\/stadtportrait-infos\/\"},{\"@type\":\"ListItem\",\"position\":3,\"name\":\"Geb\u00e4ude, Denkm\u00e4ler &#038; Skulpturen\",\"item\":\"https:\/\/www.mettmann.de\/web\/stadtportrait-infos\/gebaeude-denkmaeler-skulpturen\/\"},{\"@type\":\"ListItem\",\"position\":4,\"name\":\"St. Lambertus Mettmann\"}]},{\"@type\":\"WebSite\",\"@id\":\"https:\/\/www.mettmann.de\/web\/#website\",\"url\":\"https:\/\/www.mettmann.de\/web\/\",\"name\":\"Stadtverwaltung Mettmann\",\"description\":\"Internetseite der Kreisstadt Mettmann\",\"publisher\":{\"@id\":\"https:\/\/www.mettmann.de\/web\/#organization\"},\"potentialAction\":[{\"@type\":\"SearchAction\",\"target\":{\"@type\":\"EntryPoint\",\"urlTemplate\":\"https:\/\/www.mettmann.de\/web\/?s={search_term_string}\"},\"query-input\":{\"@type\":\"PropertyValueSpecification\",\"valueRequired\":true,\"valueName\":\"search_term_string\"}}],\"inLanguage\":\"de\"},{\"@type\":\"Organization\",\"@id\":\"https:\/\/www.mettmann.de\/web\/#organization\",\"name\":\"Kreisstadt Mettmann\",\"url\":\"https:\/\/www.mettmann.de\/web\/\",\"logo\":{\"@type\":\"ImageObject\",\"inLanguage\":\"de\",\"@id\":\"https:\/\/www.mettmann.de\/web\/#\/schema\/logo\/image\/\",\"url\":\"https:\/\/www.mettmann.de\/web\/wp-content\/uploads\/2019\/08\/Kreisstadt_Mettmann_Logo_RGB_150dpi.png\",\"contentUrl\":\"https:\/\/www.mettmann.de\/web\/wp-content\/uploads\/2019\/08\/Kreisstadt_Mettmann_Logo_RGB_150dpi.png\",\"width\":1302,\"height\":191,\"caption\":\"Kreisstadt Mettmann\"},\"image\":{\"@id\":\"https:\/\/www.mettmann.de\/web\/#\/schema\/logo\/image\/\"},\"sameAs\":[\"https:\/\/www.facebook.com\/kreisstadt.mettmann\",\"https:\/\/de.wikipedia.org\/wiki\/Mettmann\"]}]}<\/script>\n<!-- \/ Yoast SEO plugin. -->","yoast_head_json":{"title":"St. Lambertus Mettmann | Stadtverwaltung Mettmann","robots":{"index":"index","follow":"follow","max-snippet":"max-snippet:-1","max-image-preview":"max-image-preview:large","max-video-preview":"max-video-preview:-1"},"canonical":"https:\/\/www.mettmann.de\/web\/stadtportrait-infos\/gebaeude-denkmaeler-skulpturen\/st-lambertus-mettmann\/","og_locale":"de_DE","og_type":"article","og_title":"St. Lambertus Mettmann | Stadtverwaltung Mettmann","og_description":"Ein dichtgeschlossener H\u00e4userring, der seit dem Mittelalter besteht, umschlie\u00dft wie sch\u00fctzend die St. Lambertus Kirche. Im Jahr 904 gab es in Mettmann nur eine kleine Kapelle, die dem Heiligen Lambertus geweiht war; sie wurde damals...","og_url":"https:\/\/www.mettmann.de\/web\/stadtportrait-infos\/gebaeude-denkmaeler-skulpturen\/st-lambertus-mettmann\/","og_site_name":"Stadtverwaltung Mettmann","article_publisher":"https:\/\/www.facebook.com\/kreisstadt.mettmann","article_modified_time":"2021-01-26T13:32:57+00:00","og_image":[{"width":768,"height":1024,"url":"https:\/\/www.mettmann.de\/web\/wp-content\/uploads\/2021\/01\/lambertus-kirche-mettmann-01-768x1024.jpg","type":"image\/jpeg"}],"twitter_card":"summary_large_image","twitter_misc":{"Gesch\u00e4tzte Lesezeit":"1\u00a0Minute"},"schema":{"@context":"https:\/\/schema.org","@graph":[{"@type":"WebPage","@id":"https:\/\/www.mettmann.de\/web\/stadtportrait-infos\/gebaeude-denkmaeler-skulpturen\/st-lambertus-mettmann\/","url":"https:\/\/www.mettmann.de\/web\/stadtportrait-infos\/gebaeude-denkmaeler-skulpturen\/st-lambertus-mettmann\/","name":"St. Lambertus Mettmann | Stadtverwaltung Mettmann","isPartOf":{"@id":"https:\/\/www.mettmann.de\/web\/#website"},"primaryImageOfPage":{"@id":"https:\/\/www.mettmann.de\/web\/stadtportrait-infos\/gebaeude-denkmaeler-skulpturen\/st-lambertus-mettmann\/#primaryimage"},"image":{"@id":"https:\/\/www.mettmann.de\/web\/stadtportrait-infos\/gebaeude-denkmaeler-skulpturen\/st-lambertus-mettmann\/#primaryimage"},"thumbnailUrl":"https:\/\/www.mettmann.de\/web\/wp-content\/uploads\/2021\/01\/lambertus-kirche-mettmann-01.jpg","datePublished":"2021-01-26T13:29:24+00:00","dateModified":"2021-01-26T13:32:57+00:00","breadcrumb":{"@id":"https:\/\/www.mettmann.de\/web\/stadtportrait-infos\/gebaeude-denkmaeler-skulpturen\/st-lambertus-mettmann\/#breadcrumb"},"inLanguage":"de","potentialAction":[{"@type":"ReadAction","target":["https:\/\/www.mettmann.de\/web\/stadtportrait-infos\/gebaeude-denkmaeler-skulpturen\/st-lambertus-mettmann\/"]}]},{"@type":"ImageObject","inLanguage":"de","@id":"https:\/\/www.mettmann.de\/web\/stadtportrait-infos\/gebaeude-denkmaeler-skulpturen\/st-lambertus-mettmann\/#primaryimage","url":"https:\/\/www.mettmann.de\/web\/wp-content\/uploads\/2021\/01\/lambertus-kirche-mettmann-01.jpg","contentUrl":"https:\/\/www.mettmann.de\/web\/wp-content\/uploads\/2021\/01\/lambertus-kirche-mettmann-01.jpg","width":1536,"height":2048,"caption":"Blotschenmarkt"},{"@type":"BreadcrumbList","@id":"https:\/\/www.mettmann.de\/web\/stadtportrait-infos\/gebaeude-denkmaeler-skulpturen\/st-lambertus-mettmann\/#breadcrumb","itemListElement":[{"@type":"ListItem","position":1,"name":"Startseite","item":"https:\/\/www.mettmann.de\/web\/"},{"@type":"ListItem","position":2,"name":"Stadtportrait &#038; Infos","item":"https:\/\/www.mettmann.de\/web\/stadtportrait-infos\/"},{"@type":"ListItem","position":3,"name":"Geb\u00e4ude, Denkm\u00e4ler &#038; Skulpturen","item":"https:\/\/www.mettmann.de\/web\/stadtportrait-infos\/gebaeude-denkmaeler-skulpturen\/"},{"@type":"ListItem","position":4,"name":"St. Lambertus Mettmann"}]},{"@type":"WebSite","@id":"https:\/\/www.mettmann.de\/web\/#website","url":"https:\/\/www.mettmann.de\/web\/","name":"Stadtverwaltung Mettmann","description":"Internetseite der Kreisstadt Mettmann","publisher":{"@id":"https:\/\/www.mettmann.de\/web\/#organization"},"potentialAction":[{"@type":"SearchAction","target":{"@type":"EntryPoint","urlTemplate":"https:\/\/www.mettmann.de\/web\/?s={search_term_string}"},"query-input":{"@type":"PropertyValueSpecification","valueRequired":true,"valueName":"search_term_string"}}],"inLanguage":"de"},{"@type":"Organization","@id":"https:\/\/www.mettmann.de\/web\/#organization","name":"Kreisstadt Mettmann","url":"https:\/\/www.mettmann.de\/web\/","logo":{"@type":"ImageObject","inLanguage":"de","@id":"https:\/\/www.mettmann.de\/web\/#\/schema\/logo\/image\/","url":"https:\/\/www.mettmann.de\/web\/wp-content\/uploads\/2019\/08\/Kreisstadt_Mettmann_Logo_RGB_150dpi.png","contentUrl":"https:\/\/www.mettmann.de\/web\/wp-content\/uploads\/2019\/08\/Kreisstadt_Mettmann_Logo_RGB_150dpi.png","width":1302,"height":191,"caption":"Kreisstadt Mettmann"},"image":{"@id":"https:\/\/www.mettmann.de\/web\/#\/schema\/logo\/image\/"},"sameAs":["https:\/\/www.facebook.com\/kreisstadt.mettmann","https:\/\/de.wikipedia.org\/wiki\/Mettmann"]}]}},"_links":{"self":[{"href":"https:\/\/www.mettmann.de\/web\/wp-json\/wp\/v2\/pages\/10208","targetHints":{"allow":["GET"]}}],"collection":[{"href":"https:\/\/www.mettmann.de\/web\/wp-json\/wp\/v2\/pages"}],"about":[{"href":"https:\/\/www.mettmann.de\/web\/wp-json\/wp\/v2\/types\/page"}],"author":[{"embeddable":true,"href":"https:\/\/www.mettmann.de\/web\/wp-json\/wp\/v2\/users\/1"}],"replies":[{"embeddable":true,"href":"https:\/\/www.mettmann.de\/web\/wp-json\/wp\/v2\/comments?post=10208"}],"version-history":[{"count":3,"href":"https:\/\/www.mettmann.de\/web\/wp-json\/wp\/v2\/pages\/10208\/revisions"}],"predecessor-version":[{"id":10212,"href":"https:\/\/www.mettmann.de\/web\/wp-json\/wp\/v2\/pages\/10208\/revisions\/10212"}],"up":[{"embeddable":true,"href":"https:\/\/www.mettmann.de\/web\/wp-json\/wp\/v2\/pages\/10023"}],"wp:featuredmedia":[{"embeddable":true,"href":"https:\/\/www.mettmann.de\/web\/wp-json\/wp\/v2\/media\/10209"}],"wp:attachment":[{"href":"https:\/\/www.mettmann.de\/web\/wp-json\/wp\/v2\/media?parent=10208"}],"curies":[{"name":"wp","href":"https:\/\/api.w.org\/{rel}","templated":true}]}}