{"id":10213,"date":"2021-01-26T14:41:53","date_gmt":"2021-01-26T13:41:53","guid":{"rendered":"https:\/\/www.mettmann.de\/web\/?page_id=10213"},"modified":"2024-01-18T08:57:26","modified_gmt":"2024-01-18T07:57:26","slug":"goldberger-muehle","status":"publish","type":"page","link":"https:\/\/www.mettmann.de\/web\/stadtportrait-infos\/gebaeude-denkmaeler-skulpturen\/goldberger-muehle\/","title":{"rendered":"Goldberger M\u00fchle"},"content":{"rendered":"<div id=\"attachment_602\" style=\"width: 2058px\" class=\"wp-caption alignnone\"><a href=\"https:\/\/www.mettmann.de\/web\/wp-content\/uploads\/2019\/08\/06_Goldberger-M\u00fchle.jpg\"><img loading=\"lazy\" decoding=\"async\" aria-describedby=\"caption-attachment-602\" class=\"size-full wp-image-602\" src=\"https:\/\/www.mettmann.de\/web\/wp-content\/uploads\/2019\/08\/06_Goldberger-M\u00fchle.jpg\" alt=\"Goldberger M\u00fchle\" width=\"2048\" height=\"1536\" srcset=\"https:\/\/www.mettmann.de\/web\/wp-content\/uploads\/2019\/08\/06_Goldberger-M\u00fchle.jpg 2048w, https:\/\/www.mettmann.de\/web\/wp-content\/uploads\/2019\/08\/06_Goldberger-M\u00fchle-300x225.jpg 300w, https:\/\/www.mettmann.de\/web\/wp-content\/uploads\/2019\/08\/06_Goldberger-M\u00fchle-768x576.jpg 768w, https:\/\/www.mettmann.de\/web\/wp-content\/uploads\/2019\/08\/06_Goldberger-M\u00fchle-1024x768.jpg 1024w\" sizes=\"auto, (max-width: 2048px) 100vw, 2048px\" \/><\/a><p id=\"caption-attachment-602\" class=\"wp-caption-text\">Archivfoto: Kreisstadt Mettmann<\/p><\/div>\n<p>Eines der \u00e4ltesten und sch\u00f6nsten Geb\u00e4ude Mettmanns ist die Goldberger M\u00fchle.<\/p>\n<p>Urkundlich erstmalig erw\u00e4hnt wurde diese M\u00fchle bereits um <strong>1450<\/strong> als Herzog Gerhard sie an Ritter Ulrich von Mentzingen verpf\u00e4ndete. Im Jahr <b>1541<\/b> l\u00f6ste Herzog Wilhelm diese Verpf\u00e4ndung wieder ein. Er \u00fcbergab den Hof seinem Rat und Kanzler Johann Gogreve. Dieser musste als Gegengabe j\u00e4hrlich 70 Goldgulden an die Freiheit Mettmann zahlen.<\/p>\n<p class=\"eingerueckt40\"><b>1555<\/b> wurde der Hof Goldberg Sitz eines Hofgerichts \u00fcber sechs H\u00f6fe.<\/p>\n<p class=\"eingerueckt40\"><b>1715<\/b> baute man aus vier geschlagenen Eichen ein neues Wasserrad f\u00fcr das M\u00fchlwerk.<\/p>\n<p class=\"eingerueckt40\"><b> 1771<\/b> erhielt die M\u00fchle ein verschiefertes Mansardenwalmdach mit Dachgauben.<\/p>\n<p class=\"eingerueckt40\">Von <b>1880 <\/b>bis <b>1882<\/b> wurd der noch heute so pr\u00e4gnante Turm mit Backofen gebaut. Nach einem Gro\u00dfbrand im Jahr <b>1904<\/b> brannte der Hof v\u00f6llig ab; die M\u00fchle blieb jedoch verschont. Wenige hundert Meter \u00f6stlich errichtete man das neue Gut Gro\u00df Goldberg. Die Goldberger M\u00fchle selber blieb stehen.<\/p>\n<p class=\"eingerueckt40\"><b>1944<\/b> Wieder-Inbetriebnahme: Das besch\u00e4digte Mahlwerk wurde erneuert und in Gang gesetzt. So leistete die M\u00fchle auch noch in der schwierigen Zeit nach dem Krieg ihren Beitrag zur Ern\u00e4hrung der Bev\u00f6lkerung Mettmanns. Im Jahre <b>1946<\/b> legte man die M\u00fchle wieder einmal still.<\/p>\n<p class=\"eingerueckt40\"><b>1954<\/b> verkaufte Graf Schaesberg die M\u00fchle an die Stadt Mettmann. Sie diente danach als Wohnhaus. Der Verfall konnte allerdings nicht aufgehalten werden. Wegen der immer schlechteren Wohnqualit\u00e4t zog schlie\u00dflich die letzte P\u00e4chterfamilie aus der M\u00fchle aus. Sie stand von da an leer und verfiel immer mehr.<b>1989<\/b> trafen sich engagierte Mettmanner zur Gr\u00fcndung eines Initiativkreises Goldberger M\u00fchle, der noch heute unter dem Namen &#8222;Goldberger M\u00fchle e.V. Mettmann&#8220; existiert. Zweck des Vereines ist die Unterhaltung und&nbsp; Nutzung der Goldberger M\u00fchle in Mettmann als St\u00e4tte f\u00fcr kulturelle Veranstaltungen und als Ort gesellschaftlicher Begegnung.<\/p>\n<p class=\"eingerueckt40\">Wichtigstes Ziel ist jedoch, die erstmals im Jahr 1450 erw\u00e4hnte M\u00fchle als Stadtbild pr\u00e4gendes historisches Baudenkmal mit einem Originalmahlwerk als technisches Denkmal zu erhalten.&nbsp;Die Stadt Mettmann hat <b>1998<\/b> dem M\u00fchlenverein das Erbbaurecht an der Goldberger M\u00fchle \u00fcbertragen.<\/p>\n<p class=\"eingerueckt40\">Eine aufwendige und spektakul\u00e4re Renovierung der M\u00fchle begann.<\/p>\n<p class=\"eingerueckt40\"><b>Heute<\/b> erstrahlt die Goldberger M\u00fchle im neuen Glanz. Inmitten des Stadtwaldes mit Goldberger Teich und Wanderwegen dient sie heute verschiedenen Zwecken.<\/p>\n<p class=\"eingerueckt40\">Die M\u00fchle ist als historisches Baudenkmal zu besichtigen. Mit einem gewissen Museumscharakter jedoch steht sie auch f\u00fcr Empf\u00e4nge, Ehrungen, Kulturveranstaltungen, Treffen von Vereinen und Gruppen sowie Familienfeiern offen. Das Kellergew\u00f6lbe ist als Backraum und als Weinstube, Feierraum u.s.w. gleicherma\u00dfen nutzbar.<\/p>\n<p>Weitere Informationen findet man im Internet unter <a href=\"http:\/\/www.goldberger-muehle.de\" target=\"_blank\" rel=\"noopener\">www.goldberger-muehle.de<\/a><\/p>\n<h3>Bildergalerie<\/h3>\n<div id='gallery-1' class='gallery galleryid-10213 gallery-columns-6 gallery-size-thumbnail'><dl class='gallery-item'>\n\t\t\t<dt class='gallery-icon landscape'>\n\t\t\t\t<a href='https:\/\/www.mettmann.de\/web\/wp-content\/uploads\/2021\/01\/goldberger-muehle-mettmann-12.jpg'><img loading=\"lazy\" decoding=\"async\" width=\"90\" height=\"90\" src=\"https:\/\/www.mettmann.de\/web\/wp-content\/uploads\/2021\/01\/goldberger-muehle-mettmann-12-90x90.jpg\" class=\"attachment-thumbnail size-thumbnail\" alt=\"\" \/><\/a>\n\t\t\t<\/dt><\/dl><dl class='gallery-item'>\n\t\t\t<dt class='gallery-icon landscape'>\n\t\t\t\t<a href='https:\/\/www.mettmann.de\/web\/wp-content\/uploads\/2021\/01\/goldberger-muehle-mettmann-11.jpg'><img loading=\"lazy\" decoding=\"async\" width=\"90\" height=\"90\" src=\"https:\/\/www.mettmann.de\/web\/wp-content\/uploads\/2021\/01\/goldberger-muehle-mettmann-11-90x90.jpg\" class=\"attachment-thumbnail size-thumbnail\" alt=\"\" \/><\/a>\n\t\t\t<\/dt><\/dl><dl class='gallery-item'>\n\t\t\t<dt class='gallery-icon landscape'>\n\t\t\t\t<a href='https:\/\/www.mettmann.de\/web\/wp-content\/uploads\/2021\/01\/goldberger-muehle-mettmann-10.jpg'><img loading=\"lazy\" decoding=\"async\" width=\"90\" height=\"90\" src=\"https:\/\/www.mettmann.de\/web\/wp-content\/uploads\/2021\/01\/goldberger-muehle-mettmann-10-90x90.jpg\" class=\"attachment-thumbnail size-thumbnail\" alt=\"\" \/><\/a>\n\t\t\t<\/dt><\/dl><dl class='gallery-item'>\n\t\t\t<dt class='gallery-icon landscape'>\n\t\t\t\t<a href='https:\/\/www.mettmann.de\/web\/wp-content\/uploads\/2021\/01\/goldberger-muehle-mettmann-09.jpg'><img loading=\"lazy\" decoding=\"async\" width=\"90\" height=\"90\" src=\"https:\/\/www.mettmann.de\/web\/wp-content\/uploads\/2021\/01\/goldberger-muehle-mettmann-09-90x90.jpg\" class=\"attachment-thumbnail size-thumbnail\" alt=\"Die Goldberger M\u00fchle\" aria-describedby=\"gallery-1-10224\" \/><\/a>\n\t\t\t<\/dt>\n\t\t\t\t<dd class='wp-caption-text gallery-caption' id='gallery-1-10224'>\n\t\t\t\tAm 3. Mai wird wieder in und rund um die M\u00fchle gefeiert. (Archivfoto: Kreisstadt Mettmann)\n\t\t\t\t<\/dd><\/dl><dl class='gallery-item'>\n\t\t\t<dt class='gallery-icon landscape'>\n\t\t\t\t<a href='https:\/\/www.mettmann.de\/web\/wp-content\/uploads\/2021\/01\/goldberger-muehle-mettmann-08.jpg'><img loading=\"lazy\" decoding=\"async\" width=\"90\" height=\"90\" src=\"https:\/\/www.mettmann.de\/web\/wp-content\/uploads\/2021\/01\/goldberger-muehle-mettmann-08-90x90.jpg\" class=\"attachment-thumbnail size-thumbnail\" alt=\"\" \/><\/a>\n\t\t\t<\/dt><\/dl><dl class='gallery-item'>\n\t\t\t<dt class='gallery-icon landscape'>\n\t\t\t\t<a href='https:\/\/www.mettmann.de\/web\/wp-content\/uploads\/2021\/01\/goldberger-muehle-mettmann-07.jpg'><img loading=\"lazy\" decoding=\"async\" width=\"90\" height=\"90\" src=\"https:\/\/www.mettmann.de\/web\/wp-content\/uploads\/2021\/01\/goldberger-muehle-mettmann-07-90x90.jpg\" class=\"attachment-thumbnail size-thumbnail\" alt=\"\" \/><\/a>\n\t\t\t<\/dt><\/dl><br style=\"clear: both\" \/><dl class='gallery-item'>\n\t\t\t<dt class='gallery-icon landscape'>\n\t\t\t\t<a href='https:\/\/www.mettmann.de\/web\/wp-content\/uploads\/2021\/01\/goldberger-muehle-mettmann-06.jpg'><img loading=\"lazy\" decoding=\"async\" width=\"90\" height=\"90\" src=\"https:\/\/www.mettmann.de\/web\/wp-content\/uploads\/2021\/01\/goldberger-muehle-mettmann-06-90x90.jpg\" class=\"attachment-thumbnail size-thumbnail\" alt=\"\" \/><\/a>\n\t\t\t<\/dt><\/dl><dl class='gallery-item'>\n\t\t\t<dt class='gallery-icon landscape'>\n\t\t\t\t<a href='https:\/\/www.mettmann.de\/web\/wp-content\/uploads\/2021\/01\/goldberger-muehle-mettmann-05.jpg'><img loading=\"lazy\" decoding=\"async\" width=\"90\" height=\"90\" src=\"https:\/\/www.mettmann.de\/web\/wp-content\/uploads\/2021\/01\/goldberger-muehle-mettmann-05-90x90.jpg\" class=\"attachment-thumbnail size-thumbnail\" alt=\"\" \/><\/a>\n\t\t\t<\/dt><\/dl><dl class='gallery-item'>\n\t\t\t<dt class='gallery-icon landscape'>\n\t\t\t\t<a href='https:\/\/www.mettmann.de\/web\/wp-content\/uploads\/2021\/01\/goldberger-muehle-mettmann-04.jpg'><img loading=\"lazy\" decoding=\"async\" width=\"90\" height=\"90\" src=\"https:\/\/www.mettmann.de\/web\/wp-content\/uploads\/2021\/01\/goldberger-muehle-mettmann-04-90x90.jpg\" class=\"attachment-thumbnail size-thumbnail\" alt=\"\" \/><\/a>\n\t\t\t<\/dt><\/dl><dl class='gallery-item'>\n\t\t\t<dt class='gallery-icon landscape'>\n\t\t\t\t<a href='https:\/\/www.mettmann.de\/web\/wp-content\/uploads\/2021\/01\/goldberger-muehle-mettmann-03.jpg'><img loading=\"lazy\" decoding=\"async\" width=\"90\" height=\"90\" src=\"https:\/\/www.mettmann.de\/web\/wp-content\/uploads\/2021\/01\/goldberger-muehle-mettmann-03-90x90.jpg\" class=\"attachment-thumbnail size-thumbnail\" alt=\"\" \/><\/a>\n\t\t\t<\/dt><\/dl><dl class='gallery-item'>\n\t\t\t<dt class='gallery-icon landscape'>\n\t\t\t\t<a href='https:\/\/www.mettmann.de\/web\/wp-content\/uploads\/2021\/01\/goldberger-muehle-mettmann-02.jpg'><img loading=\"lazy\" decoding=\"async\" width=\"90\" height=\"90\" src=\"https:\/\/www.mettmann.de\/web\/wp-content\/uploads\/2021\/01\/goldberger-muehle-mettmann-02-90x90.jpg\" class=\"attachment-thumbnail size-thumbnail\" alt=\"\" aria-describedby=\"gallery-1-10217\" \/><\/a>\n\t\t\t<\/dt>\n\t\t\t\t<dd class='wp-caption-text gallery-caption' id='gallery-1-10217'>\n\t\t\t\tDer Goldberger Teich hat f\u00fcr die Stadt eine wichtige Funktion. Bei dem Teich handelt es sich n\u00e4mlich um ein Hochwasserr\u00fcckhaltebecken. (Archivfoto: Kreisstadt Mettmann)\n\t\t\t\t<\/dd><\/dl><dl class='gallery-item'>\n\t\t\t<dt class='gallery-icon landscape'>\n\t\t\t\t<a href='https:\/\/www.mettmann.de\/web\/wp-content\/uploads\/2021\/01\/goldberger-muehle-mettmann-01.jpg'><img loading=\"lazy\" decoding=\"async\" width=\"90\" height=\"90\" src=\"https:\/\/www.mettmann.de\/web\/wp-content\/uploads\/2021\/01\/goldberger-muehle-mettmann-01-90x90.jpg\" class=\"attachment-thumbnail size-thumbnail\" alt=\"\" \/><\/a>\n\t\t\t<\/dt><\/dl><br style=\"clear: both\" \/>\n\t\t<\/div>\n\n<h3>\u00d6ffnungszeiten<\/h3>\n<p>Die Goldberger M\u00fchle kann nur nach vorheriger Terminabsprache besichtigt werden. Es finden aber regelm\u00e4\u00dfig Veranstaltungen statt (z.B. Tag des offenen Denkmals), an denen die M\u00fchle kostenlos besichtigt werden kann.<\/p>\n<h3>Kontakt<\/h3>\n<p>zz. nur per E-Mail: <a href=\"mailto:vorstand@goldberger-muehle.de\">vorstand@goldberger-muehle.de<\/a><\/p>\n<p>&nbsp;<\/p>\n","protected":false},"excerpt":{"rendered":"<p>Eines der \u00e4ltesten und sch\u00f6nsten Geb\u00e4ude Mettmanns ist die Goldberger M\u00fchle. Urkundlich erstmalig erw\u00e4hnt wurde diese M\u00fchle bereits um 1450 als Herzog Gerhard sie an Ritter Ulrich von Mentzingen verpf\u00e4ndete. Im Jahr 1541 l\u00f6ste Herzog&#8230;<\/p>\n","protected":false},"author":1,"featured_media":602,"parent":10023,"menu_order":5,"comment_status":"closed","ping_status":"closed","template":"","meta":{"ngg_post_thumbnail":0,"footnotes":""},"class_list":["post-10213","page","type-page","status-publish","has-post-thumbnail","hentry"],"yoast_head":"<!-- This site is optimized with the Yoast SEO plugin v27.2 - https:\/\/yoast.com\/product\/yoast-seo-wordpress\/ -->\n<title>Goldberger M\u00fchle | Stadtverwaltung Mettmann<\/title>\n<meta name=\"robots\" content=\"index, follow, max-snippet:-1, max-image-preview:large, max-video-preview:-1\" \/>\n<link rel=\"canonical\" href=\"https:\/\/www.mettmann.de\/web\/stadtportrait-infos\/gebaeude-denkmaeler-skulpturen\/goldberger-muehle\/\" \/>\n<meta property=\"og:locale\" content=\"de_DE\" \/>\n<meta property=\"og:type\" content=\"article\" \/>\n<meta property=\"og:title\" content=\"Goldberger M\u00fchle | Stadtverwaltung Mettmann\" \/>\n<meta property=\"og:description\" content=\"Eines der \u00e4ltesten und sch\u00f6nsten Geb\u00e4ude Mettmanns ist die Goldberger M\u00fchle. Urkundlich erstmalig erw\u00e4hnt wurde diese M\u00fchle bereits um 1450 als Herzog Gerhard sie an Ritter Ulrich von Mentzingen verpf\u00e4ndete. Im Jahr 1541 l\u00f6ste Herzog...\" \/>\n<meta property=\"og:url\" content=\"https:\/\/www.mettmann.de\/web\/stadtportrait-infos\/gebaeude-denkmaeler-skulpturen\/goldberger-muehle\/\" \/>\n<meta property=\"og:site_name\" content=\"Stadtverwaltung Mettmann\" \/>\n<meta property=\"article:publisher\" content=\"https:\/\/www.facebook.com\/kreisstadt.mettmann\" \/>\n<meta property=\"article:modified_time\" content=\"2024-01-18T07:57:26+00:00\" \/>\n<meta property=\"og:image\" content=\"https:\/\/www.mettmann.de\/web\/wp-content\/uploads\/2019\/08\/06_Goldberger-M\u00fchle-1024x768.jpg\" \/>\n\t<meta property=\"og:image:width\" content=\"1024\" \/>\n\t<meta property=\"og:image:height\" content=\"768\" \/>\n\t<meta property=\"og:image:type\" content=\"image\/jpeg\" \/>\n<meta name=\"twitter:card\" content=\"summary_large_image\" \/>\n<meta name=\"twitter:label1\" content=\"Gesch\u00e4tzte Lesezeit\" \/>\n\t<meta name=\"twitter:data1\" content=\"2\u00a0Minuten\" \/>\n<script type=\"application\/ld+json\" class=\"yoast-schema-graph\">{\"@context\":\"https:\/\/schema.org\",\"@graph\":[{\"@type\":\"WebPage\",\"@id\":\"https:\/\/www.mettmann.de\/web\/stadtportrait-infos\/gebaeude-denkmaeler-skulpturen\/goldberger-muehle\/\",\"url\":\"https:\/\/www.mettmann.de\/web\/stadtportrait-infos\/gebaeude-denkmaeler-skulpturen\/goldberger-muehle\/\",\"name\":\"Goldberger M\u00fchle | Stadtverwaltung Mettmann\",\"isPartOf\":{\"@id\":\"https:\/\/www.mettmann.de\/web\/#website\"},\"primaryImageOfPage\":{\"@id\":\"https:\/\/www.mettmann.de\/web\/stadtportrait-infos\/gebaeude-denkmaeler-skulpturen\/goldberger-muehle\/#primaryimage\"},\"image\":{\"@id\":\"https:\/\/www.mettmann.de\/web\/stadtportrait-infos\/gebaeude-denkmaeler-skulpturen\/goldberger-muehle\/#primaryimage\"},\"thumbnailUrl\":\"https:\/\/www.mettmann.de\/web\/wp-content\/uploads\/2019\/08\/06_Goldberger-M\u00fchle.jpg\",\"datePublished\":\"2021-01-26T13:41:53+00:00\",\"dateModified\":\"2024-01-18T07:57:26+00:00\",\"breadcrumb\":{\"@id\":\"https:\/\/www.mettmann.de\/web\/stadtportrait-infos\/gebaeude-denkmaeler-skulpturen\/goldberger-muehle\/#breadcrumb\"},\"inLanguage\":\"de\",\"potentialAction\":[{\"@type\":\"ReadAction\",\"target\":[\"https:\/\/www.mettmann.de\/web\/stadtportrait-infos\/gebaeude-denkmaeler-skulpturen\/goldberger-muehle\/\"]}]},{\"@type\":\"ImageObject\",\"inLanguage\":\"de\",\"@id\":\"https:\/\/www.mettmann.de\/web\/stadtportrait-infos\/gebaeude-denkmaeler-skulpturen\/goldberger-muehle\/#primaryimage\",\"url\":\"https:\/\/www.mettmann.de\/web\/wp-content\/uploads\/2019\/08\/06_Goldberger-M\u00fchle.jpg\",\"contentUrl\":\"https:\/\/www.mettmann.de\/web\/wp-content\/uploads\/2019\/08\/06_Goldberger-M\u00fchle.jpg\",\"width\":2048,\"height\":1536,\"caption\":\"Die Goldberger M\u00fchle ist eines der \u00e4ltesten Geb\u00e4ude in der Stadt. (Archivfoto: Kreisstadt Mettmann)\"},{\"@type\":\"BreadcrumbList\",\"@id\":\"https:\/\/www.mettmann.de\/web\/stadtportrait-infos\/gebaeude-denkmaeler-skulpturen\/goldberger-muehle\/#breadcrumb\",\"itemListElement\":[{\"@type\":\"ListItem\",\"position\":1,\"name\":\"Startseite\",\"item\":\"https:\/\/www.mettmann.de\/web\/\"},{\"@type\":\"ListItem\",\"position\":2,\"name\":\"Stadtportrait &#038; Infos\",\"item\":\"https:\/\/www.mettmann.de\/web\/stadtportrait-infos\/\"},{\"@type\":\"ListItem\",\"position\":3,\"name\":\"Geb\u00e4ude, Denkm\u00e4ler &#038; Skulpturen\",\"item\":\"https:\/\/www.mettmann.de\/web\/stadtportrait-infos\/gebaeude-denkmaeler-skulpturen\/\"},{\"@type\":\"ListItem\",\"position\":4,\"name\":\"Goldberger M\u00fchle\"}]},{\"@type\":\"WebSite\",\"@id\":\"https:\/\/www.mettmann.de\/web\/#website\",\"url\":\"https:\/\/www.mettmann.de\/web\/\",\"name\":\"Stadtverwaltung Mettmann\",\"description\":\"Internetseite der Kreisstadt Mettmann\",\"publisher\":{\"@id\":\"https:\/\/www.mettmann.de\/web\/#organization\"},\"potentialAction\":[{\"@type\":\"SearchAction\",\"target\":{\"@type\":\"EntryPoint\",\"urlTemplate\":\"https:\/\/www.mettmann.de\/web\/?s={search_term_string}\"},\"query-input\":{\"@type\":\"PropertyValueSpecification\",\"valueRequired\":true,\"valueName\":\"search_term_string\"}}],\"inLanguage\":\"de\"},{\"@type\":\"Organization\",\"@id\":\"https:\/\/www.mettmann.de\/web\/#organization\",\"name\":\"Kreisstadt Mettmann\",\"url\":\"https:\/\/www.mettmann.de\/web\/\",\"logo\":{\"@type\":\"ImageObject\",\"inLanguage\":\"de\",\"@id\":\"https:\/\/www.mettmann.de\/web\/#\/schema\/logo\/image\/\",\"url\":\"https:\/\/www.mettmann.de\/web\/wp-content\/uploads\/2019\/08\/Kreisstadt_Mettmann_Logo_RGB_150dpi.png\",\"contentUrl\":\"https:\/\/www.mettmann.de\/web\/wp-content\/uploads\/2019\/08\/Kreisstadt_Mettmann_Logo_RGB_150dpi.png\",\"width\":1302,\"height\":191,\"caption\":\"Kreisstadt Mettmann\"},\"image\":{\"@id\":\"https:\/\/www.mettmann.de\/web\/#\/schema\/logo\/image\/\"},\"sameAs\":[\"https:\/\/www.facebook.com\/kreisstadt.mettmann\",\"https:\/\/de.wikipedia.org\/wiki\/Mettmann\"]}]}<\/script>\n<!-- \/ Yoast SEO plugin. -->","yoast_head_json":{"title":"Goldberger M\u00fchle | Stadtverwaltung Mettmann","robots":{"index":"index","follow":"follow","max-snippet":"max-snippet:-1","max-image-preview":"max-image-preview:large","max-video-preview":"max-video-preview:-1"},"canonical":"https:\/\/www.mettmann.de\/web\/stadtportrait-infos\/gebaeude-denkmaeler-skulpturen\/goldberger-muehle\/","og_locale":"de_DE","og_type":"article","og_title":"Goldberger M\u00fchle | Stadtverwaltung Mettmann","og_description":"Eines der \u00e4ltesten und sch\u00f6nsten Geb\u00e4ude Mettmanns ist die Goldberger M\u00fchle. Urkundlich erstmalig erw\u00e4hnt wurde diese M\u00fchle bereits um 1450 als Herzog Gerhard sie an Ritter Ulrich von Mentzingen verpf\u00e4ndete. Im Jahr 1541 l\u00f6ste Herzog...","og_url":"https:\/\/www.mettmann.de\/web\/stadtportrait-infos\/gebaeude-denkmaeler-skulpturen\/goldberger-muehle\/","og_site_name":"Stadtverwaltung Mettmann","article_publisher":"https:\/\/www.facebook.com\/kreisstadt.mettmann","article_modified_time":"2024-01-18T07:57:26+00:00","og_image":[{"width":1024,"height":768,"url":"https:\/\/www.mettmann.de\/web\/wp-content\/uploads\/2019\/08\/06_Goldberger-M\u00fchle-1024x768.jpg","type":"image\/jpeg"}],"twitter_card":"summary_large_image","twitter_misc":{"Gesch\u00e4tzte Lesezeit":"2\u00a0Minuten"},"schema":{"@context":"https:\/\/schema.org","@graph":[{"@type":"WebPage","@id":"https:\/\/www.mettmann.de\/web\/stadtportrait-infos\/gebaeude-denkmaeler-skulpturen\/goldberger-muehle\/","url":"https:\/\/www.mettmann.de\/web\/stadtportrait-infos\/gebaeude-denkmaeler-skulpturen\/goldberger-muehle\/","name":"Goldberger M\u00fchle | Stadtverwaltung Mettmann","isPartOf":{"@id":"https:\/\/www.mettmann.de\/web\/#website"},"primaryImageOfPage":{"@id":"https:\/\/www.mettmann.de\/web\/stadtportrait-infos\/gebaeude-denkmaeler-skulpturen\/goldberger-muehle\/#primaryimage"},"image":{"@id":"https:\/\/www.mettmann.de\/web\/stadtportrait-infos\/gebaeude-denkmaeler-skulpturen\/goldberger-muehle\/#primaryimage"},"thumbnailUrl":"https:\/\/www.mettmann.de\/web\/wp-content\/uploads\/2019\/08\/06_Goldberger-M\u00fchle.jpg","datePublished":"2021-01-26T13:41:53+00:00","dateModified":"2024-01-18T07:57:26+00:00","breadcrumb":{"@id":"https:\/\/www.mettmann.de\/web\/stadtportrait-infos\/gebaeude-denkmaeler-skulpturen\/goldberger-muehle\/#breadcrumb"},"inLanguage":"de","potentialAction":[{"@type":"ReadAction","target":["https:\/\/www.mettmann.de\/web\/stadtportrait-infos\/gebaeude-denkmaeler-skulpturen\/goldberger-muehle\/"]}]},{"@type":"ImageObject","inLanguage":"de","@id":"https:\/\/www.mettmann.de\/web\/stadtportrait-infos\/gebaeude-denkmaeler-skulpturen\/goldberger-muehle\/#primaryimage","url":"https:\/\/www.mettmann.de\/web\/wp-content\/uploads\/2019\/08\/06_Goldberger-M\u00fchle.jpg","contentUrl":"https:\/\/www.mettmann.de\/web\/wp-content\/uploads\/2019\/08\/06_Goldberger-M\u00fchle.jpg","width":2048,"height":1536,"caption":"Die Goldberger M\u00fchle ist eines der \u00e4ltesten Geb\u00e4ude in der Stadt. (Archivfoto: Kreisstadt Mettmann)"},{"@type":"BreadcrumbList","@id":"https:\/\/www.mettmann.de\/web\/stadtportrait-infos\/gebaeude-denkmaeler-skulpturen\/goldberger-muehle\/#breadcrumb","itemListElement":[{"@type":"ListItem","position":1,"name":"Startseite","item":"https:\/\/www.mettmann.de\/web\/"},{"@type":"ListItem","position":2,"name":"Stadtportrait &#038; Infos","item":"https:\/\/www.mettmann.de\/web\/stadtportrait-infos\/"},{"@type":"ListItem","position":3,"name":"Geb\u00e4ude, Denkm\u00e4ler &#038; Skulpturen","item":"https:\/\/www.mettmann.de\/web\/stadtportrait-infos\/gebaeude-denkmaeler-skulpturen\/"},{"@type":"ListItem","position":4,"name":"Goldberger M\u00fchle"}]},{"@type":"WebSite","@id":"https:\/\/www.mettmann.de\/web\/#website","url":"https:\/\/www.mettmann.de\/web\/","name":"Stadtverwaltung Mettmann","description":"Internetseite der Kreisstadt Mettmann","publisher":{"@id":"https:\/\/www.mettmann.de\/web\/#organization"},"potentialAction":[{"@type":"SearchAction","target":{"@type":"EntryPoint","urlTemplate":"https:\/\/www.mettmann.de\/web\/?s={search_term_string}"},"query-input":{"@type":"PropertyValueSpecification","valueRequired":true,"valueName":"search_term_string"}}],"inLanguage":"de"},{"@type":"Organization","@id":"https:\/\/www.mettmann.de\/web\/#organization","name":"Kreisstadt Mettmann","url":"https:\/\/www.mettmann.de\/web\/","logo":{"@type":"ImageObject","inLanguage":"de","@id":"https:\/\/www.mettmann.de\/web\/#\/schema\/logo\/image\/","url":"https:\/\/www.mettmann.de\/web\/wp-content\/uploads\/2019\/08\/Kreisstadt_Mettmann_Logo_RGB_150dpi.png","contentUrl":"https:\/\/www.mettmann.de\/web\/wp-content\/uploads\/2019\/08\/Kreisstadt_Mettmann_Logo_RGB_150dpi.png","width":1302,"height":191,"caption":"Kreisstadt Mettmann"},"image":{"@id":"https:\/\/www.mettmann.de\/web\/#\/schema\/logo\/image\/"},"sameAs":["https:\/\/www.facebook.com\/kreisstadt.mettmann","https:\/\/de.wikipedia.org\/wiki\/Mettmann"]}]}},"_links":{"self":[{"href":"https:\/\/www.mettmann.de\/web\/wp-json\/wp\/v2\/pages\/10213","targetHints":{"allow":["GET"]}}],"collection":[{"href":"https:\/\/www.mettmann.de\/web\/wp-json\/wp\/v2\/pages"}],"about":[{"href":"https:\/\/www.mettmann.de\/web\/wp-json\/wp\/v2\/types\/page"}],"author":[{"embeddable":true,"href":"https:\/\/www.mettmann.de\/web\/wp-json\/wp\/v2\/users\/1"}],"replies":[{"embeddable":true,"href":"https:\/\/www.mettmann.de\/web\/wp-json\/wp\/v2\/comments?post=10213"}],"version-history":[{"count":5,"href":"https:\/\/www.mettmann.de\/web\/wp-json\/wp\/v2\/pages\/10213\/revisions"}],"predecessor-version":[{"id":36159,"href":"https:\/\/www.mettmann.de\/web\/wp-json\/wp\/v2\/pages\/10213\/revisions\/36159"}],"up":[{"embeddable":true,"href":"https:\/\/www.mettmann.de\/web\/wp-json\/wp\/v2\/pages\/10023"}],"wp:featuredmedia":[{"embeddable":true,"href":"https:\/\/www.mettmann.de\/web\/wp-json\/wp\/v2\/media\/602"}],"wp:attachment":[{"href":"https:\/\/www.mettmann.de\/web\/wp-json\/wp\/v2\/media?parent=10213"}],"curies":[{"name":"wp","href":"https:\/\/api.w.org\/{rel}","templated":true}]}}