{"id":10231,"date":"2021-01-26T15:08:31","date_gmt":"2021-01-26T14:08:31","guid":{"rendered":"https:\/\/www.mettmann.de\/web\/?page_id=10231"},"modified":"2021-01-26T15:13:39","modified_gmt":"2021-01-26T14:13:39","slug":"winkelsmuehle-im-neandertal","status":"publish","type":"page","link":"https:\/\/www.mettmann.de\/web\/stadtportrait-infos\/gebaeude-denkmaeler-skulpturen\/winkelsmuehle-im-neandertal\/","title":{"rendered":"Winkelsm\u00fchle im Neandertal"},"content":{"rendered":"<table style=\"background-color: #fff;\" width=\"100%\" cellspacing=\"5\">\n<tbody>\n<tr style=\"background-color: #fff;\">\n<td style=\"border: 0px;\"><a href=\"https:\/\/www.mettmann.de\/web\/wp-content\/uploads\/2021\/01\/winkelsmuehle-neandertal-mettmann-01.jpg\"><img loading=\"lazy\" decoding=\"async\" class=\"alignnone size-full wp-image-10232\" src=\"https:\/\/www.mettmann.de\/web\/wp-content\/uploads\/2021\/01\/winkelsmuehle-neandertal-mettmann-01.jpg\" alt=\"\" width=\"2048\" height=\"1152\" srcset=\"https:\/\/www.mettmann.de\/web\/wp-content\/uploads\/2021\/01\/winkelsmuehle-neandertal-mettmann-01.jpg 2048w, https:\/\/www.mettmann.de\/web\/wp-content\/uploads\/2021\/01\/winkelsmuehle-neandertal-mettmann-01-300x169.jpg 300w, https:\/\/www.mettmann.de\/web\/wp-content\/uploads\/2021\/01\/winkelsmuehle-neandertal-mettmann-01-1024x576.jpg 1024w, https:\/\/www.mettmann.de\/web\/wp-content\/uploads\/2021\/01\/winkelsmuehle-neandertal-mettmann-01-768x432.jpg 768w, https:\/\/www.mettmann.de\/web\/wp-content\/uploads\/2021\/01\/winkelsmuehle-neandertal-mettmann-01-1536x864.jpg 1536w, https:\/\/www.mettmann.de\/web\/wp-content\/uploads\/2021\/01\/winkelsmuehle-neandertal-mettmann-01-777x437.jpg 777w, https:\/\/www.mettmann.de\/web\/wp-content\/uploads\/2021\/01\/winkelsmuehle-neandertal-mettmann-01-260x146.jpg 260w, https:\/\/www.mettmann.de\/web\/wp-content\/uploads\/2021\/01\/winkelsmuehle-neandertal-mettmann-01-120x67.jpg 120w\" sizes=\"auto, (max-width: 2048px) 100vw, 2048px\" \/><\/a><\/td>\n<td style=\"border: 0px;\"><a href=\"https:\/\/www.mettmann.de\/web\/wp-content\/uploads\/2021\/01\/winkelsmuehle-neandertal-mettmann-02.jpg\"><img loading=\"lazy\" decoding=\"async\" class=\"alignnone size-full wp-image-10233\" src=\"https:\/\/www.mettmann.de\/web\/wp-content\/uploads\/2021\/01\/winkelsmuehle-neandertal-mettmann-02.jpg\" alt=\"\" width=\"2048\" height=\"1152\" srcset=\"https:\/\/www.mettmann.de\/web\/wp-content\/uploads\/2021\/01\/winkelsmuehle-neandertal-mettmann-02.jpg 2048w, https:\/\/www.mettmann.de\/web\/wp-content\/uploads\/2021\/01\/winkelsmuehle-neandertal-mettmann-02-300x169.jpg 300w, https:\/\/www.mettmann.de\/web\/wp-content\/uploads\/2021\/01\/winkelsmuehle-neandertal-mettmann-02-1024x576.jpg 1024w, https:\/\/www.mettmann.de\/web\/wp-content\/uploads\/2021\/01\/winkelsmuehle-neandertal-mettmann-02-768x432.jpg 768w, https:\/\/www.mettmann.de\/web\/wp-content\/uploads\/2021\/01\/winkelsmuehle-neandertal-mettmann-02-1536x864.jpg 1536w, https:\/\/www.mettmann.de\/web\/wp-content\/uploads\/2021\/01\/winkelsmuehle-neandertal-mettmann-02-777x437.jpg 777w, https:\/\/www.mettmann.de\/web\/wp-content\/uploads\/2021\/01\/winkelsmuehle-neandertal-mettmann-02-260x146.jpg 260w, https:\/\/www.mettmann.de\/web\/wp-content\/uploads\/2021\/01\/winkelsmuehle-neandertal-mettmann-02-120x67.jpg 120w\" sizes=\"auto, (max-width: 2048px) 100vw, 2048px\" \/><\/a><\/td>\n<\/tr>\n<\/tbody>\n<\/table>\n<p class=\"eingerueckt40\">Am linken Ufer der D\u00fcssel, 350 m westlich des Hofes Thunis und 320 m s\u00fcdwestlich des Hofes Winkel, steht die seit 1483 urkundlich genannte Winkelsm\u00fchle.<\/p>\n<p class=\"eingerueckt40\">Das M\u00fchlengeb\u00e4ude liegt direkt unterhalb einer vorspringenden Felswand, an der Nordseite des Tales. Der ehemalige Obergraben und heutige Verlauf der D\u00fcssel wurde in den anstehenden Kalkstein hineingehauen. Das bestehende Wehr ist modern \u00fcberarbeitet. Reste des alten D\u00fcssellaufes finden sich auf der Prallhangseite, der s\u00fcdlichen und westlichen Talseite, in Form eines Teiches.<\/p>\n<p class=\"eingerueckt40\">Bei dem M\u00fchlengeb\u00e4ude handelt es sich um ein dreigeschossiges Bruchsteinhaus mit einem zweigeschossigen Anbau an der linken Seite. Dieser Teil ist nur im Erdgeschoss aus Bruchstein gearbeitet, das Obergeschoss besteht aus Fachwerk. Die gegen\u00fcberliegenden Wirtschaftsgeb\u00e4ude sind modern.<\/p>\n<p class=\"eingerueckt40\">Nach einem Brand wurde das M\u00fchlengeb\u00e4ude 1971 umfassend renoviert. Ein weiterer Umbau erfolgte 1996.<\/p>\n<p class=\"eingerueckt40\">In seiner \u00fcber 600-j\u00e4hrigen Geschichte hat die Winkelsm\u00fchle manche bauliche Ver\u00e4nderung erfahren, die sich auch in arch\u00e4ologischen Zeugnissen wiederfinden lassen. 1387 wird sie erstmals urkundlich erw\u00e4hnt, in einer Liste der Zehntabgaben, die an das Stift Kaiserswerth gehen. 100 Jahre sp\u00e4ter erh\u00e4lt die M\u00fchle durch den Herzog die Mahlrechte verliehen. Diese Regelung wurde durch Herzog Wilhelm III von J\u00fclich-Berg 1547 aufs Neue best\u00e4tigt. Unter den Kriegswirren des 17. Jahrhunderts hat die Winkelsm\u00fchle stark gelitten. In einem Bericht von 1672 wird beschrieben, dass das Wohngeb\u00e4ude abgebrannt ist, die Scheune zusammengefallen und die M\u00fchle selbst nicht mehr genutzt werden k\u00f6nne.<\/p>\n<p class=\"eingerueckt40\">\u00dcbrigens: In den 1930er Jahren diente der Teich als Natur-Strandbad, wie auf dem Bild des Stadtarchivs zu sehen ist.<\/p>\n<p><a href=\"https:\/\/www.mettmann.de\/web\/wp-content\/uploads\/2021\/01\/natur-strandbad-winkelsmuehle-1935.jpg\"><img loading=\"lazy\" decoding=\"async\" class=\"alignright size-medium wp-image-10235\" src=\"https:\/\/www.mettmann.de\/web\/wp-content\/uploads\/2021\/01\/natur-strandbad-winkelsmuehle-1935-300x198.jpg\" alt=\"Strandbad Winkelm\u00fchle\" width=\"300\" height=\"198\" srcset=\"https:\/\/www.mettmann.de\/web\/wp-content\/uploads\/2021\/01\/natur-strandbad-winkelsmuehle-1935-300x198.jpg 300w, https:\/\/www.mettmann.de\/web\/wp-content\/uploads\/2021\/01\/natur-strandbad-winkelsmuehle-1935.jpg 600w\" sizes=\"auto, (max-width: 300px) 100vw, 300px\" \/><\/a>Als der Mahlzwang mit der franz\u00f6sischen Zeit wegfiel, war die M\u00fchle nicht mehr wirtschaftlich zu betreiben. Notwendige Reparaturen konnten nicht geleistet werden, die M\u00fchle wurde daraufhin 1802 versteigert.<\/p>\n<p class=\"eingerueckt40\">Auf historischen Karten wird die Winkelsm\u00fchle wiederholt dargestellt. U.a. auf der Unterbacher Jagdkarte von 1641 und der M\u00fcffling-Karte aus dem Jahre 1824.<\/p>\n<p class=\"eingerueckt40\">Die Winkelsm\u00fchle und die im Untergrund nachzuweisenden arch\u00e4ologischen Zeugnisse in Form von Mauerfundamenten und Gebrauchsgegenst\u00e4nden sind bedeutend f\u00fcr die Industriegeschichte des niederbergischen H\u00fcgellandes, des D\u00fcsseltales und der Stadt Mettmann.<\/p>\n<p><span style=\"font-size: 8pt;\">Fotos: Kreisstadt Mettmann<\/span><\/p>\n","protected":false},"excerpt":{"rendered":"<p>Am linken Ufer der D\u00fcssel, 350 m westlich des Hofes Thunis und 320 m s\u00fcdwestlich des Hofes Winkel, steht die seit 1483 urkundlich genannte Winkelsm\u00fchle. Das M\u00fchlengeb\u00e4ude liegt direkt unterhalb einer vorspringenden Felswand, an der&#8230;<\/p>\n","protected":false},"author":1,"featured_media":10232,"parent":10023,"menu_order":6,"comment_status":"closed","ping_status":"closed","template":"","meta":{"ngg_post_thumbnail":0,"footnotes":""},"class_list":["post-10231","page","type-page","status-publish","has-post-thumbnail","hentry"],"yoast_head":"<!-- This site is optimized with the Yoast SEO plugin v27.2 - https:\/\/yoast.com\/product\/yoast-seo-wordpress\/ -->\n<title>Winkelsm\u00fchle im Neandertal | Stadtverwaltung Mettmann<\/title>\n<meta name=\"robots\" content=\"index, follow, max-snippet:-1, max-image-preview:large, max-video-preview:-1\" \/>\n<link rel=\"canonical\" href=\"https:\/\/www.mettmann.de\/web\/stadtportrait-infos\/gebaeude-denkmaeler-skulpturen\/winkelsmuehle-im-neandertal\/\" \/>\n<meta property=\"og:locale\" content=\"de_DE\" \/>\n<meta property=\"og:type\" content=\"article\" \/>\n<meta property=\"og:title\" content=\"Winkelsm\u00fchle im Neandertal | Stadtverwaltung Mettmann\" \/>\n<meta property=\"og:description\" content=\"Am linken Ufer der D\u00fcssel, 350 m westlich des Hofes Thunis und 320 m s\u00fcdwestlich des Hofes Winkel, steht die seit 1483 urkundlich genannte Winkelsm\u00fchle. Das M\u00fchlengeb\u00e4ude liegt direkt unterhalb einer vorspringenden Felswand, an der...\" \/>\n<meta property=\"og:url\" content=\"https:\/\/www.mettmann.de\/web\/stadtportrait-infos\/gebaeude-denkmaeler-skulpturen\/winkelsmuehle-im-neandertal\/\" \/>\n<meta property=\"og:site_name\" content=\"Stadtverwaltung Mettmann\" \/>\n<meta property=\"article:publisher\" content=\"https:\/\/www.facebook.com\/kreisstadt.mettmann\" \/>\n<meta property=\"article:modified_time\" content=\"2021-01-26T14:13:39+00:00\" \/>\n<meta property=\"og:image\" content=\"https:\/\/www.mettmann.de\/web\/wp-content\/uploads\/2021\/01\/winkelsmuehle-neandertal-mettmann-01-1024x576.jpg\" \/>\n\t<meta property=\"og:image:width\" content=\"1024\" \/>\n\t<meta property=\"og:image:height\" content=\"576\" \/>\n\t<meta property=\"og:image:type\" content=\"image\/jpeg\" \/>\n<meta name=\"twitter:card\" content=\"summary_large_image\" \/>\n<meta name=\"twitter:label1\" content=\"Gesch\u00e4tzte Lesezeit\" \/>\n\t<meta name=\"twitter:data1\" content=\"2\u00a0Minuten\" \/>\n<script type=\"application\/ld+json\" class=\"yoast-schema-graph\">{\"@context\":\"https:\/\/schema.org\",\"@graph\":[{\"@type\":\"WebPage\",\"@id\":\"https:\/\/www.mettmann.de\/web\/stadtportrait-infos\/gebaeude-denkmaeler-skulpturen\/winkelsmuehle-im-neandertal\/\",\"url\":\"https:\/\/www.mettmann.de\/web\/stadtportrait-infos\/gebaeude-denkmaeler-skulpturen\/winkelsmuehle-im-neandertal\/\",\"name\":\"Winkelsm\u00fchle im Neandertal | Stadtverwaltung Mettmann\",\"isPartOf\":{\"@id\":\"https:\/\/www.mettmann.de\/web\/#website\"},\"primaryImageOfPage\":{\"@id\":\"https:\/\/www.mettmann.de\/web\/stadtportrait-infos\/gebaeude-denkmaeler-skulpturen\/winkelsmuehle-im-neandertal\/#primaryimage\"},\"image\":{\"@id\":\"https:\/\/www.mettmann.de\/web\/stadtportrait-infos\/gebaeude-denkmaeler-skulpturen\/winkelsmuehle-im-neandertal\/#primaryimage\"},\"thumbnailUrl\":\"https:\/\/www.mettmann.de\/web\/wp-content\/uploads\/2021\/01\/winkelsmuehle-neandertal-mettmann-01.jpg\",\"datePublished\":\"2021-01-26T14:08:31+00:00\",\"dateModified\":\"2021-01-26T14:13:39+00:00\",\"breadcrumb\":{\"@id\":\"https:\/\/www.mettmann.de\/web\/stadtportrait-infos\/gebaeude-denkmaeler-skulpturen\/winkelsmuehle-im-neandertal\/#breadcrumb\"},\"inLanguage\":\"de\",\"potentialAction\":[{\"@type\":\"ReadAction\",\"target\":[\"https:\/\/www.mettmann.de\/web\/stadtportrait-infos\/gebaeude-denkmaeler-skulpturen\/winkelsmuehle-im-neandertal\/\"]}]},{\"@type\":\"ImageObject\",\"inLanguage\":\"de\",\"@id\":\"https:\/\/www.mettmann.de\/web\/stadtportrait-infos\/gebaeude-denkmaeler-skulpturen\/winkelsmuehle-im-neandertal\/#primaryimage\",\"url\":\"https:\/\/www.mettmann.de\/web\/wp-content\/uploads\/2021\/01\/winkelsmuehle-neandertal-mettmann-01.jpg\",\"contentUrl\":\"https:\/\/www.mettmann.de\/web\/wp-content\/uploads\/2021\/01\/winkelsmuehle-neandertal-mettmann-01.jpg\",\"width\":2048,\"height\":1152,\"caption\":\"Winkelsm\u00fchle im Neandertal\"},{\"@type\":\"BreadcrumbList\",\"@id\":\"https:\/\/www.mettmann.de\/web\/stadtportrait-infos\/gebaeude-denkmaeler-skulpturen\/winkelsmuehle-im-neandertal\/#breadcrumb\",\"itemListElement\":[{\"@type\":\"ListItem\",\"position\":1,\"name\":\"Startseite\",\"item\":\"https:\/\/www.mettmann.de\/web\/\"},{\"@type\":\"ListItem\",\"position\":2,\"name\":\"Stadtportrait &#038; Infos\",\"item\":\"https:\/\/www.mettmann.de\/web\/stadtportrait-infos\/\"},{\"@type\":\"ListItem\",\"position\":3,\"name\":\"Geb\u00e4ude, Denkm\u00e4ler &#038; Skulpturen\",\"item\":\"https:\/\/www.mettmann.de\/web\/stadtportrait-infos\/gebaeude-denkmaeler-skulpturen\/\"},{\"@type\":\"ListItem\",\"position\":4,\"name\":\"Winkelsm\u00fchle im Neandertal\"}]},{\"@type\":\"WebSite\",\"@id\":\"https:\/\/www.mettmann.de\/web\/#website\",\"url\":\"https:\/\/www.mettmann.de\/web\/\",\"name\":\"Stadtverwaltung Mettmann\",\"description\":\"Internetseite der Kreisstadt Mettmann\",\"publisher\":{\"@id\":\"https:\/\/www.mettmann.de\/web\/#organization\"},\"potentialAction\":[{\"@type\":\"SearchAction\",\"target\":{\"@type\":\"EntryPoint\",\"urlTemplate\":\"https:\/\/www.mettmann.de\/web\/?s={search_term_string}\"},\"query-input\":{\"@type\":\"PropertyValueSpecification\",\"valueRequired\":true,\"valueName\":\"search_term_string\"}}],\"inLanguage\":\"de\"},{\"@type\":\"Organization\",\"@id\":\"https:\/\/www.mettmann.de\/web\/#organization\",\"name\":\"Kreisstadt Mettmann\",\"url\":\"https:\/\/www.mettmann.de\/web\/\",\"logo\":{\"@type\":\"ImageObject\",\"inLanguage\":\"de\",\"@id\":\"https:\/\/www.mettmann.de\/web\/#\/schema\/logo\/image\/\",\"url\":\"https:\/\/www.mettmann.de\/web\/wp-content\/uploads\/2019\/08\/Kreisstadt_Mettmann_Logo_RGB_150dpi.png\",\"contentUrl\":\"https:\/\/www.mettmann.de\/web\/wp-content\/uploads\/2019\/08\/Kreisstadt_Mettmann_Logo_RGB_150dpi.png\",\"width\":1302,\"height\":191,\"caption\":\"Kreisstadt Mettmann\"},\"image\":{\"@id\":\"https:\/\/www.mettmann.de\/web\/#\/schema\/logo\/image\/\"},\"sameAs\":[\"https:\/\/www.facebook.com\/kreisstadt.mettmann\",\"https:\/\/de.wikipedia.org\/wiki\/Mettmann\"]}]}<\/script>\n<!-- \/ Yoast SEO plugin. -->","yoast_head_json":{"title":"Winkelsm\u00fchle im Neandertal | Stadtverwaltung Mettmann","robots":{"index":"index","follow":"follow","max-snippet":"max-snippet:-1","max-image-preview":"max-image-preview:large","max-video-preview":"max-video-preview:-1"},"canonical":"https:\/\/www.mettmann.de\/web\/stadtportrait-infos\/gebaeude-denkmaeler-skulpturen\/winkelsmuehle-im-neandertal\/","og_locale":"de_DE","og_type":"article","og_title":"Winkelsm\u00fchle im Neandertal | Stadtverwaltung Mettmann","og_description":"Am linken Ufer der D\u00fcssel, 350 m westlich des Hofes Thunis und 320 m s\u00fcdwestlich des Hofes Winkel, steht die seit 1483 urkundlich genannte Winkelsm\u00fchle. Das M\u00fchlengeb\u00e4ude liegt direkt unterhalb einer vorspringenden Felswand, an der...","og_url":"https:\/\/www.mettmann.de\/web\/stadtportrait-infos\/gebaeude-denkmaeler-skulpturen\/winkelsmuehle-im-neandertal\/","og_site_name":"Stadtverwaltung Mettmann","article_publisher":"https:\/\/www.facebook.com\/kreisstadt.mettmann","article_modified_time":"2021-01-26T14:13:39+00:00","og_image":[{"width":1024,"height":576,"url":"https:\/\/www.mettmann.de\/web\/wp-content\/uploads\/2021\/01\/winkelsmuehle-neandertal-mettmann-01-1024x576.jpg","type":"image\/jpeg"}],"twitter_card":"summary_large_image","twitter_misc":{"Gesch\u00e4tzte Lesezeit":"2\u00a0Minuten"},"schema":{"@context":"https:\/\/schema.org","@graph":[{"@type":"WebPage","@id":"https:\/\/www.mettmann.de\/web\/stadtportrait-infos\/gebaeude-denkmaeler-skulpturen\/winkelsmuehle-im-neandertal\/","url":"https:\/\/www.mettmann.de\/web\/stadtportrait-infos\/gebaeude-denkmaeler-skulpturen\/winkelsmuehle-im-neandertal\/","name":"Winkelsm\u00fchle im Neandertal | Stadtverwaltung Mettmann","isPartOf":{"@id":"https:\/\/www.mettmann.de\/web\/#website"},"primaryImageOfPage":{"@id":"https:\/\/www.mettmann.de\/web\/stadtportrait-infos\/gebaeude-denkmaeler-skulpturen\/winkelsmuehle-im-neandertal\/#primaryimage"},"image":{"@id":"https:\/\/www.mettmann.de\/web\/stadtportrait-infos\/gebaeude-denkmaeler-skulpturen\/winkelsmuehle-im-neandertal\/#primaryimage"},"thumbnailUrl":"https:\/\/www.mettmann.de\/web\/wp-content\/uploads\/2021\/01\/winkelsmuehle-neandertal-mettmann-01.jpg","datePublished":"2021-01-26T14:08:31+00:00","dateModified":"2021-01-26T14:13:39+00:00","breadcrumb":{"@id":"https:\/\/www.mettmann.de\/web\/stadtportrait-infos\/gebaeude-denkmaeler-skulpturen\/winkelsmuehle-im-neandertal\/#breadcrumb"},"inLanguage":"de","potentialAction":[{"@type":"ReadAction","target":["https:\/\/www.mettmann.de\/web\/stadtportrait-infos\/gebaeude-denkmaeler-skulpturen\/winkelsmuehle-im-neandertal\/"]}]},{"@type":"ImageObject","inLanguage":"de","@id":"https:\/\/www.mettmann.de\/web\/stadtportrait-infos\/gebaeude-denkmaeler-skulpturen\/winkelsmuehle-im-neandertal\/#primaryimage","url":"https:\/\/www.mettmann.de\/web\/wp-content\/uploads\/2021\/01\/winkelsmuehle-neandertal-mettmann-01.jpg","contentUrl":"https:\/\/www.mettmann.de\/web\/wp-content\/uploads\/2021\/01\/winkelsmuehle-neandertal-mettmann-01.jpg","width":2048,"height":1152,"caption":"Winkelsm\u00fchle im Neandertal"},{"@type":"BreadcrumbList","@id":"https:\/\/www.mettmann.de\/web\/stadtportrait-infos\/gebaeude-denkmaeler-skulpturen\/winkelsmuehle-im-neandertal\/#breadcrumb","itemListElement":[{"@type":"ListItem","position":1,"name":"Startseite","item":"https:\/\/www.mettmann.de\/web\/"},{"@type":"ListItem","position":2,"name":"Stadtportrait &#038; Infos","item":"https:\/\/www.mettmann.de\/web\/stadtportrait-infos\/"},{"@type":"ListItem","position":3,"name":"Geb\u00e4ude, Denkm\u00e4ler &#038; Skulpturen","item":"https:\/\/www.mettmann.de\/web\/stadtportrait-infos\/gebaeude-denkmaeler-skulpturen\/"},{"@type":"ListItem","position":4,"name":"Winkelsm\u00fchle im Neandertal"}]},{"@type":"WebSite","@id":"https:\/\/www.mettmann.de\/web\/#website","url":"https:\/\/www.mettmann.de\/web\/","name":"Stadtverwaltung Mettmann","description":"Internetseite der Kreisstadt Mettmann","publisher":{"@id":"https:\/\/www.mettmann.de\/web\/#organization"},"potentialAction":[{"@type":"SearchAction","target":{"@type":"EntryPoint","urlTemplate":"https:\/\/www.mettmann.de\/web\/?s={search_term_string}"},"query-input":{"@type":"PropertyValueSpecification","valueRequired":true,"valueName":"search_term_string"}}],"inLanguage":"de"},{"@type":"Organization","@id":"https:\/\/www.mettmann.de\/web\/#organization","name":"Kreisstadt Mettmann","url":"https:\/\/www.mettmann.de\/web\/","logo":{"@type":"ImageObject","inLanguage":"de","@id":"https:\/\/www.mettmann.de\/web\/#\/schema\/logo\/image\/","url":"https:\/\/www.mettmann.de\/web\/wp-content\/uploads\/2019\/08\/Kreisstadt_Mettmann_Logo_RGB_150dpi.png","contentUrl":"https:\/\/www.mettmann.de\/web\/wp-content\/uploads\/2019\/08\/Kreisstadt_Mettmann_Logo_RGB_150dpi.png","width":1302,"height":191,"caption":"Kreisstadt Mettmann"},"image":{"@id":"https:\/\/www.mettmann.de\/web\/#\/schema\/logo\/image\/"},"sameAs":["https:\/\/www.facebook.com\/kreisstadt.mettmann","https:\/\/de.wikipedia.org\/wiki\/Mettmann"]}]}},"_links":{"self":[{"href":"https:\/\/www.mettmann.de\/web\/wp-json\/wp\/v2\/pages\/10231","targetHints":{"allow":["GET"]}}],"collection":[{"href":"https:\/\/www.mettmann.de\/web\/wp-json\/wp\/v2\/pages"}],"about":[{"href":"https:\/\/www.mettmann.de\/web\/wp-json\/wp\/v2\/types\/page"}],"author":[{"embeddable":true,"href":"https:\/\/www.mettmann.de\/web\/wp-json\/wp\/v2\/users\/1"}],"replies":[{"embeddable":true,"href":"https:\/\/www.mettmann.de\/web\/wp-json\/wp\/v2\/comments?post=10231"}],"version-history":[{"count":5,"href":"https:\/\/www.mettmann.de\/web\/wp-json\/wp\/v2\/pages\/10231\/revisions"}],"predecessor-version":[{"id":10243,"href":"https:\/\/www.mettmann.de\/web\/wp-json\/wp\/v2\/pages\/10231\/revisions\/10243"}],"up":[{"embeddable":true,"href":"https:\/\/www.mettmann.de\/web\/wp-json\/wp\/v2\/pages\/10023"}],"wp:featuredmedia":[{"embeddable":true,"href":"https:\/\/www.mettmann.de\/web\/wp-json\/wp\/v2\/media\/10232"}],"wp:attachment":[{"href":"https:\/\/www.mettmann.de\/web\/wp-json\/wp\/v2\/media?parent=10231"}],"curies":[{"name":"wp","href":"https:\/\/api.w.org\/{rel}","templated":true}]}}