{"id":1030,"date":"2019-09-23T10:45:23","date_gmt":"2019-09-23T08:45:23","guid":{"rendered":"https:\/\/www.mettmann.de\/web\/?page_id=1030"},"modified":"2019-09-23T10:45:23","modified_gmt":"2019-09-23T08:45:23","slug":"pflichten-und-auflagen-nach-dem-landeshundegesetz","status":"publish","type":"page","link":"https:\/\/www.mettmann.de\/web\/organisationsaufbau\/dezernat-1\/rechts-und-ordnungsamt\/sicherheit-und-ordnung\/landeshundegesetz\/pflichten-und-auflagen-nach-dem-landeshundegesetz\/","title":{"rendered":"Pflichten und Auflagen nach dem Landeshundegesetz"},"content":{"rendered":"<p class=\"eingerueckt40\"><b> <\/b>Die nachfolgend genannten allgemeinen Pflichten und Auflagen beziehen sich in erster Linie auf die in den \u00a7\u00a7 3 und 10 des LHundG NRW genannten Hunderassen sowie deren Kreuzungen. Dazu geh\u00f6ren<\/p>\n<h4 class=\"eingerueckt40\">gem. \u00a7 3 LHundG NRW:<\/h4>\n<ul>\n<li class=\"eingerueckt40\">Pittbull Terrier, American Staffordshire Terrier, Staffordshire Bullterrier und Bullterrier und<\/li>\n<li class=\"eingerueckt40\">Hunde, deren Aggressivit\u00e4t und Bei\u00dfverhalten auf eine gezielte Ausbildung und Zucht, bzw. auf deren Naturell zur\u00fcckzuf\u00fchren ist.<\/li>\n<\/ul>\n<h4 class=\"eingerueckt40\">gem. \u00a7 10 LHundG NRW Hunde bestimmter Rassen, wie<\/h4>\n<ul>\n<li class=\"eingerueckt40\">Alano, American Bulldog, Bullmastiff, Mastiff, Mastino Espanol, Mastino Napoletano, Fila Brasileiro, Dogo Argentino, Rottweiler und Tosa Inu.<\/li>\n<\/ul>\n<h3>Verhaltensregeln<\/h3>\n<ol class=\"eingerueckt40\">\n<li>Hunde sind so zu halten, zu f\u00fchren und zu beaufsichtigen, dass von ihnen keine Gefahr f\u00fcr Leben und Gesundheit von Menschen und Tieren ausgeht.<\/li>\n<li>Innerhalb befriedetem Besitztums sind gef\u00e4hrliche Hunde so zu halten, dass sie dieses gegen den Willen der Halterin \/ des Halters nicht verlassen k\u00f6nnen.<\/li>\n<li>Hunde sind an einer zur Vermeidung von Gefahren geeigneten Leine zu f\u00fchrena) in Fu\u00dfg\u00e4ngerzonen, Haupteinkaufs- und anderen inner\u00f6rtlichen Bereichen, Stra\u00dfen und Pl\u00e4tzen mit vergleichbarem Publikumsverkehr<br \/>\nb) in der der Allgemeinheit zug\u00e4nglichen umfriedeten oder anderweitig begrenzten Park-, Garten- und Gr\u00fcnanlagen<br \/>\nc) bei \u00f6ffentlichen Versammlungen, bei Aufz\u00fcgen, auf Volksfesten und sonstigen Veranstaltungen und Menschenansammlungen<br \/>\nd) in \u00f6ffentlichen Geb\u00e4uden<br \/>\ne) au\u00dferhalb eines befriedeten Besitztums sowie in Fluren, Aufz\u00fcgen, Treppenh\u00e4usern und auf Zuwegen von Mehrfamilienh\u00e4usern<\/li>\n<li>Sachkundenachweis: Die Halterin \/ der Halter oder eine andere Aufsichtsperson muss in der Lage sein, einen gef\u00e4hrlichen Hund sicher an der Leine zu halten und zu f\u00fchren. N\u00e4hrer Voraussetzungen regelt \u00a7 4 Abs. 1 LHundG NRW. (z.B.: Vollendung des 18. Lebensjahres, Besitz der erforderlichen Sachkunde und Zuverl\u00e4ssigkeit, Abschluss einer Hundehaftpflichtversicherung, f\u00e4lschungssichere Kennzeichnung des Hundes).<\/li>\n<li>Gef\u00e4hrlichen Hunden ist grunds\u00e4tzlich ein das Bei\u00dfen verhindernder Maulkorb oder eine in der Wirkung gleichstehende Vorrichtung anzulegen.<\/li>\n<li>Es ist verboten, Hunde mit dem Ziel einer gesteigerten Aggressivit\u00e4t zu z\u00fcchten, zu kreuzen oder auszubilden. Eine Verpaarung von gef\u00e4hrlichen Hunden ist zu vermeiden.<\/li>\n<li>Wer einen gef\u00e4hrlichen Hund h\u00e4lt oder halten will, bedarf der Erlaubnis der zust\u00e4ndigen Beh\u00f6rde.<\/li>\n<li>Haltung, Erwerb, Abgabe eines gef\u00e4hrlichen Hundes und die Eigentumsaufgabe hat die Halterin \/ der Halter der zust\u00e4ndigen Beh\u00f6rde anzuzeigen, ebenso den Umzug innerhalb des Haltungsortes und den Wegzug an einen anderen Haltungsort sowie das Abhanden kommen und den Tod des Hundes. Im Falle des Wechsels des Haltungsortes besteht die Anzeigepflicht auch gegen\u00fcber der f\u00fcr den neuen Haltungsort zust\u00e4ndigen Beh\u00f6rde. Bei\u00a0 einem Wechsel in der Person der Halterin \/ des Halters sind Name und Anschrift der neuen Halterin \/ des neuen Halters anzuzeigen.<\/li>\n<li>Wer einen gef\u00e4hrlichen Hund ver\u00e4u\u00dfert oder abgibt, hat der Erwerberin \/ dem Erwerber mitzuteilen, dass es sich um einen solchen Hund handelt. Die Abgabe oder Ver\u00e4u\u00dferung eines gef\u00e4hrlichen Hundes darf nur an Personen erfolgen, die im Besitz einer Hundehaltungserlaubnis f\u00fcr gef\u00e4hrliche Hunde sind.<\/li>\n<\/ol>\n<p>&nbsp;<\/p>\n<h3>Kontakt zur Ordnungsbeh\u00f6rde<\/h3>\n<p class=\"eingerueckt40\">Weitere Fragen beantwortet gerne die Ordnungsbeh\u00f6rde unter Telefon 02104 \/ 980-144 oder 980-141.<\/p>\n","protected":false},"excerpt":{"rendered":"<p>Die nachfolgend genannten allgemeinen Pflichten und Auflagen beziehen sich in erster Linie auf die in den \u00a7\u00a7 3 und 10 des LHundG NRW genannten Hunderassen sowie deren Kreuzungen. Dazu geh\u00f6ren gem. \u00a7 3 LHundG NRW:&#8230;<\/p>\n","protected":false},"author":1,"featured_media":1033,"parent":1028,"menu_order":0,"comment_status":"closed","ping_status":"closed","template":"","meta":{"ngg_post_thumbnail":0,"footnotes":""},"class_list":["post-1030","page","type-page","status-publish","has-post-thumbnail","hentry"],"yoast_head":"<!-- This site is optimized with the Yoast SEO plugin v27.2 - https:\/\/yoast.com\/product\/yoast-seo-wordpress\/ -->\n<title>Pflichten und Auflagen nach dem Landeshundegesetz | Stadtverwaltung Mettmann<\/title>\n<meta name=\"robots\" content=\"index, follow, max-snippet:-1, max-image-preview:large, max-video-preview:-1\" \/>\n<link rel=\"canonical\" href=\"https:\/\/www.mettmann.de\/web\/organisationsaufbau\/dezernat-1\/rechts-und-ordnungsamt\/sicherheit-und-ordnung\/landeshundegesetz\/pflichten-und-auflagen-nach-dem-landeshundegesetz\/\" \/>\n<meta property=\"og:locale\" content=\"de_DE\" \/>\n<meta property=\"og:type\" content=\"article\" \/>\n<meta property=\"og:title\" content=\"Pflichten und Auflagen nach dem Landeshundegesetz | Stadtverwaltung Mettmann\" \/>\n<meta property=\"og:description\" content=\"Die nachfolgend genannten allgemeinen Pflichten und Auflagen beziehen sich in erster Linie auf die in den \u00a7\u00a7 3 und 10 des LHundG NRW genannten Hunderassen sowie deren Kreuzungen. Dazu geh\u00f6ren gem. \u00a7 3 LHundG NRW:...\" \/>\n<meta property=\"og:url\" content=\"https:\/\/www.mettmann.de\/web\/organisationsaufbau\/dezernat-1\/rechts-und-ordnungsamt\/sicherheit-und-ordnung\/landeshundegesetz\/pflichten-und-auflagen-nach-dem-landeshundegesetz\/\" \/>\n<meta property=\"og:site_name\" content=\"Stadtverwaltung Mettmann\" \/>\n<meta property=\"article:publisher\" content=\"https:\/\/www.facebook.com\/kreisstadt.mettmann\" \/>\n<meta property=\"og:image\" content=\"https:\/\/www.mettmann.de\/web\/wp-content\/uploads\/2019\/09\/dog-1210559_1280.jpg\" \/>\n\t<meta property=\"og:image:width\" content=\"1280\" \/>\n\t<meta property=\"og:image:height\" content=\"960\" \/>\n\t<meta property=\"og:image:type\" content=\"image\/jpeg\" \/>\n<meta name=\"twitter:card\" content=\"summary_large_image\" \/>\n<meta name=\"twitter:label1\" content=\"Gesch\u00e4tzte Lesezeit\" \/>\n\t<meta name=\"twitter:data1\" content=\"2\u00a0Minuten\" \/>\n<script type=\"application\/ld+json\" class=\"yoast-schema-graph\">{\"@context\":\"https:\/\/schema.org\",\"@graph\":[{\"@type\":\"WebPage\",\"@id\":\"https:\/\/www.mettmann.de\/web\/organisationsaufbau\/dezernat-1\/rechts-und-ordnungsamt\/sicherheit-und-ordnung\/landeshundegesetz\/pflichten-und-auflagen-nach-dem-landeshundegesetz\/\",\"url\":\"https:\/\/www.mettmann.de\/web\/organisationsaufbau\/dezernat-1\/rechts-und-ordnungsamt\/sicherheit-und-ordnung\/landeshundegesetz\/pflichten-und-auflagen-nach-dem-landeshundegesetz\/\",\"name\":\"Pflichten und Auflagen nach dem Landeshundegesetz | Stadtverwaltung Mettmann\",\"isPartOf\":{\"@id\":\"https:\/\/www.mettmann.de\/web\/#website\"},\"primaryImageOfPage\":{\"@id\":\"https:\/\/www.mettmann.de\/web\/organisationsaufbau\/dezernat-1\/rechts-und-ordnungsamt\/sicherheit-und-ordnung\/landeshundegesetz\/pflichten-und-auflagen-nach-dem-landeshundegesetz\/#primaryimage\"},\"image\":{\"@id\":\"https:\/\/www.mettmann.de\/web\/organisationsaufbau\/dezernat-1\/rechts-und-ordnungsamt\/sicherheit-und-ordnung\/landeshundegesetz\/pflichten-und-auflagen-nach-dem-landeshundegesetz\/#primaryimage\"},\"thumbnailUrl\":\"https:\/\/www.mettmann.de\/web\/wp-content\/uploads\/2019\/09\/dog-1210559_1280.jpg\",\"datePublished\":\"2019-09-23T08:45:23+00:00\",\"breadcrumb\":{\"@id\":\"https:\/\/www.mettmann.de\/web\/organisationsaufbau\/dezernat-1\/rechts-und-ordnungsamt\/sicherheit-und-ordnung\/landeshundegesetz\/pflichten-und-auflagen-nach-dem-landeshundegesetz\/#breadcrumb\"},\"inLanguage\":\"de\",\"potentialAction\":[{\"@type\":\"ReadAction\",\"target\":[\"https:\/\/www.mettmann.de\/web\/organisationsaufbau\/dezernat-1\/rechts-und-ordnungsamt\/sicherheit-und-ordnung\/landeshundegesetz\/pflichten-und-auflagen-nach-dem-landeshundegesetz\/\"]}]},{\"@type\":\"ImageObject\",\"inLanguage\":\"de\",\"@id\":\"https:\/\/www.mettmann.de\/web\/organisationsaufbau\/dezernat-1\/rechts-und-ordnungsamt\/sicherheit-und-ordnung\/landeshundegesetz\/pflichten-und-auflagen-nach-dem-landeshundegesetz\/#primaryimage\",\"url\":\"https:\/\/www.mettmann.de\/web\/wp-content\/uploads\/2019\/09\/dog-1210559_1280.jpg\",\"contentUrl\":\"https:\/\/www.mettmann.de\/web\/wp-content\/uploads\/2019\/09\/dog-1210559_1280.jpg\",\"width\":1280,\"height\":960,\"caption\":\"Symbolfoto: Chiemsee2016 \/ pixabay\"},{\"@type\":\"BreadcrumbList\",\"@id\":\"https:\/\/www.mettmann.de\/web\/organisationsaufbau\/dezernat-1\/rechts-und-ordnungsamt\/sicherheit-und-ordnung\/landeshundegesetz\/pflichten-und-auflagen-nach-dem-landeshundegesetz\/#breadcrumb\",\"itemListElement\":[{\"@type\":\"ListItem\",\"position\":1,\"name\":\"Startseite\",\"item\":\"https:\/\/www.mettmann.de\/web\/\"},{\"@type\":\"ListItem\",\"position\":2,\"name\":\"Stadtverwaltung\",\"item\":\"https:\/\/www.mettmann.de\/web\/organisationsaufbau\/\"},{\"@type\":\"ListItem\",\"position\":3,\"name\":\"Dezernat 1\",\"item\":\"https:\/\/www.mettmann.de\/web\/organisationsaufbau\/dezernat-1\/\"},{\"@type\":\"ListItem\",\"position\":4,\"name\":\"Amt f\u00fcr B\u00fcrgerservice und Ordnung\",\"item\":\"https:\/\/www.mettmann.de\/web\/organisationsaufbau\/dezernat-1\/rechts-und-ordnungsamt\/\"},{\"@type\":\"ListItem\",\"position\":5,\"name\":\"Sicherheit und Ordnung\",\"item\":\"https:\/\/www.mettmann.de\/web\/organisationsaufbau\/dezernat-1\/rechts-und-ordnungsamt\/sicherheit-und-ordnung\/\"},{\"@type\":\"ListItem\",\"position\":6,\"name\":\"Landeshundegesetz\",\"item\":\"https:\/\/www.mettmann.de\/web\/organisationsaufbau\/dezernat-1\/rechts-und-ordnungsamt\/sicherheit-und-ordnung\/landeshundegesetz\/\"},{\"@type\":\"ListItem\",\"position\":7,\"name\":\"Pflichten und Auflagen nach dem Landeshundegesetz\"}]},{\"@type\":\"WebSite\",\"@id\":\"https:\/\/www.mettmann.de\/web\/#website\",\"url\":\"https:\/\/www.mettmann.de\/web\/\",\"name\":\"Stadtverwaltung Mettmann\",\"description\":\"Internetseite der Kreisstadt Mettmann\",\"publisher\":{\"@id\":\"https:\/\/www.mettmann.de\/web\/#organization\"},\"potentialAction\":[{\"@type\":\"SearchAction\",\"target\":{\"@type\":\"EntryPoint\",\"urlTemplate\":\"https:\/\/www.mettmann.de\/web\/?s={search_term_string}\"},\"query-input\":{\"@type\":\"PropertyValueSpecification\",\"valueRequired\":true,\"valueName\":\"search_term_string\"}}],\"inLanguage\":\"de\"},{\"@type\":\"Organization\",\"@id\":\"https:\/\/www.mettmann.de\/web\/#organization\",\"name\":\"Kreisstadt Mettmann\",\"url\":\"https:\/\/www.mettmann.de\/web\/\",\"logo\":{\"@type\":\"ImageObject\",\"inLanguage\":\"de\",\"@id\":\"https:\/\/www.mettmann.de\/web\/#\/schema\/logo\/image\/\",\"url\":\"https:\/\/www.mettmann.de\/web\/wp-content\/uploads\/2019\/08\/Kreisstadt_Mettmann_Logo_RGB_150dpi.png\",\"contentUrl\":\"https:\/\/www.mettmann.de\/web\/wp-content\/uploads\/2019\/08\/Kreisstadt_Mettmann_Logo_RGB_150dpi.png\",\"width\":1302,\"height\":191,\"caption\":\"Kreisstadt Mettmann\"},\"image\":{\"@id\":\"https:\/\/www.mettmann.de\/web\/#\/schema\/logo\/image\/\"},\"sameAs\":[\"https:\/\/www.facebook.com\/kreisstadt.mettmann\",\"https:\/\/de.wikipedia.org\/wiki\/Mettmann\"]}]}<\/script>\n<!-- \/ Yoast SEO plugin. -->","yoast_head_json":{"title":"Pflichten und Auflagen nach dem Landeshundegesetz | Stadtverwaltung Mettmann","robots":{"index":"index","follow":"follow","max-snippet":"max-snippet:-1","max-image-preview":"max-image-preview:large","max-video-preview":"max-video-preview:-1"},"canonical":"https:\/\/www.mettmann.de\/web\/organisationsaufbau\/dezernat-1\/rechts-und-ordnungsamt\/sicherheit-und-ordnung\/landeshundegesetz\/pflichten-und-auflagen-nach-dem-landeshundegesetz\/","og_locale":"de_DE","og_type":"article","og_title":"Pflichten und Auflagen nach dem Landeshundegesetz | Stadtverwaltung Mettmann","og_description":"Die nachfolgend genannten allgemeinen Pflichten und Auflagen beziehen sich in erster Linie auf die in den \u00a7\u00a7 3 und 10 des LHundG NRW genannten Hunderassen sowie deren Kreuzungen. Dazu geh\u00f6ren gem. \u00a7 3 LHundG NRW:...","og_url":"https:\/\/www.mettmann.de\/web\/organisationsaufbau\/dezernat-1\/rechts-und-ordnungsamt\/sicherheit-und-ordnung\/landeshundegesetz\/pflichten-und-auflagen-nach-dem-landeshundegesetz\/","og_site_name":"Stadtverwaltung Mettmann","article_publisher":"https:\/\/www.facebook.com\/kreisstadt.mettmann","og_image":[{"width":1280,"height":960,"url":"https:\/\/www.mettmann.de\/web\/wp-content\/uploads\/2019\/09\/dog-1210559_1280.jpg","type":"image\/jpeg"}],"twitter_card":"summary_large_image","twitter_misc":{"Gesch\u00e4tzte Lesezeit":"2\u00a0Minuten"},"schema":{"@context":"https:\/\/schema.org","@graph":[{"@type":"WebPage","@id":"https:\/\/www.mettmann.de\/web\/organisationsaufbau\/dezernat-1\/rechts-und-ordnungsamt\/sicherheit-und-ordnung\/landeshundegesetz\/pflichten-und-auflagen-nach-dem-landeshundegesetz\/","url":"https:\/\/www.mettmann.de\/web\/organisationsaufbau\/dezernat-1\/rechts-und-ordnungsamt\/sicherheit-und-ordnung\/landeshundegesetz\/pflichten-und-auflagen-nach-dem-landeshundegesetz\/","name":"Pflichten und Auflagen nach dem Landeshundegesetz | Stadtverwaltung Mettmann","isPartOf":{"@id":"https:\/\/www.mettmann.de\/web\/#website"},"primaryImageOfPage":{"@id":"https:\/\/www.mettmann.de\/web\/organisationsaufbau\/dezernat-1\/rechts-und-ordnungsamt\/sicherheit-und-ordnung\/landeshundegesetz\/pflichten-und-auflagen-nach-dem-landeshundegesetz\/#primaryimage"},"image":{"@id":"https:\/\/www.mettmann.de\/web\/organisationsaufbau\/dezernat-1\/rechts-und-ordnungsamt\/sicherheit-und-ordnung\/landeshundegesetz\/pflichten-und-auflagen-nach-dem-landeshundegesetz\/#primaryimage"},"thumbnailUrl":"https:\/\/www.mettmann.de\/web\/wp-content\/uploads\/2019\/09\/dog-1210559_1280.jpg","datePublished":"2019-09-23T08:45:23+00:00","breadcrumb":{"@id":"https:\/\/www.mettmann.de\/web\/organisationsaufbau\/dezernat-1\/rechts-und-ordnungsamt\/sicherheit-und-ordnung\/landeshundegesetz\/pflichten-und-auflagen-nach-dem-landeshundegesetz\/#breadcrumb"},"inLanguage":"de","potentialAction":[{"@type":"ReadAction","target":["https:\/\/www.mettmann.de\/web\/organisationsaufbau\/dezernat-1\/rechts-und-ordnungsamt\/sicherheit-und-ordnung\/landeshundegesetz\/pflichten-und-auflagen-nach-dem-landeshundegesetz\/"]}]},{"@type":"ImageObject","inLanguage":"de","@id":"https:\/\/www.mettmann.de\/web\/organisationsaufbau\/dezernat-1\/rechts-und-ordnungsamt\/sicherheit-und-ordnung\/landeshundegesetz\/pflichten-und-auflagen-nach-dem-landeshundegesetz\/#primaryimage","url":"https:\/\/www.mettmann.de\/web\/wp-content\/uploads\/2019\/09\/dog-1210559_1280.jpg","contentUrl":"https:\/\/www.mettmann.de\/web\/wp-content\/uploads\/2019\/09\/dog-1210559_1280.jpg","width":1280,"height":960,"caption":"Symbolfoto: Chiemsee2016 \/ pixabay"},{"@type":"BreadcrumbList","@id":"https:\/\/www.mettmann.de\/web\/organisationsaufbau\/dezernat-1\/rechts-und-ordnungsamt\/sicherheit-und-ordnung\/landeshundegesetz\/pflichten-und-auflagen-nach-dem-landeshundegesetz\/#breadcrumb","itemListElement":[{"@type":"ListItem","position":1,"name":"Startseite","item":"https:\/\/www.mettmann.de\/web\/"},{"@type":"ListItem","position":2,"name":"Stadtverwaltung","item":"https:\/\/www.mettmann.de\/web\/organisationsaufbau\/"},{"@type":"ListItem","position":3,"name":"Dezernat 1","item":"https:\/\/www.mettmann.de\/web\/organisationsaufbau\/dezernat-1\/"},{"@type":"ListItem","position":4,"name":"Amt f\u00fcr B\u00fcrgerservice und Ordnung","item":"https:\/\/www.mettmann.de\/web\/organisationsaufbau\/dezernat-1\/rechts-und-ordnungsamt\/"},{"@type":"ListItem","position":5,"name":"Sicherheit und Ordnung","item":"https:\/\/www.mettmann.de\/web\/organisationsaufbau\/dezernat-1\/rechts-und-ordnungsamt\/sicherheit-und-ordnung\/"},{"@type":"ListItem","position":6,"name":"Landeshundegesetz","item":"https:\/\/www.mettmann.de\/web\/organisationsaufbau\/dezernat-1\/rechts-und-ordnungsamt\/sicherheit-und-ordnung\/landeshundegesetz\/"},{"@type":"ListItem","position":7,"name":"Pflichten und Auflagen nach dem Landeshundegesetz"}]},{"@type":"WebSite","@id":"https:\/\/www.mettmann.de\/web\/#website","url":"https:\/\/www.mettmann.de\/web\/","name":"Stadtverwaltung Mettmann","description":"Internetseite der Kreisstadt Mettmann","publisher":{"@id":"https:\/\/www.mettmann.de\/web\/#organization"},"potentialAction":[{"@type":"SearchAction","target":{"@type":"EntryPoint","urlTemplate":"https:\/\/www.mettmann.de\/web\/?s={search_term_string}"},"query-input":{"@type":"PropertyValueSpecification","valueRequired":true,"valueName":"search_term_string"}}],"inLanguage":"de"},{"@type":"Organization","@id":"https:\/\/www.mettmann.de\/web\/#organization","name":"Kreisstadt Mettmann","url":"https:\/\/www.mettmann.de\/web\/","logo":{"@type":"ImageObject","inLanguage":"de","@id":"https:\/\/www.mettmann.de\/web\/#\/schema\/logo\/image\/","url":"https:\/\/www.mettmann.de\/web\/wp-content\/uploads\/2019\/08\/Kreisstadt_Mettmann_Logo_RGB_150dpi.png","contentUrl":"https:\/\/www.mettmann.de\/web\/wp-content\/uploads\/2019\/08\/Kreisstadt_Mettmann_Logo_RGB_150dpi.png","width":1302,"height":191,"caption":"Kreisstadt Mettmann"},"image":{"@id":"https:\/\/www.mettmann.de\/web\/#\/schema\/logo\/image\/"},"sameAs":["https:\/\/www.facebook.com\/kreisstadt.mettmann","https:\/\/de.wikipedia.org\/wiki\/Mettmann"]}]}},"_links":{"self":[{"href":"https:\/\/www.mettmann.de\/web\/wp-json\/wp\/v2\/pages\/1030","targetHints":{"allow":["GET"]}}],"collection":[{"href":"https:\/\/www.mettmann.de\/web\/wp-json\/wp\/v2\/pages"}],"about":[{"href":"https:\/\/www.mettmann.de\/web\/wp-json\/wp\/v2\/types\/page"}],"author":[{"embeddable":true,"href":"https:\/\/www.mettmann.de\/web\/wp-json\/wp\/v2\/users\/1"}],"replies":[{"embeddable":true,"href":"https:\/\/www.mettmann.de\/web\/wp-json\/wp\/v2\/comments?post=1030"}],"version-history":[{"count":2,"href":"https:\/\/www.mettmann.de\/web\/wp-json\/wp\/v2\/pages\/1030\/revisions"}],"predecessor-version":[{"id":1035,"href":"https:\/\/www.mettmann.de\/web\/wp-json\/wp\/v2\/pages\/1030\/revisions\/1035"}],"up":[{"embeddable":true,"href":"https:\/\/www.mettmann.de\/web\/wp-json\/wp\/v2\/pages\/1028"}],"wp:featuredmedia":[{"embeddable":true,"href":"https:\/\/www.mettmann.de\/web\/wp-json\/wp\/v2\/media\/1033"}],"wp:attachment":[{"href":"https:\/\/www.mettmann.de\/web\/wp-json\/wp\/v2\/media?parent=1030"}],"curies":[{"name":"wp","href":"https:\/\/api.w.org\/{rel}","templated":true}]}}