{"id":1040,"date":"2019-09-23T11:02:02","date_gmt":"2019-09-23T09:02:02","guid":{"rendered":"https:\/\/www.mettmann.de\/web\/?page_id=1040"},"modified":"2025-12-22T09:21:06","modified_gmt":"2025-12-22T08:21:06","slug":"marktwesen","status":"publish","type":"page","link":"https:\/\/www.mettmann.de\/web\/organisationsaufbau\/dezernat-1\/rechts-und-ordnungsamt\/sicherheit-und-ordnung\/marktwesen\/","title":{"rendered":"Marktwesen"},"content":{"rendered":"<h3>Zust\u00e4ndigkeiten<\/h3>\n<ul>\n<li>Marktwesen<\/li>\n<li>Markt\u00fcberwachung<\/li>\n<\/ul>\n<h3>Ansprechpartner\/innen<\/h3>\n<p class=\"eingerueckt40\"><a href=\"mailto:markus.heisig@mettmann.de\">Markus Heisig<\/a> &#8211; Telefon: 02104\/ 980-143<br \/>\n<a href=\"mailto:nicole.piovesan@mettmann.de\">Nicole Piovesan<\/a> &#8211; Telefon: 02104 \/ 980-139<\/p>\n<p class=\"eingerueckt40\">E-Mail: <a href=\"mailto:ordnung@mettmann.de\">ordnung@mettmann.de<\/a><\/p>\n<h3>Kontakt<\/h3>\n<p class=\"eingerueckt40\">montags bis freitags: 09.00 Uhr &#8211; 12.00 Uhr<br \/>\nmontags und dienstags: 14.00 Uhr &#8211; 15.30 Uhr<br \/>\ndonnerstags: 14.00 Uhr &#8211; 17.30 Uhr<\/p>\n<p>&nbsp;<\/p>\n<h3>Informationen zum Marktwesen<\/h3>\n<p class=\"eingerueckt40\">Der Wochenmarkt findet an jedem Mittwochvormittag und Samstagvormittag auf dem Jubil\u00e4umsplatzund der M\u00fchlenstra\u00dfe statt (an Samstagen mit Ausnahme des &#8222;Waschbretts&#8220;)<\/p>\n<p class=\"eingerueckt40\">Ist der vorgesehene Markttag ein gesetzlicher Feiertag oder f\u00e4llt er auf Heiligabend oder Silvester, findet der Markt einen Tag vorher statt<\/p>\n<p class=\"eingerueckt40\">Der Wochenmarkt beginnt um 8.00 Uhr und endet um 13.00 Uhr.<\/p>\n<p>&nbsp;<\/p>\n<h3>Gewerbe, Verordnungen und Satzungen<\/h3>\n<ul>\n<li><a title=\"Satzung zur Regelung des Marktwesens\" href=\"https:\/\/www.mettmann.de\/web\/wp-content\/uploads\/2025\/12\/12.005-Satzung-zur-Regelung-des-Marktwesens.pdf\" target=\"_blank\" rel=\"noopener noreferrer\">Satzung zur Regelung des Marktwesens<\/a><\/li>\n<li><a title=\"Zulassung von Waren des t\u00e4glichen Bedarfs auf dem auf dem Wochenmarkt\" href=\"https:\/\/www.mettmann.de\/ortsrecht\/pdf\/12.006.pdf\" target=\"_blank\" rel=\"noopener noreferrer\">Zulassung von Waren des t\u00e4glichen Bedarfs auf dem auf dem Wochenmarkt<\/a><\/li>\n<\/ul>\n<h3>Weitere Informationen<\/h3>\n<ul>\n<li><a href=\"\/web\/?page_id=982\">Informationen zum Mettmanner Wochenmarkt<\/a><\/li>\n<\/ul>\n","protected":false},"excerpt":{"rendered":"<p>Zust\u00e4ndigkeiten Marktwesen Markt\u00fcberwachung Ansprechpartner\/innen Markus Heisig &#8211; Telefon: 02104\/ 980-143 Nicole Piovesan &#8211; Telefon: 02104 \/ 980-139 E-Mail: ordnung@mettmann.de Kontakt montags bis freitags: 09.00 Uhr &#8211; 12.00 Uhr montags und dienstags: 14.00 Uhr &#8211; 15.30&#8230;<\/p>\n","protected":false},"author":1,"featured_media":983,"parent":971,"menu_order":6,"comment_status":"closed","ping_status":"closed","template":"","meta":{"ngg_post_thumbnail":0,"footnotes":""},"class_list":["post-1040","page","type-page","status-publish","has-post-thumbnail","hentry"],"yoast_head":"<!-- This site is optimized with the Yoast SEO plugin v27.2 - https:\/\/yoast.com\/product\/yoast-seo-wordpress\/ -->\n<title>Marktwesen | Stadtverwaltung Mettmann<\/title>\n<meta name=\"robots\" content=\"index, follow, max-snippet:-1, max-image-preview:large, max-video-preview:-1\" \/>\n<link rel=\"canonical\" href=\"https:\/\/www.mettmann.de\/web\/organisationsaufbau\/dezernat-1\/rechts-und-ordnungsamt\/sicherheit-und-ordnung\/marktwesen\/\" \/>\n<meta property=\"og:locale\" content=\"de_DE\" \/>\n<meta property=\"og:type\" content=\"article\" \/>\n<meta property=\"og:title\" content=\"Marktwesen | Stadtverwaltung Mettmann\" \/>\n<meta property=\"og:description\" content=\"Zust\u00e4ndigkeiten Marktwesen Markt\u00fcberwachung Ansprechpartner\/innen Markus Heisig &#8211; Telefon: 02104\/ 980-143 Nicole Piovesan &#8211; Telefon: 02104 \/ 980-139 E-Mail: ordnung@mettmann.de Kontakt montags bis freitags: 09.00 Uhr &#8211; 12.00 Uhr montags und dienstags: 14.00 Uhr &#8211; 15.30...\" \/>\n<meta property=\"og:url\" content=\"https:\/\/www.mettmann.de\/web\/organisationsaufbau\/dezernat-1\/rechts-und-ordnungsamt\/sicherheit-und-ordnung\/marktwesen\/\" \/>\n<meta property=\"og:site_name\" content=\"Stadtverwaltung Mettmann\" \/>\n<meta property=\"article:publisher\" content=\"https:\/\/www.facebook.com\/kreisstadt.mettmann\" \/>\n<meta property=\"article:modified_time\" content=\"2025-12-22T08:21:06+00:00\" \/>\n<meta property=\"og:image\" content=\"https:\/\/www.mettmann.de\/web\/wp-content\/uploads\/2019\/09\/vegetables-3808393_1280.jpg\" \/>\n\t<meta property=\"og:image:width\" content=\"1280\" \/>\n\t<meta property=\"og:image:height\" content=\"854\" \/>\n\t<meta property=\"og:image:type\" content=\"image\/jpeg\" \/>\n<meta name=\"twitter:card\" content=\"summary_large_image\" \/>\n<meta name=\"twitter:label1\" content=\"Gesch\u00e4tzte Lesezeit\" \/>\n\t<meta name=\"twitter:data1\" content=\"1\u00a0Minute\" \/>\n<script type=\"application\/ld+json\" class=\"yoast-schema-graph\">{\"@context\":\"https:\/\/schema.org\",\"@graph\":[{\"@type\":\"WebPage\",\"@id\":\"https:\/\/www.mettmann.de\/web\/organisationsaufbau\/dezernat-1\/rechts-und-ordnungsamt\/sicherheit-und-ordnung\/marktwesen\/\",\"url\":\"https:\/\/www.mettmann.de\/web\/organisationsaufbau\/dezernat-1\/rechts-und-ordnungsamt\/sicherheit-und-ordnung\/marktwesen\/\",\"name\":\"Marktwesen | Stadtverwaltung Mettmann\",\"isPartOf\":{\"@id\":\"https:\/\/www.mettmann.de\/web\/#website\"},\"primaryImageOfPage\":{\"@id\":\"https:\/\/www.mettmann.de\/web\/organisationsaufbau\/dezernat-1\/rechts-und-ordnungsamt\/sicherheit-und-ordnung\/marktwesen\/#primaryimage\"},\"image\":{\"@id\":\"https:\/\/www.mettmann.de\/web\/organisationsaufbau\/dezernat-1\/rechts-und-ordnungsamt\/sicherheit-und-ordnung\/marktwesen\/#primaryimage\"},\"thumbnailUrl\":\"https:\/\/www.mettmann.de\/web\/wp-content\/uploads\/2019\/09\/vegetables-3808393_1280.jpg\",\"datePublished\":\"2019-09-23T09:02:02+00:00\",\"dateModified\":\"2025-12-22T08:21:06+00:00\",\"breadcrumb\":{\"@id\":\"https:\/\/www.mettmann.de\/web\/organisationsaufbau\/dezernat-1\/rechts-und-ordnungsamt\/sicherheit-und-ordnung\/marktwesen\/#breadcrumb\"},\"inLanguage\":\"de\",\"potentialAction\":[{\"@type\":\"ReadAction\",\"target\":[\"https:\/\/www.mettmann.de\/web\/organisationsaufbau\/dezernat-1\/rechts-und-ordnungsamt\/sicherheit-und-ordnung\/marktwesen\/\"]}]},{\"@type\":\"ImageObject\",\"inLanguage\":\"de\",\"@id\":\"https:\/\/www.mettmann.de\/web\/organisationsaufbau\/dezernat-1\/rechts-und-ordnungsamt\/sicherheit-und-ordnung\/marktwesen\/#primaryimage\",\"url\":\"https:\/\/www.mettmann.de\/web\/wp-content\/uploads\/2019\/09\/vegetables-3808393_1280.jpg\",\"contentUrl\":\"https:\/\/www.mettmann.de\/web\/wp-content\/uploads\/2019\/09\/vegetables-3808393_1280.jpg\",\"width\":1280,\"height\":854,\"caption\":\"Symbolfoto: distel2610 \/ Pixabay\"},{\"@type\":\"BreadcrumbList\",\"@id\":\"https:\/\/www.mettmann.de\/web\/organisationsaufbau\/dezernat-1\/rechts-und-ordnungsamt\/sicherheit-und-ordnung\/marktwesen\/#breadcrumb\",\"itemListElement\":[{\"@type\":\"ListItem\",\"position\":1,\"name\":\"Startseite\",\"item\":\"https:\/\/www.mettmann.de\/web\/\"},{\"@type\":\"ListItem\",\"position\":2,\"name\":\"Stadtverwaltung\",\"item\":\"https:\/\/www.mettmann.de\/web\/organisationsaufbau\/\"},{\"@type\":\"ListItem\",\"position\":3,\"name\":\"Dezernat 1\",\"item\":\"https:\/\/www.mettmann.de\/web\/organisationsaufbau\/dezernat-1\/\"},{\"@type\":\"ListItem\",\"position\":4,\"name\":\"Amt f\u00fcr B\u00fcrgerservice und Ordnung\",\"item\":\"https:\/\/www.mettmann.de\/web\/organisationsaufbau\/dezernat-1\/rechts-und-ordnungsamt\/\"},{\"@type\":\"ListItem\",\"position\":5,\"name\":\"Sicherheit und Ordnung\",\"item\":\"https:\/\/www.mettmann.de\/web\/organisationsaufbau\/dezernat-1\/rechts-und-ordnungsamt\/sicherheit-und-ordnung\/\"},{\"@type\":\"ListItem\",\"position\":6,\"name\":\"Marktwesen\"}]},{\"@type\":\"WebSite\",\"@id\":\"https:\/\/www.mettmann.de\/web\/#website\",\"url\":\"https:\/\/www.mettmann.de\/web\/\",\"name\":\"Stadtverwaltung Mettmann\",\"description\":\"Internetseite der Kreisstadt Mettmann\",\"publisher\":{\"@id\":\"https:\/\/www.mettmann.de\/web\/#organization\"},\"potentialAction\":[{\"@type\":\"SearchAction\",\"target\":{\"@type\":\"EntryPoint\",\"urlTemplate\":\"https:\/\/www.mettmann.de\/web\/?s={search_term_string}\"},\"query-input\":{\"@type\":\"PropertyValueSpecification\",\"valueRequired\":true,\"valueName\":\"search_term_string\"}}],\"inLanguage\":\"de\"},{\"@type\":\"Organization\",\"@id\":\"https:\/\/www.mettmann.de\/web\/#organization\",\"name\":\"Kreisstadt Mettmann\",\"url\":\"https:\/\/www.mettmann.de\/web\/\",\"logo\":{\"@type\":\"ImageObject\",\"inLanguage\":\"de\",\"@id\":\"https:\/\/www.mettmann.de\/web\/#\/schema\/logo\/image\/\",\"url\":\"https:\/\/www.mettmann.de\/web\/wp-content\/uploads\/2019\/08\/Kreisstadt_Mettmann_Logo_RGB_150dpi.png\",\"contentUrl\":\"https:\/\/www.mettmann.de\/web\/wp-content\/uploads\/2019\/08\/Kreisstadt_Mettmann_Logo_RGB_150dpi.png\",\"width\":1302,\"height\":191,\"caption\":\"Kreisstadt Mettmann\"},\"image\":{\"@id\":\"https:\/\/www.mettmann.de\/web\/#\/schema\/logo\/image\/\"},\"sameAs\":[\"https:\/\/www.facebook.com\/kreisstadt.mettmann\",\"https:\/\/de.wikipedia.org\/wiki\/Mettmann\"]}]}<\/script>\n<!-- \/ Yoast SEO plugin. -->","yoast_head_json":{"title":"Marktwesen | Stadtverwaltung Mettmann","robots":{"index":"index","follow":"follow","max-snippet":"max-snippet:-1","max-image-preview":"max-image-preview:large","max-video-preview":"max-video-preview:-1"},"canonical":"https:\/\/www.mettmann.de\/web\/organisationsaufbau\/dezernat-1\/rechts-und-ordnungsamt\/sicherheit-und-ordnung\/marktwesen\/","og_locale":"de_DE","og_type":"article","og_title":"Marktwesen | Stadtverwaltung Mettmann","og_description":"Zust\u00e4ndigkeiten Marktwesen Markt\u00fcberwachung Ansprechpartner\/innen Markus Heisig &#8211; Telefon: 02104\/ 980-143 Nicole Piovesan &#8211; Telefon: 02104 \/ 980-139 E-Mail: ordnung@mettmann.de Kontakt montags bis freitags: 09.00 Uhr &#8211; 12.00 Uhr montags und dienstags: 14.00 Uhr &#8211; 15.30...","og_url":"https:\/\/www.mettmann.de\/web\/organisationsaufbau\/dezernat-1\/rechts-und-ordnungsamt\/sicherheit-und-ordnung\/marktwesen\/","og_site_name":"Stadtverwaltung Mettmann","article_publisher":"https:\/\/www.facebook.com\/kreisstadt.mettmann","article_modified_time":"2025-12-22T08:21:06+00:00","og_image":[{"width":1280,"height":854,"url":"https:\/\/www.mettmann.de\/web\/wp-content\/uploads\/2019\/09\/vegetables-3808393_1280.jpg","type":"image\/jpeg"}],"twitter_card":"summary_large_image","twitter_misc":{"Gesch\u00e4tzte Lesezeit":"1\u00a0Minute"},"schema":{"@context":"https:\/\/schema.org","@graph":[{"@type":"WebPage","@id":"https:\/\/www.mettmann.de\/web\/organisationsaufbau\/dezernat-1\/rechts-und-ordnungsamt\/sicherheit-und-ordnung\/marktwesen\/","url":"https:\/\/www.mettmann.de\/web\/organisationsaufbau\/dezernat-1\/rechts-und-ordnungsamt\/sicherheit-und-ordnung\/marktwesen\/","name":"Marktwesen | Stadtverwaltung Mettmann","isPartOf":{"@id":"https:\/\/www.mettmann.de\/web\/#website"},"primaryImageOfPage":{"@id":"https:\/\/www.mettmann.de\/web\/organisationsaufbau\/dezernat-1\/rechts-und-ordnungsamt\/sicherheit-und-ordnung\/marktwesen\/#primaryimage"},"image":{"@id":"https:\/\/www.mettmann.de\/web\/organisationsaufbau\/dezernat-1\/rechts-und-ordnungsamt\/sicherheit-und-ordnung\/marktwesen\/#primaryimage"},"thumbnailUrl":"https:\/\/www.mettmann.de\/web\/wp-content\/uploads\/2019\/09\/vegetables-3808393_1280.jpg","datePublished":"2019-09-23T09:02:02+00:00","dateModified":"2025-12-22T08:21:06+00:00","breadcrumb":{"@id":"https:\/\/www.mettmann.de\/web\/organisationsaufbau\/dezernat-1\/rechts-und-ordnungsamt\/sicherheit-und-ordnung\/marktwesen\/#breadcrumb"},"inLanguage":"de","potentialAction":[{"@type":"ReadAction","target":["https:\/\/www.mettmann.de\/web\/organisationsaufbau\/dezernat-1\/rechts-und-ordnungsamt\/sicherheit-und-ordnung\/marktwesen\/"]}]},{"@type":"ImageObject","inLanguage":"de","@id":"https:\/\/www.mettmann.de\/web\/organisationsaufbau\/dezernat-1\/rechts-und-ordnungsamt\/sicherheit-und-ordnung\/marktwesen\/#primaryimage","url":"https:\/\/www.mettmann.de\/web\/wp-content\/uploads\/2019\/09\/vegetables-3808393_1280.jpg","contentUrl":"https:\/\/www.mettmann.de\/web\/wp-content\/uploads\/2019\/09\/vegetables-3808393_1280.jpg","width":1280,"height":854,"caption":"Symbolfoto: distel2610 \/ Pixabay"},{"@type":"BreadcrumbList","@id":"https:\/\/www.mettmann.de\/web\/organisationsaufbau\/dezernat-1\/rechts-und-ordnungsamt\/sicherheit-und-ordnung\/marktwesen\/#breadcrumb","itemListElement":[{"@type":"ListItem","position":1,"name":"Startseite","item":"https:\/\/www.mettmann.de\/web\/"},{"@type":"ListItem","position":2,"name":"Stadtverwaltung","item":"https:\/\/www.mettmann.de\/web\/organisationsaufbau\/"},{"@type":"ListItem","position":3,"name":"Dezernat 1","item":"https:\/\/www.mettmann.de\/web\/organisationsaufbau\/dezernat-1\/"},{"@type":"ListItem","position":4,"name":"Amt f\u00fcr B\u00fcrgerservice und Ordnung","item":"https:\/\/www.mettmann.de\/web\/organisationsaufbau\/dezernat-1\/rechts-und-ordnungsamt\/"},{"@type":"ListItem","position":5,"name":"Sicherheit und Ordnung","item":"https:\/\/www.mettmann.de\/web\/organisationsaufbau\/dezernat-1\/rechts-und-ordnungsamt\/sicherheit-und-ordnung\/"},{"@type":"ListItem","position":6,"name":"Marktwesen"}]},{"@type":"WebSite","@id":"https:\/\/www.mettmann.de\/web\/#website","url":"https:\/\/www.mettmann.de\/web\/","name":"Stadtverwaltung Mettmann","description":"Internetseite der Kreisstadt Mettmann","publisher":{"@id":"https:\/\/www.mettmann.de\/web\/#organization"},"potentialAction":[{"@type":"SearchAction","target":{"@type":"EntryPoint","urlTemplate":"https:\/\/www.mettmann.de\/web\/?s={search_term_string}"},"query-input":{"@type":"PropertyValueSpecification","valueRequired":true,"valueName":"search_term_string"}}],"inLanguage":"de"},{"@type":"Organization","@id":"https:\/\/www.mettmann.de\/web\/#organization","name":"Kreisstadt Mettmann","url":"https:\/\/www.mettmann.de\/web\/","logo":{"@type":"ImageObject","inLanguage":"de","@id":"https:\/\/www.mettmann.de\/web\/#\/schema\/logo\/image\/","url":"https:\/\/www.mettmann.de\/web\/wp-content\/uploads\/2019\/08\/Kreisstadt_Mettmann_Logo_RGB_150dpi.png","contentUrl":"https:\/\/www.mettmann.de\/web\/wp-content\/uploads\/2019\/08\/Kreisstadt_Mettmann_Logo_RGB_150dpi.png","width":1302,"height":191,"caption":"Kreisstadt Mettmann"},"image":{"@id":"https:\/\/www.mettmann.de\/web\/#\/schema\/logo\/image\/"},"sameAs":["https:\/\/www.facebook.com\/kreisstadt.mettmann","https:\/\/de.wikipedia.org\/wiki\/Mettmann"]}]}},"_links":{"self":[{"href":"https:\/\/www.mettmann.de\/web\/wp-json\/wp\/v2\/pages\/1040","targetHints":{"allow":["GET"]}}],"collection":[{"href":"https:\/\/www.mettmann.de\/web\/wp-json\/wp\/v2\/pages"}],"about":[{"href":"https:\/\/www.mettmann.de\/web\/wp-json\/wp\/v2\/types\/page"}],"author":[{"embeddable":true,"href":"https:\/\/www.mettmann.de\/web\/wp-json\/wp\/v2\/users\/1"}],"replies":[{"embeddable":true,"href":"https:\/\/www.mettmann.de\/web\/wp-json\/wp\/v2\/comments?post=1040"}],"version-history":[{"count":5,"href":"https:\/\/www.mettmann.de\/web\/wp-json\/wp\/v2\/pages\/1040\/revisions"}],"predecessor-version":[{"id":57058,"href":"https:\/\/www.mettmann.de\/web\/wp-json\/wp\/v2\/pages\/1040\/revisions\/57058"}],"up":[{"embeddable":true,"href":"https:\/\/www.mettmann.de\/web\/wp-json\/wp\/v2\/pages\/971"}],"wp:featuredmedia":[{"embeddable":true,"href":"https:\/\/www.mettmann.de\/web\/wp-json\/wp\/v2\/media\/983"}],"wp:attachment":[{"href":"https:\/\/www.mettmann.de\/web\/wp-json\/wp\/v2\/media?parent=1040"}],"curies":[{"name":"wp","href":"https:\/\/api.w.org\/{rel}","templated":true}]}}