{"id":10424,"date":"2021-01-28T15:18:26","date_gmt":"2021-01-28T14:18:26","guid":{"rendered":"https:\/\/www.mettmann.de\/web\/?page_id=10424"},"modified":"2021-01-28T15:24:40","modified_gmt":"2021-01-28T14:24:40","slug":"kirmes-in-mettmann","status":"publish","type":"page","link":"https:\/\/www.mettmann.de\/web\/stadtportrait-infos\/kirmes-in-mettmann\/","title":{"rendered":"Kirmes in Mettmann"},"content":{"rendered":"<div id=\"attachment_10437\" style=\"width: 2570px\" class=\"wp-caption alignnone\"><img loading=\"lazy\" decoding=\"async\" aria-describedby=\"caption-attachment-10437\" class=\"wp-image-10437 size-full\" src=\"https:\/\/www.mettmann.de\/web\/wp-content\/uploads\/2021\/01\/schutzenkirmes-mettmann-scaled.jpg\" alt=\"Johanniskirmes Mettmann\" width=\"2560\" height=\"1323\" srcset=\"https:\/\/www.mettmann.de\/web\/wp-content\/uploads\/2021\/01\/schutzenkirmes-mettmann-scaled.jpg 2560w, https:\/\/www.mettmann.de\/web\/wp-content\/uploads\/2021\/01\/schutzenkirmes-mettmann-300x155.jpg 300w, https:\/\/www.mettmann.de\/web\/wp-content\/uploads\/2021\/01\/schutzenkirmes-mettmann-1024x529.jpg 1024w, https:\/\/www.mettmann.de\/web\/wp-content\/uploads\/2021\/01\/schutzenkirmes-mettmann-768x397.jpg 768w, https:\/\/www.mettmann.de\/web\/wp-content\/uploads\/2021\/01\/schutzenkirmes-mettmann-1536x794.jpg 1536w, https:\/\/www.mettmann.de\/web\/wp-content\/uploads\/2021\/01\/schutzenkirmes-mettmann-2048x1058.jpg 2048w\" sizes=\"auto, (max-width: 2560px) 100vw, 2560px\" \/><p id=\"caption-attachment-10437\" class=\"wp-caption-text\">Foto: Kreisstadt Mettmann<\/p><\/div>\n<p>Jedes Jahr feiert die <span class=\"aCOpRe\">St.-Sebastianus-Sch\u00fctzenbruderschaft von 1435 e.V. ihr gro\u00dfes Sch\u00fctzenfest rund um den Johannistag im Juni. Die Innenstadtkirmes ist in den letzten Jahren stetig gewachsen und damit zu einem Zuschauermagnet geworden. <\/span><\/p>\n<p>Im Rahmen des Sch\u00fctzenfestes finden zahlreiche Veranstaltungen in Mettmann statt, darunter nat\u00fcrlich der gro\u00dfe Sch\u00fctzenumzug und das K\u00f6nigsschie\u00dfen, aber auch der Empfang des Sch\u00fctzenpaares im Rathaus oder die Tanzveranstaltungen im Festzelt auf dem K\u00f6nigshofplatz.<\/p>\n<p>Weitere Informationen erh\u00e4lt man auf der <a href=\"https:\/\/www.facebook.com\/Bruderschaft.Mettmann\" target=\"_blank\" rel=\"noopener\">Facebookseite der Mettmanner Sch\u00fctzenbruderschaft<\/a>.<\/p>\n<h3>Bildergalerie<\/h3>\n<div id='gallery-1' class='gallery galleryid-10424 gallery-columns-6 gallery-size-thumbnail'><dl class='gallery-item'>\n\t\t\t<dt class='gallery-icon landscape'>\n\t\t\t\t<a href='https:\/\/www.mettmann.de\/web\/wp-content\/uploads\/2021\/01\/schuetzen-kirmes-mettmann-01.jpg'><img loading=\"lazy\" decoding=\"async\" width=\"90\" height=\"90\" src=\"https:\/\/www.mettmann.de\/web\/wp-content\/uploads\/2021\/01\/schuetzen-kirmes-mettmann-01-90x90.jpg\" class=\"attachment-thumbnail size-thumbnail\" alt=\"Sch\u00fctzenkirmes Mettmann\" \/><\/a>\n\t\t\t<\/dt><\/dl><dl class='gallery-item'>\n\t\t\t<dt class='gallery-icon landscape'>\n\t\t\t\t<a href='https:\/\/www.mettmann.de\/web\/wp-content\/uploads\/2021\/01\/schuetzen-kirmes-mettmann-02.jpg'><img loading=\"lazy\" decoding=\"async\" width=\"90\" height=\"90\" src=\"https:\/\/www.mettmann.de\/web\/wp-content\/uploads\/2021\/01\/schuetzen-kirmes-mettmann-02-90x90.jpg\" class=\"attachment-thumbnail size-thumbnail\" alt=\"Sch\u00fctzenkirmes Mettmann\" \/><\/a>\n\t\t\t<\/dt><\/dl><dl class='gallery-item'>\n\t\t\t<dt class='gallery-icon landscape'>\n\t\t\t\t<a href='https:\/\/www.mettmann.de\/web\/wp-content\/uploads\/2021\/01\/schuetzen-kirmes-mettmann-03.jpg'><img loading=\"lazy\" decoding=\"async\" width=\"90\" height=\"90\" src=\"https:\/\/www.mettmann.de\/web\/wp-content\/uploads\/2021\/01\/schuetzen-kirmes-mettmann-03-90x90.jpg\" class=\"attachment-thumbnail size-thumbnail\" alt=\"Sch\u00fctzenkirmes Mettmann\" \/><\/a>\n\t\t\t<\/dt><\/dl><dl class='gallery-item'>\n\t\t\t<dt class='gallery-icon landscape'>\n\t\t\t\t<a href='https:\/\/www.mettmann.de\/web\/wp-content\/uploads\/2021\/01\/schuetzen-kirmes-mettmann-04.jpg'><img loading=\"lazy\" decoding=\"async\" width=\"90\" height=\"90\" src=\"https:\/\/www.mettmann.de\/web\/wp-content\/uploads\/2021\/01\/schuetzen-kirmes-mettmann-04-90x90.jpg\" class=\"attachment-thumbnail size-thumbnail\" alt=\"Sch\u00fctzenkirmes Mettmann\" \/><\/a>\n\t\t\t<\/dt><\/dl><dl class='gallery-item'>\n\t\t\t<dt class='gallery-icon landscape'>\n\t\t\t\t<a href='https:\/\/www.mettmann.de\/web\/wp-content\/uploads\/2021\/01\/schuetzen-kirmes-mettmann-05.jpg'><img loading=\"lazy\" decoding=\"async\" width=\"90\" height=\"90\" src=\"https:\/\/www.mettmann.de\/web\/wp-content\/uploads\/2021\/01\/schuetzen-kirmes-mettmann-05-90x90.jpg\" class=\"attachment-thumbnail size-thumbnail\" alt=\"Sch\u00fctzenkirmes Mettmann\" \/><\/a>\n\t\t\t<\/dt><\/dl><dl class='gallery-item'>\n\t\t\t<dt class='gallery-icon landscape'>\n\t\t\t\t<a href='https:\/\/www.mettmann.de\/web\/wp-content\/uploads\/2021\/01\/schuetzen-kirmes-mettmann-06.jpg'><img loading=\"lazy\" decoding=\"async\" width=\"90\" height=\"90\" src=\"https:\/\/www.mettmann.de\/web\/wp-content\/uploads\/2021\/01\/schuetzen-kirmes-mettmann-06-90x90.jpg\" class=\"attachment-thumbnail size-thumbnail\" alt=\"Sch\u00fctzenkirmes Mettmann\" \/><\/a>\n\t\t\t<\/dt><\/dl><br style=\"clear: both\" \/><dl class='gallery-item'>\n\t\t\t<dt class='gallery-icon landscape'>\n\t\t\t\t<a href='https:\/\/www.mettmann.de\/web\/wp-content\/uploads\/2021\/01\/schuetzen-kirmes-mettmann-07.jpg'><img loading=\"lazy\" decoding=\"async\" width=\"90\" height=\"90\" src=\"https:\/\/www.mettmann.de\/web\/wp-content\/uploads\/2021\/01\/schuetzen-kirmes-mettmann-07-90x90.jpg\" class=\"attachment-thumbnail size-thumbnail\" alt=\"Sch\u00fctzenkirmes Mettmann\" \/><\/a>\n\t\t\t<\/dt><\/dl><dl class='gallery-item'>\n\t\t\t<dt class='gallery-icon landscape'>\n\t\t\t\t<a href='https:\/\/www.mettmann.de\/web\/wp-content\/uploads\/2021\/01\/schuetzen-kirmes-mettmann-08.jpg'><img loading=\"lazy\" decoding=\"async\" width=\"90\" height=\"90\" src=\"https:\/\/www.mettmann.de\/web\/wp-content\/uploads\/2021\/01\/schuetzen-kirmes-mettmann-08-90x90.jpg\" class=\"attachment-thumbnail size-thumbnail\" alt=\"Sch\u00fctzenkirmes Mettmann\" \/><\/a>\n\t\t\t<\/dt><\/dl><dl class='gallery-item'>\n\t\t\t<dt class='gallery-icon landscape'>\n\t\t\t\t<a href='https:\/\/www.mettmann.de\/web\/wp-content\/uploads\/2021\/01\/schuetzen-kirmes-mettmann-09.jpg'><img loading=\"lazy\" decoding=\"async\" width=\"90\" height=\"90\" src=\"https:\/\/www.mettmann.de\/web\/wp-content\/uploads\/2021\/01\/schuetzen-kirmes-mettmann-09-90x90.jpg\" class=\"attachment-thumbnail size-thumbnail\" alt=\"Sch\u00fctzenkirmes Mettmann\" \/><\/a>\n\t\t\t<\/dt><\/dl><dl class='gallery-item'>\n\t\t\t<dt class='gallery-icon landscape'>\n\t\t\t\t<a href='https:\/\/www.mettmann.de\/web\/wp-content\/uploads\/2021\/01\/schuetzen-kirmes-mettmann-10.jpg'><img loading=\"lazy\" decoding=\"async\" width=\"90\" height=\"90\" src=\"https:\/\/www.mettmann.de\/web\/wp-content\/uploads\/2021\/01\/schuetzen-kirmes-mettmann-10-90x90.jpg\" class=\"attachment-thumbnail size-thumbnail\" alt=\"Sch\u00fctzenkirmes Mettmann\" \/><\/a>\n\t\t\t<\/dt><\/dl><dl class='gallery-item'>\n\t\t\t<dt class='gallery-icon landscape'>\n\t\t\t\t<a href='https:\/\/www.mettmann.de\/web\/wp-content\/uploads\/2021\/01\/schuetzen-kirmes-mettmann-11.jpg'><img loading=\"lazy\" decoding=\"async\" width=\"90\" height=\"90\" src=\"https:\/\/www.mettmann.de\/web\/wp-content\/uploads\/2021\/01\/schuetzen-kirmes-mettmann-11-90x90.jpg\" class=\"attachment-thumbnail size-thumbnail\" alt=\"Sch\u00fctzenkirmes Mettmann\" \/><\/a>\n\t\t\t<\/dt><\/dl><dl class='gallery-item'>\n\t\t\t<dt class='gallery-icon landscape'>\n\t\t\t\t<a href='https:\/\/www.mettmann.de\/web\/wp-content\/uploads\/2021\/01\/schuetzen-kirmes-mettmann-12.jpg'><img loading=\"lazy\" decoding=\"async\" width=\"90\" height=\"90\" src=\"https:\/\/www.mettmann.de\/web\/wp-content\/uploads\/2021\/01\/schuetzen-kirmes-mettmann-12-90x90.jpg\" class=\"attachment-thumbnail size-thumbnail\" alt=\"Sch\u00fctzenkirmes Mettmann\" aria-describedby=\"gallery-1-10436\" \/><\/a>\n\t\t\t<\/dt>\n\t\t\t\t<dd class='wp-caption-text gallery-caption' id='gallery-1-10436'>\n\t\t\t\tDie Johanniskirmes wird am 23. Juni um 14 Uhr er\u00f6ffnet. (Archivfoto: Kreistadt Mettmann)\n\t\t\t\t<\/dd><\/dl><br style=\"clear: both\" \/>\n\t\t<\/div>\n\n","protected":false},"excerpt":{"rendered":"<p>Jedes Jahr feiert die St.-Sebastianus-Sch\u00fctzenbruderschaft von 1435 e.V. ihr gro\u00dfes Sch\u00fctzenfest rund um den Johannistag im Juni. Die Innenstadtkirmes ist in den letzten Jahren stetig gewachsen und damit zu einem Zuschauermagnet geworden. Im Rahmen des&#8230;<\/p>\n","protected":false},"author":1,"featured_media":10437,"parent":1442,"menu_order":13,"comment_status":"closed","ping_status":"closed","template":"","meta":{"ngg_post_thumbnail":0,"footnotes":""},"class_list":["post-10424","page","type-page","status-publish","has-post-thumbnail","hentry"],"yoast_head":"<!-- This site is optimized with the Yoast SEO plugin v27.2 - https:\/\/yoast.com\/product\/yoast-seo-wordpress\/ -->\n<title>Kirmes in Mettmann | Stadtverwaltung Mettmann<\/title>\n<meta name=\"robots\" content=\"index, follow, max-snippet:-1, max-image-preview:large, max-video-preview:-1\" \/>\n<link rel=\"canonical\" href=\"https:\/\/www.mettmann.de\/web\/stadtportrait-infos\/kirmes-in-mettmann\/\" \/>\n<meta property=\"og:locale\" content=\"de_DE\" \/>\n<meta property=\"og:type\" content=\"article\" \/>\n<meta property=\"og:title\" content=\"Kirmes in Mettmann | Stadtverwaltung Mettmann\" \/>\n<meta property=\"og:description\" content=\"Jedes Jahr feiert die St.-Sebastianus-Sch\u00fctzenbruderschaft von 1435 e.V. ihr gro\u00dfes Sch\u00fctzenfest rund um den Johannistag im Juni. Die Innenstadtkirmes ist in den letzten Jahren stetig gewachsen und damit zu einem Zuschauermagnet geworden. Im Rahmen des...\" \/>\n<meta property=\"og:url\" content=\"https:\/\/www.mettmann.de\/web\/stadtportrait-infos\/kirmes-in-mettmann\/\" \/>\n<meta property=\"og:site_name\" content=\"Stadtverwaltung Mettmann\" \/>\n<meta property=\"article:publisher\" content=\"https:\/\/www.facebook.com\/kreisstadt.mettmann\" \/>\n<meta property=\"article:modified_time\" content=\"2021-01-28T14:24:40+00:00\" \/>\n<meta property=\"og:image\" content=\"https:\/\/www.mettmann.de\/web\/wp-content\/uploads\/2021\/01\/schutzenkirmes-mettmann-scaled.jpg\" \/>\n\t<meta property=\"og:image:width\" content=\"2560\" \/>\n\t<meta property=\"og:image:height\" content=\"1323\" \/>\n\t<meta property=\"og:image:type\" content=\"image\/jpeg\" \/>\n<meta name=\"twitter:card\" content=\"summary_large_image\" \/>\n<meta name=\"twitter:label1\" content=\"Gesch\u00e4tzte Lesezeit\" \/>\n\t<meta name=\"twitter:data1\" content=\"1\u00a0Minute\" \/>\n<script type=\"application\/ld+json\" class=\"yoast-schema-graph\">{\"@context\":\"https:\/\/schema.org\",\"@graph\":[{\"@type\":\"WebPage\",\"@id\":\"https:\/\/www.mettmann.de\/web\/stadtportrait-infos\/kirmes-in-mettmann\/\",\"url\":\"https:\/\/www.mettmann.de\/web\/stadtportrait-infos\/kirmes-in-mettmann\/\",\"name\":\"Kirmes in Mettmann | Stadtverwaltung Mettmann\",\"isPartOf\":{\"@id\":\"https:\/\/www.mettmann.de\/web\/#website\"},\"primaryImageOfPage\":{\"@id\":\"https:\/\/www.mettmann.de\/web\/stadtportrait-infos\/kirmes-in-mettmann\/#primaryimage\"},\"image\":{\"@id\":\"https:\/\/www.mettmann.de\/web\/stadtportrait-infos\/kirmes-in-mettmann\/#primaryimage\"},\"thumbnailUrl\":\"https:\/\/www.mettmann.de\/web\/wp-content\/uploads\/2021\/01\/schutzenkirmes-mettmann-scaled.jpg\",\"datePublished\":\"2021-01-28T14:18:26+00:00\",\"dateModified\":\"2021-01-28T14:24:40+00:00\",\"breadcrumb\":{\"@id\":\"https:\/\/www.mettmann.de\/web\/stadtportrait-infos\/kirmes-in-mettmann\/#breadcrumb\"},\"inLanguage\":\"de\",\"potentialAction\":[{\"@type\":\"ReadAction\",\"target\":[\"https:\/\/www.mettmann.de\/web\/stadtportrait-infos\/kirmes-in-mettmann\/\"]}]},{\"@type\":\"ImageObject\",\"inLanguage\":\"de\",\"@id\":\"https:\/\/www.mettmann.de\/web\/stadtportrait-infos\/kirmes-in-mettmann\/#primaryimage\",\"url\":\"https:\/\/www.mettmann.de\/web\/wp-content\/uploads\/2021\/01\/schutzenkirmes-mettmann-scaled.jpg\",\"contentUrl\":\"https:\/\/www.mettmann.de\/web\/wp-content\/uploads\/2021\/01\/schutzenkirmes-mettmann-scaled.jpg\",\"width\":2560,\"height\":1323,\"caption\":\"Johanniskirmes Mettmann\"},{\"@type\":\"BreadcrumbList\",\"@id\":\"https:\/\/www.mettmann.de\/web\/stadtportrait-infos\/kirmes-in-mettmann\/#breadcrumb\",\"itemListElement\":[{\"@type\":\"ListItem\",\"position\":1,\"name\":\"Startseite\",\"item\":\"https:\/\/www.mettmann.de\/web\/\"},{\"@type\":\"ListItem\",\"position\":2,\"name\":\"Stadtportrait &#038; Infos\",\"item\":\"https:\/\/www.mettmann.de\/web\/stadtportrait-infos\/\"},{\"@type\":\"ListItem\",\"position\":3,\"name\":\"Kirmes in Mettmann\"}]},{\"@type\":\"WebSite\",\"@id\":\"https:\/\/www.mettmann.de\/web\/#website\",\"url\":\"https:\/\/www.mettmann.de\/web\/\",\"name\":\"Stadtverwaltung Mettmann\",\"description\":\"Internetseite der Kreisstadt Mettmann\",\"publisher\":{\"@id\":\"https:\/\/www.mettmann.de\/web\/#organization\"},\"potentialAction\":[{\"@type\":\"SearchAction\",\"target\":{\"@type\":\"EntryPoint\",\"urlTemplate\":\"https:\/\/www.mettmann.de\/web\/?s={search_term_string}\"},\"query-input\":{\"@type\":\"PropertyValueSpecification\",\"valueRequired\":true,\"valueName\":\"search_term_string\"}}],\"inLanguage\":\"de\"},{\"@type\":\"Organization\",\"@id\":\"https:\/\/www.mettmann.de\/web\/#organization\",\"name\":\"Kreisstadt Mettmann\",\"url\":\"https:\/\/www.mettmann.de\/web\/\",\"logo\":{\"@type\":\"ImageObject\",\"inLanguage\":\"de\",\"@id\":\"https:\/\/www.mettmann.de\/web\/#\/schema\/logo\/image\/\",\"url\":\"https:\/\/www.mettmann.de\/web\/wp-content\/uploads\/2019\/08\/Kreisstadt_Mettmann_Logo_RGB_150dpi.png\",\"contentUrl\":\"https:\/\/www.mettmann.de\/web\/wp-content\/uploads\/2019\/08\/Kreisstadt_Mettmann_Logo_RGB_150dpi.png\",\"width\":1302,\"height\":191,\"caption\":\"Kreisstadt Mettmann\"},\"image\":{\"@id\":\"https:\/\/www.mettmann.de\/web\/#\/schema\/logo\/image\/\"},\"sameAs\":[\"https:\/\/www.facebook.com\/kreisstadt.mettmann\",\"https:\/\/de.wikipedia.org\/wiki\/Mettmann\"]}]}<\/script>\n<!-- \/ Yoast SEO plugin. -->","yoast_head_json":{"title":"Kirmes in Mettmann | Stadtverwaltung Mettmann","robots":{"index":"index","follow":"follow","max-snippet":"max-snippet:-1","max-image-preview":"max-image-preview:large","max-video-preview":"max-video-preview:-1"},"canonical":"https:\/\/www.mettmann.de\/web\/stadtportrait-infos\/kirmes-in-mettmann\/","og_locale":"de_DE","og_type":"article","og_title":"Kirmes in Mettmann | Stadtverwaltung Mettmann","og_description":"Jedes Jahr feiert die St.-Sebastianus-Sch\u00fctzenbruderschaft von 1435 e.V. ihr gro\u00dfes Sch\u00fctzenfest rund um den Johannistag im Juni. Die Innenstadtkirmes ist in den letzten Jahren stetig gewachsen und damit zu einem Zuschauermagnet geworden. Im Rahmen des...","og_url":"https:\/\/www.mettmann.de\/web\/stadtportrait-infos\/kirmes-in-mettmann\/","og_site_name":"Stadtverwaltung Mettmann","article_publisher":"https:\/\/www.facebook.com\/kreisstadt.mettmann","article_modified_time":"2021-01-28T14:24:40+00:00","og_image":[{"width":2560,"height":1323,"url":"https:\/\/www.mettmann.de\/web\/wp-content\/uploads\/2021\/01\/schutzenkirmes-mettmann-scaled.jpg","type":"image\/jpeg"}],"twitter_card":"summary_large_image","twitter_misc":{"Gesch\u00e4tzte Lesezeit":"1\u00a0Minute"},"schema":{"@context":"https:\/\/schema.org","@graph":[{"@type":"WebPage","@id":"https:\/\/www.mettmann.de\/web\/stadtportrait-infos\/kirmes-in-mettmann\/","url":"https:\/\/www.mettmann.de\/web\/stadtportrait-infos\/kirmes-in-mettmann\/","name":"Kirmes in Mettmann | Stadtverwaltung Mettmann","isPartOf":{"@id":"https:\/\/www.mettmann.de\/web\/#website"},"primaryImageOfPage":{"@id":"https:\/\/www.mettmann.de\/web\/stadtportrait-infos\/kirmes-in-mettmann\/#primaryimage"},"image":{"@id":"https:\/\/www.mettmann.de\/web\/stadtportrait-infos\/kirmes-in-mettmann\/#primaryimage"},"thumbnailUrl":"https:\/\/www.mettmann.de\/web\/wp-content\/uploads\/2021\/01\/schutzenkirmes-mettmann-scaled.jpg","datePublished":"2021-01-28T14:18:26+00:00","dateModified":"2021-01-28T14:24:40+00:00","breadcrumb":{"@id":"https:\/\/www.mettmann.de\/web\/stadtportrait-infos\/kirmes-in-mettmann\/#breadcrumb"},"inLanguage":"de","potentialAction":[{"@type":"ReadAction","target":["https:\/\/www.mettmann.de\/web\/stadtportrait-infos\/kirmes-in-mettmann\/"]}]},{"@type":"ImageObject","inLanguage":"de","@id":"https:\/\/www.mettmann.de\/web\/stadtportrait-infos\/kirmes-in-mettmann\/#primaryimage","url":"https:\/\/www.mettmann.de\/web\/wp-content\/uploads\/2021\/01\/schutzenkirmes-mettmann-scaled.jpg","contentUrl":"https:\/\/www.mettmann.de\/web\/wp-content\/uploads\/2021\/01\/schutzenkirmes-mettmann-scaled.jpg","width":2560,"height":1323,"caption":"Johanniskirmes Mettmann"},{"@type":"BreadcrumbList","@id":"https:\/\/www.mettmann.de\/web\/stadtportrait-infos\/kirmes-in-mettmann\/#breadcrumb","itemListElement":[{"@type":"ListItem","position":1,"name":"Startseite","item":"https:\/\/www.mettmann.de\/web\/"},{"@type":"ListItem","position":2,"name":"Stadtportrait &#038; Infos","item":"https:\/\/www.mettmann.de\/web\/stadtportrait-infos\/"},{"@type":"ListItem","position":3,"name":"Kirmes in Mettmann"}]},{"@type":"WebSite","@id":"https:\/\/www.mettmann.de\/web\/#website","url":"https:\/\/www.mettmann.de\/web\/","name":"Stadtverwaltung Mettmann","description":"Internetseite der Kreisstadt Mettmann","publisher":{"@id":"https:\/\/www.mettmann.de\/web\/#organization"},"potentialAction":[{"@type":"SearchAction","target":{"@type":"EntryPoint","urlTemplate":"https:\/\/www.mettmann.de\/web\/?s={search_term_string}"},"query-input":{"@type":"PropertyValueSpecification","valueRequired":true,"valueName":"search_term_string"}}],"inLanguage":"de"},{"@type":"Organization","@id":"https:\/\/www.mettmann.de\/web\/#organization","name":"Kreisstadt Mettmann","url":"https:\/\/www.mettmann.de\/web\/","logo":{"@type":"ImageObject","inLanguage":"de","@id":"https:\/\/www.mettmann.de\/web\/#\/schema\/logo\/image\/","url":"https:\/\/www.mettmann.de\/web\/wp-content\/uploads\/2019\/08\/Kreisstadt_Mettmann_Logo_RGB_150dpi.png","contentUrl":"https:\/\/www.mettmann.de\/web\/wp-content\/uploads\/2019\/08\/Kreisstadt_Mettmann_Logo_RGB_150dpi.png","width":1302,"height":191,"caption":"Kreisstadt Mettmann"},"image":{"@id":"https:\/\/www.mettmann.de\/web\/#\/schema\/logo\/image\/"},"sameAs":["https:\/\/www.facebook.com\/kreisstadt.mettmann","https:\/\/de.wikipedia.org\/wiki\/Mettmann"]}]}},"_links":{"self":[{"href":"https:\/\/www.mettmann.de\/web\/wp-json\/wp\/v2\/pages\/10424","targetHints":{"allow":["GET"]}}],"collection":[{"href":"https:\/\/www.mettmann.de\/web\/wp-json\/wp\/v2\/pages"}],"about":[{"href":"https:\/\/www.mettmann.de\/web\/wp-json\/wp\/v2\/types\/page"}],"author":[{"embeddable":true,"href":"https:\/\/www.mettmann.de\/web\/wp-json\/wp\/v2\/users\/1"}],"replies":[{"embeddable":true,"href":"https:\/\/www.mettmann.de\/web\/wp-json\/wp\/v2\/comments?post=10424"}],"version-history":[{"count":2,"href":"https:\/\/www.mettmann.de\/web\/wp-json\/wp\/v2\/pages\/10424\/revisions"}],"predecessor-version":[{"id":10439,"href":"https:\/\/www.mettmann.de\/web\/wp-json\/wp\/v2\/pages\/10424\/revisions\/10439"}],"up":[{"embeddable":true,"href":"https:\/\/www.mettmann.de\/web\/wp-json\/wp\/v2\/pages\/1442"}],"wp:featuredmedia":[{"embeddable":true,"href":"https:\/\/www.mettmann.de\/web\/wp-json\/wp\/v2\/media\/10437"}],"wp:attachment":[{"href":"https:\/\/www.mettmann.de\/web\/wp-json\/wp\/v2\/media?parent=10424"}],"curies":[{"name":"wp","href":"https:\/\/api.w.org\/{rel}","templated":true}]}}