{"id":10503,"date":"2021-02-01T16:24:16","date_gmt":"2021-02-01T15:24:16","guid":{"rendered":"https:\/\/www.mettmann.de\/web\/?page_id=10503"},"modified":"2021-02-01T16:24:59","modified_gmt":"2021-02-01T15:24:59","slug":"gedenkplakette-der-kreisgemeinschaft-angerapp","status":"publish","type":"page","link":"https:\/\/www.mettmann.de\/web\/stadtportrait-infos\/gebaeude-denkmaeler-skulpturen\/gedenkplakette-der-kreisgemeinschaft-angerapp\/","title":{"rendered":"Gedenkplakette der Kreisgemeinschaft Angerapp"},"content":{"rendered":"<div id=\"attachment_10504\" style=\"width: 2058px\" class=\"wp-caption alignnone\"><img loading=\"lazy\" decoding=\"async\" aria-describedby=\"caption-attachment-10504\" class=\"size-full wp-image-10504\" src=\"https:\/\/www.mettmann.de\/web\/wp-content\/uploads\/2021\/02\/gedenkplakette-angerapp-mettmann.jpg\" alt=\"Plakette der Kreisgemeinschaft Angerapp\" width=\"2048\" height=\"1152\" srcset=\"https:\/\/www.mettmann.de\/web\/wp-content\/uploads\/2021\/02\/gedenkplakette-angerapp-mettmann.jpg 2048w, https:\/\/www.mettmann.de\/web\/wp-content\/uploads\/2021\/02\/gedenkplakette-angerapp-mettmann-300x169.jpg 300w, https:\/\/www.mettmann.de\/web\/wp-content\/uploads\/2021\/02\/gedenkplakette-angerapp-mettmann-1024x576.jpg 1024w, https:\/\/www.mettmann.de\/web\/wp-content\/uploads\/2021\/02\/gedenkplakette-angerapp-mettmann-768x432.jpg 768w, https:\/\/www.mettmann.de\/web\/wp-content\/uploads\/2021\/02\/gedenkplakette-angerapp-mettmann-1536x864.jpg 1536w, https:\/\/www.mettmann.de\/web\/wp-content\/uploads\/2021\/02\/gedenkplakette-angerapp-mettmann-777x437.jpg 777w, https:\/\/www.mettmann.de\/web\/wp-content\/uploads\/2021\/02\/gedenkplakette-angerapp-mettmann-260x146.jpg 260w, https:\/\/www.mettmann.de\/web\/wp-content\/uploads\/2021\/02\/gedenkplakette-angerapp-mettmann-120x67.jpg 120w\" sizes=\"auto, (max-width: 2048px) 100vw, 2048px\" \/><p id=\"caption-attachment-10504\" class=\"wp-caption-text\">Foto: Kreisstadt Mettmann<\/p><\/div>\n<p>Im Jahr 2004 j\u00e4hrte sich die Unterzeichnung der Patenschaftskurkunde zwischen der Kreisgemeinschaft Angerapp und der Kreisstadt Mettmann zum f\u00fcnfzigsten Mal.<\/p>\n<p>Aus diesem Anlass stiftete die Kreisgemeinschaft ihrer Patenstadt Mettmann eine Gedenkplakette. In ihrer Aufschrift erinnert sie daran, dass die Patenschaft &#8222;Ausdruck der kulturellen Verpflichtung und der ideellen Verbindung&#8220; ist.<\/p>\n<p>Die Plakette ist in das Pflaster des Fu\u00dfweges zwischen der Mittelstra\u00dfe und dem Marktplatz eingelassen, unmittelbar vor dem Stadtgeschichtshaus. Am 23. Mai 2004 \u00fcberreichte der Vorsitzende der Kreisgemeinschaft Angerapp, Fritz Pauluhn, das Geschenk an die Patenstadt Mettmann.<\/p>\n","protected":false},"excerpt":{"rendered":"<p>Im Jahr 2004 j\u00e4hrte sich die Unterzeichnung der Patenschaftskurkunde zwischen der Kreisgemeinschaft Angerapp und der Kreisstadt Mettmann zum f\u00fcnfzigsten Mal. Aus diesem Anlass stiftete die Kreisgemeinschaft ihrer Patenstadt Mettmann eine Gedenkplakette. In ihrer Aufschrift erinnert&#8230;<\/p>\n","protected":false},"author":1,"featured_media":10504,"parent":10023,"menu_order":10,"comment_status":"closed","ping_status":"closed","template":"","meta":{"ngg_post_thumbnail":0,"footnotes":""},"class_list":["post-10503","page","type-page","status-publish","has-post-thumbnail","hentry"],"yoast_head":"<!-- This site is optimized with the Yoast SEO plugin v27.2 - https:\/\/yoast.com\/product\/yoast-seo-wordpress\/ -->\n<title>Gedenkplakette der Kreisgemeinschaft Angerapp | Stadtverwaltung Mettmann<\/title>\n<meta name=\"robots\" content=\"index, follow, max-snippet:-1, max-image-preview:large, max-video-preview:-1\" \/>\n<link rel=\"canonical\" href=\"https:\/\/www.mettmann.de\/web\/stadtportrait-infos\/gebaeude-denkmaeler-skulpturen\/gedenkplakette-der-kreisgemeinschaft-angerapp\/\" \/>\n<meta property=\"og:locale\" content=\"de_DE\" \/>\n<meta property=\"og:type\" content=\"article\" \/>\n<meta property=\"og:title\" content=\"Gedenkplakette der Kreisgemeinschaft Angerapp | Stadtverwaltung Mettmann\" \/>\n<meta property=\"og:description\" content=\"Im Jahr 2004 j\u00e4hrte sich die Unterzeichnung der Patenschaftskurkunde zwischen der Kreisgemeinschaft Angerapp und der Kreisstadt Mettmann zum f\u00fcnfzigsten Mal. Aus diesem Anlass stiftete die Kreisgemeinschaft ihrer Patenstadt Mettmann eine Gedenkplakette. In ihrer Aufschrift erinnert...\" \/>\n<meta property=\"og:url\" content=\"https:\/\/www.mettmann.de\/web\/stadtportrait-infos\/gebaeude-denkmaeler-skulpturen\/gedenkplakette-der-kreisgemeinschaft-angerapp\/\" \/>\n<meta property=\"og:site_name\" content=\"Stadtverwaltung Mettmann\" \/>\n<meta property=\"article:publisher\" content=\"https:\/\/www.facebook.com\/kreisstadt.mettmann\" \/>\n<meta property=\"article:modified_time\" content=\"2021-02-01T15:24:59+00:00\" \/>\n<meta property=\"og:image\" content=\"https:\/\/www.mettmann.de\/web\/wp-content\/uploads\/2021\/02\/gedenkplakette-angerapp-mettmann.jpg\" \/>\n\t<meta property=\"og:image:width\" content=\"2048\" \/>\n\t<meta property=\"og:image:height\" content=\"1152\" \/>\n\t<meta property=\"og:image:type\" content=\"image\/jpeg\" \/>\n<meta name=\"twitter:card\" content=\"summary_large_image\" \/>\n<script type=\"application\/ld+json\" class=\"yoast-schema-graph\">{\"@context\":\"https:\/\/schema.org\",\"@graph\":[{\"@type\":\"WebPage\",\"@id\":\"https:\/\/www.mettmann.de\/web\/stadtportrait-infos\/gebaeude-denkmaeler-skulpturen\/gedenkplakette-der-kreisgemeinschaft-angerapp\/\",\"url\":\"https:\/\/www.mettmann.de\/web\/stadtportrait-infos\/gebaeude-denkmaeler-skulpturen\/gedenkplakette-der-kreisgemeinschaft-angerapp\/\",\"name\":\"Gedenkplakette der Kreisgemeinschaft Angerapp | Stadtverwaltung Mettmann\",\"isPartOf\":{\"@id\":\"https:\/\/www.mettmann.de\/web\/#website\"},\"primaryImageOfPage\":{\"@id\":\"https:\/\/www.mettmann.de\/web\/stadtportrait-infos\/gebaeude-denkmaeler-skulpturen\/gedenkplakette-der-kreisgemeinschaft-angerapp\/#primaryimage\"},\"image\":{\"@id\":\"https:\/\/www.mettmann.de\/web\/stadtportrait-infos\/gebaeude-denkmaeler-skulpturen\/gedenkplakette-der-kreisgemeinschaft-angerapp\/#primaryimage\"},\"thumbnailUrl\":\"https:\/\/www.mettmann.de\/web\/wp-content\/uploads\/2021\/02\/gedenkplakette-angerapp-mettmann.jpg\",\"datePublished\":\"2021-02-01T15:24:16+00:00\",\"dateModified\":\"2021-02-01T15:24:59+00:00\",\"breadcrumb\":{\"@id\":\"https:\/\/www.mettmann.de\/web\/stadtportrait-infos\/gebaeude-denkmaeler-skulpturen\/gedenkplakette-der-kreisgemeinschaft-angerapp\/#breadcrumb\"},\"inLanguage\":\"de\",\"potentialAction\":[{\"@type\":\"ReadAction\",\"target\":[\"https:\/\/www.mettmann.de\/web\/stadtportrait-infos\/gebaeude-denkmaeler-skulpturen\/gedenkplakette-der-kreisgemeinschaft-angerapp\/\"]}]},{\"@type\":\"ImageObject\",\"inLanguage\":\"de\",\"@id\":\"https:\/\/www.mettmann.de\/web\/stadtportrait-infos\/gebaeude-denkmaeler-skulpturen\/gedenkplakette-der-kreisgemeinschaft-angerapp\/#primaryimage\",\"url\":\"https:\/\/www.mettmann.de\/web\/wp-content\/uploads\/2021\/02\/gedenkplakette-angerapp-mettmann.jpg\",\"contentUrl\":\"https:\/\/www.mettmann.de\/web\/wp-content\/uploads\/2021\/02\/gedenkplakette-angerapp-mettmann.jpg\",\"width\":2048,\"height\":1152,\"caption\":\"Foto: Kreisstadt Mettmann\"},{\"@type\":\"BreadcrumbList\",\"@id\":\"https:\/\/www.mettmann.de\/web\/stadtportrait-infos\/gebaeude-denkmaeler-skulpturen\/gedenkplakette-der-kreisgemeinschaft-angerapp\/#breadcrumb\",\"itemListElement\":[{\"@type\":\"ListItem\",\"position\":1,\"name\":\"Startseite\",\"item\":\"https:\/\/www.mettmann.de\/web\/\"},{\"@type\":\"ListItem\",\"position\":2,\"name\":\"Stadtportrait &#038; Infos\",\"item\":\"https:\/\/www.mettmann.de\/web\/stadtportrait-infos\/\"},{\"@type\":\"ListItem\",\"position\":3,\"name\":\"Geb\u00e4ude, Denkm\u00e4ler &#038; Skulpturen\",\"item\":\"https:\/\/www.mettmann.de\/web\/stadtportrait-infos\/gebaeude-denkmaeler-skulpturen\/\"},{\"@type\":\"ListItem\",\"position\":4,\"name\":\"Gedenkplakette der Kreisgemeinschaft Angerapp\"}]},{\"@type\":\"WebSite\",\"@id\":\"https:\/\/www.mettmann.de\/web\/#website\",\"url\":\"https:\/\/www.mettmann.de\/web\/\",\"name\":\"Stadtverwaltung Mettmann\",\"description\":\"Internetseite der Kreisstadt Mettmann\",\"publisher\":{\"@id\":\"https:\/\/www.mettmann.de\/web\/#organization\"},\"potentialAction\":[{\"@type\":\"SearchAction\",\"target\":{\"@type\":\"EntryPoint\",\"urlTemplate\":\"https:\/\/www.mettmann.de\/web\/?s={search_term_string}\"},\"query-input\":{\"@type\":\"PropertyValueSpecification\",\"valueRequired\":true,\"valueName\":\"search_term_string\"}}],\"inLanguage\":\"de\"},{\"@type\":\"Organization\",\"@id\":\"https:\/\/www.mettmann.de\/web\/#organization\",\"name\":\"Kreisstadt Mettmann\",\"url\":\"https:\/\/www.mettmann.de\/web\/\",\"logo\":{\"@type\":\"ImageObject\",\"inLanguage\":\"de\",\"@id\":\"https:\/\/www.mettmann.de\/web\/#\/schema\/logo\/image\/\",\"url\":\"https:\/\/www.mettmann.de\/web\/wp-content\/uploads\/2019\/08\/Kreisstadt_Mettmann_Logo_RGB_150dpi.png\",\"contentUrl\":\"https:\/\/www.mettmann.de\/web\/wp-content\/uploads\/2019\/08\/Kreisstadt_Mettmann_Logo_RGB_150dpi.png\",\"width\":1302,\"height\":191,\"caption\":\"Kreisstadt Mettmann\"},\"image\":{\"@id\":\"https:\/\/www.mettmann.de\/web\/#\/schema\/logo\/image\/\"},\"sameAs\":[\"https:\/\/www.facebook.com\/kreisstadt.mettmann\",\"https:\/\/de.wikipedia.org\/wiki\/Mettmann\"]}]}<\/script>\n<!-- \/ Yoast SEO plugin. -->","yoast_head_json":{"title":"Gedenkplakette der Kreisgemeinschaft Angerapp | Stadtverwaltung Mettmann","robots":{"index":"index","follow":"follow","max-snippet":"max-snippet:-1","max-image-preview":"max-image-preview:large","max-video-preview":"max-video-preview:-1"},"canonical":"https:\/\/www.mettmann.de\/web\/stadtportrait-infos\/gebaeude-denkmaeler-skulpturen\/gedenkplakette-der-kreisgemeinschaft-angerapp\/","og_locale":"de_DE","og_type":"article","og_title":"Gedenkplakette der Kreisgemeinschaft Angerapp | Stadtverwaltung Mettmann","og_description":"Im Jahr 2004 j\u00e4hrte sich die Unterzeichnung der Patenschaftskurkunde zwischen der Kreisgemeinschaft Angerapp und der Kreisstadt Mettmann zum f\u00fcnfzigsten Mal. Aus diesem Anlass stiftete die Kreisgemeinschaft ihrer Patenstadt Mettmann eine Gedenkplakette. In ihrer Aufschrift erinnert...","og_url":"https:\/\/www.mettmann.de\/web\/stadtportrait-infos\/gebaeude-denkmaeler-skulpturen\/gedenkplakette-der-kreisgemeinschaft-angerapp\/","og_site_name":"Stadtverwaltung Mettmann","article_publisher":"https:\/\/www.facebook.com\/kreisstadt.mettmann","article_modified_time":"2021-02-01T15:24:59+00:00","og_image":[{"width":2048,"height":1152,"url":"https:\/\/www.mettmann.de\/web\/wp-content\/uploads\/2021\/02\/gedenkplakette-angerapp-mettmann.jpg","type":"image\/jpeg"}],"twitter_card":"summary_large_image","schema":{"@context":"https:\/\/schema.org","@graph":[{"@type":"WebPage","@id":"https:\/\/www.mettmann.de\/web\/stadtportrait-infos\/gebaeude-denkmaeler-skulpturen\/gedenkplakette-der-kreisgemeinschaft-angerapp\/","url":"https:\/\/www.mettmann.de\/web\/stadtportrait-infos\/gebaeude-denkmaeler-skulpturen\/gedenkplakette-der-kreisgemeinschaft-angerapp\/","name":"Gedenkplakette der Kreisgemeinschaft Angerapp | Stadtverwaltung Mettmann","isPartOf":{"@id":"https:\/\/www.mettmann.de\/web\/#website"},"primaryImageOfPage":{"@id":"https:\/\/www.mettmann.de\/web\/stadtportrait-infos\/gebaeude-denkmaeler-skulpturen\/gedenkplakette-der-kreisgemeinschaft-angerapp\/#primaryimage"},"image":{"@id":"https:\/\/www.mettmann.de\/web\/stadtportrait-infos\/gebaeude-denkmaeler-skulpturen\/gedenkplakette-der-kreisgemeinschaft-angerapp\/#primaryimage"},"thumbnailUrl":"https:\/\/www.mettmann.de\/web\/wp-content\/uploads\/2021\/02\/gedenkplakette-angerapp-mettmann.jpg","datePublished":"2021-02-01T15:24:16+00:00","dateModified":"2021-02-01T15:24:59+00:00","breadcrumb":{"@id":"https:\/\/www.mettmann.de\/web\/stadtportrait-infos\/gebaeude-denkmaeler-skulpturen\/gedenkplakette-der-kreisgemeinschaft-angerapp\/#breadcrumb"},"inLanguage":"de","potentialAction":[{"@type":"ReadAction","target":["https:\/\/www.mettmann.de\/web\/stadtportrait-infos\/gebaeude-denkmaeler-skulpturen\/gedenkplakette-der-kreisgemeinschaft-angerapp\/"]}]},{"@type":"ImageObject","inLanguage":"de","@id":"https:\/\/www.mettmann.de\/web\/stadtportrait-infos\/gebaeude-denkmaeler-skulpturen\/gedenkplakette-der-kreisgemeinschaft-angerapp\/#primaryimage","url":"https:\/\/www.mettmann.de\/web\/wp-content\/uploads\/2021\/02\/gedenkplakette-angerapp-mettmann.jpg","contentUrl":"https:\/\/www.mettmann.de\/web\/wp-content\/uploads\/2021\/02\/gedenkplakette-angerapp-mettmann.jpg","width":2048,"height":1152,"caption":"Foto: Kreisstadt Mettmann"},{"@type":"BreadcrumbList","@id":"https:\/\/www.mettmann.de\/web\/stadtportrait-infos\/gebaeude-denkmaeler-skulpturen\/gedenkplakette-der-kreisgemeinschaft-angerapp\/#breadcrumb","itemListElement":[{"@type":"ListItem","position":1,"name":"Startseite","item":"https:\/\/www.mettmann.de\/web\/"},{"@type":"ListItem","position":2,"name":"Stadtportrait &#038; Infos","item":"https:\/\/www.mettmann.de\/web\/stadtportrait-infos\/"},{"@type":"ListItem","position":3,"name":"Geb\u00e4ude, Denkm\u00e4ler &#038; Skulpturen","item":"https:\/\/www.mettmann.de\/web\/stadtportrait-infos\/gebaeude-denkmaeler-skulpturen\/"},{"@type":"ListItem","position":4,"name":"Gedenkplakette der Kreisgemeinschaft Angerapp"}]},{"@type":"WebSite","@id":"https:\/\/www.mettmann.de\/web\/#website","url":"https:\/\/www.mettmann.de\/web\/","name":"Stadtverwaltung Mettmann","description":"Internetseite der Kreisstadt Mettmann","publisher":{"@id":"https:\/\/www.mettmann.de\/web\/#organization"},"potentialAction":[{"@type":"SearchAction","target":{"@type":"EntryPoint","urlTemplate":"https:\/\/www.mettmann.de\/web\/?s={search_term_string}"},"query-input":{"@type":"PropertyValueSpecification","valueRequired":true,"valueName":"search_term_string"}}],"inLanguage":"de"},{"@type":"Organization","@id":"https:\/\/www.mettmann.de\/web\/#organization","name":"Kreisstadt Mettmann","url":"https:\/\/www.mettmann.de\/web\/","logo":{"@type":"ImageObject","inLanguage":"de","@id":"https:\/\/www.mettmann.de\/web\/#\/schema\/logo\/image\/","url":"https:\/\/www.mettmann.de\/web\/wp-content\/uploads\/2019\/08\/Kreisstadt_Mettmann_Logo_RGB_150dpi.png","contentUrl":"https:\/\/www.mettmann.de\/web\/wp-content\/uploads\/2019\/08\/Kreisstadt_Mettmann_Logo_RGB_150dpi.png","width":1302,"height":191,"caption":"Kreisstadt Mettmann"},"image":{"@id":"https:\/\/www.mettmann.de\/web\/#\/schema\/logo\/image\/"},"sameAs":["https:\/\/www.facebook.com\/kreisstadt.mettmann","https:\/\/de.wikipedia.org\/wiki\/Mettmann"]}]}},"_links":{"self":[{"href":"https:\/\/www.mettmann.de\/web\/wp-json\/wp\/v2\/pages\/10503","targetHints":{"allow":["GET"]}}],"collection":[{"href":"https:\/\/www.mettmann.de\/web\/wp-json\/wp\/v2\/pages"}],"about":[{"href":"https:\/\/www.mettmann.de\/web\/wp-json\/wp\/v2\/types\/page"}],"author":[{"embeddable":true,"href":"https:\/\/www.mettmann.de\/web\/wp-json\/wp\/v2\/users\/1"}],"replies":[{"embeddable":true,"href":"https:\/\/www.mettmann.de\/web\/wp-json\/wp\/v2\/comments?post=10503"}],"version-history":[{"count":1,"href":"https:\/\/www.mettmann.de\/web\/wp-json\/wp\/v2\/pages\/10503\/revisions"}],"predecessor-version":[{"id":10505,"href":"https:\/\/www.mettmann.de\/web\/wp-json\/wp\/v2\/pages\/10503\/revisions\/10505"}],"up":[{"embeddable":true,"href":"https:\/\/www.mettmann.de\/web\/wp-json\/wp\/v2\/pages\/10023"}],"wp:featuredmedia":[{"embeddable":true,"href":"https:\/\/www.mettmann.de\/web\/wp-json\/wp\/v2\/media\/10504"}],"wp:attachment":[{"href":"https:\/\/www.mettmann.de\/web\/wp-json\/wp\/v2\/media?parent=10503"}],"curies":[{"name":"wp","href":"https:\/\/api.w.org\/{rel}","templated":true}]}}