{"id":10519,"date":"2021-02-01T16:51:48","date_gmt":"2021-02-01T15:51:48","guid":{"rendered":"https:\/\/www.mettmann.de\/web\/?page_id=10519"},"modified":"2022-07-21T16:58:21","modified_gmt":"2022-07-21T14:58:21","slug":"koburg-mahnmal-am-lavalplatz","status":"publish","type":"page","link":"https:\/\/www.mettmann.de\/web\/stadtportrait-infos\/gebaeude-denkmaeler-skulpturen\/koburg-mahnmal-am-lavalplatz\/","title":{"rendered":"Koburg-Mahnmal am Lavalplatz"},"content":{"rendered":"<div id=\"attachment_3480\" style=\"width: 2058px\" class=\"wp-caption alignnone\"><img loading=\"lazy\" decoding=\"async\" aria-describedby=\"caption-attachment-3480\" class=\"size-full wp-image-3480\" src=\"https:\/\/www.mettmann.de\/web\/wp-content\/uploads\/2020\/01\/Mahnmal.jpg\" alt=\"Koburg-Mahnmal\" width=\"2048\" height=\"1536\" srcset=\"https:\/\/www.mettmann.de\/web\/wp-content\/uploads\/2020\/01\/Mahnmal.jpg 2048w, https:\/\/www.mettmann.de\/web\/wp-content\/uploads\/2020\/01\/Mahnmal-300x225.jpg 300w, https:\/\/www.mettmann.de\/web\/wp-content\/uploads\/2020\/01\/Mahnmal-768x576.jpg 768w, https:\/\/www.mettmann.de\/web\/wp-content\/uploads\/2020\/01\/Mahnmal-1024x768.jpg 1024w\" sizes=\"auto, (max-width: 2048px) 100vw, 2048px\" \/><p id=\"caption-attachment-3480\" class=\"wp-caption-text\">Das Koburg-Mahnmal erinnert an die Opfer des Nationalsozialismus. (Archivfoto: Kreisstadt Mettmann)<\/p><\/div>\n<p>Nachdem der Planungsausschuss den Lavalplatz als Standort f\u00fcr das Koburg-Mahnmal festgelegt hatte, wurden im M\u00e4rz 1999 interessierte K\u00fcnstler gebeten, entsprechende Entw\u00fcrfe oder Modelle bei der Stadtverwaltung einzureichen. Es war der einhellige Wunsch der Ratsfraktion, dass die Gestaltung durch eine(n) Mettmanner K\u00fcnstlerin\/ K\u00fcnstler erfolgen soll.<\/p>\n<p>Vier Entw\u00fcrfe Mettmanner K\u00fcnstler standen im August 1999 dem Rat zur Auswahl. Bevorzugt wurde einhellig der Entwurf von Don O`Neill, der im Wesentlichen den Vorgaben entsprach: &#8222;Eine Pr\u00e4senz zu haben, die es nicht erlaubt, die Geschichte der Jahre 1933 &#8211; 1945 zu vergessen und die Botschaft der vorgegebenen Inschrift auszudr\u00fccken&#8220;.<\/p>\n<p><a href=\"https:\/\/www.mettmann.de\/web\/wp-content\/uploads\/2021\/02\/koburg-mahnmal-mettmann.jpg\"><img loading=\"lazy\" decoding=\"async\" class=\"alignright size-medium wp-image-10520\" src=\"https:\/\/www.mettmann.de\/web\/wp-content\/uploads\/2021\/02\/koburg-mahnmal-mettmann-225x300.jpg\" alt=\"Mettmann Koburg-Mahnmal Lavalplatz\" width=\"225\" height=\"300\" srcset=\"https:\/\/www.mettmann.de\/web\/wp-content\/uploads\/2021\/02\/koburg-mahnmal-mettmann-225x300.jpg 225w, https:\/\/www.mettmann.de\/web\/wp-content\/uploads\/2021\/02\/koburg-mahnmal-mettmann-768x1024.jpg 768w, https:\/\/www.mettmann.de\/web\/wp-content\/uploads\/2021\/02\/koburg-mahnmal-mettmann-1152x1536.jpg 1152w, https:\/\/www.mettmann.de\/web\/wp-content\/uploads\/2021\/02\/koburg-mahnmal-mettmann.jpg 1536w\" sizes=\"auto, (max-width: 225px) 100vw, 225px\" \/><\/a>Das Mahnmal besteht aus schwarz gestrichenen 33 Millimeter Stahlrohren, die zusammengeschwei\u00dft drei \u00fcberdimensionale Gef\u00e4ngnistore darstellen, an denen die Gedenktafeln angebracht sind.<\/p>\n<p><strong>Auf den Gedenktafeln steht folgender Text:<\/strong><\/p>\n<p>Zum Gedenken an die Opfer der nationalsozialistischen Diktatur (1933 &#8211; 1945).<\/p>\n<p>Den in der Koburg (Neandertal) und dem Braunen Haus (Bismarckstra\u00dfe) mi\u00dfhandelten und get\u00f6teten Gefangenen. Den wegen ihrer politischen und religi\u00f6sen Weltanschauung Verfolgten aus Mettmann.<\/p>\n<p>Die \u00dcbergabe des Mahnmals an die \u00d6ffentlichkeit erfolgte am 13. April 2000.<\/p>\n<p>&nbsp;<\/p>\n<p><strong>162 Namen von Naziopfern in Mettmann<\/strong><\/p>\n<p><span dir=\"ltr\" role=\"presentation\">Auf Antrag des B\u00fcndnisses f\u00fcr Toleranz und Zivilcourage wurden im Jahr 2018 drei weitere Tafel am Mahnmal angebracht, auf denen 162 Namen von Frauen und M\u00e4nnern, die Opfer der Nazidiktatur wurden, stehen<\/span><span dir=\"ltr\" role=\"presentation\">.<\/span><\/p>\n<p><span dir=\"ltr\" role=\"presentation\"> Fo<\/span><span dir=\"ltr\" role=\"presentation\">lgender Begleittext steht \u00fcber den Namen: <\/span><\/p>\n<p><strong><span dir=\"ltr\" role=\"presentation\">Die Opfer der Nazidiktatur von 1933-1945 in Mettmann: <\/span><span dir=\"ltr\" role=\"presentation\">Sie wurden verraten, verh\u00f6rt, verfolgt, gedem\u00fctigt, ge\u00e4chtet, geschlagen, <\/span><span dir=\"ltr\" role=\"presentation\">gefoltert und auch get\u00f6tet.<\/span><\/strong><\/p>\n<p><strong>Verh\u00f6re, Untersuchungs- und sogenannte \u201eSchutzhaft\u201c erleiden mussten<\/strong>:<\/p>\n<p>Robert Battenstein, Hubertine Baumeister, Jakob Beck, Erich Birkenkamp, Johannes Bl\u00e4ttler, Eugen Bonaventura, Ferdinand Boniver, Frau Boniver, Gustav Bovensiepen, Emil Ten Brinke, Gustav Br\u00f6cker, Pater Heinrich Claszes, Robert Danscheidt, Maria Deck, Wilhelm Dehner, Therese Dowida, Friedrich Fischer, Karl Fischer, Wilhelm Gardlowski, Max Greine, Gustav Gr\u00fctzmacher, Pastor Hamer, Heinrich Harre, Peter Hein, Max Herbrig, Elisabeth Holzschneider, Wilhelm Imkamp, Dechant J\u00f6rissen, Pastor Kalinna, Kaplan Kespe, Maria Kliss, Theodor Knop, Werner Koch, Wilhelm Koch, Wilhelm Kreutzberg, August Kronenberg, Pastor Locher, Emil L\u00f6ckenhoff, Pastor L\u00fchrmann, Willy Manderscheid, Anna Meyer, Josef M\u00fcsch, Martin M\u00fcschenich, Wilhelm Neffendorf, Matthias Nilges, Margarethe Pflanzagl, Bernhard Quandt, August Rittenbruch, Aegidius Rzadtki, Johann Salzmann, Otto Scheller, Josef Schellscheidt, Maria Schlieper, Heinz Schmuth, Heinrich Scholz, Hildegard Seger, August Seringhaus, Josef Steiner, Friedrich Strassen, Paul Tappert, Grete Thelen, Gerhard Thilen, Luise V\u00f6gtel, Frau Vogt, Gustav Vogtl\u00e4nder, Erich Vollbach, Walter Weber, Frieda Winterfeld, Anna Wolf, Herrmann Wolferts, Ferdinand Wollner.<\/p>\n<p><strong>Zu Gef\u00e4ngnis und Zuchthaustrafen aus politischen Gr\u00fcnden wurden verurteilt:<\/strong><\/p>\n<p>Otto Grigoleit, Derk Groenefeld, K\u00e4the Heumann, Albert Jansen, Kurt Kremer, Albert Preu\u00df, Angelika Rehk\u00e4mper, Agnes Reifenscheid, Anton Rihanek, Elisabeth Scheide, Wilhelm Schwab, Walter Simon, Walter Spiecker<\/p>\n<p><strong>KZ-Haft mussten verb\u00fc\u00dfen:<\/strong><\/p>\n<p>Karl Engelmann, Heinrich Gesink, Klara Jancu, Hennes Ludwig, Josef Pautz, Josefine Pautz, Karoline Schmidt, Wilhelm Schmidt, Franz Selikat, Karl V\u00f6gtel, Karl Wagner.<\/p>\n<p><strong>Ermodert \/ hingerichtet wurden:<\/strong><\/p>\n<p>Erhard Clausnitzer, Friedel Diederichs, Mathilde Hengeveld, Wilhelm Hengeveld, Andreas Milfried, Wilhelm Schmitt.<\/p>\n<p><strong>Im KZ oder Ghetto zu Tode:<\/strong><\/p>\n<p>Karl-Heinz Bach, Lore Bach, Max Bach, Rachel Bach, Selma Bach, Kaplan Johannes Flintrop, Johanne Gesink, Moritz Hagemeister, Georg Huth, Isaak Katz, Jakob Kuhn, Hinda Kowalski, Isidor Kowalski, Werner Kowalski, Hildegard Wolff, Fanny Simson, Gustav Simson, Wilhelm Simsom, Herbert Sorgo<\/p>\n<p><strong>In Mettmann verstarben 42 Zwangsarbeiter und Zwangsarbeiterinnen (auch Kleinkinder) an den Haft- und Arbeitsbedingungen sowie durch Kriegseinwirkung:<\/strong><\/p>\n<p>Alexander Basowa, Annemarie Jerissow, Anatoli Sorban, Klara Tscharnaust, Olga Turok, Anna Wlasenko, Drosja Blanura, Lidia Busjuk, Serunowa Duschew, Luba Ehudit, Lydia Fedorowa, Anna Fuskowa, Hawrana Masur, Nadja Prochonowa, Anastasia Rendelos, Marta Burolyka, Pietro Casteguati, Julien Gesnot, Dunja Humenko, Iwan Jakunenko, Michail Jestratow, Iwan Jugin, Petr Kjonkow, Nikolai Kamorow, Therese Koci, Raissa Marosowa, Marcin Michalski, Stefan Owczarek. Orgen Pelatschka, Vera Popowa, Gabriel Roelants, Aphon&nbsp; Rusin, Dusja Sumilna, Fjodor Tjorikow, Camilio Bolfe, Angelo Brambilla, Guiseppe Finazzi, Angelo Gabiardi, Antonio Galetto, Emilio Pergolini, Francesco Rosmini, Duiodo Zambon<\/p>\n","protected":false},"excerpt":{"rendered":"<p>Nachdem der Planungsausschuss den Lavalplatz als Standort f\u00fcr das Koburg-Mahnmal festgelegt hatte, wurden im M\u00e4rz 1999 interessierte K\u00fcnstler gebeten, entsprechende Entw\u00fcrfe oder Modelle bei der Stadtverwaltung einzureichen. Es war der einhellige Wunsch der Ratsfraktion, dass&#8230;<\/p>\n","protected":false},"author":1,"featured_media":3480,"parent":10023,"menu_order":13,"comment_status":"closed","ping_status":"closed","template":"","meta":{"ngg_post_thumbnail":0,"footnotes":""},"class_list":["post-10519","page","type-page","status-publish","has-post-thumbnail","hentry"],"yoast_head":"<!-- This site is optimized with the Yoast SEO plugin v27.2 - https:\/\/yoast.com\/product\/yoast-seo-wordpress\/ -->\n<title>Koburg-Mahnmal am Lavalplatz | Stadtverwaltung Mettmann<\/title>\n<meta name=\"robots\" content=\"index, follow, max-snippet:-1, max-image-preview:large, max-video-preview:-1\" \/>\n<link rel=\"canonical\" href=\"https:\/\/www.mettmann.de\/web\/stadtportrait-infos\/gebaeude-denkmaeler-skulpturen\/koburg-mahnmal-am-lavalplatz\/\" \/>\n<meta property=\"og:locale\" content=\"de_DE\" \/>\n<meta property=\"og:type\" content=\"article\" \/>\n<meta property=\"og:title\" content=\"Koburg-Mahnmal am Lavalplatz | Stadtverwaltung Mettmann\" \/>\n<meta property=\"og:description\" content=\"Nachdem der Planungsausschuss den Lavalplatz als Standort f\u00fcr das Koburg-Mahnmal festgelegt hatte, wurden im M\u00e4rz 1999 interessierte K\u00fcnstler gebeten, entsprechende Entw\u00fcrfe oder Modelle bei der Stadtverwaltung einzureichen. Es war der einhellige Wunsch der Ratsfraktion, dass...\" \/>\n<meta property=\"og:url\" content=\"https:\/\/www.mettmann.de\/web\/stadtportrait-infos\/gebaeude-denkmaeler-skulpturen\/koburg-mahnmal-am-lavalplatz\/\" \/>\n<meta property=\"og:site_name\" content=\"Stadtverwaltung Mettmann\" \/>\n<meta property=\"article:publisher\" content=\"https:\/\/www.facebook.com\/kreisstadt.mettmann\" \/>\n<meta property=\"article:modified_time\" content=\"2022-07-21T14:58:21+00:00\" \/>\n<meta property=\"og:image\" content=\"https:\/\/www.mettmann.de\/web\/wp-content\/uploads\/2020\/01\/Mahnmal.jpg\" \/>\n\t<meta property=\"og:image:width\" content=\"2048\" \/>\n\t<meta property=\"og:image:height\" content=\"1536\" \/>\n\t<meta property=\"og:image:type\" content=\"image\/jpeg\" \/>\n<meta name=\"twitter:card\" content=\"summary_large_image\" \/>\n<meta name=\"twitter:label1\" content=\"Gesch\u00e4tzte Lesezeit\" \/>\n\t<meta name=\"twitter:data1\" content=\"3\u00a0Minuten\" \/>\n<script type=\"application\/ld+json\" class=\"yoast-schema-graph\">{\"@context\":\"https:\/\/schema.org\",\"@graph\":[{\"@type\":\"WebPage\",\"@id\":\"https:\/\/www.mettmann.de\/web\/stadtportrait-infos\/gebaeude-denkmaeler-skulpturen\/koburg-mahnmal-am-lavalplatz\/\",\"url\":\"https:\/\/www.mettmann.de\/web\/stadtportrait-infos\/gebaeude-denkmaeler-skulpturen\/koburg-mahnmal-am-lavalplatz\/\",\"name\":\"Koburg-Mahnmal am Lavalplatz | Stadtverwaltung Mettmann\",\"isPartOf\":{\"@id\":\"https:\/\/www.mettmann.de\/web\/#website\"},\"primaryImageOfPage\":{\"@id\":\"https:\/\/www.mettmann.de\/web\/stadtportrait-infos\/gebaeude-denkmaeler-skulpturen\/koburg-mahnmal-am-lavalplatz\/#primaryimage\"},\"image\":{\"@id\":\"https:\/\/www.mettmann.de\/web\/stadtportrait-infos\/gebaeude-denkmaeler-skulpturen\/koburg-mahnmal-am-lavalplatz\/#primaryimage\"},\"thumbnailUrl\":\"https:\/\/www.mettmann.de\/web\/wp-content\/uploads\/2020\/01\/Mahnmal.jpg\",\"datePublished\":\"2021-02-01T15:51:48+00:00\",\"dateModified\":\"2022-07-21T14:58:21+00:00\",\"breadcrumb\":{\"@id\":\"https:\/\/www.mettmann.de\/web\/stadtportrait-infos\/gebaeude-denkmaeler-skulpturen\/koburg-mahnmal-am-lavalplatz\/#breadcrumb\"},\"inLanguage\":\"de\",\"potentialAction\":[{\"@type\":\"ReadAction\",\"target\":[\"https:\/\/www.mettmann.de\/web\/stadtportrait-infos\/gebaeude-denkmaeler-skulpturen\/koburg-mahnmal-am-lavalplatz\/\"]}]},{\"@type\":\"ImageObject\",\"inLanguage\":\"de\",\"@id\":\"https:\/\/www.mettmann.de\/web\/stadtportrait-infos\/gebaeude-denkmaeler-skulpturen\/koburg-mahnmal-am-lavalplatz\/#primaryimage\",\"url\":\"https:\/\/www.mettmann.de\/web\/wp-content\/uploads\/2020\/01\/Mahnmal.jpg\",\"contentUrl\":\"https:\/\/www.mettmann.de\/web\/wp-content\/uploads\/2020\/01\/Mahnmal.jpg\",\"width\":2048,\"height\":1536,\"caption\":\"Das Koburg-Mahnmal am Lavalplatz erinnert an die Opfer des Nationalsozialismus. (Archivfoto: Kreisstadt Mettmann)\"},{\"@type\":\"BreadcrumbList\",\"@id\":\"https:\/\/www.mettmann.de\/web\/stadtportrait-infos\/gebaeude-denkmaeler-skulpturen\/koburg-mahnmal-am-lavalplatz\/#breadcrumb\",\"itemListElement\":[{\"@type\":\"ListItem\",\"position\":1,\"name\":\"Startseite\",\"item\":\"https:\/\/www.mettmann.de\/web\/\"},{\"@type\":\"ListItem\",\"position\":2,\"name\":\"Stadtportrait &#038; Infos\",\"item\":\"https:\/\/www.mettmann.de\/web\/stadtportrait-infos\/\"},{\"@type\":\"ListItem\",\"position\":3,\"name\":\"Geb\u00e4ude, Denkm\u00e4ler &#038; Skulpturen\",\"item\":\"https:\/\/www.mettmann.de\/web\/stadtportrait-infos\/gebaeude-denkmaeler-skulpturen\/\"},{\"@type\":\"ListItem\",\"position\":4,\"name\":\"Koburg-Mahnmal am Lavalplatz\"}]},{\"@type\":\"WebSite\",\"@id\":\"https:\/\/www.mettmann.de\/web\/#website\",\"url\":\"https:\/\/www.mettmann.de\/web\/\",\"name\":\"Stadtverwaltung Mettmann\",\"description\":\"Internetseite der Kreisstadt Mettmann\",\"publisher\":{\"@id\":\"https:\/\/www.mettmann.de\/web\/#organization\"},\"potentialAction\":[{\"@type\":\"SearchAction\",\"target\":{\"@type\":\"EntryPoint\",\"urlTemplate\":\"https:\/\/www.mettmann.de\/web\/?s={search_term_string}\"},\"query-input\":{\"@type\":\"PropertyValueSpecification\",\"valueRequired\":true,\"valueName\":\"search_term_string\"}}],\"inLanguage\":\"de\"},{\"@type\":\"Organization\",\"@id\":\"https:\/\/www.mettmann.de\/web\/#organization\",\"name\":\"Kreisstadt Mettmann\",\"url\":\"https:\/\/www.mettmann.de\/web\/\",\"logo\":{\"@type\":\"ImageObject\",\"inLanguage\":\"de\",\"@id\":\"https:\/\/www.mettmann.de\/web\/#\/schema\/logo\/image\/\",\"url\":\"https:\/\/www.mettmann.de\/web\/wp-content\/uploads\/2019\/08\/Kreisstadt_Mettmann_Logo_RGB_150dpi.png\",\"contentUrl\":\"https:\/\/www.mettmann.de\/web\/wp-content\/uploads\/2019\/08\/Kreisstadt_Mettmann_Logo_RGB_150dpi.png\",\"width\":1302,\"height\":191,\"caption\":\"Kreisstadt Mettmann\"},\"image\":{\"@id\":\"https:\/\/www.mettmann.de\/web\/#\/schema\/logo\/image\/\"},\"sameAs\":[\"https:\/\/www.facebook.com\/kreisstadt.mettmann\",\"https:\/\/de.wikipedia.org\/wiki\/Mettmann\"]}]}<\/script>\n<!-- \/ Yoast SEO plugin. -->","yoast_head_json":{"title":"Koburg-Mahnmal am Lavalplatz | Stadtverwaltung Mettmann","robots":{"index":"index","follow":"follow","max-snippet":"max-snippet:-1","max-image-preview":"max-image-preview:large","max-video-preview":"max-video-preview:-1"},"canonical":"https:\/\/www.mettmann.de\/web\/stadtportrait-infos\/gebaeude-denkmaeler-skulpturen\/koburg-mahnmal-am-lavalplatz\/","og_locale":"de_DE","og_type":"article","og_title":"Koburg-Mahnmal am Lavalplatz | Stadtverwaltung Mettmann","og_description":"Nachdem der Planungsausschuss den Lavalplatz als Standort f\u00fcr das Koburg-Mahnmal festgelegt hatte, wurden im M\u00e4rz 1999 interessierte K\u00fcnstler gebeten, entsprechende Entw\u00fcrfe oder Modelle bei der Stadtverwaltung einzureichen. Es war der einhellige Wunsch der Ratsfraktion, dass...","og_url":"https:\/\/www.mettmann.de\/web\/stadtportrait-infos\/gebaeude-denkmaeler-skulpturen\/koburg-mahnmal-am-lavalplatz\/","og_site_name":"Stadtverwaltung Mettmann","article_publisher":"https:\/\/www.facebook.com\/kreisstadt.mettmann","article_modified_time":"2022-07-21T14:58:21+00:00","og_image":[{"width":2048,"height":1536,"url":"https:\/\/www.mettmann.de\/web\/wp-content\/uploads\/2020\/01\/Mahnmal.jpg","type":"image\/jpeg"}],"twitter_card":"summary_large_image","twitter_misc":{"Gesch\u00e4tzte Lesezeit":"3\u00a0Minuten"},"schema":{"@context":"https:\/\/schema.org","@graph":[{"@type":"WebPage","@id":"https:\/\/www.mettmann.de\/web\/stadtportrait-infos\/gebaeude-denkmaeler-skulpturen\/koburg-mahnmal-am-lavalplatz\/","url":"https:\/\/www.mettmann.de\/web\/stadtportrait-infos\/gebaeude-denkmaeler-skulpturen\/koburg-mahnmal-am-lavalplatz\/","name":"Koburg-Mahnmal am Lavalplatz | Stadtverwaltung Mettmann","isPartOf":{"@id":"https:\/\/www.mettmann.de\/web\/#website"},"primaryImageOfPage":{"@id":"https:\/\/www.mettmann.de\/web\/stadtportrait-infos\/gebaeude-denkmaeler-skulpturen\/koburg-mahnmal-am-lavalplatz\/#primaryimage"},"image":{"@id":"https:\/\/www.mettmann.de\/web\/stadtportrait-infos\/gebaeude-denkmaeler-skulpturen\/koburg-mahnmal-am-lavalplatz\/#primaryimage"},"thumbnailUrl":"https:\/\/www.mettmann.de\/web\/wp-content\/uploads\/2020\/01\/Mahnmal.jpg","datePublished":"2021-02-01T15:51:48+00:00","dateModified":"2022-07-21T14:58:21+00:00","breadcrumb":{"@id":"https:\/\/www.mettmann.de\/web\/stadtportrait-infos\/gebaeude-denkmaeler-skulpturen\/koburg-mahnmal-am-lavalplatz\/#breadcrumb"},"inLanguage":"de","potentialAction":[{"@type":"ReadAction","target":["https:\/\/www.mettmann.de\/web\/stadtportrait-infos\/gebaeude-denkmaeler-skulpturen\/koburg-mahnmal-am-lavalplatz\/"]}]},{"@type":"ImageObject","inLanguage":"de","@id":"https:\/\/www.mettmann.de\/web\/stadtportrait-infos\/gebaeude-denkmaeler-skulpturen\/koburg-mahnmal-am-lavalplatz\/#primaryimage","url":"https:\/\/www.mettmann.de\/web\/wp-content\/uploads\/2020\/01\/Mahnmal.jpg","contentUrl":"https:\/\/www.mettmann.de\/web\/wp-content\/uploads\/2020\/01\/Mahnmal.jpg","width":2048,"height":1536,"caption":"Das Koburg-Mahnmal am Lavalplatz erinnert an die Opfer des Nationalsozialismus. (Archivfoto: Kreisstadt Mettmann)"},{"@type":"BreadcrumbList","@id":"https:\/\/www.mettmann.de\/web\/stadtportrait-infos\/gebaeude-denkmaeler-skulpturen\/koburg-mahnmal-am-lavalplatz\/#breadcrumb","itemListElement":[{"@type":"ListItem","position":1,"name":"Startseite","item":"https:\/\/www.mettmann.de\/web\/"},{"@type":"ListItem","position":2,"name":"Stadtportrait &#038; Infos","item":"https:\/\/www.mettmann.de\/web\/stadtportrait-infos\/"},{"@type":"ListItem","position":3,"name":"Geb\u00e4ude, Denkm\u00e4ler &#038; Skulpturen","item":"https:\/\/www.mettmann.de\/web\/stadtportrait-infos\/gebaeude-denkmaeler-skulpturen\/"},{"@type":"ListItem","position":4,"name":"Koburg-Mahnmal am Lavalplatz"}]},{"@type":"WebSite","@id":"https:\/\/www.mettmann.de\/web\/#website","url":"https:\/\/www.mettmann.de\/web\/","name":"Stadtverwaltung Mettmann","description":"Internetseite der Kreisstadt Mettmann","publisher":{"@id":"https:\/\/www.mettmann.de\/web\/#organization"},"potentialAction":[{"@type":"SearchAction","target":{"@type":"EntryPoint","urlTemplate":"https:\/\/www.mettmann.de\/web\/?s={search_term_string}"},"query-input":{"@type":"PropertyValueSpecification","valueRequired":true,"valueName":"search_term_string"}}],"inLanguage":"de"},{"@type":"Organization","@id":"https:\/\/www.mettmann.de\/web\/#organization","name":"Kreisstadt Mettmann","url":"https:\/\/www.mettmann.de\/web\/","logo":{"@type":"ImageObject","inLanguage":"de","@id":"https:\/\/www.mettmann.de\/web\/#\/schema\/logo\/image\/","url":"https:\/\/www.mettmann.de\/web\/wp-content\/uploads\/2019\/08\/Kreisstadt_Mettmann_Logo_RGB_150dpi.png","contentUrl":"https:\/\/www.mettmann.de\/web\/wp-content\/uploads\/2019\/08\/Kreisstadt_Mettmann_Logo_RGB_150dpi.png","width":1302,"height":191,"caption":"Kreisstadt Mettmann"},"image":{"@id":"https:\/\/www.mettmann.de\/web\/#\/schema\/logo\/image\/"},"sameAs":["https:\/\/www.facebook.com\/kreisstadt.mettmann","https:\/\/de.wikipedia.org\/wiki\/Mettmann"]}]}},"_links":{"self":[{"href":"https:\/\/www.mettmann.de\/web\/wp-json\/wp\/v2\/pages\/10519","targetHints":{"allow":["GET"]}}],"collection":[{"href":"https:\/\/www.mettmann.de\/web\/wp-json\/wp\/v2\/pages"}],"about":[{"href":"https:\/\/www.mettmann.de\/web\/wp-json\/wp\/v2\/types\/page"}],"author":[{"embeddable":true,"href":"https:\/\/www.mettmann.de\/web\/wp-json\/wp\/v2\/users\/1"}],"replies":[{"embeddable":true,"href":"https:\/\/www.mettmann.de\/web\/wp-json\/wp\/v2\/comments?post=10519"}],"version-history":[{"count":15,"href":"https:\/\/www.mettmann.de\/web\/wp-json\/wp\/v2\/pages\/10519\/revisions"}],"predecessor-version":[{"id":21708,"href":"https:\/\/www.mettmann.de\/web\/wp-json\/wp\/v2\/pages\/10519\/revisions\/21708"}],"up":[{"embeddable":true,"href":"https:\/\/www.mettmann.de\/web\/wp-json\/wp\/v2\/pages\/10023"}],"wp:featuredmedia":[{"embeddable":true,"href":"https:\/\/www.mettmann.de\/web\/wp-json\/wp\/v2\/media\/3480"}],"wp:attachment":[{"href":"https:\/\/www.mettmann.de\/web\/wp-json\/wp\/v2\/media?parent=10519"}],"curies":[{"name":"wp","href":"https:\/\/api.w.org\/{rel}","templated":true}]}}