{"id":10528,"date":"2021-02-01T17:09:00","date_gmt":"2021-02-01T16:09:00","guid":{"rendered":"https:\/\/www.mettmann.de\/web\/?page_id=10528"},"modified":"2021-02-01T17:09:00","modified_gmt":"2021-02-01T16:09:00","slug":"neanderthaler-im-kreis","status":"publish","type":"page","link":"https:\/\/www.mettmann.de\/web\/stadtportrait-infos\/gebaeude-denkmaeler-skulpturen\/neanderthaler-im-kreis\/","title":{"rendered":"Neanderthaler im Kreis"},"content":{"rendered":"<div id=\"attachment_632\" style=\"width: 3514px\" class=\"wp-caption alignnone\"><img loading=\"lazy\" decoding=\"async\" aria-describedby=\"caption-attachment-632\" class=\"size-full wp-image-632\" src=\"https:\/\/www.mettmann.de\/web\/wp-content\/uploads\/2019\/08\/neandertaler.jpg\" alt=\"Neanderthaler im Kreis\" width=\"3504\" height=\"2336\" srcset=\"https:\/\/www.mettmann.de\/web\/wp-content\/uploads\/2019\/08\/neandertaler.jpg 3504w, https:\/\/www.mettmann.de\/web\/wp-content\/uploads\/2019\/08\/neandertaler-300x200.jpg 300w, https:\/\/www.mettmann.de\/web\/wp-content\/uploads\/2019\/08\/neandertaler-768x512.jpg 768w, https:\/\/www.mettmann.de\/web\/wp-content\/uploads\/2019\/08\/neandertaler-1024x683.jpg 1024w\" sizes=\"auto, (max-width: 3504px) 100vw, 3504px\" \/><p id=\"caption-attachment-632\" class=\"wp-caption-text\">Archivfoto: Kreisstadt Mettmann<\/p><\/div>\n<p class=\"eingerueckt40\">Der <a href=\"https:\/\/www.mettmann.de\/web\/?page_id=10256\">Neanderthaler im Kreis<\/a> ist Bestandteil der Mettmanner Evolutionspfades. Dieser will einmal das Bewusstsein f\u00fcr die Bedeutung des Neandertals im Rahmen der Erfahrung unserer Geschichte sch\u00e4rfen. Stellvertretend daf\u00fcr steht die denkmal\u00e4hnliche Inszenierung \u201eNeanderthaler im Kreis&#8220;.<\/p>\n<p class=\"eingerueckt40\">Erstmalig wurde eine Bronzestatue des Neanderthalers nach heute akzeptierten wissenschaftlichen Ma\u00dfst\u00e4ben geschaffen &#8211;\u00a0von der einheimischen Bildhauerin Elke Tenderich-Veit.<\/p>\n<p class=\"eingerueckt40\">Den Rahmen entwarf mit einem Betonkreis, der die Moderne symbolisiert, und mit \u00e4sthetisch-durchdachten Setzungen heimischen Kalksteins der Gartenarchitekt und Landschaftsgestalter Richard B\u00f6deker, der auch als Eigner des Bahnhofs Neandertal auf halb\u00f6ffentlichem Gel\u00e4nde eine Reihe interessanter Kunstwerke pr\u00e4sentiert und zug\u00e4nglich macht.<\/p>\n<p class=\"eingerueckt40\">Seit Ende Oktober 1997 markiert die ungew\u00f6hnliche Inszenierung des \u201eNeanderthalers im Kreis&#8220; den r\u00e4umlichen Einstieg in den Evolutionspfad von der Kreisstadt Mettmann aus.<\/p>\n<p class=\"eingerueckt40\">Dass hier ein Ort entstanden ist, der in bevorzugter Weise Besuchern vorgef\u00fchrt wird, ist ein starkes Indiz f\u00fcr musealen Charakter und gleichzeitig f\u00fcr eine aktuelle Identifikationsverankerung.<\/p>\n<ul>\n<li><a href=\"https:\/\/www.mettmann.de\/web\/?page_id=10250\">Weitere Informationen zum Evolutionspfad Mettmann<\/a><\/li>\n<\/ul>\n","protected":false},"excerpt":{"rendered":"<p>Der Neanderthaler im Kreis ist Bestandteil der Mettmanner Evolutionspfades. Dieser will einmal das Bewusstsein f\u00fcr die Bedeutung des Neandertals im Rahmen der Erfahrung unserer Geschichte sch\u00e4rfen. Stellvertretend daf\u00fcr steht die denkmal\u00e4hnliche Inszenierung \u201eNeanderthaler im Kreis&#8220;&#8230;.<\/p>\n","protected":false},"author":1,"featured_media":632,"parent":10023,"menu_order":15,"comment_status":"closed","ping_status":"closed","template":"","meta":{"ngg_post_thumbnail":0,"footnotes":""},"class_list":["post-10528","page","type-page","status-publish","has-post-thumbnail","hentry"],"yoast_head":"<!-- This site is optimized with the Yoast SEO plugin v27.2 - https:\/\/yoast.com\/product\/yoast-seo-wordpress\/ -->\n<title>Neanderthaler im Kreis | Stadtverwaltung Mettmann<\/title>\n<meta name=\"robots\" content=\"index, follow, max-snippet:-1, max-image-preview:large, max-video-preview:-1\" \/>\n<link rel=\"canonical\" href=\"https:\/\/www.mettmann.de\/web\/stadtportrait-infos\/gebaeude-denkmaeler-skulpturen\/neanderthaler-im-kreis\/\" \/>\n<meta property=\"og:locale\" content=\"de_DE\" \/>\n<meta property=\"og:type\" content=\"article\" \/>\n<meta property=\"og:title\" content=\"Neanderthaler im Kreis | Stadtverwaltung Mettmann\" \/>\n<meta property=\"og:description\" content=\"Der Neanderthaler im Kreis ist Bestandteil der Mettmanner Evolutionspfades. Dieser will einmal das Bewusstsein f\u00fcr die Bedeutung des Neandertals im Rahmen der Erfahrung unserer Geschichte sch\u00e4rfen. Stellvertretend daf\u00fcr steht die denkmal\u00e4hnliche Inszenierung \u201eNeanderthaler im Kreis&#8220;....\" \/>\n<meta property=\"og:url\" content=\"https:\/\/www.mettmann.de\/web\/stadtportrait-infos\/gebaeude-denkmaeler-skulpturen\/neanderthaler-im-kreis\/\" \/>\n<meta property=\"og:site_name\" content=\"Stadtverwaltung Mettmann\" \/>\n<meta property=\"article:publisher\" content=\"https:\/\/www.facebook.com\/kreisstadt.mettmann\" \/>\n<meta property=\"og:image\" content=\"https:\/\/www.mettmann.de\/web\/wp-content\/uploads\/2019\/08\/neandertaler-1024x683.jpg\" \/>\n\t<meta property=\"og:image:width\" content=\"1024\" \/>\n\t<meta property=\"og:image:height\" content=\"683\" \/>\n\t<meta property=\"og:image:type\" content=\"image\/jpeg\" \/>\n<meta name=\"twitter:card\" content=\"summary_large_image\" \/>\n<meta name=\"twitter:label1\" content=\"Gesch\u00e4tzte Lesezeit\" \/>\n\t<meta name=\"twitter:data1\" content=\"1\u00a0Minute\" \/>\n<script type=\"application\/ld+json\" class=\"yoast-schema-graph\">{\"@context\":\"https:\/\/schema.org\",\"@graph\":[{\"@type\":\"WebPage\",\"@id\":\"https:\/\/www.mettmann.de\/web\/stadtportrait-infos\/gebaeude-denkmaeler-skulpturen\/neanderthaler-im-kreis\/\",\"url\":\"https:\/\/www.mettmann.de\/web\/stadtportrait-infos\/gebaeude-denkmaeler-skulpturen\/neanderthaler-im-kreis\/\",\"name\":\"Neanderthaler im Kreis | Stadtverwaltung Mettmann\",\"isPartOf\":{\"@id\":\"https:\/\/www.mettmann.de\/web\/#website\"},\"primaryImageOfPage\":{\"@id\":\"https:\/\/www.mettmann.de\/web\/stadtportrait-infos\/gebaeude-denkmaeler-skulpturen\/neanderthaler-im-kreis\/#primaryimage\"},\"image\":{\"@id\":\"https:\/\/www.mettmann.de\/web\/stadtportrait-infos\/gebaeude-denkmaeler-skulpturen\/neanderthaler-im-kreis\/#primaryimage\"},\"thumbnailUrl\":\"https:\/\/www.mettmann.de\/web\/wp-content\/uploads\/2019\/08\/neandertaler.jpg\",\"datePublished\":\"2021-02-01T16:09:00+00:00\",\"breadcrumb\":{\"@id\":\"https:\/\/www.mettmann.de\/web\/stadtportrait-infos\/gebaeude-denkmaeler-skulpturen\/neanderthaler-im-kreis\/#breadcrumb\"},\"inLanguage\":\"de\",\"potentialAction\":[{\"@type\":\"ReadAction\",\"target\":[\"https:\/\/www.mettmann.de\/web\/stadtportrait-infos\/gebaeude-denkmaeler-skulpturen\/neanderthaler-im-kreis\/\"]}]},{\"@type\":\"ImageObject\",\"inLanguage\":\"de\",\"@id\":\"https:\/\/www.mettmann.de\/web\/stadtportrait-infos\/gebaeude-denkmaeler-skulpturen\/neanderthaler-im-kreis\/#primaryimage\",\"url\":\"https:\/\/www.mettmann.de\/web\/wp-content\/uploads\/2019\/08\/neandertaler.jpg\",\"contentUrl\":\"https:\/\/www.mettmann.de\/web\/wp-content\/uploads\/2019\/08\/neandertaler.jpg\",\"width\":3504,\"height\":2336,\"caption\":\"Archivfoto: Kreisstadt Mettmann\"},{\"@type\":\"BreadcrumbList\",\"@id\":\"https:\/\/www.mettmann.de\/web\/stadtportrait-infos\/gebaeude-denkmaeler-skulpturen\/neanderthaler-im-kreis\/#breadcrumb\",\"itemListElement\":[{\"@type\":\"ListItem\",\"position\":1,\"name\":\"Startseite\",\"item\":\"https:\/\/www.mettmann.de\/web\/\"},{\"@type\":\"ListItem\",\"position\":2,\"name\":\"Stadtportrait &#038; Infos\",\"item\":\"https:\/\/www.mettmann.de\/web\/stadtportrait-infos\/\"},{\"@type\":\"ListItem\",\"position\":3,\"name\":\"Geb\u00e4ude, Denkm\u00e4ler &#038; Skulpturen\",\"item\":\"https:\/\/www.mettmann.de\/web\/stadtportrait-infos\/gebaeude-denkmaeler-skulpturen\/\"},{\"@type\":\"ListItem\",\"position\":4,\"name\":\"Neanderthaler im Kreis\"}]},{\"@type\":\"WebSite\",\"@id\":\"https:\/\/www.mettmann.de\/web\/#website\",\"url\":\"https:\/\/www.mettmann.de\/web\/\",\"name\":\"Stadtverwaltung Mettmann\",\"description\":\"Internetseite der Kreisstadt Mettmann\",\"publisher\":{\"@id\":\"https:\/\/www.mettmann.de\/web\/#organization\"},\"potentialAction\":[{\"@type\":\"SearchAction\",\"target\":{\"@type\":\"EntryPoint\",\"urlTemplate\":\"https:\/\/www.mettmann.de\/web\/?s={search_term_string}\"},\"query-input\":{\"@type\":\"PropertyValueSpecification\",\"valueRequired\":true,\"valueName\":\"search_term_string\"}}],\"inLanguage\":\"de\"},{\"@type\":\"Organization\",\"@id\":\"https:\/\/www.mettmann.de\/web\/#organization\",\"name\":\"Kreisstadt Mettmann\",\"url\":\"https:\/\/www.mettmann.de\/web\/\",\"logo\":{\"@type\":\"ImageObject\",\"inLanguage\":\"de\",\"@id\":\"https:\/\/www.mettmann.de\/web\/#\/schema\/logo\/image\/\",\"url\":\"https:\/\/www.mettmann.de\/web\/wp-content\/uploads\/2019\/08\/Kreisstadt_Mettmann_Logo_RGB_150dpi.png\",\"contentUrl\":\"https:\/\/www.mettmann.de\/web\/wp-content\/uploads\/2019\/08\/Kreisstadt_Mettmann_Logo_RGB_150dpi.png\",\"width\":1302,\"height\":191,\"caption\":\"Kreisstadt Mettmann\"},\"image\":{\"@id\":\"https:\/\/www.mettmann.de\/web\/#\/schema\/logo\/image\/\"},\"sameAs\":[\"https:\/\/www.facebook.com\/kreisstadt.mettmann\",\"https:\/\/de.wikipedia.org\/wiki\/Mettmann\"]}]}<\/script>\n<!-- \/ Yoast SEO plugin. -->","yoast_head_json":{"title":"Neanderthaler im Kreis | Stadtverwaltung Mettmann","robots":{"index":"index","follow":"follow","max-snippet":"max-snippet:-1","max-image-preview":"max-image-preview:large","max-video-preview":"max-video-preview:-1"},"canonical":"https:\/\/www.mettmann.de\/web\/stadtportrait-infos\/gebaeude-denkmaeler-skulpturen\/neanderthaler-im-kreis\/","og_locale":"de_DE","og_type":"article","og_title":"Neanderthaler im Kreis | Stadtverwaltung Mettmann","og_description":"Der Neanderthaler im Kreis ist Bestandteil der Mettmanner Evolutionspfades. Dieser will einmal das Bewusstsein f\u00fcr die Bedeutung des Neandertals im Rahmen der Erfahrung unserer Geschichte sch\u00e4rfen. Stellvertretend daf\u00fcr steht die denkmal\u00e4hnliche Inszenierung \u201eNeanderthaler im Kreis&#8220;....","og_url":"https:\/\/www.mettmann.de\/web\/stadtportrait-infos\/gebaeude-denkmaeler-skulpturen\/neanderthaler-im-kreis\/","og_site_name":"Stadtverwaltung Mettmann","article_publisher":"https:\/\/www.facebook.com\/kreisstadt.mettmann","og_image":[{"width":1024,"height":683,"url":"https:\/\/www.mettmann.de\/web\/wp-content\/uploads\/2019\/08\/neandertaler-1024x683.jpg","type":"image\/jpeg"}],"twitter_card":"summary_large_image","twitter_misc":{"Gesch\u00e4tzte Lesezeit":"1\u00a0Minute"},"schema":{"@context":"https:\/\/schema.org","@graph":[{"@type":"WebPage","@id":"https:\/\/www.mettmann.de\/web\/stadtportrait-infos\/gebaeude-denkmaeler-skulpturen\/neanderthaler-im-kreis\/","url":"https:\/\/www.mettmann.de\/web\/stadtportrait-infos\/gebaeude-denkmaeler-skulpturen\/neanderthaler-im-kreis\/","name":"Neanderthaler im Kreis | Stadtverwaltung Mettmann","isPartOf":{"@id":"https:\/\/www.mettmann.de\/web\/#website"},"primaryImageOfPage":{"@id":"https:\/\/www.mettmann.de\/web\/stadtportrait-infos\/gebaeude-denkmaeler-skulpturen\/neanderthaler-im-kreis\/#primaryimage"},"image":{"@id":"https:\/\/www.mettmann.de\/web\/stadtportrait-infos\/gebaeude-denkmaeler-skulpturen\/neanderthaler-im-kreis\/#primaryimage"},"thumbnailUrl":"https:\/\/www.mettmann.de\/web\/wp-content\/uploads\/2019\/08\/neandertaler.jpg","datePublished":"2021-02-01T16:09:00+00:00","breadcrumb":{"@id":"https:\/\/www.mettmann.de\/web\/stadtportrait-infos\/gebaeude-denkmaeler-skulpturen\/neanderthaler-im-kreis\/#breadcrumb"},"inLanguage":"de","potentialAction":[{"@type":"ReadAction","target":["https:\/\/www.mettmann.de\/web\/stadtportrait-infos\/gebaeude-denkmaeler-skulpturen\/neanderthaler-im-kreis\/"]}]},{"@type":"ImageObject","inLanguage":"de","@id":"https:\/\/www.mettmann.de\/web\/stadtportrait-infos\/gebaeude-denkmaeler-skulpturen\/neanderthaler-im-kreis\/#primaryimage","url":"https:\/\/www.mettmann.de\/web\/wp-content\/uploads\/2019\/08\/neandertaler.jpg","contentUrl":"https:\/\/www.mettmann.de\/web\/wp-content\/uploads\/2019\/08\/neandertaler.jpg","width":3504,"height":2336,"caption":"Archivfoto: Kreisstadt Mettmann"},{"@type":"BreadcrumbList","@id":"https:\/\/www.mettmann.de\/web\/stadtportrait-infos\/gebaeude-denkmaeler-skulpturen\/neanderthaler-im-kreis\/#breadcrumb","itemListElement":[{"@type":"ListItem","position":1,"name":"Startseite","item":"https:\/\/www.mettmann.de\/web\/"},{"@type":"ListItem","position":2,"name":"Stadtportrait &#038; Infos","item":"https:\/\/www.mettmann.de\/web\/stadtportrait-infos\/"},{"@type":"ListItem","position":3,"name":"Geb\u00e4ude, Denkm\u00e4ler &#038; Skulpturen","item":"https:\/\/www.mettmann.de\/web\/stadtportrait-infos\/gebaeude-denkmaeler-skulpturen\/"},{"@type":"ListItem","position":4,"name":"Neanderthaler im Kreis"}]},{"@type":"WebSite","@id":"https:\/\/www.mettmann.de\/web\/#website","url":"https:\/\/www.mettmann.de\/web\/","name":"Stadtverwaltung Mettmann","description":"Internetseite der Kreisstadt Mettmann","publisher":{"@id":"https:\/\/www.mettmann.de\/web\/#organization"},"potentialAction":[{"@type":"SearchAction","target":{"@type":"EntryPoint","urlTemplate":"https:\/\/www.mettmann.de\/web\/?s={search_term_string}"},"query-input":{"@type":"PropertyValueSpecification","valueRequired":true,"valueName":"search_term_string"}}],"inLanguage":"de"},{"@type":"Organization","@id":"https:\/\/www.mettmann.de\/web\/#organization","name":"Kreisstadt Mettmann","url":"https:\/\/www.mettmann.de\/web\/","logo":{"@type":"ImageObject","inLanguage":"de","@id":"https:\/\/www.mettmann.de\/web\/#\/schema\/logo\/image\/","url":"https:\/\/www.mettmann.de\/web\/wp-content\/uploads\/2019\/08\/Kreisstadt_Mettmann_Logo_RGB_150dpi.png","contentUrl":"https:\/\/www.mettmann.de\/web\/wp-content\/uploads\/2019\/08\/Kreisstadt_Mettmann_Logo_RGB_150dpi.png","width":1302,"height":191,"caption":"Kreisstadt Mettmann"},"image":{"@id":"https:\/\/www.mettmann.de\/web\/#\/schema\/logo\/image\/"},"sameAs":["https:\/\/www.facebook.com\/kreisstadt.mettmann","https:\/\/de.wikipedia.org\/wiki\/Mettmann"]}]}},"_links":{"self":[{"href":"https:\/\/www.mettmann.de\/web\/wp-json\/wp\/v2\/pages\/10528","targetHints":{"allow":["GET"]}}],"collection":[{"href":"https:\/\/www.mettmann.de\/web\/wp-json\/wp\/v2\/pages"}],"about":[{"href":"https:\/\/www.mettmann.de\/web\/wp-json\/wp\/v2\/types\/page"}],"author":[{"embeddable":true,"href":"https:\/\/www.mettmann.de\/web\/wp-json\/wp\/v2\/users\/1"}],"replies":[{"embeddable":true,"href":"https:\/\/www.mettmann.de\/web\/wp-json\/wp\/v2\/comments?post=10528"}],"version-history":[{"count":1,"href":"https:\/\/www.mettmann.de\/web\/wp-json\/wp\/v2\/pages\/10528\/revisions"}],"predecessor-version":[{"id":10529,"href":"https:\/\/www.mettmann.de\/web\/wp-json\/wp\/v2\/pages\/10528\/revisions\/10529"}],"up":[{"embeddable":true,"href":"https:\/\/www.mettmann.de\/web\/wp-json\/wp\/v2\/pages\/10023"}],"wp:featuredmedia":[{"embeddable":true,"href":"https:\/\/www.mettmann.de\/web\/wp-json\/wp\/v2\/media\/632"}],"wp:attachment":[{"href":"https:\/\/www.mettmann.de\/web\/wp-json\/wp\/v2\/media?parent=10528"}],"curies":[{"name":"wp","href":"https:\/\/api.w.org\/{rel}","templated":true}]}}