{"id":10549,"date":"2021-02-02T12:26:20","date_gmt":"2021-02-02T11:26:20","guid":{"rendered":"https:\/\/www.mettmann.de\/web\/?page_id=10549"},"modified":"2025-01-08T12:35:24","modified_gmt":"2025-01-08T11:35:24","slug":"stolpersteine-gegen-das-vergessen","status":"publish","type":"page","link":"https:\/\/www.mettmann.de\/web\/stadtportrait-infos\/gebaeude-denkmaeler-skulpturen\/stolpersteine-gegen-das-vergessen\/","title":{"rendered":"Stolpersteine gegen das Vergessen"},"content":{"rendered":"<div id=\"attachment_10551\" style=\"width: 1290px\" class=\"wp-caption alignnone\"><img loading=\"lazy\" decoding=\"async\" aria-describedby=\"caption-attachment-10551\" class=\"size-full wp-image-10551\" src=\"https:\/\/www.mettmann.de\/web\/wp-content\/uploads\/2021\/02\/stolpersteine.jpg\" alt=\"Stolpersteine gegen das Vergessen\" width=\"1280\" height=\"720\" srcset=\"https:\/\/www.mettmann.de\/web\/wp-content\/uploads\/2021\/02\/stolpersteine.jpg 1280w, https:\/\/www.mettmann.de\/web\/wp-content\/uploads\/2021\/02\/stolpersteine-300x169.jpg 300w, https:\/\/www.mettmann.de\/web\/wp-content\/uploads\/2021\/02\/stolpersteine-1024x576.jpg 1024w, https:\/\/www.mettmann.de\/web\/wp-content\/uploads\/2021\/02\/stolpersteine-768x432.jpg 768w, https:\/\/www.mettmann.de\/web\/wp-content\/uploads\/2021\/02\/stolpersteine-777x437.jpg 777w, https:\/\/www.mettmann.de\/web\/wp-content\/uploads\/2021\/02\/stolpersteine-260x146.jpg 260w, https:\/\/www.mettmann.de\/web\/wp-content\/uploads\/2021\/02\/stolpersteine-120x67.jpg 120w\" sizes=\"auto, (max-width: 1280px) 100vw, 1280px\" \/><p id=\"caption-attachment-10551\" class=\"wp-caption-text\">Symbolfoto: Hans \/ pixabay<\/p><\/div>\n<p class=\"eingerueckt40\">Stolpersteine dienen der Erinnerung an die Opfer der Vertreibung und Vernichtung w\u00e4hrend der Zeit des Nationalsozialismus.<\/p>\n<p class=\"eingerueckt40\">Die Steine in der Gr\u00f6\u00dfe von 10 x 10 cm haben eine Messingoberfl\u00e4che, in die Hinweise \u00fcber die betroffene Person eingeschlagen sind. Die Stolpersteine liegen auf dem gleichen Niveau der umgebenden Bepflasterung, stechen aber durch ihre Messingfarbe hervor.<\/p>\n<p class=\"eingerueckt40\">Der K\u00f6lner K\u00fcnstler <a href=\"https:\/\/de.wikipedia.org\/wiki\/Gunter_Demnig\" target=\"_blank\" rel=\"noopener\">Gunter Demnig<\/a> verfolgt das Projekt bundesweit seit 1992.<\/p>\n<p class=\"eingerueckt40\">In Mettmann sind nach umfangreichen Recherchen in privaten und offiziellen Archiven 14 betroffene Personen ermittelt worden. Hierbei handelt es sich um die Familien Bach, Kowalski und Simson sowie um <a href=\"https:\/\/de.wikipedia.org\/wiki\/Johannes_Flintrop\" target=\"_blank\" rel=\"noopener\">Kaplan Johannes Flintrop<\/a>.<\/p>\n<p class=\"eingerueckt40\">Im Dezember 2003 verlegte der K\u00fcnstler insgesamt 14 Steine an den folgende Stellen:<\/p>\n<p><strong>Johannes-Flintrop-Stra\u00dfe 25-27<\/strong><\/p>\n<p class=\"eingerueckt40\">1 Stein f\u00fcr den katholischen <b><\/b>Kaplan Johannes Flintrop, 1942 nach Dachau deportiert, am 18.08.1942, dort verstorben.<\/p>\n<p><strong>D\u00fcsseldorfer Stra\u00dfe 75<\/strong><\/p>\n<p class=\"eingerueckt40\">4 Steine f\u00fcr Familie Kowalski, 1941 nach Lodz deportiert, Mutter Hinda, Vater Isidor und Sohn Werner sind verschollen, Tochter Martha fl\u00fcchtet nach England und den USA.<\/p>\n<p><strong>Pfingstgarten 288 (heutige Anschrift: Goethestra\u00dfe vor der G\u00e4rtnerei Speck)<\/strong><\/p>\n<p class=\"eingerueckt40\">4 <a href=\"https:\/\/www.mettmann.de\/web\/wp-content\/uploads\/2021\/02\/stolpersteine-mettmann.jpg\"><img loading=\"lazy\" decoding=\"async\" class=\"alignright size-medium wp-image-10550\" src=\"https:\/\/www.mettmann.de\/web\/wp-content\/uploads\/2021\/02\/stolpersteine-mettmann-300x169.jpg\" alt=\"Stolpersteine M\u00fchlenstra\u00dfe Mettmann\" width=\"300\" height=\"169\" srcset=\"https:\/\/www.mettmann.de\/web\/wp-content\/uploads\/2021\/02\/stolpersteine-mettmann-300x169.jpg 300w, https:\/\/www.mettmann.de\/web\/wp-content\/uploads\/2021\/02\/stolpersteine-mettmann-260x146.jpg 260w, https:\/\/www.mettmann.de\/web\/wp-content\/uploads\/2021\/02\/stolpersteine-mettmann-120x67.jpg 120w, https:\/\/www.mettmann.de\/web\/wp-content\/uploads\/2021\/02\/stolpersteine-mettmann.jpg 605w\" sizes=\"auto, (max-width: 300px) 100vw, 300px\" \/><\/a>Steine f\u00fcr Wilhelm, Fanny, Gustav und Auguste Simson, aus Berlin nach Ausschwitz deportiert.<\/p>\n<p><strong>M\u00fchlenstra\u00dfe 30<\/strong><\/p>\n<p class=\"eingerueckt40\">5 Steine f\u00fcr Selma, Max, Karl-Heinz, Lore und Rachel Bach, 1941 nach Lodz deportiert. Sie wurden nach 1945 f\u00fcr tot erkl\u00e4rt.<\/p>\n<p>&nbsp;<\/p>\n<h3>Verlegung von Stolpersteinen f\u00fcr Bibelforscher<\/h3>\n<p>Am 30. Oktober 2007 wurden weitere vier Steine verlegt, diesmal f\u00fcr die aus Mettmann stammenden ermordeten Bibelforscher.<\/p>\n<p><strong>Bahnstra\u00dfe 10<\/strong><\/p>\n<p class=\"eingerueckt40\">1 Stein f\u00fcr den Bibelforscher \/ Jehovas Zeuge Paul Erhard Clausnitzer. Er wurde 1944 verhaftet und in Torgau hingerichtet.<\/p>\n<p><strong>D\u00fcsseldorfer Stra\u00dfe 124<\/strong><\/p>\n<p class=\"eingerueckt40\">2 Steine f\u00fcr die Bibelforscher \/ Jehovas Zeugen Wilhelm und Mathilde Hengeveld. Sie wurden 1944 verhaftet und in Berlin hingerichtet.<\/p>\n<p><strong>R\u00f6mersta\u00dfe 18<\/strong><\/p>\n<p class=\"eingerueckt40\">1 Stein f\u00fcr die Bibelforscherin \/ Jehovas Zeugin Johanne Gesink. Sie wurde zun\u00e4chst nach Holland ausgewiesen, 1940 verhaftet und nach Auschwitz transportiert. 1945 verstarb sie bei einem Fu\u00dfmarsch nach Bergen-Belsen an Thypus.<\/p>\n<p>&nbsp;<\/p>\n<h3>Verlegung von vier Stolpersteinen auf der Oberstra\u00dfe<\/h3>\n<p><span style=\"font-family: Mulish; font-size: 12pt;\">Am 25. Januar 2022 wurden weitere vier Stolpersteine verlegt<\/span><\/p>\n<p><span style=\"font-family: Mulish; font-size: 12pt;\"><strong>Oberstra\u00dfe 14<\/strong><\/span><\/p>\n<p><span style=\"font-family: Mulish; font-size: 12pt;\">Drei Stolpersteine f\u00fcr die christlich-j\u00fcdische Familie Schmidt: Wilhelm Josef Friedrich Schmidt, seine Frau Karoline, geb. Bach und seine Tochter Lieselotte Irma Schmidt sowie f\u00fcr den wegen seiner politischen Gesinnung verfolgten Karl Wagner. Alle \u00fcberlebten die Verfolgungen der Nationalsozialisten und ihre Inhaftierungen in den Konzentrationslagern Dachau und Hunswinkel. Aber das Erlebte hat sie ein Leben lang gezeichnet.&nbsp;<\/span><\/p>\n<p>&nbsp;<\/p>\n<h3>Verlegung eines Stolpersteins auf der Gruitener Stra\u00dfe<\/h3>\n<p>Am 26. Januar 2023 wurde ein weiterer Stolperstein verlegt.<\/p>\n<p><strong>Gruitener Stra\u00dfe 4<\/strong><\/p>\n<p>Der Stolperstein wurde f\u00fcr den KZ-\u00dcberlebenden Karl V\u00f6gtel verlegt. V\u00f6gtel und seine Frau Luise wanderten 1931 als \u00fcberzeugte Kommunisten in die Sowjetunion aus. Karl V\u00f6gtel wurde dort vom Geheimdienst verhaftet, ins Deutsche Reich ausgewiesen und ins Konzentrationslager Buchenwald bei Weimar gebracht. V\u00f6gtel \u00fcberlebte die Zeit im KZ und kehrte nach dem 2. Weltkrieg nach Mettmann zur\u00fcck.&nbsp;<\/p>\n<p>&nbsp;<\/p>\n<h3>WDR-Stolperstein-App<\/h3>\n<p>Die Mettmanner Stolpersteine sind mit Unterst\u00fctzung des Stadtarchivs auch in der <a href=\"https:\/\/stolpersteine.wdr.de\/web\/de\/\" target=\"_blank\" rel=\"noopener\">WDR-Stolperstein-App<\/a> zu finden. Die Stolpersteine f\u00fcr Johannes Flintrop und Paul Ehrhard Clausnitzer werden dort besonders ausf\u00fchrlich behandelt. F\u00fcr alle anderen Stolpersteine liegen dem WDR-Projektteam ausf\u00fchrliche Informationen, bereitgestellt durch das Stadtarchiv Mettmann, vor. Sie sollen demn\u00e4chst auch entsprechend aufbereitet werden.<\/p>\n","protected":false},"excerpt":{"rendered":"<p>Stolpersteine dienen der Erinnerung an die Opfer der Vertreibung und Vernichtung w\u00e4hrend der Zeit des Nationalsozialismus. Die Steine in der Gr\u00f6\u00dfe von 10 x 10 cm haben eine Messingoberfl\u00e4che, in die Hinweise \u00fcber die betroffene&#8230;<\/p>\n","protected":false},"author":1,"featured_media":10551,"parent":10023,"menu_order":18,"comment_status":"closed","ping_status":"closed","template":"","meta":{"ngg_post_thumbnail":0,"footnotes":""},"class_list":["post-10549","page","type-page","status-publish","has-post-thumbnail","hentry"],"yoast_head":"<!-- This site is optimized with the Yoast SEO plugin v27.2 - https:\/\/yoast.com\/product\/yoast-seo-wordpress\/ -->\n<title>Stolpersteine gegen das Vergessen | Stadtverwaltung Mettmann<\/title>\n<meta name=\"robots\" content=\"index, follow, max-snippet:-1, max-image-preview:large, max-video-preview:-1\" \/>\n<link rel=\"canonical\" href=\"https:\/\/www.mettmann.de\/web\/stadtportrait-infos\/gebaeude-denkmaeler-skulpturen\/stolpersteine-gegen-das-vergessen\/\" \/>\n<meta property=\"og:locale\" content=\"de_DE\" \/>\n<meta property=\"og:type\" content=\"article\" \/>\n<meta property=\"og:title\" content=\"Stolpersteine gegen das Vergessen | Stadtverwaltung Mettmann\" \/>\n<meta property=\"og:description\" content=\"Stolpersteine dienen der Erinnerung an die Opfer der Vertreibung und Vernichtung w\u00e4hrend der Zeit des Nationalsozialismus. Die Steine in der Gr\u00f6\u00dfe von 10 x 10 cm haben eine Messingoberfl\u00e4che, in die Hinweise \u00fcber die betroffene...\" \/>\n<meta property=\"og:url\" content=\"https:\/\/www.mettmann.de\/web\/stadtportrait-infos\/gebaeude-denkmaeler-skulpturen\/stolpersteine-gegen-das-vergessen\/\" \/>\n<meta property=\"og:site_name\" content=\"Stadtverwaltung Mettmann\" \/>\n<meta property=\"article:publisher\" content=\"https:\/\/www.facebook.com\/kreisstadt.mettmann\" \/>\n<meta property=\"article:modified_time\" content=\"2025-01-08T11:35:24+00:00\" \/>\n<meta property=\"og:image\" content=\"https:\/\/www.mettmann.de\/web\/wp-content\/uploads\/2021\/02\/stolpersteine.jpg\" \/>\n\t<meta property=\"og:image:width\" content=\"1280\" \/>\n\t<meta property=\"og:image:height\" content=\"720\" \/>\n\t<meta property=\"og:image:type\" content=\"image\/jpeg\" \/>\n<meta name=\"twitter:card\" content=\"summary_large_image\" \/>\n<meta name=\"twitter:label1\" content=\"Gesch\u00e4tzte Lesezeit\" \/>\n\t<meta name=\"twitter:data1\" content=\"4\u00a0Minuten\" \/>\n<script type=\"application\/ld+json\" class=\"yoast-schema-graph\">{\"@context\":\"https:\/\/schema.org\",\"@graph\":[{\"@type\":\"WebPage\",\"@id\":\"https:\/\/www.mettmann.de\/web\/stadtportrait-infos\/gebaeude-denkmaeler-skulpturen\/stolpersteine-gegen-das-vergessen\/\",\"url\":\"https:\/\/www.mettmann.de\/web\/stadtportrait-infos\/gebaeude-denkmaeler-skulpturen\/stolpersteine-gegen-das-vergessen\/\",\"name\":\"Stolpersteine gegen das Vergessen | Stadtverwaltung Mettmann\",\"isPartOf\":{\"@id\":\"https:\/\/www.mettmann.de\/web\/#website\"},\"primaryImageOfPage\":{\"@id\":\"https:\/\/www.mettmann.de\/web\/stadtportrait-infos\/gebaeude-denkmaeler-skulpturen\/stolpersteine-gegen-das-vergessen\/#primaryimage\"},\"image\":{\"@id\":\"https:\/\/www.mettmann.de\/web\/stadtportrait-infos\/gebaeude-denkmaeler-skulpturen\/stolpersteine-gegen-das-vergessen\/#primaryimage\"},\"thumbnailUrl\":\"https:\/\/www.mettmann.de\/web\/wp-content\/uploads\/2021\/02\/stolpersteine.jpg\",\"datePublished\":\"2021-02-02T11:26:20+00:00\",\"dateModified\":\"2025-01-08T11:35:24+00:00\",\"breadcrumb\":{\"@id\":\"https:\/\/www.mettmann.de\/web\/stadtportrait-infos\/gebaeude-denkmaeler-skulpturen\/stolpersteine-gegen-das-vergessen\/#breadcrumb\"},\"inLanguage\":\"de\",\"potentialAction\":[{\"@type\":\"ReadAction\",\"target\":[\"https:\/\/www.mettmann.de\/web\/stadtportrait-infos\/gebaeude-denkmaeler-skulpturen\/stolpersteine-gegen-das-vergessen\/\"]}]},{\"@type\":\"ImageObject\",\"inLanguage\":\"de\",\"@id\":\"https:\/\/www.mettmann.de\/web\/stadtportrait-infos\/gebaeude-denkmaeler-skulpturen\/stolpersteine-gegen-das-vergessen\/#primaryimage\",\"url\":\"https:\/\/www.mettmann.de\/web\/wp-content\/uploads\/2021\/02\/stolpersteine.jpg\",\"contentUrl\":\"https:\/\/www.mettmann.de\/web\/wp-content\/uploads\/2021\/02\/stolpersteine.jpg\",\"width\":1280,\"height\":720,\"caption\":\"Symbolfoto: Hans \/ pixabay\"},{\"@type\":\"BreadcrumbList\",\"@id\":\"https:\/\/www.mettmann.de\/web\/stadtportrait-infos\/gebaeude-denkmaeler-skulpturen\/stolpersteine-gegen-das-vergessen\/#breadcrumb\",\"itemListElement\":[{\"@type\":\"ListItem\",\"position\":1,\"name\":\"Startseite\",\"item\":\"https:\/\/www.mettmann.de\/web\/\"},{\"@type\":\"ListItem\",\"position\":2,\"name\":\"Stadtportrait &#038; Infos\",\"item\":\"https:\/\/www.mettmann.de\/web\/stadtportrait-infos\/\"},{\"@type\":\"ListItem\",\"position\":3,\"name\":\"Geb\u00e4ude, Denkm\u00e4ler &#038; Skulpturen\",\"item\":\"https:\/\/www.mettmann.de\/web\/stadtportrait-infos\/gebaeude-denkmaeler-skulpturen\/\"},{\"@type\":\"ListItem\",\"position\":4,\"name\":\"Stolpersteine gegen das Vergessen\"}]},{\"@type\":\"WebSite\",\"@id\":\"https:\/\/www.mettmann.de\/web\/#website\",\"url\":\"https:\/\/www.mettmann.de\/web\/\",\"name\":\"Stadtverwaltung Mettmann\",\"description\":\"Internetseite der Kreisstadt Mettmann\",\"publisher\":{\"@id\":\"https:\/\/www.mettmann.de\/web\/#organization\"},\"potentialAction\":[{\"@type\":\"SearchAction\",\"target\":{\"@type\":\"EntryPoint\",\"urlTemplate\":\"https:\/\/www.mettmann.de\/web\/?s={search_term_string}\"},\"query-input\":{\"@type\":\"PropertyValueSpecification\",\"valueRequired\":true,\"valueName\":\"search_term_string\"}}],\"inLanguage\":\"de\"},{\"@type\":\"Organization\",\"@id\":\"https:\/\/www.mettmann.de\/web\/#organization\",\"name\":\"Kreisstadt Mettmann\",\"url\":\"https:\/\/www.mettmann.de\/web\/\",\"logo\":{\"@type\":\"ImageObject\",\"inLanguage\":\"de\",\"@id\":\"https:\/\/www.mettmann.de\/web\/#\/schema\/logo\/image\/\",\"url\":\"https:\/\/www.mettmann.de\/web\/wp-content\/uploads\/2019\/08\/Kreisstadt_Mettmann_Logo_RGB_150dpi.png\",\"contentUrl\":\"https:\/\/www.mettmann.de\/web\/wp-content\/uploads\/2019\/08\/Kreisstadt_Mettmann_Logo_RGB_150dpi.png\",\"width\":1302,\"height\":191,\"caption\":\"Kreisstadt Mettmann\"},\"image\":{\"@id\":\"https:\/\/www.mettmann.de\/web\/#\/schema\/logo\/image\/\"},\"sameAs\":[\"https:\/\/www.facebook.com\/kreisstadt.mettmann\",\"https:\/\/de.wikipedia.org\/wiki\/Mettmann\"]}]}<\/script>\n<!-- \/ Yoast SEO plugin. -->","yoast_head_json":{"title":"Stolpersteine gegen das Vergessen | Stadtverwaltung Mettmann","robots":{"index":"index","follow":"follow","max-snippet":"max-snippet:-1","max-image-preview":"max-image-preview:large","max-video-preview":"max-video-preview:-1"},"canonical":"https:\/\/www.mettmann.de\/web\/stadtportrait-infos\/gebaeude-denkmaeler-skulpturen\/stolpersteine-gegen-das-vergessen\/","og_locale":"de_DE","og_type":"article","og_title":"Stolpersteine gegen das Vergessen | Stadtverwaltung Mettmann","og_description":"Stolpersteine dienen der Erinnerung an die Opfer der Vertreibung und Vernichtung w\u00e4hrend der Zeit des Nationalsozialismus. Die Steine in der Gr\u00f6\u00dfe von 10 x 10 cm haben eine Messingoberfl\u00e4che, in die Hinweise \u00fcber die betroffene...","og_url":"https:\/\/www.mettmann.de\/web\/stadtportrait-infos\/gebaeude-denkmaeler-skulpturen\/stolpersteine-gegen-das-vergessen\/","og_site_name":"Stadtverwaltung Mettmann","article_publisher":"https:\/\/www.facebook.com\/kreisstadt.mettmann","article_modified_time":"2025-01-08T11:35:24+00:00","og_image":[{"width":1280,"height":720,"url":"https:\/\/www.mettmann.de\/web\/wp-content\/uploads\/2021\/02\/stolpersteine.jpg","type":"image\/jpeg"}],"twitter_card":"summary_large_image","twitter_misc":{"Gesch\u00e4tzte Lesezeit":"4\u00a0Minuten"},"schema":{"@context":"https:\/\/schema.org","@graph":[{"@type":"WebPage","@id":"https:\/\/www.mettmann.de\/web\/stadtportrait-infos\/gebaeude-denkmaeler-skulpturen\/stolpersteine-gegen-das-vergessen\/","url":"https:\/\/www.mettmann.de\/web\/stadtportrait-infos\/gebaeude-denkmaeler-skulpturen\/stolpersteine-gegen-das-vergessen\/","name":"Stolpersteine gegen das Vergessen | Stadtverwaltung Mettmann","isPartOf":{"@id":"https:\/\/www.mettmann.de\/web\/#website"},"primaryImageOfPage":{"@id":"https:\/\/www.mettmann.de\/web\/stadtportrait-infos\/gebaeude-denkmaeler-skulpturen\/stolpersteine-gegen-das-vergessen\/#primaryimage"},"image":{"@id":"https:\/\/www.mettmann.de\/web\/stadtportrait-infos\/gebaeude-denkmaeler-skulpturen\/stolpersteine-gegen-das-vergessen\/#primaryimage"},"thumbnailUrl":"https:\/\/www.mettmann.de\/web\/wp-content\/uploads\/2021\/02\/stolpersteine.jpg","datePublished":"2021-02-02T11:26:20+00:00","dateModified":"2025-01-08T11:35:24+00:00","breadcrumb":{"@id":"https:\/\/www.mettmann.de\/web\/stadtportrait-infos\/gebaeude-denkmaeler-skulpturen\/stolpersteine-gegen-das-vergessen\/#breadcrumb"},"inLanguage":"de","potentialAction":[{"@type":"ReadAction","target":["https:\/\/www.mettmann.de\/web\/stadtportrait-infos\/gebaeude-denkmaeler-skulpturen\/stolpersteine-gegen-das-vergessen\/"]}]},{"@type":"ImageObject","inLanguage":"de","@id":"https:\/\/www.mettmann.de\/web\/stadtportrait-infos\/gebaeude-denkmaeler-skulpturen\/stolpersteine-gegen-das-vergessen\/#primaryimage","url":"https:\/\/www.mettmann.de\/web\/wp-content\/uploads\/2021\/02\/stolpersteine.jpg","contentUrl":"https:\/\/www.mettmann.de\/web\/wp-content\/uploads\/2021\/02\/stolpersteine.jpg","width":1280,"height":720,"caption":"Symbolfoto: Hans \/ pixabay"},{"@type":"BreadcrumbList","@id":"https:\/\/www.mettmann.de\/web\/stadtportrait-infos\/gebaeude-denkmaeler-skulpturen\/stolpersteine-gegen-das-vergessen\/#breadcrumb","itemListElement":[{"@type":"ListItem","position":1,"name":"Startseite","item":"https:\/\/www.mettmann.de\/web\/"},{"@type":"ListItem","position":2,"name":"Stadtportrait &#038; Infos","item":"https:\/\/www.mettmann.de\/web\/stadtportrait-infos\/"},{"@type":"ListItem","position":3,"name":"Geb\u00e4ude, Denkm\u00e4ler &#038; Skulpturen","item":"https:\/\/www.mettmann.de\/web\/stadtportrait-infos\/gebaeude-denkmaeler-skulpturen\/"},{"@type":"ListItem","position":4,"name":"Stolpersteine gegen das Vergessen"}]},{"@type":"WebSite","@id":"https:\/\/www.mettmann.de\/web\/#website","url":"https:\/\/www.mettmann.de\/web\/","name":"Stadtverwaltung Mettmann","description":"Internetseite der Kreisstadt Mettmann","publisher":{"@id":"https:\/\/www.mettmann.de\/web\/#organization"},"potentialAction":[{"@type":"SearchAction","target":{"@type":"EntryPoint","urlTemplate":"https:\/\/www.mettmann.de\/web\/?s={search_term_string}"},"query-input":{"@type":"PropertyValueSpecification","valueRequired":true,"valueName":"search_term_string"}}],"inLanguage":"de"},{"@type":"Organization","@id":"https:\/\/www.mettmann.de\/web\/#organization","name":"Kreisstadt Mettmann","url":"https:\/\/www.mettmann.de\/web\/","logo":{"@type":"ImageObject","inLanguage":"de","@id":"https:\/\/www.mettmann.de\/web\/#\/schema\/logo\/image\/","url":"https:\/\/www.mettmann.de\/web\/wp-content\/uploads\/2019\/08\/Kreisstadt_Mettmann_Logo_RGB_150dpi.png","contentUrl":"https:\/\/www.mettmann.de\/web\/wp-content\/uploads\/2019\/08\/Kreisstadt_Mettmann_Logo_RGB_150dpi.png","width":1302,"height":191,"caption":"Kreisstadt Mettmann"},"image":{"@id":"https:\/\/www.mettmann.de\/web\/#\/schema\/logo\/image\/"},"sameAs":["https:\/\/www.facebook.com\/kreisstadt.mettmann","https:\/\/de.wikipedia.org\/wiki\/Mettmann"]}]}},"_links":{"self":[{"href":"https:\/\/www.mettmann.de\/web\/wp-json\/wp\/v2\/pages\/10549","targetHints":{"allow":["GET"]}}],"collection":[{"href":"https:\/\/www.mettmann.de\/web\/wp-json\/wp\/v2\/pages"}],"about":[{"href":"https:\/\/www.mettmann.de\/web\/wp-json\/wp\/v2\/types\/page"}],"author":[{"embeddable":true,"href":"https:\/\/www.mettmann.de\/web\/wp-json\/wp\/v2\/users\/1"}],"replies":[{"embeddable":true,"href":"https:\/\/www.mettmann.de\/web\/wp-json\/wp\/v2\/comments?post=10549"}],"version-history":[{"count":16,"href":"https:\/\/www.mettmann.de\/web\/wp-json\/wp\/v2\/pages\/10549\/revisions"}],"predecessor-version":[{"id":46552,"href":"https:\/\/www.mettmann.de\/web\/wp-json\/wp\/v2\/pages\/10549\/revisions\/46552"}],"up":[{"embeddable":true,"href":"https:\/\/www.mettmann.de\/web\/wp-json\/wp\/v2\/pages\/10023"}],"wp:featuredmedia":[{"embeddable":true,"href":"https:\/\/www.mettmann.de\/web\/wp-json\/wp\/v2\/media\/10551"}],"wp:attachment":[{"href":"https:\/\/www.mettmann.de\/web\/wp-json\/wp\/v2\/media?parent=10549"}],"curies":[{"name":"wp","href":"https:\/\/api.w.org\/{rel}","templated":true}]}}