{"id":10556,"date":"2021-02-02T12:45:41","date_gmt":"2021-02-02T11:45:41","guid":{"rendered":"https:\/\/www.mettmann.de\/web\/?page_id=10556"},"modified":"2021-02-02T12:46:17","modified_gmt":"2021-02-02T11:46:17","slug":"stiewe-koettel","status":"publish","type":"page","link":"https:\/\/www.mettmann.de\/web\/stadtportrait-infos\/gebaeude-denkmaeler-skulpturen\/stiewe-koettel\/","title":{"rendered":"Stiewe K\u00f6ttel"},"content":{"rendered":"<div id=\"attachment_10557\" style=\"width: 1290px\" class=\"wp-caption alignnone\"><img loading=\"lazy\" decoding=\"async\" aria-describedby=\"caption-attachment-10557\" class=\"size-full wp-image-10557\" src=\"https:\/\/www.mettmann.de\/web\/wp-content\/uploads\/2021\/02\/stiewer-koettel-mettmann.jpg\" alt=\"Stiewer K\u00f6ttel\" width=\"1280\" height=\"720\" srcset=\"https:\/\/www.mettmann.de\/web\/wp-content\/uploads\/2021\/02\/stiewer-koettel-mettmann.jpg 1280w, https:\/\/www.mettmann.de\/web\/wp-content\/uploads\/2021\/02\/stiewer-koettel-mettmann-300x169.jpg 300w, https:\/\/www.mettmann.de\/web\/wp-content\/uploads\/2021\/02\/stiewer-koettel-mettmann-1024x576.jpg 1024w, https:\/\/www.mettmann.de\/web\/wp-content\/uploads\/2021\/02\/stiewer-koettel-mettmann-768x432.jpg 768w, https:\/\/www.mettmann.de\/web\/wp-content\/uploads\/2021\/02\/stiewer-koettel-mettmann-777x437.jpg 777w, https:\/\/www.mettmann.de\/web\/wp-content\/uploads\/2021\/02\/stiewer-koettel-mettmann-260x146.jpg 260w, https:\/\/www.mettmann.de\/web\/wp-content\/uploads\/2021\/02\/stiewer-koettel-mettmann-120x67.jpg 120w\" sizes=\"auto, (max-width: 1280px) 100vw, 1280px\" \/><p id=\"caption-attachment-10557\" class=\"wp-caption-text\">Fotos: Stadtarchiv Mettmann<\/p><\/div>\n<p>Der Gedenkstein zur 1000-Jahr Feier, im Volksmund &#8222;Stiewer K\u00f6ttel&#8220; genannt, wurde auf dem Jubli\u00e4umsplatz aufgestellt.<\/p>\n<p>Die Steine dazu stammten \u00fcberwiegend aus einer Fehlsprengung am Rabenstein im Neandertal im Jahr 1891.<\/p>\n<p>Im Rahmen von Umbauma\u00dfnahmen (Zeitpunkt unbekannt) wurde der Gedenkstein abgebaut und ist seitdem verschollen.<\/p>\n<p>\u00dcber Hinweise \u00fcber den Verbleib w\u00fcrde sich das <a href=\"\/web\/?page_id=895\">Stadtarchiv<\/a> freuen.<\/p>\n","protected":false},"excerpt":{"rendered":"<p>Der Gedenkstein zur 1000-Jahr Feier, im Volksmund &#8222;Stiewer K\u00f6ttel&#8220; genannt, wurde auf dem Jubli\u00e4umsplatz aufgestellt. Die Steine dazu stammten \u00fcberwiegend aus einer Fehlsprengung am Rabenstein im Neandertal im Jahr 1891. Im Rahmen von Umbauma\u00dfnahmen (Zeitpunkt&#8230;<\/p>\n","protected":false},"author":1,"featured_media":10557,"parent":10023,"menu_order":19,"comment_status":"closed","ping_status":"closed","template":"","meta":{"ngg_post_thumbnail":0,"footnotes":""},"class_list":["post-10556","page","type-page","status-publish","has-post-thumbnail","hentry"],"yoast_head":"<!-- This site is optimized with the Yoast SEO plugin v27.2 - https:\/\/yoast.com\/product\/yoast-seo-wordpress\/ -->\n<title>Stiewe K\u00f6ttel | Stadtverwaltung Mettmann<\/title>\n<meta name=\"robots\" content=\"index, follow, max-snippet:-1, max-image-preview:large, max-video-preview:-1\" \/>\n<link rel=\"canonical\" href=\"https:\/\/www.mettmann.de\/web\/stadtportrait-infos\/gebaeude-denkmaeler-skulpturen\/stiewe-koettel\/\" \/>\n<meta property=\"og:locale\" content=\"de_DE\" \/>\n<meta property=\"og:type\" content=\"article\" \/>\n<meta property=\"og:title\" content=\"Stiewe K\u00f6ttel | Stadtverwaltung Mettmann\" \/>\n<meta property=\"og:description\" content=\"Der Gedenkstein zur 1000-Jahr Feier, im Volksmund &#8222;Stiewer K\u00f6ttel&#8220; genannt, wurde auf dem Jubli\u00e4umsplatz aufgestellt. Die Steine dazu stammten \u00fcberwiegend aus einer Fehlsprengung am Rabenstein im Neandertal im Jahr 1891. Im Rahmen von Umbauma\u00dfnahmen (Zeitpunkt...\" \/>\n<meta property=\"og:url\" content=\"https:\/\/www.mettmann.de\/web\/stadtportrait-infos\/gebaeude-denkmaeler-skulpturen\/stiewe-koettel\/\" \/>\n<meta property=\"og:site_name\" content=\"Stadtverwaltung Mettmann\" \/>\n<meta property=\"article:publisher\" content=\"https:\/\/www.facebook.com\/kreisstadt.mettmann\" \/>\n<meta property=\"article:modified_time\" content=\"2021-02-02T11:46:17+00:00\" \/>\n<meta property=\"og:image\" content=\"https:\/\/www.mettmann.de\/web\/wp-content\/uploads\/2021\/02\/stiewer-koettel-mettmann.jpg\" \/>\n\t<meta property=\"og:image:width\" content=\"1280\" \/>\n\t<meta property=\"og:image:height\" content=\"720\" \/>\n\t<meta property=\"og:image:type\" content=\"image\/jpeg\" \/>\n<meta name=\"twitter:card\" content=\"summary_large_image\" \/>\n<script type=\"application\/ld+json\" class=\"yoast-schema-graph\">{\"@context\":\"https:\/\/schema.org\",\"@graph\":[{\"@type\":\"WebPage\",\"@id\":\"https:\/\/www.mettmann.de\/web\/stadtportrait-infos\/gebaeude-denkmaeler-skulpturen\/stiewe-koettel\/\",\"url\":\"https:\/\/www.mettmann.de\/web\/stadtportrait-infos\/gebaeude-denkmaeler-skulpturen\/stiewe-koettel\/\",\"name\":\"Stiewe K\u00f6ttel | Stadtverwaltung Mettmann\",\"isPartOf\":{\"@id\":\"https:\/\/www.mettmann.de\/web\/#website\"},\"primaryImageOfPage\":{\"@id\":\"https:\/\/www.mettmann.de\/web\/stadtportrait-infos\/gebaeude-denkmaeler-skulpturen\/stiewe-koettel\/#primaryimage\"},\"image\":{\"@id\":\"https:\/\/www.mettmann.de\/web\/stadtportrait-infos\/gebaeude-denkmaeler-skulpturen\/stiewe-koettel\/#primaryimage\"},\"thumbnailUrl\":\"https:\/\/www.mettmann.de\/web\/wp-content\/uploads\/2021\/02\/stiewer-koettel-mettmann.jpg\",\"datePublished\":\"2021-02-02T11:45:41+00:00\",\"dateModified\":\"2021-02-02T11:46:17+00:00\",\"breadcrumb\":{\"@id\":\"https:\/\/www.mettmann.de\/web\/stadtportrait-infos\/gebaeude-denkmaeler-skulpturen\/stiewe-koettel\/#breadcrumb\"},\"inLanguage\":\"de\",\"potentialAction\":[{\"@type\":\"ReadAction\",\"target\":[\"https:\/\/www.mettmann.de\/web\/stadtportrait-infos\/gebaeude-denkmaeler-skulpturen\/stiewe-koettel\/\"]}]},{\"@type\":\"ImageObject\",\"inLanguage\":\"de\",\"@id\":\"https:\/\/www.mettmann.de\/web\/stadtportrait-infos\/gebaeude-denkmaeler-skulpturen\/stiewe-koettel\/#primaryimage\",\"url\":\"https:\/\/www.mettmann.de\/web\/wp-content\/uploads\/2021\/02\/stiewer-koettel-mettmann.jpg\",\"contentUrl\":\"https:\/\/www.mettmann.de\/web\/wp-content\/uploads\/2021\/02\/stiewer-koettel-mettmann.jpg\",\"width\":1280,\"height\":720,\"caption\":\"Fotos: Stadtarchiv Mettmann\"},{\"@type\":\"BreadcrumbList\",\"@id\":\"https:\/\/www.mettmann.de\/web\/stadtportrait-infos\/gebaeude-denkmaeler-skulpturen\/stiewe-koettel\/#breadcrumb\",\"itemListElement\":[{\"@type\":\"ListItem\",\"position\":1,\"name\":\"Startseite\",\"item\":\"https:\/\/www.mettmann.de\/web\/\"},{\"@type\":\"ListItem\",\"position\":2,\"name\":\"Stadtportrait &#038; Infos\",\"item\":\"https:\/\/www.mettmann.de\/web\/stadtportrait-infos\/\"},{\"@type\":\"ListItem\",\"position\":3,\"name\":\"Geb\u00e4ude, Denkm\u00e4ler &#038; Skulpturen\",\"item\":\"https:\/\/www.mettmann.de\/web\/stadtportrait-infos\/gebaeude-denkmaeler-skulpturen\/\"},{\"@type\":\"ListItem\",\"position\":4,\"name\":\"Stiewe K\u00f6ttel\"}]},{\"@type\":\"WebSite\",\"@id\":\"https:\/\/www.mettmann.de\/web\/#website\",\"url\":\"https:\/\/www.mettmann.de\/web\/\",\"name\":\"Stadtverwaltung Mettmann\",\"description\":\"Internetseite der Kreisstadt Mettmann\",\"publisher\":{\"@id\":\"https:\/\/www.mettmann.de\/web\/#organization\"},\"potentialAction\":[{\"@type\":\"SearchAction\",\"target\":{\"@type\":\"EntryPoint\",\"urlTemplate\":\"https:\/\/www.mettmann.de\/web\/?s={search_term_string}\"},\"query-input\":{\"@type\":\"PropertyValueSpecification\",\"valueRequired\":true,\"valueName\":\"search_term_string\"}}],\"inLanguage\":\"de\"},{\"@type\":\"Organization\",\"@id\":\"https:\/\/www.mettmann.de\/web\/#organization\",\"name\":\"Kreisstadt Mettmann\",\"url\":\"https:\/\/www.mettmann.de\/web\/\",\"logo\":{\"@type\":\"ImageObject\",\"inLanguage\":\"de\",\"@id\":\"https:\/\/www.mettmann.de\/web\/#\/schema\/logo\/image\/\",\"url\":\"https:\/\/www.mettmann.de\/web\/wp-content\/uploads\/2019\/08\/Kreisstadt_Mettmann_Logo_RGB_150dpi.png\",\"contentUrl\":\"https:\/\/www.mettmann.de\/web\/wp-content\/uploads\/2019\/08\/Kreisstadt_Mettmann_Logo_RGB_150dpi.png\",\"width\":1302,\"height\":191,\"caption\":\"Kreisstadt Mettmann\"},\"image\":{\"@id\":\"https:\/\/www.mettmann.de\/web\/#\/schema\/logo\/image\/\"},\"sameAs\":[\"https:\/\/www.facebook.com\/kreisstadt.mettmann\",\"https:\/\/de.wikipedia.org\/wiki\/Mettmann\"]}]}<\/script>\n<!-- \/ Yoast SEO plugin. -->","yoast_head_json":{"title":"Stiewe K\u00f6ttel | Stadtverwaltung Mettmann","robots":{"index":"index","follow":"follow","max-snippet":"max-snippet:-1","max-image-preview":"max-image-preview:large","max-video-preview":"max-video-preview:-1"},"canonical":"https:\/\/www.mettmann.de\/web\/stadtportrait-infos\/gebaeude-denkmaeler-skulpturen\/stiewe-koettel\/","og_locale":"de_DE","og_type":"article","og_title":"Stiewe K\u00f6ttel | Stadtverwaltung Mettmann","og_description":"Der Gedenkstein zur 1000-Jahr Feier, im Volksmund &#8222;Stiewer K\u00f6ttel&#8220; genannt, wurde auf dem Jubli\u00e4umsplatz aufgestellt. Die Steine dazu stammten \u00fcberwiegend aus einer Fehlsprengung am Rabenstein im Neandertal im Jahr 1891. Im Rahmen von Umbauma\u00dfnahmen (Zeitpunkt...","og_url":"https:\/\/www.mettmann.de\/web\/stadtportrait-infos\/gebaeude-denkmaeler-skulpturen\/stiewe-koettel\/","og_site_name":"Stadtverwaltung Mettmann","article_publisher":"https:\/\/www.facebook.com\/kreisstadt.mettmann","article_modified_time":"2021-02-02T11:46:17+00:00","og_image":[{"width":1280,"height":720,"url":"https:\/\/www.mettmann.de\/web\/wp-content\/uploads\/2021\/02\/stiewer-koettel-mettmann.jpg","type":"image\/jpeg"}],"twitter_card":"summary_large_image","schema":{"@context":"https:\/\/schema.org","@graph":[{"@type":"WebPage","@id":"https:\/\/www.mettmann.de\/web\/stadtportrait-infos\/gebaeude-denkmaeler-skulpturen\/stiewe-koettel\/","url":"https:\/\/www.mettmann.de\/web\/stadtportrait-infos\/gebaeude-denkmaeler-skulpturen\/stiewe-koettel\/","name":"Stiewe K\u00f6ttel | Stadtverwaltung Mettmann","isPartOf":{"@id":"https:\/\/www.mettmann.de\/web\/#website"},"primaryImageOfPage":{"@id":"https:\/\/www.mettmann.de\/web\/stadtportrait-infos\/gebaeude-denkmaeler-skulpturen\/stiewe-koettel\/#primaryimage"},"image":{"@id":"https:\/\/www.mettmann.de\/web\/stadtportrait-infos\/gebaeude-denkmaeler-skulpturen\/stiewe-koettel\/#primaryimage"},"thumbnailUrl":"https:\/\/www.mettmann.de\/web\/wp-content\/uploads\/2021\/02\/stiewer-koettel-mettmann.jpg","datePublished":"2021-02-02T11:45:41+00:00","dateModified":"2021-02-02T11:46:17+00:00","breadcrumb":{"@id":"https:\/\/www.mettmann.de\/web\/stadtportrait-infos\/gebaeude-denkmaeler-skulpturen\/stiewe-koettel\/#breadcrumb"},"inLanguage":"de","potentialAction":[{"@type":"ReadAction","target":["https:\/\/www.mettmann.de\/web\/stadtportrait-infos\/gebaeude-denkmaeler-skulpturen\/stiewe-koettel\/"]}]},{"@type":"ImageObject","inLanguage":"de","@id":"https:\/\/www.mettmann.de\/web\/stadtportrait-infos\/gebaeude-denkmaeler-skulpturen\/stiewe-koettel\/#primaryimage","url":"https:\/\/www.mettmann.de\/web\/wp-content\/uploads\/2021\/02\/stiewer-koettel-mettmann.jpg","contentUrl":"https:\/\/www.mettmann.de\/web\/wp-content\/uploads\/2021\/02\/stiewer-koettel-mettmann.jpg","width":1280,"height":720,"caption":"Fotos: Stadtarchiv Mettmann"},{"@type":"BreadcrumbList","@id":"https:\/\/www.mettmann.de\/web\/stadtportrait-infos\/gebaeude-denkmaeler-skulpturen\/stiewe-koettel\/#breadcrumb","itemListElement":[{"@type":"ListItem","position":1,"name":"Startseite","item":"https:\/\/www.mettmann.de\/web\/"},{"@type":"ListItem","position":2,"name":"Stadtportrait &#038; Infos","item":"https:\/\/www.mettmann.de\/web\/stadtportrait-infos\/"},{"@type":"ListItem","position":3,"name":"Geb\u00e4ude, Denkm\u00e4ler &#038; Skulpturen","item":"https:\/\/www.mettmann.de\/web\/stadtportrait-infos\/gebaeude-denkmaeler-skulpturen\/"},{"@type":"ListItem","position":4,"name":"Stiewe K\u00f6ttel"}]},{"@type":"WebSite","@id":"https:\/\/www.mettmann.de\/web\/#website","url":"https:\/\/www.mettmann.de\/web\/","name":"Stadtverwaltung Mettmann","description":"Internetseite der Kreisstadt Mettmann","publisher":{"@id":"https:\/\/www.mettmann.de\/web\/#organization"},"potentialAction":[{"@type":"SearchAction","target":{"@type":"EntryPoint","urlTemplate":"https:\/\/www.mettmann.de\/web\/?s={search_term_string}"},"query-input":{"@type":"PropertyValueSpecification","valueRequired":true,"valueName":"search_term_string"}}],"inLanguage":"de"},{"@type":"Organization","@id":"https:\/\/www.mettmann.de\/web\/#organization","name":"Kreisstadt Mettmann","url":"https:\/\/www.mettmann.de\/web\/","logo":{"@type":"ImageObject","inLanguage":"de","@id":"https:\/\/www.mettmann.de\/web\/#\/schema\/logo\/image\/","url":"https:\/\/www.mettmann.de\/web\/wp-content\/uploads\/2019\/08\/Kreisstadt_Mettmann_Logo_RGB_150dpi.png","contentUrl":"https:\/\/www.mettmann.de\/web\/wp-content\/uploads\/2019\/08\/Kreisstadt_Mettmann_Logo_RGB_150dpi.png","width":1302,"height":191,"caption":"Kreisstadt Mettmann"},"image":{"@id":"https:\/\/www.mettmann.de\/web\/#\/schema\/logo\/image\/"},"sameAs":["https:\/\/www.facebook.com\/kreisstadt.mettmann","https:\/\/de.wikipedia.org\/wiki\/Mettmann"]}]}},"_links":{"self":[{"href":"https:\/\/www.mettmann.de\/web\/wp-json\/wp\/v2\/pages\/10556","targetHints":{"allow":["GET"]}}],"collection":[{"href":"https:\/\/www.mettmann.de\/web\/wp-json\/wp\/v2\/pages"}],"about":[{"href":"https:\/\/www.mettmann.de\/web\/wp-json\/wp\/v2\/types\/page"}],"author":[{"embeddable":true,"href":"https:\/\/www.mettmann.de\/web\/wp-json\/wp\/v2\/users\/1"}],"replies":[{"embeddable":true,"href":"https:\/\/www.mettmann.de\/web\/wp-json\/wp\/v2\/comments?post=10556"}],"version-history":[{"count":1,"href":"https:\/\/www.mettmann.de\/web\/wp-json\/wp\/v2\/pages\/10556\/revisions"}],"predecessor-version":[{"id":10558,"href":"https:\/\/www.mettmann.de\/web\/wp-json\/wp\/v2\/pages\/10556\/revisions\/10558"}],"up":[{"embeddable":true,"href":"https:\/\/www.mettmann.de\/web\/wp-json\/wp\/v2\/pages\/10023"}],"wp:featuredmedia":[{"embeddable":true,"href":"https:\/\/www.mettmann.de\/web\/wp-json\/wp\/v2\/media\/10557"}],"wp:attachment":[{"href":"https:\/\/www.mettmann.de\/web\/wp-json\/wp\/v2\/media?parent=10556"}],"curies":[{"name":"wp","href":"https:\/\/api.w.org\/{rel}","templated":true}]}}