{"id":10562,"date":"2021-02-02T13:27:45","date_gmt":"2021-02-02T12:27:45","guid":{"rendered":"https:\/\/www.mettmann.de\/web\/?page_id=10562"},"modified":"2021-02-02T13:28:59","modified_gmt":"2021-02-02T12:28:59","slug":"mahnmal-wilhelmshoehe-in-metzkausen","status":"publish","type":"page","link":"https:\/\/www.mettmann.de\/web\/stadtportrait-infos\/gebaeude-denkmaeler-skulpturen\/mahnmal-wilhelmshoehe-in-metzkausen\/","title":{"rendered":"Mahnmal Wilhelmsh\u00f6he in Metzkausen"},"content":{"rendered":"<div id=\"attachment_10564\" style=\"width: 1010px\" class=\"wp-caption alignnone\"><img loading=\"lazy\" decoding=\"async\" aria-describedby=\"caption-attachment-10564\" class=\"size-full wp-image-10564\" src=\"https:\/\/www.mettmann.de\/web\/wp-content\/uploads\/2021\/02\/wilhelmshoehe-mettmann-mahnmal.jpg\" alt=\"Denkmal Wilhelmsh\u00f6he Mettmann\" width=\"1000\" height=\"563\" srcset=\"https:\/\/www.mettmann.de\/web\/wp-content\/uploads\/2021\/02\/wilhelmshoehe-mettmann-mahnmal.jpg 1000w, https:\/\/www.mettmann.de\/web\/wp-content\/uploads\/2021\/02\/wilhelmshoehe-mettmann-mahnmal-300x169.jpg 300w, https:\/\/www.mettmann.de\/web\/wp-content\/uploads\/2021\/02\/wilhelmshoehe-mettmann-mahnmal-768x432.jpg 768w, https:\/\/www.mettmann.de\/web\/wp-content\/uploads\/2021\/02\/wilhelmshoehe-mettmann-mahnmal-777x437.jpg 777w, https:\/\/www.mettmann.de\/web\/wp-content\/uploads\/2021\/02\/wilhelmshoehe-mettmann-mahnmal-260x146.jpg 260w, https:\/\/www.mettmann.de\/web\/wp-content\/uploads\/2021\/02\/wilhelmshoehe-mettmann-mahnmal-120x67.jpg 120w\" sizes=\"auto, (max-width: 1000px) 100vw, 1000px\" \/><p id=\"caption-attachment-10564\" class=\"wp-caption-text\">Fotos: Stadtarchiv Mettmann<\/p><\/div>\n<p class=\"eingerueckt40\">Nach dem gewonnenen Krieg 1870-71 gegen Frankreich beschloss die Gemeindeversammlung von Metzkausen am 27. Juni 1871 auf der sogenannten Kibbenheide ein Denkmal zu errichten, um an die gefallenen S\u00f6hne der Gemeinde aber auch an den glorreichen Sieg des Kaisers zu erinnern. Es wurde um Geld- und Sachspenden f\u00fcr dieses l\u00f6bliche Werk gebeten.<\/p>\n<p class=\"eingerueckt40\">Am 12. August desselben Jahres findet sich in den Akten eine Notiz, dass Seine Majest\u00e4t der Kaiser gern der Umbenennung des Aussichtspunktes in &#8222;Wilhelmsh\u00f6he&#8220; zustimme und am 9. M\u00e4rz 1872 erfolgte die Grundsteinlegung, die sehr feierlich begangen wurde, mit Fahnentr\u00e4gern, Chorgesang und Festreden.<\/p>\n<p class=\"eingerueckt40\"><a href=\"https:\/\/www.mettmann.de\/web\/wp-content\/uploads\/2021\/02\/wilhelmshoehe-mettmann-postkarte.jpg\"><img loading=\"lazy\" decoding=\"async\" class=\"alignright size-medium wp-image-10565\" src=\"https:\/\/www.mettmann.de\/web\/wp-content\/uploads\/2021\/02\/wilhelmshoehe-mettmann-postkarte-300x195.jpg\" alt=\"Postkarte Wilhelmsh\u00f6he\" width=\"300\" height=\"195\" srcset=\"https:\/\/www.mettmann.de\/web\/wp-content\/uploads\/2021\/02\/wilhelmshoehe-mettmann-postkarte-300x195.jpg 300w, https:\/\/www.mettmann.de\/web\/wp-content\/uploads\/2021\/02\/wilhelmshoehe-mettmann-postkarte-768x499.jpg 768w, https:\/\/www.mettmann.de\/web\/wp-content\/uploads\/2021\/02\/wilhelmshoehe-mettmann-postkarte.jpg 787w\" sizes=\"auto, (max-width: 300px) 100vw, 300px\" \/><\/a>26 Jahre sp\u00e4ter wurde das steinerne Denkmal gekr\u00f6nt von einer doppelt lebensgro\u00dfen B\u00fcste des &#8222;Heldenkaisers&#8220; Willhem I. Die B\u00fcste wurde in der Bronzegie\u00dferei Becker in D\u00fcsseldorf hergestellt. Auch zu diesem Anlass gab es wieder Reden und Gesang, aber anschlie\u00dfend begab sich der ganze Festzug in ein gro\u00dfes Zelt und wurde dort von dem Wirt Weber aus Metzkausen mit Kaffee und Kuchen f\u00fcr die Kinder und mit anderen leiblichen Gen\u00fcssen f\u00fcr die Erwachsenen bewirtet. Auch hier wurden wieder patriotische Reden gehalten, wobei besonders hervorzuheben ist, dass der Hubbelrather B\u00fcrgermeister Fricke in Anwesenheit des Mettmanner B\u00fcrgermeisters Conradi in seine Ansprache das &#8222;gute Einvernehmen &#8230;das in ganz besonderer Weise zwischen Hubbelrath und Mettmann besteht auch stets bestehen bleiben m\u00f6ge&#8230;&#8220;<\/p>\n<p class=\"eingerueckt40\">Der Artikel in der D\u00fcsseldorfer Zeitung vom 16.06.1898 endet mit dem Satz: &#8222;In sch\u00f6nster Weise verlief das ganze Fest und haben die Festteilnehmer nach alter deutscher Sitte fest und lange gesessen&#8220;.<\/p>\n<p>2008 wurde am Mahnmal eine Restaurierung am Obelisken durchgef\u00fchrt. Vor dem Mahnmal wurde au\u00dferdem eine Stele mit den Namen der Vermissten und Gefallenen der beiden Weltkriege aufgestellt.<\/p>\n<h3>Weitere Informationen<\/h3>\n<ul>\n<li><a href=\"http:\/\/wiki-de.genealogy.net\/Mettmann\/Kriegerdenkmal_Metzkausen\" target=\"_blank\" rel=\"noopener\">Eintrag im GenWiki<\/a><\/li>\n<li><a href=\"http:\/\/metzkausen.de\/w\/?page_id=169\" target=\"_blank\" rel=\"noopener\">Vom Kriegerdenkmal zum Mahnmal f\u00fcr V\u00f6lkerverst\u00e4ndigung<\/a><\/li>\n<li><a href=\"http:\/\/metzkausen.de\/w\/wp-content\/uploads\/2015\/09\/Das-Mahnmal-Bildhistorie_Format_Titel_low.pdf\" target=\"_blank\" rel=\"noopener\">Bildhistorie von Dr. Joachim Herrmann<\/a><\/li>\n<\/ul>\n","protected":false},"excerpt":{"rendered":"<p>Nach dem gewonnenen Krieg 1870-71 gegen Frankreich beschloss die Gemeindeversammlung von Metzkausen am 27. Juni 1871 auf der sogenannten Kibbenheide ein Denkmal zu errichten, um an die gefallenen S\u00f6hne der Gemeinde aber auch an den&#8230;<\/p>\n","protected":false},"author":1,"featured_media":10564,"parent":10023,"menu_order":21,"comment_status":"closed","ping_status":"closed","template":"","meta":{"ngg_post_thumbnail":0,"footnotes":""},"class_list":["post-10562","page","type-page","status-publish","has-post-thumbnail","hentry"],"yoast_head":"<!-- This site is optimized with the Yoast SEO plugin v27.2 - https:\/\/yoast.com\/product\/yoast-seo-wordpress\/ -->\n<title>Mahnmal Wilhelmsh\u00f6he in Metzkausen | Stadtverwaltung Mettmann<\/title>\n<meta name=\"robots\" content=\"index, follow, max-snippet:-1, max-image-preview:large, max-video-preview:-1\" \/>\n<link rel=\"canonical\" href=\"https:\/\/www.mettmann.de\/web\/stadtportrait-infos\/gebaeude-denkmaeler-skulpturen\/mahnmal-wilhelmshoehe-in-metzkausen\/\" \/>\n<meta property=\"og:locale\" content=\"de_DE\" \/>\n<meta property=\"og:type\" content=\"article\" \/>\n<meta property=\"og:title\" content=\"Mahnmal Wilhelmsh\u00f6he in Metzkausen | Stadtverwaltung Mettmann\" \/>\n<meta property=\"og:description\" content=\"Nach dem gewonnenen Krieg 1870-71 gegen Frankreich beschloss die Gemeindeversammlung von Metzkausen am 27. Juni 1871 auf der sogenannten Kibbenheide ein Denkmal zu errichten, um an die gefallenen S\u00f6hne der Gemeinde aber auch an den...\" \/>\n<meta property=\"og:url\" content=\"https:\/\/www.mettmann.de\/web\/stadtportrait-infos\/gebaeude-denkmaeler-skulpturen\/mahnmal-wilhelmshoehe-in-metzkausen\/\" \/>\n<meta property=\"og:site_name\" content=\"Stadtverwaltung Mettmann\" \/>\n<meta property=\"article:publisher\" content=\"https:\/\/www.facebook.com\/kreisstadt.mettmann\" \/>\n<meta property=\"article:modified_time\" content=\"2021-02-02T12:28:59+00:00\" \/>\n<meta property=\"og:image\" content=\"https:\/\/www.mettmann.de\/web\/wp-content\/uploads\/2021\/02\/wilhelmshoehe-mettmann-mahnmal.jpg\" \/>\n\t<meta property=\"og:image:width\" content=\"1000\" \/>\n\t<meta property=\"og:image:height\" content=\"563\" \/>\n\t<meta property=\"og:image:type\" content=\"image\/jpeg\" \/>\n<meta name=\"twitter:card\" content=\"summary_large_image\" \/>\n<meta name=\"twitter:label1\" content=\"Gesch\u00e4tzte Lesezeit\" \/>\n\t<meta name=\"twitter:data1\" content=\"2\u00a0Minuten\" \/>\n<script type=\"application\/ld+json\" class=\"yoast-schema-graph\">{\"@context\":\"https:\/\/schema.org\",\"@graph\":[{\"@type\":\"WebPage\",\"@id\":\"https:\/\/www.mettmann.de\/web\/stadtportrait-infos\/gebaeude-denkmaeler-skulpturen\/mahnmal-wilhelmshoehe-in-metzkausen\/\",\"url\":\"https:\/\/www.mettmann.de\/web\/stadtportrait-infos\/gebaeude-denkmaeler-skulpturen\/mahnmal-wilhelmshoehe-in-metzkausen\/\",\"name\":\"Mahnmal Wilhelmsh\u00f6he in Metzkausen | Stadtverwaltung Mettmann\",\"isPartOf\":{\"@id\":\"https:\/\/www.mettmann.de\/web\/#website\"},\"primaryImageOfPage\":{\"@id\":\"https:\/\/www.mettmann.de\/web\/stadtportrait-infos\/gebaeude-denkmaeler-skulpturen\/mahnmal-wilhelmshoehe-in-metzkausen\/#primaryimage\"},\"image\":{\"@id\":\"https:\/\/www.mettmann.de\/web\/stadtportrait-infos\/gebaeude-denkmaeler-skulpturen\/mahnmal-wilhelmshoehe-in-metzkausen\/#primaryimage\"},\"thumbnailUrl\":\"https:\/\/www.mettmann.de\/web\/wp-content\/uploads\/2021\/02\/wilhelmshoehe-mettmann-mahnmal.jpg\",\"datePublished\":\"2021-02-02T12:27:45+00:00\",\"dateModified\":\"2021-02-02T12:28:59+00:00\",\"breadcrumb\":{\"@id\":\"https:\/\/www.mettmann.de\/web\/stadtportrait-infos\/gebaeude-denkmaeler-skulpturen\/mahnmal-wilhelmshoehe-in-metzkausen\/#breadcrumb\"},\"inLanguage\":\"de\",\"potentialAction\":[{\"@type\":\"ReadAction\",\"target\":[\"https:\/\/www.mettmann.de\/web\/stadtportrait-infos\/gebaeude-denkmaeler-skulpturen\/mahnmal-wilhelmshoehe-in-metzkausen\/\"]}]},{\"@type\":\"ImageObject\",\"inLanguage\":\"de\",\"@id\":\"https:\/\/www.mettmann.de\/web\/stadtportrait-infos\/gebaeude-denkmaeler-skulpturen\/mahnmal-wilhelmshoehe-in-metzkausen\/#primaryimage\",\"url\":\"https:\/\/www.mettmann.de\/web\/wp-content\/uploads\/2021\/02\/wilhelmshoehe-mettmann-mahnmal.jpg\",\"contentUrl\":\"https:\/\/www.mettmann.de\/web\/wp-content\/uploads\/2021\/02\/wilhelmshoehe-mettmann-mahnmal.jpg\",\"width\":1000,\"height\":563,\"caption\":\"Fotos: Stadtarchiv Mettmann\"},{\"@type\":\"BreadcrumbList\",\"@id\":\"https:\/\/www.mettmann.de\/web\/stadtportrait-infos\/gebaeude-denkmaeler-skulpturen\/mahnmal-wilhelmshoehe-in-metzkausen\/#breadcrumb\",\"itemListElement\":[{\"@type\":\"ListItem\",\"position\":1,\"name\":\"Startseite\",\"item\":\"https:\/\/www.mettmann.de\/web\/\"},{\"@type\":\"ListItem\",\"position\":2,\"name\":\"Stadtportrait &#038; Infos\",\"item\":\"https:\/\/www.mettmann.de\/web\/stadtportrait-infos\/\"},{\"@type\":\"ListItem\",\"position\":3,\"name\":\"Geb\u00e4ude, Denkm\u00e4ler &#038; Skulpturen\",\"item\":\"https:\/\/www.mettmann.de\/web\/stadtportrait-infos\/gebaeude-denkmaeler-skulpturen\/\"},{\"@type\":\"ListItem\",\"position\":4,\"name\":\"Mahnmal Wilhelmsh\u00f6he in Metzkausen\"}]},{\"@type\":\"WebSite\",\"@id\":\"https:\/\/www.mettmann.de\/web\/#website\",\"url\":\"https:\/\/www.mettmann.de\/web\/\",\"name\":\"Stadtverwaltung Mettmann\",\"description\":\"Internetseite der Kreisstadt Mettmann\",\"publisher\":{\"@id\":\"https:\/\/www.mettmann.de\/web\/#organization\"},\"potentialAction\":[{\"@type\":\"SearchAction\",\"target\":{\"@type\":\"EntryPoint\",\"urlTemplate\":\"https:\/\/www.mettmann.de\/web\/?s={search_term_string}\"},\"query-input\":{\"@type\":\"PropertyValueSpecification\",\"valueRequired\":true,\"valueName\":\"search_term_string\"}}],\"inLanguage\":\"de\"},{\"@type\":\"Organization\",\"@id\":\"https:\/\/www.mettmann.de\/web\/#organization\",\"name\":\"Kreisstadt Mettmann\",\"url\":\"https:\/\/www.mettmann.de\/web\/\",\"logo\":{\"@type\":\"ImageObject\",\"inLanguage\":\"de\",\"@id\":\"https:\/\/www.mettmann.de\/web\/#\/schema\/logo\/image\/\",\"url\":\"https:\/\/www.mettmann.de\/web\/wp-content\/uploads\/2019\/08\/Kreisstadt_Mettmann_Logo_RGB_150dpi.png\",\"contentUrl\":\"https:\/\/www.mettmann.de\/web\/wp-content\/uploads\/2019\/08\/Kreisstadt_Mettmann_Logo_RGB_150dpi.png\",\"width\":1302,\"height\":191,\"caption\":\"Kreisstadt Mettmann\"},\"image\":{\"@id\":\"https:\/\/www.mettmann.de\/web\/#\/schema\/logo\/image\/\"},\"sameAs\":[\"https:\/\/www.facebook.com\/kreisstadt.mettmann\",\"https:\/\/de.wikipedia.org\/wiki\/Mettmann\"]}]}<\/script>\n<!-- \/ Yoast SEO plugin. -->","yoast_head_json":{"title":"Mahnmal Wilhelmsh\u00f6he in Metzkausen | Stadtverwaltung Mettmann","robots":{"index":"index","follow":"follow","max-snippet":"max-snippet:-1","max-image-preview":"max-image-preview:large","max-video-preview":"max-video-preview:-1"},"canonical":"https:\/\/www.mettmann.de\/web\/stadtportrait-infos\/gebaeude-denkmaeler-skulpturen\/mahnmal-wilhelmshoehe-in-metzkausen\/","og_locale":"de_DE","og_type":"article","og_title":"Mahnmal Wilhelmsh\u00f6he in Metzkausen | Stadtverwaltung Mettmann","og_description":"Nach dem gewonnenen Krieg 1870-71 gegen Frankreich beschloss die Gemeindeversammlung von Metzkausen am 27. Juni 1871 auf der sogenannten Kibbenheide ein Denkmal zu errichten, um an die gefallenen S\u00f6hne der Gemeinde aber auch an den...","og_url":"https:\/\/www.mettmann.de\/web\/stadtportrait-infos\/gebaeude-denkmaeler-skulpturen\/mahnmal-wilhelmshoehe-in-metzkausen\/","og_site_name":"Stadtverwaltung Mettmann","article_publisher":"https:\/\/www.facebook.com\/kreisstadt.mettmann","article_modified_time":"2021-02-02T12:28:59+00:00","og_image":[{"width":1000,"height":563,"url":"https:\/\/www.mettmann.de\/web\/wp-content\/uploads\/2021\/02\/wilhelmshoehe-mettmann-mahnmal.jpg","type":"image\/jpeg"}],"twitter_card":"summary_large_image","twitter_misc":{"Gesch\u00e4tzte Lesezeit":"2\u00a0Minuten"},"schema":{"@context":"https:\/\/schema.org","@graph":[{"@type":"WebPage","@id":"https:\/\/www.mettmann.de\/web\/stadtportrait-infos\/gebaeude-denkmaeler-skulpturen\/mahnmal-wilhelmshoehe-in-metzkausen\/","url":"https:\/\/www.mettmann.de\/web\/stadtportrait-infos\/gebaeude-denkmaeler-skulpturen\/mahnmal-wilhelmshoehe-in-metzkausen\/","name":"Mahnmal Wilhelmsh\u00f6he in Metzkausen | Stadtverwaltung Mettmann","isPartOf":{"@id":"https:\/\/www.mettmann.de\/web\/#website"},"primaryImageOfPage":{"@id":"https:\/\/www.mettmann.de\/web\/stadtportrait-infos\/gebaeude-denkmaeler-skulpturen\/mahnmal-wilhelmshoehe-in-metzkausen\/#primaryimage"},"image":{"@id":"https:\/\/www.mettmann.de\/web\/stadtportrait-infos\/gebaeude-denkmaeler-skulpturen\/mahnmal-wilhelmshoehe-in-metzkausen\/#primaryimage"},"thumbnailUrl":"https:\/\/www.mettmann.de\/web\/wp-content\/uploads\/2021\/02\/wilhelmshoehe-mettmann-mahnmal.jpg","datePublished":"2021-02-02T12:27:45+00:00","dateModified":"2021-02-02T12:28:59+00:00","breadcrumb":{"@id":"https:\/\/www.mettmann.de\/web\/stadtportrait-infos\/gebaeude-denkmaeler-skulpturen\/mahnmal-wilhelmshoehe-in-metzkausen\/#breadcrumb"},"inLanguage":"de","potentialAction":[{"@type":"ReadAction","target":["https:\/\/www.mettmann.de\/web\/stadtportrait-infos\/gebaeude-denkmaeler-skulpturen\/mahnmal-wilhelmshoehe-in-metzkausen\/"]}]},{"@type":"ImageObject","inLanguage":"de","@id":"https:\/\/www.mettmann.de\/web\/stadtportrait-infos\/gebaeude-denkmaeler-skulpturen\/mahnmal-wilhelmshoehe-in-metzkausen\/#primaryimage","url":"https:\/\/www.mettmann.de\/web\/wp-content\/uploads\/2021\/02\/wilhelmshoehe-mettmann-mahnmal.jpg","contentUrl":"https:\/\/www.mettmann.de\/web\/wp-content\/uploads\/2021\/02\/wilhelmshoehe-mettmann-mahnmal.jpg","width":1000,"height":563,"caption":"Fotos: Stadtarchiv Mettmann"},{"@type":"BreadcrumbList","@id":"https:\/\/www.mettmann.de\/web\/stadtportrait-infos\/gebaeude-denkmaeler-skulpturen\/mahnmal-wilhelmshoehe-in-metzkausen\/#breadcrumb","itemListElement":[{"@type":"ListItem","position":1,"name":"Startseite","item":"https:\/\/www.mettmann.de\/web\/"},{"@type":"ListItem","position":2,"name":"Stadtportrait &#038; Infos","item":"https:\/\/www.mettmann.de\/web\/stadtportrait-infos\/"},{"@type":"ListItem","position":3,"name":"Geb\u00e4ude, Denkm\u00e4ler &#038; Skulpturen","item":"https:\/\/www.mettmann.de\/web\/stadtportrait-infos\/gebaeude-denkmaeler-skulpturen\/"},{"@type":"ListItem","position":4,"name":"Mahnmal Wilhelmsh\u00f6he in Metzkausen"}]},{"@type":"WebSite","@id":"https:\/\/www.mettmann.de\/web\/#website","url":"https:\/\/www.mettmann.de\/web\/","name":"Stadtverwaltung Mettmann","description":"Internetseite der Kreisstadt Mettmann","publisher":{"@id":"https:\/\/www.mettmann.de\/web\/#organization"},"potentialAction":[{"@type":"SearchAction","target":{"@type":"EntryPoint","urlTemplate":"https:\/\/www.mettmann.de\/web\/?s={search_term_string}"},"query-input":{"@type":"PropertyValueSpecification","valueRequired":true,"valueName":"search_term_string"}}],"inLanguage":"de"},{"@type":"Organization","@id":"https:\/\/www.mettmann.de\/web\/#organization","name":"Kreisstadt Mettmann","url":"https:\/\/www.mettmann.de\/web\/","logo":{"@type":"ImageObject","inLanguage":"de","@id":"https:\/\/www.mettmann.de\/web\/#\/schema\/logo\/image\/","url":"https:\/\/www.mettmann.de\/web\/wp-content\/uploads\/2019\/08\/Kreisstadt_Mettmann_Logo_RGB_150dpi.png","contentUrl":"https:\/\/www.mettmann.de\/web\/wp-content\/uploads\/2019\/08\/Kreisstadt_Mettmann_Logo_RGB_150dpi.png","width":1302,"height":191,"caption":"Kreisstadt Mettmann"},"image":{"@id":"https:\/\/www.mettmann.de\/web\/#\/schema\/logo\/image\/"},"sameAs":["https:\/\/www.facebook.com\/kreisstadt.mettmann","https:\/\/de.wikipedia.org\/wiki\/Mettmann"]}]}},"_links":{"self":[{"href":"https:\/\/www.mettmann.de\/web\/wp-json\/wp\/v2\/pages\/10562","targetHints":{"allow":["GET"]}}],"collection":[{"href":"https:\/\/www.mettmann.de\/web\/wp-json\/wp\/v2\/pages"}],"about":[{"href":"https:\/\/www.mettmann.de\/web\/wp-json\/wp\/v2\/types\/page"}],"author":[{"embeddable":true,"href":"https:\/\/www.mettmann.de\/web\/wp-json\/wp\/v2\/users\/1"}],"replies":[{"embeddable":true,"href":"https:\/\/www.mettmann.de\/web\/wp-json\/wp\/v2\/comments?post=10562"}],"version-history":[{"count":3,"href":"https:\/\/www.mettmann.de\/web\/wp-json\/wp\/v2\/pages\/10562\/revisions"}],"predecessor-version":[{"id":10569,"href":"https:\/\/www.mettmann.de\/web\/wp-json\/wp\/v2\/pages\/10562\/revisions\/10569"}],"up":[{"embeddable":true,"href":"https:\/\/www.mettmann.de\/web\/wp-json\/wp\/v2\/pages\/10023"}],"wp:featuredmedia":[{"embeddable":true,"href":"https:\/\/www.mettmann.de\/web\/wp-json\/wp\/v2\/media\/10564"}],"wp:attachment":[{"href":"https:\/\/www.mettmann.de\/web\/wp-json\/wp\/v2\/media?parent=10562"}],"curies":[{"name":"wp","href":"https:\/\/api.w.org\/{rel}","templated":true}]}}