{"id":10709,"date":"2021-02-06T13:26:02","date_gmt":"2021-02-06T12:26:02","guid":{"rendered":"https:\/\/www.mettmann.de\/web\/?page_id=10709"},"modified":"2021-02-06T13:31:41","modified_gmt":"2021-02-06T12:31:41","slug":"spielplaetze-und-bolzplaetze","status":"publish","type":"page","link":"https:\/\/www.mettmann.de\/web\/stadtportrait-infos\/spielplaetze-und-bolzplaetze\/","title":{"rendered":"Spielpl\u00e4tze und Bolzpl\u00e4tze"},"content":{"rendered":"<div id=\"attachment_10710\" style=\"width: 1290px\" class=\"wp-caption alignnone\"><img loading=\"lazy\" decoding=\"async\" aria-describedby=\"caption-attachment-10710\" class=\"size-full wp-image-10710\" src=\"https:\/\/www.mettmann.de\/web\/wp-content\/uploads\/2021\/02\/spielplatz.jpg\" alt=\"Spielplatz\" width=\"1280\" height=\"720\" srcset=\"https:\/\/www.mettmann.de\/web\/wp-content\/uploads\/2021\/02\/spielplatz.jpg 1280w, https:\/\/www.mettmann.de\/web\/wp-content\/uploads\/2021\/02\/spielplatz-300x169.jpg 300w, https:\/\/www.mettmann.de\/web\/wp-content\/uploads\/2021\/02\/spielplatz-1024x576.jpg 1024w, https:\/\/www.mettmann.de\/web\/wp-content\/uploads\/2021\/02\/spielplatz-768x432.jpg 768w, https:\/\/www.mettmann.de\/web\/wp-content\/uploads\/2021\/02\/spielplatz-777x437.jpg 777w, https:\/\/www.mettmann.de\/web\/wp-content\/uploads\/2021\/02\/spielplatz-260x146.jpg 260w, https:\/\/www.mettmann.de\/web\/wp-content\/uploads\/2021\/02\/spielplatz-120x67.jpg 120w\" sizes=\"auto, (max-width: 1280px) 100vw, 1280px\" \/><p id=\"caption-attachment-10710\" class=\"wp-caption-text\">Symbolfoto: hamxx005 \/ pixabay<\/p><\/div>\n<p>An folgenden Orten gibt es in Mettmann Spiel- und Bolzpl\u00e4tze. Hier findet man in Kooperation mit <a href=\"http:\/\/www.spielplatztreff.de\/spielplatz\/suchen\/ort\/METTMANN\" target=\"_blank\" rel=\"noopener\">www.spielplatztreff.de<\/a> viele Detailinformationen und Fotos vom jeweiligen Spielplatz.<\/p>\n<p><iframe loading=\"lazy\" style=\"margin-left: -7px; margin-bottom: 10px;\" src=\"https:\/\/www.spielplatztreff.de\/partner\/stadtmettmann\" width=\"100%\" height=\"700\" frameborder=\"0\" scrolling=\"no\"><\/iframe><\/p>\n<h3>Mettmann-West<\/h3>\n<ul>\n<li><a href=\"https:\/\/www.spielplatztreff.de\/spielplatz\/bolzplatz-am-ellershof-katershoehe-in-mettmann_942\" target=\"_blank\" rel=\"noopener\">Am Ellershof \/ Katersh\u00f6he &#8211; Bolzplatz<\/a><\/li>\n<li><a href=\"https:\/\/www.spielplatztreff.de\/spielplatz\/am-freistein-ii-in-mettmann_3159\" target=\"_blank\" rel=\"noopener\">Am Freistein II<\/a><\/li>\n<li><a href=\"https:\/\/www.spielplatztreff.de\/spielplatz\/am-freistein-iii-in-mettmann_3158\" target=\"_blank\" rel=\"noopener\">Am Freistein III &#8211; zur Talstra\u00dfe hin<\/a><\/li>\n<li><a href=\"https:\/\/www.spielplatztreff.de\/spielplatz\/am-herrenhaus-in-mettmann_3532\" target=\"_blank\" rel=\"noopener\">Am Herrenhaus<\/a><\/li>\n<li><a href=\"https:\/\/www.spielplatztreff.de\/spielplatz\/champagne-in-mettmann_3156\" target=\"_blank\" rel=\"noopener\">Champagne<\/a><\/li>\n<li><a href=\"http:\/\/www.spielplatztreff.de\/spielplatz\/detail\/id\/395\/name\/D\u00fcsselring_in_Mettmann\" target=\"_blank\" rel=\"noopener\">D\u00fcsselring<\/a><\/li>\n<li><a href=\"https:\/\/www.spielplatztreff.de\/spielplatz\/falkenweg-in-mettmann_3155\" target=\"_blank\" rel=\"noopener\">Falkenweg<\/a><\/li>\n<li><a href=\"https:\/\/www.spielplatztreff.de\/spielplatz\/bolzplatz-herrenhauser-strasse-in-mettmann_3486\" target=\"_blank\" rel=\"noopener\">Herrenhauser Stra\u00dfe &#8211; Bolzplatz<\/a><\/li>\n<li><a href=\"http:\/\/www.spielplatztreff.de\/spielplatz\/detail\/id\/164\/name\/Meisenweg_in_Mettmann\" target=\"_blank\" rel=\"noopener\">Meisenweg<\/a><\/li>\n<li><a href=\"https:\/\/www.spielplatztreff.de\/spielplatz\/oderstrasse-in-mettmann_2870\" target=\"_blank\" rel=\"noopener\">Oderstra\u00dfe \u2013 Spielzentrum<\/a><\/li>\n<li><a href=\"http:\/\/www.spielplatztreff.de\/spielplatz\/detail\/id\/394\/name\/Auf_der_H%C3%B6he_in_Mettmann\" target=\"_blank\" rel=\"noopener\">Quantenberg \/ Auf der H\u00f6he<\/a><\/li>\n<li><a href=\"http:\/\/www.spielplatztreff.de\/spielplatz\/detail\/id\/396\/name\/Schwalbenweg_in_Mettmann\" target=\"_blank\" rel=\"noopener\">Schwalbenweg<\/a><\/li>\n<li><a href=\"https:\/\/www.spielplatztreff.de\/spielplatz\/road-stop-neandertal-in-mettmann_4325\" target=\"_blank\" rel=\"noopener\">Road Stop<\/a><\/li>\n<li><a href=\"https:\/\/www.spielplatztreff.de\/spielplatz\/spielplatz-wandersweg-am-schlagbaum-in-mettmann_3176\" target=\"_blank\" rel=\"noopener\">Wandersweg \/ Am Schlagbaum<\/a><\/li>\n<\/ul>\n<h3>Mettmann-Innenstadt<\/h3>\n<ul>\n<li><a href=\"https:\/\/www.spielplatztreff.de\/spielplatz\/neanderstrasse-in-mettmann_393\" target=\"_blank\" rel=\"noopener\">Neanderstra\u00dfe<\/a><\/li>\n<li><a href=\"https:\/\/www.spielplatztreff.de\/spielplatz\/schellenberg-in-mettmann_392\" target=\"_blank\" rel=\"noopener\">Schellenberg<\/a><\/li>\n<\/ul>\n<h3>Mettmann-S\u00fcd<\/h3>\n<ul>\n<li><a href=\"https:\/\/www.spielplatztreff.de\/spielplatz\/am-steinbruch-in-mettmann_4378\" target=\"_blank\" rel=\"noopener\">Am Steinbruch<\/a><\/li>\n<li><a href=\"https:\/\/www.spielplatztreff.de\/spielplatz\/am-weberbueschken-in-mettmann_3742\" target=\"_blank\" rel=\"noopener\">Am Webersb\u00fcschken<\/a><\/li>\n<li><a href=\"https:\/\/www.spielplatztreff.de\/spielplatz\/bouleplatz-mozartstrasse-in-mettmann_3740\" target=\"_blank\" rel=\"noopener\">Bouleplatz Mozartstra\u00dfe<\/a><\/li>\n<li><a href=\"https:\/\/www.spielplatztreff.de\/spielplatz\/mozartstrasse-am-wendehammer-in-mettmann_3738\" target=\"_blank\" rel=\"noopener\">Mozartstra\u00dfe &#8211; am Wendehammer<\/a><\/li>\n<li><a href=\"https:\/\/www.spielplatztreff.de\/spielplatz\/mozartstrasse-am-tunnel-in-mettmann_3739\" target=\"_blank\" rel=\"noopener\">Mozartstra\u00dfe &#8211; am Tunnel<\/a><\/li>\n<li><a href=\"https:\/\/www.spielplatztreff.de\/spielplatz\/mozartstrasse-zeyenhaeuser-in-mettmann_3741\" target=\"_blank\" rel=\"noopener\">Mozartstra\u00dfe Zeyenh\u00e4uschchen<\/a><\/li>\n<li><a href=\"https:\/\/www.spielplatztreff.de\/spielplatz\/schumannstrasse-am-trafo-in-mettmann_3723\" target=\"_blank\" rel=\"noopener\">Schumannstra\u00dfe &#8211; am Trafo<\/a><\/li>\n<\/ul>\n<h3>Mettmann-Ost \/ Stadtwald<\/h3>\n<ul>\n<li><a href=\"https:\/\/www.spielplatztreff.de\/spielplatz\/am-muehlenteich-in-mettmann_3671\" target=\"_blank\" rel=\"noopener\">Am M\u00fchlenteich<\/a><\/li>\n<li>Goldberger Stra\u00dfe<\/li>\n<li>Klein Goldberg<\/li>\n<li>Koenneckestra\u00dfe<\/li>\n<li><a href=\"http:\/\/www.spielplatztreff.de\/spielplatz\/detail\/id\/398\/name\/Stadtwald_in_Mettmann\" target=\"_blank\" rel=\"noopener\">Stadtwald<\/a><\/li>\n<li><a href=\"https:\/\/www.spielplatztreff.de\/spielplatz\/scater-park-und-volleyballfeld-im-stadtwald-in-mettmann_4767\" target=\"_blank\" rel=\"noopener\">Freizeitanlage im Stadtwald mit Skaterbahn und Volleyballfeld<\/a><\/li>\n<\/ul>\n<h3>Metzkausen \/ Mettmann-Nord<\/h3>\n<ul>\n<li>Am Heimsang &#8211; Bolzplatz<\/li>\n<li><a href=\"https:\/\/www.spielplatztreff.de\/spielplatz\/am-hoshof-in-mettmann_3632\" target=\"_blank\" rel=\"noopener\">Am Hoshof<\/a><\/li>\n<li><a href=\"https:\/\/www.spielplatztreff.de\/spielplatz\/am-werfel-in-mettmann_4842\" target=\"_blank\" rel=\"noopener\">Am Werfel<\/a><\/li>\n<li><a href=\"https:\/\/www.spielplatztreff.de\/spielplatz\/auf-dem-pfennig-in-mettmann_3603\" target=\"_blank\" rel=\"noopener\">Auf dem Pfennig<\/a><\/li>\n<li><a href=\"https:\/\/www.spielplatztreff.de\/spielplatz\/spielplatz-sportanlage-auf-dem-pfennig-in-mettmann_4750\" target=\"_blank\" rel=\"noopener\">Auf dem Pfennig<\/a> &#8211; <a href=\"https:\/\/www.spielplatztreff.de\/spielplatz\/spielplatz-sportanlage-auf-dem-pfennig-in-mettmann_4750\" target=\"_blank\" rel=\"noopener\">Spielplatz Sportanlage <\/a><\/li>\n<li>Azaleenweg<\/li>\n<li>B\u00fclthausen\/Meisenburger Weg<\/li>\n<li><a href=\"https:\/\/www.spielplatztreff.de\/spielplatz\/auf-dem-pfennig-in-mettmann_3603\" target=\"_blank\" rel=\"noopener\">Hasselbeckstra\u00dfe<\/a><\/li>\n<li><a href=\"http:\/\/www.spielplatztreff.de\/spielplatz\/detail\/id\/397\/name\/Comberg_Park___Raabestra%C3%9Fe_in_Mettmann\" target=\"_blank\" rel=\"noopener\">Comberg-Park \/ Raabestra\u00dfe<\/a><\/li>\n<li><a href=\"https:\/\/www.spielplatztreff.de\/spielplatz\/kantstrasse-in-mettmann_3953\" target=\"_blank\" rel=\"noopener\">Kantstra\u00dfe<\/a><\/li>\n<li><a href=\"https:\/\/www.spielplatztreff.de\/spielplatz\/bolzplatz-kirchendelle-in-mettmann_5631\" target=\"_blank\" rel=\"noopener\">Kirchendelle &#8211; Bolzplatz<\/a><\/li>\n<li>Kirchendeller Weg<\/li>\n<li>L\u00f6ffelbeckweg<\/li>\n<li>Nietzschestra\u00dfe I &#8211; Am Feld<\/li>\n<li>Peckhauser Stra\u00dfe &#8211; Schule<\/li>\n<li><a href=\"https:\/\/www.spielplatztreff.de\/spielplatz\/schlagholzbusch-in-mettmann_1440\" target=\"_blank\" rel=\"noopener\">Schlagholzbusch<\/a><\/li>\n<li><a href=\"https:\/\/www.spielplatztreff.de\/spielplatz\/steinesweg-in-mettmann_4507\" target=\"_blank\" rel=\"noopener\">Steinesweg<\/a><\/li>\n<li>Stintenberg &#8211; Bolzplatz<\/li>\n<li><a href=\"https:\/\/www.spielplatztreff.de\/spielplatz\/zu-den-vier-floethen-in-mettmann_3086\" target=\"_blank\" rel=\"noopener\">Vier Fl\u00f6then<\/a><\/li>\n<li>Wollenhausweg\/Feuerwehrhalle<\/li>\n<\/ul>\n<h3>Neandertal<\/h3>\n<ul>\n<li><a href=\"https:\/\/www.spielplatztreff.de\/spielplatz\/talstrasse-in-mettmann_12559\" target=\"_blank\" rel=\"noopener\">Steinzeitspielplatz Talstra\u00dfe<\/a><\/li>\n<\/ul>\n<h3>Obschwarzbach<\/h3>\n<ul>\n<li><a href=\"http:\/\/www.spielplatztreff.de\/spielplatz\/detail\/id\/400\/name\/Elbinger_Stra%C3%9Fe_in_Mettmann\" target=\"_blank\" rel=\"noopener\">Elbinger Stra\u00dfe<\/a><\/li>\n<li>Kl\u00e4ranlage &#8211; Bolzplatz<\/li>\n<li><a href=\"https:\/\/www.spielplatztreff.de\/spielplatz\/pommernstrasse-in-mettmann_3815\" target=\"_blank\" rel=\"noopener\">Pommernstra\u00dfe<\/a><\/li>\n<li>Schlesienstra\u00dfe<\/li>\n<\/ul>\n<p>&nbsp;<\/p>\n","protected":false},"excerpt":{"rendered":"<p>An folgenden Orten gibt es in Mettmann Spiel- und Bolzpl\u00e4tze. Hier findet man in Kooperation mit www.spielplatztreff.de viele Detailinformationen und Fotos vom jeweiligen Spielplatz. Mettmann-West Am Ellershof \/ Katersh\u00f6he &#8211; Bolzplatz Am Freistein II Am&#8230;<\/p>\n","protected":false},"author":1,"featured_media":10710,"parent":1442,"menu_order":14,"comment_status":"closed","ping_status":"closed","template":"","meta":{"ngg_post_thumbnail":0,"footnotes":""},"class_list":["post-10709","page","type-page","status-publish","has-post-thumbnail","hentry"],"yoast_head":"<!-- This site is optimized with the Yoast SEO plugin v27.2 - https:\/\/yoast.com\/product\/yoast-seo-wordpress\/ -->\n<title>Spielpl\u00e4tze und Bolzpl\u00e4tze | Stadtverwaltung Mettmann<\/title>\n<meta name=\"robots\" content=\"index, follow, max-snippet:-1, max-image-preview:large, max-video-preview:-1\" \/>\n<link rel=\"canonical\" href=\"https:\/\/www.mettmann.de\/web\/stadtportrait-infos\/spielplaetze-und-bolzplaetze\/\" \/>\n<meta property=\"og:locale\" content=\"de_DE\" \/>\n<meta property=\"og:type\" content=\"article\" \/>\n<meta property=\"og:title\" content=\"Spielpl\u00e4tze und Bolzpl\u00e4tze | Stadtverwaltung Mettmann\" \/>\n<meta property=\"og:description\" content=\"An folgenden Orten gibt es in Mettmann Spiel- und Bolzpl\u00e4tze. Hier findet man in Kooperation mit www.spielplatztreff.de viele Detailinformationen und Fotos vom jeweiligen Spielplatz. Mettmann-West Am Ellershof \/ Katersh\u00f6he &#8211; Bolzplatz Am Freistein II Am...\" \/>\n<meta property=\"og:url\" content=\"https:\/\/www.mettmann.de\/web\/stadtportrait-infos\/spielplaetze-und-bolzplaetze\/\" \/>\n<meta property=\"og:site_name\" content=\"Stadtverwaltung Mettmann\" \/>\n<meta property=\"article:publisher\" content=\"https:\/\/www.facebook.com\/kreisstadt.mettmann\" \/>\n<meta property=\"article:modified_time\" content=\"2021-02-06T12:31:41+00:00\" \/>\n<meta property=\"og:image\" content=\"https:\/\/www.mettmann.de\/web\/wp-content\/uploads\/2021\/02\/spielplatz.jpg\" \/>\n\t<meta property=\"og:image:width\" content=\"1280\" \/>\n\t<meta property=\"og:image:height\" content=\"720\" \/>\n\t<meta property=\"og:image:type\" content=\"image\/jpeg\" \/>\n<meta name=\"twitter:card\" content=\"summary_large_image\" \/>\n<meta name=\"twitter:label1\" content=\"Gesch\u00e4tzte Lesezeit\" \/>\n\t<meta name=\"twitter:data1\" content=\"1\u00a0Minute\" \/>\n<script type=\"application\/ld+json\" class=\"yoast-schema-graph\">{\"@context\":\"https:\/\/schema.org\",\"@graph\":[{\"@type\":\"WebPage\",\"@id\":\"https:\/\/www.mettmann.de\/web\/stadtportrait-infos\/spielplaetze-und-bolzplaetze\/\",\"url\":\"https:\/\/www.mettmann.de\/web\/stadtportrait-infos\/spielplaetze-und-bolzplaetze\/\",\"name\":\"Spielpl\u00e4tze und Bolzpl\u00e4tze | Stadtverwaltung Mettmann\",\"isPartOf\":{\"@id\":\"https:\/\/www.mettmann.de\/web\/#website\"},\"primaryImageOfPage\":{\"@id\":\"https:\/\/www.mettmann.de\/web\/stadtportrait-infos\/spielplaetze-und-bolzplaetze\/#primaryimage\"},\"image\":{\"@id\":\"https:\/\/www.mettmann.de\/web\/stadtportrait-infos\/spielplaetze-und-bolzplaetze\/#primaryimage\"},\"thumbnailUrl\":\"https:\/\/www.mettmann.de\/web\/wp-content\/uploads\/2021\/02\/spielplatz.jpg\",\"datePublished\":\"2021-02-06T12:26:02+00:00\",\"dateModified\":\"2021-02-06T12:31:41+00:00\",\"breadcrumb\":{\"@id\":\"https:\/\/www.mettmann.de\/web\/stadtportrait-infos\/spielplaetze-und-bolzplaetze\/#breadcrumb\"},\"inLanguage\":\"de\",\"potentialAction\":[{\"@type\":\"ReadAction\",\"target\":[\"https:\/\/www.mettmann.de\/web\/stadtportrait-infos\/spielplaetze-und-bolzplaetze\/\"]}]},{\"@type\":\"ImageObject\",\"inLanguage\":\"de\",\"@id\":\"https:\/\/www.mettmann.de\/web\/stadtportrait-infos\/spielplaetze-und-bolzplaetze\/#primaryimage\",\"url\":\"https:\/\/www.mettmann.de\/web\/wp-content\/uploads\/2021\/02\/spielplatz.jpg\",\"contentUrl\":\"https:\/\/www.mettmann.de\/web\/wp-content\/uploads\/2021\/02\/spielplatz.jpg\",\"width\":1280,\"height\":720,\"caption\":\"Symbolfoto: hamxx005 \/ pixabay\"},{\"@type\":\"BreadcrumbList\",\"@id\":\"https:\/\/www.mettmann.de\/web\/stadtportrait-infos\/spielplaetze-und-bolzplaetze\/#breadcrumb\",\"itemListElement\":[{\"@type\":\"ListItem\",\"position\":1,\"name\":\"Startseite\",\"item\":\"https:\/\/www.mettmann.de\/web\/\"},{\"@type\":\"ListItem\",\"position\":2,\"name\":\"Stadtportrait &#038; Infos\",\"item\":\"https:\/\/www.mettmann.de\/web\/stadtportrait-infos\/\"},{\"@type\":\"ListItem\",\"position\":3,\"name\":\"Spielpl\u00e4tze und Bolzpl\u00e4tze\"}]},{\"@type\":\"WebSite\",\"@id\":\"https:\/\/www.mettmann.de\/web\/#website\",\"url\":\"https:\/\/www.mettmann.de\/web\/\",\"name\":\"Stadtverwaltung Mettmann\",\"description\":\"Internetseite der Kreisstadt Mettmann\",\"publisher\":{\"@id\":\"https:\/\/www.mettmann.de\/web\/#organization\"},\"potentialAction\":[{\"@type\":\"SearchAction\",\"target\":{\"@type\":\"EntryPoint\",\"urlTemplate\":\"https:\/\/www.mettmann.de\/web\/?s={search_term_string}\"},\"query-input\":{\"@type\":\"PropertyValueSpecification\",\"valueRequired\":true,\"valueName\":\"search_term_string\"}}],\"inLanguage\":\"de\"},{\"@type\":\"Organization\",\"@id\":\"https:\/\/www.mettmann.de\/web\/#organization\",\"name\":\"Kreisstadt Mettmann\",\"url\":\"https:\/\/www.mettmann.de\/web\/\",\"logo\":{\"@type\":\"ImageObject\",\"inLanguage\":\"de\",\"@id\":\"https:\/\/www.mettmann.de\/web\/#\/schema\/logo\/image\/\",\"url\":\"https:\/\/www.mettmann.de\/web\/wp-content\/uploads\/2019\/08\/Kreisstadt_Mettmann_Logo_RGB_150dpi.png\",\"contentUrl\":\"https:\/\/www.mettmann.de\/web\/wp-content\/uploads\/2019\/08\/Kreisstadt_Mettmann_Logo_RGB_150dpi.png\",\"width\":1302,\"height\":191,\"caption\":\"Kreisstadt Mettmann\"},\"image\":{\"@id\":\"https:\/\/www.mettmann.de\/web\/#\/schema\/logo\/image\/\"},\"sameAs\":[\"https:\/\/www.facebook.com\/kreisstadt.mettmann\",\"https:\/\/de.wikipedia.org\/wiki\/Mettmann\"]}]}<\/script>\n<!-- \/ Yoast SEO plugin. -->","yoast_head_json":{"title":"Spielpl\u00e4tze und Bolzpl\u00e4tze | Stadtverwaltung Mettmann","robots":{"index":"index","follow":"follow","max-snippet":"max-snippet:-1","max-image-preview":"max-image-preview:large","max-video-preview":"max-video-preview:-1"},"canonical":"https:\/\/www.mettmann.de\/web\/stadtportrait-infos\/spielplaetze-und-bolzplaetze\/","og_locale":"de_DE","og_type":"article","og_title":"Spielpl\u00e4tze und Bolzpl\u00e4tze | Stadtverwaltung Mettmann","og_description":"An folgenden Orten gibt es in Mettmann Spiel- und Bolzpl\u00e4tze. Hier findet man in Kooperation mit www.spielplatztreff.de viele Detailinformationen und Fotos vom jeweiligen Spielplatz. Mettmann-West Am Ellershof \/ Katersh\u00f6he &#8211; Bolzplatz Am Freistein II Am...","og_url":"https:\/\/www.mettmann.de\/web\/stadtportrait-infos\/spielplaetze-und-bolzplaetze\/","og_site_name":"Stadtverwaltung Mettmann","article_publisher":"https:\/\/www.facebook.com\/kreisstadt.mettmann","article_modified_time":"2021-02-06T12:31:41+00:00","og_image":[{"width":1280,"height":720,"url":"https:\/\/www.mettmann.de\/web\/wp-content\/uploads\/2021\/02\/spielplatz.jpg","type":"image\/jpeg"}],"twitter_card":"summary_large_image","twitter_misc":{"Gesch\u00e4tzte Lesezeit":"1\u00a0Minute"},"schema":{"@context":"https:\/\/schema.org","@graph":[{"@type":"WebPage","@id":"https:\/\/www.mettmann.de\/web\/stadtportrait-infos\/spielplaetze-und-bolzplaetze\/","url":"https:\/\/www.mettmann.de\/web\/stadtportrait-infos\/spielplaetze-und-bolzplaetze\/","name":"Spielpl\u00e4tze und Bolzpl\u00e4tze | Stadtverwaltung Mettmann","isPartOf":{"@id":"https:\/\/www.mettmann.de\/web\/#website"},"primaryImageOfPage":{"@id":"https:\/\/www.mettmann.de\/web\/stadtportrait-infos\/spielplaetze-und-bolzplaetze\/#primaryimage"},"image":{"@id":"https:\/\/www.mettmann.de\/web\/stadtportrait-infos\/spielplaetze-und-bolzplaetze\/#primaryimage"},"thumbnailUrl":"https:\/\/www.mettmann.de\/web\/wp-content\/uploads\/2021\/02\/spielplatz.jpg","datePublished":"2021-02-06T12:26:02+00:00","dateModified":"2021-02-06T12:31:41+00:00","breadcrumb":{"@id":"https:\/\/www.mettmann.de\/web\/stadtportrait-infos\/spielplaetze-und-bolzplaetze\/#breadcrumb"},"inLanguage":"de","potentialAction":[{"@type":"ReadAction","target":["https:\/\/www.mettmann.de\/web\/stadtportrait-infos\/spielplaetze-und-bolzplaetze\/"]}]},{"@type":"ImageObject","inLanguage":"de","@id":"https:\/\/www.mettmann.de\/web\/stadtportrait-infos\/spielplaetze-und-bolzplaetze\/#primaryimage","url":"https:\/\/www.mettmann.de\/web\/wp-content\/uploads\/2021\/02\/spielplatz.jpg","contentUrl":"https:\/\/www.mettmann.de\/web\/wp-content\/uploads\/2021\/02\/spielplatz.jpg","width":1280,"height":720,"caption":"Symbolfoto: hamxx005 \/ pixabay"},{"@type":"BreadcrumbList","@id":"https:\/\/www.mettmann.de\/web\/stadtportrait-infos\/spielplaetze-und-bolzplaetze\/#breadcrumb","itemListElement":[{"@type":"ListItem","position":1,"name":"Startseite","item":"https:\/\/www.mettmann.de\/web\/"},{"@type":"ListItem","position":2,"name":"Stadtportrait &#038; Infos","item":"https:\/\/www.mettmann.de\/web\/stadtportrait-infos\/"},{"@type":"ListItem","position":3,"name":"Spielpl\u00e4tze und Bolzpl\u00e4tze"}]},{"@type":"WebSite","@id":"https:\/\/www.mettmann.de\/web\/#website","url":"https:\/\/www.mettmann.de\/web\/","name":"Stadtverwaltung Mettmann","description":"Internetseite der Kreisstadt Mettmann","publisher":{"@id":"https:\/\/www.mettmann.de\/web\/#organization"},"potentialAction":[{"@type":"SearchAction","target":{"@type":"EntryPoint","urlTemplate":"https:\/\/www.mettmann.de\/web\/?s={search_term_string}"},"query-input":{"@type":"PropertyValueSpecification","valueRequired":true,"valueName":"search_term_string"}}],"inLanguage":"de"},{"@type":"Organization","@id":"https:\/\/www.mettmann.de\/web\/#organization","name":"Kreisstadt Mettmann","url":"https:\/\/www.mettmann.de\/web\/","logo":{"@type":"ImageObject","inLanguage":"de","@id":"https:\/\/www.mettmann.de\/web\/#\/schema\/logo\/image\/","url":"https:\/\/www.mettmann.de\/web\/wp-content\/uploads\/2019\/08\/Kreisstadt_Mettmann_Logo_RGB_150dpi.png","contentUrl":"https:\/\/www.mettmann.de\/web\/wp-content\/uploads\/2019\/08\/Kreisstadt_Mettmann_Logo_RGB_150dpi.png","width":1302,"height":191,"caption":"Kreisstadt Mettmann"},"image":{"@id":"https:\/\/www.mettmann.de\/web\/#\/schema\/logo\/image\/"},"sameAs":["https:\/\/www.facebook.com\/kreisstadt.mettmann","https:\/\/de.wikipedia.org\/wiki\/Mettmann"]}]}},"_links":{"self":[{"href":"https:\/\/www.mettmann.de\/web\/wp-json\/wp\/v2\/pages\/10709","targetHints":{"allow":["GET"]}}],"collection":[{"href":"https:\/\/www.mettmann.de\/web\/wp-json\/wp\/v2\/pages"}],"about":[{"href":"https:\/\/www.mettmann.de\/web\/wp-json\/wp\/v2\/types\/page"}],"author":[{"embeddable":true,"href":"https:\/\/www.mettmann.de\/web\/wp-json\/wp\/v2\/users\/1"}],"replies":[{"embeddable":true,"href":"https:\/\/www.mettmann.de\/web\/wp-json\/wp\/v2\/comments?post=10709"}],"version-history":[{"count":5,"href":"https:\/\/www.mettmann.de\/web\/wp-json\/wp\/v2\/pages\/10709\/revisions"}],"predecessor-version":[{"id":10715,"href":"https:\/\/www.mettmann.de\/web\/wp-json\/wp\/v2\/pages\/10709\/revisions\/10715"}],"up":[{"embeddable":true,"href":"https:\/\/www.mettmann.de\/web\/wp-json\/wp\/v2\/pages\/1442"}],"wp:featuredmedia":[{"embeddable":true,"href":"https:\/\/www.mettmann.de\/web\/wp-json\/wp\/v2\/media\/10710"}],"wp:attachment":[{"href":"https:\/\/www.mettmann.de\/web\/wp-json\/wp\/v2\/media?parent=10709"}],"curies":[{"name":"wp","href":"https:\/\/api.w.org\/{rel}","templated":true}]}}