{"id":1098,"date":"2019-09-24T11:26:46","date_gmt":"2019-09-24T09:26:46","guid":{"rendered":"https:\/\/www.mettmann.de\/web\/?page_id=1098"},"modified":"2025-10-07T10:56:29","modified_gmt":"2025-10-07T08:56:29","slug":"anmeldung-einer-eheschliessung-aufgebot","status":"publish","type":"page","link":"https:\/\/www.mettmann.de\/web\/organisationsaufbau\/dezernat-1\/rechts-und-ordnungsamt\/standesamt-der-stadt-mettmann\/eheschliessungen-lebenspartnerschaften\/anmeldung-einer-eheschliessung-aufgebot\/","title":{"rendered":"Anmeldung einer Eheschlie\u00dfung \/ Aufgebot"},"content":{"rendered":"<p>Jede Eheschlie\u00dfung muss bei dem Standesamt des gemeinsamen Wohnsitzes der Eheschlie\u00dfenden angemeldet werden. Bei getrennten oder mehreren Wohnsitzen besteht grunds\u00e4tzlich die Wahlm\u00f6glichkeit.<\/p>\n<p>Sofern einer der Wohnsitze auch der gew\u00fcnschte Eheschlie\u00dfungsort ist, bietet es sich an, die Eheschlie\u00dfung dort auch anzumelden, um doppelte Geb\u00fchren zu vermeiden.<\/p>\n<p>Die Eheschlie\u00dfung selbst kann in jedem deutschen Standesamt vorgenommen werden. Sofern Sie nicht in Mettmann heiraten wollen, sollten Sie sich vorab mit Ihrem ausgew\u00e4hlten Standesamt in Verbindung setzten.<\/p>\n<p>Zur Eheanmeldung <strong>muss<\/strong> vorab ein Termin vereinbart werden. Dieser sollte grunds\u00e4tzlich auch durch beide Eheschlie\u00dfende pers\u00f6nlich wahrgenommen werden. Ist ein Eheschlie\u00dfender verhindert, so kann er den Anderen bevollm\u00e4chtigen, die Eheschlie\u00dfung alleine anzumelden.<\/p>\n<p>Hierzu ist die formgebundene Beitrittserkl\u00e4rung auszuf\u00fcllen:<\/p>\n<ul>\n<li><a href=\"https:\/\/www.mettmann.de\/web\/formulare\/beitrittserklaerung_standesamt_antrag.pdf\">Antrag Beitrittserkl\u00e4rung Standesamt<\/a><\/li>\n<\/ul>\n<p>Die Anmeldung der Eheschlie\u00dfung ist f\u00fcr sechs Monate g\u00fcltig. Das hei\u00dft, dass der Eheschlie\u00dfungstermin innerhalb dieser sechs Monate liegen muss.<\/p>\n<p>Welche Unterlagen f\u00fcr die Anmeldung der Eheschlie\u00dfung ben\u00f6tigt werden, kann pauschal nicht beantwortet werden, da die gesetzlichen Voraussetzungen je nach pers\u00f6nlicher Konstellation verschieden sind und sich auch nach der Staatsangeh\u00f6rigkeit der Eheschlie\u00dfenden richten.<\/p>\n<p>Grunds\u00e4tzlich gilt, dass alle Dokumente im Original und nicht als Kopie einzureichen sind. Unterlagen in fremder Sprache sind mit \u00dcbersetzungen von einem in Deutschland erm\u00e4chtigten Dolmetscher vorzulegen. Dies gilt nicht f\u00fcr Unterlagen, die im internationalen Format ausgestellt wurden (CIEC-\u00dcbereinkommen), oder f\u00fcr die ein EU-Staat eine \u00dcbersetzungshilfe ausgestellt hat.<\/p>\n<p><strong>Nachfolgende Hinweise gelten nur f\u00fcr deutsche Staatsangeh\u00f6rige, die nicht im Ausland geboren wurden.<\/strong><\/p>\n<p>Grunds\u00e4tzlich gilt, dass jeder Eheschlie\u00dfende folgende Unterlagen vorzulegen hat:<\/p>\n<ul>\n<li>g\u00fcltiger Personalausweis oder Reisepass<\/li>\n<li>erweiterte Meldebescheinigung, wenn der Wohnsitz nicht in Mettmann ist.<\/li>\n<\/ul>\n<p>Zus\u00e4tzlich werden folgende Unterlagen ben\u00f6tigt:<\/p>\n<table width=\"643\">\n<tbody>\n<tr>\n<td width=\"214\"><strong>Der Familienstand ist ledig<\/strong><\/td>\n<td width=\"214\"><strong>Der Familienstand ist geschieden<\/strong><\/td>\n<td width=\"214\"><strong>Der Familienstand ist verwitwet<\/strong><\/td>\n<\/tr>\n<tr>\n<td width=\"214\">beglaubigte Abschrift aus dem Geburtenregister (keine Geburtsurkunde).<\/td>\n<td width=\"214\">beglaubigte Abschrift aus dem Geburtenregister (keine Geburtsurkunde)<\/td>\n<td width=\"214\">beglaubigte Abschrift aus dem Geburtenregister (keine Geburtsurkunde)<\/td>\n<\/tr>\n<tr>\n<td width=\"214\">&nbsp;<\/td>\n<td width=\"214\">beglaubigte Abschrift aus dem Eheregister<br \/>\nalternativ Eheurkunde <strong>und<\/strong> Scheidungsurteil mit Rechtskraftvermerk<\/td>\n<td width=\"214\">beglaubigte Abschrift aus dem Eheregister<br \/>\nalternativ Eheurkunde <strong>und<\/strong> Sterbeurkunde<\/td>\n<\/tr>\n<tr>\n<td width=\"214\">&nbsp;<\/td>\n<td width=\"214\">ggf. Bescheinigung \u00fcber die Wiederannahme eines Namens nach der Scheidung<\/td>\n<td width=\"214\">&nbsp;<\/td>\n<\/tr>\n<\/tbody>\n<\/table>\n<p>Personen, die die Ehe schlie\u00dfen m\u00f6chten <strong><u>und<\/u><\/strong><u> <strong>nicht die deutsche Staatsangeh\u00f6rigkeit besitzen bzw. im Ausland geboren<\/strong><\/u> sind, werden gebeten, zun\u00e4chst sich beim Standesamt beraten zu lassen.<\/p>\n<h3>Weitere Informationen<\/h3>\n<ul>\n<li><a href=\"https:\/\/www.mettmann.de\/web\/organisationsaufbau\/dezernat-1\/rechts-und-ordnungsamt\/standesamt-der-stadt-mettmann\/eheschliessungen-lebenspartnerschaften\/\">Allgemeine Informationen zur Eheschlie\u00dfung<\/a><\/li>\n<li><a href=\"https:\/\/www.mettmann.de\/web\/organisationsaufbau\/dezernat-1\/rechts-und-ordnungsamt\/standesamt-der-stadt-mettmann\/eheschliessungen-lebenspartnerschaften\/anmeldung-einer-eheschliessung-aufgebot\/standesamtliche-trauung\/\">Standesamtliche Trauung &#8211; unsere Standorte<\/a><\/li>\n<\/ul>\n","protected":false},"excerpt":{"rendered":"<p>Jede Eheschlie\u00dfung muss bei dem Standesamt des gemeinsamen Wohnsitzes der Eheschlie\u00dfenden angemeldet werden. Bei getrennten oder mehreren Wohnsitzen besteht grunds\u00e4tzlich die Wahlm\u00f6glichkeit. Sofern einer der Wohnsitze auch der gew\u00fcnschte Eheschlie\u00dfungsort ist, bietet es sich an,&#8230;<\/p>\n","protected":false},"author":1,"featured_media":861,"parent":1107,"menu_order":0,"comment_status":"closed","ping_status":"closed","template":"","meta":{"ngg_post_thumbnail":0,"footnotes":""},"class_list":["post-1098","page","type-page","status-publish","has-post-thumbnail","hentry"],"yoast_head":"<!-- This site is optimized with the Yoast SEO plugin v27.2 - https:\/\/yoast.com\/product\/yoast-seo-wordpress\/ -->\n<title>Anmeldung einer Eheschlie\u00dfung \/ Aufgebot | Stadtverwaltung Mettmann<\/title>\n<meta name=\"robots\" content=\"index, follow, max-snippet:-1, max-image-preview:large, max-video-preview:-1\" \/>\n<link rel=\"canonical\" href=\"https:\/\/www.mettmann.de\/web\/organisationsaufbau\/dezernat-1\/rechts-und-ordnungsamt\/standesamt-der-stadt-mettmann\/eheschliessungen-lebenspartnerschaften\/anmeldung-einer-eheschliessung-aufgebot\/\" \/>\n<meta property=\"og:locale\" content=\"de_DE\" \/>\n<meta property=\"og:type\" content=\"article\" \/>\n<meta property=\"og:title\" content=\"Anmeldung einer Eheschlie\u00dfung \/ Aufgebot | Stadtverwaltung Mettmann\" \/>\n<meta property=\"og:description\" content=\"Jede Eheschlie\u00dfung muss bei dem Standesamt des gemeinsamen Wohnsitzes der Eheschlie\u00dfenden angemeldet werden. Bei getrennten oder mehreren Wohnsitzen besteht grunds\u00e4tzlich die Wahlm\u00f6glichkeit. Sofern einer der Wohnsitze auch der gew\u00fcnschte Eheschlie\u00dfungsort ist, bietet es sich an,...\" \/>\n<meta property=\"og:url\" content=\"https:\/\/www.mettmann.de\/web\/organisationsaufbau\/dezernat-1\/rechts-und-ordnungsamt\/standesamt-der-stadt-mettmann\/eheschliessungen-lebenspartnerschaften\/anmeldung-einer-eheschliessung-aufgebot\/\" \/>\n<meta property=\"og:site_name\" content=\"Stadtverwaltung Mettmann\" \/>\n<meta property=\"article:publisher\" content=\"https:\/\/www.facebook.com\/kreisstadt.mettmann\" \/>\n<meta property=\"article:modified_time\" content=\"2025-10-07T08:56:29+00:00\" \/>\n<meta property=\"og:image\" content=\"https:\/\/www.mettmann.de\/web\/wp-content\/uploads\/2019\/09\/432423_original_R_by_Simone-Hainz_pixelio.de_-1024x683.jpg\" \/>\n\t<meta property=\"og:image:width\" content=\"1024\" \/>\n\t<meta property=\"og:image:height\" content=\"683\" \/>\n\t<meta property=\"og:image:type\" content=\"image\/jpeg\" \/>\n<meta name=\"twitter:card\" content=\"summary_large_image\" \/>\n<meta name=\"twitter:label1\" content=\"Gesch\u00e4tzte Lesezeit\" \/>\n\t<meta name=\"twitter:data1\" content=\"3\u00a0Minuten\" \/>\n<script type=\"application\/ld+json\" class=\"yoast-schema-graph\">{\"@context\":\"https:\/\/schema.org\",\"@graph\":[{\"@type\":\"WebPage\",\"@id\":\"https:\/\/www.mettmann.de\/web\/organisationsaufbau\/dezernat-1\/rechts-und-ordnungsamt\/standesamt-der-stadt-mettmann\/eheschliessungen-lebenspartnerschaften\/anmeldung-einer-eheschliessung-aufgebot\/\",\"url\":\"https:\/\/www.mettmann.de\/web\/organisationsaufbau\/dezernat-1\/rechts-und-ordnungsamt\/standesamt-der-stadt-mettmann\/eheschliessungen-lebenspartnerschaften\/anmeldung-einer-eheschliessung-aufgebot\/\",\"name\":\"Anmeldung einer Eheschlie\u00dfung \/ Aufgebot | Stadtverwaltung Mettmann\",\"isPartOf\":{\"@id\":\"https:\/\/www.mettmann.de\/web\/#website\"},\"primaryImageOfPage\":{\"@id\":\"https:\/\/www.mettmann.de\/web\/organisationsaufbau\/dezernat-1\/rechts-und-ordnungsamt\/standesamt-der-stadt-mettmann\/eheschliessungen-lebenspartnerschaften\/anmeldung-einer-eheschliessung-aufgebot\/#primaryimage\"},\"image\":{\"@id\":\"https:\/\/www.mettmann.de\/web\/organisationsaufbau\/dezernat-1\/rechts-und-ordnungsamt\/standesamt-der-stadt-mettmann\/eheschliessungen-lebenspartnerschaften\/anmeldung-einer-eheschliessung-aufgebot\/#primaryimage\"},\"thumbnailUrl\":\"https:\/\/www.mettmann.de\/web\/wp-content\/uploads\/2019\/09\/432423_original_R_by_Simone-Hainz_pixelio.de_.jpg\",\"datePublished\":\"2019-09-24T09:26:46+00:00\",\"dateModified\":\"2025-10-07T08:56:29+00:00\",\"breadcrumb\":{\"@id\":\"https:\/\/www.mettmann.de\/web\/organisationsaufbau\/dezernat-1\/rechts-und-ordnungsamt\/standesamt-der-stadt-mettmann\/eheschliessungen-lebenspartnerschaften\/anmeldung-einer-eheschliessung-aufgebot\/#breadcrumb\"},\"inLanguage\":\"de\",\"potentialAction\":[{\"@type\":\"ReadAction\",\"target\":[\"https:\/\/www.mettmann.de\/web\/organisationsaufbau\/dezernat-1\/rechts-und-ordnungsamt\/standesamt-der-stadt-mettmann\/eheschliessungen-lebenspartnerschaften\/anmeldung-einer-eheschliessung-aufgebot\/\"]}]},{\"@type\":\"ImageObject\",\"inLanguage\":\"de\",\"@id\":\"https:\/\/www.mettmann.de\/web\/organisationsaufbau\/dezernat-1\/rechts-und-ordnungsamt\/standesamt-der-stadt-mettmann\/eheschliessungen-lebenspartnerschaften\/anmeldung-einer-eheschliessung-aufgebot\/#primaryimage\",\"url\":\"https:\/\/www.mettmann.de\/web\/wp-content\/uploads\/2019\/09\/432423_original_R_by_Simone-Hainz_pixelio.de_.jpg\",\"contentUrl\":\"https:\/\/www.mettmann.de\/web\/wp-content\/uploads\/2019\/09\/432423_original_R_by_Simone-Hainz_pixelio.de_.jpg\",\"width\":4250,\"height\":2833,\"caption\":\"Symbolbild: Simone Hainz \/ pixelio.de\"},{\"@type\":\"BreadcrumbList\",\"@id\":\"https:\/\/www.mettmann.de\/web\/organisationsaufbau\/dezernat-1\/rechts-und-ordnungsamt\/standesamt-der-stadt-mettmann\/eheschliessungen-lebenspartnerschaften\/anmeldung-einer-eheschliessung-aufgebot\/#breadcrumb\",\"itemListElement\":[{\"@type\":\"ListItem\",\"position\":1,\"name\":\"Startseite\",\"item\":\"https:\/\/www.mettmann.de\/web\/\"},{\"@type\":\"ListItem\",\"position\":2,\"name\":\"Stadtverwaltung\",\"item\":\"https:\/\/www.mettmann.de\/web\/organisationsaufbau\/\"},{\"@type\":\"ListItem\",\"position\":3,\"name\":\"Dezernat 1\",\"item\":\"https:\/\/www.mettmann.de\/web\/organisationsaufbau\/dezernat-1\/\"},{\"@type\":\"ListItem\",\"position\":4,\"name\":\"Amt f\u00fcr B\u00fcrgerservice und Ordnung\",\"item\":\"https:\/\/www.mettmann.de\/web\/organisationsaufbau\/dezernat-1\/rechts-und-ordnungsamt\/\"},{\"@type\":\"ListItem\",\"position\":5,\"name\":\"Standesamt der Stadt Mettmann\",\"item\":\"https:\/\/www.mettmann.de\/web\/organisationsaufbau\/dezernat-1\/rechts-und-ordnungsamt\/standesamt-der-stadt-mettmann\/\"},{\"@type\":\"ListItem\",\"position\":6,\"name\":\"Eheschlie\u00dfungen 2025\",\"item\":\"https:\/\/www.mettmann.de\/web\/organisationsaufbau\/dezernat-1\/rechts-und-ordnungsamt\/standesamt-der-stadt-mettmann\/eheschliessungen-lebenspartnerschaften\/\"},{\"@type\":\"ListItem\",\"position\":7,\"name\":\"Anmeldung einer Eheschlie\u00dfung \/ Aufgebot\"}]},{\"@type\":\"WebSite\",\"@id\":\"https:\/\/www.mettmann.de\/web\/#website\",\"url\":\"https:\/\/www.mettmann.de\/web\/\",\"name\":\"Stadtverwaltung Mettmann\",\"description\":\"Internetseite der Kreisstadt Mettmann\",\"publisher\":{\"@id\":\"https:\/\/www.mettmann.de\/web\/#organization\"},\"potentialAction\":[{\"@type\":\"SearchAction\",\"target\":{\"@type\":\"EntryPoint\",\"urlTemplate\":\"https:\/\/www.mettmann.de\/web\/?s={search_term_string}\"},\"query-input\":{\"@type\":\"PropertyValueSpecification\",\"valueRequired\":true,\"valueName\":\"search_term_string\"}}],\"inLanguage\":\"de\"},{\"@type\":\"Organization\",\"@id\":\"https:\/\/www.mettmann.de\/web\/#organization\",\"name\":\"Kreisstadt Mettmann\",\"url\":\"https:\/\/www.mettmann.de\/web\/\",\"logo\":{\"@type\":\"ImageObject\",\"inLanguage\":\"de\",\"@id\":\"https:\/\/www.mettmann.de\/web\/#\/schema\/logo\/image\/\",\"url\":\"https:\/\/www.mettmann.de\/web\/wp-content\/uploads\/2019\/08\/Kreisstadt_Mettmann_Logo_RGB_150dpi.png\",\"contentUrl\":\"https:\/\/www.mettmann.de\/web\/wp-content\/uploads\/2019\/08\/Kreisstadt_Mettmann_Logo_RGB_150dpi.png\",\"width\":1302,\"height\":191,\"caption\":\"Kreisstadt Mettmann\"},\"image\":{\"@id\":\"https:\/\/www.mettmann.de\/web\/#\/schema\/logo\/image\/\"},\"sameAs\":[\"https:\/\/www.facebook.com\/kreisstadt.mettmann\",\"https:\/\/de.wikipedia.org\/wiki\/Mettmann\"]}]}<\/script>\n<!-- \/ Yoast SEO plugin. -->","yoast_head_json":{"title":"Anmeldung einer Eheschlie\u00dfung \/ Aufgebot | Stadtverwaltung Mettmann","robots":{"index":"index","follow":"follow","max-snippet":"max-snippet:-1","max-image-preview":"max-image-preview:large","max-video-preview":"max-video-preview:-1"},"canonical":"https:\/\/www.mettmann.de\/web\/organisationsaufbau\/dezernat-1\/rechts-und-ordnungsamt\/standesamt-der-stadt-mettmann\/eheschliessungen-lebenspartnerschaften\/anmeldung-einer-eheschliessung-aufgebot\/","og_locale":"de_DE","og_type":"article","og_title":"Anmeldung einer Eheschlie\u00dfung \/ Aufgebot | Stadtverwaltung Mettmann","og_description":"Jede Eheschlie\u00dfung muss bei dem Standesamt des gemeinsamen Wohnsitzes der Eheschlie\u00dfenden angemeldet werden. Bei getrennten oder mehreren Wohnsitzen besteht grunds\u00e4tzlich die Wahlm\u00f6glichkeit. Sofern einer der Wohnsitze auch der gew\u00fcnschte Eheschlie\u00dfungsort ist, bietet es sich an,...","og_url":"https:\/\/www.mettmann.de\/web\/organisationsaufbau\/dezernat-1\/rechts-und-ordnungsamt\/standesamt-der-stadt-mettmann\/eheschliessungen-lebenspartnerschaften\/anmeldung-einer-eheschliessung-aufgebot\/","og_site_name":"Stadtverwaltung Mettmann","article_publisher":"https:\/\/www.facebook.com\/kreisstadt.mettmann","article_modified_time":"2025-10-07T08:56:29+00:00","og_image":[{"width":1024,"height":683,"url":"https:\/\/www.mettmann.de\/web\/wp-content\/uploads\/2019\/09\/432423_original_R_by_Simone-Hainz_pixelio.de_-1024x683.jpg","type":"image\/jpeg"}],"twitter_card":"summary_large_image","twitter_misc":{"Gesch\u00e4tzte Lesezeit":"3\u00a0Minuten"},"schema":{"@context":"https:\/\/schema.org","@graph":[{"@type":"WebPage","@id":"https:\/\/www.mettmann.de\/web\/organisationsaufbau\/dezernat-1\/rechts-und-ordnungsamt\/standesamt-der-stadt-mettmann\/eheschliessungen-lebenspartnerschaften\/anmeldung-einer-eheschliessung-aufgebot\/","url":"https:\/\/www.mettmann.de\/web\/organisationsaufbau\/dezernat-1\/rechts-und-ordnungsamt\/standesamt-der-stadt-mettmann\/eheschliessungen-lebenspartnerschaften\/anmeldung-einer-eheschliessung-aufgebot\/","name":"Anmeldung einer Eheschlie\u00dfung \/ Aufgebot | Stadtverwaltung Mettmann","isPartOf":{"@id":"https:\/\/www.mettmann.de\/web\/#website"},"primaryImageOfPage":{"@id":"https:\/\/www.mettmann.de\/web\/organisationsaufbau\/dezernat-1\/rechts-und-ordnungsamt\/standesamt-der-stadt-mettmann\/eheschliessungen-lebenspartnerschaften\/anmeldung-einer-eheschliessung-aufgebot\/#primaryimage"},"image":{"@id":"https:\/\/www.mettmann.de\/web\/organisationsaufbau\/dezernat-1\/rechts-und-ordnungsamt\/standesamt-der-stadt-mettmann\/eheschliessungen-lebenspartnerschaften\/anmeldung-einer-eheschliessung-aufgebot\/#primaryimage"},"thumbnailUrl":"https:\/\/www.mettmann.de\/web\/wp-content\/uploads\/2019\/09\/432423_original_R_by_Simone-Hainz_pixelio.de_.jpg","datePublished":"2019-09-24T09:26:46+00:00","dateModified":"2025-10-07T08:56:29+00:00","breadcrumb":{"@id":"https:\/\/www.mettmann.de\/web\/organisationsaufbau\/dezernat-1\/rechts-und-ordnungsamt\/standesamt-der-stadt-mettmann\/eheschliessungen-lebenspartnerschaften\/anmeldung-einer-eheschliessung-aufgebot\/#breadcrumb"},"inLanguage":"de","potentialAction":[{"@type":"ReadAction","target":["https:\/\/www.mettmann.de\/web\/organisationsaufbau\/dezernat-1\/rechts-und-ordnungsamt\/standesamt-der-stadt-mettmann\/eheschliessungen-lebenspartnerschaften\/anmeldung-einer-eheschliessung-aufgebot\/"]}]},{"@type":"ImageObject","inLanguage":"de","@id":"https:\/\/www.mettmann.de\/web\/organisationsaufbau\/dezernat-1\/rechts-und-ordnungsamt\/standesamt-der-stadt-mettmann\/eheschliessungen-lebenspartnerschaften\/anmeldung-einer-eheschliessung-aufgebot\/#primaryimage","url":"https:\/\/www.mettmann.de\/web\/wp-content\/uploads\/2019\/09\/432423_original_R_by_Simone-Hainz_pixelio.de_.jpg","contentUrl":"https:\/\/www.mettmann.de\/web\/wp-content\/uploads\/2019\/09\/432423_original_R_by_Simone-Hainz_pixelio.de_.jpg","width":4250,"height":2833,"caption":"Symbolbild: Simone Hainz \/ pixelio.de"},{"@type":"BreadcrumbList","@id":"https:\/\/www.mettmann.de\/web\/organisationsaufbau\/dezernat-1\/rechts-und-ordnungsamt\/standesamt-der-stadt-mettmann\/eheschliessungen-lebenspartnerschaften\/anmeldung-einer-eheschliessung-aufgebot\/#breadcrumb","itemListElement":[{"@type":"ListItem","position":1,"name":"Startseite","item":"https:\/\/www.mettmann.de\/web\/"},{"@type":"ListItem","position":2,"name":"Stadtverwaltung","item":"https:\/\/www.mettmann.de\/web\/organisationsaufbau\/"},{"@type":"ListItem","position":3,"name":"Dezernat 1","item":"https:\/\/www.mettmann.de\/web\/organisationsaufbau\/dezernat-1\/"},{"@type":"ListItem","position":4,"name":"Amt f\u00fcr B\u00fcrgerservice und Ordnung","item":"https:\/\/www.mettmann.de\/web\/organisationsaufbau\/dezernat-1\/rechts-und-ordnungsamt\/"},{"@type":"ListItem","position":5,"name":"Standesamt der Stadt Mettmann","item":"https:\/\/www.mettmann.de\/web\/organisationsaufbau\/dezernat-1\/rechts-und-ordnungsamt\/standesamt-der-stadt-mettmann\/"},{"@type":"ListItem","position":6,"name":"Eheschlie\u00dfungen 2025","item":"https:\/\/www.mettmann.de\/web\/organisationsaufbau\/dezernat-1\/rechts-und-ordnungsamt\/standesamt-der-stadt-mettmann\/eheschliessungen-lebenspartnerschaften\/"},{"@type":"ListItem","position":7,"name":"Anmeldung einer Eheschlie\u00dfung \/ Aufgebot"}]},{"@type":"WebSite","@id":"https:\/\/www.mettmann.de\/web\/#website","url":"https:\/\/www.mettmann.de\/web\/","name":"Stadtverwaltung Mettmann","description":"Internetseite der Kreisstadt Mettmann","publisher":{"@id":"https:\/\/www.mettmann.de\/web\/#organization"},"potentialAction":[{"@type":"SearchAction","target":{"@type":"EntryPoint","urlTemplate":"https:\/\/www.mettmann.de\/web\/?s={search_term_string}"},"query-input":{"@type":"PropertyValueSpecification","valueRequired":true,"valueName":"search_term_string"}}],"inLanguage":"de"},{"@type":"Organization","@id":"https:\/\/www.mettmann.de\/web\/#organization","name":"Kreisstadt Mettmann","url":"https:\/\/www.mettmann.de\/web\/","logo":{"@type":"ImageObject","inLanguage":"de","@id":"https:\/\/www.mettmann.de\/web\/#\/schema\/logo\/image\/","url":"https:\/\/www.mettmann.de\/web\/wp-content\/uploads\/2019\/08\/Kreisstadt_Mettmann_Logo_RGB_150dpi.png","contentUrl":"https:\/\/www.mettmann.de\/web\/wp-content\/uploads\/2019\/08\/Kreisstadt_Mettmann_Logo_RGB_150dpi.png","width":1302,"height":191,"caption":"Kreisstadt Mettmann"},"image":{"@id":"https:\/\/www.mettmann.de\/web\/#\/schema\/logo\/image\/"},"sameAs":["https:\/\/www.facebook.com\/kreisstadt.mettmann","https:\/\/de.wikipedia.org\/wiki\/Mettmann"]}]}},"_links":{"self":[{"href":"https:\/\/www.mettmann.de\/web\/wp-json\/wp\/v2\/pages\/1098","targetHints":{"allow":["GET"]}}],"collection":[{"href":"https:\/\/www.mettmann.de\/web\/wp-json\/wp\/v2\/pages"}],"about":[{"href":"https:\/\/www.mettmann.de\/web\/wp-json\/wp\/v2\/types\/page"}],"author":[{"embeddable":true,"href":"https:\/\/www.mettmann.de\/web\/wp-json\/wp\/v2\/users\/1"}],"replies":[{"embeddable":true,"href":"https:\/\/www.mettmann.de\/web\/wp-json\/wp\/v2\/comments?post=1098"}],"version-history":[{"count":16,"href":"https:\/\/www.mettmann.de\/web\/wp-json\/wp\/v2\/pages\/1098\/revisions"}],"predecessor-version":[{"id":54809,"href":"https:\/\/www.mettmann.de\/web\/wp-json\/wp\/v2\/pages\/1098\/revisions\/54809"}],"up":[{"embeddable":true,"href":"https:\/\/www.mettmann.de\/web\/wp-json\/wp\/v2\/pages\/1107"}],"wp:featuredmedia":[{"embeddable":true,"href":"https:\/\/www.mettmann.de\/web\/wp-json\/wp\/v2\/media\/861"}],"wp:attachment":[{"href":"https:\/\/www.mettmann.de\/web\/wp-json\/wp\/v2\/media?parent=1098"}],"curies":[{"name":"wp","href":"https:\/\/api.w.org\/{rel}","templated":true}]}}