{"id":1102,"date":"2019-09-24T11:35:09","date_gmt":"2019-09-24T09:35:09","guid":{"rendered":"https:\/\/www.mettmann.de\/web\/?page_id=1102"},"modified":"2024-08-08T09:16:11","modified_gmt":"2024-08-08T07:16:11","slug":"anforderung-von-personenstandsurkunden","status":"publish","type":"page","link":"https:\/\/www.mettmann.de\/web\/organisationsaufbau\/dezernat-1\/rechts-und-ordnungsamt\/standesamt-der-stadt-mettmann\/eheschliessungen-lebenspartnerschaften\/anforderung-von-personenstandsurkunden\/","title":{"rendered":"Anforderung von Personenstandsurkunden"},"content":{"rendered":"<p>Sie ben\u00f6tigen eine Personenstandsurkunde (Geburts-, Sterbe-, Ehe- oder Lebenspartnerschaftsurkunde oder eine beglaubigte Abschrift aus den Personenstandsregistern)?<\/p>\n<p><strong>Die Geburt war in Mettmann?<\/strong><br \/>\nDann erhalten Sie hier eine Personenstandsurkunde aus dem Geburtenregister.<\/p>\n<p><strong>Die Eheschlie\u00dfung war in Mettmann?<\/strong><br \/>\nDann erhalten Sie hier eine Personenstandsurkunde aus dem Eheregister.<\/p>\n<p><strong>Der Sterbefall hat sich in Mettmann ereignet?<\/strong><br \/>\nDann erhalten Sie hier eine Personenstandsurkunde aus dem Sterberegister.<\/p>\n<p>Beim Standesamt Mettmann werden nur die Personenstandsregister des Standesamtes Mettmann sowie des ehemaligen Standesamtes Hubbelrath gef\u00fchrt. Wir weisen darauf hin, dass alle kreisangeh\u00f6rigen St\u00e4dte im Kreis Mettmann ein eigenes Standesamt f\u00fchren.<\/p>\n<p><strong>Wie erhalte ich eine Personenstandsurkunde?<\/strong><\/p>\n<ol>\n<li>Sie sprechen w\u00e4hrend der \u00d6ffnungszeiten pers\u00f6nlich beim Standesamt Mettmann vor. Dazu bringen Sie bitte Ihren Personalausweis oder Reisepass sowie Geld f\u00fcr die Geb\u00fchren (s.u.) mit. Die Urkunde kann im Regelfall sofort mitgenommen werden.<\/li>\n<li>Sie fordern die Urkunde(n) schriftlich an. Sie k\u00f6nnen dem Standesamt entweder die ausgef\u00fcllte PDF-Datei (siehe Weitere Informationen) per E-Mail oder Fax zukommen lassen oder die Urkunde schriftlich auf dem Postweg anfordern. Vergessen Sie bitte nicht, die darin enthaltene Einzugserm\u00e4chtigung auszuf\u00fcllen sowie das Geburts-, Sterbe- oder Eheschlie\u00dfungsdatum einzutragen.<\/li>\n<\/ol>\n<p>Falls Sie nicht pers\u00f6nlich erscheinen oder den Ausdruck aus dem Internet nutzen k\u00f6nnen, melden Sie sich bitte telefonisch, um eine andere M\u00f6glichkeit der Urkundenanforderung zu besprechen.<\/p>\n<p><strong>Wer ist berechtigt Urkunden zu bekommen?<\/strong><\/p>\n<ul>\n<li>Personen, die im Eintrag selbst genannt sind.<\/li>\n<li>Eltern, Gro\u00dfeltern, Kinder dieser Person, Ehegatten, Lebenspartner (gegebenenfalls muss ein Nachweis der Verwandtschaft in gerader Linie erbracht werden).<\/li>\n<li>Personen, die ein berechtigtes oder rechtliches Interesse glaubhaft machen k\u00f6nnen (im Zweifelsfall bitte unmittelbare Informationen beim Standesamt einholen).<\/li>\n<\/ul>\n<p>Auch schriftlich Bevollm\u00e4chtigte k\u00f6nnen Urkunden erhalten. Die Vollmacht muss im Original vorgelegt werden.<\/p>\n<p><strong>Geb\u00fchren<\/strong><\/p>\n<p>Jede erstausgestellte Urkunde kostet 14,00 Euro, zus\u00e4tzliche Urkunden derselben Art jeweils 7,00 Euro. Urkunden sind auch mehrsprachig erh\u00e4ltlich.<\/p>\n<p>Personenstandsurkunden f\u00fcr Rentenzwecke sind geb\u00fchrenfrei. Hierf\u00fcr ist aber ein Nachweis erforderlich, den Sie bitte mitbringen bzw. beif\u00fcgen.<\/p>\n<p><strong>Kontakt und \u00d6ffnungszeiten<br \/>\n<\/strong><\/p>\n<p>Petra B\u00fcchel \u2013 Telefon: 02104 \/ 980-148<br \/>\nKerstin Sonnenschein \u2013 Telefon: 02104 \/ 980-147<\/p>\n<p>E-Mail: <a href=\"mailto:standesamt@mettmann.de\">standesamt@mettmann.de<\/a><\/p>\n<p>montags: 8.30 bis 12 Uhr, nachmittags nur nach Terminvereinbarung<br \/>\ndienstags: 8.30 bis 12 Uhr,\u00a0nachmittags nur nach Terminvereinbarung<br \/>\nmittwochs: nur nach Terminvereinbarung<br \/>\ndonnerstags: 8.30 bis 12 Uhr und 14 bis 17.30 Uhr<br \/>\nfreitags: nur nach Terminvereinbarung<\/p>\n<p class=\"eingerueckt40\">Das Standesamt finden Sie auf der I. Etage im Rathaus-Altbau (Neanderstr. 85, 40822 Mettmann), Zimmer: 122 &#8211; 124.<\/p>\n<p><strong>Weitere Informationen<\/strong><\/p>\n<ul>\n<li><a href=\"https:\/\/www.mettmann.de\/web\/wp-content\/uploads\/2023\/04\/Urkundenanforderung-Internet-2023.pdf\" target=\"_blank\" rel=\"noopener\">Formular Urkundenanforderung<\/a><\/li>\n<\/ul>\n","protected":false},"excerpt":{"rendered":"<p>Sie ben\u00f6tigen eine Personenstandsurkunde (Geburts-, Sterbe-, Ehe- oder Lebenspartnerschaftsurkunde oder eine beglaubigte Abschrift aus den Personenstandsregistern)? Die Geburt war in Mettmann? Dann erhalten Sie hier eine Personenstandsurkunde aus dem Geburtenregister. Die Eheschlie\u00dfung war in Mettmann?&#8230;<\/p>\n","protected":false},"author":1,"featured_media":286,"parent":1107,"menu_order":1,"comment_status":"closed","ping_status":"closed","template":"","meta":{"ngg_post_thumbnail":0,"footnotes":""},"class_list":["post-1102","page","type-page","status-publish","has-post-thumbnail","hentry"],"yoast_head":"<!-- This site is optimized with the Yoast SEO plugin v27.2 - https:\/\/yoast.com\/product\/yoast-seo-wordpress\/ -->\n<title>Anforderung von Personenstandsurkunden | Stadtverwaltung Mettmann<\/title>\n<meta name=\"robots\" content=\"index, follow, max-snippet:-1, max-image-preview:large, max-video-preview:-1\" \/>\n<link rel=\"canonical\" href=\"https:\/\/www.mettmann.de\/web\/organisationsaufbau\/dezernat-1\/rechts-und-ordnungsamt\/standesamt-der-stadt-mettmann\/eheschliessungen-lebenspartnerschaften\/anforderung-von-personenstandsurkunden\/\" \/>\n<meta property=\"og:locale\" content=\"de_DE\" \/>\n<meta property=\"og:type\" content=\"article\" \/>\n<meta property=\"og:title\" content=\"Anforderung von Personenstandsurkunden | Stadtverwaltung Mettmann\" \/>\n<meta property=\"og:description\" content=\"Sie ben\u00f6tigen eine Personenstandsurkunde (Geburts-, Sterbe-, Ehe- oder Lebenspartnerschaftsurkunde oder eine beglaubigte Abschrift aus den Personenstandsregistern)? Die Geburt war in Mettmann? Dann erhalten Sie hier eine Personenstandsurkunde aus dem Geburtenregister. Die Eheschlie\u00dfung war in Mettmann?...\" \/>\n<meta property=\"og:url\" content=\"https:\/\/www.mettmann.de\/web\/organisationsaufbau\/dezernat-1\/rechts-und-ordnungsamt\/standesamt-der-stadt-mettmann\/eheschliessungen-lebenspartnerschaften\/anforderung-von-personenstandsurkunden\/\" \/>\n<meta property=\"og:site_name\" content=\"Stadtverwaltung Mettmann\" \/>\n<meta property=\"article:publisher\" content=\"https:\/\/www.facebook.com\/kreisstadt.mettmann\" \/>\n<meta property=\"article:modified_time\" content=\"2024-08-08T07:16:11+00:00\" \/>\n<meta property=\"og:image\" content=\"https:\/\/www.mettmann.de\/web\/wp-content\/uploads\/2019\/08\/1-1024x639.jpg\" \/>\n\t<meta property=\"og:image:width\" content=\"1024\" \/>\n\t<meta property=\"og:image:height\" content=\"639\" \/>\n\t<meta property=\"og:image:type\" content=\"image\/jpeg\" \/>\n<meta name=\"twitter:card\" content=\"summary_large_image\" \/>\n<meta name=\"twitter:label1\" content=\"Gesch\u00e4tzte Lesezeit\" \/>\n\t<meta name=\"twitter:data1\" content=\"3\u00a0Minuten\" \/>\n<script type=\"application\/ld+json\" class=\"yoast-schema-graph\">{\"@context\":\"https:\/\/schema.org\",\"@graph\":[{\"@type\":\"WebPage\",\"@id\":\"https:\/\/www.mettmann.de\/web\/organisationsaufbau\/dezernat-1\/rechts-und-ordnungsamt\/standesamt-der-stadt-mettmann\/eheschliessungen-lebenspartnerschaften\/anforderung-von-personenstandsurkunden\/\",\"url\":\"https:\/\/www.mettmann.de\/web\/organisationsaufbau\/dezernat-1\/rechts-und-ordnungsamt\/standesamt-der-stadt-mettmann\/eheschliessungen-lebenspartnerschaften\/anforderung-von-personenstandsurkunden\/\",\"name\":\"Anforderung von Personenstandsurkunden | Stadtverwaltung Mettmann\",\"isPartOf\":{\"@id\":\"https:\/\/www.mettmann.de\/web\/#website\"},\"primaryImageOfPage\":{\"@id\":\"https:\/\/www.mettmann.de\/web\/organisationsaufbau\/dezernat-1\/rechts-und-ordnungsamt\/standesamt-der-stadt-mettmann\/eheschliessungen-lebenspartnerschaften\/anforderung-von-personenstandsurkunden\/#primaryimage\"},\"image\":{\"@id\":\"https:\/\/www.mettmann.de\/web\/organisationsaufbau\/dezernat-1\/rechts-und-ordnungsamt\/standesamt-der-stadt-mettmann\/eheschliessungen-lebenspartnerschaften\/anforderung-von-personenstandsurkunden\/#primaryimage\"},\"thumbnailUrl\":\"https:\/\/www.mettmann.de\/web\/wp-content\/uploads\/2019\/08\/1.jpg\",\"datePublished\":\"2019-09-24T09:35:09+00:00\",\"dateModified\":\"2024-08-08T07:16:11+00:00\",\"breadcrumb\":{\"@id\":\"https:\/\/www.mettmann.de\/web\/organisationsaufbau\/dezernat-1\/rechts-und-ordnungsamt\/standesamt-der-stadt-mettmann\/eheschliessungen-lebenspartnerschaften\/anforderung-von-personenstandsurkunden\/#breadcrumb\"},\"inLanguage\":\"de\",\"potentialAction\":[{\"@type\":\"ReadAction\",\"target\":[\"https:\/\/www.mettmann.de\/web\/organisationsaufbau\/dezernat-1\/rechts-und-ordnungsamt\/standesamt-der-stadt-mettmann\/eheschliessungen-lebenspartnerschaften\/anforderung-von-personenstandsurkunden\/\"]}]},{\"@type\":\"ImageObject\",\"inLanguage\":\"de\",\"@id\":\"https:\/\/www.mettmann.de\/web\/organisationsaufbau\/dezernat-1\/rechts-und-ordnungsamt\/standesamt-der-stadt-mettmann\/eheschliessungen-lebenspartnerschaften\/anforderung-von-personenstandsurkunden\/#primaryimage\",\"url\":\"https:\/\/www.mettmann.de\/web\/wp-content\/uploads\/2019\/08\/1.jpg\",\"contentUrl\":\"https:\/\/www.mettmann.de\/web\/wp-content\/uploads\/2019\/08\/1.jpg\",\"width\":3330,\"height\":2079,\"caption\":\"Archivfoto: Kreisstadt Mettmann\"},{\"@type\":\"BreadcrumbList\",\"@id\":\"https:\/\/www.mettmann.de\/web\/organisationsaufbau\/dezernat-1\/rechts-und-ordnungsamt\/standesamt-der-stadt-mettmann\/eheschliessungen-lebenspartnerschaften\/anforderung-von-personenstandsurkunden\/#breadcrumb\",\"itemListElement\":[{\"@type\":\"ListItem\",\"position\":1,\"name\":\"Startseite\",\"item\":\"https:\/\/www.mettmann.de\/web\/\"},{\"@type\":\"ListItem\",\"position\":2,\"name\":\"Stadtverwaltung\",\"item\":\"https:\/\/www.mettmann.de\/web\/organisationsaufbau\/\"},{\"@type\":\"ListItem\",\"position\":3,\"name\":\"Dezernat 1\",\"item\":\"https:\/\/www.mettmann.de\/web\/organisationsaufbau\/dezernat-1\/\"},{\"@type\":\"ListItem\",\"position\":4,\"name\":\"Amt f\u00fcr B\u00fcrgerservice und Ordnung\",\"item\":\"https:\/\/www.mettmann.de\/web\/organisationsaufbau\/dezernat-1\/rechts-und-ordnungsamt\/\"},{\"@type\":\"ListItem\",\"position\":5,\"name\":\"Standesamt der Stadt Mettmann\",\"item\":\"https:\/\/www.mettmann.de\/web\/organisationsaufbau\/dezernat-1\/rechts-und-ordnungsamt\/standesamt-der-stadt-mettmann\/\"},{\"@type\":\"ListItem\",\"position\":6,\"name\":\"Eheschlie\u00dfungen 2025\",\"item\":\"https:\/\/www.mettmann.de\/web\/organisationsaufbau\/dezernat-1\/rechts-und-ordnungsamt\/standesamt-der-stadt-mettmann\/eheschliessungen-lebenspartnerschaften\/\"},{\"@type\":\"ListItem\",\"position\":7,\"name\":\"Anforderung von Personenstandsurkunden\"}]},{\"@type\":\"WebSite\",\"@id\":\"https:\/\/www.mettmann.de\/web\/#website\",\"url\":\"https:\/\/www.mettmann.de\/web\/\",\"name\":\"Stadtverwaltung Mettmann\",\"description\":\"Internetseite der Kreisstadt Mettmann\",\"publisher\":{\"@id\":\"https:\/\/www.mettmann.de\/web\/#organization\"},\"potentialAction\":[{\"@type\":\"SearchAction\",\"target\":{\"@type\":\"EntryPoint\",\"urlTemplate\":\"https:\/\/www.mettmann.de\/web\/?s={search_term_string}\"},\"query-input\":{\"@type\":\"PropertyValueSpecification\",\"valueRequired\":true,\"valueName\":\"search_term_string\"}}],\"inLanguage\":\"de\"},{\"@type\":\"Organization\",\"@id\":\"https:\/\/www.mettmann.de\/web\/#organization\",\"name\":\"Kreisstadt Mettmann\",\"url\":\"https:\/\/www.mettmann.de\/web\/\",\"logo\":{\"@type\":\"ImageObject\",\"inLanguage\":\"de\",\"@id\":\"https:\/\/www.mettmann.de\/web\/#\/schema\/logo\/image\/\",\"url\":\"https:\/\/www.mettmann.de\/web\/wp-content\/uploads\/2019\/08\/Kreisstadt_Mettmann_Logo_RGB_150dpi.png\",\"contentUrl\":\"https:\/\/www.mettmann.de\/web\/wp-content\/uploads\/2019\/08\/Kreisstadt_Mettmann_Logo_RGB_150dpi.png\",\"width\":1302,\"height\":191,\"caption\":\"Kreisstadt Mettmann\"},\"image\":{\"@id\":\"https:\/\/www.mettmann.de\/web\/#\/schema\/logo\/image\/\"},\"sameAs\":[\"https:\/\/www.facebook.com\/kreisstadt.mettmann\",\"https:\/\/de.wikipedia.org\/wiki\/Mettmann\"]}]}<\/script>\n<!-- \/ Yoast SEO plugin. -->","yoast_head_json":{"title":"Anforderung von Personenstandsurkunden | Stadtverwaltung Mettmann","robots":{"index":"index","follow":"follow","max-snippet":"max-snippet:-1","max-image-preview":"max-image-preview:large","max-video-preview":"max-video-preview:-1"},"canonical":"https:\/\/www.mettmann.de\/web\/organisationsaufbau\/dezernat-1\/rechts-und-ordnungsamt\/standesamt-der-stadt-mettmann\/eheschliessungen-lebenspartnerschaften\/anforderung-von-personenstandsurkunden\/","og_locale":"de_DE","og_type":"article","og_title":"Anforderung von Personenstandsurkunden | Stadtverwaltung Mettmann","og_description":"Sie ben\u00f6tigen eine Personenstandsurkunde (Geburts-, Sterbe-, Ehe- oder Lebenspartnerschaftsurkunde oder eine beglaubigte Abschrift aus den Personenstandsregistern)? Die Geburt war in Mettmann? Dann erhalten Sie hier eine Personenstandsurkunde aus dem Geburtenregister. Die Eheschlie\u00dfung war in Mettmann?...","og_url":"https:\/\/www.mettmann.de\/web\/organisationsaufbau\/dezernat-1\/rechts-und-ordnungsamt\/standesamt-der-stadt-mettmann\/eheschliessungen-lebenspartnerschaften\/anforderung-von-personenstandsurkunden\/","og_site_name":"Stadtverwaltung Mettmann","article_publisher":"https:\/\/www.facebook.com\/kreisstadt.mettmann","article_modified_time":"2024-08-08T07:16:11+00:00","og_image":[{"width":1024,"height":639,"url":"https:\/\/www.mettmann.de\/web\/wp-content\/uploads\/2019\/08\/1-1024x639.jpg","type":"image\/jpeg"}],"twitter_card":"summary_large_image","twitter_misc":{"Gesch\u00e4tzte Lesezeit":"3\u00a0Minuten"},"schema":{"@context":"https:\/\/schema.org","@graph":[{"@type":"WebPage","@id":"https:\/\/www.mettmann.de\/web\/organisationsaufbau\/dezernat-1\/rechts-und-ordnungsamt\/standesamt-der-stadt-mettmann\/eheschliessungen-lebenspartnerschaften\/anforderung-von-personenstandsurkunden\/","url":"https:\/\/www.mettmann.de\/web\/organisationsaufbau\/dezernat-1\/rechts-und-ordnungsamt\/standesamt-der-stadt-mettmann\/eheschliessungen-lebenspartnerschaften\/anforderung-von-personenstandsurkunden\/","name":"Anforderung von Personenstandsurkunden | Stadtverwaltung Mettmann","isPartOf":{"@id":"https:\/\/www.mettmann.de\/web\/#website"},"primaryImageOfPage":{"@id":"https:\/\/www.mettmann.de\/web\/organisationsaufbau\/dezernat-1\/rechts-und-ordnungsamt\/standesamt-der-stadt-mettmann\/eheschliessungen-lebenspartnerschaften\/anforderung-von-personenstandsurkunden\/#primaryimage"},"image":{"@id":"https:\/\/www.mettmann.de\/web\/organisationsaufbau\/dezernat-1\/rechts-und-ordnungsamt\/standesamt-der-stadt-mettmann\/eheschliessungen-lebenspartnerschaften\/anforderung-von-personenstandsurkunden\/#primaryimage"},"thumbnailUrl":"https:\/\/www.mettmann.de\/web\/wp-content\/uploads\/2019\/08\/1.jpg","datePublished":"2019-09-24T09:35:09+00:00","dateModified":"2024-08-08T07:16:11+00:00","breadcrumb":{"@id":"https:\/\/www.mettmann.de\/web\/organisationsaufbau\/dezernat-1\/rechts-und-ordnungsamt\/standesamt-der-stadt-mettmann\/eheschliessungen-lebenspartnerschaften\/anforderung-von-personenstandsurkunden\/#breadcrumb"},"inLanguage":"de","potentialAction":[{"@type":"ReadAction","target":["https:\/\/www.mettmann.de\/web\/organisationsaufbau\/dezernat-1\/rechts-und-ordnungsamt\/standesamt-der-stadt-mettmann\/eheschliessungen-lebenspartnerschaften\/anforderung-von-personenstandsurkunden\/"]}]},{"@type":"ImageObject","inLanguage":"de","@id":"https:\/\/www.mettmann.de\/web\/organisationsaufbau\/dezernat-1\/rechts-und-ordnungsamt\/standesamt-der-stadt-mettmann\/eheschliessungen-lebenspartnerschaften\/anforderung-von-personenstandsurkunden\/#primaryimage","url":"https:\/\/www.mettmann.de\/web\/wp-content\/uploads\/2019\/08\/1.jpg","contentUrl":"https:\/\/www.mettmann.de\/web\/wp-content\/uploads\/2019\/08\/1.jpg","width":3330,"height":2079,"caption":"Archivfoto: Kreisstadt Mettmann"},{"@type":"BreadcrumbList","@id":"https:\/\/www.mettmann.de\/web\/organisationsaufbau\/dezernat-1\/rechts-und-ordnungsamt\/standesamt-der-stadt-mettmann\/eheschliessungen-lebenspartnerschaften\/anforderung-von-personenstandsurkunden\/#breadcrumb","itemListElement":[{"@type":"ListItem","position":1,"name":"Startseite","item":"https:\/\/www.mettmann.de\/web\/"},{"@type":"ListItem","position":2,"name":"Stadtverwaltung","item":"https:\/\/www.mettmann.de\/web\/organisationsaufbau\/"},{"@type":"ListItem","position":3,"name":"Dezernat 1","item":"https:\/\/www.mettmann.de\/web\/organisationsaufbau\/dezernat-1\/"},{"@type":"ListItem","position":4,"name":"Amt f\u00fcr B\u00fcrgerservice und Ordnung","item":"https:\/\/www.mettmann.de\/web\/organisationsaufbau\/dezernat-1\/rechts-und-ordnungsamt\/"},{"@type":"ListItem","position":5,"name":"Standesamt der Stadt Mettmann","item":"https:\/\/www.mettmann.de\/web\/organisationsaufbau\/dezernat-1\/rechts-und-ordnungsamt\/standesamt-der-stadt-mettmann\/"},{"@type":"ListItem","position":6,"name":"Eheschlie\u00dfungen 2025","item":"https:\/\/www.mettmann.de\/web\/organisationsaufbau\/dezernat-1\/rechts-und-ordnungsamt\/standesamt-der-stadt-mettmann\/eheschliessungen-lebenspartnerschaften\/"},{"@type":"ListItem","position":7,"name":"Anforderung von Personenstandsurkunden"}]},{"@type":"WebSite","@id":"https:\/\/www.mettmann.de\/web\/#website","url":"https:\/\/www.mettmann.de\/web\/","name":"Stadtverwaltung Mettmann","description":"Internetseite der Kreisstadt Mettmann","publisher":{"@id":"https:\/\/www.mettmann.de\/web\/#organization"},"potentialAction":[{"@type":"SearchAction","target":{"@type":"EntryPoint","urlTemplate":"https:\/\/www.mettmann.de\/web\/?s={search_term_string}"},"query-input":{"@type":"PropertyValueSpecification","valueRequired":true,"valueName":"search_term_string"}}],"inLanguage":"de"},{"@type":"Organization","@id":"https:\/\/www.mettmann.de\/web\/#organization","name":"Kreisstadt Mettmann","url":"https:\/\/www.mettmann.de\/web\/","logo":{"@type":"ImageObject","inLanguage":"de","@id":"https:\/\/www.mettmann.de\/web\/#\/schema\/logo\/image\/","url":"https:\/\/www.mettmann.de\/web\/wp-content\/uploads\/2019\/08\/Kreisstadt_Mettmann_Logo_RGB_150dpi.png","contentUrl":"https:\/\/www.mettmann.de\/web\/wp-content\/uploads\/2019\/08\/Kreisstadt_Mettmann_Logo_RGB_150dpi.png","width":1302,"height":191,"caption":"Kreisstadt Mettmann"},"image":{"@id":"https:\/\/www.mettmann.de\/web\/#\/schema\/logo\/image\/"},"sameAs":["https:\/\/www.facebook.com\/kreisstadt.mettmann","https:\/\/de.wikipedia.org\/wiki\/Mettmann"]}]}},"_links":{"self":[{"href":"https:\/\/www.mettmann.de\/web\/wp-json\/wp\/v2\/pages\/1102","targetHints":{"allow":["GET"]}}],"collection":[{"href":"https:\/\/www.mettmann.de\/web\/wp-json\/wp\/v2\/pages"}],"about":[{"href":"https:\/\/www.mettmann.de\/web\/wp-json\/wp\/v2\/types\/page"}],"author":[{"embeddable":true,"href":"https:\/\/www.mettmann.de\/web\/wp-json\/wp\/v2\/users\/1"}],"replies":[{"embeddable":true,"href":"https:\/\/www.mettmann.de\/web\/wp-json\/wp\/v2\/comments?post=1102"}],"version-history":[{"count":14,"href":"https:\/\/www.mettmann.de\/web\/wp-json\/wp\/v2\/pages\/1102\/revisions"}],"predecessor-version":[{"id":42642,"href":"https:\/\/www.mettmann.de\/web\/wp-json\/wp\/v2\/pages\/1102\/revisions\/42642"}],"up":[{"embeddable":true,"href":"https:\/\/www.mettmann.de\/web\/wp-json\/wp\/v2\/pages\/1107"}],"wp:featuredmedia":[{"embeddable":true,"href":"https:\/\/www.mettmann.de\/web\/wp-json\/wp\/v2\/media\/286"}],"wp:attachment":[{"href":"https:\/\/www.mettmann.de\/web\/wp-json\/wp\/v2\/media?parent=1102"}],"curies":[{"name":"wp","href":"https:\/\/api.w.org\/{rel}","templated":true}]}}