{"id":1114,"date":"2019-09-24T12:17:13","date_gmt":"2019-09-24T10:17:13","guid":{"rendered":"https:\/\/www.mettmann.de\/web\/?page_id=1114"},"modified":"2025-10-07T11:06:04","modified_gmt":"2025-10-07T09:06:04","slug":"beurkundung-von-sterbefaellen","status":"publish","type":"page","link":"https:\/\/www.mettmann.de\/web\/organisationsaufbau\/dezernat-1\/rechts-und-ordnungsamt\/standesamt-der-stadt-mettmann\/beurkundung-von-sterbefaellen\/","title":{"rendered":"Sterbef\u00e4lle"},"content":{"rendered":"<p><u>Zust\u00e4ndigkeitsgebiet: Sterbef\u00e4lle im Stadtgebiet Mettmann<\/u><\/p>\n<h3>Erforderliche Unterlagen<\/h3>\n<ul>\n<li>Sterbeanzeige<\/li>\n<li>\u00e4rztliche Todesbescheinigung<\/li>\n<li>Personalausweis oder Reisepass (sofern vorhanden)<\/li>\n<li>Personenstandsurkunden \/ Nachweise \u00fcber den Familienstand<\/li>\n<\/ul>\n<p><strong>Bestatter werden gebeten, die Unterlagen eines Sterbefalls vorab per Mail an <\/strong><strong><a href=\"mailto:standesamt@mettmann.de\">standesamt@mettmann.de<\/a> zu senden<\/strong>.<\/p>\n<p>&nbsp;<\/p>\n<p><strong><u>Leichenpass zur \u00dcberf\u00fchrung in das Ausland<\/u><\/strong><\/p>\n<p>Sofern die Verstorbene Person zur Beerdigung in das Ausland \u00fcberf\u00fchrt werden soll, wird ein sogenannter Leichenpass ben\u00f6tigt.<\/p>\n<p>Hierzu werden neben den Unterlagen zur regul\u00e4ren Beurkundung eines Sterbefalls folgende Unterlagen ben\u00f6tigt:<\/p>\n<ul>\n<li>Bescheinigung \u00fcber die Durchf\u00fchrung einer zweiten Leichenschau, ersatzweise eine Bescheinigung der Staatsanwaltschaft, die die Bestattung genehmigt<\/li>\n<li>Einsargungsbescheinigung des Bestatters<\/li>\n<li>Informationen \u00fcber die geplante Route zur \u00dcberf\u00fchrung<\/li>\n<\/ul>\n<h3>\u00d6ffnungszeiten<\/h3>\n<p><strong>Bestatter k\u00f6nnen montags bis freitags von 08:00 Uhr bis 12:00 Uhr das Standesamt aufsuchen.<\/strong><\/p>\n<p><strong>Geb\u00fchren<\/strong><\/p>\n<p>Die Beurkundung des Sterbefalls ist geb\u00fchrenfrei. F\u00fcr Sozialversicherungszwecke (z.B. Rente, Krankenkasse) und die Bestattung werden drei geb\u00fchrenfreie Urkunden ausgestellt.<\/p>\n<p>Geb\u00fchren entstehen nur, wenn zus\u00e4tzliche Urkunden ben\u00f6tigt werden:<\/p>\n<ul>\n<li>f\u00fcr die erste Urkunde: 14,00\u20ac<\/li>\n<li>f\u00fcr jede weitere&nbsp;Urkunde derselben Art: 7,00\u20ac<\/li>\n<li>Leichenpass: 15,00\u20ac<\/li>\n<\/ul>\n<h3>Weitere Informationen<\/h3>\n<ul>\n<li><a href=\"https:\/\/www.mettmann.de\/web\/organisationsaufbau\/dezernat-1\/rechts-und-ordnungsamt\/standesamt-der-stadt-mettmann\/\">Standesamt der Stadt Mettmann<\/a><\/li>\n<\/ul>\n","protected":false},"excerpt":{"rendered":"<p>Zust\u00e4ndigkeitsgebiet: Sterbef\u00e4lle im Stadtgebiet Mettmann Erforderliche Unterlagen Sterbeanzeige \u00e4rztliche Todesbescheinigung Personalausweis oder Reisepass (sofern vorhanden) Personenstandsurkunden \/ Nachweise \u00fcber den Familienstand Bestatter werden gebeten, die Unterlagen eines Sterbefalls vorab per Mail an standesamt@mettmann.de zu senden&#8230;.<\/p>\n","protected":false},"author":1,"featured_media":286,"parent":1118,"menu_order":2,"comment_status":"closed","ping_status":"closed","template":"","meta":{"ngg_post_thumbnail":0,"footnotes":""},"class_list":["post-1114","page","type-page","status-publish","has-post-thumbnail","hentry"],"yoast_head":"<!-- This site is optimized with the Yoast SEO plugin v27.2 - https:\/\/yoast.com\/product\/yoast-seo-wordpress\/ -->\n<title>Sterbef\u00e4lle | Stadtverwaltung Mettmann<\/title>\n<meta name=\"robots\" content=\"index, follow, max-snippet:-1, max-image-preview:large, max-video-preview:-1\" \/>\n<link rel=\"canonical\" href=\"https:\/\/www.mettmann.de\/web\/organisationsaufbau\/dezernat-1\/rechts-und-ordnungsamt\/standesamt-der-stadt-mettmann\/beurkundung-von-sterbefaellen\/\" \/>\n<meta property=\"og:locale\" content=\"de_DE\" \/>\n<meta property=\"og:type\" content=\"article\" \/>\n<meta property=\"og:title\" content=\"Sterbef\u00e4lle | Stadtverwaltung Mettmann\" \/>\n<meta property=\"og:description\" content=\"Zust\u00e4ndigkeitsgebiet: Sterbef\u00e4lle im Stadtgebiet Mettmann Erforderliche Unterlagen Sterbeanzeige \u00e4rztliche Todesbescheinigung Personalausweis oder Reisepass (sofern vorhanden) Personenstandsurkunden \/ Nachweise \u00fcber den Familienstand Bestatter werden gebeten, die Unterlagen eines Sterbefalls vorab per Mail an standesamt@mettmann.de zu senden....\" \/>\n<meta property=\"og:url\" content=\"https:\/\/www.mettmann.de\/web\/organisationsaufbau\/dezernat-1\/rechts-und-ordnungsamt\/standesamt-der-stadt-mettmann\/beurkundung-von-sterbefaellen\/\" \/>\n<meta property=\"og:site_name\" content=\"Stadtverwaltung Mettmann\" \/>\n<meta property=\"article:publisher\" content=\"https:\/\/www.facebook.com\/kreisstadt.mettmann\" \/>\n<meta property=\"article:modified_time\" content=\"2025-10-07T09:06:04+00:00\" \/>\n<meta property=\"og:image\" content=\"https:\/\/www.mettmann.de\/web\/wp-content\/uploads\/2019\/08\/1-1024x639.jpg\" \/>\n\t<meta property=\"og:image:width\" content=\"1024\" \/>\n\t<meta property=\"og:image:height\" content=\"639\" \/>\n\t<meta property=\"og:image:type\" content=\"image\/jpeg\" \/>\n<meta name=\"twitter:card\" content=\"summary_large_image\" \/>\n<meta name=\"twitter:label1\" content=\"Gesch\u00e4tzte Lesezeit\" \/>\n\t<meta name=\"twitter:data1\" content=\"2\u00a0Minuten\" \/>\n<script type=\"application\/ld+json\" class=\"yoast-schema-graph\">{\"@context\":\"https:\/\/schema.org\",\"@graph\":[{\"@type\":\"WebPage\",\"@id\":\"https:\/\/www.mettmann.de\/web\/organisationsaufbau\/dezernat-1\/rechts-und-ordnungsamt\/standesamt-der-stadt-mettmann\/beurkundung-von-sterbefaellen\/\",\"url\":\"https:\/\/www.mettmann.de\/web\/organisationsaufbau\/dezernat-1\/rechts-und-ordnungsamt\/standesamt-der-stadt-mettmann\/beurkundung-von-sterbefaellen\/\",\"name\":\"Sterbef\u00e4lle | Stadtverwaltung Mettmann\",\"isPartOf\":{\"@id\":\"https:\/\/www.mettmann.de\/web\/#website\"},\"primaryImageOfPage\":{\"@id\":\"https:\/\/www.mettmann.de\/web\/organisationsaufbau\/dezernat-1\/rechts-und-ordnungsamt\/standesamt-der-stadt-mettmann\/beurkundung-von-sterbefaellen\/#primaryimage\"},\"image\":{\"@id\":\"https:\/\/www.mettmann.de\/web\/organisationsaufbau\/dezernat-1\/rechts-und-ordnungsamt\/standesamt-der-stadt-mettmann\/beurkundung-von-sterbefaellen\/#primaryimage\"},\"thumbnailUrl\":\"https:\/\/www.mettmann.de\/web\/wp-content\/uploads\/2019\/08\/1.jpg\",\"datePublished\":\"2019-09-24T10:17:13+00:00\",\"dateModified\":\"2025-10-07T09:06:04+00:00\",\"breadcrumb\":{\"@id\":\"https:\/\/www.mettmann.de\/web\/organisationsaufbau\/dezernat-1\/rechts-und-ordnungsamt\/standesamt-der-stadt-mettmann\/beurkundung-von-sterbefaellen\/#breadcrumb\"},\"inLanguage\":\"de\",\"potentialAction\":[{\"@type\":\"ReadAction\",\"target\":[\"https:\/\/www.mettmann.de\/web\/organisationsaufbau\/dezernat-1\/rechts-und-ordnungsamt\/standesamt-der-stadt-mettmann\/beurkundung-von-sterbefaellen\/\"]}]},{\"@type\":\"ImageObject\",\"inLanguage\":\"de\",\"@id\":\"https:\/\/www.mettmann.de\/web\/organisationsaufbau\/dezernat-1\/rechts-und-ordnungsamt\/standesamt-der-stadt-mettmann\/beurkundung-von-sterbefaellen\/#primaryimage\",\"url\":\"https:\/\/www.mettmann.de\/web\/wp-content\/uploads\/2019\/08\/1.jpg\",\"contentUrl\":\"https:\/\/www.mettmann.de\/web\/wp-content\/uploads\/2019\/08\/1.jpg\",\"width\":3330,\"height\":2079,\"caption\":\"Archivfoto: Kreisstadt Mettmann\"},{\"@type\":\"BreadcrumbList\",\"@id\":\"https:\/\/www.mettmann.de\/web\/organisationsaufbau\/dezernat-1\/rechts-und-ordnungsamt\/standesamt-der-stadt-mettmann\/beurkundung-von-sterbefaellen\/#breadcrumb\",\"itemListElement\":[{\"@type\":\"ListItem\",\"position\":1,\"name\":\"Startseite\",\"item\":\"https:\/\/www.mettmann.de\/web\/\"},{\"@type\":\"ListItem\",\"position\":2,\"name\":\"Stadtverwaltung\",\"item\":\"https:\/\/www.mettmann.de\/web\/organisationsaufbau\/\"},{\"@type\":\"ListItem\",\"position\":3,\"name\":\"Dezernat 1\",\"item\":\"https:\/\/www.mettmann.de\/web\/organisationsaufbau\/dezernat-1\/\"},{\"@type\":\"ListItem\",\"position\":4,\"name\":\"Amt f\u00fcr B\u00fcrgerservice und Ordnung\",\"item\":\"https:\/\/www.mettmann.de\/web\/organisationsaufbau\/dezernat-1\/rechts-und-ordnungsamt\/\"},{\"@type\":\"ListItem\",\"position\":5,\"name\":\"Standesamt der Stadt Mettmann\",\"item\":\"https:\/\/www.mettmann.de\/web\/organisationsaufbau\/dezernat-1\/rechts-und-ordnungsamt\/standesamt-der-stadt-mettmann\/\"},{\"@type\":\"ListItem\",\"position\":6,\"name\":\"Sterbef\u00e4lle\"}]},{\"@type\":\"WebSite\",\"@id\":\"https:\/\/www.mettmann.de\/web\/#website\",\"url\":\"https:\/\/www.mettmann.de\/web\/\",\"name\":\"Stadtverwaltung Mettmann\",\"description\":\"Internetseite der Kreisstadt Mettmann\",\"publisher\":{\"@id\":\"https:\/\/www.mettmann.de\/web\/#organization\"},\"potentialAction\":[{\"@type\":\"SearchAction\",\"target\":{\"@type\":\"EntryPoint\",\"urlTemplate\":\"https:\/\/www.mettmann.de\/web\/?s={search_term_string}\"},\"query-input\":{\"@type\":\"PropertyValueSpecification\",\"valueRequired\":true,\"valueName\":\"search_term_string\"}}],\"inLanguage\":\"de\"},{\"@type\":\"Organization\",\"@id\":\"https:\/\/www.mettmann.de\/web\/#organization\",\"name\":\"Kreisstadt Mettmann\",\"url\":\"https:\/\/www.mettmann.de\/web\/\",\"logo\":{\"@type\":\"ImageObject\",\"inLanguage\":\"de\",\"@id\":\"https:\/\/www.mettmann.de\/web\/#\/schema\/logo\/image\/\",\"url\":\"https:\/\/www.mettmann.de\/web\/wp-content\/uploads\/2019\/08\/Kreisstadt_Mettmann_Logo_RGB_150dpi.png\",\"contentUrl\":\"https:\/\/www.mettmann.de\/web\/wp-content\/uploads\/2019\/08\/Kreisstadt_Mettmann_Logo_RGB_150dpi.png\",\"width\":1302,\"height\":191,\"caption\":\"Kreisstadt Mettmann\"},\"image\":{\"@id\":\"https:\/\/www.mettmann.de\/web\/#\/schema\/logo\/image\/\"},\"sameAs\":[\"https:\/\/www.facebook.com\/kreisstadt.mettmann\",\"https:\/\/de.wikipedia.org\/wiki\/Mettmann\"]}]}<\/script>\n<!-- \/ Yoast SEO plugin. -->","yoast_head_json":{"title":"Sterbef\u00e4lle | Stadtverwaltung Mettmann","robots":{"index":"index","follow":"follow","max-snippet":"max-snippet:-1","max-image-preview":"max-image-preview:large","max-video-preview":"max-video-preview:-1"},"canonical":"https:\/\/www.mettmann.de\/web\/organisationsaufbau\/dezernat-1\/rechts-und-ordnungsamt\/standesamt-der-stadt-mettmann\/beurkundung-von-sterbefaellen\/","og_locale":"de_DE","og_type":"article","og_title":"Sterbef\u00e4lle | Stadtverwaltung Mettmann","og_description":"Zust\u00e4ndigkeitsgebiet: Sterbef\u00e4lle im Stadtgebiet Mettmann Erforderliche Unterlagen Sterbeanzeige \u00e4rztliche Todesbescheinigung Personalausweis oder Reisepass (sofern vorhanden) Personenstandsurkunden \/ Nachweise \u00fcber den Familienstand Bestatter werden gebeten, die Unterlagen eines Sterbefalls vorab per Mail an standesamt@mettmann.de zu senden....","og_url":"https:\/\/www.mettmann.de\/web\/organisationsaufbau\/dezernat-1\/rechts-und-ordnungsamt\/standesamt-der-stadt-mettmann\/beurkundung-von-sterbefaellen\/","og_site_name":"Stadtverwaltung Mettmann","article_publisher":"https:\/\/www.facebook.com\/kreisstadt.mettmann","article_modified_time":"2025-10-07T09:06:04+00:00","og_image":[{"width":1024,"height":639,"url":"https:\/\/www.mettmann.de\/web\/wp-content\/uploads\/2019\/08\/1-1024x639.jpg","type":"image\/jpeg"}],"twitter_card":"summary_large_image","twitter_misc":{"Gesch\u00e4tzte Lesezeit":"2\u00a0Minuten"},"schema":{"@context":"https:\/\/schema.org","@graph":[{"@type":"WebPage","@id":"https:\/\/www.mettmann.de\/web\/organisationsaufbau\/dezernat-1\/rechts-und-ordnungsamt\/standesamt-der-stadt-mettmann\/beurkundung-von-sterbefaellen\/","url":"https:\/\/www.mettmann.de\/web\/organisationsaufbau\/dezernat-1\/rechts-und-ordnungsamt\/standesamt-der-stadt-mettmann\/beurkundung-von-sterbefaellen\/","name":"Sterbef\u00e4lle | Stadtverwaltung Mettmann","isPartOf":{"@id":"https:\/\/www.mettmann.de\/web\/#website"},"primaryImageOfPage":{"@id":"https:\/\/www.mettmann.de\/web\/organisationsaufbau\/dezernat-1\/rechts-und-ordnungsamt\/standesamt-der-stadt-mettmann\/beurkundung-von-sterbefaellen\/#primaryimage"},"image":{"@id":"https:\/\/www.mettmann.de\/web\/organisationsaufbau\/dezernat-1\/rechts-und-ordnungsamt\/standesamt-der-stadt-mettmann\/beurkundung-von-sterbefaellen\/#primaryimage"},"thumbnailUrl":"https:\/\/www.mettmann.de\/web\/wp-content\/uploads\/2019\/08\/1.jpg","datePublished":"2019-09-24T10:17:13+00:00","dateModified":"2025-10-07T09:06:04+00:00","breadcrumb":{"@id":"https:\/\/www.mettmann.de\/web\/organisationsaufbau\/dezernat-1\/rechts-und-ordnungsamt\/standesamt-der-stadt-mettmann\/beurkundung-von-sterbefaellen\/#breadcrumb"},"inLanguage":"de","potentialAction":[{"@type":"ReadAction","target":["https:\/\/www.mettmann.de\/web\/organisationsaufbau\/dezernat-1\/rechts-und-ordnungsamt\/standesamt-der-stadt-mettmann\/beurkundung-von-sterbefaellen\/"]}]},{"@type":"ImageObject","inLanguage":"de","@id":"https:\/\/www.mettmann.de\/web\/organisationsaufbau\/dezernat-1\/rechts-und-ordnungsamt\/standesamt-der-stadt-mettmann\/beurkundung-von-sterbefaellen\/#primaryimage","url":"https:\/\/www.mettmann.de\/web\/wp-content\/uploads\/2019\/08\/1.jpg","contentUrl":"https:\/\/www.mettmann.de\/web\/wp-content\/uploads\/2019\/08\/1.jpg","width":3330,"height":2079,"caption":"Archivfoto: Kreisstadt Mettmann"},{"@type":"BreadcrumbList","@id":"https:\/\/www.mettmann.de\/web\/organisationsaufbau\/dezernat-1\/rechts-und-ordnungsamt\/standesamt-der-stadt-mettmann\/beurkundung-von-sterbefaellen\/#breadcrumb","itemListElement":[{"@type":"ListItem","position":1,"name":"Startseite","item":"https:\/\/www.mettmann.de\/web\/"},{"@type":"ListItem","position":2,"name":"Stadtverwaltung","item":"https:\/\/www.mettmann.de\/web\/organisationsaufbau\/"},{"@type":"ListItem","position":3,"name":"Dezernat 1","item":"https:\/\/www.mettmann.de\/web\/organisationsaufbau\/dezernat-1\/"},{"@type":"ListItem","position":4,"name":"Amt f\u00fcr B\u00fcrgerservice und Ordnung","item":"https:\/\/www.mettmann.de\/web\/organisationsaufbau\/dezernat-1\/rechts-und-ordnungsamt\/"},{"@type":"ListItem","position":5,"name":"Standesamt der Stadt Mettmann","item":"https:\/\/www.mettmann.de\/web\/organisationsaufbau\/dezernat-1\/rechts-und-ordnungsamt\/standesamt-der-stadt-mettmann\/"},{"@type":"ListItem","position":6,"name":"Sterbef\u00e4lle"}]},{"@type":"WebSite","@id":"https:\/\/www.mettmann.de\/web\/#website","url":"https:\/\/www.mettmann.de\/web\/","name":"Stadtverwaltung Mettmann","description":"Internetseite der Kreisstadt Mettmann","publisher":{"@id":"https:\/\/www.mettmann.de\/web\/#organization"},"potentialAction":[{"@type":"SearchAction","target":{"@type":"EntryPoint","urlTemplate":"https:\/\/www.mettmann.de\/web\/?s={search_term_string}"},"query-input":{"@type":"PropertyValueSpecification","valueRequired":true,"valueName":"search_term_string"}}],"inLanguage":"de"},{"@type":"Organization","@id":"https:\/\/www.mettmann.de\/web\/#organization","name":"Kreisstadt Mettmann","url":"https:\/\/www.mettmann.de\/web\/","logo":{"@type":"ImageObject","inLanguage":"de","@id":"https:\/\/www.mettmann.de\/web\/#\/schema\/logo\/image\/","url":"https:\/\/www.mettmann.de\/web\/wp-content\/uploads\/2019\/08\/Kreisstadt_Mettmann_Logo_RGB_150dpi.png","contentUrl":"https:\/\/www.mettmann.de\/web\/wp-content\/uploads\/2019\/08\/Kreisstadt_Mettmann_Logo_RGB_150dpi.png","width":1302,"height":191,"caption":"Kreisstadt Mettmann"},"image":{"@id":"https:\/\/www.mettmann.de\/web\/#\/schema\/logo\/image\/"},"sameAs":["https:\/\/www.facebook.com\/kreisstadt.mettmann","https:\/\/de.wikipedia.org\/wiki\/Mettmann"]}]}},"_links":{"self":[{"href":"https:\/\/www.mettmann.de\/web\/wp-json\/wp\/v2\/pages\/1114","targetHints":{"allow":["GET"]}}],"collection":[{"href":"https:\/\/www.mettmann.de\/web\/wp-json\/wp\/v2\/pages"}],"about":[{"href":"https:\/\/www.mettmann.de\/web\/wp-json\/wp\/v2\/types\/page"}],"author":[{"embeddable":true,"href":"https:\/\/www.mettmann.de\/web\/wp-json\/wp\/v2\/users\/1"}],"replies":[{"embeddable":true,"href":"https:\/\/www.mettmann.de\/web\/wp-json\/wp\/v2\/comments?post=1114"}],"version-history":[{"count":11,"href":"https:\/\/www.mettmann.de\/web\/wp-json\/wp\/v2\/pages\/1114\/revisions"}],"predecessor-version":[{"id":54816,"href":"https:\/\/www.mettmann.de\/web\/wp-json\/wp\/v2\/pages\/1114\/revisions\/54816"}],"up":[{"embeddable":true,"href":"https:\/\/www.mettmann.de\/web\/wp-json\/wp\/v2\/pages\/1118"}],"wp:featuredmedia":[{"embeddable":true,"href":"https:\/\/www.mettmann.de\/web\/wp-json\/wp\/v2\/media\/286"}],"wp:attachment":[{"href":"https:\/\/www.mettmann.de\/web\/wp-json\/wp\/v2\/media?parent=1114"}],"curies":[{"name":"wp","href":"https:\/\/api.w.org\/{rel}","templated":true}]}}