{"id":1118,"date":"2019-09-24T12:29:02","date_gmt":"2019-09-24T10:29:02","guid":{"rendered":"https:\/\/www.mettmann.de\/web\/?page_id=1118"},"modified":"2026-03-16T11:55:49","modified_gmt":"2026-03-16T10:55:49","slug":"standesamt-der-stadt-mettmann","status":"publish","type":"page","link":"https:\/\/www.mettmann.de\/web\/organisationsaufbau\/dezernat-1\/rechts-und-ordnungsamt\/standesamt-der-stadt-mettmann\/","title":{"rendered":"Standesamt der Stadt Mettmann"},"content":{"rendered":"<h3>Allgemeine Informationen<\/h3>\n<p><strong>Zust\u00e4ndigkeiten<\/strong><\/p>\n<ul>\n<li><a title=\"Anmeldung und Beurkundung von Eheschlie\u00dfungen &amp; Lebenspartnerschaften\" href=\"\/web\/?page_id=1107\">Eheschlie\u00dfungen<\/a><\/li>\n<li><a href=\"\/web\/?page_id=1112\">Geburten<\/a><\/li>\n<li><a href=\"https:\/\/www.mettmann.de\/web\/organisationsaufbau\/dezernat-1\/rechts-und-ordnungsamt\/standesamt-der-stadt-mettmann\/beurkundung-von-sterbefaellen\/\">Sterbef\u00e4lle<\/a><\/li>\n<li><a href=\"https:\/\/www.mettmann.de\/web\/organisationsaufbau\/dezernat-1\/rechts-und-ordnungsamt\/standesamt-der-stadt-mettmann\/urkunden\/\">(Personenstands-) Urkunden<\/a><\/li>\n<li><a href=\"https:\/\/www.mettmann.de\/web\/organisationsaufbau\/dezernat-1\/rechts-und-ordnungsamt\/standesamt-der-stadt-mettmann\/selbstbestimmungsgesetz\/\">Erkl\u00e4rungen nach dem Selbstbestimmungsgesetz (SBGG)<\/a><\/li>\n<li><a href=\"https:\/\/www.mettmann.de\/web\/organisationsaufbau\/dezernat-1\/rechts-und-ordnungsamt\/standesamt-der-stadt-mettmann\/namensaenderungen\/\">Namens\u00e4nderungen<\/a><\/li>\n<\/ul>\n<p><strong>\u00d6ffnungszeiten<\/strong><\/p>\n<p class=\"eingerueckt40\">montags: 8.30 bis 12.00 Uhr<br \/>\ndienstags: 8.30 bis 12.00 Uhr<br \/>\nmittwochs: geschlossen<br \/>\ndonnerstags: 8.30 bis 12.00 Uhr und 14.00 bis 17.30 Uhr<br \/>\nfreitags: geschlossen<\/p>\n<p>Termine k\u00f6nnen auch au\u00dferhalb unserer \u00d6ffnungszeiten vereinbart werden.<\/p>\n<p><strong>Ansprechpartner\/-innen<\/strong><\/p>\n<p class=\"adressen\"><a href=\"mailto:petra.buechel@mettmann.de\">Frau B\u00fcchel<\/a> &#8211; Telefon: 02104 \/ 980-148<br \/>\n<a href=\"mailto:eva.loellgen@mettmann.de\">Frau L\u00f6llgen<\/a> &#8211; Telefon: 02104 \/ 980-148<br \/>\n<a href=\"mailto:kerstin.sonnenschein@mettmann.de\">Frau Sonnenschein<\/a> &#8211; Telefon: 02104 \/ 980-147<\/p>\n<p><strong>Leitung<\/strong><\/p>\n<p class=\"adressen\"><a href=\"mailto:christian.schrader@mettmann.de\">Herr Schrader<\/a> \u00a0&#8211; Telefon: 02104 \/ 980-149<\/p>\n<p><strong>Anschrift<\/strong><\/p>\n<p class=\"eingerueckt40\">Stadtverwaltung Mettmann<br \/>\nStandesamt<br \/>\nNeanderstr. 85<br \/>\n40822 Mettmann<\/p>\n<p class=\"eingerueckt40\">Fax: 02104 \/ 980-726<\/p>\n<p class=\"eingerueckt40\">E-Mail: <a title=\"E-Mail senden\" href=\"mailto:standesamt@mettmann.de\">standesamt[at]mettmann.de<\/a><\/p>\n<p class=\"adressen\">Das Standesamt finden Sie auf der 1. Etage im Rathaus-Altbau, Zimmer 122-124<\/p>\n<h4>Informationen nach Artikel 13 Datenschutz-Grundverordnung (DSGVO)<\/h4>\n<ul>\n<li><a href=\"\/web\/dsgvo\/DSGVO_Melderegister.pdf\" target=\"_blank\" rel=\"noopener noreferrer\">Melderegister<\/a><\/li>\n<li><a href=\"\/web\/dsgvo\/DSGVO_Passregister.pdf\" target=\"_blank\" rel=\"noopener noreferrer\">Passregister<\/a><\/li>\n<li><a href=\"\/web\/dsgvo\/DSGVO_Personenstandsregister.pdf\" target=\"_blank\" rel=\"noopener noreferrer\">Personenstandsregister<\/a><\/li>\n<\/ul>\n","protected":false},"excerpt":{"rendered":"<p>Allgemeine Informationen Zust\u00e4ndigkeiten Eheschlie\u00dfungen Geburten Sterbef\u00e4lle (Personenstands-) Urkunden Erkl\u00e4rungen nach dem Selbstbestimmungsgesetz (SBGG) Namens\u00e4nderungen \u00d6ffnungszeiten montags: 8.30 bis 12.00 Uhr dienstags: 8.30 bis 12.00 Uhr mittwochs: geschlossen donnerstags: 8.30 bis 12.00 Uhr und 14.00 bis&#8230;<\/p>\n","protected":false},"author":1,"featured_media":0,"parent":917,"menu_order":1,"comment_status":"closed","ping_status":"closed","template":"","meta":{"ngg_post_thumbnail":0,"footnotes":""},"class_list":["post-1118","page","type-page","status-publish","hentry"],"yoast_head":"<!-- This site is optimized with the Yoast SEO plugin v27.2 - https:\/\/yoast.com\/product\/yoast-seo-wordpress\/ -->\n<title>Standesamt der Stadt Mettmann | Stadtverwaltung Mettmann<\/title>\n<meta name=\"robots\" content=\"noindex, follow\" \/>\n<meta property=\"og:locale\" content=\"de_DE\" \/>\n<meta property=\"og:type\" content=\"article\" \/>\n<meta property=\"og:title\" content=\"Standesamt der Stadt Mettmann | Stadtverwaltung Mettmann\" \/>\n<meta property=\"og:description\" content=\"Allgemeine Informationen Zust\u00e4ndigkeiten Eheschlie\u00dfungen Geburten Sterbef\u00e4lle (Personenstands-) Urkunden Erkl\u00e4rungen nach dem Selbstbestimmungsgesetz (SBGG) Namens\u00e4nderungen \u00d6ffnungszeiten montags: 8.30 bis 12.00 Uhr dienstags: 8.30 bis 12.00 Uhr mittwochs: geschlossen donnerstags: 8.30 bis 12.00 Uhr und 14.00 bis...\" \/>\n<meta property=\"og:url\" content=\"https:\/\/www.mettmann.de\/web\/organisationsaufbau\/dezernat-1\/rechts-und-ordnungsamt\/standesamt-der-stadt-mettmann\/\" \/>\n<meta property=\"og:site_name\" content=\"Stadtverwaltung Mettmann\" \/>\n<meta property=\"article:publisher\" content=\"https:\/\/www.facebook.com\/kreisstadt.mettmann\" \/>\n<meta property=\"article:modified_time\" content=\"2026-03-16T10:55:49+00:00\" \/>\n<meta property=\"og:image\" content=\"https:\/\/www.mettmann.de\/web\/wp-content\/uploads\/2019\/08\/1-1024x639.jpg\" \/>\n\t<meta property=\"og:image:width\" content=\"1024\" \/>\n\t<meta property=\"og:image:height\" content=\"639\" \/>\n\t<meta property=\"og:image:type\" content=\"image\/jpeg\" \/>\n<meta name=\"twitter:card\" content=\"summary_large_image\" \/>\n<meta name=\"twitter:label1\" content=\"Gesch\u00e4tzte Lesezeit\" \/>\n\t<meta name=\"twitter:data1\" content=\"1\u00a0Minute\" \/>\n<script type=\"application\/ld+json\" class=\"yoast-schema-graph\">{\"@context\":\"https:\/\/schema.org\",\"@graph\":[{\"@type\":\"WebPage\",\"@id\":\"https:\/\/www.mettmann.de\/web\/organisationsaufbau\/dezernat-1\/rechts-und-ordnungsamt\/standesamt-der-stadt-mettmann\/\",\"url\":\"https:\/\/www.mettmann.de\/web\/organisationsaufbau\/dezernat-1\/rechts-und-ordnungsamt\/standesamt-der-stadt-mettmann\/\",\"name\":\"Standesamt der Stadt Mettmann | Stadtverwaltung Mettmann\",\"isPartOf\":{\"@id\":\"https:\/\/www.mettmann.de\/web\/#website\"},\"datePublished\":\"2019-09-24T10:29:02+00:00\",\"dateModified\":\"2026-03-16T10:55:49+00:00\",\"breadcrumb\":{\"@id\":\"https:\/\/www.mettmann.de\/web\/organisationsaufbau\/dezernat-1\/rechts-und-ordnungsamt\/standesamt-der-stadt-mettmann\/#breadcrumb\"},\"inLanguage\":\"de\",\"potentialAction\":[{\"@type\":\"ReadAction\",\"target\":[\"https:\/\/www.mettmann.de\/web\/organisationsaufbau\/dezernat-1\/rechts-und-ordnungsamt\/standesamt-der-stadt-mettmann\/\"]}]},{\"@type\":\"BreadcrumbList\",\"@id\":\"https:\/\/www.mettmann.de\/web\/organisationsaufbau\/dezernat-1\/rechts-und-ordnungsamt\/standesamt-der-stadt-mettmann\/#breadcrumb\",\"itemListElement\":[{\"@type\":\"ListItem\",\"position\":1,\"name\":\"Startseite\",\"item\":\"https:\/\/www.mettmann.de\/web\/\"},{\"@type\":\"ListItem\",\"position\":2,\"name\":\"Stadtverwaltung\",\"item\":\"https:\/\/www.mettmann.de\/web\/organisationsaufbau\/\"},{\"@type\":\"ListItem\",\"position\":3,\"name\":\"Dezernat 1\",\"item\":\"https:\/\/www.mettmann.de\/web\/organisationsaufbau\/dezernat-1\/\"},{\"@type\":\"ListItem\",\"position\":4,\"name\":\"Amt f\u00fcr B\u00fcrgerservice und Ordnung\",\"item\":\"https:\/\/www.mettmann.de\/web\/organisationsaufbau\/dezernat-1\/rechts-und-ordnungsamt\/\"},{\"@type\":\"ListItem\",\"position\":5,\"name\":\"Standesamt der Stadt Mettmann\"}]},{\"@type\":\"WebSite\",\"@id\":\"https:\/\/www.mettmann.de\/web\/#website\",\"url\":\"https:\/\/www.mettmann.de\/web\/\",\"name\":\"Stadtverwaltung Mettmann\",\"description\":\"Internetseite der Kreisstadt Mettmann\",\"publisher\":{\"@id\":\"https:\/\/www.mettmann.de\/web\/#organization\"},\"potentialAction\":[{\"@type\":\"SearchAction\",\"target\":{\"@type\":\"EntryPoint\",\"urlTemplate\":\"https:\/\/www.mettmann.de\/web\/?s={search_term_string}\"},\"query-input\":{\"@type\":\"PropertyValueSpecification\",\"valueRequired\":true,\"valueName\":\"search_term_string\"}}],\"inLanguage\":\"de\"},{\"@type\":\"Organization\",\"@id\":\"https:\/\/www.mettmann.de\/web\/#organization\",\"name\":\"Kreisstadt Mettmann\",\"url\":\"https:\/\/www.mettmann.de\/web\/\",\"logo\":{\"@type\":\"ImageObject\",\"inLanguage\":\"de\",\"@id\":\"https:\/\/www.mettmann.de\/web\/#\/schema\/logo\/image\/\",\"url\":\"https:\/\/www.mettmann.de\/web\/wp-content\/uploads\/2019\/08\/Kreisstadt_Mettmann_Logo_RGB_150dpi.png\",\"contentUrl\":\"https:\/\/www.mettmann.de\/web\/wp-content\/uploads\/2019\/08\/Kreisstadt_Mettmann_Logo_RGB_150dpi.png\",\"width\":1302,\"height\":191,\"caption\":\"Kreisstadt Mettmann\"},\"image\":{\"@id\":\"https:\/\/www.mettmann.de\/web\/#\/schema\/logo\/image\/\"},\"sameAs\":[\"https:\/\/www.facebook.com\/kreisstadt.mettmann\",\"https:\/\/de.wikipedia.org\/wiki\/Mettmann\"]}]}<\/script>\n<!-- \/ Yoast SEO plugin. -->","yoast_head_json":{"title":"Standesamt der Stadt Mettmann | Stadtverwaltung Mettmann","robots":{"index":"noindex","follow":"follow"},"og_locale":"de_DE","og_type":"article","og_title":"Standesamt der Stadt Mettmann | Stadtverwaltung Mettmann","og_description":"Allgemeine Informationen Zust\u00e4ndigkeiten Eheschlie\u00dfungen Geburten Sterbef\u00e4lle (Personenstands-) Urkunden Erkl\u00e4rungen nach dem Selbstbestimmungsgesetz (SBGG) Namens\u00e4nderungen \u00d6ffnungszeiten montags: 8.30 bis 12.00 Uhr dienstags: 8.30 bis 12.00 Uhr mittwochs: geschlossen donnerstags: 8.30 bis 12.00 Uhr und 14.00 bis...","og_url":"https:\/\/www.mettmann.de\/web\/organisationsaufbau\/dezernat-1\/rechts-und-ordnungsamt\/standesamt-der-stadt-mettmann\/","og_site_name":"Stadtverwaltung Mettmann","article_publisher":"https:\/\/www.facebook.com\/kreisstadt.mettmann","article_modified_time":"2026-03-16T10:55:49+00:00","og_image":[{"width":1024,"height":639,"url":"https:\/\/www.mettmann.de\/web\/wp-content\/uploads\/2019\/08\/1-1024x639.jpg","type":"image\/jpeg"}],"twitter_card":"summary_large_image","twitter_misc":{"Gesch\u00e4tzte Lesezeit":"1\u00a0Minute"},"schema":{"@context":"https:\/\/schema.org","@graph":[{"@type":"WebPage","@id":"https:\/\/www.mettmann.de\/web\/organisationsaufbau\/dezernat-1\/rechts-und-ordnungsamt\/standesamt-der-stadt-mettmann\/","url":"https:\/\/www.mettmann.de\/web\/organisationsaufbau\/dezernat-1\/rechts-und-ordnungsamt\/standesamt-der-stadt-mettmann\/","name":"Standesamt der Stadt Mettmann | Stadtverwaltung Mettmann","isPartOf":{"@id":"https:\/\/www.mettmann.de\/web\/#website"},"datePublished":"2019-09-24T10:29:02+00:00","dateModified":"2026-03-16T10:55:49+00:00","breadcrumb":{"@id":"https:\/\/www.mettmann.de\/web\/organisationsaufbau\/dezernat-1\/rechts-und-ordnungsamt\/standesamt-der-stadt-mettmann\/#breadcrumb"},"inLanguage":"de","potentialAction":[{"@type":"ReadAction","target":["https:\/\/www.mettmann.de\/web\/organisationsaufbau\/dezernat-1\/rechts-und-ordnungsamt\/standesamt-der-stadt-mettmann\/"]}]},{"@type":"BreadcrumbList","@id":"https:\/\/www.mettmann.de\/web\/organisationsaufbau\/dezernat-1\/rechts-und-ordnungsamt\/standesamt-der-stadt-mettmann\/#breadcrumb","itemListElement":[{"@type":"ListItem","position":1,"name":"Startseite","item":"https:\/\/www.mettmann.de\/web\/"},{"@type":"ListItem","position":2,"name":"Stadtverwaltung","item":"https:\/\/www.mettmann.de\/web\/organisationsaufbau\/"},{"@type":"ListItem","position":3,"name":"Dezernat 1","item":"https:\/\/www.mettmann.de\/web\/organisationsaufbau\/dezernat-1\/"},{"@type":"ListItem","position":4,"name":"Amt f\u00fcr B\u00fcrgerservice und Ordnung","item":"https:\/\/www.mettmann.de\/web\/organisationsaufbau\/dezernat-1\/rechts-und-ordnungsamt\/"},{"@type":"ListItem","position":5,"name":"Standesamt der Stadt Mettmann"}]},{"@type":"WebSite","@id":"https:\/\/www.mettmann.de\/web\/#website","url":"https:\/\/www.mettmann.de\/web\/","name":"Stadtverwaltung Mettmann","description":"Internetseite der Kreisstadt Mettmann","publisher":{"@id":"https:\/\/www.mettmann.de\/web\/#organization"},"potentialAction":[{"@type":"SearchAction","target":{"@type":"EntryPoint","urlTemplate":"https:\/\/www.mettmann.de\/web\/?s={search_term_string}"},"query-input":{"@type":"PropertyValueSpecification","valueRequired":true,"valueName":"search_term_string"}}],"inLanguage":"de"},{"@type":"Organization","@id":"https:\/\/www.mettmann.de\/web\/#organization","name":"Kreisstadt Mettmann","url":"https:\/\/www.mettmann.de\/web\/","logo":{"@type":"ImageObject","inLanguage":"de","@id":"https:\/\/www.mettmann.de\/web\/#\/schema\/logo\/image\/","url":"https:\/\/www.mettmann.de\/web\/wp-content\/uploads\/2019\/08\/Kreisstadt_Mettmann_Logo_RGB_150dpi.png","contentUrl":"https:\/\/www.mettmann.de\/web\/wp-content\/uploads\/2019\/08\/Kreisstadt_Mettmann_Logo_RGB_150dpi.png","width":1302,"height":191,"caption":"Kreisstadt Mettmann"},"image":{"@id":"https:\/\/www.mettmann.de\/web\/#\/schema\/logo\/image\/"},"sameAs":["https:\/\/www.facebook.com\/kreisstadt.mettmann","https:\/\/de.wikipedia.org\/wiki\/Mettmann"]}]}},"_links":{"self":[{"href":"https:\/\/www.mettmann.de\/web\/wp-json\/wp\/v2\/pages\/1118","targetHints":{"allow":["GET"]}}],"collection":[{"href":"https:\/\/www.mettmann.de\/web\/wp-json\/wp\/v2\/pages"}],"about":[{"href":"https:\/\/www.mettmann.de\/web\/wp-json\/wp\/v2\/types\/page"}],"author":[{"embeddable":true,"href":"https:\/\/www.mettmann.de\/web\/wp-json\/wp\/v2\/users\/1"}],"replies":[{"embeddable":true,"href":"https:\/\/www.mettmann.de\/web\/wp-json\/wp\/v2\/comments?post=1118"}],"version-history":[{"count":27,"href":"https:\/\/www.mettmann.de\/web\/wp-json\/wp\/v2\/pages\/1118\/revisions"}],"predecessor-version":[{"id":59186,"href":"https:\/\/www.mettmann.de\/web\/wp-json\/wp\/v2\/pages\/1118\/revisions\/59186"}],"up":[{"embeddable":true,"href":"https:\/\/www.mettmann.de\/web\/wp-json\/wp\/v2\/pages\/917"}],"wp:attachment":[{"href":"https:\/\/www.mettmann.de\/web\/wp-json\/wp\/v2\/media?parent=1118"}],"curies":[{"name":"wp","href":"https:\/\/api.w.org\/{rel}","templated":true}]}}