{"id":1126,"date":"2019-09-24T14:04:21","date_gmt":"2019-09-24T12:04:21","guid":{"rendered":"https:\/\/www.mettmann.de\/web\/?page_id=1126"},"modified":"2026-02-25T09:02:58","modified_gmt":"2026-02-25T08:02:58","slug":"buergerservice","status":"publish","type":"page","link":"https:\/\/www.mettmann.de\/web\/organisationsaufbau\/dezernat-1\/rechts-und-ordnungsamt\/buergerservice\/","title":{"rendered":"B\u00fcrgerservice"},"content":{"rendered":"<p><span style=\"font-size: 14pt;\">F\u00fcr den Besuch im B\u00fcrgerservice ist keine Terminabsprache notwendig<\/span>.<\/p>\n<header class=\"entry-header mh-clearfix\"><\/header>\n<div class=\"entry-content mh-clearfix\">\n<div class=\"pf-content\">\n<p>&nbsp;<\/p>\n<\/div>\n<\/div>\n<h3>Zust\u00e4ndigkeiten<\/h3>\n<ul>\n<li><a href=\"\/web\/?page_id=1130\">An-, Ab- und Ummeldungen von Einwohnern<\/a><\/li>\n<li><a href=\"\/web\/formulare\/hundesteuer_antrag.pdf\" target=\"_blank\" rel=\"noopener noreferrer\">An- und Abmelden von Hunden<\/a><\/li>\n<li>Antragsannahme in Ausl\u00e4nderangelegenheiten<\/li>\n<li>Antragsannahme f\u00fcr Einb\u00fcrgerungen (montags, dienstags und donnerstags von 8 &#8211; 11 Uhr)<\/li>\n<li><a href=\"\/web\/?page_id=1137\">Beglaubigung von Unterschriften und Fotokopien<\/a><\/li>\n<li><a href=\"\/web\/?page_id=1160\">Bescheinigungen <\/a><\/li>\n<li><a href=\"\/web\/formulare\/fischereischein_antrag.pdf\" target=\"_blank\" rel=\"noopener noreferrer\">Fischereischeine \/ Angelscheine<\/a><\/li>\n<li><a href=\"\/web\/?page_id=1145\">F\u00fchrungszeugnisse<\/a><\/li>\n<li><a href=\"\/web\/?page_id=1148\">Fundsachen<\/a><\/li>\n<li><a href=\"https:\/\/www.mettmann.de\/web\/?page_id=41965\" target=\"_blank\" rel=\"noopener\">Melderegisterausk\u00fcnfte<\/a><\/li>\n<li><a href=\"\/web\/?page_id=1162\">Parkausweise<\/a><\/li>\n<li><a href=\"\/web\/?page_id=1140\">Passfotos (f\u00fcr Pass und Ausweis)<\/a><\/li>\n<li><a href=\"\/web\/?page_id=1164\">Personalausweise, Reisep\u00e4sse<\/a><\/li>\n<li><a href=\"\/web\/?page_id=1167\">Schwerbehindertenausweise<\/a><\/li>\n<li><a href=\"http:\/\/service.mettmann.de\/untersuchungsberechtigungsschein-ubs-beantragen\" target=\"_blank\" rel=\"noopener\">Untersuchungsberechtigungsscheine&nbsp;<\/a> (Seit dem 01.10.2023 kann der Untersuchungsberechtigungsschein nur noch online beantragt werden)<\/li>\n<\/ul>\n<h3>Anschrift<\/h3>\n<p class=\"eingerueckt40\"><strong>Stadtverwaltung Mettmann<\/strong><br \/>\nB\u00fcrgerservice<br \/>\nNeanderstr. 85, 40822 Mettmann<\/p>\n<p class=\"eingerueckt40\">Tel: 02104 \/ 980-138<br \/>\nFax: 02104 \/ 980-727<\/p>\n<p class=\"eingerueckt40\">E-Mail: <a href=\"mailto:buergerservice@mettmann.de\">buergerservice@mettmann.de<\/a><\/p>\n<h3>Abteilungsleitung<\/h3>\n<p class=\"eingerueckt40\"><a href=\"mailto:marcel.neubauer@mettmann.de\">Marcel Neubauer<\/a> &#8211; Telefon: 02104 \/ 980-130<\/p>\n<h3>Ansprechpartner\/innen<\/h3>\n<p class=\"adressen\"><a href=\"mailto:daniela.ackermann@mettmann.de\">Daniela Ackermann<\/a> &#8211; Telefon: 02104 \/ 980-138<br \/>\n<a href=\"mailto:beatrix.goessl@mettmann.de\">Beatrix G\u00f6\u00dfl<\/a> &#8211; Telefon: 02104 \/ 980-138<br \/>\n<a href=\"mailto:giulia.tarentino@mettmann.de\">Giulia Tarentino<\/a> &nbsp;&#8211; Telefon: 02104 \/ 980-138<br \/>\n<a href=\"mailto:rebecca.kriening@mettmann.de\">Rebecca Kriening<\/a> &#8211; Telefon: 02104 \/ 980-138<br \/>\n<a href=\"mailto:anja.kroth@mettmann.de\">Anja Kroth<\/a> &#8211; Telefon: 02104 \/ 980-138<br \/>\n<a href=\"mailto:gisela.unland@mettmann.de\">Gisela Unland<\/a> &#8211; Telefon: 02104 \/ 980-138<br \/>\n<a href=\"mailto:diana.williams@mettmann.de\">Diana Williams<\/a> &#8211; Telefon: 02104 \/ 980-138<\/p>\n<p>&nbsp;<\/p>\n<h3>\u00d6ffnungszeiten<\/h3>\n<table class=\"eingerueckt40\" border=\"0\" width=\"90%\" cellspacing=\"10\">\n<tbody>\n<tr bgcolor=\"#F5F5F5\">\n<td valign=\"top\">Montag<\/td>\n<td valign=\"top\">08.00 &#8211; 12.00 Uhr<\/td>\n<td valign=\"top\">14.00 &#8211; 16.00 Uhr<\/td>\n<\/tr>\n<tr>\n<td valign=\"top\">Dienstag<\/td>\n<td valign=\"top\">08.00 &#8211; 12.00 Uhr<\/td>\n<td valign=\"top\">14.00 &#8211; 16.00 Uhr<\/td>\n<\/tr>\n<tr bgcolor=\"#F5F5F5\">\n<td valign=\"top\">Mittwoch<\/td>\n<td valign=\"top\">08.00 &#8211; 12.00 Uhr<\/td>\n<td valign=\"top\">&#8211;<\/td>\n<\/tr>\n<tr>\n<td valign=\"top\">Donnerstag<\/td>\n<td valign=\"top\">08.00 &#8211; 12.00 Uhr<\/td>\n<td valign=\"top\">14.00 &#8211; 18.00 Uhr<\/td>\n<\/tr>\n<tr bgcolor=\"#F5F5F5\">\n<td valign=\"top\">Freitag<\/td>\n<td valign=\"top\">08.00 &#8211; 12.00 Uhr<\/td>\n<td valign=\"top\">&#8211;<\/td>\n<\/tr>\n<\/tbody>\n<\/table>\n<h3>Weitere Informationen<\/h3>\n<ul>\n<li class=\"eingerueckt40\"><a class=\"infohomepage\" title=\"DSGVO-Informationen meldepflichtige Personen (11.05.2018)\" href=\"\/web\/dsgvo\/DSGVO_Meldepflicht.pdf\" target=\"_blank\" rel=\"noopener noreferrer\">Information gem\u00e4\u00df Art. 13 der Datenschutz-Grundverordnung (DSGVO) f\u00fcr meldepflichtige Personen<\/a><\/li>\n<\/ul>\n","protected":false},"excerpt":{"rendered":"<p>F\u00fcr den Besuch im B\u00fcrgerservice ist keine Terminabsprache notwendig. &nbsp; Zust\u00e4ndigkeiten An-, Ab- und Ummeldungen von Einwohnern An- und Abmelden von Hunden Antragsannahme in Ausl\u00e4nderangelegenheiten Antragsannahme f\u00fcr Einb\u00fcrgerungen (montags, dienstags und donnerstags von 8 &#8211;&#8230;<\/p>\n","protected":false},"author":1,"featured_media":532,"parent":917,"menu_order":2,"comment_status":"closed","ping_status":"closed","template":"","meta":{"ngg_post_thumbnail":0,"footnotes":""},"class_list":["post-1126","page","type-page","status-publish","has-post-thumbnail","hentry"],"yoast_head":"<!-- This site is optimized with the Yoast SEO plugin v27.2 - https:\/\/yoast.com\/product\/yoast-seo-wordpress\/ -->\n<title>B\u00fcrgerservice | Stadtverwaltung Mettmann<\/title>\n<meta name=\"robots\" content=\"noindex, follow\" \/>\n<meta property=\"og:locale\" content=\"de_DE\" \/>\n<meta property=\"og:type\" content=\"article\" \/>\n<meta property=\"og:title\" content=\"B\u00fcrgerservice | Stadtverwaltung Mettmann\" \/>\n<meta property=\"og:description\" content=\"F\u00fcr den Besuch im B\u00fcrgerservice ist keine Terminabsprache notwendig. &nbsp; Zust\u00e4ndigkeiten An-, Ab- und Ummeldungen von Einwohnern An- und Abmelden von Hunden Antragsannahme in Ausl\u00e4nderangelegenheiten Antragsannahme f\u00fcr Einb\u00fcrgerungen (montags, dienstags und donnerstags von 8 &#8211;...\" \/>\n<meta property=\"og:url\" content=\"https:\/\/www.mettmann.de\/web\/organisationsaufbau\/dezernat-1\/rechts-und-ordnungsamt\/buergerservice\/\" \/>\n<meta property=\"og:site_name\" content=\"Stadtverwaltung Mettmann\" \/>\n<meta property=\"article:publisher\" content=\"https:\/\/www.facebook.com\/kreisstadt.mettmann\" \/>\n<meta property=\"article:modified_time\" content=\"2026-02-25T08:02:58+00:00\" \/>\n<meta property=\"og:image\" content=\"https:\/\/www.mettmann.de\/web\/wp-content\/uploads\/2019\/08\/Pferdebrunnen-Mettmann_16-9-1024x576.jpg\" \/>\n\t<meta property=\"og:image:width\" content=\"1024\" \/>\n\t<meta property=\"og:image:height\" content=\"576\" \/>\n\t<meta property=\"og:image:type\" content=\"image\/jpeg\" \/>\n<meta name=\"twitter:card\" content=\"summary_large_image\" \/>\n<meta name=\"twitter:label1\" content=\"Gesch\u00e4tzte Lesezeit\" \/>\n\t<meta name=\"twitter:data1\" content=\"2\u00a0Minuten\" \/>\n<script type=\"application\/ld+json\" class=\"yoast-schema-graph\">{\"@context\":\"https:\/\/schema.org\",\"@graph\":[{\"@type\":\"WebPage\",\"@id\":\"https:\/\/www.mettmann.de\/web\/organisationsaufbau\/dezernat-1\/rechts-und-ordnungsamt\/buergerservice\/\",\"url\":\"https:\/\/www.mettmann.de\/web\/organisationsaufbau\/dezernat-1\/rechts-und-ordnungsamt\/buergerservice\/\",\"name\":\"B\u00fcrgerservice | Stadtverwaltung Mettmann\",\"isPartOf\":{\"@id\":\"https:\/\/www.mettmann.de\/web\/#website\"},\"primaryImageOfPage\":{\"@id\":\"https:\/\/www.mettmann.de\/web\/organisationsaufbau\/dezernat-1\/rechts-und-ordnungsamt\/buergerservice\/#primaryimage\"},\"image\":{\"@id\":\"https:\/\/www.mettmann.de\/web\/organisationsaufbau\/dezernat-1\/rechts-und-ordnungsamt\/buergerservice\/#primaryimage\"},\"thumbnailUrl\":\"https:\/\/www.mettmann.de\/web\/wp-content\/uploads\/2019\/08\/Pferdebrunnen-Mettmann_16-9.jpg\",\"datePublished\":\"2019-09-24T12:04:21+00:00\",\"dateModified\":\"2026-02-25T08:02:58+00:00\",\"breadcrumb\":{\"@id\":\"https:\/\/www.mettmann.de\/web\/organisationsaufbau\/dezernat-1\/rechts-und-ordnungsamt\/buergerservice\/#breadcrumb\"},\"inLanguage\":\"de\",\"potentialAction\":[{\"@type\":\"ReadAction\",\"target\":[\"https:\/\/www.mettmann.de\/web\/organisationsaufbau\/dezernat-1\/rechts-und-ordnungsamt\/buergerservice\/\"]}]},{\"@type\":\"ImageObject\",\"inLanguage\":\"de\",\"@id\":\"https:\/\/www.mettmann.de\/web\/organisationsaufbau\/dezernat-1\/rechts-und-ordnungsamt\/buergerservice\/#primaryimage\",\"url\":\"https:\/\/www.mettmann.de\/web\/wp-content\/uploads\/2019\/08\/Pferdebrunnen-Mettmann_16-9.jpg\",\"contentUrl\":\"https:\/\/www.mettmann.de\/web\/wp-content\/uploads\/2019\/08\/Pferdebrunnen-Mettmann_16-9.jpg\",\"width\":3504,\"height\":1971,\"caption\":\"Archivfoto: Kreisstadt Mettmann\"},{\"@type\":\"BreadcrumbList\",\"@id\":\"https:\/\/www.mettmann.de\/web\/organisationsaufbau\/dezernat-1\/rechts-und-ordnungsamt\/buergerservice\/#breadcrumb\",\"itemListElement\":[{\"@type\":\"ListItem\",\"position\":1,\"name\":\"Startseite\",\"item\":\"https:\/\/www.mettmann.de\/web\/\"},{\"@type\":\"ListItem\",\"position\":2,\"name\":\"Stadtverwaltung\",\"item\":\"https:\/\/www.mettmann.de\/web\/organisationsaufbau\/\"},{\"@type\":\"ListItem\",\"position\":3,\"name\":\"Dezernat 1\",\"item\":\"https:\/\/www.mettmann.de\/web\/organisationsaufbau\/dezernat-1\/\"},{\"@type\":\"ListItem\",\"position\":4,\"name\":\"Amt f\u00fcr B\u00fcrgerservice und Ordnung\",\"item\":\"https:\/\/www.mettmann.de\/web\/organisationsaufbau\/dezernat-1\/rechts-und-ordnungsamt\/\"},{\"@type\":\"ListItem\",\"position\":5,\"name\":\"B\u00fcrgerservice\"}]},{\"@type\":\"WebSite\",\"@id\":\"https:\/\/www.mettmann.de\/web\/#website\",\"url\":\"https:\/\/www.mettmann.de\/web\/\",\"name\":\"Stadtverwaltung Mettmann\",\"description\":\"Internetseite der Kreisstadt Mettmann\",\"publisher\":{\"@id\":\"https:\/\/www.mettmann.de\/web\/#organization\"},\"potentialAction\":[{\"@type\":\"SearchAction\",\"target\":{\"@type\":\"EntryPoint\",\"urlTemplate\":\"https:\/\/www.mettmann.de\/web\/?s={search_term_string}\"},\"query-input\":{\"@type\":\"PropertyValueSpecification\",\"valueRequired\":true,\"valueName\":\"search_term_string\"}}],\"inLanguage\":\"de\"},{\"@type\":\"Organization\",\"@id\":\"https:\/\/www.mettmann.de\/web\/#organization\",\"name\":\"Kreisstadt Mettmann\",\"url\":\"https:\/\/www.mettmann.de\/web\/\",\"logo\":{\"@type\":\"ImageObject\",\"inLanguage\":\"de\",\"@id\":\"https:\/\/www.mettmann.de\/web\/#\/schema\/logo\/image\/\",\"url\":\"https:\/\/www.mettmann.de\/web\/wp-content\/uploads\/2019\/08\/Kreisstadt_Mettmann_Logo_RGB_150dpi.png\",\"contentUrl\":\"https:\/\/www.mettmann.de\/web\/wp-content\/uploads\/2019\/08\/Kreisstadt_Mettmann_Logo_RGB_150dpi.png\",\"width\":1302,\"height\":191,\"caption\":\"Kreisstadt Mettmann\"},\"image\":{\"@id\":\"https:\/\/www.mettmann.de\/web\/#\/schema\/logo\/image\/\"},\"sameAs\":[\"https:\/\/www.facebook.com\/kreisstadt.mettmann\",\"https:\/\/de.wikipedia.org\/wiki\/Mettmann\"]}]}<\/script>\n<!-- \/ Yoast SEO plugin. -->","yoast_head_json":{"title":"B\u00fcrgerservice | Stadtverwaltung Mettmann","robots":{"index":"noindex","follow":"follow"},"og_locale":"de_DE","og_type":"article","og_title":"B\u00fcrgerservice | Stadtverwaltung Mettmann","og_description":"F\u00fcr den Besuch im B\u00fcrgerservice ist keine Terminabsprache notwendig. &nbsp; Zust\u00e4ndigkeiten An-, Ab- und Ummeldungen von Einwohnern An- und Abmelden von Hunden Antragsannahme in Ausl\u00e4nderangelegenheiten Antragsannahme f\u00fcr Einb\u00fcrgerungen (montags, dienstags und donnerstags von 8 &#8211;...","og_url":"https:\/\/www.mettmann.de\/web\/organisationsaufbau\/dezernat-1\/rechts-und-ordnungsamt\/buergerservice\/","og_site_name":"Stadtverwaltung Mettmann","article_publisher":"https:\/\/www.facebook.com\/kreisstadt.mettmann","article_modified_time":"2026-02-25T08:02:58+00:00","og_image":[{"width":1024,"height":576,"url":"https:\/\/www.mettmann.de\/web\/wp-content\/uploads\/2019\/08\/Pferdebrunnen-Mettmann_16-9-1024x576.jpg","type":"image\/jpeg"}],"twitter_card":"summary_large_image","twitter_misc":{"Gesch\u00e4tzte Lesezeit":"2\u00a0Minuten"},"schema":{"@context":"https:\/\/schema.org","@graph":[{"@type":"WebPage","@id":"https:\/\/www.mettmann.de\/web\/organisationsaufbau\/dezernat-1\/rechts-und-ordnungsamt\/buergerservice\/","url":"https:\/\/www.mettmann.de\/web\/organisationsaufbau\/dezernat-1\/rechts-und-ordnungsamt\/buergerservice\/","name":"B\u00fcrgerservice | Stadtverwaltung Mettmann","isPartOf":{"@id":"https:\/\/www.mettmann.de\/web\/#website"},"primaryImageOfPage":{"@id":"https:\/\/www.mettmann.de\/web\/organisationsaufbau\/dezernat-1\/rechts-und-ordnungsamt\/buergerservice\/#primaryimage"},"image":{"@id":"https:\/\/www.mettmann.de\/web\/organisationsaufbau\/dezernat-1\/rechts-und-ordnungsamt\/buergerservice\/#primaryimage"},"thumbnailUrl":"https:\/\/www.mettmann.de\/web\/wp-content\/uploads\/2019\/08\/Pferdebrunnen-Mettmann_16-9.jpg","datePublished":"2019-09-24T12:04:21+00:00","dateModified":"2026-02-25T08:02:58+00:00","breadcrumb":{"@id":"https:\/\/www.mettmann.de\/web\/organisationsaufbau\/dezernat-1\/rechts-und-ordnungsamt\/buergerservice\/#breadcrumb"},"inLanguage":"de","potentialAction":[{"@type":"ReadAction","target":["https:\/\/www.mettmann.de\/web\/organisationsaufbau\/dezernat-1\/rechts-und-ordnungsamt\/buergerservice\/"]}]},{"@type":"ImageObject","inLanguage":"de","@id":"https:\/\/www.mettmann.de\/web\/organisationsaufbau\/dezernat-1\/rechts-und-ordnungsamt\/buergerservice\/#primaryimage","url":"https:\/\/www.mettmann.de\/web\/wp-content\/uploads\/2019\/08\/Pferdebrunnen-Mettmann_16-9.jpg","contentUrl":"https:\/\/www.mettmann.de\/web\/wp-content\/uploads\/2019\/08\/Pferdebrunnen-Mettmann_16-9.jpg","width":3504,"height":1971,"caption":"Archivfoto: Kreisstadt Mettmann"},{"@type":"BreadcrumbList","@id":"https:\/\/www.mettmann.de\/web\/organisationsaufbau\/dezernat-1\/rechts-und-ordnungsamt\/buergerservice\/#breadcrumb","itemListElement":[{"@type":"ListItem","position":1,"name":"Startseite","item":"https:\/\/www.mettmann.de\/web\/"},{"@type":"ListItem","position":2,"name":"Stadtverwaltung","item":"https:\/\/www.mettmann.de\/web\/organisationsaufbau\/"},{"@type":"ListItem","position":3,"name":"Dezernat 1","item":"https:\/\/www.mettmann.de\/web\/organisationsaufbau\/dezernat-1\/"},{"@type":"ListItem","position":4,"name":"Amt f\u00fcr B\u00fcrgerservice und Ordnung","item":"https:\/\/www.mettmann.de\/web\/organisationsaufbau\/dezernat-1\/rechts-und-ordnungsamt\/"},{"@type":"ListItem","position":5,"name":"B\u00fcrgerservice"}]},{"@type":"WebSite","@id":"https:\/\/www.mettmann.de\/web\/#website","url":"https:\/\/www.mettmann.de\/web\/","name":"Stadtverwaltung Mettmann","description":"Internetseite der Kreisstadt Mettmann","publisher":{"@id":"https:\/\/www.mettmann.de\/web\/#organization"},"potentialAction":[{"@type":"SearchAction","target":{"@type":"EntryPoint","urlTemplate":"https:\/\/www.mettmann.de\/web\/?s={search_term_string}"},"query-input":{"@type":"PropertyValueSpecification","valueRequired":true,"valueName":"search_term_string"}}],"inLanguage":"de"},{"@type":"Organization","@id":"https:\/\/www.mettmann.de\/web\/#organization","name":"Kreisstadt Mettmann","url":"https:\/\/www.mettmann.de\/web\/","logo":{"@type":"ImageObject","inLanguage":"de","@id":"https:\/\/www.mettmann.de\/web\/#\/schema\/logo\/image\/","url":"https:\/\/www.mettmann.de\/web\/wp-content\/uploads\/2019\/08\/Kreisstadt_Mettmann_Logo_RGB_150dpi.png","contentUrl":"https:\/\/www.mettmann.de\/web\/wp-content\/uploads\/2019\/08\/Kreisstadt_Mettmann_Logo_RGB_150dpi.png","width":1302,"height":191,"caption":"Kreisstadt Mettmann"},"image":{"@id":"https:\/\/www.mettmann.de\/web\/#\/schema\/logo\/image\/"},"sameAs":["https:\/\/www.facebook.com\/kreisstadt.mettmann","https:\/\/de.wikipedia.org\/wiki\/Mettmann"]}]}},"_links":{"self":[{"href":"https:\/\/www.mettmann.de\/web\/wp-json\/wp\/v2\/pages\/1126","targetHints":{"allow":["GET"]}}],"collection":[{"href":"https:\/\/www.mettmann.de\/web\/wp-json\/wp\/v2\/pages"}],"about":[{"href":"https:\/\/www.mettmann.de\/web\/wp-json\/wp\/v2\/types\/page"}],"author":[{"embeddable":true,"href":"https:\/\/www.mettmann.de\/web\/wp-json\/wp\/v2\/users\/1"}],"replies":[{"embeddable":true,"href":"https:\/\/www.mettmann.de\/web\/wp-json\/wp\/v2\/comments?post=1126"}],"version-history":[{"count":95,"href":"https:\/\/www.mettmann.de\/web\/wp-json\/wp\/v2\/pages\/1126\/revisions"}],"predecessor-version":[{"id":58656,"href":"https:\/\/www.mettmann.de\/web\/wp-json\/wp\/v2\/pages\/1126\/revisions\/58656"}],"up":[{"embeddable":true,"href":"https:\/\/www.mettmann.de\/web\/wp-json\/wp\/v2\/pages\/917"}],"wp:featuredmedia":[{"embeddable":true,"href":"https:\/\/www.mettmann.de\/web\/wp-json\/wp\/v2\/media\/532"}],"wp:attachment":[{"href":"https:\/\/www.mettmann.de\/web\/wp-json\/wp\/v2\/media?parent=1126"}],"curies":[{"name":"wp","href":"https:\/\/api.w.org\/{rel}","templated":true}]}}