{"id":11864,"date":"2021-04-08T12:20:39","date_gmt":"2021-04-08T10:20:39","guid":{"rendered":"https:\/\/www.mettmann.de\/web\/?page_id=11864"},"modified":"2021-04-13T15:20:41","modified_gmt":"2021-04-13T13:20:41","slug":"sofortprogramm-des-landes-nrw-zur-staerkung-von-innenstaedten-und-zentren","status":"publish","type":"page","link":"https:\/\/www.mettmann.de\/web\/wirtschaftsfoerderung\/aktuelles-aus-der-wirtschaftsfoerderung\/sofortprogramm-des-landes-nrw-zur-staerkung-von-innenstaedten-und-zentren\/","title":{"rendered":"Aktuelle Informationen &#8211; F\u00f6rderprogramm Innenstadt"},"content":{"rendered":"<div id=\"attachment_8655\" style=\"width: 2570px\" class=\"wp-caption alignright\"><a href=\"https:\/\/www.mettmann.de\/web\/wp-content\/uploads\/2020\/11\/Luftaufnahme-Jubi-Innenstadt2-scaled.jpg\"><img loading=\"lazy\" decoding=\"async\" aria-describedby=\"caption-attachment-8655\" class=\"size-full wp-image-8655\" src=\"https:\/\/www.mettmann.de\/web\/wp-content\/uploads\/2020\/11\/Luftaufnahme-Jubi-Innenstadt2-scaled.jpg\" alt=\"Jubil\u00e4umsplatz (Luftaufnahme)\" width=\"2560\" height=\"1440\" srcset=\"https:\/\/www.mettmann.de\/web\/wp-content\/uploads\/2020\/11\/Luftaufnahme-Jubi-Innenstadt2-scaled.jpg 2560w, https:\/\/www.mettmann.de\/web\/wp-content\/uploads\/2020\/11\/Luftaufnahme-Jubi-Innenstadt2-300x169.jpg 300w, https:\/\/www.mettmann.de\/web\/wp-content\/uploads\/2020\/11\/Luftaufnahme-Jubi-Innenstadt2-1024x576.jpg 1024w, https:\/\/www.mettmann.de\/web\/wp-content\/uploads\/2020\/11\/Luftaufnahme-Jubi-Innenstadt2-768x432.jpg 768w, https:\/\/www.mettmann.de\/web\/wp-content\/uploads\/2020\/11\/Luftaufnahme-Jubi-Innenstadt2-1536x864.jpg 1536w, https:\/\/www.mettmann.de\/web\/wp-content\/uploads\/2020\/11\/Luftaufnahme-Jubi-Innenstadt2-2048x1152.jpg 2048w, https:\/\/www.mettmann.de\/web\/wp-content\/uploads\/2020\/11\/Luftaufnahme-Jubi-Innenstadt2-777x437.jpg 777w, https:\/\/www.mettmann.de\/web\/wp-content\/uploads\/2020\/11\/Luftaufnahme-Jubi-Innenstadt2-260x146.jpg 260w, https:\/\/www.mettmann.de\/web\/wp-content\/uploads\/2020\/11\/Luftaufnahme-Jubi-Innenstadt2-120x67.jpg 120w\" sizes=\"auto, (max-width: 2560px) 100vw, 2560px\" \/><\/a><p id=\"caption-attachment-8655\" class=\"wp-caption-text\">Blick auf die Innenstadt. (Foto: Kreisstadt Mettmann)<\/p><\/div>\n<p>17.11.2020<\/p>\n<h2 class=\"entry-title\" data-da-header=\"true\" data-da-id=\"298\" data-da-next=\"299\" data-da-prev=\"297\" data-da-focused=\"false\" data-da-down=\"299\" data-da-right=\"360\" data-da-up=\"297\">Sofortprogramm zur St\u00e4rkung der Innenst\u00e4dte<\/h2>\n<p>Die Kreisstadt Mettmann erh\u00e4lt aus dem Sofortprogramm des Landes NRW zur St\u00e4rkung von Innenst\u00e4dten und Zentren 123.493 Euro. Dies teilt der Landtagsabgeordnete Martin Str\u00e4\u00dfer mit<\/p>\n<p>Mettmanns Wirtschaftsf\u00f6rderer Stephan Reichstein hatte einen entsprechenden F\u00f6rderantrag f\u00fcr das Projekt \u201eMettmann handelt\u201c eingereicht. Mit dem Geld kann die Stadt beispielsweise leerstehende Ladenlokale selbst anmieten, sie weitervermieten und so Perspektiven f\u00fcr eine Nachnutzung von Leerst\u00e4nden entwickeln. Die Landesf\u00f6rderung wird von der Stadt als Mietminderung an die Nutzer leerstehender Ladenlokale weitergegeben.<\/p>\n<p>\u201eMit dem Projekt wollen wir die Innenstadt st\u00e4rken und Kunden anlocken. Davon wird letztlich der gesamte Einzelhandel, der durch die Corona-Pandemie erhebliche Einbu\u00dfen verzeichnet, profitieren\u201c, sagt B\u00fcrgermeisterin Sandra Pietschmann.<\/p>\n<p>Neben sogenannten Start-up-Stores mit neuen Gesch\u00e4ftsideen k\u00f6nnten in Ladenlokalen regionale landwirtschaftliche Erzeugnisse oder Produkte aus der Region verkauft werden. Wirtschaftsf\u00f6rderer Reichstein m\u00f6chte aber auch eine \u201eAu\u00dfenstelle\u201c der Stabsstelle Stadtmarketing und Wirtschaftsf\u00f6rderung in der Innenstadt einrichten. Dort sollen Mitarbeiter der Verwaltung Interessenten f\u00fcr leerstehende Ladenlokale sowie den Innenstadtakteuren vor Ort zur Verf\u00fcgung stehen. Die \u00d6ffnungszeiten sollen sich an den Gesch\u00e4ftszeiten des Handels orientieren. Gleichzeitig k\u00f6nnten die Mitarbeiter des \u201eStadtmarketing-Au\u00dfenstelle\u201c eine E-Bike-Station betreiben.<\/p>\n<p>Im Zuge dieses Projekts k\u00f6nnen vor Ort Beratungsgespr\u00e4che gef\u00fchrt und Workshops angeboten werden. Eine Begleitung w\u00fcrde nicht nur durch die Stadtverwaltung, sondern auch durch Institutionen wie dem Handelsverband NRW, die IHK sowie durch die Werbegemeinschaften \u201eShop Kultur ME\u201c und \u201eMettmann Impulse\u201c erfolgen.<\/p>\n<p>Die Anmietung von Ladenlokalen soll ab Mitte 2021 erfolgen, die Vorbereitungen sind bereits angelaufen. Die Stabstelle Stadtmarketing und Wirtschaftsf\u00f6rderung hat erste Gespr\u00e4che mit Hauseigent\u00fcmern gef\u00fchrt und steht f\u00fcr Gespr\u00e4che mit weiteren Hauseigent\u00fcmern zur Verf\u00fcgung.<\/p>\n<p>\u201eDies wird der Innenstadt neue Impulse geben, die Zusammenarbeit zwischen dem \u00f6rtlichen Einzelhandel, der Stadtverwaltung und Hauseigent\u00fcmern st\u00e4rken und das Angebot in der Stadt nachhaltig verbessern\u201c, ist B\u00fcrgermeisterin Sandra Pietschmann \u00fcberzeugt.<\/p>\n<p>&nbsp;<\/p>\n<blockquote><p><a href=\"https:\/\/www.mettmann.de\/web\/?page_id=11433\"><strong>\u00dcbersicht &#8222;Aktuelles aus der Stabsstelle Stadtmarketing &amp; Wirtschaftsf\u00f6rderung&#8220;<\/strong><\/a><\/p><\/blockquote>\n","protected":false},"excerpt":{"rendered":"<p>17.11.2020 Sofortprogramm zur St\u00e4rkung der Innenst\u00e4dte Die Kreisstadt Mettmann erh\u00e4lt aus dem Sofortprogramm des Landes NRW zur St\u00e4rkung von Innenst\u00e4dten und Zentren 123.493 Euro. Dies teilt der Landtagsabgeordnete Martin Str\u00e4\u00dfer mit Mettmanns Wirtschaftsf\u00f6rderer Stephan Reichstein&#8230;<\/p>\n","protected":false},"author":3,"featured_media":8655,"parent":11433,"menu_order":1,"comment_status":"closed","ping_status":"closed","template":"","meta":{"ngg_post_thumbnail":0,"footnotes":""},"class_list":["post-11864","page","type-page","status-publish","has-post-thumbnail","hentry"],"yoast_head":"<!-- This site is optimized with the Yoast SEO plugin v27.2 - https:\/\/yoast.com\/product\/yoast-seo-wordpress\/ -->\n<title>Aktuelle Informationen - F\u00f6rderprogramm Innenstadt | Stadtverwaltung Mettmann<\/title>\n<meta name=\"robots\" content=\"index, follow, max-snippet:-1, max-image-preview:large, max-video-preview:-1\" \/>\n<link rel=\"canonical\" href=\"https:\/\/www.mettmann.de\/web\/wirtschaftsfoerderung\/aktuelles-aus-der-wirtschaftsfoerderung\/sofortprogramm-des-landes-nrw-zur-staerkung-von-innenstaedten-und-zentren\/\" \/>\n<meta property=\"og:locale\" content=\"de_DE\" \/>\n<meta property=\"og:type\" content=\"article\" \/>\n<meta property=\"og:title\" content=\"Aktuelle Informationen - F\u00f6rderprogramm Innenstadt | Stadtverwaltung Mettmann\" \/>\n<meta property=\"og:description\" content=\"17.11.2020 Sofortprogramm zur St\u00e4rkung der Innenst\u00e4dte Die Kreisstadt Mettmann erh\u00e4lt aus dem Sofortprogramm des Landes NRW zur St\u00e4rkung von Innenst\u00e4dten und Zentren 123.493 Euro. Dies teilt der Landtagsabgeordnete Martin Str\u00e4\u00dfer mit Mettmanns Wirtschaftsf\u00f6rderer Stephan Reichstein...\" \/>\n<meta property=\"og:url\" content=\"https:\/\/www.mettmann.de\/web\/wirtschaftsfoerderung\/aktuelles-aus-der-wirtschaftsfoerderung\/sofortprogramm-des-landes-nrw-zur-staerkung-von-innenstaedten-und-zentren\/\" \/>\n<meta property=\"og:site_name\" content=\"Stadtverwaltung Mettmann\" \/>\n<meta property=\"article:publisher\" content=\"https:\/\/www.facebook.com\/kreisstadt.mettmann\" \/>\n<meta property=\"article:modified_time\" content=\"2021-04-13T13:20:41+00:00\" \/>\n<meta property=\"og:image\" content=\"https:\/\/www.mettmann.de\/web\/wp-content\/uploads\/2020\/11\/Luftaufnahme-Jubi-Innenstadt2-scaled.jpg\" \/>\n\t<meta property=\"og:image:width\" content=\"2560\" \/>\n\t<meta property=\"og:image:height\" content=\"1440\" \/>\n\t<meta property=\"og:image:type\" content=\"image\/jpeg\" \/>\n<meta name=\"twitter:card\" content=\"summary_large_image\" \/>\n<meta name=\"twitter:label1\" content=\"Gesch\u00e4tzte Lesezeit\" \/>\n\t<meta name=\"twitter:data1\" content=\"2\u00a0Minuten\" \/>\n<script type=\"application\/ld+json\" class=\"yoast-schema-graph\">{\"@context\":\"https:\/\/schema.org\",\"@graph\":[{\"@type\":\"WebPage\",\"@id\":\"https:\/\/www.mettmann.de\/web\/wirtschaftsfoerderung\/aktuelles-aus-der-wirtschaftsfoerderung\/sofortprogramm-des-landes-nrw-zur-staerkung-von-innenstaedten-und-zentren\/\",\"url\":\"https:\/\/www.mettmann.de\/web\/wirtschaftsfoerderung\/aktuelles-aus-der-wirtschaftsfoerderung\/sofortprogramm-des-landes-nrw-zur-staerkung-von-innenstaedten-und-zentren\/\",\"name\":\"Aktuelle Informationen - F\u00f6rderprogramm Innenstadt | Stadtverwaltung Mettmann\",\"isPartOf\":{\"@id\":\"https:\/\/www.mettmann.de\/web\/#website\"},\"primaryImageOfPage\":{\"@id\":\"https:\/\/www.mettmann.de\/web\/wirtschaftsfoerderung\/aktuelles-aus-der-wirtschaftsfoerderung\/sofortprogramm-des-landes-nrw-zur-staerkung-von-innenstaedten-und-zentren\/#primaryimage\"},\"image\":{\"@id\":\"https:\/\/www.mettmann.de\/web\/wirtschaftsfoerderung\/aktuelles-aus-der-wirtschaftsfoerderung\/sofortprogramm-des-landes-nrw-zur-staerkung-von-innenstaedten-und-zentren\/#primaryimage\"},\"thumbnailUrl\":\"https:\/\/www.mettmann.de\/web\/wp-content\/uploads\/2020\/11\/Luftaufnahme-Jubi-Innenstadt2-scaled.jpg\",\"datePublished\":\"2021-04-08T10:20:39+00:00\",\"dateModified\":\"2021-04-13T13:20:41+00:00\",\"breadcrumb\":{\"@id\":\"https:\/\/www.mettmann.de\/web\/wirtschaftsfoerderung\/aktuelles-aus-der-wirtschaftsfoerderung\/sofortprogramm-des-landes-nrw-zur-staerkung-von-innenstaedten-und-zentren\/#breadcrumb\"},\"inLanguage\":\"de\",\"potentialAction\":[{\"@type\":\"ReadAction\",\"target\":[\"https:\/\/www.mettmann.de\/web\/wirtschaftsfoerderung\/aktuelles-aus-der-wirtschaftsfoerderung\/sofortprogramm-des-landes-nrw-zur-staerkung-von-innenstaedten-und-zentren\/\"]}]},{\"@type\":\"ImageObject\",\"inLanguage\":\"de\",\"@id\":\"https:\/\/www.mettmann.de\/web\/wirtschaftsfoerderung\/aktuelles-aus-der-wirtschaftsfoerderung\/sofortprogramm-des-landes-nrw-zur-staerkung-von-innenstaedten-und-zentren\/#primaryimage\",\"url\":\"https:\/\/www.mettmann.de\/web\/wp-content\/uploads\/2020\/11\/Luftaufnahme-Jubi-Innenstadt2-scaled.jpg\",\"contentUrl\":\"https:\/\/www.mettmann.de\/web\/wp-content\/uploads\/2020\/11\/Luftaufnahme-Jubi-Innenstadt2-scaled.jpg\",\"width\":2560,\"height\":1440,\"caption\":\"Blick auf den Jubil\u00e4umsplatz. (Archivfoto: Kreisstadt Mettmann)\"},{\"@type\":\"BreadcrumbList\",\"@id\":\"https:\/\/www.mettmann.de\/web\/wirtschaftsfoerderung\/aktuelles-aus-der-wirtschaftsfoerderung\/sofortprogramm-des-landes-nrw-zur-staerkung-von-innenstaedten-und-zentren\/#breadcrumb\",\"itemListElement\":[{\"@type\":\"ListItem\",\"position\":1,\"name\":\"Startseite\",\"item\":\"https:\/\/www.mettmann.de\/web\/\"},{\"@type\":\"ListItem\",\"position\":2,\"name\":\"Wirtschaftsf\u00f6rderung und Stadtmarketing\",\"item\":\"https:\/\/www.mettmann.de\/web\/wirtschaftsfoerderung\/\"},{\"@type\":\"ListItem\",\"position\":3,\"name\":\"Aktuelle Informationen f\u00fcr Unternehmen\",\"item\":\"https:\/\/www.mettmann.de\/web\/wirtschaftsfoerderung\/aktuelles-aus-der-wirtschaftsfoerderung\/\"},{\"@type\":\"ListItem\",\"position\":4,\"name\":\"Aktuelle Informationen &#8211; F\u00f6rderprogramm Innenstadt\"}]},{\"@type\":\"WebSite\",\"@id\":\"https:\/\/www.mettmann.de\/web\/#website\",\"url\":\"https:\/\/www.mettmann.de\/web\/\",\"name\":\"Stadtverwaltung Mettmann\",\"description\":\"Internetseite der Kreisstadt Mettmann\",\"publisher\":{\"@id\":\"https:\/\/www.mettmann.de\/web\/#organization\"},\"potentialAction\":[{\"@type\":\"SearchAction\",\"target\":{\"@type\":\"EntryPoint\",\"urlTemplate\":\"https:\/\/www.mettmann.de\/web\/?s={search_term_string}\"},\"query-input\":{\"@type\":\"PropertyValueSpecification\",\"valueRequired\":true,\"valueName\":\"search_term_string\"}}],\"inLanguage\":\"de\"},{\"@type\":\"Organization\",\"@id\":\"https:\/\/www.mettmann.de\/web\/#organization\",\"name\":\"Kreisstadt Mettmann\",\"url\":\"https:\/\/www.mettmann.de\/web\/\",\"logo\":{\"@type\":\"ImageObject\",\"inLanguage\":\"de\",\"@id\":\"https:\/\/www.mettmann.de\/web\/#\/schema\/logo\/image\/\",\"url\":\"https:\/\/www.mettmann.de\/web\/wp-content\/uploads\/2019\/08\/Kreisstadt_Mettmann_Logo_RGB_150dpi.png\",\"contentUrl\":\"https:\/\/www.mettmann.de\/web\/wp-content\/uploads\/2019\/08\/Kreisstadt_Mettmann_Logo_RGB_150dpi.png\",\"width\":1302,\"height\":191,\"caption\":\"Kreisstadt Mettmann\"},\"image\":{\"@id\":\"https:\/\/www.mettmann.de\/web\/#\/schema\/logo\/image\/\"},\"sameAs\":[\"https:\/\/www.facebook.com\/kreisstadt.mettmann\",\"https:\/\/de.wikipedia.org\/wiki\/Mettmann\"]}]}<\/script>\n<!-- \/ Yoast SEO plugin. -->","yoast_head_json":{"title":"Aktuelle Informationen - F\u00f6rderprogramm Innenstadt | Stadtverwaltung Mettmann","robots":{"index":"index","follow":"follow","max-snippet":"max-snippet:-1","max-image-preview":"max-image-preview:large","max-video-preview":"max-video-preview:-1"},"canonical":"https:\/\/www.mettmann.de\/web\/wirtschaftsfoerderung\/aktuelles-aus-der-wirtschaftsfoerderung\/sofortprogramm-des-landes-nrw-zur-staerkung-von-innenstaedten-und-zentren\/","og_locale":"de_DE","og_type":"article","og_title":"Aktuelle Informationen - F\u00f6rderprogramm Innenstadt | Stadtverwaltung Mettmann","og_description":"17.11.2020 Sofortprogramm zur St\u00e4rkung der Innenst\u00e4dte Die Kreisstadt Mettmann erh\u00e4lt aus dem Sofortprogramm des Landes NRW zur St\u00e4rkung von Innenst\u00e4dten und Zentren 123.493 Euro. Dies teilt der Landtagsabgeordnete Martin Str\u00e4\u00dfer mit Mettmanns Wirtschaftsf\u00f6rderer Stephan Reichstein...","og_url":"https:\/\/www.mettmann.de\/web\/wirtschaftsfoerderung\/aktuelles-aus-der-wirtschaftsfoerderung\/sofortprogramm-des-landes-nrw-zur-staerkung-von-innenstaedten-und-zentren\/","og_site_name":"Stadtverwaltung Mettmann","article_publisher":"https:\/\/www.facebook.com\/kreisstadt.mettmann","article_modified_time":"2021-04-13T13:20:41+00:00","og_image":[{"width":2560,"height":1440,"url":"https:\/\/www.mettmann.de\/web\/wp-content\/uploads\/2020\/11\/Luftaufnahme-Jubi-Innenstadt2-scaled.jpg","type":"image\/jpeg"}],"twitter_card":"summary_large_image","twitter_misc":{"Gesch\u00e4tzte Lesezeit":"2\u00a0Minuten"},"schema":{"@context":"https:\/\/schema.org","@graph":[{"@type":"WebPage","@id":"https:\/\/www.mettmann.de\/web\/wirtschaftsfoerderung\/aktuelles-aus-der-wirtschaftsfoerderung\/sofortprogramm-des-landes-nrw-zur-staerkung-von-innenstaedten-und-zentren\/","url":"https:\/\/www.mettmann.de\/web\/wirtschaftsfoerderung\/aktuelles-aus-der-wirtschaftsfoerderung\/sofortprogramm-des-landes-nrw-zur-staerkung-von-innenstaedten-und-zentren\/","name":"Aktuelle Informationen - F\u00f6rderprogramm Innenstadt | Stadtverwaltung Mettmann","isPartOf":{"@id":"https:\/\/www.mettmann.de\/web\/#website"},"primaryImageOfPage":{"@id":"https:\/\/www.mettmann.de\/web\/wirtschaftsfoerderung\/aktuelles-aus-der-wirtschaftsfoerderung\/sofortprogramm-des-landes-nrw-zur-staerkung-von-innenstaedten-und-zentren\/#primaryimage"},"image":{"@id":"https:\/\/www.mettmann.de\/web\/wirtschaftsfoerderung\/aktuelles-aus-der-wirtschaftsfoerderung\/sofortprogramm-des-landes-nrw-zur-staerkung-von-innenstaedten-und-zentren\/#primaryimage"},"thumbnailUrl":"https:\/\/www.mettmann.de\/web\/wp-content\/uploads\/2020\/11\/Luftaufnahme-Jubi-Innenstadt2-scaled.jpg","datePublished":"2021-04-08T10:20:39+00:00","dateModified":"2021-04-13T13:20:41+00:00","breadcrumb":{"@id":"https:\/\/www.mettmann.de\/web\/wirtschaftsfoerderung\/aktuelles-aus-der-wirtschaftsfoerderung\/sofortprogramm-des-landes-nrw-zur-staerkung-von-innenstaedten-und-zentren\/#breadcrumb"},"inLanguage":"de","potentialAction":[{"@type":"ReadAction","target":["https:\/\/www.mettmann.de\/web\/wirtschaftsfoerderung\/aktuelles-aus-der-wirtschaftsfoerderung\/sofortprogramm-des-landes-nrw-zur-staerkung-von-innenstaedten-und-zentren\/"]}]},{"@type":"ImageObject","inLanguage":"de","@id":"https:\/\/www.mettmann.de\/web\/wirtschaftsfoerderung\/aktuelles-aus-der-wirtschaftsfoerderung\/sofortprogramm-des-landes-nrw-zur-staerkung-von-innenstaedten-und-zentren\/#primaryimage","url":"https:\/\/www.mettmann.de\/web\/wp-content\/uploads\/2020\/11\/Luftaufnahme-Jubi-Innenstadt2-scaled.jpg","contentUrl":"https:\/\/www.mettmann.de\/web\/wp-content\/uploads\/2020\/11\/Luftaufnahme-Jubi-Innenstadt2-scaled.jpg","width":2560,"height":1440,"caption":"Blick auf den Jubil\u00e4umsplatz. (Archivfoto: Kreisstadt Mettmann)"},{"@type":"BreadcrumbList","@id":"https:\/\/www.mettmann.de\/web\/wirtschaftsfoerderung\/aktuelles-aus-der-wirtschaftsfoerderung\/sofortprogramm-des-landes-nrw-zur-staerkung-von-innenstaedten-und-zentren\/#breadcrumb","itemListElement":[{"@type":"ListItem","position":1,"name":"Startseite","item":"https:\/\/www.mettmann.de\/web\/"},{"@type":"ListItem","position":2,"name":"Wirtschaftsf\u00f6rderung und Stadtmarketing","item":"https:\/\/www.mettmann.de\/web\/wirtschaftsfoerderung\/"},{"@type":"ListItem","position":3,"name":"Aktuelle Informationen f\u00fcr Unternehmen","item":"https:\/\/www.mettmann.de\/web\/wirtschaftsfoerderung\/aktuelles-aus-der-wirtschaftsfoerderung\/"},{"@type":"ListItem","position":4,"name":"Aktuelle Informationen &#8211; F\u00f6rderprogramm Innenstadt"}]},{"@type":"WebSite","@id":"https:\/\/www.mettmann.de\/web\/#website","url":"https:\/\/www.mettmann.de\/web\/","name":"Stadtverwaltung Mettmann","description":"Internetseite der Kreisstadt Mettmann","publisher":{"@id":"https:\/\/www.mettmann.de\/web\/#organization"},"potentialAction":[{"@type":"SearchAction","target":{"@type":"EntryPoint","urlTemplate":"https:\/\/www.mettmann.de\/web\/?s={search_term_string}"},"query-input":{"@type":"PropertyValueSpecification","valueRequired":true,"valueName":"search_term_string"}}],"inLanguage":"de"},{"@type":"Organization","@id":"https:\/\/www.mettmann.de\/web\/#organization","name":"Kreisstadt Mettmann","url":"https:\/\/www.mettmann.de\/web\/","logo":{"@type":"ImageObject","inLanguage":"de","@id":"https:\/\/www.mettmann.de\/web\/#\/schema\/logo\/image\/","url":"https:\/\/www.mettmann.de\/web\/wp-content\/uploads\/2019\/08\/Kreisstadt_Mettmann_Logo_RGB_150dpi.png","contentUrl":"https:\/\/www.mettmann.de\/web\/wp-content\/uploads\/2019\/08\/Kreisstadt_Mettmann_Logo_RGB_150dpi.png","width":1302,"height":191,"caption":"Kreisstadt Mettmann"},"image":{"@id":"https:\/\/www.mettmann.de\/web\/#\/schema\/logo\/image\/"},"sameAs":["https:\/\/www.facebook.com\/kreisstadt.mettmann","https:\/\/de.wikipedia.org\/wiki\/Mettmann"]}]}},"_links":{"self":[{"href":"https:\/\/www.mettmann.de\/web\/wp-json\/wp\/v2\/pages\/11864","targetHints":{"allow":["GET"]}}],"collection":[{"href":"https:\/\/www.mettmann.de\/web\/wp-json\/wp\/v2\/pages"}],"about":[{"href":"https:\/\/www.mettmann.de\/web\/wp-json\/wp\/v2\/types\/page"}],"author":[{"embeddable":true,"href":"https:\/\/www.mettmann.de\/web\/wp-json\/wp\/v2\/users\/3"}],"replies":[{"embeddable":true,"href":"https:\/\/www.mettmann.de\/web\/wp-json\/wp\/v2\/comments?post=11864"}],"version-history":[{"count":11,"href":"https:\/\/www.mettmann.de\/web\/wp-json\/wp\/v2\/pages\/11864\/revisions"}],"predecessor-version":[{"id":12055,"href":"https:\/\/www.mettmann.de\/web\/wp-json\/wp\/v2\/pages\/11864\/revisions\/12055"}],"up":[{"embeddable":true,"href":"https:\/\/www.mettmann.de\/web\/wp-json\/wp\/v2\/pages\/11433"}],"wp:featuredmedia":[{"embeddable":true,"href":"https:\/\/www.mettmann.de\/web\/wp-json\/wp\/v2\/media\/8655"}],"wp:attachment":[{"href":"https:\/\/www.mettmann.de\/web\/wp-json\/wp\/v2\/media?parent=11864"}],"curies":[{"name":"wp","href":"https:\/\/api.w.org\/{rel}","templated":true}]}}