{"id":1198,"date":"2019-09-25T11:00:41","date_gmt":"2019-09-25T09:00:41","guid":{"rendered":"https:\/\/www.mettmann.de\/web\/?page_id=1198"},"modified":"2025-12-23T09:05:30","modified_gmt":"2025-12-23T08:05:30","slug":"stadtkasse","status":"publish","type":"page","link":"https:\/\/www.mettmann.de\/web\/organisationsaufbau\/dezernat-1-2\/stadtkasse-und-steueramt\/stadtkasse\/","title":{"rendered":"Stadtkasse"},"content":{"rendered":"<h3>Zust\u00e4ndigkeiten<\/h3>\n<ul>\n<li>Gesch\u00e4ftsbuchf\u00fchrung<\/li>\n<li>Zahlungsverkehr<\/li>\n<li>Vollstreckung<\/li>\n<\/ul>\n<h3>Anschrift<\/h3>\n<p class=\"eingerueckt40\"><strong>Stadtverwaltung Mettmann<\/strong><br \/>\nStadtkasse<br \/>\nNeanderstr. 85<br \/>\n40822 Mettmann<\/p>\n<p class=\"eingerueckt40\">Fax: 02104 \/ 980-731<\/p>\n<p class=\"eingerueckt40\">E-Mail: <a href=\"mailto:stadtkasse@mettmann.de\">stadtkasse@mettmann.de<\/a><\/p>\n<h3>Abteilungsleitung<\/h3>\n<p class=\"eingerueckt40\"><a href=\"mailto:thomas.heller@mettmann.de\" target=\"_blank\" rel=\"noopener\">Thomas Heller<\/a> &#8211; Telefon: 02104 \/ 980-500<\/p>\n<h3>Mitarbeiter\/innen<\/h3>\n<p class=\"adressen\">Christiane Becker &#8211; Telefon: 02104 \/ 980-508<br \/>\nDoreen Becker \u2013 Telefon: 02104 \/ 980-506<br \/>\nCornelia Deminger &#8211; Telefon: 02104 \/ 980-511<br \/>\nAlexandra Eirich &#8211; Telefon: 02104 \/ 980-509<br \/>\nV. Frerks &#8211; Telefon: 02104 \/ 980-512<br \/>\nPhillip Knoop \u2013 Telefon: 02104 \/ 980-503<br \/>\nKarin Liedtke &#8211; Telefon: 02104 \/ 980-501<br \/>\nUlrike Meiswinkel-Erkens: Telefon: 02104 \/ 980-504<br \/>\nA. M\u00fcller &#8211; Telefon: 02104 \/ 980-514<br \/>\nManuel Nollen \u2013 Telefon: 02104 \/ 980-507<br \/>\nDamla Okcu &#8211; Telefon: 02104 \/ 980-510<br \/>\nS. Ruf &#8211; Telefon: 02104 \/ 980-513<br \/>\nJenny Sarabi &#8211; Telefon: 02104 \/ 980-502<br \/>\nNajat Serriye \u2013 Telefon: 02104 \/ 980-505<\/p>\n<h3>Erreichbarkeit<\/h3>\n<p class=\"eingerueckt40\">montags bis freitags: 9.00 Uhr &#8211; 12.00 Uhr<br \/>\nmontags bis mittwochs: 14.00 Uhr &#8211; 15.30 Uhr<br \/>\ndonnerstags: 14.00 Uhr &#8211; 17.30 Uhr<\/p>\n<p class=\"eingerueckt40\">Gerne vereinbaren wir nach telefonischer Absprache auch au\u00dferhalb dieser Zeiten einen Termin.<\/p>\n<h3>Weitere Informationen<\/h3>\n<ul>\n<li><a href=\"https:\/\/www.mettmann.de\/web\/wp-content\/uploads\/2025\/12\/SEPA-Lastschriftmandat_12-2025.pdf\" target=\"_blank\" rel=\"noopener\">Lastschriftmandat SEPA (Einzugserm\u00e4chtigung)<\/a><\/li>\n<li><a href=\"https:\/\/www.mettmann.de\/web\/wp-content\/uploads\/2025\/11\/Art.-13-DSGVO-Info-Vollstreckung.pdf\" target=\"_blank\" rel=\"noopener\">Info Vollstreckung<\/a><\/li>\n<li><a href=\"https:\/\/www.mettmann.de\/web\/wp-content\/uploads\/2025\/12\/Art.-13-DSGVO-Info-Erhebung-Steuern-und-Abgaben.pdf\" target=\"_blank\" rel=\"noopener\">Info Erhebung Steuern und Abgaben<\/a><\/li>\n<li><a href=\"https:\/\/www.mettmann.de\/web\/wp-content\/uploads\/2025\/11\/Art.-13-DSGVO-Info-Zahlungsverkehr.pdf\" target=\"_blank\" rel=\"noopener\">Info Zahlungsverkehr<\/a><\/li>\n<\/ul>\n<p>&nbsp;<\/p>\n","protected":false},"excerpt":{"rendered":"<p>Zust\u00e4ndigkeiten Gesch\u00e4ftsbuchf\u00fchrung Zahlungsverkehr Vollstreckung Anschrift Stadtverwaltung Mettmann Stadtkasse Neanderstr. 85 40822 Mettmann Fax: 02104 \/ 980-731 E-Mail: stadtkasse@mettmann.de Abteilungsleitung Thomas Heller &#8211; Telefon: 02104 \/ 980-500 Mitarbeiter\/innen Christiane Becker &#8211; Telefon: 02104 \/ 980-508 Doreen&#8230;<\/p>\n","protected":false},"author":1,"featured_media":348,"parent":1197,"menu_order":0,"comment_status":"closed","ping_status":"closed","template":"","meta":{"ngg_post_thumbnail":0,"footnotes":""},"class_list":["post-1198","page","type-page","status-publish","has-post-thumbnail","hentry"],"yoast_head":"<!-- This site is optimized with the Yoast SEO plugin v27.2 - https:\/\/yoast.com\/product\/yoast-seo-wordpress\/ -->\n<title>Stadtkasse | Stadtverwaltung Mettmann<\/title>\n<meta name=\"description\" content=\"Informationen und Kontaktdaten der Stadtkasse Mettmann. Bei einem Anliegen vereinbaren Sie bitte vorab einen Termin.\" \/>\n<meta name=\"robots\" content=\"noindex, follow\" \/>\n<meta property=\"og:locale\" content=\"de_DE\" \/>\n<meta property=\"og:type\" content=\"article\" \/>\n<meta property=\"og:title\" content=\"Stadtkasse | Stadtverwaltung Mettmann\" \/>\n<meta property=\"og:description\" content=\"Informationen und Kontaktdaten der Stadtkasse Mettmann. Bei einem Anliegen vereinbaren Sie bitte vorab einen Termin.\" \/>\n<meta property=\"og:url\" content=\"https:\/\/www.mettmann.de\/web\/organisationsaufbau\/dezernat-1-2\/stadtkasse-und-steueramt\/stadtkasse\/\" \/>\n<meta property=\"og:site_name\" content=\"Stadtverwaltung Mettmann\" \/>\n<meta property=\"article:publisher\" content=\"https:\/\/www.facebook.com\/kreisstadt.mettmann\" \/>\n<meta property=\"article:modified_time\" content=\"2025-12-23T08:05:30+00:00\" \/>\n<meta property=\"og:image\" content=\"https:\/\/www.mettmann.de\/web\/wp-content\/uploads\/2019\/08\/finanzen.jpg\" \/>\n\t<meta property=\"og:image:width\" content=\"1280\" \/>\n\t<meta property=\"og:image:height\" content=\"853\" \/>\n\t<meta property=\"og:image:type\" content=\"image\/jpeg\" \/>\n<meta name=\"twitter:card\" content=\"summary_large_image\" \/>\n<meta name=\"twitter:label1\" content=\"Gesch\u00e4tzte Lesezeit\" \/>\n\t<meta name=\"twitter:data1\" content=\"2\u00a0Minuten\" \/>\n<script type=\"application\/ld+json\" class=\"yoast-schema-graph\">{\"@context\":\"https:\/\/schema.org\",\"@graph\":[{\"@type\":\"WebPage\",\"@id\":\"https:\/\/www.mettmann.de\/web\/organisationsaufbau\/dezernat-1-2\/stadtkasse-und-steueramt\/stadtkasse\/\",\"url\":\"https:\/\/www.mettmann.de\/web\/organisationsaufbau\/dezernat-1-2\/stadtkasse-und-steueramt\/stadtkasse\/\",\"name\":\"Stadtkasse | Stadtverwaltung Mettmann\",\"isPartOf\":{\"@id\":\"https:\/\/www.mettmann.de\/web\/#website\"},\"primaryImageOfPage\":{\"@id\":\"https:\/\/www.mettmann.de\/web\/organisationsaufbau\/dezernat-1-2\/stadtkasse-und-steueramt\/stadtkasse\/#primaryimage\"},\"image\":{\"@id\":\"https:\/\/www.mettmann.de\/web\/organisationsaufbau\/dezernat-1-2\/stadtkasse-und-steueramt\/stadtkasse\/#primaryimage\"},\"thumbnailUrl\":\"https:\/\/www.mettmann.de\/web\/wp-content\/uploads\/2019\/08\/finanzen.jpg\",\"datePublished\":\"2019-09-25T09:00:41+00:00\",\"dateModified\":\"2025-12-23T08:05:30+00:00\",\"description\":\"Informationen und Kontaktdaten der Stadtkasse Mettmann. Bei einem Anliegen vereinbaren Sie bitte vorab einen Termin.\",\"breadcrumb\":{\"@id\":\"https:\/\/www.mettmann.de\/web\/organisationsaufbau\/dezernat-1-2\/stadtkasse-und-steueramt\/stadtkasse\/#breadcrumb\"},\"inLanguage\":\"de\",\"potentialAction\":[{\"@type\":\"ReadAction\",\"target\":[\"https:\/\/www.mettmann.de\/web\/organisationsaufbau\/dezernat-1-2\/stadtkasse-und-steueramt\/stadtkasse\/\"]}]},{\"@type\":\"ImageObject\",\"inLanguage\":\"de\",\"@id\":\"https:\/\/www.mettmann.de\/web\/organisationsaufbau\/dezernat-1-2\/stadtkasse-und-steueramt\/stadtkasse\/#primaryimage\",\"url\":\"https:\/\/www.mettmann.de\/web\/wp-content\/uploads\/2019\/08\/finanzen.jpg\",\"contentUrl\":\"https:\/\/www.mettmann.de\/web\/wp-content\/uploads\/2019\/08\/finanzen.jpg\",\"width\":1280,\"height\":853,\"caption\":\"Symbolfoto: Bru-nO \/ Pixabay\"},{\"@type\":\"BreadcrumbList\",\"@id\":\"https:\/\/www.mettmann.de\/web\/organisationsaufbau\/dezernat-1-2\/stadtkasse-und-steueramt\/stadtkasse\/#breadcrumb\",\"itemListElement\":[{\"@type\":\"ListItem\",\"position\":1,\"name\":\"Startseite\",\"item\":\"https:\/\/www.mettmann.de\/web\/\"},{\"@type\":\"ListItem\",\"position\":2,\"name\":\"Stadtverwaltung\",\"item\":\"https:\/\/www.mettmann.de\/web\/organisationsaufbau\/\"},{\"@type\":\"ListItem\",\"position\":3,\"name\":\"Dezernat 2\",\"item\":\"https:\/\/www.mettmann.de\/web\/organisationsaufbau\/dezernat-1-2\/\"},{\"@type\":\"ListItem\",\"position\":4,\"name\":\"Stadtkasse und Steueramt\",\"item\":\"https:\/\/www.mettmann.de\/web\/organisationsaufbau\/dezernat-1-2\/stadtkasse-und-steueramt\/\"},{\"@type\":\"ListItem\",\"position\":5,\"name\":\"Stadtkasse\"}]},{\"@type\":\"WebSite\",\"@id\":\"https:\/\/www.mettmann.de\/web\/#website\",\"url\":\"https:\/\/www.mettmann.de\/web\/\",\"name\":\"Stadtverwaltung Mettmann\",\"description\":\"Internetseite der Kreisstadt Mettmann\",\"publisher\":{\"@id\":\"https:\/\/www.mettmann.de\/web\/#organization\"},\"potentialAction\":[{\"@type\":\"SearchAction\",\"target\":{\"@type\":\"EntryPoint\",\"urlTemplate\":\"https:\/\/www.mettmann.de\/web\/?s={search_term_string}\"},\"query-input\":{\"@type\":\"PropertyValueSpecification\",\"valueRequired\":true,\"valueName\":\"search_term_string\"}}],\"inLanguage\":\"de\"},{\"@type\":\"Organization\",\"@id\":\"https:\/\/www.mettmann.de\/web\/#organization\",\"name\":\"Kreisstadt Mettmann\",\"url\":\"https:\/\/www.mettmann.de\/web\/\",\"logo\":{\"@type\":\"ImageObject\",\"inLanguage\":\"de\",\"@id\":\"https:\/\/www.mettmann.de\/web\/#\/schema\/logo\/image\/\",\"url\":\"https:\/\/www.mettmann.de\/web\/wp-content\/uploads\/2019\/08\/Kreisstadt_Mettmann_Logo_RGB_150dpi.png\",\"contentUrl\":\"https:\/\/www.mettmann.de\/web\/wp-content\/uploads\/2019\/08\/Kreisstadt_Mettmann_Logo_RGB_150dpi.png\",\"width\":1302,\"height\":191,\"caption\":\"Kreisstadt Mettmann\"},\"image\":{\"@id\":\"https:\/\/www.mettmann.de\/web\/#\/schema\/logo\/image\/\"},\"sameAs\":[\"https:\/\/www.facebook.com\/kreisstadt.mettmann\",\"https:\/\/de.wikipedia.org\/wiki\/Mettmann\"]}]}<\/script>\n<!-- \/ Yoast SEO plugin. -->","yoast_head_json":{"title":"Stadtkasse | Stadtverwaltung Mettmann","description":"Informationen und Kontaktdaten der Stadtkasse Mettmann. Bei einem Anliegen vereinbaren Sie bitte vorab einen Termin.","robots":{"index":"noindex","follow":"follow"},"og_locale":"de_DE","og_type":"article","og_title":"Stadtkasse | Stadtverwaltung Mettmann","og_description":"Informationen und Kontaktdaten der Stadtkasse Mettmann. Bei einem Anliegen vereinbaren Sie bitte vorab einen Termin.","og_url":"https:\/\/www.mettmann.de\/web\/organisationsaufbau\/dezernat-1-2\/stadtkasse-und-steueramt\/stadtkasse\/","og_site_name":"Stadtverwaltung Mettmann","article_publisher":"https:\/\/www.facebook.com\/kreisstadt.mettmann","article_modified_time":"2025-12-23T08:05:30+00:00","og_image":[{"width":1280,"height":853,"url":"https:\/\/www.mettmann.de\/web\/wp-content\/uploads\/2019\/08\/finanzen.jpg","type":"image\/jpeg"}],"twitter_card":"summary_large_image","twitter_misc":{"Gesch\u00e4tzte Lesezeit":"2\u00a0Minuten"},"schema":{"@context":"https:\/\/schema.org","@graph":[{"@type":"WebPage","@id":"https:\/\/www.mettmann.de\/web\/organisationsaufbau\/dezernat-1-2\/stadtkasse-und-steueramt\/stadtkasse\/","url":"https:\/\/www.mettmann.de\/web\/organisationsaufbau\/dezernat-1-2\/stadtkasse-und-steueramt\/stadtkasse\/","name":"Stadtkasse | Stadtverwaltung Mettmann","isPartOf":{"@id":"https:\/\/www.mettmann.de\/web\/#website"},"primaryImageOfPage":{"@id":"https:\/\/www.mettmann.de\/web\/organisationsaufbau\/dezernat-1-2\/stadtkasse-und-steueramt\/stadtkasse\/#primaryimage"},"image":{"@id":"https:\/\/www.mettmann.de\/web\/organisationsaufbau\/dezernat-1-2\/stadtkasse-und-steueramt\/stadtkasse\/#primaryimage"},"thumbnailUrl":"https:\/\/www.mettmann.de\/web\/wp-content\/uploads\/2019\/08\/finanzen.jpg","datePublished":"2019-09-25T09:00:41+00:00","dateModified":"2025-12-23T08:05:30+00:00","description":"Informationen und Kontaktdaten der Stadtkasse Mettmann. Bei einem Anliegen vereinbaren Sie bitte vorab einen Termin.","breadcrumb":{"@id":"https:\/\/www.mettmann.de\/web\/organisationsaufbau\/dezernat-1-2\/stadtkasse-und-steueramt\/stadtkasse\/#breadcrumb"},"inLanguage":"de","potentialAction":[{"@type":"ReadAction","target":["https:\/\/www.mettmann.de\/web\/organisationsaufbau\/dezernat-1-2\/stadtkasse-und-steueramt\/stadtkasse\/"]}]},{"@type":"ImageObject","inLanguage":"de","@id":"https:\/\/www.mettmann.de\/web\/organisationsaufbau\/dezernat-1-2\/stadtkasse-und-steueramt\/stadtkasse\/#primaryimage","url":"https:\/\/www.mettmann.de\/web\/wp-content\/uploads\/2019\/08\/finanzen.jpg","contentUrl":"https:\/\/www.mettmann.de\/web\/wp-content\/uploads\/2019\/08\/finanzen.jpg","width":1280,"height":853,"caption":"Symbolfoto: Bru-nO \/ Pixabay"},{"@type":"BreadcrumbList","@id":"https:\/\/www.mettmann.de\/web\/organisationsaufbau\/dezernat-1-2\/stadtkasse-und-steueramt\/stadtkasse\/#breadcrumb","itemListElement":[{"@type":"ListItem","position":1,"name":"Startseite","item":"https:\/\/www.mettmann.de\/web\/"},{"@type":"ListItem","position":2,"name":"Stadtverwaltung","item":"https:\/\/www.mettmann.de\/web\/organisationsaufbau\/"},{"@type":"ListItem","position":3,"name":"Dezernat 2","item":"https:\/\/www.mettmann.de\/web\/organisationsaufbau\/dezernat-1-2\/"},{"@type":"ListItem","position":4,"name":"Stadtkasse und Steueramt","item":"https:\/\/www.mettmann.de\/web\/organisationsaufbau\/dezernat-1-2\/stadtkasse-und-steueramt\/"},{"@type":"ListItem","position":5,"name":"Stadtkasse"}]},{"@type":"WebSite","@id":"https:\/\/www.mettmann.de\/web\/#website","url":"https:\/\/www.mettmann.de\/web\/","name":"Stadtverwaltung Mettmann","description":"Internetseite der Kreisstadt Mettmann","publisher":{"@id":"https:\/\/www.mettmann.de\/web\/#organization"},"potentialAction":[{"@type":"SearchAction","target":{"@type":"EntryPoint","urlTemplate":"https:\/\/www.mettmann.de\/web\/?s={search_term_string}"},"query-input":{"@type":"PropertyValueSpecification","valueRequired":true,"valueName":"search_term_string"}}],"inLanguage":"de"},{"@type":"Organization","@id":"https:\/\/www.mettmann.de\/web\/#organization","name":"Kreisstadt Mettmann","url":"https:\/\/www.mettmann.de\/web\/","logo":{"@type":"ImageObject","inLanguage":"de","@id":"https:\/\/www.mettmann.de\/web\/#\/schema\/logo\/image\/","url":"https:\/\/www.mettmann.de\/web\/wp-content\/uploads\/2019\/08\/Kreisstadt_Mettmann_Logo_RGB_150dpi.png","contentUrl":"https:\/\/www.mettmann.de\/web\/wp-content\/uploads\/2019\/08\/Kreisstadt_Mettmann_Logo_RGB_150dpi.png","width":1302,"height":191,"caption":"Kreisstadt Mettmann"},"image":{"@id":"https:\/\/www.mettmann.de\/web\/#\/schema\/logo\/image\/"},"sameAs":["https:\/\/www.facebook.com\/kreisstadt.mettmann","https:\/\/de.wikipedia.org\/wiki\/Mettmann"]}]}},"_links":{"self":[{"href":"https:\/\/www.mettmann.de\/web\/wp-json\/wp\/v2\/pages\/1198","targetHints":{"allow":["GET"]}}],"collection":[{"href":"https:\/\/www.mettmann.de\/web\/wp-json\/wp\/v2\/pages"}],"about":[{"href":"https:\/\/www.mettmann.de\/web\/wp-json\/wp\/v2\/types\/page"}],"author":[{"embeddable":true,"href":"https:\/\/www.mettmann.de\/web\/wp-json\/wp\/v2\/users\/1"}],"replies":[{"embeddable":true,"href":"https:\/\/www.mettmann.de\/web\/wp-json\/wp\/v2\/comments?post=1198"}],"version-history":[{"count":40,"href":"https:\/\/www.mettmann.de\/web\/wp-json\/wp\/v2\/pages\/1198\/revisions"}],"predecessor-version":[{"id":57102,"href":"https:\/\/www.mettmann.de\/web\/wp-json\/wp\/v2\/pages\/1198\/revisions\/57102"}],"up":[{"embeddable":true,"href":"https:\/\/www.mettmann.de\/web\/wp-json\/wp\/v2\/pages\/1197"}],"wp:featuredmedia":[{"embeddable":true,"href":"https:\/\/www.mettmann.de\/web\/wp-json\/wp\/v2\/media\/348"}],"wp:attachment":[{"href":"https:\/\/www.mettmann.de\/web\/wp-json\/wp\/v2\/media?parent=1198"}],"curies":[{"name":"wp","href":"https:\/\/api.w.org\/{rel}","templated":true}]}}