{"id":1214,"date":"2019-10-08T09:28:03","date_gmt":"2019-10-08T07:28:03","guid":{"rendered":"https:\/\/www.mettmann.de\/web\/?page_id=1214"},"modified":"2022-09-28T13:47:07","modified_gmt":"2022-09-28T11:47:07","slug":"abfallberatungsseiten","status":"publish","type":"page","link":"https:\/\/www.mettmann.de\/web\/abfallberatungsseiten\/","title":{"rendered":"Abfallberatung online"},"content":{"rendered":"<div id=\"attachment_369\" style=\"width: 790px\" class=\"wp-caption alignnone\"><img loading=\"lazy\" decoding=\"async\" aria-describedby=\"caption-attachment-369\" class=\"size-full wp-image-369\" src=\"https:\/\/www.mettmann.de\/web\/wp-content\/uploads\/2019\/08\/muellabfuhr.jpg\" alt=\"Mettmann M\u00fcllabfuhr\" width=\"780\" height=\"439\" srcset=\"https:\/\/www.mettmann.de\/web\/wp-content\/uploads\/2019\/08\/muellabfuhr.jpg 780w, https:\/\/www.mettmann.de\/web\/wp-content\/uploads\/2019\/08\/muellabfuhr-300x169.jpg 300w, https:\/\/www.mettmann.de\/web\/wp-content\/uploads\/2019\/08\/muellabfuhr-768x432.jpg 768w, https:\/\/www.mettmann.de\/web\/wp-content\/uploads\/2019\/08\/muellabfuhr-777x437.jpg 777w, https:\/\/www.mettmann.de\/web\/wp-content\/uploads\/2019\/08\/muellabfuhr-260x146.jpg 260w, https:\/\/www.mettmann.de\/web\/wp-content\/uploads\/2019\/08\/muellabfuhr-120x67.jpg 120w\" sizes=\"auto, (max-width: 780px) 100vw, 780px\" \/><p id=\"caption-attachment-369\" class=\"wp-caption-text\">Symbolfoto: Kreisstadt Mettmann<\/p><\/div>\n<p><strong>Herzlich willkommen auf den Internetseiten der Abfallberatung der Stadt Mettmann!<\/strong><\/p>\n<p>Hier erfahren Sie alles Wissenswerte zum Thema Vermeidung, Verwertung und Entsorgung von Abf\u00e4llen und Wertstoffen. Neben den \u00fcblichen Online-Angeboten wie Sperrm\u00fcllanmeldung, Bestellung von Abfallbeh\u00e4ltern und Containerservice findet man z. B. im Abfall-ABC f\u00fcr rund 2.000 Suchbegriffe das richtige Entsorgungsangebot. Dar\u00fcber hinaus kann man sich auf sage und schreibe 200 Seiten umfangreich \u00fcber die Abfallwirtschaft in Mettmann informieren. Zahlreiche Ver\u00f6ffentlichungen sind auch mehrsprachig. Mehr als 100.000 Klicks pro Jahr auf die Internetseiten Ihrer Abfallberatung sprechen f\u00fcr sich!<\/p>\n<p>Bereits im Jahr 2000 hat das Ministerium f\u00fcr Umwelt, Landwirtschaft, Natur- und Verbraucherschutz des Landes Nordrhein-Westfalen die Internetpr\u00e4sentation der Abfallberatung der Stadt Mettmann als vorbildliches Projekt ausgezeichnet. Auch die Fachhochschule f\u00fcr \u00f6ffentliche Verwaltung NRW in Duisburg hat in einer Projektarbeit im Jahre 2006 kam zu dem Schluss, dass der Auftritt der Mettmanner Abfallberatung alle Kriterien erf\u00fcllt, die eine gute Internetinformation \u00fcber die lokale Abfallwirtschaft ausmachen.<\/p>\n<p>Die Online-Angebote der Abfallberatung werden st\u00e4ndig erweitert. Hierbei werden nach M\u00f6glichkeit auch Ihre Anregungen und W\u00fcnsche ber\u00fccksichtigt. Also, ran an PC, Notebook, Tablet oder Smartphone und mit einem Klick in die \u201elokale Abfallwelt\u201c. eintauchen.<\/p>\n<p>F\u00fcr weitere Fragen und Anregungen stehe ich Ihnen selbstverst\u00e4ndlich auch gerne unter der Telefonnummer 02104 \/ 980-606 oder per E-Mail an <a href=\"mailto:abfallberatung@mettmann.de\">abfallberatung@mettmann.de<\/a> zur Verf\u00fcgung.<\/p>\n<p><em>Ihr Team der Abfallberatung<\/em><\/p>\n<p>&nbsp;<\/p>\n<p><strong>Wichtiger Hinweis: <\/strong>Die auf s\u00e4mtlichen Internetseiten der Abfallberatung aufgef\u00fchrten Entsorgungsangebote gelten ausschlie\u00dflich f\u00fcr Mettmanner B\u00fcrgerinnen und B\u00fcrger!<\/p>\n<p>&nbsp;<\/p>\n","protected":false},"excerpt":{"rendered":"<p>Herzlich willkommen auf den Internetseiten der Abfallberatung der Stadt Mettmann! Hier erfahren Sie alles Wissenswerte zum Thema Vermeidung, Verwertung und Entsorgung von Abf\u00e4llen und Wertstoffen. Neben den \u00fcblichen Online-Angeboten wie Sperrm\u00fcllanmeldung, Bestellung von Abfallbeh\u00e4ltern und&#8230;<\/p>\n","protected":false},"author":1,"featured_media":369,"parent":0,"menu_order":35,"comment_status":"closed","ping_status":"closed","template":"","meta":{"ngg_post_thumbnail":0,"footnotes":""},"class_list":["post-1214","page","type-page","status-publish","has-post-thumbnail","hentry"],"yoast_head":"<!-- This site is optimized with the Yoast SEO plugin v27.2 - https:\/\/yoast.com\/product\/yoast-seo-wordpress\/ -->\n<title>Abfallberatung online | Stadtverwaltung Mettmann<\/title>\n<meta name=\"robots\" content=\"index, follow, max-snippet:-1, max-image-preview:large, max-video-preview:-1\" \/>\n<link rel=\"canonical\" href=\"https:\/\/www.mettmann.de\/web\/abfallberatungsseiten\/\" \/>\n<meta property=\"og:locale\" content=\"de_DE\" \/>\n<meta property=\"og:type\" content=\"article\" \/>\n<meta property=\"og:title\" content=\"Abfallberatung online | Stadtverwaltung Mettmann\" \/>\n<meta property=\"og:description\" content=\"Herzlich willkommen auf den Internetseiten der Abfallberatung der Stadt Mettmann! Hier erfahren Sie alles Wissenswerte zum Thema Vermeidung, Verwertung und Entsorgung von Abf\u00e4llen und Wertstoffen. Neben den \u00fcblichen Online-Angeboten wie Sperrm\u00fcllanmeldung, Bestellung von Abfallbeh\u00e4ltern und...\" \/>\n<meta property=\"og:url\" content=\"https:\/\/www.mettmann.de\/web\/abfallberatungsseiten\/\" \/>\n<meta property=\"og:site_name\" content=\"Stadtverwaltung Mettmann\" \/>\n<meta property=\"article:publisher\" content=\"https:\/\/www.facebook.com\/kreisstadt.mettmann\" \/>\n<meta property=\"article:modified_time\" content=\"2022-09-28T11:47:07+00:00\" \/>\n<meta property=\"og:image\" content=\"https:\/\/www.mettmann.de\/web\/wp-content\/uploads\/2019\/08\/muellabfuhr.jpg\" \/>\n\t<meta property=\"og:image:width\" content=\"780\" \/>\n\t<meta property=\"og:image:height\" content=\"439\" \/>\n\t<meta property=\"og:image:type\" content=\"image\/jpeg\" \/>\n<meta name=\"twitter:card\" content=\"summary_large_image\" \/>\n<meta name=\"twitter:label1\" content=\"Gesch\u00e4tzte Lesezeit\" \/>\n\t<meta name=\"twitter:data1\" content=\"2\u00a0Minuten\" \/>\n<script type=\"application\/ld+json\" class=\"yoast-schema-graph\">{\"@context\":\"https:\/\/schema.org\",\"@graph\":[{\"@type\":\"WebPage\",\"@id\":\"https:\/\/www.mettmann.de\/web\/abfallberatungsseiten\/\",\"url\":\"https:\/\/www.mettmann.de\/web\/abfallberatungsseiten\/\",\"name\":\"Abfallberatung online | Stadtverwaltung Mettmann\",\"isPartOf\":{\"@id\":\"https:\/\/www.mettmann.de\/web\/#website\"},\"primaryImageOfPage\":{\"@id\":\"https:\/\/www.mettmann.de\/web\/abfallberatungsseiten\/#primaryimage\"},\"image\":{\"@id\":\"https:\/\/www.mettmann.de\/web\/abfallberatungsseiten\/#primaryimage\"},\"thumbnailUrl\":\"https:\/\/www.mettmann.de\/web\/wp-content\/uploads\/2019\/08\/muellabfuhr.jpg\",\"datePublished\":\"2019-10-08T07:28:03+00:00\",\"dateModified\":\"2022-09-28T11:47:07+00:00\",\"breadcrumb\":{\"@id\":\"https:\/\/www.mettmann.de\/web\/abfallberatungsseiten\/#breadcrumb\"},\"inLanguage\":\"de\",\"potentialAction\":[{\"@type\":\"ReadAction\",\"target\":[\"https:\/\/www.mettmann.de\/web\/abfallberatungsseiten\/\"]}]},{\"@type\":\"ImageObject\",\"inLanguage\":\"de\",\"@id\":\"https:\/\/www.mettmann.de\/web\/abfallberatungsseiten\/#primaryimage\",\"url\":\"https:\/\/www.mettmann.de\/web\/wp-content\/uploads\/2019\/08\/muellabfuhr.jpg\",\"contentUrl\":\"https:\/\/www.mettmann.de\/web\/wp-content\/uploads\/2019\/08\/muellabfuhr.jpg\",\"width\":780,\"height\":439,\"caption\":\"Archivfoto: Kreisstadt Mettmann\"},{\"@type\":\"BreadcrumbList\",\"@id\":\"https:\/\/www.mettmann.de\/web\/abfallberatungsseiten\/#breadcrumb\",\"itemListElement\":[{\"@type\":\"ListItem\",\"position\":1,\"name\":\"Startseite\",\"item\":\"https:\/\/www.mettmann.de\/web\/\"},{\"@type\":\"ListItem\",\"position\":2,\"name\":\"Abfallberatung online\"}]},{\"@type\":\"WebSite\",\"@id\":\"https:\/\/www.mettmann.de\/web\/#website\",\"url\":\"https:\/\/www.mettmann.de\/web\/\",\"name\":\"Stadtverwaltung Mettmann\",\"description\":\"Internetseite der Kreisstadt Mettmann\",\"publisher\":{\"@id\":\"https:\/\/www.mettmann.de\/web\/#organization\"},\"potentialAction\":[{\"@type\":\"SearchAction\",\"target\":{\"@type\":\"EntryPoint\",\"urlTemplate\":\"https:\/\/www.mettmann.de\/web\/?s={search_term_string}\"},\"query-input\":{\"@type\":\"PropertyValueSpecification\",\"valueRequired\":true,\"valueName\":\"search_term_string\"}}],\"inLanguage\":\"de\"},{\"@type\":\"Organization\",\"@id\":\"https:\/\/www.mettmann.de\/web\/#organization\",\"name\":\"Kreisstadt Mettmann\",\"url\":\"https:\/\/www.mettmann.de\/web\/\",\"logo\":{\"@type\":\"ImageObject\",\"inLanguage\":\"de\",\"@id\":\"https:\/\/www.mettmann.de\/web\/#\/schema\/logo\/image\/\",\"url\":\"https:\/\/www.mettmann.de\/web\/wp-content\/uploads\/2019\/08\/Kreisstadt_Mettmann_Logo_RGB_150dpi.png\",\"contentUrl\":\"https:\/\/www.mettmann.de\/web\/wp-content\/uploads\/2019\/08\/Kreisstadt_Mettmann_Logo_RGB_150dpi.png\",\"width\":1302,\"height\":191,\"caption\":\"Kreisstadt Mettmann\"},\"image\":{\"@id\":\"https:\/\/www.mettmann.de\/web\/#\/schema\/logo\/image\/\"},\"sameAs\":[\"https:\/\/www.facebook.com\/kreisstadt.mettmann\",\"https:\/\/de.wikipedia.org\/wiki\/Mettmann\"]}]}<\/script>\n<!-- \/ Yoast SEO plugin. -->","yoast_head_json":{"title":"Abfallberatung online | Stadtverwaltung Mettmann","robots":{"index":"index","follow":"follow","max-snippet":"max-snippet:-1","max-image-preview":"max-image-preview:large","max-video-preview":"max-video-preview:-1"},"canonical":"https:\/\/www.mettmann.de\/web\/abfallberatungsseiten\/","og_locale":"de_DE","og_type":"article","og_title":"Abfallberatung online | Stadtverwaltung Mettmann","og_description":"Herzlich willkommen auf den Internetseiten der Abfallberatung der Stadt Mettmann! Hier erfahren Sie alles Wissenswerte zum Thema Vermeidung, Verwertung und Entsorgung von Abf\u00e4llen und Wertstoffen. Neben den \u00fcblichen Online-Angeboten wie Sperrm\u00fcllanmeldung, Bestellung von Abfallbeh\u00e4ltern und...","og_url":"https:\/\/www.mettmann.de\/web\/abfallberatungsseiten\/","og_site_name":"Stadtverwaltung Mettmann","article_publisher":"https:\/\/www.facebook.com\/kreisstadt.mettmann","article_modified_time":"2022-09-28T11:47:07+00:00","og_image":[{"width":780,"height":439,"url":"https:\/\/www.mettmann.de\/web\/wp-content\/uploads\/2019\/08\/muellabfuhr.jpg","type":"image\/jpeg"}],"twitter_card":"summary_large_image","twitter_misc":{"Gesch\u00e4tzte Lesezeit":"2\u00a0Minuten"},"schema":{"@context":"https:\/\/schema.org","@graph":[{"@type":"WebPage","@id":"https:\/\/www.mettmann.de\/web\/abfallberatungsseiten\/","url":"https:\/\/www.mettmann.de\/web\/abfallberatungsseiten\/","name":"Abfallberatung online | Stadtverwaltung Mettmann","isPartOf":{"@id":"https:\/\/www.mettmann.de\/web\/#website"},"primaryImageOfPage":{"@id":"https:\/\/www.mettmann.de\/web\/abfallberatungsseiten\/#primaryimage"},"image":{"@id":"https:\/\/www.mettmann.de\/web\/abfallberatungsseiten\/#primaryimage"},"thumbnailUrl":"https:\/\/www.mettmann.de\/web\/wp-content\/uploads\/2019\/08\/muellabfuhr.jpg","datePublished":"2019-10-08T07:28:03+00:00","dateModified":"2022-09-28T11:47:07+00:00","breadcrumb":{"@id":"https:\/\/www.mettmann.de\/web\/abfallberatungsseiten\/#breadcrumb"},"inLanguage":"de","potentialAction":[{"@type":"ReadAction","target":["https:\/\/www.mettmann.de\/web\/abfallberatungsseiten\/"]}]},{"@type":"ImageObject","inLanguage":"de","@id":"https:\/\/www.mettmann.de\/web\/abfallberatungsseiten\/#primaryimage","url":"https:\/\/www.mettmann.de\/web\/wp-content\/uploads\/2019\/08\/muellabfuhr.jpg","contentUrl":"https:\/\/www.mettmann.de\/web\/wp-content\/uploads\/2019\/08\/muellabfuhr.jpg","width":780,"height":439,"caption":"Archivfoto: Kreisstadt Mettmann"},{"@type":"BreadcrumbList","@id":"https:\/\/www.mettmann.de\/web\/abfallberatungsseiten\/#breadcrumb","itemListElement":[{"@type":"ListItem","position":1,"name":"Startseite","item":"https:\/\/www.mettmann.de\/web\/"},{"@type":"ListItem","position":2,"name":"Abfallberatung online"}]},{"@type":"WebSite","@id":"https:\/\/www.mettmann.de\/web\/#website","url":"https:\/\/www.mettmann.de\/web\/","name":"Stadtverwaltung Mettmann","description":"Internetseite der Kreisstadt Mettmann","publisher":{"@id":"https:\/\/www.mettmann.de\/web\/#organization"},"potentialAction":[{"@type":"SearchAction","target":{"@type":"EntryPoint","urlTemplate":"https:\/\/www.mettmann.de\/web\/?s={search_term_string}"},"query-input":{"@type":"PropertyValueSpecification","valueRequired":true,"valueName":"search_term_string"}}],"inLanguage":"de"},{"@type":"Organization","@id":"https:\/\/www.mettmann.de\/web\/#organization","name":"Kreisstadt Mettmann","url":"https:\/\/www.mettmann.de\/web\/","logo":{"@type":"ImageObject","inLanguage":"de","@id":"https:\/\/www.mettmann.de\/web\/#\/schema\/logo\/image\/","url":"https:\/\/www.mettmann.de\/web\/wp-content\/uploads\/2019\/08\/Kreisstadt_Mettmann_Logo_RGB_150dpi.png","contentUrl":"https:\/\/www.mettmann.de\/web\/wp-content\/uploads\/2019\/08\/Kreisstadt_Mettmann_Logo_RGB_150dpi.png","width":1302,"height":191,"caption":"Kreisstadt Mettmann"},"image":{"@id":"https:\/\/www.mettmann.de\/web\/#\/schema\/logo\/image\/"},"sameAs":["https:\/\/www.facebook.com\/kreisstadt.mettmann","https:\/\/de.wikipedia.org\/wiki\/Mettmann"]}]}},"_links":{"self":[{"href":"https:\/\/www.mettmann.de\/web\/wp-json\/wp\/v2\/pages\/1214","targetHints":{"allow":["GET"]}}],"collection":[{"href":"https:\/\/www.mettmann.de\/web\/wp-json\/wp\/v2\/pages"}],"about":[{"href":"https:\/\/www.mettmann.de\/web\/wp-json\/wp\/v2\/types\/page"}],"author":[{"embeddable":true,"href":"https:\/\/www.mettmann.de\/web\/wp-json\/wp\/v2\/users\/1"}],"replies":[{"embeddable":true,"href":"https:\/\/www.mettmann.de\/web\/wp-json\/wp\/v2\/comments?post=1214"}],"version-history":[{"count":22,"href":"https:\/\/www.mettmann.de\/web\/wp-json\/wp\/v2\/pages\/1214\/revisions"}],"predecessor-version":[{"id":22798,"href":"https:\/\/www.mettmann.de\/web\/wp-json\/wp\/v2\/pages\/1214\/revisions\/22798"}],"wp:featuredmedia":[{"embeddable":true,"href":"https:\/\/www.mettmann.de\/web\/wp-json\/wp\/v2\/media\/369"}],"wp:attachment":[{"href":"https:\/\/www.mettmann.de\/web\/wp-json\/wp\/v2\/media?parent=1214"}],"curies":[{"name":"wp","href":"https:\/\/api.w.org\/{rel}","templated":true}]}}