{"id":12289,"date":"2021-04-22T11:55:19","date_gmt":"2021-04-22T09:55:19","guid":{"rendered":"https:\/\/www.mettmann.de\/web\/?page_id=12289"},"modified":"2026-03-25T09:21:04","modified_gmt":"2026-03-25T08:21:04","slug":"stadt-mettmann-lobt-heimatpreis-2026-aus","status":"publish","type":"page","link":"https:\/\/www.mettmann.de\/web\/abstimmung-zum-heimatpreis-2022\/stadt-mettmann-lobt-heimatpreis-2026-aus\/","title":{"rendered":"Heimatpreis 2026"},"content":{"rendered":"<p><img loading=\"lazy\" decoding=\"async\" class=\"size-full wp-image-5257\" src=\"https:\/\/www.mettmann.de\/web\/wp-content\/uploads\/2020\/04\/Heimatpreis.jpg\" alt=\"Heimatpreis NRW\" width=\"1136\" height=\"646\" srcset=\"https:\/\/www.mettmann.de\/web\/wp-content\/uploads\/2020\/04\/Heimatpreis.jpg 1136w, https:\/\/www.mettmann.de\/web\/wp-content\/uploads\/2020\/04\/Heimatpreis-300x171.jpg 300w, https:\/\/www.mettmann.de\/web\/wp-content\/uploads\/2020\/04\/Heimatpreis-1024x582.jpg 1024w, https:\/\/www.mettmann.de\/web\/wp-content\/uploads\/2020\/04\/Heimatpreis-768x437.jpg 768w, https:\/\/www.mettmann.de\/web\/wp-content\/uploads\/2020\/04\/Heimatpreis-120x67.jpg 120w\" sizes=\"auto, (max-width: 1136px) 100vw, 1136px\" \/><\/p>\n<p>Der Heimatpreis NRW wird vom Land Nordrhein-Westfalen im Rahmen des F\u00f6rderprogramms \u201eHeimat. Zukunft. Nordrhein-Westfalen. Wir f\u00f6rdern, was Menschen verbindet\u201c ausgeschrieben.<\/p>\n<p>Die Stadt Mettmann m\u00f6chte mit der Verleihung des Heimatpreises B\u00fcrgerinnen, B\u00fcrger oder Gruppen ehren, die sich in besonderer Weise durch soziales und kulturelles Engagement um den Erhalt, die Pflege und die F\u00f6rderung des Geschichts- und Kulturgutes sowie des Brauchtums in der Stadt Mettmann einsetzen oder eingesetzt haben.<\/p>\n<p><strong>Die Kriterien f\u00fcr die Bewerbung:<\/strong><\/p>\n<p>Die zu ehrende Person, Verein oder Gruppe sollte jedoch mindestens eine der folgenden Kriterien f\u00fcr die Bewerbung erf\u00fcllen:<\/p>\n<ul>\n<li><strong>Kultur- und Freizeitangebote<\/strong> wie z.B. Theaterauff\u00fchrungen, Konzerte, Tanz- oder Sportveranstaltungen, die sich besonders als Orte der Begegnung, des Kennenlernens und von Gemeinschaft auszeichnen.<\/li>\n<li><strong>Heimatpflege<\/strong> wie z. B. Erhalt, Pflege und Dokumentation von Mundart, Liedgut, Volks- und Brauchtum, regionaler Besonderheiten und Eigenarten.<\/li>\n<li><strong>Denkmalpflege<\/strong> wie z.B. Erhalt, Pflege, Renovierung, Sanierung und Dokumentation von denkmalgesch\u00fctzten und die Stadtgeschichte pr\u00e4genden Geb\u00e4ude, Anlagen und Bauten.<\/li>\n<li><strong>Geschichte<\/strong> in Form von Erhalt, Aufarbeitung, Dokumentation und Pr\u00e4sentation von Stadtgeschichte und st\u00e4dtischem Zeitgeschehen.<\/li>\n<li><strong>Soziales und interkulturelles Engagement:<\/strong> Einsatz f\u00fcr das Tierwohl sowie auch Beitr\u00e4ge zum Erhalt und zur Pflege sowie Schutz von Umwelt, Natur und Landschaft.<\/li>\n<\/ul>\n<p><strong>Richtlinien der Vergabe:<\/strong><\/p>\n<p>Der Heimatpreis in H\u00f6he von 5.000 \u20ac wird an eine Person, Verein oder Gruppen verliehen. Die B\u00fcrgerinnen und B\u00fcrger der Stadt Mettmann werden gebeten, Personen oder Gruppen, die sich in besonderer Weise mit sozialem und kulturellem Engagement innerhalb der dargestellten Bereiche beteiligen, f\u00fcr die Vergabe des Preises vorzuschlagen.<\/p>\n<p>Aus den Vorschl\u00e4gen wird der Rat der Stadt eine Vorauswahl von sechs Vorschl\u00e4gen treffen, die dann in einem Online-Auswahlverfahren von den B\u00fcrgerinnen und B\u00fcrgern der Stadt Mettmann zu einer finalen Preistr\u00e4gerauswahl vorgestellt werden.<\/p>\n<p>Die B\u00fcrgerinnen und B\u00fcrger der Stadt Mettmann fungieren somit als Jury. Der durch die Online Abstimmung ermittelte Preistr\u00e4ger wird in einer \u00f6ffentlichen Auslobung des Preises durch die B\u00fcrgermeisterin in Form einer Urkunde und \u00dcbergabe eines Schecks gew\u00fcrdigt.<\/p>\n<p>Allgemeine Informationen zum \u201eHeimatpreis\u201c k\u00f6nnen Sie auf der Homepage des Ministeriums f\u00fcr Heimat, Kommunales, Bau und Gleichstellung des Landes Nordrhein-Westfalen unter <a href=\"http:\/\/www.mhkbg.nrw\">www.mhkbg.nrw<\/a> einsehen.<\/p>\n","protected":false},"excerpt":{"rendered":"<p>Der Heimatpreis NRW wird vom Land Nordrhein-Westfalen im Rahmen des F\u00f6rderprogramms \u201eHeimat. Zukunft. Nordrhein-Westfalen. Wir f\u00f6rdern, was Menschen verbindet\u201c ausgeschrieben. Die Stadt Mettmann m\u00f6chte mit der Verleihung des Heimatpreises B\u00fcrgerinnen, B\u00fcrger oder Gruppen ehren, die&#8230;<\/p>\n","protected":false},"author":1,"featured_media":5257,"parent":21342,"menu_order":0,"comment_status":"closed","ping_status":"closed","template":"","meta":{"ngg_post_thumbnail":0,"footnotes":""},"class_list":["post-12289","page","type-page","status-publish","has-post-thumbnail","hentry"],"yoast_head":"<!-- This site is optimized with the Yoast SEO plugin v27.2 - https:\/\/yoast.com\/product\/yoast-seo-wordpress\/ -->\n<title>Heimatpreis 2026 | Stadtverwaltung Mettmann<\/title>\n<meta name=\"description\" content=\"Die Stadt Mettmann f\u00f6rdert besondere ehrenamtliche Initiativen und Engagements, die zur Pflege oder Belebung von \u00f6rtlichen kulturellen Traditionen durch ihr Programm oder ihr Projekt Au\u00dfergew\u00f6hnliches leisten und ihre Heimat st\u00e4rken.\" \/>\n<meta name=\"robots\" content=\"index, follow, max-snippet:-1, max-image-preview:large, max-video-preview:-1\" \/>\n<link rel=\"canonical\" href=\"https:\/\/www.mettmann.de\/web\/abstimmung-zum-heimatpreis-2022\/stadt-mettmann-lobt-heimatpreis-2026-aus\/\" \/>\n<meta property=\"og:locale\" content=\"de_DE\" \/>\n<meta property=\"og:type\" content=\"article\" \/>\n<meta property=\"og:title\" content=\"Heimatpreis 2026 | Stadtverwaltung Mettmann\" \/>\n<meta property=\"og:description\" content=\"Grafik: Ministerium f\u00fcr Heimat, Kommunales, Bau und Gleichstellung NRW\" \/>\n<meta property=\"og:url\" content=\"https:\/\/www.mettmann.de\/web\/abstimmung-zum-heimatpreis-2022\/stadt-mettmann-lobt-heimatpreis-2026-aus\/\" \/>\n<meta property=\"og:site_name\" content=\"Stadtverwaltung Mettmann\" \/>\n<meta property=\"article:publisher\" content=\"https:\/\/www.facebook.com\/kreisstadt.mettmann\" \/>\n<meta property=\"article:modified_time\" content=\"2026-03-25T08:21:04+00:00\" \/>\n<meta property=\"og:image\" content=\"https:\/\/www.mettmann.de\/web\/wp-content\/uploads\/2020\/04\/Heimatpreis.jpg\" \/>\n\t<meta property=\"og:image:width\" content=\"1136\" \/>\n\t<meta property=\"og:image:height\" content=\"646\" \/>\n\t<meta property=\"og:image:type\" content=\"image\/jpeg\" \/>\n<meta name=\"twitter:card\" content=\"summary_large_image\" \/>\n<meta name=\"twitter:label1\" content=\"Gesch\u00e4tzte Lesezeit\" \/>\n\t<meta name=\"twitter:data1\" content=\"3\u00a0Minuten\" \/>\n<script type=\"application\/ld+json\" class=\"yoast-schema-graph\">{\"@context\":\"https:\/\/schema.org\",\"@graph\":[{\"@type\":\"WebPage\",\"@id\":\"https:\/\/www.mettmann.de\/web\/abstimmung-zum-heimatpreis-2022\/stadt-mettmann-lobt-heimatpreis-2026-aus\/\",\"url\":\"https:\/\/www.mettmann.de\/web\/abstimmung-zum-heimatpreis-2022\/stadt-mettmann-lobt-heimatpreis-2026-aus\/\",\"name\":\"Heimatpreis 2026 | Stadtverwaltung Mettmann\",\"isPartOf\":{\"@id\":\"https:\/\/www.mettmann.de\/web\/#website\"},\"primaryImageOfPage\":{\"@id\":\"https:\/\/www.mettmann.de\/web\/abstimmung-zum-heimatpreis-2022\/stadt-mettmann-lobt-heimatpreis-2026-aus\/#primaryimage\"},\"image\":{\"@id\":\"https:\/\/www.mettmann.de\/web\/abstimmung-zum-heimatpreis-2022\/stadt-mettmann-lobt-heimatpreis-2026-aus\/#primaryimage\"},\"thumbnailUrl\":\"https:\/\/www.mettmann.de\/web\/wp-content\/uploads\/2020\/04\/Heimatpreis.jpg\",\"datePublished\":\"2021-04-22T09:55:19+00:00\",\"dateModified\":\"2026-03-25T08:21:04+00:00\",\"description\":\"Die Stadt Mettmann f\u00f6rdert besondere ehrenamtliche Initiativen und Engagements, die zur Pflege oder Belebung von \u00f6rtlichen kulturellen Traditionen durch ihr Programm oder ihr Projekt Au\u00dfergew\u00f6hnliches leisten und ihre Heimat st\u00e4rken.\",\"breadcrumb\":{\"@id\":\"https:\/\/www.mettmann.de\/web\/abstimmung-zum-heimatpreis-2022\/stadt-mettmann-lobt-heimatpreis-2026-aus\/#breadcrumb\"},\"inLanguage\":\"de\",\"potentialAction\":[{\"@type\":\"ReadAction\",\"target\":[\"https:\/\/www.mettmann.de\/web\/abstimmung-zum-heimatpreis-2022\/stadt-mettmann-lobt-heimatpreis-2026-aus\/\"]}]},{\"@type\":\"ImageObject\",\"inLanguage\":\"de\",\"@id\":\"https:\/\/www.mettmann.de\/web\/abstimmung-zum-heimatpreis-2022\/stadt-mettmann-lobt-heimatpreis-2026-aus\/#primaryimage\",\"url\":\"https:\/\/www.mettmann.de\/web\/wp-content\/uploads\/2020\/04\/Heimatpreis.jpg\",\"contentUrl\":\"https:\/\/www.mettmann.de\/web\/wp-content\/uploads\/2020\/04\/Heimatpreis.jpg\",\"width\":1136,\"height\":646,\"caption\":\"Der Heimatpreis wird vom Land NRW finanziert und ist mit 5000 Euro dotiert.\"},{\"@type\":\"BreadcrumbList\",\"@id\":\"https:\/\/www.mettmann.de\/web\/abstimmung-zum-heimatpreis-2022\/stadt-mettmann-lobt-heimatpreis-2026-aus\/#breadcrumb\",\"itemListElement\":[{\"@type\":\"ListItem\",\"position\":1,\"name\":\"Startseite\",\"item\":\"https:\/\/www.mettmann.de\/web\/\"},{\"@type\":\"ListItem\",\"position\":2,\"name\":\"Abstimmung zum Heimatpreis 2022\",\"item\":\"https:\/\/www.mettmann.de\/web\/abstimmung-zum-heimatpreis-2022\/\"},{\"@type\":\"ListItem\",\"position\":3,\"name\":\"Heimatpreis 2026\"}]},{\"@type\":\"WebSite\",\"@id\":\"https:\/\/www.mettmann.de\/web\/#website\",\"url\":\"https:\/\/www.mettmann.de\/web\/\",\"name\":\"Stadtverwaltung Mettmann\",\"description\":\"Internetseite der Kreisstadt Mettmann\",\"publisher\":{\"@id\":\"https:\/\/www.mettmann.de\/web\/#organization\"},\"potentialAction\":[{\"@type\":\"SearchAction\",\"target\":{\"@type\":\"EntryPoint\",\"urlTemplate\":\"https:\/\/www.mettmann.de\/web\/?s={search_term_string}\"},\"query-input\":{\"@type\":\"PropertyValueSpecification\",\"valueRequired\":true,\"valueName\":\"search_term_string\"}}],\"inLanguage\":\"de\"},{\"@type\":\"Organization\",\"@id\":\"https:\/\/www.mettmann.de\/web\/#organization\",\"name\":\"Kreisstadt Mettmann\",\"url\":\"https:\/\/www.mettmann.de\/web\/\",\"logo\":{\"@type\":\"ImageObject\",\"inLanguage\":\"de\",\"@id\":\"https:\/\/www.mettmann.de\/web\/#\/schema\/logo\/image\/\",\"url\":\"https:\/\/www.mettmann.de\/web\/wp-content\/uploads\/2019\/08\/Kreisstadt_Mettmann_Logo_RGB_150dpi.png\",\"contentUrl\":\"https:\/\/www.mettmann.de\/web\/wp-content\/uploads\/2019\/08\/Kreisstadt_Mettmann_Logo_RGB_150dpi.png\",\"width\":1302,\"height\":191,\"caption\":\"Kreisstadt Mettmann\"},\"image\":{\"@id\":\"https:\/\/www.mettmann.de\/web\/#\/schema\/logo\/image\/\"},\"sameAs\":[\"https:\/\/www.facebook.com\/kreisstadt.mettmann\",\"https:\/\/de.wikipedia.org\/wiki\/Mettmann\"]}]}<\/script>\n<!-- \/ Yoast SEO plugin. -->","yoast_head_json":{"title":"Heimatpreis 2026 | Stadtverwaltung Mettmann","description":"Die Stadt Mettmann f\u00f6rdert besondere ehrenamtliche Initiativen und Engagements, die zur Pflege oder Belebung von \u00f6rtlichen kulturellen Traditionen durch ihr Programm oder ihr Projekt Au\u00dfergew\u00f6hnliches leisten und ihre Heimat st\u00e4rken.","robots":{"index":"index","follow":"follow","max-snippet":"max-snippet:-1","max-image-preview":"max-image-preview:large","max-video-preview":"max-video-preview:-1"},"canonical":"https:\/\/www.mettmann.de\/web\/abstimmung-zum-heimatpreis-2022\/stadt-mettmann-lobt-heimatpreis-2026-aus\/","og_locale":"de_DE","og_type":"article","og_title":"Heimatpreis 2026 | Stadtverwaltung Mettmann","og_description":"Grafik: Ministerium f\u00fcr Heimat, Kommunales, Bau und Gleichstellung NRW","og_url":"https:\/\/www.mettmann.de\/web\/abstimmung-zum-heimatpreis-2022\/stadt-mettmann-lobt-heimatpreis-2026-aus\/","og_site_name":"Stadtverwaltung Mettmann","article_publisher":"https:\/\/www.facebook.com\/kreisstadt.mettmann","article_modified_time":"2026-03-25T08:21:04+00:00","og_image":[{"width":1136,"height":646,"url":"https:\/\/www.mettmann.de\/web\/wp-content\/uploads\/2020\/04\/Heimatpreis.jpg","type":"image\/jpeg"}],"twitter_card":"summary_large_image","twitter_misc":{"Gesch\u00e4tzte Lesezeit":"3\u00a0Minuten"},"schema":{"@context":"https:\/\/schema.org","@graph":[{"@type":"WebPage","@id":"https:\/\/www.mettmann.de\/web\/abstimmung-zum-heimatpreis-2022\/stadt-mettmann-lobt-heimatpreis-2026-aus\/","url":"https:\/\/www.mettmann.de\/web\/abstimmung-zum-heimatpreis-2022\/stadt-mettmann-lobt-heimatpreis-2026-aus\/","name":"Heimatpreis 2026 | Stadtverwaltung Mettmann","isPartOf":{"@id":"https:\/\/www.mettmann.de\/web\/#website"},"primaryImageOfPage":{"@id":"https:\/\/www.mettmann.de\/web\/abstimmung-zum-heimatpreis-2022\/stadt-mettmann-lobt-heimatpreis-2026-aus\/#primaryimage"},"image":{"@id":"https:\/\/www.mettmann.de\/web\/abstimmung-zum-heimatpreis-2022\/stadt-mettmann-lobt-heimatpreis-2026-aus\/#primaryimage"},"thumbnailUrl":"https:\/\/www.mettmann.de\/web\/wp-content\/uploads\/2020\/04\/Heimatpreis.jpg","datePublished":"2021-04-22T09:55:19+00:00","dateModified":"2026-03-25T08:21:04+00:00","description":"Die Stadt Mettmann f\u00f6rdert besondere ehrenamtliche Initiativen und Engagements, die zur Pflege oder Belebung von \u00f6rtlichen kulturellen Traditionen durch ihr Programm oder ihr Projekt Au\u00dfergew\u00f6hnliches leisten und ihre Heimat st\u00e4rken.","breadcrumb":{"@id":"https:\/\/www.mettmann.de\/web\/abstimmung-zum-heimatpreis-2022\/stadt-mettmann-lobt-heimatpreis-2026-aus\/#breadcrumb"},"inLanguage":"de","potentialAction":[{"@type":"ReadAction","target":["https:\/\/www.mettmann.de\/web\/abstimmung-zum-heimatpreis-2022\/stadt-mettmann-lobt-heimatpreis-2026-aus\/"]}]},{"@type":"ImageObject","inLanguage":"de","@id":"https:\/\/www.mettmann.de\/web\/abstimmung-zum-heimatpreis-2022\/stadt-mettmann-lobt-heimatpreis-2026-aus\/#primaryimage","url":"https:\/\/www.mettmann.de\/web\/wp-content\/uploads\/2020\/04\/Heimatpreis.jpg","contentUrl":"https:\/\/www.mettmann.de\/web\/wp-content\/uploads\/2020\/04\/Heimatpreis.jpg","width":1136,"height":646,"caption":"Der Heimatpreis wird vom Land NRW finanziert und ist mit 5000 Euro dotiert."},{"@type":"BreadcrumbList","@id":"https:\/\/www.mettmann.de\/web\/abstimmung-zum-heimatpreis-2022\/stadt-mettmann-lobt-heimatpreis-2026-aus\/#breadcrumb","itemListElement":[{"@type":"ListItem","position":1,"name":"Startseite","item":"https:\/\/www.mettmann.de\/web\/"},{"@type":"ListItem","position":2,"name":"Abstimmung zum Heimatpreis 2022","item":"https:\/\/www.mettmann.de\/web\/abstimmung-zum-heimatpreis-2022\/"},{"@type":"ListItem","position":3,"name":"Heimatpreis 2026"}]},{"@type":"WebSite","@id":"https:\/\/www.mettmann.de\/web\/#website","url":"https:\/\/www.mettmann.de\/web\/","name":"Stadtverwaltung Mettmann","description":"Internetseite der Kreisstadt Mettmann","publisher":{"@id":"https:\/\/www.mettmann.de\/web\/#organization"},"potentialAction":[{"@type":"SearchAction","target":{"@type":"EntryPoint","urlTemplate":"https:\/\/www.mettmann.de\/web\/?s={search_term_string}"},"query-input":{"@type":"PropertyValueSpecification","valueRequired":true,"valueName":"search_term_string"}}],"inLanguage":"de"},{"@type":"Organization","@id":"https:\/\/www.mettmann.de\/web\/#organization","name":"Kreisstadt Mettmann","url":"https:\/\/www.mettmann.de\/web\/","logo":{"@type":"ImageObject","inLanguage":"de","@id":"https:\/\/www.mettmann.de\/web\/#\/schema\/logo\/image\/","url":"https:\/\/www.mettmann.de\/web\/wp-content\/uploads\/2019\/08\/Kreisstadt_Mettmann_Logo_RGB_150dpi.png","contentUrl":"https:\/\/www.mettmann.de\/web\/wp-content\/uploads\/2019\/08\/Kreisstadt_Mettmann_Logo_RGB_150dpi.png","width":1302,"height":191,"caption":"Kreisstadt Mettmann"},"image":{"@id":"https:\/\/www.mettmann.de\/web\/#\/schema\/logo\/image\/"},"sameAs":["https:\/\/www.facebook.com\/kreisstadt.mettmann","https:\/\/de.wikipedia.org\/wiki\/Mettmann"]}]}},"_links":{"self":[{"href":"https:\/\/www.mettmann.de\/web\/wp-json\/wp\/v2\/pages\/12289","targetHints":{"allow":["GET"]}}],"collection":[{"href":"https:\/\/www.mettmann.de\/web\/wp-json\/wp\/v2\/pages"}],"about":[{"href":"https:\/\/www.mettmann.de\/web\/wp-json\/wp\/v2\/types\/page"}],"author":[{"embeddable":true,"href":"https:\/\/www.mettmann.de\/web\/wp-json\/wp\/v2\/users\/1"}],"replies":[{"embeddable":true,"href":"https:\/\/www.mettmann.de\/web\/wp-json\/wp\/v2\/comments?post=12289"}],"version-history":[{"count":45,"href":"https:\/\/www.mettmann.de\/web\/wp-json\/wp\/v2\/pages\/12289\/revisions"}],"predecessor-version":[{"id":59390,"href":"https:\/\/www.mettmann.de\/web\/wp-json\/wp\/v2\/pages\/12289\/revisions\/59390"}],"up":[{"embeddable":true,"href":"https:\/\/www.mettmann.de\/web\/wp-json\/wp\/v2\/pages\/21342"}],"wp:featuredmedia":[{"embeddable":true,"href":"https:\/\/www.mettmann.de\/web\/wp-json\/wp\/v2\/media\/5257"}],"wp:attachment":[{"href":"https:\/\/www.mettmann.de\/web\/wp-json\/wp\/v2\/media?parent=12289"}],"curies":[{"name":"wp","href":"https:\/\/api.w.org\/{rel}","templated":true}]}}