{"id":1394,"date":"2019-10-03T16:52:00","date_gmt":"2019-10-03T14:52:00","guid":{"rendered":"https:\/\/www.mettmann.de\/web\/?page_id=1394"},"modified":"2025-11-03T09:50:32","modified_gmt":"2025-11-03T08:50:32","slug":"musikschule-mettmann","status":"publish","type":"page","link":"https:\/\/www.mettmann.de\/web\/bildung-soziales\/musikschule-mettmann\/","title":{"rendered":"Musikschule Mettmann"},"content":{"rendered":"<p>&nbsp;<\/p>\n<div id=\"attachment_685\" style=\"width: 1034px\" class=\"wp-caption alignnone\"><img loading=\"lazy\" decoding=\"async\" aria-describedby=\"caption-attachment-685\" class=\"size-large wp-image-685\" src=\"https:\/\/www.mettmann.de\/web\/wp-content\/uploads\/2019\/08\/piano-1655558_1280-1024x682.jpg\" alt=\"Musikunterricht\" width=\"1024\" height=\"682\" srcset=\"https:\/\/www.mettmann.de\/web\/wp-content\/uploads\/2019\/08\/piano-1655558_1280-1024x682.jpg 1024w, https:\/\/www.mettmann.de\/web\/wp-content\/uploads\/2019\/08\/piano-1655558_1280-300x200.jpg 300w, https:\/\/www.mettmann.de\/web\/wp-content\/uploads\/2019\/08\/piano-1655558_1280-768x512.jpg 768w, https:\/\/www.mettmann.de\/web\/wp-content\/uploads\/2019\/08\/piano-1655558_1280.jpg 1280w\" sizes=\"auto, (max-width: 1024px) 100vw, 1024px\" \/><p id=\"caption-attachment-685\" class=\"wp-caption-text\">Symbolfoto: stevepb \/ pixabay<\/p><\/div>\n<hr>\n<p>Die Musikschule Mettmann bietet ein umfassendes musikalisches Ausbildungsangebot f\u00fcr Kinder, Jugendliche und Erwachsene.<\/p>\n<h3>Unser Angebot<\/h3>\n<ul class=\"eingerueckt40\">\n<li>Der Unterricht wird ausschlie\u00dflich von Lehrkr\u00e4ften mit abgeschlossenem Hochschulstudium in ihrem Fach bzw. Studenten dieses Studiengangs erteilt.<\/li>\n<li>Der Unterricht findet im Musikschulgeb\u00e4ude und in allgemeinbildenden Schulen statt.<\/li>\n<li>Das Schuljahr der Musikschule beginnt am 01.01. und dauert bis zum 31.12. eines Jahres (au\u00dfer musikalische Fr\u00fcherziehung).<\/li>\n<li>Die Entgelte richten sich nach der Gruppengr\u00f6\u00dfe.<\/li>\n<li>F\u00fcr den Anfangsunterricht sind in den meisten F\u00e4chern Mietinstrumente verf\u00fcgbar (auch in kindgerechten Gr\u00f6\u00dfen)<\/li>\n<\/ul>\n<p class=\"eingerueckt40\">Das Ausbildungsangebot richtet sich nach dem Strukturplan des <a class=\"infohomepage\" title=\"Verband deutscher Musikschulen\" href=\"http:\/\/www.musikschulen.de\" target=\"_blank\" rel=\"noopener noreferrer\">Verbandes deutscher Musikschulen (VdM)<\/a> und des <a class=\"infohomepage\" title=\"Musikschulen Landesverband\" href=\"http:\/\/www.lvdm-nrw.de\" target=\"_blank\" rel=\"noopener noreferrer\">Landesverbandes der Musikschulen.<\/a><\/p>\n<p>&nbsp;<\/p>\n<h3>Weitere Informationen<\/h3>\n<ul>\n<li><a href=\"\/web\/download\/musikschule_entgeltordnung.pdf\" target=\"_blank\" rel=\"noopener noreferrer\">Entgeltordnung<\/a><\/li>\n<li><a href=\"\/web\/download\/musikschule_satzung.pdf\" target=\"_blank\" rel=\"noopener noreferrer\">Satzung f\u00fcr die Musikschule<\/a><\/li>\n<\/ul>\n<h4>Informationen nach Artikel 13 Datenschutz-Grundverordnung (DSGVO)<\/h4>\n<ul>\n<li><a href=\"https:\/\/www.mettmann.de\/web\/wp-content\/uploads\/2025\/11\/DSGVO-Informationspflicht_Art_13_Mettmann-Musikschule.pdf\" target=\"_blank\" rel=\"noopener\">DSGVO Informationspflicht<\/a><\/li>\n<\/ul>\n","protected":false},"excerpt":{"rendered":"<p>&nbsp; Die Musikschule Mettmann bietet ein umfassendes musikalisches Ausbildungsangebot f\u00fcr Kinder, Jugendliche und Erwachsene. Unser Angebot Der Unterricht wird ausschlie\u00dflich von Lehrkr\u00e4ften mit abgeschlossenem Hochschulstudium in ihrem Fach bzw. Studenten dieses Studiengangs erteilt. Der Unterricht&#8230;<\/p>\n","protected":false},"author":1,"featured_media":938,"parent":1574,"menu_order":0,"comment_status":"closed","ping_status":"closed","template":"","meta":{"ngg_post_thumbnail":0,"footnotes":""},"class_list":["post-1394","page","type-page","status-publish","has-post-thumbnail","hentry"],"yoast_head":"<!-- This site is optimized with the Yoast SEO plugin v27.2 - https:\/\/yoast.com\/product\/yoast-seo-wordpress\/ -->\n<title>Musikschule Mettmann | Stadtverwaltung Mettmann<\/title>\n<meta name=\"description\" content=\"Die Musikschule Mettmann bietet ein umfassendes musikalisches Ausbildungsangebot f\u00fcr Kinder, Jugendliche und Erwachsene.\" \/>\n<meta name=\"robots\" content=\"index, follow, max-snippet:-1, max-image-preview:large, max-video-preview:-1\" \/>\n<link rel=\"canonical\" href=\"https:\/\/www.mettmann.de\/web\/bildung-soziales\/musikschule-mettmann\/\" \/>\n<meta property=\"og:locale\" content=\"de_DE\" \/>\n<meta property=\"og:type\" content=\"article\" \/>\n<meta property=\"og:title\" content=\"Musikschule Mettmann | Stadtverwaltung Mettmann\" \/>\n<meta property=\"og:description\" content=\"Archivfoto: Kreisstadt Mettmann\" \/>\n<meta property=\"og:url\" content=\"https:\/\/www.mettmann.de\/web\/bildung-soziales\/musikschule-mettmann\/\" \/>\n<meta property=\"og:site_name\" content=\"Stadtverwaltung Mettmann\" \/>\n<meta property=\"article:publisher\" content=\"https:\/\/www.facebook.com\/kreisstadt.mettmann\" \/>\n<meta property=\"article:modified_time\" content=\"2025-11-03T08:50:32+00:00\" \/>\n<meta property=\"og:image\" content=\"https:\/\/www.mettmann.de\/web\/wp-content\/uploads\/2019\/09\/musikschule_vorplatz.jpg\" \/>\n\t<meta property=\"og:image:width\" content=\"1000\" \/>\n\t<meta property=\"og:image:height\" content=\"660\" \/>\n\t<meta property=\"og:image:type\" content=\"image\/jpeg\" \/>\n<meta name=\"twitter:card\" content=\"summary_large_image\" \/>\n<meta name=\"twitter:label1\" content=\"Gesch\u00e4tzte Lesezeit\" \/>\n\t<meta name=\"twitter:data1\" content=\"2\u00a0Minuten\" \/>\n<script type=\"application\/ld+json\" class=\"yoast-schema-graph\">{\"@context\":\"https:\/\/schema.org\",\"@graph\":[{\"@type\":\"WebPage\",\"@id\":\"https:\/\/www.mettmann.de\/web\/bildung-soziales\/musikschule-mettmann\/\",\"url\":\"https:\/\/www.mettmann.de\/web\/bildung-soziales\/musikschule-mettmann\/\",\"name\":\"Musikschule Mettmann | Stadtverwaltung Mettmann\",\"isPartOf\":{\"@id\":\"https:\/\/www.mettmann.de\/web\/#website\"},\"primaryImageOfPage\":{\"@id\":\"https:\/\/www.mettmann.de\/web\/bildung-soziales\/musikschule-mettmann\/#primaryimage\"},\"image\":{\"@id\":\"https:\/\/www.mettmann.de\/web\/bildung-soziales\/musikschule-mettmann\/#primaryimage\"},\"thumbnailUrl\":\"https:\/\/www.mettmann.de\/web\/wp-content\/uploads\/2019\/09\/musikschule_vorplatz.jpg\",\"datePublished\":\"2019-10-03T14:52:00+00:00\",\"dateModified\":\"2025-11-03T08:50:32+00:00\",\"description\":\"Die Musikschule Mettmann bietet ein umfassendes musikalisches Ausbildungsangebot f\u00fcr Kinder, Jugendliche und Erwachsene.\",\"breadcrumb\":{\"@id\":\"https:\/\/www.mettmann.de\/web\/bildung-soziales\/musikschule-mettmann\/#breadcrumb\"},\"inLanguage\":\"de\",\"potentialAction\":[{\"@type\":\"ReadAction\",\"target\":[\"https:\/\/www.mettmann.de\/web\/bildung-soziales\/musikschule-mettmann\/\"]}]},{\"@type\":\"ImageObject\",\"inLanguage\":\"de\",\"@id\":\"https:\/\/www.mettmann.de\/web\/bildung-soziales\/musikschule-mettmann\/#primaryimage\",\"url\":\"https:\/\/www.mettmann.de\/web\/wp-content\/uploads\/2019\/09\/musikschule_vorplatz.jpg\",\"contentUrl\":\"https:\/\/www.mettmann.de\/web\/wp-content\/uploads\/2019\/09\/musikschule_vorplatz.jpg\",\"width\":1000,\"height\":660,\"caption\":\"Der Vorplatz der Musikschule wird jetzt erneuert. (Archivfoto: Kreisstadt Mettmann)\"},{\"@type\":\"BreadcrumbList\",\"@id\":\"https:\/\/www.mettmann.de\/web\/bildung-soziales\/musikschule-mettmann\/#breadcrumb\",\"itemListElement\":[{\"@type\":\"ListItem\",\"position\":1,\"name\":\"Startseite\",\"item\":\"https:\/\/www.mettmann.de\/web\/\"},{\"@type\":\"ListItem\",\"position\":2,\"name\":\"Bildung &#038; Soziales\",\"item\":\"https:\/\/www.mettmann.de\/web\/bildung-soziales\/\"},{\"@type\":\"ListItem\",\"position\":3,\"name\":\"Musikschule Mettmann\"}]},{\"@type\":\"WebSite\",\"@id\":\"https:\/\/www.mettmann.de\/web\/#website\",\"url\":\"https:\/\/www.mettmann.de\/web\/\",\"name\":\"Stadtverwaltung Mettmann\",\"description\":\"Internetseite der Kreisstadt Mettmann\",\"publisher\":{\"@id\":\"https:\/\/www.mettmann.de\/web\/#organization\"},\"potentialAction\":[{\"@type\":\"SearchAction\",\"target\":{\"@type\":\"EntryPoint\",\"urlTemplate\":\"https:\/\/www.mettmann.de\/web\/?s={search_term_string}\"},\"query-input\":{\"@type\":\"PropertyValueSpecification\",\"valueRequired\":true,\"valueName\":\"search_term_string\"}}],\"inLanguage\":\"de\"},{\"@type\":\"Organization\",\"@id\":\"https:\/\/www.mettmann.de\/web\/#organization\",\"name\":\"Kreisstadt Mettmann\",\"url\":\"https:\/\/www.mettmann.de\/web\/\",\"logo\":{\"@type\":\"ImageObject\",\"inLanguage\":\"de\",\"@id\":\"https:\/\/www.mettmann.de\/web\/#\/schema\/logo\/image\/\",\"url\":\"https:\/\/www.mettmann.de\/web\/wp-content\/uploads\/2019\/08\/Kreisstadt_Mettmann_Logo_RGB_150dpi.png\",\"contentUrl\":\"https:\/\/www.mettmann.de\/web\/wp-content\/uploads\/2019\/08\/Kreisstadt_Mettmann_Logo_RGB_150dpi.png\",\"width\":1302,\"height\":191,\"caption\":\"Kreisstadt Mettmann\"},\"image\":{\"@id\":\"https:\/\/www.mettmann.de\/web\/#\/schema\/logo\/image\/\"},\"sameAs\":[\"https:\/\/www.facebook.com\/kreisstadt.mettmann\",\"https:\/\/de.wikipedia.org\/wiki\/Mettmann\"]}]}<\/script>\n<!-- \/ Yoast SEO plugin. -->","yoast_head_json":{"title":"Musikschule Mettmann | Stadtverwaltung Mettmann","description":"Die Musikschule Mettmann bietet ein umfassendes musikalisches Ausbildungsangebot f\u00fcr Kinder, Jugendliche und Erwachsene.","robots":{"index":"index","follow":"follow","max-snippet":"max-snippet:-1","max-image-preview":"max-image-preview:large","max-video-preview":"max-video-preview:-1"},"canonical":"https:\/\/www.mettmann.de\/web\/bildung-soziales\/musikschule-mettmann\/","og_locale":"de_DE","og_type":"article","og_title":"Musikschule Mettmann | Stadtverwaltung Mettmann","og_description":"Archivfoto: Kreisstadt Mettmann","og_url":"https:\/\/www.mettmann.de\/web\/bildung-soziales\/musikschule-mettmann\/","og_site_name":"Stadtverwaltung Mettmann","article_publisher":"https:\/\/www.facebook.com\/kreisstadt.mettmann","article_modified_time":"2025-11-03T08:50:32+00:00","og_image":[{"width":1000,"height":660,"url":"https:\/\/www.mettmann.de\/web\/wp-content\/uploads\/2019\/09\/musikschule_vorplatz.jpg","type":"image\/jpeg"}],"twitter_card":"summary_large_image","twitter_misc":{"Gesch\u00e4tzte Lesezeit":"2\u00a0Minuten"},"schema":{"@context":"https:\/\/schema.org","@graph":[{"@type":"WebPage","@id":"https:\/\/www.mettmann.de\/web\/bildung-soziales\/musikschule-mettmann\/","url":"https:\/\/www.mettmann.de\/web\/bildung-soziales\/musikschule-mettmann\/","name":"Musikschule Mettmann | Stadtverwaltung Mettmann","isPartOf":{"@id":"https:\/\/www.mettmann.de\/web\/#website"},"primaryImageOfPage":{"@id":"https:\/\/www.mettmann.de\/web\/bildung-soziales\/musikschule-mettmann\/#primaryimage"},"image":{"@id":"https:\/\/www.mettmann.de\/web\/bildung-soziales\/musikschule-mettmann\/#primaryimage"},"thumbnailUrl":"https:\/\/www.mettmann.de\/web\/wp-content\/uploads\/2019\/09\/musikschule_vorplatz.jpg","datePublished":"2019-10-03T14:52:00+00:00","dateModified":"2025-11-03T08:50:32+00:00","description":"Die Musikschule Mettmann bietet ein umfassendes musikalisches Ausbildungsangebot f\u00fcr Kinder, Jugendliche und Erwachsene.","breadcrumb":{"@id":"https:\/\/www.mettmann.de\/web\/bildung-soziales\/musikschule-mettmann\/#breadcrumb"},"inLanguage":"de","potentialAction":[{"@type":"ReadAction","target":["https:\/\/www.mettmann.de\/web\/bildung-soziales\/musikschule-mettmann\/"]}]},{"@type":"ImageObject","inLanguage":"de","@id":"https:\/\/www.mettmann.de\/web\/bildung-soziales\/musikschule-mettmann\/#primaryimage","url":"https:\/\/www.mettmann.de\/web\/wp-content\/uploads\/2019\/09\/musikschule_vorplatz.jpg","contentUrl":"https:\/\/www.mettmann.de\/web\/wp-content\/uploads\/2019\/09\/musikschule_vorplatz.jpg","width":1000,"height":660,"caption":"Der Vorplatz der Musikschule wird jetzt erneuert. (Archivfoto: Kreisstadt Mettmann)"},{"@type":"BreadcrumbList","@id":"https:\/\/www.mettmann.de\/web\/bildung-soziales\/musikschule-mettmann\/#breadcrumb","itemListElement":[{"@type":"ListItem","position":1,"name":"Startseite","item":"https:\/\/www.mettmann.de\/web\/"},{"@type":"ListItem","position":2,"name":"Bildung &#038; Soziales","item":"https:\/\/www.mettmann.de\/web\/bildung-soziales\/"},{"@type":"ListItem","position":3,"name":"Musikschule Mettmann"}]},{"@type":"WebSite","@id":"https:\/\/www.mettmann.de\/web\/#website","url":"https:\/\/www.mettmann.de\/web\/","name":"Stadtverwaltung Mettmann","description":"Internetseite der Kreisstadt Mettmann","publisher":{"@id":"https:\/\/www.mettmann.de\/web\/#organization"},"potentialAction":[{"@type":"SearchAction","target":{"@type":"EntryPoint","urlTemplate":"https:\/\/www.mettmann.de\/web\/?s={search_term_string}"},"query-input":{"@type":"PropertyValueSpecification","valueRequired":true,"valueName":"search_term_string"}}],"inLanguage":"de"},{"@type":"Organization","@id":"https:\/\/www.mettmann.de\/web\/#organization","name":"Kreisstadt Mettmann","url":"https:\/\/www.mettmann.de\/web\/","logo":{"@type":"ImageObject","inLanguage":"de","@id":"https:\/\/www.mettmann.de\/web\/#\/schema\/logo\/image\/","url":"https:\/\/www.mettmann.de\/web\/wp-content\/uploads\/2019\/08\/Kreisstadt_Mettmann_Logo_RGB_150dpi.png","contentUrl":"https:\/\/www.mettmann.de\/web\/wp-content\/uploads\/2019\/08\/Kreisstadt_Mettmann_Logo_RGB_150dpi.png","width":1302,"height":191,"caption":"Kreisstadt Mettmann"},"image":{"@id":"https:\/\/www.mettmann.de\/web\/#\/schema\/logo\/image\/"},"sameAs":["https:\/\/www.facebook.com\/kreisstadt.mettmann","https:\/\/de.wikipedia.org\/wiki\/Mettmann"]}]}},"_links":{"self":[{"href":"https:\/\/www.mettmann.de\/web\/wp-json\/wp\/v2\/pages\/1394","targetHints":{"allow":["GET"]}}],"collection":[{"href":"https:\/\/www.mettmann.de\/web\/wp-json\/wp\/v2\/pages"}],"about":[{"href":"https:\/\/www.mettmann.de\/web\/wp-json\/wp\/v2\/types\/page"}],"author":[{"embeddable":true,"href":"https:\/\/www.mettmann.de\/web\/wp-json\/wp\/v2\/users\/1"}],"replies":[{"embeddable":true,"href":"https:\/\/www.mettmann.de\/web\/wp-json\/wp\/v2\/comments?post=1394"}],"version-history":[{"count":59,"href":"https:\/\/www.mettmann.de\/web\/wp-json\/wp\/v2\/pages\/1394\/revisions"}],"predecessor-version":[{"id":55500,"href":"https:\/\/www.mettmann.de\/web\/wp-json\/wp\/v2\/pages\/1394\/revisions\/55500"}],"up":[{"embeddable":true,"href":"https:\/\/www.mettmann.de\/web\/wp-json\/wp\/v2\/pages\/1574"}],"wp:featuredmedia":[{"embeddable":true,"href":"https:\/\/www.mettmann.de\/web\/wp-json\/wp\/v2\/media\/938"}],"wp:attachment":[{"href":"https:\/\/www.mettmann.de\/web\/wp-json\/wp\/v2\/media?parent=1394"}],"curies":[{"name":"wp","href":"https:\/\/api.w.org\/{rel}","templated":true}]}}