{"id":1454,"date":"2019-10-06T16:59:46","date_gmt":"2019-10-06T14:59:46","guid":{"rendered":"https:\/\/www.mettmann.de\/web\/?page_id=1454"},"modified":"2025-12-19T12:27:20","modified_gmt":"2025-12-19T11:27:20","slug":"kindertagespflege","status":"publish","type":"page","link":"https:\/\/www.mettmann.de\/web\/organisationsaufbau\/dezernat-1-4\/jugendamt\/kindertagesbetreuung\/kindertagespflege\/","title":{"rendered":"Kindertagespflege"},"content":{"rendered":"<div id=\"pageName\">\n<div id=\"attachment_1784\" style=\"width: 1034px\" class=\"wp-caption alignnone\"><img loading=\"lazy\" decoding=\"async\" aria-describedby=\"caption-attachment-1784\" class=\"size-large wp-image-1784\" src=\"https:\/\/www.mettmann.de\/web\/wp-content\/uploads\/2019\/10\/kinder-1024x576.jpg\" alt=\"Kinder\" width=\"1024\" height=\"576\" srcset=\"https:\/\/www.mettmann.de\/web\/wp-content\/uploads\/2019\/10\/kinder-1024x576.jpg 1024w, https:\/\/www.mettmann.de\/web\/wp-content\/uploads\/2019\/10\/kinder-300x169.jpg 300w, https:\/\/www.mettmann.de\/web\/wp-content\/uploads\/2019\/10\/kinder-768x432.jpg 768w, https:\/\/www.mettmann.de\/web\/wp-content\/uploads\/2019\/10\/kinder-777x437.jpg 777w, https:\/\/www.mettmann.de\/web\/wp-content\/uploads\/2019\/10\/kinder-260x146.jpg 260w, https:\/\/www.mettmann.de\/web\/wp-content\/uploads\/2019\/10\/kinder-120x67.jpg 120w, https:\/\/www.mettmann.de\/web\/wp-content\/uploads\/2019\/10\/kinder.jpg 1280w\" sizes=\"auto, (max-width: 1024px) 100vw, 1024px\" \/><p id=\"caption-attachment-1784\" class=\"wp-caption-text\">Symbolfoto: ddimitrova \/ pixabay<\/p><\/div>\n<\/div>\n<h3><span style=\"font-family: Rubik; font-size: 18pt;\">Was ist Kindertagespflege?<\/span><\/h3>\n<p>Die Kindertagespflege ist eine zu den Kindertageseinrichtungen gleichrangige Betreuungsform der Kinder- und Jugendhilfe, die aufgrund der kleinen, \u00fcberschaubaren Gruppen und maximal zwei Bezugspersonen besonders f\u00fcr Kinder unter drei Jahren geeignet ist. Durch den famili\u00e4ren und gesch\u00fctzten Rahmen k\u00f6nnen individuelle Bed\u00fcrfnisse von Kindern und Eltern besonders gut ber\u00fccksichtigt werden. Die Kindertagespflegepersonen haben laut \u00a7 22 SGB VIII einen F\u00f6rderungsauftrag, der die Erziehung, Bildung und Betreuung der Tageskinder umfasst und sich auf alle Entwicklungsbereiche bezieht. Die Kinder erleben einen strukturierten Tagesablauf, der auch den Mittagsschlaf und die Mahlzeiten beinhaltet. In einer kleinen Gruppe werden erste Kontakte zu Gleichaltrigen gekn\u00fcpft und die Regeln des sozialen Miteinanders vermittelt.<\/p>\n<p>Derzeit werden in Mettmann rund 230 Pl\u00e4tze in der Kindertagespflege von \u00fcber 50 Kindertagespflegepersonen angeboten. Die Kindertagespflege bietet Eltern ein verl\u00e4ssliches Betreuungsangebot, das die Vereinbarkeit von Familie und Beruf unterst\u00fctzt und sich durch kleine Gruppen, individuelle F\u00f6rderung und eine famili\u00e4re Atmosph\u00e4re auszeichnet.<\/p>\n<ul>\n<li><a href=\"https:\/\/www.mettmann.de\/web\/wp-content\/uploads\/2023\/06\/Flyer_Kindertagespflege_082022.pdf\">Flyer Kindertagespflege<\/a><\/li>\n<\/ul>\n<h3><span style=\"font-family: Rubik; font-size: 18pt;\"><br \/>\nWelche Betreuungsformen gibt es in der Kindertagespflege?<\/span><\/h3>\n<p>Kindertagespflegepersonen betreuen in ihrem Haushalt oder in anderen geeigneten R\u00e4umen bis zu f\u00fcnf Kinder. In Gro\u00dftagespflegestellen sind zwei Kindertagespflegepersonen t\u00e4tig und betreuen maximal neun Kinder. In der Regel werden Betreuungszeiten von 25 &#8211; 45 Stunden pro Woche angeboten.<\/p>\n<p>&nbsp;<\/p>\n<h3><span style=\"font-family: Rubik; font-size: 18pt;\">Welche Qualifikationen haben Kindertagespflegepersonen?<\/span><\/h3>\n<p>Die in Mettmann t\u00e4tigen Kindertagespflegepersonen werden von der Fachberatung des Jugendamtes einer sorgf\u00e4ltigen Eignungspr\u00fcfung unterzogen. Sie verf\u00fcgen \u00fcber eine umfangreiche zertifizierte Qualifizierung, die alle Aspekte der fr\u00fchkindlichen Betreuung und Bildung umfasst.<\/p>\n<p>Dar\u00fcber hinaus nehmen die Kindertagespflegepersonen regelm\u00e4\u00dfig an Fortbildungen teil und werden in ihrer Arbeit durch die Fachberatung Kindertagespflege kontinuierlich fachlich begleitet und beraten.<\/p>\n<p>&nbsp;<\/p>\n<h3><span style=\"font-family: Rubik; font-size: 18pt;\">Fachberatung Kindertagespflege<\/span><\/h3>\n<p><strong>Informationen f\u00fcr Eltern:<\/strong><\/p>\n<p><strong>Wie finde ich einen Platz in der Kindertagespflege?<\/strong><\/p>\n<p>Eltern, die sich f\u00fcr einen Platz in der Kindertagespflege interessieren, k\u00f6nnen sich an die Fachberatung Kindertagespflege wenden. Die Fachberatung bietet eine umfassende \u00dcbersicht \u00fcber die bestehenden Betreuungsangebote in Mettmann, informiert \u00fcber aktuell freie Pl\u00e4tze und unterst\u00fctzt bei der Vermittlung passender Kindertagespflegepersonen. Zudem steht sie bei allen Fragen rund um die Betreuung in der Kindertagespflege beratend zur Seite.<\/p>\n<p>Im Familienportal <a href=\"https:\/\/www.guterstart.nrw.de\/mettmann.suche\" target=\"_blank\" rel=\"noopener\"><u>\u201eGuter Start NRW\u201c<\/u><\/a> und <a href=\"https:\/\/mykitavm.trinuts.de\/mykitavm\/mettmann\/tp\/list\/\" target=\"_blank\" rel=\"noopener\">\u201emykitaVM&#8220;<\/a> finden Eltern schnell und \u00fcbersichtlich qualifizierte Kindertagespflegepersonen innerhalb Mettmanns. Eltern k\u00f6nnen dort direkten Kontakt mit Kindertagespflegepersonen oder der Fachberatung des Jugendamtes aufnehmen.<\/p>\n<p><strong>Sie m\u00f6chten als Kindertagespflegeperson arbeiten?<\/strong><\/p>\n<p>Die Fachberatung Kindertagespflege ist f\u00fcr alle, die sich f\u00fcr die T\u00e4tigkeit der Kindertagespflege interessieren, die erste Informations- und Beratungsstelle.<\/p>\n<p>Die Fachberatung<\/p>\n<ul>\n<li>informiert Sie \u00fcber die Voraussetzungen, die Sie als Kindertagespflegeperson erf\u00fcllen m\u00fcssen.<\/li>\n<li>ber\u00e4t Sie zu Qualifizierungsm\u00f6glichkeiten zur Kindertagespflegeperson.<\/li>\n<li>begleitet Sie bei Ihrer T\u00e4tigkeit als Kindertagespflegeperson.<\/li>\n<\/ul>\n<p>Die Fachberatung steht den aktiven Kindertagespflegepersonen vor Ort w\u00e4hrend ihrer Betreuungsarbeit unterst\u00fctzend zur Seite, sowohl bei p\u00e4dagogischen Fragen als auch bei organisatorischen Themen. Dar\u00fcber hinaus organisiert die Fachberatung regelm\u00e4\u00dfig Treffen zum Fachaustausch sowie Fortbildungen zur fachlichen Weiterentwicklung f\u00fcr die Kindertagespflegepersonen.<\/p>\n<h3><span style=\"font-size: 18pt;\"><span style=\"font-family: Rubik;\">Finanzierung\/ Kosten\/ Antragstellung<\/span> <\/span><\/h3>\n<p>Das Jugendamt der Stadt Mettmann finanziert die Betreuung in der Kindertagespflege durch Zahlung einer laufenden Geldleistung an die Kindertagespflegeperson. Diese Leistung wird gem\u00e4\u00df \u00a737 KiBiz j\u00e4hrlich angepasst und betr\u00e4gt seit dem 1. August 2025 7,09 \u20ac pro Betreuungsstunde.<\/p>\n<p>Von den Eltern wird ein einkommensabh\u00e4ngiger monatlicher <a href=\"https:\/\/www.mettmann.de\/web\/wp-content\/uploads\/2025\/07\/Elternbeitraege-ab-01.08.25.pdf\" target=\"_blank\" rel=\"noopener\">Elternbeitrag<\/a> erhoben, der dem Beitrag f\u00fcr einen Platz in einer Kindertageseinrichtung entspricht. Die jeweils g\u00fcltigen Beitragss\u00e4tze sind in der <a href=\"https:\/\/www.mettmann.de\/web\/wp-content\/uploads\/2025\/05\/Satzung-Elternbeitraege-Kita-mWv-01.08.2025.pdf\" target=\"_blank\" rel=\"noopener\">Elternbeitragssatzung<\/a> der Stadt Mettmann aufgef\u00fchrt.<\/p>\n<p>Sobald Eltern einen Platz in der Kindertagespflege gefunden haben, ist es wichtig, folgende Unterlagen bei der Fachberatung Kindertagespflege einzureichen:<\/p>\n<p>F\u00fcr die Bewilligung des Platzes in der Kindertagespflege ist ein <a href=\"https:\/\/www.mettmann.de\/web\/wp-content\/uploads\/2025\/07\/Antrag-auf-Foerderung-in-der-Kindertagespflege.pdf\" target=\"_blank\" rel=\"noopener\"><u>Antrag auf F\u00f6rderung in der Kindertagespflege<\/u><\/a> notwendig. Au\u00dferdem wird ein <a href=\"https:\/\/www.mettmann.de\/web\/wp-content\/uploads\/2025\/07\/Nachweis-Betreuungsvertrag.pdf\" target=\"_blank\" rel=\"noopener\"><u>Nachweis des Betreuungsvertrages<\/u><\/a> ben\u00f6tigt, um den Beginn sowie den Umfang der Betreuung nachzuweisen. Zus\u00e4tzlich m\u00fcssen <u>Nachweise \u00fcber das Familienbruttoeinkommen<\/u> vorgelegt werden. Diese dienen zur Berechnung des individuellen Elternbeitrags.<\/p>\n<p>Die Kindertagespflegepersonen sind mit diesen Regularien vertraut und dort erhalten die Eltern auch die notwendigen Unterlagen.<\/p>\n<p>&nbsp;<\/p>\n<h3><span style=\"font-family: Rubik; font-size: 18pt;\">Vertretungsangebot des Jugendamtes \u201eSt\u00fctzpunkt Kindertagespflege\u201c<\/span><\/h3>\n<p>Die Kindertagespflege soll Eltern ein verl\u00e4ssliches Betreuungsangebot bieten. Bei unvorhergesehenen Ausf\u00e4llen der Kindertagespflegeperson wird durch den St\u00fctzpunkt, mit drei angestellten Erzieherinnen, die Vertretung der Kindertagespflegeperson in zentral gelegenen R\u00e4umlichkeiten gesichert.<\/p>\n<ul>\n<li><a href=\"https:\/\/www.mettmann.de\/web\/wp-content\/uploads\/2023\/06\/Flyer_Vertretung_Stuetzpunkt_042023.pdf\">Flyer<\/a><a href=\"https:\/\/www.mettmann.de\/web\/wp-content\/uploads\/2023\/06\/Flyer_Vertretung_Stuetzpunkt_042023.pdf\">&nbsp;Vertretung St\u00fctzpunkt<\/a><\/li>\n<\/ul>\n<p><strong>&nbsp;<\/strong><\/p>\n<h3><span style=\"font-family: Rubik; font-size: 18pt;\">Weitere Informationen<\/span><\/h3>\n<p>In der Richtlinie zur Ausgestaltung der Kindertagespflege in Mettmann sind alle relevanten Regelungen und Bestimmungen der Kindertagespflege festgelegt. Die Richtlinie finden <strong><a href=\"https:\/\/www.mettmann.de\/web\/wp-content\/uploads\/2022\/07\/Richtlinie-zur-Ausgestaltung-der-Kindertagespflege-in-Mettmann-3.pdf\" target=\"_blank\" rel=\"noopener\">hier<\/a><\/strong>.<\/p>\n<h3><span style=\"font-size: 18pt;\"><span style=\"font-family: Rubik;\">Ansprechpersonen<\/span> <\/span><\/h3>\n<p><strong>Fachberatung Kindertagespflege<\/strong><\/p>\n<p>Lina Fink (Teamleitung &amp; Koordination) \u2013 Telefon 02104 \/ 980-475<\/p>\n<p>Ursula Kala &#8211; Telefon 02104 \/ 980-433<br \/>\nChristiane Breucker &#8211; Telefon 02104 \/ 980-433<\/p>\n<p>Rathaus Neanderstr. 85, Altbau Raum 14<\/p>\n<p>E-Mail: <a href=\"mailto:kindertagespflege@mettmann.de\">kindertagespflege@mettmann.de<\/a><\/p>\n<p><strong>St\u00fctzpunkt Kindertagespflege <\/strong><\/p>\n<p>Telefon:&nbsp; 0173 \/ 5303138<\/p>\n<p><strong><br \/>\nSachbearbeitung\/ Elternbeitr\u00e4ge\/ Entgeltzahlungen an Kindertagespflegepersonen <\/strong><\/p>\n<p>Nicole Frohriep \u2013 Telefon 02104 \/ 980-432<br \/>\nMargherita Mistrulli \u2013 Telefon 02104 \/ 980-431<br \/>\nQuirin Okon \u2013 Telefon 02104 \/ 980-434<\/p>\n<p>Rathaus Neanderstr. 85, Altbau Raum 16<\/p>\n<p>E-Mail: <a href=\"mailto:elternbeitraege@mettmann.de\">elternbeitraege@mettmann.de<\/a><\/p>\n<p>&nbsp;<\/p>\n","protected":false},"excerpt":{"rendered":"<p>Was ist Kindertagespflege? Die Kindertagespflege ist eine zu den Kindertageseinrichtungen gleichrangige Betreuungsform der Kinder- und Jugendhilfe, die aufgrund der kleinen, \u00fcberschaubaren Gruppen und maximal zwei Bezugspersonen besonders f\u00fcr Kinder unter drei Jahren geeignet ist. Durch&#8230;<\/p>\n","protected":false},"author":1,"featured_media":1784,"parent":1436,"menu_order":0,"comment_status":"closed","ping_status":"closed","template":"","meta":{"ngg_post_thumbnail":0,"footnotes":""},"class_list":["post-1454","page","type-page","status-publish","has-post-thumbnail","hentry"],"yoast_head":"<!-- This site is optimized with the Yoast SEO plugin v27.2 - https:\/\/yoast.com\/product\/yoast-seo-wordpress\/ -->\n<title>Kindertagespflege | Stadtverwaltung Mettmann<\/title>\n<meta name=\"description\" content=\"Kindertagespflege als Alternative zur Betreuung in Kitas wird derzeit mit ca. 240 Pl\u00e4tzen \/ 50 Tagespflegepersonen in Mettmann angeboten.\" \/>\n<meta name=\"robots\" content=\"index, follow, max-snippet:-1, max-image-preview:large, max-video-preview:-1\" \/>\n<link rel=\"canonical\" href=\"https:\/\/www.mettmann.de\/web\/organisationsaufbau\/dezernat-1-4\/jugendamt\/kindertagesbetreuung\/kindertagespflege\/\" \/>\n<meta property=\"og:locale\" content=\"de_DE\" \/>\n<meta property=\"og:type\" content=\"article\" \/>\n<meta property=\"og:title\" content=\"Kindertagespflege | Stadtverwaltung Mettmann\" \/>\n<meta property=\"og:description\" content=\"Symbolfoto: ddimitrova \/ pixabay\" \/>\n<meta property=\"og:url\" content=\"https:\/\/www.mettmann.de\/web\/organisationsaufbau\/dezernat-1-4\/jugendamt\/kindertagesbetreuung\/kindertagespflege\/\" \/>\n<meta property=\"og:site_name\" content=\"Stadtverwaltung Mettmann\" \/>\n<meta property=\"article:publisher\" content=\"https:\/\/www.facebook.com\/kreisstadt.mettmann\" \/>\n<meta property=\"article:modified_time\" content=\"2025-12-19T11:27:20+00:00\" \/>\n<meta property=\"og:image\" content=\"https:\/\/www.mettmann.de\/web\/wp-content\/uploads\/2019\/10\/kinder.jpg\" \/>\n\t<meta property=\"og:image:width\" content=\"1280\" \/>\n\t<meta property=\"og:image:height\" content=\"720\" \/>\n\t<meta property=\"og:image:type\" content=\"image\/jpeg\" \/>\n<meta name=\"twitter:card\" content=\"summary_large_image\" \/>\n<meta name=\"twitter:label1\" content=\"Gesch\u00e4tzte Lesezeit\" \/>\n\t<meta name=\"twitter:data1\" content=\"5\u00a0Minuten\" \/>\n<script type=\"application\/ld+json\" class=\"yoast-schema-graph\">{\"@context\":\"https:\/\/schema.org\",\"@graph\":[{\"@type\":\"WebPage\",\"@id\":\"https:\/\/www.mettmann.de\/web\/organisationsaufbau\/dezernat-1-4\/jugendamt\/kindertagesbetreuung\/kindertagespflege\/\",\"url\":\"https:\/\/www.mettmann.de\/web\/organisationsaufbau\/dezernat-1-4\/jugendamt\/kindertagesbetreuung\/kindertagespflege\/\",\"name\":\"Kindertagespflege | Stadtverwaltung Mettmann\",\"isPartOf\":{\"@id\":\"https:\/\/www.mettmann.de\/web\/#website\"},\"primaryImageOfPage\":{\"@id\":\"https:\/\/www.mettmann.de\/web\/organisationsaufbau\/dezernat-1-4\/jugendamt\/kindertagesbetreuung\/kindertagespflege\/#primaryimage\"},\"image\":{\"@id\":\"https:\/\/www.mettmann.de\/web\/organisationsaufbau\/dezernat-1-4\/jugendamt\/kindertagesbetreuung\/kindertagespflege\/#primaryimage\"},\"thumbnailUrl\":\"https:\/\/www.mettmann.de\/web\/wp-content\/uploads\/2019\/10\/kinder.jpg\",\"datePublished\":\"2019-10-06T14:59:46+00:00\",\"dateModified\":\"2025-12-19T11:27:20+00:00\",\"description\":\"Kindertagespflege als Alternative zur Betreuung in Kitas wird derzeit mit ca. 240 Pl\u00e4tzen \/ 50 Tagespflegepersonen in Mettmann angeboten.\",\"breadcrumb\":{\"@id\":\"https:\/\/www.mettmann.de\/web\/organisationsaufbau\/dezernat-1-4\/jugendamt\/kindertagesbetreuung\/kindertagespflege\/#breadcrumb\"},\"inLanguage\":\"de\",\"potentialAction\":[{\"@type\":\"ReadAction\",\"target\":[\"https:\/\/www.mettmann.de\/web\/organisationsaufbau\/dezernat-1-4\/jugendamt\/kindertagesbetreuung\/kindertagespflege\/\"]}]},{\"@type\":\"ImageObject\",\"inLanguage\":\"de\",\"@id\":\"https:\/\/www.mettmann.de\/web\/organisationsaufbau\/dezernat-1-4\/jugendamt\/kindertagesbetreuung\/kindertagespflege\/#primaryimage\",\"url\":\"https:\/\/www.mettmann.de\/web\/wp-content\/uploads\/2019\/10\/kinder.jpg\",\"contentUrl\":\"https:\/\/www.mettmann.de\/web\/wp-content\/uploads\/2019\/10\/kinder.jpg\",\"width\":1280,\"height\":720,\"caption\":\"Symbolfoto: ddimitrova \/ pixabay\"},{\"@type\":\"BreadcrumbList\",\"@id\":\"https:\/\/www.mettmann.de\/web\/organisationsaufbau\/dezernat-1-4\/jugendamt\/kindertagesbetreuung\/kindertagespflege\/#breadcrumb\",\"itemListElement\":[{\"@type\":\"ListItem\",\"position\":1,\"name\":\"Startseite\",\"item\":\"https:\/\/www.mettmann.de\/web\/\"},{\"@type\":\"ListItem\",\"position\":2,\"name\":\"Stadtverwaltung\",\"item\":\"https:\/\/www.mettmann.de\/web\/organisationsaufbau\/\"},{\"@type\":\"ListItem\",\"position\":3,\"name\":\"Dezernat 4\",\"item\":\"https:\/\/www.mettmann.de\/web\/organisationsaufbau\/dezernat-1-4\/\"},{\"@type\":\"ListItem\",\"position\":4,\"name\":\"Jugendamt\",\"item\":\"https:\/\/www.mettmann.de\/web\/organisationsaufbau\/dezernat-1-4\/jugendamt\/\"},{\"@type\":\"ListItem\",\"position\":5,\"name\":\"Kindertagesbetreuung\",\"item\":\"https:\/\/www.mettmann.de\/web\/organisationsaufbau\/dezernat-1-4\/jugendamt\/kindertagesbetreuung\/\"},{\"@type\":\"ListItem\",\"position\":6,\"name\":\"Kindertagespflege\"}]},{\"@type\":\"WebSite\",\"@id\":\"https:\/\/www.mettmann.de\/web\/#website\",\"url\":\"https:\/\/www.mettmann.de\/web\/\",\"name\":\"Stadtverwaltung Mettmann\",\"description\":\"Internetseite der Kreisstadt Mettmann\",\"publisher\":{\"@id\":\"https:\/\/www.mettmann.de\/web\/#organization\"},\"potentialAction\":[{\"@type\":\"SearchAction\",\"target\":{\"@type\":\"EntryPoint\",\"urlTemplate\":\"https:\/\/www.mettmann.de\/web\/?s={search_term_string}\"},\"query-input\":{\"@type\":\"PropertyValueSpecification\",\"valueRequired\":true,\"valueName\":\"search_term_string\"}}],\"inLanguage\":\"de\"},{\"@type\":\"Organization\",\"@id\":\"https:\/\/www.mettmann.de\/web\/#organization\",\"name\":\"Kreisstadt Mettmann\",\"url\":\"https:\/\/www.mettmann.de\/web\/\",\"logo\":{\"@type\":\"ImageObject\",\"inLanguage\":\"de\",\"@id\":\"https:\/\/www.mettmann.de\/web\/#\/schema\/logo\/image\/\",\"url\":\"https:\/\/www.mettmann.de\/web\/wp-content\/uploads\/2019\/08\/Kreisstadt_Mettmann_Logo_RGB_150dpi.png\",\"contentUrl\":\"https:\/\/www.mettmann.de\/web\/wp-content\/uploads\/2019\/08\/Kreisstadt_Mettmann_Logo_RGB_150dpi.png\",\"width\":1302,\"height\":191,\"caption\":\"Kreisstadt Mettmann\"},\"image\":{\"@id\":\"https:\/\/www.mettmann.de\/web\/#\/schema\/logo\/image\/\"},\"sameAs\":[\"https:\/\/www.facebook.com\/kreisstadt.mettmann\",\"https:\/\/de.wikipedia.org\/wiki\/Mettmann\"]}]}<\/script>\n<!-- \/ Yoast SEO plugin. -->","yoast_head_json":{"title":"Kindertagespflege | Stadtverwaltung Mettmann","description":"Kindertagespflege als Alternative zur Betreuung in Kitas wird derzeit mit ca. 240 Pl\u00e4tzen \/ 50 Tagespflegepersonen in Mettmann angeboten.","robots":{"index":"index","follow":"follow","max-snippet":"max-snippet:-1","max-image-preview":"max-image-preview:large","max-video-preview":"max-video-preview:-1"},"canonical":"https:\/\/www.mettmann.de\/web\/organisationsaufbau\/dezernat-1-4\/jugendamt\/kindertagesbetreuung\/kindertagespflege\/","og_locale":"de_DE","og_type":"article","og_title":"Kindertagespflege | Stadtverwaltung Mettmann","og_description":"Symbolfoto: ddimitrova \/ pixabay","og_url":"https:\/\/www.mettmann.de\/web\/organisationsaufbau\/dezernat-1-4\/jugendamt\/kindertagesbetreuung\/kindertagespflege\/","og_site_name":"Stadtverwaltung Mettmann","article_publisher":"https:\/\/www.facebook.com\/kreisstadt.mettmann","article_modified_time":"2025-12-19T11:27:20+00:00","og_image":[{"width":1280,"height":720,"url":"https:\/\/www.mettmann.de\/web\/wp-content\/uploads\/2019\/10\/kinder.jpg","type":"image\/jpeg"}],"twitter_card":"summary_large_image","twitter_misc":{"Gesch\u00e4tzte Lesezeit":"5\u00a0Minuten"},"schema":{"@context":"https:\/\/schema.org","@graph":[{"@type":"WebPage","@id":"https:\/\/www.mettmann.de\/web\/organisationsaufbau\/dezernat-1-4\/jugendamt\/kindertagesbetreuung\/kindertagespflege\/","url":"https:\/\/www.mettmann.de\/web\/organisationsaufbau\/dezernat-1-4\/jugendamt\/kindertagesbetreuung\/kindertagespflege\/","name":"Kindertagespflege | Stadtverwaltung Mettmann","isPartOf":{"@id":"https:\/\/www.mettmann.de\/web\/#website"},"primaryImageOfPage":{"@id":"https:\/\/www.mettmann.de\/web\/organisationsaufbau\/dezernat-1-4\/jugendamt\/kindertagesbetreuung\/kindertagespflege\/#primaryimage"},"image":{"@id":"https:\/\/www.mettmann.de\/web\/organisationsaufbau\/dezernat-1-4\/jugendamt\/kindertagesbetreuung\/kindertagespflege\/#primaryimage"},"thumbnailUrl":"https:\/\/www.mettmann.de\/web\/wp-content\/uploads\/2019\/10\/kinder.jpg","datePublished":"2019-10-06T14:59:46+00:00","dateModified":"2025-12-19T11:27:20+00:00","description":"Kindertagespflege als Alternative zur Betreuung in Kitas wird derzeit mit ca. 240 Pl\u00e4tzen \/ 50 Tagespflegepersonen in Mettmann angeboten.","breadcrumb":{"@id":"https:\/\/www.mettmann.de\/web\/organisationsaufbau\/dezernat-1-4\/jugendamt\/kindertagesbetreuung\/kindertagespflege\/#breadcrumb"},"inLanguage":"de","potentialAction":[{"@type":"ReadAction","target":["https:\/\/www.mettmann.de\/web\/organisationsaufbau\/dezernat-1-4\/jugendamt\/kindertagesbetreuung\/kindertagespflege\/"]}]},{"@type":"ImageObject","inLanguage":"de","@id":"https:\/\/www.mettmann.de\/web\/organisationsaufbau\/dezernat-1-4\/jugendamt\/kindertagesbetreuung\/kindertagespflege\/#primaryimage","url":"https:\/\/www.mettmann.de\/web\/wp-content\/uploads\/2019\/10\/kinder.jpg","contentUrl":"https:\/\/www.mettmann.de\/web\/wp-content\/uploads\/2019\/10\/kinder.jpg","width":1280,"height":720,"caption":"Symbolfoto: ddimitrova \/ pixabay"},{"@type":"BreadcrumbList","@id":"https:\/\/www.mettmann.de\/web\/organisationsaufbau\/dezernat-1-4\/jugendamt\/kindertagesbetreuung\/kindertagespflege\/#breadcrumb","itemListElement":[{"@type":"ListItem","position":1,"name":"Startseite","item":"https:\/\/www.mettmann.de\/web\/"},{"@type":"ListItem","position":2,"name":"Stadtverwaltung","item":"https:\/\/www.mettmann.de\/web\/organisationsaufbau\/"},{"@type":"ListItem","position":3,"name":"Dezernat 4","item":"https:\/\/www.mettmann.de\/web\/organisationsaufbau\/dezernat-1-4\/"},{"@type":"ListItem","position":4,"name":"Jugendamt","item":"https:\/\/www.mettmann.de\/web\/organisationsaufbau\/dezernat-1-4\/jugendamt\/"},{"@type":"ListItem","position":5,"name":"Kindertagesbetreuung","item":"https:\/\/www.mettmann.de\/web\/organisationsaufbau\/dezernat-1-4\/jugendamt\/kindertagesbetreuung\/"},{"@type":"ListItem","position":6,"name":"Kindertagespflege"}]},{"@type":"WebSite","@id":"https:\/\/www.mettmann.de\/web\/#website","url":"https:\/\/www.mettmann.de\/web\/","name":"Stadtverwaltung Mettmann","description":"Internetseite der Kreisstadt Mettmann","publisher":{"@id":"https:\/\/www.mettmann.de\/web\/#organization"},"potentialAction":[{"@type":"SearchAction","target":{"@type":"EntryPoint","urlTemplate":"https:\/\/www.mettmann.de\/web\/?s={search_term_string}"},"query-input":{"@type":"PropertyValueSpecification","valueRequired":true,"valueName":"search_term_string"}}],"inLanguage":"de"},{"@type":"Organization","@id":"https:\/\/www.mettmann.de\/web\/#organization","name":"Kreisstadt Mettmann","url":"https:\/\/www.mettmann.de\/web\/","logo":{"@type":"ImageObject","inLanguage":"de","@id":"https:\/\/www.mettmann.de\/web\/#\/schema\/logo\/image\/","url":"https:\/\/www.mettmann.de\/web\/wp-content\/uploads\/2019\/08\/Kreisstadt_Mettmann_Logo_RGB_150dpi.png","contentUrl":"https:\/\/www.mettmann.de\/web\/wp-content\/uploads\/2019\/08\/Kreisstadt_Mettmann_Logo_RGB_150dpi.png","width":1302,"height":191,"caption":"Kreisstadt Mettmann"},"image":{"@id":"https:\/\/www.mettmann.de\/web\/#\/schema\/logo\/image\/"},"sameAs":["https:\/\/www.facebook.com\/kreisstadt.mettmann","https:\/\/de.wikipedia.org\/wiki\/Mettmann"]}]}},"_links":{"self":[{"href":"https:\/\/www.mettmann.de\/web\/wp-json\/wp\/v2\/pages\/1454","targetHints":{"allow":["GET"]}}],"collection":[{"href":"https:\/\/www.mettmann.de\/web\/wp-json\/wp\/v2\/pages"}],"about":[{"href":"https:\/\/www.mettmann.de\/web\/wp-json\/wp\/v2\/types\/page"}],"author":[{"embeddable":true,"href":"https:\/\/www.mettmann.de\/web\/wp-json\/wp\/v2\/users\/1"}],"replies":[{"embeddable":true,"href":"https:\/\/www.mettmann.de\/web\/wp-json\/wp\/v2\/comments?post=1454"}],"version-history":[{"count":63,"href":"https:\/\/www.mettmann.de\/web\/wp-json\/wp\/v2\/pages\/1454\/revisions"}],"predecessor-version":[{"id":57042,"href":"https:\/\/www.mettmann.de\/web\/wp-json\/wp\/v2\/pages\/1454\/revisions\/57042"}],"up":[{"embeddable":true,"href":"https:\/\/www.mettmann.de\/web\/wp-json\/wp\/v2\/pages\/1436"}],"wp:featuredmedia":[{"embeddable":true,"href":"https:\/\/www.mettmann.de\/web\/wp-json\/wp\/v2\/media\/1784"}],"wp:attachment":[{"href":"https:\/\/www.mettmann.de\/web\/wp-json\/wp\/v2\/media?parent=1454"}],"curies":[{"name":"wp","href":"https:\/\/api.w.org\/{rel}","templated":true}]}}