{"id":1463,"date":"2019-10-06T17:21:57","date_gmt":"2019-10-06T15:21:57","guid":{"rendered":"https:\/\/www.mettmann.de\/web\/?page_id=1463"},"modified":"2026-03-09T16:13:07","modified_gmt":"2026-03-09T15:13:07","slug":"kommunaler-sozialdienst","status":"publish","type":"page","link":"https:\/\/www.mettmann.de\/web\/organisationsaufbau\/dezernat-1-4\/jugendamt\/jugendhilfe\/kommunaler-sozialdienst\/","title":{"rendered":"Kommunaler Sozialdienst"},"content":{"rendered":"<h3>Zust\u00e4ndigkeiten<\/h3>\n<ul>\n<li>Pers\u00f6nliche Beratung in allen Lebenslagen<\/li>\n<li>Hilfe zur Erziehung<\/li>\n<li>Eingliederungshilfe<\/li>\n<li>Trennungs- und Scheidungsberatung<\/li>\n<li>Mitwirkung in familiengerichtlichen Verfahren<\/li>\n<li>Schutz vor Gewalt, Gef\u00e4hrdung und Unterversorgung in famili\u00e4ren Lebensbez\u00fcgen<\/li>\n<\/ul>\n<h3>&nbsp;<\/h3>\n<h3>Abteilungsleitung<\/h3>\n<p><a href=\"mailto:sascha.warnecke@mettmann.de\">Sascha Warnecke<\/a> &#8211; Telefon: 02104 \/ 980-435&nbsp;<br \/>\n<a href=\"mailto:anna.schubert@mettmann.de\">Anna Schubert<\/a> (stellv. Abteilungsleitung) &#8211; Telefon: 02104 \/ 980-496<\/p>\n<h3>Mitarbeiter\/innen<\/h3>\n<p><a href=\"mailto:heike.altenrath@mettmann.de\">Heike Altenrath<\/a> &#8211; Telefon: 02104 \/ 980-438<br \/>\n<a href=\"mailto:amel.ayari@mettmann.de\">Amel Ayari<\/a> &#8211; Telefon: 02104 \/ 980-442&nbsp;<br \/>\n<a href=\"mailto:shirin.brandt@mettmann.de\">Shirin Brandt<\/a> &#8211; Telefon: 02104 \/ 980-488<br \/>\n<a href=\"mailto:claudia.erkens@mettmann.de\">Claudia Erkens<\/a> &#8211; Telefon: 02104 \/ 980-441<br \/>\n<a href=\"mailto:marion.germano@mettmann.de\">Marion Germano<\/a> &#8211; Telefon: 02104 \/ 980-480<br \/>\n<a href=\"mailto:alicia.heyward-kreutzer@mettmann.de\">Alicia Heyward-Kreutzer<\/a> &#8211; Telefon: 02104 \/ 980-446&nbsp;<br \/>\n<a href=\"mailto:anja.kapfer@mettmann.de\">Anja Kapfer<\/a> &#8211; Telefon: 02104 \/ 980-472<br \/>\n<a href=\"mailto:miriam.kern@mettmann.de\" target=\"_blank\" rel=\"noopener\">Miriam Kern<\/a> &#8211; Telefon 02104 \/ 980-440<br \/>\n<a href=\"mailto:silvia.kocyba@mettmann.de\">Silvia Kocyba<\/a> &#8211; Telefon: 02104 \/ 980-477<br \/>\n<a href=\"mailto:jessica.martin@mettmann.de\">Jessica Martin<\/a> &#8211; Telefon: 02104 \/ 980-471<br \/>\n<a href=\"mailto:jacqueline.melchert@mettmann.de\">Jacqueline Melchert<\/a> &#8211; Telefon: 02104 \/ 980-489<br \/>\n<a href=\"mailto:rbekka.pastuska@mettmann.de\">Rebekka Pastuska<\/a> &#8211; Telefon: 02104 \/ 980-492<br \/>\n<a href=\"mailto:nalini.perera@mettmann.de\">Nalini Perera<\/a> &#8211; Telefon: 02104 \/ 980-478<br \/>\n<a href=\"mailto:beke.rieth@mettmann.de\">Beke Rieth<\/a> &#8211; Telefon: 02104 \/980-473<\/p>\n<p><strong>Notrufnummer \/ Kinderschutz:<\/strong> 02104 \/ 980-633; Fax: 02104 \/ 980-761<\/p>\n<h3>Eingliederungshilfe<\/h3>\n<p><a href=\"mailto:vera.freymann-iven@mettmann.de\"><span style=\"font-family: Mulish; font-size: 12pt;\">Vera Freymann-Iven<\/span><\/a><span style=\"font-family: Mulish; font-size: 12pt;\"> &#8211; Telefon: 02104 \/ 980-445<\/span><br \/>\n<span style=\"font-family: Mulish; font-size: 12pt;\"><a href=\"mailto:lisa.mayer-yilmaz@mettmann.de\">Lisa Mayer-Yilmaz<\/a> &#8211; Telefon: 02104 \/ 980-474<\/span><\/p>\n<p>&nbsp;<\/p>\n<h3>Erreichbarkeit<\/h3>\n<p class=\"eingerueckt40\">montags, dienstags und mittwochs: 9.00 Uhr &#8211; 15.30 Uhr<br \/>\ndonnerstags: 09.00 Uhr &#8211; 17.30 Uhr<br \/>\nfreitags: 09.00 Uhr &#8211; 12.00 Uhr<\/p>\n<p class=\"eingerueckt40\">Wir empfehlen eine telefonische Terminvereinbarung.<\/p>\n<p class=\"eingerueckt40\">Erreichbarkeit in Kinderschutzf\u00e4llen: 02104 \/ 980-633<\/p>\n<p>&nbsp;<\/p>\n<h3>Kommunaler Sozialdienst<\/h3>\n<p class=\"eingerueckt40\">Das Team des Kommunalen Sozialdienstes ist Ansprechpartner f\u00fcr Menschen, die in Mettmann leben und<\/p>\n<ul class=\"eingerueckt40\" type=\"square\">\n<li class=\"eingerueckt40\">Information<\/li>\n<li class=\"eingerueckt40\">Beratung<\/li>\n<li class=\"eingerueckt40\">Hilfe<\/li>\n<\/ul>\n<p class=\"eingerueckt40\">in ihrer pers\u00f6nlichen Lebenssituation ben\u00f6tigen.<br \/>\nWir sind Fachkr\u00e4fte, die Familien, Alleinerziehende oder Einzelpersonen in schwierigen Lebenslagen unterst\u00fctzen.<\/p>\n<p class=\"eingerueckt40\">Wir beraten und &nbsp;geben Hilfestellung<\/p>\n<ul class=\"eingerueckt40\" type=\"square\">\n<li class=\"eingerueckt40\">bei Familien-, Erziehungs- und Versorgungsfragen<\/li>\n<li class=\"eingerueckt40\">in Trennungs- und Scheidungssituationen<\/li>\n<li class=\"eingerueckt40\">bei Sorgerechts- und Umgangsfragen<\/li>\n<li class=\"eingerueckt40\">bei Wohnproblemen und drohender Obdachlosigkeit<\/li>\n<li class=\"eingerueckt40\">bei Strafverfahren bis zum 21. Lebensjahr<\/li>\n<li class=\"eingerueckt40\">in Fragen zur Pflegekinderhilfe und Adoption<\/li>\n<\/ul>\n<p class=\"eingerueckt40\">In vertraulichen Gespr\u00e4chen werden Ratsuchende \u00fcber ihre gesetzlichen Anspr\u00fcche, bestehende Hilfsangebote und Aktivit\u00e4ten sowie die M\u00f6glichkeiten zur Selbsthilfe informiert.<\/p>\n<p class=\"eingerueckt40\">Wir vermitteln direkte Hilfen zur Versorgung von Familien in Notsituationen und arbeiten zusammen mit:<\/p>\n<ul class=\"eingerueckt40\" type=\"square\">\n<li class=\"eingerueckt40\">Kindertageseinrichtungen und Schulen<\/li>\n<li class=\"eingerueckt40\">Psychologischen Dienst und anderen Beratungsstellen<\/li>\n<li class=\"eingerueckt40\">Freien Tr\u00e4gern der Jugendhilfe<\/li>\n<\/ul>\n<p class=\"eingerueckt40\">Eine wichtige Aufgabe besteht im Schutz von Kindern vor Gewalt, Gef\u00e4hrdung und vor Unterversorgung in famili\u00e4ren Lebensbez\u00fcgen.<\/p>\n<p class=\"eingerueckt40\">Auf Wunsch kommen wir auch zu Ihnen nach Hause.<\/p>\n<p>&nbsp;<\/p>\n<h3>Weitere Informationen<\/h3>\n<ul>\n<li><a href=\"https:\/\/www.mettmann.de\/web\/wp-content\/uploads\/2024\/02\/Flyer_KSD_022024-neu.pdf\" target=\"_blank\" rel=\"noopener\">Flyer Kommunaler Sozialdienst<\/a><\/li>\n<\/ul>\n<p class=\"eingerueckt40\">&nbsp;<\/p>\n","protected":false},"excerpt":{"rendered":"<p>Zust\u00e4ndigkeiten Pers\u00f6nliche Beratung in allen Lebenslagen Hilfe zur Erziehung Eingliederungshilfe Trennungs- und Scheidungsberatung Mitwirkung in familiengerichtlichen Verfahren Schutz vor Gewalt, Gef\u00e4hrdung und Unterversorgung in famili\u00e4ren Lebensbez\u00fcgen &nbsp; Abteilungsleitung Sascha Warnecke &#8211; Telefon: 02104 \/ 980-435&nbsp;&#8230;<\/p>\n","protected":false},"author":1,"featured_media":579,"parent":1456,"menu_order":2,"comment_status":"closed","ping_status":"closed","template":"","meta":{"ngg_post_thumbnail":0,"footnotes":""},"class_list":["post-1463","page","type-page","status-publish","has-post-thumbnail","hentry"],"yoast_head":"<!-- This site is optimized with the Yoast SEO plugin v27.2 - https:\/\/yoast.com\/product\/yoast-seo-wordpress\/ -->\n<title>Kommunaler Sozialdienst | Stadtverwaltung Mettmann<\/title>\n<meta name=\"robots\" content=\"index, follow, max-snippet:-1, max-image-preview:large, max-video-preview:-1\" \/>\n<link rel=\"canonical\" href=\"https:\/\/www.mettmann.de\/web\/organisationsaufbau\/dezernat-1-4\/jugendamt\/jugendhilfe\/kommunaler-sozialdienst\/\" \/>\n<meta property=\"og:locale\" content=\"de_DE\" \/>\n<meta property=\"og:type\" content=\"article\" \/>\n<meta property=\"og:title\" content=\"Kommunaler Sozialdienst | Stadtverwaltung Mettmann\" \/>\n<meta property=\"og:description\" content=\"Zust\u00e4ndigkeiten Pers\u00f6nliche Beratung in allen Lebenslagen Hilfe zur Erziehung Eingliederungshilfe Trennungs- und Scheidungsberatung Mitwirkung in familiengerichtlichen Verfahren Schutz vor Gewalt, Gef\u00e4hrdung und Unterversorgung in famili\u00e4ren Lebensbez\u00fcgen &nbsp; Abteilungsleitung Sascha Warnecke &#8211; Telefon: 02104 \/ 980-435&nbsp;...\" \/>\n<meta property=\"og:url\" content=\"https:\/\/www.mettmann.de\/web\/organisationsaufbau\/dezernat-1-4\/jugendamt\/jugendhilfe\/kommunaler-sozialdienst\/\" \/>\n<meta property=\"og:site_name\" content=\"Stadtverwaltung Mettmann\" \/>\n<meta property=\"article:publisher\" content=\"https:\/\/www.facebook.com\/kreisstadt.mettmann\" \/>\n<meta property=\"article:modified_time\" content=\"2026-03-09T15:13:07+00:00\" \/>\n<meta property=\"og:image\" content=\"https:\/\/www.mettmann.de\/web\/wp-content\/uploads\/2019\/08\/kircht\u00fcrme-mettmann_16-9-1024x576.jpg\" \/>\n\t<meta property=\"og:image:width\" content=\"1024\" \/>\n\t<meta property=\"og:image:height\" content=\"576\" \/>\n\t<meta property=\"og:image:type\" content=\"image\/jpeg\" \/>\n<meta name=\"twitter:card\" content=\"summary_large_image\" \/>\n<meta name=\"twitter:label1\" content=\"Gesch\u00e4tzte Lesezeit\" \/>\n\t<meta name=\"twitter:data1\" content=\"3\u00a0Minuten\" \/>\n<script type=\"application\/ld+json\" class=\"yoast-schema-graph\">{\"@context\":\"https:\/\/schema.org\",\"@graph\":[{\"@type\":\"WebPage\",\"@id\":\"https:\/\/www.mettmann.de\/web\/organisationsaufbau\/dezernat-1-4\/jugendamt\/jugendhilfe\/kommunaler-sozialdienst\/\",\"url\":\"https:\/\/www.mettmann.de\/web\/organisationsaufbau\/dezernat-1-4\/jugendamt\/jugendhilfe\/kommunaler-sozialdienst\/\",\"name\":\"Kommunaler Sozialdienst | Stadtverwaltung Mettmann\",\"isPartOf\":{\"@id\":\"https:\/\/www.mettmann.de\/web\/#website\"},\"primaryImageOfPage\":{\"@id\":\"https:\/\/www.mettmann.de\/web\/organisationsaufbau\/dezernat-1-4\/jugendamt\/jugendhilfe\/kommunaler-sozialdienst\/#primaryimage\"},\"image\":{\"@id\":\"https:\/\/www.mettmann.de\/web\/organisationsaufbau\/dezernat-1-4\/jugendamt\/jugendhilfe\/kommunaler-sozialdienst\/#primaryimage\"},\"thumbnailUrl\":\"https:\/\/www.mettmann.de\/web\/wp-content\/uploads\/2019\/08\/kircht\u00fcrme-mettmann_16-9.jpg\",\"datePublished\":\"2019-10-06T15:21:57+00:00\",\"dateModified\":\"2026-03-09T15:13:07+00:00\",\"breadcrumb\":{\"@id\":\"https:\/\/www.mettmann.de\/web\/organisationsaufbau\/dezernat-1-4\/jugendamt\/jugendhilfe\/kommunaler-sozialdienst\/#breadcrumb\"},\"inLanguage\":\"de\",\"potentialAction\":[{\"@type\":\"ReadAction\",\"target\":[\"https:\/\/www.mettmann.de\/web\/organisationsaufbau\/dezernat-1-4\/jugendamt\/jugendhilfe\/kommunaler-sozialdienst\/\"]}]},{\"@type\":\"ImageObject\",\"inLanguage\":\"de\",\"@id\":\"https:\/\/www.mettmann.de\/web\/organisationsaufbau\/dezernat-1-4\/jugendamt\/jugendhilfe\/kommunaler-sozialdienst\/#primaryimage\",\"url\":\"https:\/\/www.mettmann.de\/web\/wp-content\/uploads\/2019\/08\/kircht\u00fcrme-mettmann_16-9.jpg\",\"contentUrl\":\"https:\/\/www.mettmann.de\/web\/wp-content\/uploads\/2019\/08\/kircht\u00fcrme-mettmann_16-9.jpg\",\"width\":4643,\"height\":2612,\"caption\":\"Kircht\u00fcrme Mettmann\"},{\"@type\":\"BreadcrumbList\",\"@id\":\"https:\/\/www.mettmann.de\/web\/organisationsaufbau\/dezernat-1-4\/jugendamt\/jugendhilfe\/kommunaler-sozialdienst\/#breadcrumb\",\"itemListElement\":[{\"@type\":\"ListItem\",\"position\":1,\"name\":\"Startseite\",\"item\":\"https:\/\/www.mettmann.de\/web\/\"},{\"@type\":\"ListItem\",\"position\":2,\"name\":\"Stadtverwaltung\",\"item\":\"https:\/\/www.mettmann.de\/web\/organisationsaufbau\/\"},{\"@type\":\"ListItem\",\"position\":3,\"name\":\"Dezernat 4\",\"item\":\"https:\/\/www.mettmann.de\/web\/organisationsaufbau\/dezernat-1-4\/\"},{\"@type\":\"ListItem\",\"position\":4,\"name\":\"Jugendamt\",\"item\":\"https:\/\/www.mettmann.de\/web\/organisationsaufbau\/dezernat-1-4\/jugendamt\/\"},{\"@type\":\"ListItem\",\"position\":5,\"name\":\"Jugendhilfe\",\"item\":\"https:\/\/www.mettmann.de\/web\/organisationsaufbau\/dezernat-1-4\/jugendamt\/jugendhilfe\/\"},{\"@type\":\"ListItem\",\"position\":6,\"name\":\"Kommunaler Sozialdienst\"}]},{\"@type\":\"WebSite\",\"@id\":\"https:\/\/www.mettmann.de\/web\/#website\",\"url\":\"https:\/\/www.mettmann.de\/web\/\",\"name\":\"Stadtverwaltung Mettmann\",\"description\":\"Internetseite der Kreisstadt Mettmann\",\"publisher\":{\"@id\":\"https:\/\/www.mettmann.de\/web\/#organization\"},\"potentialAction\":[{\"@type\":\"SearchAction\",\"target\":{\"@type\":\"EntryPoint\",\"urlTemplate\":\"https:\/\/www.mettmann.de\/web\/?s={search_term_string}\"},\"query-input\":{\"@type\":\"PropertyValueSpecification\",\"valueRequired\":true,\"valueName\":\"search_term_string\"}}],\"inLanguage\":\"de\"},{\"@type\":\"Organization\",\"@id\":\"https:\/\/www.mettmann.de\/web\/#organization\",\"name\":\"Kreisstadt Mettmann\",\"url\":\"https:\/\/www.mettmann.de\/web\/\",\"logo\":{\"@type\":\"ImageObject\",\"inLanguage\":\"de\",\"@id\":\"https:\/\/www.mettmann.de\/web\/#\/schema\/logo\/image\/\",\"url\":\"https:\/\/www.mettmann.de\/web\/wp-content\/uploads\/2019\/08\/Kreisstadt_Mettmann_Logo_RGB_150dpi.png\",\"contentUrl\":\"https:\/\/www.mettmann.de\/web\/wp-content\/uploads\/2019\/08\/Kreisstadt_Mettmann_Logo_RGB_150dpi.png\",\"width\":1302,\"height\":191,\"caption\":\"Kreisstadt Mettmann\"},\"image\":{\"@id\":\"https:\/\/www.mettmann.de\/web\/#\/schema\/logo\/image\/\"},\"sameAs\":[\"https:\/\/www.facebook.com\/kreisstadt.mettmann\",\"https:\/\/de.wikipedia.org\/wiki\/Mettmann\"]}]}<\/script>\n<!-- \/ Yoast SEO plugin. -->","yoast_head_json":{"title":"Kommunaler Sozialdienst | Stadtverwaltung Mettmann","robots":{"index":"index","follow":"follow","max-snippet":"max-snippet:-1","max-image-preview":"max-image-preview:large","max-video-preview":"max-video-preview:-1"},"canonical":"https:\/\/www.mettmann.de\/web\/organisationsaufbau\/dezernat-1-4\/jugendamt\/jugendhilfe\/kommunaler-sozialdienst\/","og_locale":"de_DE","og_type":"article","og_title":"Kommunaler Sozialdienst | Stadtverwaltung Mettmann","og_description":"Zust\u00e4ndigkeiten Pers\u00f6nliche Beratung in allen Lebenslagen Hilfe zur Erziehung Eingliederungshilfe Trennungs- und Scheidungsberatung Mitwirkung in familiengerichtlichen Verfahren Schutz vor Gewalt, Gef\u00e4hrdung und Unterversorgung in famili\u00e4ren Lebensbez\u00fcgen &nbsp; Abteilungsleitung Sascha Warnecke &#8211; Telefon: 02104 \/ 980-435&nbsp;...","og_url":"https:\/\/www.mettmann.de\/web\/organisationsaufbau\/dezernat-1-4\/jugendamt\/jugendhilfe\/kommunaler-sozialdienst\/","og_site_name":"Stadtverwaltung Mettmann","article_publisher":"https:\/\/www.facebook.com\/kreisstadt.mettmann","article_modified_time":"2026-03-09T15:13:07+00:00","og_image":[{"width":1024,"height":576,"url":"https:\/\/www.mettmann.de\/web\/wp-content\/uploads\/2019\/08\/kircht\u00fcrme-mettmann_16-9-1024x576.jpg","type":"image\/jpeg"}],"twitter_card":"summary_large_image","twitter_misc":{"Gesch\u00e4tzte Lesezeit":"3\u00a0Minuten"},"schema":{"@context":"https:\/\/schema.org","@graph":[{"@type":"WebPage","@id":"https:\/\/www.mettmann.de\/web\/organisationsaufbau\/dezernat-1-4\/jugendamt\/jugendhilfe\/kommunaler-sozialdienst\/","url":"https:\/\/www.mettmann.de\/web\/organisationsaufbau\/dezernat-1-4\/jugendamt\/jugendhilfe\/kommunaler-sozialdienst\/","name":"Kommunaler Sozialdienst | Stadtverwaltung Mettmann","isPartOf":{"@id":"https:\/\/www.mettmann.de\/web\/#website"},"primaryImageOfPage":{"@id":"https:\/\/www.mettmann.de\/web\/organisationsaufbau\/dezernat-1-4\/jugendamt\/jugendhilfe\/kommunaler-sozialdienst\/#primaryimage"},"image":{"@id":"https:\/\/www.mettmann.de\/web\/organisationsaufbau\/dezernat-1-4\/jugendamt\/jugendhilfe\/kommunaler-sozialdienst\/#primaryimage"},"thumbnailUrl":"https:\/\/www.mettmann.de\/web\/wp-content\/uploads\/2019\/08\/kircht\u00fcrme-mettmann_16-9.jpg","datePublished":"2019-10-06T15:21:57+00:00","dateModified":"2026-03-09T15:13:07+00:00","breadcrumb":{"@id":"https:\/\/www.mettmann.de\/web\/organisationsaufbau\/dezernat-1-4\/jugendamt\/jugendhilfe\/kommunaler-sozialdienst\/#breadcrumb"},"inLanguage":"de","potentialAction":[{"@type":"ReadAction","target":["https:\/\/www.mettmann.de\/web\/organisationsaufbau\/dezernat-1-4\/jugendamt\/jugendhilfe\/kommunaler-sozialdienst\/"]}]},{"@type":"ImageObject","inLanguage":"de","@id":"https:\/\/www.mettmann.de\/web\/organisationsaufbau\/dezernat-1-4\/jugendamt\/jugendhilfe\/kommunaler-sozialdienst\/#primaryimage","url":"https:\/\/www.mettmann.de\/web\/wp-content\/uploads\/2019\/08\/kircht\u00fcrme-mettmann_16-9.jpg","contentUrl":"https:\/\/www.mettmann.de\/web\/wp-content\/uploads\/2019\/08\/kircht\u00fcrme-mettmann_16-9.jpg","width":4643,"height":2612,"caption":"Kircht\u00fcrme Mettmann"},{"@type":"BreadcrumbList","@id":"https:\/\/www.mettmann.de\/web\/organisationsaufbau\/dezernat-1-4\/jugendamt\/jugendhilfe\/kommunaler-sozialdienst\/#breadcrumb","itemListElement":[{"@type":"ListItem","position":1,"name":"Startseite","item":"https:\/\/www.mettmann.de\/web\/"},{"@type":"ListItem","position":2,"name":"Stadtverwaltung","item":"https:\/\/www.mettmann.de\/web\/organisationsaufbau\/"},{"@type":"ListItem","position":3,"name":"Dezernat 4","item":"https:\/\/www.mettmann.de\/web\/organisationsaufbau\/dezernat-1-4\/"},{"@type":"ListItem","position":4,"name":"Jugendamt","item":"https:\/\/www.mettmann.de\/web\/organisationsaufbau\/dezernat-1-4\/jugendamt\/"},{"@type":"ListItem","position":5,"name":"Jugendhilfe","item":"https:\/\/www.mettmann.de\/web\/organisationsaufbau\/dezernat-1-4\/jugendamt\/jugendhilfe\/"},{"@type":"ListItem","position":6,"name":"Kommunaler Sozialdienst"}]},{"@type":"WebSite","@id":"https:\/\/www.mettmann.de\/web\/#website","url":"https:\/\/www.mettmann.de\/web\/","name":"Stadtverwaltung Mettmann","description":"Internetseite der Kreisstadt Mettmann","publisher":{"@id":"https:\/\/www.mettmann.de\/web\/#organization"},"potentialAction":[{"@type":"SearchAction","target":{"@type":"EntryPoint","urlTemplate":"https:\/\/www.mettmann.de\/web\/?s={search_term_string}"},"query-input":{"@type":"PropertyValueSpecification","valueRequired":true,"valueName":"search_term_string"}}],"inLanguage":"de"},{"@type":"Organization","@id":"https:\/\/www.mettmann.de\/web\/#organization","name":"Kreisstadt Mettmann","url":"https:\/\/www.mettmann.de\/web\/","logo":{"@type":"ImageObject","inLanguage":"de","@id":"https:\/\/www.mettmann.de\/web\/#\/schema\/logo\/image\/","url":"https:\/\/www.mettmann.de\/web\/wp-content\/uploads\/2019\/08\/Kreisstadt_Mettmann_Logo_RGB_150dpi.png","contentUrl":"https:\/\/www.mettmann.de\/web\/wp-content\/uploads\/2019\/08\/Kreisstadt_Mettmann_Logo_RGB_150dpi.png","width":1302,"height":191,"caption":"Kreisstadt Mettmann"},"image":{"@id":"https:\/\/www.mettmann.de\/web\/#\/schema\/logo\/image\/"},"sameAs":["https:\/\/www.facebook.com\/kreisstadt.mettmann","https:\/\/de.wikipedia.org\/wiki\/Mettmann"]}]}},"_links":{"self":[{"href":"https:\/\/www.mettmann.de\/web\/wp-json\/wp\/v2\/pages\/1463","targetHints":{"allow":["GET"]}}],"collection":[{"href":"https:\/\/www.mettmann.de\/web\/wp-json\/wp\/v2\/pages"}],"about":[{"href":"https:\/\/www.mettmann.de\/web\/wp-json\/wp\/v2\/types\/page"}],"author":[{"embeddable":true,"href":"https:\/\/www.mettmann.de\/web\/wp-json\/wp\/v2\/users\/1"}],"replies":[{"embeddable":true,"href":"https:\/\/www.mettmann.de\/web\/wp-json\/wp\/v2\/comments?post=1463"}],"version-history":[{"count":40,"href":"https:\/\/www.mettmann.de\/web\/wp-json\/wp\/v2\/pages\/1463\/revisions"}],"predecessor-version":[{"id":58982,"href":"https:\/\/www.mettmann.de\/web\/wp-json\/wp\/v2\/pages\/1463\/revisions\/58982"}],"up":[{"embeddable":true,"href":"https:\/\/www.mettmann.de\/web\/wp-json\/wp\/v2\/pages\/1456"}],"wp:featuredmedia":[{"embeddable":true,"href":"https:\/\/www.mettmann.de\/web\/wp-json\/wp\/v2\/media\/579"}],"wp:attachment":[{"href":"https:\/\/www.mettmann.de\/web\/wp-json\/wp\/v2\/media?parent=1463"}],"curies":[{"name":"wp","href":"https:\/\/api.w.org\/{rel}","templated":true}]}}