{"id":1675,"date":"2019-10-09T18:17:15","date_gmt":"2019-10-09T16:17:15","guid":{"rendered":"https:\/\/www.mettmann.de\/web\/?page_id=1675"},"modified":"2025-12-16T10:35:54","modified_gmt":"2025-12-16T09:35:54","slug":"rat-der-kreisstadt-mettmann","status":"publish","type":"page","link":"https:\/\/www.mettmann.de\/web\/rat-der-kreisstadt-mettmann\/","title":{"rendered":"Rat der Kreisstadt Mettmann"},"content":{"rendered":"<div id=\"pageName\">\n<div id=\"attachment_286\" style=\"width: 1034px\" class=\"wp-caption alignnone\"><img loading=\"lazy\" decoding=\"async\" aria-describedby=\"caption-attachment-286\" class=\"size-large wp-image-286\" src=\"https:\/\/www.mettmann.de\/web\/wp-content\/uploads\/2019\/08\/1-1024x639.jpg\" alt=\"Rathaus Mettmann\" width=\"1024\" height=\"639\" srcset=\"https:\/\/www.mettmann.de\/web\/wp-content\/uploads\/2019\/08\/1-1024x639.jpg 1024w, https:\/\/www.mettmann.de\/web\/wp-content\/uploads\/2019\/08\/1-300x187.jpg 300w, https:\/\/www.mettmann.de\/web\/wp-content\/uploads\/2019\/08\/1-768x479.jpg 768w\" sizes=\"auto, (max-width: 1024px) 100vw, 1024px\" \/><p id=\"caption-attachment-286\" class=\"wp-caption-text\">Foto: Kreisstadt Mettmann<\/p><\/div>\n<h3>Aufgaben, Wahlperiode, Zusammensetzung<\/h3>\n<\/div>\n<p class=\"eingerueckt40\">Der Rat der Stadt ist das wichtigste Organ der Stadt. Grunds\u00e4tzlich ist er f\u00fcr alle \u00f6rtlichen Angelegenheiten der Gemeindeverwaltung zust\u00e4ndig, soweit ein Gesetz nicht ausdr\u00fccklich eine andere Zust\u00e4ndigkeit festlegt (Grundsatz der Allzust\u00e4ndigkeit des Rates). Im Wesentlichen sind die Zust\u00e4ndigkeiten des Rates in der Gemeindeordnung des Landes NRW, <a href=\"https:\/\/www.mettmann.de\/web\/wp-content\/uploads\/2023\/01\/00.001-Hauptsatzung-der-Kreisstadt-Mettmann.pdf\" target=\"_blank\" rel=\"noopener noreferrer\">Hauptsatzung der Stadt Mettmann<\/a> und in der <a href=\"https:\/\/www.mettmann.de\/ortsrecht\/pdf\/00.003.pdf\" target=\"_blank\" rel=\"noopener noreferrer\">Zust\u00e4ndigkeitsordnung<\/a> festgelegt.<\/p>\n<h3>Wahl und Zusammensetzung<\/h3>\n<p class=\"eingerueckt40\">Der Rat der Kreisstadt Mettmann setzt sich aus 66 Ratsmitgliedern und dem B\u00fcrgermeister zusammen. Diese werden von den B\u00fcrgern der Stadt Mettmann&nbsp; in allgemeiner, unmittelbarer, freier, gleicher und geheimer Wahl f\u00fcr die Dauer von f\u00fcnf Jahren gew\u00e4hlt.<\/p>\n<p class=\"eingerueckt40\">Die n\u00e4chste Kommunalwahl findet 2030 statt.<\/p>\n","protected":false},"excerpt":{"rendered":"<p>Aufgaben, Wahlperiode, Zusammensetzung Der Rat der Stadt ist das wichtigste Organ der Stadt. Grunds\u00e4tzlich ist er f\u00fcr alle \u00f6rtlichen Angelegenheiten der Gemeindeverwaltung zust\u00e4ndig, soweit ein Gesetz nicht ausdr\u00fccklich eine andere Zust\u00e4ndigkeit festlegt (Grundsatz der Allzust\u00e4ndigkeit&#8230;<\/p>\n","protected":false},"author":1,"featured_media":286,"parent":0,"menu_order":0,"comment_status":"closed","ping_status":"closed","template":"","meta":{"ngg_post_thumbnail":0,"footnotes":""},"class_list":["post-1675","page","type-page","status-publish","has-post-thumbnail","hentry"],"yoast_head":"<!-- This site is optimized with the Yoast SEO plugin v27.2 - https:\/\/yoast.com\/product\/yoast-seo-wordpress\/ -->\n<title>Rat der Kreisstadt Mettmann | Stadtverwaltung Mettmann<\/title>\n<meta name=\"robots\" content=\"index, follow, max-snippet:-1, max-image-preview:large, max-video-preview:-1\" \/>\n<link rel=\"canonical\" href=\"https:\/\/www.mettmann.de\/web\/rat-der-kreisstadt-mettmann\/\" \/>\n<meta property=\"og:locale\" content=\"de_DE\" \/>\n<meta property=\"og:type\" content=\"article\" \/>\n<meta property=\"og:title\" content=\"Rat der Kreisstadt Mettmann | Stadtverwaltung Mettmann\" \/>\n<meta property=\"og:description\" content=\"Aufgaben, Wahlperiode, Zusammensetzung Der Rat der Stadt ist das wichtigste Organ der Stadt. Grunds\u00e4tzlich ist er f\u00fcr alle \u00f6rtlichen Angelegenheiten der Gemeindeverwaltung zust\u00e4ndig, soweit ein Gesetz nicht ausdr\u00fccklich eine andere Zust\u00e4ndigkeit festlegt (Grundsatz der Allzust\u00e4ndigkeit...\" \/>\n<meta property=\"og:url\" content=\"https:\/\/www.mettmann.de\/web\/rat-der-kreisstadt-mettmann\/\" \/>\n<meta property=\"og:site_name\" content=\"Stadtverwaltung Mettmann\" \/>\n<meta property=\"article:publisher\" content=\"https:\/\/www.facebook.com\/kreisstadt.mettmann\" \/>\n<meta property=\"article:modified_time\" content=\"2025-12-16T09:35:54+00:00\" \/>\n<meta property=\"og:image\" content=\"https:\/\/www.mettmann.de\/web\/wp-content\/uploads\/2019\/08\/1-1024x639.jpg\" \/>\n\t<meta property=\"og:image:width\" content=\"1024\" \/>\n\t<meta property=\"og:image:height\" content=\"639\" \/>\n\t<meta property=\"og:image:type\" content=\"image\/jpeg\" \/>\n<meta name=\"twitter:card\" content=\"summary_large_image\" \/>\n<meta name=\"twitter:label1\" content=\"Gesch\u00e4tzte Lesezeit\" \/>\n\t<meta name=\"twitter:data1\" content=\"2\u00a0Minuten\" \/>\n<script type=\"application\/ld+json\" class=\"yoast-schema-graph\">{\"@context\":\"https:\/\/schema.org\",\"@graph\":[{\"@type\":\"WebPage\",\"@id\":\"https:\/\/www.mettmann.de\/web\/rat-der-kreisstadt-mettmann\/\",\"url\":\"https:\/\/www.mettmann.de\/web\/rat-der-kreisstadt-mettmann\/\",\"name\":\"Rat der Kreisstadt Mettmann | Stadtverwaltung Mettmann\",\"isPartOf\":{\"@id\":\"https:\/\/www.mettmann.de\/web\/#website\"},\"primaryImageOfPage\":{\"@id\":\"https:\/\/www.mettmann.de\/web\/rat-der-kreisstadt-mettmann\/#primaryimage\"},\"image\":{\"@id\":\"https:\/\/www.mettmann.de\/web\/rat-der-kreisstadt-mettmann\/#primaryimage\"},\"thumbnailUrl\":\"https:\/\/www.mettmann.de\/web\/wp-content\/uploads\/2019\/08\/1.jpg\",\"datePublished\":\"2019-10-09T16:17:15+00:00\",\"dateModified\":\"2025-12-16T09:35:54+00:00\",\"breadcrumb\":{\"@id\":\"https:\/\/www.mettmann.de\/web\/rat-der-kreisstadt-mettmann\/#breadcrumb\"},\"inLanguage\":\"de\",\"potentialAction\":[{\"@type\":\"ReadAction\",\"target\":[\"https:\/\/www.mettmann.de\/web\/rat-der-kreisstadt-mettmann\/\"]}]},{\"@type\":\"ImageObject\",\"inLanguage\":\"de\",\"@id\":\"https:\/\/www.mettmann.de\/web\/rat-der-kreisstadt-mettmann\/#primaryimage\",\"url\":\"https:\/\/www.mettmann.de\/web\/wp-content\/uploads\/2019\/08\/1.jpg\",\"contentUrl\":\"https:\/\/www.mettmann.de\/web\/wp-content\/uploads\/2019\/08\/1.jpg\",\"width\":3330,\"height\":2079,\"caption\":\"Archivfoto: Kreisstadt Mettmann\"},{\"@type\":\"BreadcrumbList\",\"@id\":\"https:\/\/www.mettmann.de\/web\/rat-der-kreisstadt-mettmann\/#breadcrumb\",\"itemListElement\":[{\"@type\":\"ListItem\",\"position\":1,\"name\":\"Startseite\",\"item\":\"https:\/\/www.mettmann.de\/web\/\"},{\"@type\":\"ListItem\",\"position\":2,\"name\":\"Rat der Kreisstadt Mettmann\"}]},{\"@type\":\"WebSite\",\"@id\":\"https:\/\/www.mettmann.de\/web\/#website\",\"url\":\"https:\/\/www.mettmann.de\/web\/\",\"name\":\"Stadtverwaltung Mettmann\",\"description\":\"Internetseite der Kreisstadt Mettmann\",\"publisher\":{\"@id\":\"https:\/\/www.mettmann.de\/web\/#organization\"},\"potentialAction\":[{\"@type\":\"SearchAction\",\"target\":{\"@type\":\"EntryPoint\",\"urlTemplate\":\"https:\/\/www.mettmann.de\/web\/?s={search_term_string}\"},\"query-input\":{\"@type\":\"PropertyValueSpecification\",\"valueRequired\":true,\"valueName\":\"search_term_string\"}}],\"inLanguage\":\"de\"},{\"@type\":\"Organization\",\"@id\":\"https:\/\/www.mettmann.de\/web\/#organization\",\"name\":\"Kreisstadt Mettmann\",\"url\":\"https:\/\/www.mettmann.de\/web\/\",\"logo\":{\"@type\":\"ImageObject\",\"inLanguage\":\"de\",\"@id\":\"https:\/\/www.mettmann.de\/web\/#\/schema\/logo\/image\/\",\"url\":\"https:\/\/www.mettmann.de\/web\/wp-content\/uploads\/2019\/08\/Kreisstadt_Mettmann_Logo_RGB_150dpi.png\",\"contentUrl\":\"https:\/\/www.mettmann.de\/web\/wp-content\/uploads\/2019\/08\/Kreisstadt_Mettmann_Logo_RGB_150dpi.png\",\"width\":1302,\"height\":191,\"caption\":\"Kreisstadt Mettmann\"},\"image\":{\"@id\":\"https:\/\/www.mettmann.de\/web\/#\/schema\/logo\/image\/\"},\"sameAs\":[\"https:\/\/www.facebook.com\/kreisstadt.mettmann\",\"https:\/\/de.wikipedia.org\/wiki\/Mettmann\"]}]}<\/script>\n<!-- \/ Yoast SEO plugin. -->","yoast_head_json":{"title":"Rat der Kreisstadt Mettmann | Stadtverwaltung Mettmann","robots":{"index":"index","follow":"follow","max-snippet":"max-snippet:-1","max-image-preview":"max-image-preview:large","max-video-preview":"max-video-preview:-1"},"canonical":"https:\/\/www.mettmann.de\/web\/rat-der-kreisstadt-mettmann\/","og_locale":"de_DE","og_type":"article","og_title":"Rat der Kreisstadt Mettmann | Stadtverwaltung Mettmann","og_description":"Aufgaben, Wahlperiode, Zusammensetzung Der Rat der Stadt ist das wichtigste Organ der Stadt. Grunds\u00e4tzlich ist er f\u00fcr alle \u00f6rtlichen Angelegenheiten der Gemeindeverwaltung zust\u00e4ndig, soweit ein Gesetz nicht ausdr\u00fccklich eine andere Zust\u00e4ndigkeit festlegt (Grundsatz der Allzust\u00e4ndigkeit...","og_url":"https:\/\/www.mettmann.de\/web\/rat-der-kreisstadt-mettmann\/","og_site_name":"Stadtverwaltung Mettmann","article_publisher":"https:\/\/www.facebook.com\/kreisstadt.mettmann","article_modified_time":"2025-12-16T09:35:54+00:00","og_image":[{"width":1024,"height":639,"url":"https:\/\/www.mettmann.de\/web\/wp-content\/uploads\/2019\/08\/1-1024x639.jpg","type":"image\/jpeg"}],"twitter_card":"summary_large_image","twitter_misc":{"Gesch\u00e4tzte Lesezeit":"2\u00a0Minuten"},"schema":{"@context":"https:\/\/schema.org","@graph":[{"@type":"WebPage","@id":"https:\/\/www.mettmann.de\/web\/rat-der-kreisstadt-mettmann\/","url":"https:\/\/www.mettmann.de\/web\/rat-der-kreisstadt-mettmann\/","name":"Rat der Kreisstadt Mettmann | Stadtverwaltung Mettmann","isPartOf":{"@id":"https:\/\/www.mettmann.de\/web\/#website"},"primaryImageOfPage":{"@id":"https:\/\/www.mettmann.de\/web\/rat-der-kreisstadt-mettmann\/#primaryimage"},"image":{"@id":"https:\/\/www.mettmann.de\/web\/rat-der-kreisstadt-mettmann\/#primaryimage"},"thumbnailUrl":"https:\/\/www.mettmann.de\/web\/wp-content\/uploads\/2019\/08\/1.jpg","datePublished":"2019-10-09T16:17:15+00:00","dateModified":"2025-12-16T09:35:54+00:00","breadcrumb":{"@id":"https:\/\/www.mettmann.de\/web\/rat-der-kreisstadt-mettmann\/#breadcrumb"},"inLanguage":"de","potentialAction":[{"@type":"ReadAction","target":["https:\/\/www.mettmann.de\/web\/rat-der-kreisstadt-mettmann\/"]}]},{"@type":"ImageObject","inLanguage":"de","@id":"https:\/\/www.mettmann.de\/web\/rat-der-kreisstadt-mettmann\/#primaryimage","url":"https:\/\/www.mettmann.de\/web\/wp-content\/uploads\/2019\/08\/1.jpg","contentUrl":"https:\/\/www.mettmann.de\/web\/wp-content\/uploads\/2019\/08\/1.jpg","width":3330,"height":2079,"caption":"Archivfoto: Kreisstadt Mettmann"},{"@type":"BreadcrumbList","@id":"https:\/\/www.mettmann.de\/web\/rat-der-kreisstadt-mettmann\/#breadcrumb","itemListElement":[{"@type":"ListItem","position":1,"name":"Startseite","item":"https:\/\/www.mettmann.de\/web\/"},{"@type":"ListItem","position":2,"name":"Rat der Kreisstadt Mettmann"}]},{"@type":"WebSite","@id":"https:\/\/www.mettmann.de\/web\/#website","url":"https:\/\/www.mettmann.de\/web\/","name":"Stadtverwaltung Mettmann","description":"Internetseite der Kreisstadt Mettmann","publisher":{"@id":"https:\/\/www.mettmann.de\/web\/#organization"},"potentialAction":[{"@type":"SearchAction","target":{"@type":"EntryPoint","urlTemplate":"https:\/\/www.mettmann.de\/web\/?s={search_term_string}"},"query-input":{"@type":"PropertyValueSpecification","valueRequired":true,"valueName":"search_term_string"}}],"inLanguage":"de"},{"@type":"Organization","@id":"https:\/\/www.mettmann.de\/web\/#organization","name":"Kreisstadt Mettmann","url":"https:\/\/www.mettmann.de\/web\/","logo":{"@type":"ImageObject","inLanguage":"de","@id":"https:\/\/www.mettmann.de\/web\/#\/schema\/logo\/image\/","url":"https:\/\/www.mettmann.de\/web\/wp-content\/uploads\/2019\/08\/Kreisstadt_Mettmann_Logo_RGB_150dpi.png","contentUrl":"https:\/\/www.mettmann.de\/web\/wp-content\/uploads\/2019\/08\/Kreisstadt_Mettmann_Logo_RGB_150dpi.png","width":1302,"height":191,"caption":"Kreisstadt Mettmann"},"image":{"@id":"https:\/\/www.mettmann.de\/web\/#\/schema\/logo\/image\/"},"sameAs":["https:\/\/www.facebook.com\/kreisstadt.mettmann","https:\/\/de.wikipedia.org\/wiki\/Mettmann"]}]}},"_links":{"self":[{"href":"https:\/\/www.mettmann.de\/web\/wp-json\/wp\/v2\/pages\/1675","targetHints":{"allow":["GET"]}}],"collection":[{"href":"https:\/\/www.mettmann.de\/web\/wp-json\/wp\/v2\/pages"}],"about":[{"href":"https:\/\/www.mettmann.de\/web\/wp-json\/wp\/v2\/types\/page"}],"author":[{"embeddable":true,"href":"https:\/\/www.mettmann.de\/web\/wp-json\/wp\/v2\/users\/1"}],"replies":[{"embeddable":true,"href":"https:\/\/www.mettmann.de\/web\/wp-json\/wp\/v2\/comments?post=1675"}],"version-history":[{"count":8,"href":"https:\/\/www.mettmann.de\/web\/wp-json\/wp\/v2\/pages\/1675\/revisions"}],"predecessor-version":[{"id":56032,"href":"https:\/\/www.mettmann.de\/web\/wp-json\/wp\/v2\/pages\/1675\/revisions\/56032"}],"wp:featuredmedia":[{"embeddable":true,"href":"https:\/\/www.mettmann.de\/web\/wp-json\/wp\/v2\/media\/286"}],"wp:attachment":[{"href":"https:\/\/www.mettmann.de\/web\/wp-json\/wp\/v2\/media?parent=1675"}],"curies":[{"name":"wp","href":"https:\/\/api.w.org\/{rel}","templated":true}]}}