{"id":18848,"date":"2022-03-10T00:00:21","date_gmt":"2022-03-09T23:00:21","guid":{"rendered":"https:\/\/www.mettmann.de\/web\/?page_id=18848"},"modified":"2022-03-10T09:18:21","modified_gmt":"2022-03-10T08:18:21","slug":"neue-ideen-fuer-den-jubilaeumsplatz","status":"publish","type":"page","link":"https:\/\/www.mettmann.de\/web\/neue-ideen-fuer-den-jubilaeumsplatz\/","title":{"rendered":"Ideen f\u00fcr einen neuen Jubil\u00e4umsplatz"},"content":{"rendered":"<div id=\"attachment_18849\" style=\"width: 1034px\" class=\"wp-caption alignnone\"><img loading=\"lazy\" decoding=\"async\" aria-describedby=\"caption-attachment-18849\" class=\"size-full wp-image-18849\" src=\"https:\/\/www.mettmann.de\/web\/wp-content\/uploads\/2022\/03\/Jubilaeumsplatz-Mettmann.jpg\" alt=\"Mettmann Jubil\u00e4umsplatz\" width=\"1024\" height=\"576\" srcset=\"https:\/\/www.mettmann.de\/web\/wp-content\/uploads\/2022\/03\/Jubilaeumsplatz-Mettmann.jpg 1024w, https:\/\/www.mettmann.de\/web\/wp-content\/uploads\/2022\/03\/Jubilaeumsplatz-Mettmann-300x169.jpg 300w, https:\/\/www.mettmann.de\/web\/wp-content\/uploads\/2022\/03\/Jubilaeumsplatz-Mettmann-768x432.jpg 768w, https:\/\/www.mettmann.de\/web\/wp-content\/uploads\/2022\/03\/Jubilaeumsplatz-Mettmann-777x437.jpg 777w, https:\/\/www.mettmann.de\/web\/wp-content\/uploads\/2022\/03\/Jubilaeumsplatz-Mettmann-260x146.jpg 260w, https:\/\/www.mettmann.de\/web\/wp-content\/uploads\/2022\/03\/Jubilaeumsplatz-Mettmann-120x67.jpg 120w\" sizes=\"auto, (max-width: 1024px) 100vw, 1024px\" \/><p id=\"caption-attachment-18849\" class=\"wp-caption-text\">Foto: Kreisstadt Mettmann<\/p><\/div>\n<p>Ende des vergangenen Jahres wurden drei B\u00fcros beauftragt, den Jubil\u00e4umsplatz zu \u00fcberplanen, umzugestalten. Im Rahmen eines kooperativen Werkstattverfahrens hatten Vertreter aus Politik, Verwaltung sowie Vertreter aus dem Einzelhandel, der IHK und der Kreissparkasse D\u00fcsseldorf \u00fcber die Rahmenbedingungen einer Neu- und Umgestaltung des Jubil\u00e4umsplatzes diskutiert.<\/p>\n<p>W\u00e4hrend der ganzt\u00e4gigen Veranstaltung wurden erste Ideen und Konzepte entwickelt, die den B\u00fcros als Arbeitsgrundlage f\u00fcr ihre weiteren Planungen mit auf den Weg gegeben wurden.<\/p>\n<p>Am 9. M\u00e4rz wurden die Entw\u00fcrfe der drei Planungsb\u00fcros im Ausschuss f\u00fcr strategische Stadtplanung, Stadtentwicklung und Bauen der \u00d6ffentlichkeit vorgestellt. Hierbei handelt es sich um eine offene Sammlung von Ideen, die noch auf ihre Umsetzbarkeit hin gepr\u00fcft werden m\u00fcssen.<\/p>\n<h3>B\u00fcro Hermanns<\/h3>\n<ul>\n<li><a href=\"https:\/\/www.mettmann.de\/web\/wp-content\/uploads\/2022\/03\/Buero-Hermanns.pdf\" target=\"_blank\" rel=\"noopener\"> Entwurf<\/a><\/li>\n<li><a href=\"https:\/\/www.mettmann.de\/web\/wp-content\/uploads\/2022\/03\/Buero-Hermanns-Jubi-Erlaeuterungstext.pdf\" target=\"_blank\" rel=\"noopener\">Erl\u00e4uterungstext<\/a><\/li>\n<\/ul>\n<h3>B\u00fcro Kraftraum<\/h3>\n<ul>\n<li><a href=\"https:\/\/www.mettmann.de\/web\/wp-content\/uploads\/2022\/03\/Buero-Kraftraum-Praesentationsplan.pdf\" target=\"_blank\" rel=\"noopener\">Entwurf<\/a><\/li>\n<li><a href=\"https:\/\/www.mettmann.de\/web\/wp-content\/uploads\/2022\/03\/Buero-Kraftraum-Erlaeuterungstext-1.pdf\" target=\"_blank\" rel=\"noopener\">Erl\u00e4uterungstext<\/a><\/li>\n<\/ul>\n<h3>B\u00fcro Scape<\/h3>\n<ul>\n<li><a href=\"https:\/\/www.mettmann.de\/web\/wp-content\/uploads\/2022\/03\/Buero-Scape-Praesentationsplaene.pdf\" target=\"_blank\" rel=\"noopener\">Entwurf<\/a><\/li>\n<li><a href=\"https:\/\/www.mettmann.de\/web\/wp-content\/uploads\/2022\/03\/Buero-Scape-Erlaeuterungsbericht.pdf\" target=\"_blank\" rel=\"noopener\">Erl\u00e4uterungstext<\/a><\/li>\n<\/ul>\n<p>&nbsp;<\/p>\n","protected":false},"excerpt":{"rendered":"<p>Ende des vergangenen Jahres wurden drei B\u00fcros beauftragt, den Jubil\u00e4umsplatz zu \u00fcberplanen, umzugestalten. Im Rahmen eines kooperativen Werkstattverfahrens hatten Vertreter aus Politik, Verwaltung sowie Vertreter aus dem Einzelhandel, der IHK und der Kreissparkasse D\u00fcsseldorf \u00fcber&#8230;<\/p>\n","protected":false},"author":1,"featured_media":18849,"parent":0,"menu_order":19,"comment_status":"closed","ping_status":"closed","template":"","meta":{"ngg_post_thumbnail":0,"footnotes":""},"class_list":["post-18848","page","type-page","status-publish","has-post-thumbnail","hentry"],"yoast_head":"<!-- This site is optimized with the Yoast SEO plugin v27.2 - https:\/\/yoast.com\/product\/yoast-seo-wordpress\/ -->\n<title>Ideen f\u00fcr einen neuen Jubil\u00e4umsplatz | Stadtverwaltung Mettmann<\/title>\n<meta name=\"description\" content=\"Am 9. M\u00e4rz 2022 wurden die Entw\u00fcrfe der Planungsb\u00fcros im Ausschuss f\u00fcr strategische Stadtplanung, Stadtentwicklung und Bauen vorgestellt.\" \/>\n<meta name=\"robots\" content=\"index, follow, max-snippet:-1, max-image-preview:large, max-video-preview:-1\" \/>\n<link rel=\"canonical\" href=\"https:\/\/www.mettmann.de\/web\/neue-ideen-fuer-den-jubilaeumsplatz\/\" \/>\n<meta property=\"og:locale\" content=\"de_DE\" \/>\n<meta property=\"og:type\" content=\"article\" \/>\n<meta property=\"og:title\" content=\"Ideen f\u00fcr einen neuen Jubil\u00e4umsplatz | Stadtverwaltung Mettmann\" \/>\n<meta property=\"og:description\" content=\"Am 9. M\u00e4rz 2022 wurden die Entw\u00fcrfe der Planungsb\u00fcros im Ausschuss f\u00fcr strategische Stadtplanung, Stadtentwicklung und Bauen vorgestellt.\" \/>\n<meta property=\"og:url\" content=\"https:\/\/www.mettmann.de\/web\/neue-ideen-fuer-den-jubilaeumsplatz\/\" \/>\n<meta property=\"og:site_name\" content=\"Stadtverwaltung Mettmann\" \/>\n<meta property=\"article:publisher\" content=\"https:\/\/www.facebook.com\/kreisstadt.mettmann\" \/>\n<meta property=\"article:modified_time\" content=\"2022-03-10T08:18:21+00:00\" \/>\n<meta property=\"og:image\" content=\"https:\/\/www.mettmann.de\/web\/wp-content\/uploads\/2022\/03\/Jubilaeumsplatz-Mettmann.jpg\" \/>\n\t<meta property=\"og:image:width\" content=\"1024\" \/>\n\t<meta property=\"og:image:height\" content=\"576\" \/>\n\t<meta property=\"og:image:type\" content=\"image\/jpeg\" \/>\n<meta name=\"twitter:card\" content=\"summary_large_image\" \/>\n<meta name=\"twitter:label1\" content=\"Gesch\u00e4tzte Lesezeit\" \/>\n\t<meta name=\"twitter:data1\" content=\"1\u00a0Minute\" \/>\n<script type=\"application\/ld+json\" class=\"yoast-schema-graph\">{\"@context\":\"https:\/\/schema.org\",\"@graph\":[{\"@type\":\"WebPage\",\"@id\":\"https:\/\/www.mettmann.de\/web\/neue-ideen-fuer-den-jubilaeumsplatz\/\",\"url\":\"https:\/\/www.mettmann.de\/web\/neue-ideen-fuer-den-jubilaeumsplatz\/\",\"name\":\"Ideen f\u00fcr einen neuen Jubil\u00e4umsplatz | Stadtverwaltung Mettmann\",\"isPartOf\":{\"@id\":\"https:\/\/www.mettmann.de\/web\/#website\"},\"primaryImageOfPage\":{\"@id\":\"https:\/\/www.mettmann.de\/web\/neue-ideen-fuer-den-jubilaeumsplatz\/#primaryimage\"},\"image\":{\"@id\":\"https:\/\/www.mettmann.de\/web\/neue-ideen-fuer-den-jubilaeumsplatz\/#primaryimage\"},\"thumbnailUrl\":\"https:\/\/www.mettmann.de\/web\/wp-content\/uploads\/2022\/03\/Jubilaeumsplatz-Mettmann.jpg\",\"datePublished\":\"2022-03-09T23:00:21+00:00\",\"dateModified\":\"2022-03-10T08:18:21+00:00\",\"description\":\"Am 9. M\u00e4rz 2022 wurden die Entw\u00fcrfe der Planungsb\u00fcros im Ausschuss f\u00fcr strategische Stadtplanung, Stadtentwicklung und Bauen vorgestellt.\",\"breadcrumb\":{\"@id\":\"https:\/\/www.mettmann.de\/web\/neue-ideen-fuer-den-jubilaeumsplatz\/#breadcrumb\"},\"inLanguage\":\"de\",\"potentialAction\":[{\"@type\":\"ReadAction\",\"target\":[\"https:\/\/www.mettmann.de\/web\/neue-ideen-fuer-den-jubilaeumsplatz\/\"]}]},{\"@type\":\"ImageObject\",\"inLanguage\":\"de\",\"@id\":\"https:\/\/www.mettmann.de\/web\/neue-ideen-fuer-den-jubilaeumsplatz\/#primaryimage\",\"url\":\"https:\/\/www.mettmann.de\/web\/wp-content\/uploads\/2022\/03\/Jubilaeumsplatz-Mettmann.jpg\",\"contentUrl\":\"https:\/\/www.mettmann.de\/web\/wp-content\/uploads\/2022\/03\/Jubilaeumsplatz-Mettmann.jpg\",\"width\":1024,\"height\":576,\"caption\":\"Foto: Kreisstadt Mettmann\"},{\"@type\":\"BreadcrumbList\",\"@id\":\"https:\/\/www.mettmann.de\/web\/neue-ideen-fuer-den-jubilaeumsplatz\/#breadcrumb\",\"itemListElement\":[{\"@type\":\"ListItem\",\"position\":1,\"name\":\"Startseite\",\"item\":\"https:\/\/www.mettmann.de\/web\/\"},{\"@type\":\"ListItem\",\"position\":2,\"name\":\"Ideen f\u00fcr einen neuen Jubil\u00e4umsplatz\"}]},{\"@type\":\"WebSite\",\"@id\":\"https:\/\/www.mettmann.de\/web\/#website\",\"url\":\"https:\/\/www.mettmann.de\/web\/\",\"name\":\"Stadtverwaltung Mettmann\",\"description\":\"Internetseite der Kreisstadt Mettmann\",\"publisher\":{\"@id\":\"https:\/\/www.mettmann.de\/web\/#organization\"},\"potentialAction\":[{\"@type\":\"SearchAction\",\"target\":{\"@type\":\"EntryPoint\",\"urlTemplate\":\"https:\/\/www.mettmann.de\/web\/?s={search_term_string}\"},\"query-input\":{\"@type\":\"PropertyValueSpecification\",\"valueRequired\":true,\"valueName\":\"search_term_string\"}}],\"inLanguage\":\"de\"},{\"@type\":\"Organization\",\"@id\":\"https:\/\/www.mettmann.de\/web\/#organization\",\"name\":\"Kreisstadt Mettmann\",\"url\":\"https:\/\/www.mettmann.de\/web\/\",\"logo\":{\"@type\":\"ImageObject\",\"inLanguage\":\"de\",\"@id\":\"https:\/\/www.mettmann.de\/web\/#\/schema\/logo\/image\/\",\"url\":\"https:\/\/www.mettmann.de\/web\/wp-content\/uploads\/2019\/08\/Kreisstadt_Mettmann_Logo_RGB_150dpi.png\",\"contentUrl\":\"https:\/\/www.mettmann.de\/web\/wp-content\/uploads\/2019\/08\/Kreisstadt_Mettmann_Logo_RGB_150dpi.png\",\"width\":1302,\"height\":191,\"caption\":\"Kreisstadt Mettmann\"},\"image\":{\"@id\":\"https:\/\/www.mettmann.de\/web\/#\/schema\/logo\/image\/\"},\"sameAs\":[\"https:\/\/www.facebook.com\/kreisstadt.mettmann\",\"https:\/\/de.wikipedia.org\/wiki\/Mettmann\"]}]}<\/script>\n<!-- \/ Yoast SEO plugin. -->","yoast_head_json":{"title":"Ideen f\u00fcr einen neuen Jubil\u00e4umsplatz | Stadtverwaltung Mettmann","description":"Am 9. M\u00e4rz 2022 wurden die Entw\u00fcrfe der Planungsb\u00fcros im Ausschuss f\u00fcr strategische Stadtplanung, Stadtentwicklung und Bauen vorgestellt.","robots":{"index":"index","follow":"follow","max-snippet":"max-snippet:-1","max-image-preview":"max-image-preview:large","max-video-preview":"max-video-preview:-1"},"canonical":"https:\/\/www.mettmann.de\/web\/neue-ideen-fuer-den-jubilaeumsplatz\/","og_locale":"de_DE","og_type":"article","og_title":"Ideen f\u00fcr einen neuen Jubil\u00e4umsplatz | Stadtverwaltung Mettmann","og_description":"Am 9. M\u00e4rz 2022 wurden die Entw\u00fcrfe der Planungsb\u00fcros im Ausschuss f\u00fcr strategische Stadtplanung, Stadtentwicklung und Bauen vorgestellt.","og_url":"https:\/\/www.mettmann.de\/web\/neue-ideen-fuer-den-jubilaeumsplatz\/","og_site_name":"Stadtverwaltung Mettmann","article_publisher":"https:\/\/www.facebook.com\/kreisstadt.mettmann","article_modified_time":"2022-03-10T08:18:21+00:00","og_image":[{"width":1024,"height":576,"url":"https:\/\/www.mettmann.de\/web\/wp-content\/uploads\/2022\/03\/Jubilaeumsplatz-Mettmann.jpg","type":"image\/jpeg"}],"twitter_card":"summary_large_image","twitter_misc":{"Gesch\u00e4tzte Lesezeit":"1\u00a0Minute"},"schema":{"@context":"https:\/\/schema.org","@graph":[{"@type":"WebPage","@id":"https:\/\/www.mettmann.de\/web\/neue-ideen-fuer-den-jubilaeumsplatz\/","url":"https:\/\/www.mettmann.de\/web\/neue-ideen-fuer-den-jubilaeumsplatz\/","name":"Ideen f\u00fcr einen neuen Jubil\u00e4umsplatz | Stadtverwaltung Mettmann","isPartOf":{"@id":"https:\/\/www.mettmann.de\/web\/#website"},"primaryImageOfPage":{"@id":"https:\/\/www.mettmann.de\/web\/neue-ideen-fuer-den-jubilaeumsplatz\/#primaryimage"},"image":{"@id":"https:\/\/www.mettmann.de\/web\/neue-ideen-fuer-den-jubilaeumsplatz\/#primaryimage"},"thumbnailUrl":"https:\/\/www.mettmann.de\/web\/wp-content\/uploads\/2022\/03\/Jubilaeumsplatz-Mettmann.jpg","datePublished":"2022-03-09T23:00:21+00:00","dateModified":"2022-03-10T08:18:21+00:00","description":"Am 9. M\u00e4rz 2022 wurden die Entw\u00fcrfe der Planungsb\u00fcros im Ausschuss f\u00fcr strategische Stadtplanung, Stadtentwicklung und Bauen vorgestellt.","breadcrumb":{"@id":"https:\/\/www.mettmann.de\/web\/neue-ideen-fuer-den-jubilaeumsplatz\/#breadcrumb"},"inLanguage":"de","potentialAction":[{"@type":"ReadAction","target":["https:\/\/www.mettmann.de\/web\/neue-ideen-fuer-den-jubilaeumsplatz\/"]}]},{"@type":"ImageObject","inLanguage":"de","@id":"https:\/\/www.mettmann.de\/web\/neue-ideen-fuer-den-jubilaeumsplatz\/#primaryimage","url":"https:\/\/www.mettmann.de\/web\/wp-content\/uploads\/2022\/03\/Jubilaeumsplatz-Mettmann.jpg","contentUrl":"https:\/\/www.mettmann.de\/web\/wp-content\/uploads\/2022\/03\/Jubilaeumsplatz-Mettmann.jpg","width":1024,"height":576,"caption":"Foto: Kreisstadt Mettmann"},{"@type":"BreadcrumbList","@id":"https:\/\/www.mettmann.de\/web\/neue-ideen-fuer-den-jubilaeumsplatz\/#breadcrumb","itemListElement":[{"@type":"ListItem","position":1,"name":"Startseite","item":"https:\/\/www.mettmann.de\/web\/"},{"@type":"ListItem","position":2,"name":"Ideen f\u00fcr einen neuen Jubil\u00e4umsplatz"}]},{"@type":"WebSite","@id":"https:\/\/www.mettmann.de\/web\/#website","url":"https:\/\/www.mettmann.de\/web\/","name":"Stadtverwaltung Mettmann","description":"Internetseite der Kreisstadt Mettmann","publisher":{"@id":"https:\/\/www.mettmann.de\/web\/#organization"},"potentialAction":[{"@type":"SearchAction","target":{"@type":"EntryPoint","urlTemplate":"https:\/\/www.mettmann.de\/web\/?s={search_term_string}"},"query-input":{"@type":"PropertyValueSpecification","valueRequired":true,"valueName":"search_term_string"}}],"inLanguage":"de"},{"@type":"Organization","@id":"https:\/\/www.mettmann.de\/web\/#organization","name":"Kreisstadt Mettmann","url":"https:\/\/www.mettmann.de\/web\/","logo":{"@type":"ImageObject","inLanguage":"de","@id":"https:\/\/www.mettmann.de\/web\/#\/schema\/logo\/image\/","url":"https:\/\/www.mettmann.de\/web\/wp-content\/uploads\/2019\/08\/Kreisstadt_Mettmann_Logo_RGB_150dpi.png","contentUrl":"https:\/\/www.mettmann.de\/web\/wp-content\/uploads\/2019\/08\/Kreisstadt_Mettmann_Logo_RGB_150dpi.png","width":1302,"height":191,"caption":"Kreisstadt Mettmann"},"image":{"@id":"https:\/\/www.mettmann.de\/web\/#\/schema\/logo\/image\/"},"sameAs":["https:\/\/www.facebook.com\/kreisstadt.mettmann","https:\/\/de.wikipedia.org\/wiki\/Mettmann"]}]}},"_links":{"self":[{"href":"https:\/\/www.mettmann.de\/web\/wp-json\/wp\/v2\/pages\/18848","targetHints":{"allow":["GET"]}}],"collection":[{"href":"https:\/\/www.mettmann.de\/web\/wp-json\/wp\/v2\/pages"}],"about":[{"href":"https:\/\/www.mettmann.de\/web\/wp-json\/wp\/v2\/types\/page"}],"author":[{"embeddable":true,"href":"https:\/\/www.mettmann.de\/web\/wp-json\/wp\/v2\/users\/1"}],"replies":[{"embeddable":true,"href":"https:\/\/www.mettmann.de\/web\/wp-json\/wp\/v2\/comments?post=18848"}],"version-history":[{"count":13,"href":"https:\/\/www.mettmann.de\/web\/wp-json\/wp\/v2\/pages\/18848\/revisions"}],"predecessor-version":[{"id":18874,"href":"https:\/\/www.mettmann.de\/web\/wp-json\/wp\/v2\/pages\/18848\/revisions\/18874"}],"wp:featuredmedia":[{"embeddable":true,"href":"https:\/\/www.mettmann.de\/web\/wp-json\/wp\/v2\/media\/18849"}],"wp:attachment":[{"href":"https:\/\/www.mettmann.de\/web\/wp-json\/wp\/v2\/media?parent=18848"}],"curies":[{"name":"wp","href":"https:\/\/api.w.org\/{rel}","templated":true}]}}