{"id":20134,"date":"2022-05-09T09:54:35","date_gmt":"2022-05-09T07:54:35","guid":{"rendered":"https:\/\/www.mettmann.de\/web\/?page_id=20134"},"modified":"2023-05-04T10:38:47","modified_gmt":"2023-05-04T08:38:47","slug":"bildergalerie-zum-stadtradeln-2022","status":"publish","type":"page","link":"https:\/\/www.mettmann.de\/web\/stadtportrait-infos\/veranstaltungen\/stadtradeln\/bildergalerie-zum-stadtradeln-2022\/","title":{"rendered":"Bildergalerie zum STADTRADELN 2022"},"content":{"rendered":"<p>&nbsp;<\/p>\n<h4>Bildergalerie PSV-Auftakttour nach Heiligenhaus<\/h4>\nngg_shortcode_0_placeholder\n<h3>Video der RV-Edelwei\u00df Auftakttour nach Heiligenhaus<\/h3>\n<p><iframe loading=\"lazy\" title=\"YouTube video player\" src=\"https:\/\/www.youtube.com\/embed\/6hWCpkemZmc\" allowfullscreen=\"allowfullscreen\" width=\"560\" height=\"315\" frameborder=\"0\"><\/iframe><\/p>\n<h3>&nbsp;<\/h3>\n<h4>Bildergalerie ADFC-Abschlusstour nach D\u00fcsseldorf \/ Erkrath \/ Gruiten<\/h4>\nngg_shortcode_1_placeholder\n<h3>&nbsp;<\/h3>\n<h3>Fotogr\u00fc\u00dfe unserer STADTRADLER<\/h3>\n<p>&nbsp;<\/p>\nngg_shortcode_2_placeholder\n<h3>Weitere Informationen zum &#8222;STADTRADELN&#8220;<\/h3>\n<p class=\"eingerueckt40\">Viele weitere Informationen zu der Kampagne und die Infos zum STADTRADELN sind auf der Internetseite <a href=\"https:\/\/www.mettmann.de\/stadtradeln\">www.mettmann.de\/stadtradeln<\/a> und auf <a class=\"infohomepage\" title=\"Offizielle Internetseite Stadtradeln\" href=\"http:\/\/www.stadtradeln.de\/mettmann\" target=\"_blank\" rel=\"external noopener noreferrer\">www.stadtradeln.de\/mettmann<\/a> zu finden.<\/p>\n<p class=\"eingerueckt40\">F\u00fcr R\u00fcckfragen steht die Stabsstelle Stadtmarketing und Wirtschaftsf\u00f6rderung \u2013 Telefon 02104 \/ 980-124 oder per E-Mail unter <a class=\"infohomepage\" title=\"Kontakt aufnehmen\" href=\"mailto:stadtradeln@mettmann.de\" target=\"_blank\" rel=\"noopener noreferrer\">stadtradeln@mettmann.de<\/a> zur Verf\u00fcgung.<\/p>\n","protected":false},"excerpt":{"rendered":"<p>&nbsp; Bildergalerie PSV-Auftakttour nach Heiligenhaus &nbsp; Video der RV-Edelwei\u00df Auftakttour nach Heiligenhaus &nbsp; Bildergalerie ADFC-Abschlusstour nach D\u00fcsseldorf \/ Erkrath \/ Gruiten &nbsp; Fotogr\u00fc\u00dfe unserer STADTRADLER &nbsp; Weitere Informationen zum &#8222;STADTRADELN&#8220; Viele weitere Informationen zu der&#8230;<\/p>\n","protected":false},"author":3,"featured_media":20181,"parent":6061,"menu_order":4,"comment_status":"closed","ping_status":"closed","template":"","meta":{"ngg_post_thumbnail":0,"footnotes":""},"class_list":["post-20134","page","type-page","status-publish","has-post-thumbnail","hentry"],"yoast_head":"<!-- This site is optimized with the Yoast SEO plugin v27.2 - https:\/\/yoast.com\/product\/yoast-seo-wordpress\/ -->\n<title>Bildergalerie zum STADTRADELN 2022 | Stadtverwaltung Mettmann<\/title>\n<meta name=\"robots\" content=\"index, follow, max-snippet:-1, max-image-preview:large, max-video-preview:-1\" \/>\n<link rel=\"canonical\" href=\"https:\/\/www.mettmann.de\/web\/stadtportrait-infos\/veranstaltungen\/stadtradeln\/bildergalerie-zum-stadtradeln-2022\/\" \/>\n<meta property=\"og:locale\" content=\"de_DE\" \/>\n<meta property=\"og:type\" content=\"article\" \/>\n<meta property=\"og:title\" content=\"Bildergalerie zum STADTRADELN 2022 | Stadtverwaltung Mettmann\" \/>\n<meta property=\"og:description\" content=\"&nbsp; Bildergalerie PSV-Auftakttour nach Heiligenhaus &nbsp; Video der RV-Edelwei\u00df Auftakttour nach Heiligenhaus &nbsp; Bildergalerie ADFC-Abschlusstour nach D\u00fcsseldorf \/ Erkrath \/ Gruiten &nbsp; Fotogr\u00fc\u00dfe unserer STADTRADLER &nbsp; Weitere Informationen zum &#8222;STADTRADELN&#8220; Viele weitere Informationen zu der...\" \/>\n<meta property=\"og:url\" content=\"https:\/\/www.mettmann.de\/web\/stadtportrait-infos\/veranstaltungen\/stadtradeln\/bildergalerie-zum-stadtradeln-2022\/\" \/>\n<meta property=\"og:site_name\" content=\"Stadtverwaltung Mettmann\" \/>\n<meta property=\"article:publisher\" content=\"https:\/\/www.facebook.com\/kreisstadt.mettmann\" \/>\n<meta property=\"article:modified_time\" content=\"2023-05-04T08:38:47+00:00\" \/>\n<meta property=\"og:image\" content=\"https:\/\/www.mettmann.de\/web\/wp-content\/uploads\/2022\/05\/Stadtradeln-Auftakt-2022-scaled.jpg\" \/>\n\t<meta property=\"og:image:width\" content=\"2560\" \/>\n\t<meta property=\"og:image:height\" content=\"1707\" \/>\n\t<meta property=\"og:image:type\" content=\"image\/jpeg\" \/>\n<meta name=\"twitter:card\" content=\"summary_large_image\" \/>\n<meta name=\"twitter:label1\" content=\"Gesch\u00e4tzte Lesezeit\" \/>\n\t<meta name=\"twitter:data1\" content=\"1\u00a0Minute\" \/>\n<script type=\"application\/ld+json\" class=\"yoast-schema-graph\">{\"@context\":\"https:\/\/schema.org\",\"@graph\":[{\"@type\":\"WebPage\",\"@id\":\"https:\/\/www.mettmann.de\/web\/stadtportrait-infos\/veranstaltungen\/stadtradeln\/bildergalerie-zum-stadtradeln-2022\/\",\"url\":\"https:\/\/www.mettmann.de\/web\/stadtportrait-infos\/veranstaltungen\/stadtradeln\/bildergalerie-zum-stadtradeln-2022\/\",\"name\":\"Bildergalerie zum STADTRADELN 2022 | Stadtverwaltung Mettmann\",\"isPartOf\":{\"@id\":\"https:\/\/www.mettmann.de\/web\/#website\"},\"primaryImageOfPage\":{\"@id\":\"https:\/\/www.mettmann.de\/web\/stadtportrait-infos\/veranstaltungen\/stadtradeln\/bildergalerie-zum-stadtradeln-2022\/#primaryimage\"},\"image\":{\"@id\":\"https:\/\/www.mettmann.de\/web\/stadtportrait-infos\/veranstaltungen\/stadtradeln\/bildergalerie-zum-stadtradeln-2022\/#primaryimage\"},\"thumbnailUrl\":\"https:\/\/www.mettmann.de\/web\/wp-content\/uploads\/2022\/05\/Stadtradeln-Auftakt-2022-scaled.jpg\",\"datePublished\":\"2022-05-09T07:54:35+00:00\",\"dateModified\":\"2023-05-04T08:38:47+00:00\",\"breadcrumb\":{\"@id\":\"https:\/\/www.mettmann.de\/web\/stadtportrait-infos\/veranstaltungen\/stadtradeln\/bildergalerie-zum-stadtradeln-2022\/#breadcrumb\"},\"inLanguage\":\"de\",\"potentialAction\":[{\"@type\":\"ReadAction\",\"target\":[\"https:\/\/www.mettmann.de\/web\/stadtportrait-infos\/veranstaltungen\/stadtradeln\/bildergalerie-zum-stadtradeln-2022\/\"]}]},{\"@type\":\"ImageObject\",\"inLanguage\":\"de\",\"@id\":\"https:\/\/www.mettmann.de\/web\/stadtportrait-infos\/veranstaltungen\/stadtradeln\/bildergalerie-zum-stadtradeln-2022\/#primaryimage\",\"url\":\"https:\/\/www.mettmann.de\/web\/wp-content\/uploads\/2022\/05\/Stadtradeln-Auftakt-2022-scaled.jpg\",\"contentUrl\":\"https:\/\/www.mettmann.de\/web\/wp-content\/uploads\/2022\/05\/Stadtradeln-Auftakt-2022-scaled.jpg\",\"width\":2560,\"height\":1707,\"caption\":\"Archivfoto: Kreisstadt Mettmann\"},{\"@type\":\"BreadcrumbList\",\"@id\":\"https:\/\/www.mettmann.de\/web\/stadtportrait-infos\/veranstaltungen\/stadtradeln\/bildergalerie-zum-stadtradeln-2022\/#breadcrumb\",\"itemListElement\":[{\"@type\":\"ListItem\",\"position\":1,\"name\":\"Startseite\",\"item\":\"https:\/\/www.mettmann.de\/web\/\"},{\"@type\":\"ListItem\",\"position\":2,\"name\":\"Stadtportrait &#038; Infos\",\"item\":\"https:\/\/www.mettmann.de\/web\/stadtportrait-infos\/\"},{\"@type\":\"ListItem\",\"position\":3,\"name\":\"Veranstaltungen\",\"item\":\"https:\/\/www.mettmann.de\/web\/stadtportrait-infos\/veranstaltungen\/\"},{\"@type\":\"ListItem\",\"position\":4,\"name\":\"STADTRADELN 17.05. &#8211; 06.06.2026\",\"item\":\"https:\/\/www.mettmann.de\/web\/stadtportrait-infos\/veranstaltungen\/stadtradeln\/\"},{\"@type\":\"ListItem\",\"position\":5,\"name\":\"Bildergalerie zum STADTRADELN 2022\"}]},{\"@type\":\"WebSite\",\"@id\":\"https:\/\/www.mettmann.de\/web\/#website\",\"url\":\"https:\/\/www.mettmann.de\/web\/\",\"name\":\"Stadtverwaltung Mettmann\",\"description\":\"Internetseite der Kreisstadt Mettmann\",\"publisher\":{\"@id\":\"https:\/\/www.mettmann.de\/web\/#organization\"},\"potentialAction\":[{\"@type\":\"SearchAction\",\"target\":{\"@type\":\"EntryPoint\",\"urlTemplate\":\"https:\/\/www.mettmann.de\/web\/?s={search_term_string}\"},\"query-input\":{\"@type\":\"PropertyValueSpecification\",\"valueRequired\":true,\"valueName\":\"search_term_string\"}}],\"inLanguage\":\"de\"},{\"@type\":\"Organization\",\"@id\":\"https:\/\/www.mettmann.de\/web\/#organization\",\"name\":\"Kreisstadt Mettmann\",\"url\":\"https:\/\/www.mettmann.de\/web\/\",\"logo\":{\"@type\":\"ImageObject\",\"inLanguage\":\"de\",\"@id\":\"https:\/\/www.mettmann.de\/web\/#\/schema\/logo\/image\/\",\"url\":\"https:\/\/www.mettmann.de\/web\/wp-content\/uploads\/2019\/08\/Kreisstadt_Mettmann_Logo_RGB_150dpi.png\",\"contentUrl\":\"https:\/\/www.mettmann.de\/web\/wp-content\/uploads\/2019\/08\/Kreisstadt_Mettmann_Logo_RGB_150dpi.png\",\"width\":1302,\"height\":191,\"caption\":\"Kreisstadt Mettmann\"},\"image\":{\"@id\":\"https:\/\/www.mettmann.de\/web\/#\/schema\/logo\/image\/\"},\"sameAs\":[\"https:\/\/www.facebook.com\/kreisstadt.mettmann\",\"https:\/\/de.wikipedia.org\/wiki\/Mettmann\"]}]}<\/script>\n<!-- \/ Yoast SEO plugin. -->","yoast_head_json":{"title":"Bildergalerie zum STADTRADELN 2022 | Stadtverwaltung Mettmann","robots":{"index":"index","follow":"follow","max-snippet":"max-snippet:-1","max-image-preview":"max-image-preview:large","max-video-preview":"max-video-preview:-1"},"canonical":"https:\/\/www.mettmann.de\/web\/stadtportrait-infos\/veranstaltungen\/stadtradeln\/bildergalerie-zum-stadtradeln-2022\/","og_locale":"de_DE","og_type":"article","og_title":"Bildergalerie zum STADTRADELN 2022 | Stadtverwaltung Mettmann","og_description":"&nbsp; Bildergalerie PSV-Auftakttour nach Heiligenhaus &nbsp; Video der RV-Edelwei\u00df Auftakttour nach Heiligenhaus &nbsp; Bildergalerie ADFC-Abschlusstour nach D\u00fcsseldorf \/ Erkrath \/ Gruiten &nbsp; Fotogr\u00fc\u00dfe unserer STADTRADLER &nbsp; Weitere Informationen zum &#8222;STADTRADELN&#8220; Viele weitere Informationen zu der...","og_url":"https:\/\/www.mettmann.de\/web\/stadtportrait-infos\/veranstaltungen\/stadtradeln\/bildergalerie-zum-stadtradeln-2022\/","og_site_name":"Stadtverwaltung Mettmann","article_publisher":"https:\/\/www.facebook.com\/kreisstadt.mettmann","article_modified_time":"2023-05-04T08:38:47+00:00","og_image":[{"width":2560,"height":1707,"url":"https:\/\/www.mettmann.de\/web\/wp-content\/uploads\/2022\/05\/Stadtradeln-Auftakt-2022-scaled.jpg","type":"image\/jpeg"}],"twitter_card":"summary_large_image","twitter_misc":{"Gesch\u00e4tzte Lesezeit":"1\u00a0Minute"},"schema":{"@context":"https:\/\/schema.org","@graph":[{"@type":"WebPage","@id":"https:\/\/www.mettmann.de\/web\/stadtportrait-infos\/veranstaltungen\/stadtradeln\/bildergalerie-zum-stadtradeln-2022\/","url":"https:\/\/www.mettmann.de\/web\/stadtportrait-infos\/veranstaltungen\/stadtradeln\/bildergalerie-zum-stadtradeln-2022\/","name":"Bildergalerie zum STADTRADELN 2022 | Stadtverwaltung Mettmann","isPartOf":{"@id":"https:\/\/www.mettmann.de\/web\/#website"},"primaryImageOfPage":{"@id":"https:\/\/www.mettmann.de\/web\/stadtportrait-infos\/veranstaltungen\/stadtradeln\/bildergalerie-zum-stadtradeln-2022\/#primaryimage"},"image":{"@id":"https:\/\/www.mettmann.de\/web\/stadtportrait-infos\/veranstaltungen\/stadtradeln\/bildergalerie-zum-stadtradeln-2022\/#primaryimage"},"thumbnailUrl":"https:\/\/www.mettmann.de\/web\/wp-content\/uploads\/2022\/05\/Stadtradeln-Auftakt-2022-scaled.jpg","datePublished":"2022-05-09T07:54:35+00:00","dateModified":"2023-05-04T08:38:47+00:00","breadcrumb":{"@id":"https:\/\/www.mettmann.de\/web\/stadtportrait-infos\/veranstaltungen\/stadtradeln\/bildergalerie-zum-stadtradeln-2022\/#breadcrumb"},"inLanguage":"de","potentialAction":[{"@type":"ReadAction","target":["https:\/\/www.mettmann.de\/web\/stadtportrait-infos\/veranstaltungen\/stadtradeln\/bildergalerie-zum-stadtradeln-2022\/"]}]},{"@type":"ImageObject","inLanguage":"de","@id":"https:\/\/www.mettmann.de\/web\/stadtportrait-infos\/veranstaltungen\/stadtradeln\/bildergalerie-zum-stadtradeln-2022\/#primaryimage","url":"https:\/\/www.mettmann.de\/web\/wp-content\/uploads\/2022\/05\/Stadtradeln-Auftakt-2022-scaled.jpg","contentUrl":"https:\/\/www.mettmann.de\/web\/wp-content\/uploads\/2022\/05\/Stadtradeln-Auftakt-2022-scaled.jpg","width":2560,"height":1707,"caption":"Archivfoto: Kreisstadt Mettmann"},{"@type":"BreadcrumbList","@id":"https:\/\/www.mettmann.de\/web\/stadtportrait-infos\/veranstaltungen\/stadtradeln\/bildergalerie-zum-stadtradeln-2022\/#breadcrumb","itemListElement":[{"@type":"ListItem","position":1,"name":"Startseite","item":"https:\/\/www.mettmann.de\/web\/"},{"@type":"ListItem","position":2,"name":"Stadtportrait &#038; Infos","item":"https:\/\/www.mettmann.de\/web\/stadtportrait-infos\/"},{"@type":"ListItem","position":3,"name":"Veranstaltungen","item":"https:\/\/www.mettmann.de\/web\/stadtportrait-infos\/veranstaltungen\/"},{"@type":"ListItem","position":4,"name":"STADTRADELN 17.05. &#8211; 06.06.2026","item":"https:\/\/www.mettmann.de\/web\/stadtportrait-infos\/veranstaltungen\/stadtradeln\/"},{"@type":"ListItem","position":5,"name":"Bildergalerie zum STADTRADELN 2022"}]},{"@type":"WebSite","@id":"https:\/\/www.mettmann.de\/web\/#website","url":"https:\/\/www.mettmann.de\/web\/","name":"Stadtverwaltung Mettmann","description":"Internetseite der Kreisstadt Mettmann","publisher":{"@id":"https:\/\/www.mettmann.de\/web\/#organization"},"potentialAction":[{"@type":"SearchAction","target":{"@type":"EntryPoint","urlTemplate":"https:\/\/www.mettmann.de\/web\/?s={search_term_string}"},"query-input":{"@type":"PropertyValueSpecification","valueRequired":true,"valueName":"search_term_string"}}],"inLanguage":"de"},{"@type":"Organization","@id":"https:\/\/www.mettmann.de\/web\/#organization","name":"Kreisstadt Mettmann","url":"https:\/\/www.mettmann.de\/web\/","logo":{"@type":"ImageObject","inLanguage":"de","@id":"https:\/\/www.mettmann.de\/web\/#\/schema\/logo\/image\/","url":"https:\/\/www.mettmann.de\/web\/wp-content\/uploads\/2019\/08\/Kreisstadt_Mettmann_Logo_RGB_150dpi.png","contentUrl":"https:\/\/www.mettmann.de\/web\/wp-content\/uploads\/2019\/08\/Kreisstadt_Mettmann_Logo_RGB_150dpi.png","width":1302,"height":191,"caption":"Kreisstadt Mettmann"},"image":{"@id":"https:\/\/www.mettmann.de\/web\/#\/schema\/logo\/image\/"},"sameAs":["https:\/\/www.facebook.com\/kreisstadt.mettmann","https:\/\/de.wikipedia.org\/wiki\/Mettmann"]}]}},"_links":{"self":[{"href":"https:\/\/www.mettmann.de\/web\/wp-json\/wp\/v2\/pages\/20134","targetHints":{"allow":["GET"]}}],"collection":[{"href":"https:\/\/www.mettmann.de\/web\/wp-json\/wp\/v2\/pages"}],"about":[{"href":"https:\/\/www.mettmann.de\/web\/wp-json\/wp\/v2\/types\/page"}],"author":[{"embeddable":true,"href":"https:\/\/www.mettmann.de\/web\/wp-json\/wp\/v2\/users\/3"}],"replies":[{"embeddable":true,"href":"https:\/\/www.mettmann.de\/web\/wp-json\/wp\/v2\/comments?post=20134"}],"version-history":[{"count":13,"href":"https:\/\/www.mettmann.de\/web\/wp-json\/wp\/v2\/pages\/20134\/revisions"}],"predecessor-version":[{"id":27339,"href":"https:\/\/www.mettmann.de\/web\/wp-json\/wp\/v2\/pages\/20134\/revisions\/27339"}],"up":[{"embeddable":true,"href":"https:\/\/www.mettmann.de\/web\/wp-json\/wp\/v2\/pages\/6061"}],"wp:featuredmedia":[{"embeddable":true,"href":"https:\/\/www.mettmann.de\/web\/wp-json\/wp\/v2\/media\/20181"}],"wp:attachment":[{"href":"https:\/\/www.mettmann.de\/web\/wp-json\/wp\/v2\/media?parent=20134"}],"curies":[{"name":"wp","href":"https:\/\/api.w.org\/{rel}","templated":true}]}}