{"id":2708,"date":"2019-11-27T10:06:37","date_gmt":"2019-11-27T09:06:37","guid":{"rendered":"https:\/\/www.mettmann.de\/web\/?page_id=2708"},"modified":"2026-01-05T12:40:36","modified_gmt":"2026-01-05T11:40:36","slug":"null-toleranz-bei-gewalt","status":"publish","type":"page","link":"https:\/\/www.mettmann.de\/web\/null-toleranz-bei-gewalt\/","title":{"rendered":"Grundsatzerkl\u00e4rung gegen Gewalt, Rassismus und Diskriminierung"},"content":{"rendered":"<header class=\"entry-header mh-clearfix\">\n<div id=\"attachment_57188\" style=\"width: 2307px\" class=\"wp-caption alignnone\"><img loading=\"lazy\" decoding=\"async\" aria-describedby=\"caption-attachment-57188\" class=\"size-full wp-image-57188\" src=\"https:\/\/www.mettmann.de\/web\/wp-content\/uploads\/2026\/01\/grundsatzerklaerung-mettmann-gewaltpraevention.jpg\" alt=\"Mettmanner Grundsatzerkl\u00e4rung gegen Gewalt, Rassismus und Diskriminierung\" width=\"2297\" height=\"1307\" srcset=\"https:\/\/www.mettmann.de\/web\/wp-content\/uploads\/2026\/01\/grundsatzerklaerung-mettmann-gewaltpraevention.jpg 2297w, https:\/\/www.mettmann.de\/web\/wp-content\/uploads\/2026\/01\/grundsatzerklaerung-mettmann-gewaltpraevention-300x171.jpg 300w, https:\/\/www.mettmann.de\/web\/wp-content\/uploads\/2026\/01\/grundsatzerklaerung-mettmann-gewaltpraevention-1024x583.jpg 1024w, https:\/\/www.mettmann.de\/web\/wp-content\/uploads\/2026\/01\/grundsatzerklaerung-mettmann-gewaltpraevention-768x437.jpg 768w, https:\/\/www.mettmann.de\/web\/wp-content\/uploads\/2026\/01\/grundsatzerklaerung-mettmann-gewaltpraevention-1536x874.jpg 1536w, https:\/\/www.mettmann.de\/web\/wp-content\/uploads\/2026\/01\/grundsatzerklaerung-mettmann-gewaltpraevention-2048x1165.jpg 2048w, https:\/\/www.mettmann.de\/web\/wp-content\/uploads\/2026\/01\/grundsatzerklaerung-mettmann-gewaltpraevention-120x67.jpg 120w\" sizes=\"auto, (max-width: 2297px) 100vw, 2297px\" \/><p id=\"caption-attachment-57188\" class=\"wp-caption-text\">Foto: Kreisstadt Mettmann<\/p><\/div>\n<\/header>\n<p>Die Verwaltungsspitze, der Personalrat und die Vorsitzenden der Ratsfraktionen haben f\u00fcr die Kreisstadt Mettmann eine \u201eGrundsatzerkl\u00e4rung gegen Gewalt, Rassismus und Diskriminierung in jeglicher Form\u201c unterzeichnet. Der Rat hat die Erkl\u00e4rung im M\u00e4rz 2023 einstimmig verabschiedet und im Dezember 2025 erneuert.<\/p>\n<p>Auf Initiative des Personalrates ist die Erkl\u00e4rung erstmals im Jahr 2017 aufgesetzt worden. In einer Arbeitsgruppe, die aus Teilnehmern des Personalrates, der Gleichstellungsbeauftragten, des B\u00fcndnisses f\u00fcr Toleranz und Zivilcourage sowie der Dienststellenleitung bestand, wurde die Erkl\u00e4rung \u00fcberarbeitet.<\/p>\n<p>Ziel ist es, das Thema aktiv aufzugreifen, auf breite Beine zu stellen und mit entsprechenden Ma\u00dfnahmen auch verwaltungsintern zu begleiten. Nachdem die erste Version nur \u201eintern\u201c unterzeichnet wurde, hat die Verwaltung bei der vorliegenden \u00dcberarbeitung auch allen Ratsfraktionen die M\u00f6glichkeit gegeben, sich ebenfalls aktiv zu \u201eNull Toleranz bei Gewalt, Rassismus und Diskriminierung\u201c zu bekennen und diese Grundeinstellung auch in den eigenen Institutionen regelm\u00e4\u00dfig sichtbar zu machen.<\/p>\n<h3>Die Mettmanner Grundsatzerkl\u00e4rung im Wortlaut<\/h3>\n<p><em>\u201eDie Kreisstadt Mettmann ist ein toleranter und vielf\u00e4ltiger Ort, in dem Gewalt, Rassismus und Diskriminierung keinen Platz haben d\u00fcrfen und der respektvolle Umgang an erster Stelle steht.<\/em><\/p>\n<p><em>Wir \u2013 der B\u00fcrgermeister, der Verwaltungsvorstand, die mitzeichnenden Ratsfraktionen und die Belegschaft der Stadtverwaltung Mettmann \u2013 verwehren uns entschieden dagegen, dass Menschen durch Gewalt, Rassismus oder Diskriminierung verletzt oder beleidigt werden, sei es wegen ihrer Nationalit\u00e4t, ihres Geschlechts, ihrer ethnischen oder sozialen Herkunft, wegen eines Handicaps, ihres Glaubens oder ihrer sexuellen Orientierung.<\/em><\/p>\n<p><em>Deshalb unternehmen wir in unserem Verantwortungsbereich alle Ma\u00dfnahmen, um das Auftreten von Gewalt und Rassismus sowie von Gef\u00e4hrdungen f\u00fcr alle in Mettmann lebenden und arbeitenden Menschen zu vermeiden. Hierzu z\u00e4hlen auch jegliche Form von Alltagsrassismus und entsprechende Diskriminierungen.In unserem Wirkungsbereich gilt: Null Toleranz bei Gewalt und Rassismus!<\/em><\/p>\n<p><em>Hierzu z\u00e4hlen u.a.<\/em><\/p>\n<ul>\n<li><em>jede Art von k\u00f6rperlicher, verbaler und psychischer Gewalt<\/em><\/li>\n<li><em>Bedrohungen jeder Art<\/em><\/li>\n<li><em>verbale Bel\u00e4stigungen und Beleidigungen<\/em><\/li>\n<li><em>jegliche Form von rassistisch motivierten \u00dcbergriffen in Wort und Tat<\/em><\/li>\n<li><em>sexuelle Bel\u00e4stigung oder \u00dcbergriffe<\/em><\/li>\n<li><em>Stalking und Mobbing<\/em><\/li>\n<li><em>Sachbesch\u00e4digungen<\/em><\/li>\n<li><em>Leugnung oder Verherrlichung der Verbrechen des Nationalsozialismus<\/em><\/li>\n<li><em>Mitf\u00fchren oder Zeigen von Waffen jeglicher Art<\/em><\/li>\n<li><em>Ausdruck von Gewaltphantasien<\/em><\/li>\n<li><em>jede Form von Extremismus<\/em><\/li>\n<\/ul>\n<p><em>Werden durch diese oder \u00e4hnliche Handlungen Straftaten im Wirkungsbereich der Stadtverwaltung Mettmann begangen, verpflichtet sich der B\u00fcrgermeister alle rechtlichen Mittel auszusch\u00f6pfen, um eine konsequente Ahndung zu erwirken. Opfer von Gewalt oder Rassismus innerhalb der Stadtverwaltung erhalten mit ihrem Einverst\u00e4ndnis eine professionelle Nachsorge.<\/em><\/p>\n<p><em>Dar\u00fcber hinaus appellieren wir an die Mettmanner Bev\u00f6lkerung, sich weiterhin in ihrem Wohn\u2013 und Arbeitsumfeld mit Zivilcourage einzusetzen und in m\u00f6glichst vielf\u00e4ltigen Formen Stellung zu beziehen gegen Gewalt, Rassismus und jegliche Art von Diskriminierung an Arbeits\u2013 und Ausbildungspl\u00e4tzen, in Schulen, in sozialen Einrichtungen, in der Freizeit, in Vereinen und anderen Gruppen.<\/em><\/p>\n<p><em>Der B\u00fcrgermeister und die Vorgesetzten sind in ihrem Verantwortungsbereich f\u00fcr die Umsetzung dieser Grundsatzerkl\u00e4rung gegen Gewalt, Rassismus und Diskriminierung verantwortlich. Die Mitwirkung der Besch\u00e4ftigten soll best\u00e4rkt und gef\u00f6rdert werden.\u201c<\/em><\/p>\n","protected":false},"excerpt":{"rendered":"<p>Die Verwaltungsspitze, der Personalrat und die Vorsitzenden der Ratsfraktionen haben f\u00fcr die Kreisstadt Mettmann eine \u201eGrundsatzerkl\u00e4rung gegen Gewalt, Rassismus und Diskriminierung in jeglicher Form\u201c unterzeichnet. Der Rat hat die Erkl\u00e4rung im M\u00e4rz 2023 einstimmig verabschiedet&#8230;<\/p>\n","protected":false},"author":1,"featured_media":57188,"parent":0,"menu_order":3,"comment_status":"closed","ping_status":"closed","template":"","meta":{"ngg_post_thumbnail":0,"footnotes":""},"class_list":["post-2708","page","type-page","status-publish","has-post-thumbnail","hentry"],"yoast_head":"<!-- This site is optimized with the Yoast SEO plugin v27.2 - https:\/\/yoast.com\/product\/yoast-seo-wordpress\/ -->\n<title>Grundsatzerkl\u00e4rung gegen Gewalt, Rassismus und Diskriminierung | Stadtverwaltung Mettmann<\/title>\n<meta name=\"robots\" content=\"index, follow, max-snippet:-1, max-image-preview:large, max-video-preview:-1\" \/>\n<link rel=\"canonical\" href=\"https:\/\/www.mettmann.de\/web\/startseite__trashed\/null-toleranz-bei-gewalt\/\" \/>\n<meta property=\"og:locale\" content=\"de_DE\" \/>\n<meta property=\"og:type\" content=\"article\" \/>\n<meta property=\"og:title\" content=\"Grundsatzerkl\u00e4rung gegen Gewalt, Rassismus und Diskriminierung | Stadtverwaltung Mettmann\" \/>\n<meta property=\"og:description\" content=\"Die Verwaltungsspitze, der Personalrat und die Vorsitzenden der Ratsfraktionen haben f\u00fcr die Kreisstadt Mettmann eine \u201eGrundsatzerkl\u00e4rung gegen Gewalt, Rassismus und Diskriminierung in jeglicher Form\u201c unterzeichnet. Der Rat hat die Erkl\u00e4rung im M\u00e4rz 2023 einstimmig verabschiedet...\" \/>\n<meta property=\"og:url\" content=\"https:\/\/www.mettmann.de\/web\/startseite__trashed\/null-toleranz-bei-gewalt\/\" \/>\n<meta property=\"og:site_name\" content=\"Stadtverwaltung Mettmann\" \/>\n<meta property=\"article:publisher\" content=\"https:\/\/www.facebook.com\/kreisstadt.mettmann\" \/>\n<meta property=\"article:modified_time\" content=\"2026-01-05T11:40:36+00:00\" \/>\n<meta property=\"og:image\" content=\"https:\/\/www.mettmann.de\/web\/wp-content\/uploads\/2026\/01\/grundsatzerklaerung-mettmann-gewaltpraevention.jpg\" \/>\n\t<meta property=\"og:image:width\" content=\"2297\" \/>\n\t<meta property=\"og:image:height\" content=\"1307\" \/>\n\t<meta property=\"og:image:type\" content=\"image\/jpeg\" \/>\n<meta name=\"twitter:card\" content=\"summary_large_image\" \/>\n<meta name=\"twitter:label1\" content=\"Gesch\u00e4tzte Lesezeit\" \/>\n\t<meta name=\"twitter:data1\" content=\"3\u00a0Minuten\" \/>\n<script type=\"application\/ld+json\" class=\"yoast-schema-graph\">{\"@context\":\"https:\/\/schema.org\",\"@graph\":[{\"@type\":\"WebPage\",\"@id\":\"https:\/\/www.mettmann.de\/web\/startseite__trashed\/null-toleranz-bei-gewalt\/\",\"url\":\"https:\/\/www.mettmann.de\/web\/startseite__trashed\/null-toleranz-bei-gewalt\/\",\"name\":\"Grundsatzerkl\u00e4rung gegen Gewalt, Rassismus und Diskriminierung | Stadtverwaltung Mettmann\",\"isPartOf\":{\"@id\":\"https:\/\/www.mettmann.de\/web\/#website\"},\"primaryImageOfPage\":{\"@id\":\"https:\/\/www.mettmann.de\/web\/startseite__trashed\/null-toleranz-bei-gewalt\/#primaryimage\"},\"image\":{\"@id\":\"https:\/\/www.mettmann.de\/web\/startseite__trashed\/null-toleranz-bei-gewalt\/#primaryimage\"},\"thumbnailUrl\":\"https:\/\/www.mettmann.de\/web\/wp-content\/uploads\/2026\/01\/grundsatzerklaerung-mettmann-gewaltpraevention.jpg\",\"datePublished\":\"2019-11-27T09:06:37+00:00\",\"dateModified\":\"2026-01-05T11:40:36+00:00\",\"breadcrumb\":{\"@id\":\"https:\/\/www.mettmann.de\/web\/startseite__trashed\/null-toleranz-bei-gewalt\/#breadcrumb\"},\"inLanguage\":\"de\",\"potentialAction\":[{\"@type\":\"ReadAction\",\"target\":[\"https:\/\/www.mettmann.de\/web\/startseite__trashed\/null-toleranz-bei-gewalt\/\"]}]},{\"@type\":\"ImageObject\",\"inLanguage\":\"de\",\"@id\":\"https:\/\/www.mettmann.de\/web\/startseite__trashed\/null-toleranz-bei-gewalt\/#primaryimage\",\"url\":\"https:\/\/www.mettmann.de\/web\/wp-content\/uploads\/2026\/01\/grundsatzerklaerung-mettmann-gewaltpraevention.jpg\",\"contentUrl\":\"https:\/\/www.mettmann.de\/web\/wp-content\/uploads\/2026\/01\/grundsatzerklaerung-mettmann-gewaltpraevention.jpg\",\"width\":2297,\"height\":1307,\"caption\":\"Foto: Kreisstadt Mettmann\"},{\"@type\":\"BreadcrumbList\",\"@id\":\"https:\/\/www.mettmann.de\/web\/startseite__trashed\/null-toleranz-bei-gewalt\/#breadcrumb\",\"itemListElement\":[{\"@type\":\"ListItem\",\"position\":1,\"name\":\"Startseite\",\"item\":\"https:\/\/www.mettmann.de\/web\/\"},{\"@type\":\"ListItem\",\"position\":2,\"name\":\"Grundsatzerkl\u00e4rung gegen Gewalt, Rassismus und Diskriminierung\"}]},{\"@type\":\"WebSite\",\"@id\":\"https:\/\/www.mettmann.de\/web\/#website\",\"url\":\"https:\/\/www.mettmann.de\/web\/\",\"name\":\"Stadtverwaltung Mettmann\",\"description\":\"Internetseite der Kreisstadt Mettmann\",\"publisher\":{\"@id\":\"https:\/\/www.mettmann.de\/web\/#organization\"},\"potentialAction\":[{\"@type\":\"SearchAction\",\"target\":{\"@type\":\"EntryPoint\",\"urlTemplate\":\"https:\/\/www.mettmann.de\/web\/?s={search_term_string}\"},\"query-input\":{\"@type\":\"PropertyValueSpecification\",\"valueRequired\":true,\"valueName\":\"search_term_string\"}}],\"inLanguage\":\"de\"},{\"@type\":\"Organization\",\"@id\":\"https:\/\/www.mettmann.de\/web\/#organization\",\"name\":\"Kreisstadt Mettmann\",\"url\":\"https:\/\/www.mettmann.de\/web\/\",\"logo\":{\"@type\":\"ImageObject\",\"inLanguage\":\"de\",\"@id\":\"https:\/\/www.mettmann.de\/web\/#\/schema\/logo\/image\/\",\"url\":\"https:\/\/www.mettmann.de\/web\/wp-content\/uploads\/2019\/08\/Kreisstadt_Mettmann_Logo_RGB_150dpi.png\",\"contentUrl\":\"https:\/\/www.mettmann.de\/web\/wp-content\/uploads\/2019\/08\/Kreisstadt_Mettmann_Logo_RGB_150dpi.png\",\"width\":1302,\"height\":191,\"caption\":\"Kreisstadt Mettmann\"},\"image\":{\"@id\":\"https:\/\/www.mettmann.de\/web\/#\/schema\/logo\/image\/\"},\"sameAs\":[\"https:\/\/www.facebook.com\/kreisstadt.mettmann\",\"https:\/\/de.wikipedia.org\/wiki\/Mettmann\"]}]}<\/script>\n<!-- \/ Yoast SEO plugin. -->","yoast_head_json":{"title":"Grundsatzerkl\u00e4rung gegen Gewalt, Rassismus und Diskriminierung | Stadtverwaltung Mettmann","robots":{"index":"index","follow":"follow","max-snippet":"max-snippet:-1","max-image-preview":"max-image-preview:large","max-video-preview":"max-video-preview:-1"},"canonical":"https:\/\/www.mettmann.de\/web\/startseite__trashed\/null-toleranz-bei-gewalt\/","og_locale":"de_DE","og_type":"article","og_title":"Grundsatzerkl\u00e4rung gegen Gewalt, Rassismus und Diskriminierung | Stadtverwaltung Mettmann","og_description":"Die Verwaltungsspitze, der Personalrat und die Vorsitzenden der Ratsfraktionen haben f\u00fcr die Kreisstadt Mettmann eine \u201eGrundsatzerkl\u00e4rung gegen Gewalt, Rassismus und Diskriminierung in jeglicher Form\u201c unterzeichnet. Der Rat hat die Erkl\u00e4rung im M\u00e4rz 2023 einstimmig verabschiedet...","og_url":"https:\/\/www.mettmann.de\/web\/startseite__trashed\/null-toleranz-bei-gewalt\/","og_site_name":"Stadtverwaltung Mettmann","article_publisher":"https:\/\/www.facebook.com\/kreisstadt.mettmann","article_modified_time":"2026-01-05T11:40:36+00:00","og_image":[{"width":2297,"height":1307,"url":"https:\/\/www.mettmann.de\/web\/wp-content\/uploads\/2026\/01\/grundsatzerklaerung-mettmann-gewaltpraevention.jpg","type":"image\/jpeg"}],"twitter_card":"summary_large_image","twitter_misc":{"Gesch\u00e4tzte Lesezeit":"3\u00a0Minuten"},"schema":{"@context":"https:\/\/schema.org","@graph":[{"@type":"WebPage","@id":"https:\/\/www.mettmann.de\/web\/startseite__trashed\/null-toleranz-bei-gewalt\/","url":"https:\/\/www.mettmann.de\/web\/startseite__trashed\/null-toleranz-bei-gewalt\/","name":"Grundsatzerkl\u00e4rung gegen Gewalt, Rassismus und Diskriminierung | Stadtverwaltung Mettmann","isPartOf":{"@id":"https:\/\/www.mettmann.de\/web\/#website"},"primaryImageOfPage":{"@id":"https:\/\/www.mettmann.de\/web\/startseite__trashed\/null-toleranz-bei-gewalt\/#primaryimage"},"image":{"@id":"https:\/\/www.mettmann.de\/web\/startseite__trashed\/null-toleranz-bei-gewalt\/#primaryimage"},"thumbnailUrl":"https:\/\/www.mettmann.de\/web\/wp-content\/uploads\/2026\/01\/grundsatzerklaerung-mettmann-gewaltpraevention.jpg","datePublished":"2019-11-27T09:06:37+00:00","dateModified":"2026-01-05T11:40:36+00:00","breadcrumb":{"@id":"https:\/\/www.mettmann.de\/web\/startseite__trashed\/null-toleranz-bei-gewalt\/#breadcrumb"},"inLanguage":"de","potentialAction":[{"@type":"ReadAction","target":["https:\/\/www.mettmann.de\/web\/startseite__trashed\/null-toleranz-bei-gewalt\/"]}]},{"@type":"ImageObject","inLanguage":"de","@id":"https:\/\/www.mettmann.de\/web\/startseite__trashed\/null-toleranz-bei-gewalt\/#primaryimage","url":"https:\/\/www.mettmann.de\/web\/wp-content\/uploads\/2026\/01\/grundsatzerklaerung-mettmann-gewaltpraevention.jpg","contentUrl":"https:\/\/www.mettmann.de\/web\/wp-content\/uploads\/2026\/01\/grundsatzerklaerung-mettmann-gewaltpraevention.jpg","width":2297,"height":1307,"caption":"Foto: Kreisstadt Mettmann"},{"@type":"BreadcrumbList","@id":"https:\/\/www.mettmann.de\/web\/startseite__trashed\/null-toleranz-bei-gewalt\/#breadcrumb","itemListElement":[{"@type":"ListItem","position":1,"name":"Startseite","item":"https:\/\/www.mettmann.de\/web\/"},{"@type":"ListItem","position":2,"name":"Grundsatzerkl\u00e4rung gegen Gewalt, Rassismus und Diskriminierung"}]},{"@type":"WebSite","@id":"https:\/\/www.mettmann.de\/web\/#website","url":"https:\/\/www.mettmann.de\/web\/","name":"Stadtverwaltung Mettmann","description":"Internetseite der Kreisstadt Mettmann","publisher":{"@id":"https:\/\/www.mettmann.de\/web\/#organization"},"potentialAction":[{"@type":"SearchAction","target":{"@type":"EntryPoint","urlTemplate":"https:\/\/www.mettmann.de\/web\/?s={search_term_string}"},"query-input":{"@type":"PropertyValueSpecification","valueRequired":true,"valueName":"search_term_string"}}],"inLanguage":"de"},{"@type":"Organization","@id":"https:\/\/www.mettmann.de\/web\/#organization","name":"Kreisstadt Mettmann","url":"https:\/\/www.mettmann.de\/web\/","logo":{"@type":"ImageObject","inLanguage":"de","@id":"https:\/\/www.mettmann.de\/web\/#\/schema\/logo\/image\/","url":"https:\/\/www.mettmann.de\/web\/wp-content\/uploads\/2019\/08\/Kreisstadt_Mettmann_Logo_RGB_150dpi.png","contentUrl":"https:\/\/www.mettmann.de\/web\/wp-content\/uploads\/2019\/08\/Kreisstadt_Mettmann_Logo_RGB_150dpi.png","width":1302,"height":191,"caption":"Kreisstadt Mettmann"},"image":{"@id":"https:\/\/www.mettmann.de\/web\/#\/schema\/logo\/image\/"},"sameAs":["https:\/\/www.facebook.com\/kreisstadt.mettmann","https:\/\/de.wikipedia.org\/wiki\/Mettmann"]}]}},"_links":{"self":[{"href":"https:\/\/www.mettmann.de\/web\/wp-json\/wp\/v2\/pages\/2708","targetHints":{"allow":["GET"]}}],"collection":[{"href":"https:\/\/www.mettmann.de\/web\/wp-json\/wp\/v2\/pages"}],"about":[{"href":"https:\/\/www.mettmann.de\/web\/wp-json\/wp\/v2\/types\/page"}],"author":[{"embeddable":true,"href":"https:\/\/www.mettmann.de\/web\/wp-json\/wp\/v2\/users\/1"}],"replies":[{"embeddable":true,"href":"https:\/\/www.mettmann.de\/web\/wp-json\/wp\/v2\/comments?post=2708"}],"version-history":[{"count":20,"href":"https:\/\/www.mettmann.de\/web\/wp-json\/wp\/v2\/pages\/2708\/revisions"}],"predecessor-version":[{"id":57191,"href":"https:\/\/www.mettmann.de\/web\/wp-json\/wp\/v2\/pages\/2708\/revisions\/57191"}],"wp:featuredmedia":[{"embeddable":true,"href":"https:\/\/www.mettmann.de\/web\/wp-json\/wp\/v2\/media\/57188"}],"wp:attachment":[{"href":"https:\/\/www.mettmann.de\/web\/wp-json\/wp\/v2\/media?parent=2708"}],"curies":[{"name":"wp","href":"https:\/\/api.w.org\/{rel}","templated":true}]}}