{"id":3042,"date":"2019-12-12T14:23:38","date_gmt":"2019-12-12T13:23:38","guid":{"rendered":"https:\/\/www.mettmann.de\/web\/?page_id=3042"},"modified":"2025-04-07T14:50:33","modified_gmt":"2025-04-07T12:50:33","slug":"schiedspersonen-schiedsamtsbezirke","status":"publish","type":"page","link":"https:\/\/www.mettmann.de\/web\/organisationsaufbau\/schiedspersonen-schiedsamtsbezirke\/","title":{"rendered":"Schiedsamtsbezirke"},"content":{"rendered":"<h3>Aufgabe von Schiedspersonen<\/h3>\n<p><a href=\"http:\/\/www.schiedsamt.de\" target=\"_blank\" rel=\"noopener noreferrer\"><img decoding=\"async\" src=\"\/web\/grafiken\/schiedsamt.jpg\" alt=\"schlichten statt richten\" align=\"right\"><\/a><\/p>\n<p>Zur Vermeidung gerichtlicher Auseinandersetzungen besteht die Aufgabe der Schiedspersonen darin, festgefahrene Konfliktsituationen und verh\u00e4rtete Fronten aufzubrechen und dadurch kleinere Meinungsverschiedenheiten und Streitigkeiten zivilrechtlicher und strafrechtlicher Art zu schlichten und durch Abschluss eines entsprechend zu protokollierenden Vergleiches zu beenden.<\/p>\n<p>Die Schiedsperson wird in vielf\u00e4ltigen Bereichen t\u00e4tig, z.B. in Nachbarschaftsstreitigkeiten, bei der Beachtung der Hausordnung, bei Schmerzensgeld und sonstigen Schadensersatzanspr\u00fcchen, aber auch in F\u00e4llen leichter K\u00f6rperverletzung, des Hausfriedensbruchs, der Beleidigung oder der Sachbesch\u00e4digung.<\/p>\n<h3>Mettmanner Schiedsamtsbezirke<\/h3>\n<p class=\"eingerueckt40\">Mettmann ist in zwei Schiedsamtsbezirke aufgeteilt. Die Trennungslinie zwischen den Schiedsamtsbezirken Mettmann-Nord und Mettmann-S\u00fcd stellt die bisherige B 7 dar.<\/p>\n<h4>Schiedsfrau Bezirk Mettmann-Nord<\/h4>\n<p class=\"eingerueckt40\">Ulrike Kircher-Poetsch<br \/>\nTelefon: 0172 \/ 23 67 908<br \/>\nE-Mail: <a href=\"mailto:ulrike.kircher@web.de\" target=\"_blank\" rel=\"noopener\">ulrike.kircher@web.de<\/a><\/p>\n<h4>Schiedsmann Bezirk Mettmann-S\u00fcd<\/h4>\n<p>Christoph Lefringhausen<br \/>\nTelefon: 0176 \/ 51086924<br \/>\nE-Mail: <a href=\"mailto:clefringhausen@web.de\">clefringhausen@web.de<\/a><\/p>\n<h3>Schiedsamtsb\u00fcro<\/h3>\n<p class=\"eingerueckt40\">Carl-Fuhlrott-Realschule<br \/>\nGoethestra\u00dfe 33, Mettmann<\/p>\n<h3>Weitere Informationen<\/h3>\n<ul>\n<li class=\"eingerueckt40\"><a class=\"f\" href=\"https:\/\/recht.nrw.de\/lmi\/owa\/br_text_anzeigen?v_id=5820021111170061258\" target=\"_blank\" rel=\"noopener noreferrer\">Nachbarrechtsgesetz (NachbG NRW)<\/a><\/li>\n<\/ul>\n","protected":false},"excerpt":{"rendered":"<p>Aufgabe von Schiedspersonen Zur Vermeidung gerichtlicher Auseinandersetzungen besteht die Aufgabe der Schiedspersonen darin, festgefahrene Konfliktsituationen und verh\u00e4rtete Fronten aufzubrechen und dadurch kleinere Meinungsverschiedenheiten und Streitigkeiten zivilrechtlicher und strafrechtlicher Art zu schlichten und durch Abschluss eines&#8230;<\/p>\n","protected":false},"author":1,"featured_media":3043,"parent":406,"menu_order":6,"comment_status":"closed","ping_status":"closed","template":"","meta":{"ngg_post_thumbnail":0,"footnotes":""},"class_list":["post-3042","page","type-page","status-publish","has-post-thumbnail","hentry"],"yoast_head":"<!-- This site is optimized with the Yoast SEO plugin v27.2 - https:\/\/yoast.com\/product\/yoast-seo-wordpress\/ -->\n<title>Schiedsamtsbezirke | Stadtverwaltung Mettmann<\/title>\n<meta name=\"robots\" content=\"index, follow, max-snippet:-1, max-image-preview:large, max-video-preview:-1\" \/>\n<link rel=\"canonical\" href=\"https:\/\/www.mettmann.de\/web\/organisationsaufbau\/schiedspersonen-schiedsamtsbezirke\/\" \/>\n<meta property=\"og:locale\" content=\"de_DE\" \/>\n<meta property=\"og:type\" content=\"article\" \/>\n<meta property=\"og:title\" content=\"Schiedsamtsbezirke | Stadtverwaltung Mettmann\" \/>\n<meta property=\"og:description\" content=\"Aufgabe von Schiedspersonen Zur Vermeidung gerichtlicher Auseinandersetzungen besteht die Aufgabe der Schiedspersonen darin, festgefahrene Konfliktsituationen und verh\u00e4rtete Fronten aufzubrechen und dadurch kleinere Meinungsverschiedenheiten und Streitigkeiten zivilrechtlicher und strafrechtlicher Art zu schlichten und durch Abschluss eines...\" \/>\n<meta property=\"og:url\" content=\"https:\/\/www.mettmann.de\/web\/organisationsaufbau\/schiedspersonen-schiedsamtsbezirke\/\" \/>\n<meta property=\"og:site_name\" content=\"Stadtverwaltung Mettmann\" \/>\n<meta property=\"article:publisher\" content=\"https:\/\/www.facebook.com\/kreisstadt.mettmann\" \/>\n<meta property=\"article:modified_time\" content=\"2025-04-07T12:50:33+00:00\" \/>\n<meta property=\"og:image\" content=\"https:\/\/www.mettmann.de\/web\/wp-content\/uploads\/2019\/12\/club-2492011_1280.jpg\" \/>\n\t<meta property=\"og:image:width\" content=\"1280\" \/>\n\t<meta property=\"og:image:height\" content=\"711\" \/>\n\t<meta property=\"og:image:type\" content=\"image\/jpeg\" \/>\n<meta name=\"twitter:card\" content=\"summary_large_image\" \/>\n<meta name=\"twitter:label1\" content=\"Gesch\u00e4tzte Lesezeit\" \/>\n\t<meta name=\"twitter:data1\" content=\"2\u00a0Minuten\" \/>\n<script type=\"application\/ld+json\" class=\"yoast-schema-graph\">{\"@context\":\"https:\/\/schema.org\",\"@graph\":[{\"@type\":\"WebPage\",\"@id\":\"https:\/\/www.mettmann.de\/web\/organisationsaufbau\/schiedspersonen-schiedsamtsbezirke\/\",\"url\":\"https:\/\/www.mettmann.de\/web\/organisationsaufbau\/schiedspersonen-schiedsamtsbezirke\/\",\"name\":\"Schiedsamtsbezirke | Stadtverwaltung Mettmann\",\"isPartOf\":{\"@id\":\"https:\/\/www.mettmann.de\/web\/#website\"},\"primaryImageOfPage\":{\"@id\":\"https:\/\/www.mettmann.de\/web\/organisationsaufbau\/schiedspersonen-schiedsamtsbezirke\/#primaryimage\"},\"image\":{\"@id\":\"https:\/\/www.mettmann.de\/web\/organisationsaufbau\/schiedspersonen-schiedsamtsbezirke\/#primaryimage\"},\"thumbnailUrl\":\"https:\/\/www.mettmann.de\/web\/wp-content\/uploads\/2019\/12\/club-2492011_1280.jpg\",\"datePublished\":\"2019-12-12T13:23:38+00:00\",\"dateModified\":\"2025-04-07T12:50:33+00:00\",\"breadcrumb\":{\"@id\":\"https:\/\/www.mettmann.de\/web\/organisationsaufbau\/schiedspersonen-schiedsamtsbezirke\/#breadcrumb\"},\"inLanguage\":\"de\",\"potentialAction\":[{\"@type\":\"ReadAction\",\"target\":[\"https:\/\/www.mettmann.de\/web\/organisationsaufbau\/schiedspersonen-schiedsamtsbezirke\/\"]}]},{\"@type\":\"ImageObject\",\"inLanguage\":\"de\",\"@id\":\"https:\/\/www.mettmann.de\/web\/organisationsaufbau\/schiedspersonen-schiedsamtsbezirke\/#primaryimage\",\"url\":\"https:\/\/www.mettmann.de\/web\/wp-content\/uploads\/2019\/12\/club-2492011_1280.jpg\",\"contentUrl\":\"https:\/\/www.mettmann.de\/web\/wp-content\/uploads\/2019\/12\/club-2492011_1280.jpg\",\"width\":1280,\"height\":711,\"caption\":\"Symbolfoto: qimono \/ pixabay\"},{\"@type\":\"BreadcrumbList\",\"@id\":\"https:\/\/www.mettmann.de\/web\/organisationsaufbau\/schiedspersonen-schiedsamtsbezirke\/#breadcrumb\",\"itemListElement\":[{\"@type\":\"ListItem\",\"position\":1,\"name\":\"Startseite\",\"item\":\"https:\/\/www.mettmann.de\/web\/\"},{\"@type\":\"ListItem\",\"position\":2,\"name\":\"Stadtverwaltung\",\"item\":\"https:\/\/www.mettmann.de\/web\/organisationsaufbau\/\"},{\"@type\":\"ListItem\",\"position\":3,\"name\":\"Schiedsamtsbezirke\"}]},{\"@type\":\"WebSite\",\"@id\":\"https:\/\/www.mettmann.de\/web\/#website\",\"url\":\"https:\/\/www.mettmann.de\/web\/\",\"name\":\"Stadtverwaltung Mettmann\",\"description\":\"Internetseite der Kreisstadt Mettmann\",\"publisher\":{\"@id\":\"https:\/\/www.mettmann.de\/web\/#organization\"},\"potentialAction\":[{\"@type\":\"SearchAction\",\"target\":{\"@type\":\"EntryPoint\",\"urlTemplate\":\"https:\/\/www.mettmann.de\/web\/?s={search_term_string}\"},\"query-input\":{\"@type\":\"PropertyValueSpecification\",\"valueRequired\":true,\"valueName\":\"search_term_string\"}}],\"inLanguage\":\"de\"},{\"@type\":\"Organization\",\"@id\":\"https:\/\/www.mettmann.de\/web\/#organization\",\"name\":\"Kreisstadt Mettmann\",\"url\":\"https:\/\/www.mettmann.de\/web\/\",\"logo\":{\"@type\":\"ImageObject\",\"inLanguage\":\"de\",\"@id\":\"https:\/\/www.mettmann.de\/web\/#\/schema\/logo\/image\/\",\"url\":\"https:\/\/www.mettmann.de\/web\/wp-content\/uploads\/2019\/08\/Kreisstadt_Mettmann_Logo_RGB_150dpi.png\",\"contentUrl\":\"https:\/\/www.mettmann.de\/web\/wp-content\/uploads\/2019\/08\/Kreisstadt_Mettmann_Logo_RGB_150dpi.png\",\"width\":1302,\"height\":191,\"caption\":\"Kreisstadt Mettmann\"},\"image\":{\"@id\":\"https:\/\/www.mettmann.de\/web\/#\/schema\/logo\/image\/\"},\"sameAs\":[\"https:\/\/www.facebook.com\/kreisstadt.mettmann\",\"https:\/\/de.wikipedia.org\/wiki\/Mettmann\"]}]}<\/script>\n<!-- \/ Yoast SEO plugin. -->","yoast_head_json":{"title":"Schiedsamtsbezirke | Stadtverwaltung Mettmann","robots":{"index":"index","follow":"follow","max-snippet":"max-snippet:-1","max-image-preview":"max-image-preview:large","max-video-preview":"max-video-preview:-1"},"canonical":"https:\/\/www.mettmann.de\/web\/organisationsaufbau\/schiedspersonen-schiedsamtsbezirke\/","og_locale":"de_DE","og_type":"article","og_title":"Schiedsamtsbezirke | Stadtverwaltung Mettmann","og_description":"Aufgabe von Schiedspersonen Zur Vermeidung gerichtlicher Auseinandersetzungen besteht die Aufgabe der Schiedspersonen darin, festgefahrene Konfliktsituationen und verh\u00e4rtete Fronten aufzubrechen und dadurch kleinere Meinungsverschiedenheiten und Streitigkeiten zivilrechtlicher und strafrechtlicher Art zu schlichten und durch Abschluss eines...","og_url":"https:\/\/www.mettmann.de\/web\/organisationsaufbau\/schiedspersonen-schiedsamtsbezirke\/","og_site_name":"Stadtverwaltung Mettmann","article_publisher":"https:\/\/www.facebook.com\/kreisstadt.mettmann","article_modified_time":"2025-04-07T12:50:33+00:00","og_image":[{"width":1280,"height":711,"url":"https:\/\/www.mettmann.de\/web\/wp-content\/uploads\/2019\/12\/club-2492011_1280.jpg","type":"image\/jpeg"}],"twitter_card":"summary_large_image","twitter_misc":{"Gesch\u00e4tzte Lesezeit":"2\u00a0Minuten"},"schema":{"@context":"https:\/\/schema.org","@graph":[{"@type":"WebPage","@id":"https:\/\/www.mettmann.de\/web\/organisationsaufbau\/schiedspersonen-schiedsamtsbezirke\/","url":"https:\/\/www.mettmann.de\/web\/organisationsaufbau\/schiedspersonen-schiedsamtsbezirke\/","name":"Schiedsamtsbezirke | Stadtverwaltung Mettmann","isPartOf":{"@id":"https:\/\/www.mettmann.de\/web\/#website"},"primaryImageOfPage":{"@id":"https:\/\/www.mettmann.de\/web\/organisationsaufbau\/schiedspersonen-schiedsamtsbezirke\/#primaryimage"},"image":{"@id":"https:\/\/www.mettmann.de\/web\/organisationsaufbau\/schiedspersonen-schiedsamtsbezirke\/#primaryimage"},"thumbnailUrl":"https:\/\/www.mettmann.de\/web\/wp-content\/uploads\/2019\/12\/club-2492011_1280.jpg","datePublished":"2019-12-12T13:23:38+00:00","dateModified":"2025-04-07T12:50:33+00:00","breadcrumb":{"@id":"https:\/\/www.mettmann.de\/web\/organisationsaufbau\/schiedspersonen-schiedsamtsbezirke\/#breadcrumb"},"inLanguage":"de","potentialAction":[{"@type":"ReadAction","target":["https:\/\/www.mettmann.de\/web\/organisationsaufbau\/schiedspersonen-schiedsamtsbezirke\/"]}]},{"@type":"ImageObject","inLanguage":"de","@id":"https:\/\/www.mettmann.de\/web\/organisationsaufbau\/schiedspersonen-schiedsamtsbezirke\/#primaryimage","url":"https:\/\/www.mettmann.de\/web\/wp-content\/uploads\/2019\/12\/club-2492011_1280.jpg","contentUrl":"https:\/\/www.mettmann.de\/web\/wp-content\/uploads\/2019\/12\/club-2492011_1280.jpg","width":1280,"height":711,"caption":"Symbolfoto: qimono \/ pixabay"},{"@type":"BreadcrumbList","@id":"https:\/\/www.mettmann.de\/web\/organisationsaufbau\/schiedspersonen-schiedsamtsbezirke\/#breadcrumb","itemListElement":[{"@type":"ListItem","position":1,"name":"Startseite","item":"https:\/\/www.mettmann.de\/web\/"},{"@type":"ListItem","position":2,"name":"Stadtverwaltung","item":"https:\/\/www.mettmann.de\/web\/organisationsaufbau\/"},{"@type":"ListItem","position":3,"name":"Schiedsamtsbezirke"}]},{"@type":"WebSite","@id":"https:\/\/www.mettmann.de\/web\/#website","url":"https:\/\/www.mettmann.de\/web\/","name":"Stadtverwaltung Mettmann","description":"Internetseite der Kreisstadt Mettmann","publisher":{"@id":"https:\/\/www.mettmann.de\/web\/#organization"},"potentialAction":[{"@type":"SearchAction","target":{"@type":"EntryPoint","urlTemplate":"https:\/\/www.mettmann.de\/web\/?s={search_term_string}"},"query-input":{"@type":"PropertyValueSpecification","valueRequired":true,"valueName":"search_term_string"}}],"inLanguage":"de"},{"@type":"Organization","@id":"https:\/\/www.mettmann.de\/web\/#organization","name":"Kreisstadt Mettmann","url":"https:\/\/www.mettmann.de\/web\/","logo":{"@type":"ImageObject","inLanguage":"de","@id":"https:\/\/www.mettmann.de\/web\/#\/schema\/logo\/image\/","url":"https:\/\/www.mettmann.de\/web\/wp-content\/uploads\/2019\/08\/Kreisstadt_Mettmann_Logo_RGB_150dpi.png","contentUrl":"https:\/\/www.mettmann.de\/web\/wp-content\/uploads\/2019\/08\/Kreisstadt_Mettmann_Logo_RGB_150dpi.png","width":1302,"height":191,"caption":"Kreisstadt Mettmann"},"image":{"@id":"https:\/\/www.mettmann.de\/web\/#\/schema\/logo\/image\/"},"sameAs":["https:\/\/www.facebook.com\/kreisstadt.mettmann","https:\/\/de.wikipedia.org\/wiki\/Mettmann"]}]}},"_links":{"self":[{"href":"https:\/\/www.mettmann.de\/web\/wp-json\/wp\/v2\/pages\/3042","targetHints":{"allow":["GET"]}}],"collection":[{"href":"https:\/\/www.mettmann.de\/web\/wp-json\/wp\/v2\/pages"}],"about":[{"href":"https:\/\/www.mettmann.de\/web\/wp-json\/wp\/v2\/types\/page"}],"author":[{"embeddable":true,"href":"https:\/\/www.mettmann.de\/web\/wp-json\/wp\/v2\/users\/1"}],"replies":[{"embeddable":true,"href":"https:\/\/www.mettmann.de\/web\/wp-json\/wp\/v2\/comments?post=3042"}],"version-history":[{"count":9,"href":"https:\/\/www.mettmann.de\/web\/wp-json\/wp\/v2\/pages\/3042\/revisions"}],"predecessor-version":[{"id":48952,"href":"https:\/\/www.mettmann.de\/web\/wp-json\/wp\/v2\/pages\/3042\/revisions\/48952"}],"up":[{"embeddable":true,"href":"https:\/\/www.mettmann.de\/web\/wp-json\/wp\/v2\/pages\/406"}],"wp:featuredmedia":[{"embeddable":true,"href":"https:\/\/www.mettmann.de\/web\/wp-json\/wp\/v2\/media\/3043"}],"wp:attachment":[{"href":"https:\/\/www.mettmann.de\/web\/wp-json\/wp\/v2\/media?parent=3042"}],"curies":[{"name":"wp","href":"https:\/\/api.w.org\/{rel}","templated":true}]}}