{"id":3831,"date":"2020-02-12T11:49:42","date_gmt":"2020-02-12T10:49:42","guid":{"rendered":"https:\/\/www.mettmann.de\/web\/?page_id=3831"},"modified":"2020-02-12T12:00:09","modified_gmt":"2020-02-12T11:00:09","slug":"abfallgebuehren","status":"publish","type":"page","link":"https:\/\/www.mettmann.de\/web\/abfallberatungsseiten\/abfallgebuehren\/","title":{"rendered":"Abfallgeb\u00fchren"},"content":{"rendered":"<div id=\"attachment_348\" style=\"width: 1290px\" class=\"wp-caption alignnone\"><img loading=\"lazy\" decoding=\"async\" aria-describedby=\"caption-attachment-348\" class=\"size-full wp-image-348\" src=\"https:\/\/www.mettmann.de\/web\/wp-content\/uploads\/2019\/08\/finanzen.jpg\" alt=\"Finanzen\" width=\"1280\" height=\"853\" srcset=\"https:\/\/www.mettmann.de\/web\/wp-content\/uploads\/2019\/08\/finanzen.jpg 1280w, https:\/\/www.mettmann.de\/web\/wp-content\/uploads\/2019\/08\/finanzen-300x200.jpg 300w, https:\/\/www.mettmann.de\/web\/wp-content\/uploads\/2019\/08\/finanzen-768x512.jpg 768w, https:\/\/www.mettmann.de\/web\/wp-content\/uploads\/2019\/08\/finanzen-1024x682.jpg 1024w\" sizes=\"auto, (max-width: 1280px) 100vw, 1280px\" \/><p id=\"caption-attachment-348\" class=\"wp-caption-text\">Symbolfoto: Bru-nO \/ pixabay<\/p><\/div>\n<p class=\"eingerueckt40\">In den Abfallgeb\u00fchren sind bereits die Kosten f\u00fcr die meisten Entsorgungsleistungen enthalten! Das hei\u00dft, mit den Abfallgeb\u00fchren werden auch fast s\u00e4mtliche jeweils f\u00fcr ein Kalenderjahr ermittelten Ausgaben f\u00fcr die Entsorgung und Verwertung aller Abf\u00e4lle umgelegt.<\/p>\n<p class=\"eingerueckt40\">Zum Beispiel die Kosten f\u00fcr die Restm\u00fcll- und Sperrm\u00fcllabfuhr, die getrennte Altholzerfassung, die Bioabfall- und Gr\u00fcnabfallsammlung, die Erfassung des Altpapiers, die Schadstoffsammlung, die Weihnachtsbaumsammlung, die Unterhaltung des gr\u00f6\u00dften Recyclinghofes in der ganzen Region, die Reinigung und Instandhaltung der Depotcontainerstandpl\u00e4tze, die Leerung der Stra\u00dfenabfallk\u00f6rbe, die Beseitigung von wilden M\u00fcllkippen und vieles mehr.<\/p>\n<p class=\"eingerueckt40\">Dieses gesamte Spektrum der Leistungen wird in anderen St\u00e4dten teilweise gar nicht, eingeschr\u00e4nkt oder ausschlie\u00dflich kostenpflichtig angeboten. Insofern genie\u00dfen Sie in Mettmann eine abfallwirtschaftliche Komplettversorgung. Diese Qualit\u00e4t hat einen fairen Preis.<\/p>\n<p class=\"eingerueckt40\">Rund 40 Prozent der Abfallgeb\u00fchren entfallen im \u00dcbrigen alleine schon auf die reinen Entsorgungs- und Verwertungskosten. Ebenso beinhalten fast 40 Prozent der Abfallgeb\u00fchren die Kosten f\u00fcr die die Einsammlung und den Transport s\u00e4mtlicher Abf\u00e4lle und Wertstoffe.<\/p>\n<p class=\"eingerueckt40\">Bedenken Sie bitte auch, dass diese Leistungen zum Teil unabh\u00e4ngig von den in Anspruch genommenen Beh\u00e4lterausstattungen und dem individuellen Abfallaufkommen erbracht werden m\u00fcssen: Ob Restm\u00fclltonne in Gr\u00f6\u00dfe XS oder XL, Blaue Tonne f\u00fcr Altpapier ja oder nein, oder Bioabfallsammlung in Beh\u00e4ltern mit 120 oder 240 Liter Gr\u00f6\u00dfe. Wir sind bei jedem Abfuhrtermin bei Ihnen vor Ort und bedienen unabh\u00e4ngig von der jeweils gew\u00e4hlten Beh\u00e4lterausstattung und der tats\u00e4chlichen Mengenbereitstellung jedes Grundst\u00fcck in Mettmann gleicherma\u00dfen.<\/p>\n<p class=\"eingerueckt40\">Mit rund 7.000 t pro Jahr macht der Restm\u00fcll immer noch den gr\u00f6\u00dften Anteil am Gesamtabfallaufkommen in Mettmann aus. Knapp 180 kg j\u00e4hrlich und somit 500 g M\u00fcll t\u00e4glich pro Einwohner &#8211; ganz gleich ob Baby oder betagter Senior.<\/p>\n<p class=\"eingerueckt40\">Deshalb m\u00fcssen auch wir ein Mindestvolumen f\u00fcr die Nutzung der Restm\u00fclltonnen festlegen, das durchschnittlich f\u00fcr die regelm\u00e4\u00dfige Restm\u00fcllentsorgung f\u00fcr jeden Haushalt und die gemeldeten Personen ausreicht.<\/p>\n<p class=\"eingerueckt40\">Schlie\u00dflich ist es erforderlich, auf der Grundlage der Durchschnittswerte allen Mettmanner B\u00fcrgerinnen und B\u00fcrgern eine regelm\u00e4\u00dfige Entsorgung ihres Restm\u00fclls zu erm\u00f6glichen. Dies schlie\u00dft auch Reserven f\u00fcr einmalig und blo\u00df vor\u00fcbergehend anfallende Mehrmengen ein. Bei rund 23.000 Haushalten ist es nicht m\u00f6glich, einzelfallbezogene Beh\u00e4ltervolumen zuzuweisen.<\/p>\n<p class=\"eingerueckt40\">Die Restm\u00fcllabfuhr erfolgt grunds\u00e4tzlich alle 14 Tage. Die ben\u00f6tigte Restm\u00fclltonne muss ein Volumen von mindestens 30 Liter pro Leerung und je Hausbewohner haben. Bei nachweislicher Nutzung s\u00e4mtlicher Verwertungsangebote k\u00f6nnen auch 20 Liter und in Einzelf\u00e4llen auf schriftlichen Antrag sogar nur 15 Liter pro Leerung zugelassen werden. Weniger geht leider nicht! Das von uns festgelegte Mindestbeh\u00e4ltervolumen f\u00fcr die Restm\u00fcllentsorgung ist im Vergleich zu den meisten anderen St\u00e4dten in Nordrhein-Westfalen ohnehin schon ausgesprochen gering angesetzt.<\/p>\n<p class=\"eingerueckt40\">Das Mindestvolumen ist das bundesweit \u00fcbliche und anerkannte Zuteilungskriterium f\u00fcr die Restm\u00fcllbeh\u00e4lter. Sofern ein solcher nicht in entsprechender Gr\u00f6\u00dfe des ermittelten Mindestvolumens angeboten wird, erfolgt die Zuteilung des Restm\u00fcllbeh\u00e4lters mit dem n\u00e4chstm\u00f6glichen gr\u00f6\u00dferen Beh\u00e4ltervolumen.<\/p>\n<ul>\n<li><a href=\"\/web\/?page_id=1205\">Steuers\u00e4tze und Geb\u00fchren: Abfallgeb\u00fchren<\/a><\/li>\n<li><a href=\"https:\/\/www.mettmann.de\/ortsrecht\/pdf\/22.005.pdf\" target=\"_blank\" rel=\"noopener noreferrer\">Abfallgeb\u00fchrensatzung<\/a><\/li>\n<\/ul>\n","protected":false},"excerpt":{"rendered":"<p>In den Abfallgeb\u00fchren sind bereits die Kosten f\u00fcr die meisten Entsorgungsleistungen enthalten! Das hei\u00dft, mit den Abfallgeb\u00fchren werden auch fast s\u00e4mtliche jeweils f\u00fcr ein Kalenderjahr ermittelten Ausgaben f\u00fcr die Entsorgung und Verwertung aller Abf\u00e4lle umgelegt&#8230;.<\/p>\n","protected":false},"author":1,"featured_media":348,"parent":1214,"menu_order":4,"comment_status":"closed","ping_status":"closed","template":"","meta":{"ngg_post_thumbnail":0,"footnotes":""},"class_list":["post-3831","page","type-page","status-publish","has-post-thumbnail","hentry"],"yoast_head":"<!-- This site is optimized with the Yoast SEO plugin v27.2 - https:\/\/yoast.com\/product\/yoast-seo-wordpress\/ -->\n<title>Abfallgeb\u00fchren | Stadtverwaltung Mettmann<\/title>\n<meta name=\"robots\" content=\"index, follow, max-snippet:-1, max-image-preview:large, max-video-preview:-1\" \/>\n<link rel=\"canonical\" href=\"https:\/\/www.mettmann.de\/web\/abfallberatungsseiten\/abfallgebuehren\/\" \/>\n<meta property=\"og:locale\" content=\"de_DE\" \/>\n<meta property=\"og:type\" content=\"article\" \/>\n<meta property=\"og:title\" content=\"Abfallgeb\u00fchren | Stadtverwaltung Mettmann\" \/>\n<meta property=\"og:description\" content=\"In den Abfallgeb\u00fchren sind bereits die Kosten f\u00fcr die meisten Entsorgungsleistungen enthalten! Das hei\u00dft, mit den Abfallgeb\u00fchren werden auch fast s\u00e4mtliche jeweils f\u00fcr ein Kalenderjahr ermittelten Ausgaben f\u00fcr die Entsorgung und Verwertung aller Abf\u00e4lle umgelegt....\" \/>\n<meta property=\"og:url\" content=\"https:\/\/www.mettmann.de\/web\/abfallberatungsseiten\/abfallgebuehren\/\" \/>\n<meta property=\"og:site_name\" content=\"Stadtverwaltung Mettmann\" \/>\n<meta property=\"article:publisher\" content=\"https:\/\/www.facebook.com\/kreisstadt.mettmann\" \/>\n<meta property=\"article:modified_time\" content=\"2020-02-12T11:00:09+00:00\" \/>\n<meta property=\"og:image\" content=\"https:\/\/www.mettmann.de\/web\/wp-content\/uploads\/2019\/08\/finanzen.jpg\" \/>\n\t<meta property=\"og:image:width\" content=\"1280\" \/>\n\t<meta property=\"og:image:height\" content=\"853\" \/>\n\t<meta property=\"og:image:type\" content=\"image\/jpeg\" \/>\n<meta name=\"twitter:card\" content=\"summary_large_image\" \/>\n<meta name=\"twitter:label1\" content=\"Gesch\u00e4tzte Lesezeit\" \/>\n\t<meta name=\"twitter:data1\" content=\"3\u00a0Minuten\" \/>\n<script type=\"application\/ld+json\" class=\"yoast-schema-graph\">{\"@context\":\"https:\/\/schema.org\",\"@graph\":[{\"@type\":\"WebPage\",\"@id\":\"https:\/\/www.mettmann.de\/web\/abfallberatungsseiten\/abfallgebuehren\/\",\"url\":\"https:\/\/www.mettmann.de\/web\/abfallberatungsseiten\/abfallgebuehren\/\",\"name\":\"Abfallgeb\u00fchren | Stadtverwaltung Mettmann\",\"isPartOf\":{\"@id\":\"https:\/\/www.mettmann.de\/web\/#website\"},\"primaryImageOfPage\":{\"@id\":\"https:\/\/www.mettmann.de\/web\/abfallberatungsseiten\/abfallgebuehren\/#primaryimage\"},\"image\":{\"@id\":\"https:\/\/www.mettmann.de\/web\/abfallberatungsseiten\/abfallgebuehren\/#primaryimage\"},\"thumbnailUrl\":\"https:\/\/www.mettmann.de\/web\/wp-content\/uploads\/2019\/08\/finanzen.jpg\",\"datePublished\":\"2020-02-12T10:49:42+00:00\",\"dateModified\":\"2020-02-12T11:00:09+00:00\",\"breadcrumb\":{\"@id\":\"https:\/\/www.mettmann.de\/web\/abfallberatungsseiten\/abfallgebuehren\/#breadcrumb\"},\"inLanguage\":\"de\",\"potentialAction\":[{\"@type\":\"ReadAction\",\"target\":[\"https:\/\/www.mettmann.de\/web\/abfallberatungsseiten\/abfallgebuehren\/\"]}]},{\"@type\":\"ImageObject\",\"inLanguage\":\"de\",\"@id\":\"https:\/\/www.mettmann.de\/web\/abfallberatungsseiten\/abfallgebuehren\/#primaryimage\",\"url\":\"https:\/\/www.mettmann.de\/web\/wp-content\/uploads\/2019\/08\/finanzen.jpg\",\"contentUrl\":\"https:\/\/www.mettmann.de\/web\/wp-content\/uploads\/2019\/08\/finanzen.jpg\",\"width\":1280,\"height\":853,\"caption\":\"Symbolfoto: Bru-nO \/ Pixabay\"},{\"@type\":\"BreadcrumbList\",\"@id\":\"https:\/\/www.mettmann.de\/web\/abfallberatungsseiten\/abfallgebuehren\/#breadcrumb\",\"itemListElement\":[{\"@type\":\"ListItem\",\"position\":1,\"name\":\"Startseite\",\"item\":\"https:\/\/www.mettmann.de\/web\/\"},{\"@type\":\"ListItem\",\"position\":2,\"name\":\"Abfallberatung online\",\"item\":\"https:\/\/www.mettmann.de\/web\/abfallberatungsseiten\/\"},{\"@type\":\"ListItem\",\"position\":3,\"name\":\"Abfallgeb\u00fchren\"}]},{\"@type\":\"WebSite\",\"@id\":\"https:\/\/www.mettmann.de\/web\/#website\",\"url\":\"https:\/\/www.mettmann.de\/web\/\",\"name\":\"Stadtverwaltung Mettmann\",\"description\":\"Internetseite der Kreisstadt Mettmann\",\"publisher\":{\"@id\":\"https:\/\/www.mettmann.de\/web\/#organization\"},\"potentialAction\":[{\"@type\":\"SearchAction\",\"target\":{\"@type\":\"EntryPoint\",\"urlTemplate\":\"https:\/\/www.mettmann.de\/web\/?s={search_term_string}\"},\"query-input\":{\"@type\":\"PropertyValueSpecification\",\"valueRequired\":true,\"valueName\":\"search_term_string\"}}],\"inLanguage\":\"de\"},{\"@type\":\"Organization\",\"@id\":\"https:\/\/www.mettmann.de\/web\/#organization\",\"name\":\"Kreisstadt Mettmann\",\"url\":\"https:\/\/www.mettmann.de\/web\/\",\"logo\":{\"@type\":\"ImageObject\",\"inLanguage\":\"de\",\"@id\":\"https:\/\/www.mettmann.de\/web\/#\/schema\/logo\/image\/\",\"url\":\"https:\/\/www.mettmann.de\/web\/wp-content\/uploads\/2019\/08\/Kreisstadt_Mettmann_Logo_RGB_150dpi.png\",\"contentUrl\":\"https:\/\/www.mettmann.de\/web\/wp-content\/uploads\/2019\/08\/Kreisstadt_Mettmann_Logo_RGB_150dpi.png\",\"width\":1302,\"height\":191,\"caption\":\"Kreisstadt Mettmann\"},\"image\":{\"@id\":\"https:\/\/www.mettmann.de\/web\/#\/schema\/logo\/image\/\"},\"sameAs\":[\"https:\/\/www.facebook.com\/kreisstadt.mettmann\",\"https:\/\/de.wikipedia.org\/wiki\/Mettmann\"]}]}<\/script>\n<!-- \/ Yoast SEO plugin. -->","yoast_head_json":{"title":"Abfallgeb\u00fchren | Stadtverwaltung Mettmann","robots":{"index":"index","follow":"follow","max-snippet":"max-snippet:-1","max-image-preview":"max-image-preview:large","max-video-preview":"max-video-preview:-1"},"canonical":"https:\/\/www.mettmann.de\/web\/abfallberatungsseiten\/abfallgebuehren\/","og_locale":"de_DE","og_type":"article","og_title":"Abfallgeb\u00fchren | Stadtverwaltung Mettmann","og_description":"In den Abfallgeb\u00fchren sind bereits die Kosten f\u00fcr die meisten Entsorgungsleistungen enthalten! Das hei\u00dft, mit den Abfallgeb\u00fchren werden auch fast s\u00e4mtliche jeweils f\u00fcr ein Kalenderjahr ermittelten Ausgaben f\u00fcr die Entsorgung und Verwertung aller Abf\u00e4lle umgelegt....","og_url":"https:\/\/www.mettmann.de\/web\/abfallberatungsseiten\/abfallgebuehren\/","og_site_name":"Stadtverwaltung Mettmann","article_publisher":"https:\/\/www.facebook.com\/kreisstadt.mettmann","article_modified_time":"2020-02-12T11:00:09+00:00","og_image":[{"width":1280,"height":853,"url":"https:\/\/www.mettmann.de\/web\/wp-content\/uploads\/2019\/08\/finanzen.jpg","type":"image\/jpeg"}],"twitter_card":"summary_large_image","twitter_misc":{"Gesch\u00e4tzte Lesezeit":"3\u00a0Minuten"},"schema":{"@context":"https:\/\/schema.org","@graph":[{"@type":"WebPage","@id":"https:\/\/www.mettmann.de\/web\/abfallberatungsseiten\/abfallgebuehren\/","url":"https:\/\/www.mettmann.de\/web\/abfallberatungsseiten\/abfallgebuehren\/","name":"Abfallgeb\u00fchren | Stadtverwaltung Mettmann","isPartOf":{"@id":"https:\/\/www.mettmann.de\/web\/#website"},"primaryImageOfPage":{"@id":"https:\/\/www.mettmann.de\/web\/abfallberatungsseiten\/abfallgebuehren\/#primaryimage"},"image":{"@id":"https:\/\/www.mettmann.de\/web\/abfallberatungsseiten\/abfallgebuehren\/#primaryimage"},"thumbnailUrl":"https:\/\/www.mettmann.de\/web\/wp-content\/uploads\/2019\/08\/finanzen.jpg","datePublished":"2020-02-12T10:49:42+00:00","dateModified":"2020-02-12T11:00:09+00:00","breadcrumb":{"@id":"https:\/\/www.mettmann.de\/web\/abfallberatungsseiten\/abfallgebuehren\/#breadcrumb"},"inLanguage":"de","potentialAction":[{"@type":"ReadAction","target":["https:\/\/www.mettmann.de\/web\/abfallberatungsseiten\/abfallgebuehren\/"]}]},{"@type":"ImageObject","inLanguage":"de","@id":"https:\/\/www.mettmann.de\/web\/abfallberatungsseiten\/abfallgebuehren\/#primaryimage","url":"https:\/\/www.mettmann.de\/web\/wp-content\/uploads\/2019\/08\/finanzen.jpg","contentUrl":"https:\/\/www.mettmann.de\/web\/wp-content\/uploads\/2019\/08\/finanzen.jpg","width":1280,"height":853,"caption":"Symbolfoto: Bru-nO \/ Pixabay"},{"@type":"BreadcrumbList","@id":"https:\/\/www.mettmann.de\/web\/abfallberatungsseiten\/abfallgebuehren\/#breadcrumb","itemListElement":[{"@type":"ListItem","position":1,"name":"Startseite","item":"https:\/\/www.mettmann.de\/web\/"},{"@type":"ListItem","position":2,"name":"Abfallberatung online","item":"https:\/\/www.mettmann.de\/web\/abfallberatungsseiten\/"},{"@type":"ListItem","position":3,"name":"Abfallgeb\u00fchren"}]},{"@type":"WebSite","@id":"https:\/\/www.mettmann.de\/web\/#website","url":"https:\/\/www.mettmann.de\/web\/","name":"Stadtverwaltung Mettmann","description":"Internetseite der Kreisstadt Mettmann","publisher":{"@id":"https:\/\/www.mettmann.de\/web\/#organization"},"potentialAction":[{"@type":"SearchAction","target":{"@type":"EntryPoint","urlTemplate":"https:\/\/www.mettmann.de\/web\/?s={search_term_string}"},"query-input":{"@type":"PropertyValueSpecification","valueRequired":true,"valueName":"search_term_string"}}],"inLanguage":"de"},{"@type":"Organization","@id":"https:\/\/www.mettmann.de\/web\/#organization","name":"Kreisstadt Mettmann","url":"https:\/\/www.mettmann.de\/web\/","logo":{"@type":"ImageObject","inLanguage":"de","@id":"https:\/\/www.mettmann.de\/web\/#\/schema\/logo\/image\/","url":"https:\/\/www.mettmann.de\/web\/wp-content\/uploads\/2019\/08\/Kreisstadt_Mettmann_Logo_RGB_150dpi.png","contentUrl":"https:\/\/www.mettmann.de\/web\/wp-content\/uploads\/2019\/08\/Kreisstadt_Mettmann_Logo_RGB_150dpi.png","width":1302,"height":191,"caption":"Kreisstadt Mettmann"},"image":{"@id":"https:\/\/www.mettmann.de\/web\/#\/schema\/logo\/image\/"},"sameAs":["https:\/\/www.facebook.com\/kreisstadt.mettmann","https:\/\/de.wikipedia.org\/wiki\/Mettmann"]}]}},"_links":{"self":[{"href":"https:\/\/www.mettmann.de\/web\/wp-json\/wp\/v2\/pages\/3831","targetHints":{"allow":["GET"]}}],"collection":[{"href":"https:\/\/www.mettmann.de\/web\/wp-json\/wp\/v2\/pages"}],"about":[{"href":"https:\/\/www.mettmann.de\/web\/wp-json\/wp\/v2\/types\/page"}],"author":[{"embeddable":true,"href":"https:\/\/www.mettmann.de\/web\/wp-json\/wp\/v2\/users\/1"}],"replies":[{"embeddable":true,"href":"https:\/\/www.mettmann.de\/web\/wp-json\/wp\/v2\/comments?post=3831"}],"version-history":[{"count":3,"href":"https:\/\/www.mettmann.de\/web\/wp-json\/wp\/v2\/pages\/3831\/revisions"}],"predecessor-version":[{"id":3837,"href":"https:\/\/www.mettmann.de\/web\/wp-json\/wp\/v2\/pages\/3831\/revisions\/3837"}],"up":[{"embeddable":true,"href":"https:\/\/www.mettmann.de\/web\/wp-json\/wp\/v2\/pages\/1214"}],"wp:featuredmedia":[{"embeddable":true,"href":"https:\/\/www.mettmann.de\/web\/wp-json\/wp\/v2\/media\/348"}],"wp:attachment":[{"href":"https:\/\/www.mettmann.de\/web\/wp-json\/wp\/v2\/media?parent=3831"}],"curies":[{"name":"wp","href":"https:\/\/api.w.org\/{rel}","templated":true}]}}