{"id":3881,"date":"2020-02-12T15:24:02","date_gmt":"2020-02-12T14:24:02","guid":{"rendered":"https:\/\/www.mettmann.de\/web\/?page_id=3881"},"modified":"2022-09-30T12:00:49","modified_gmt":"2022-09-30T10:00:49","slug":"bestellung-von-gelben-containern","status":"publish","type":"page","link":"https:\/\/www.mettmann.de\/web\/abfallberatungsseiten\/bestellformulare\/bestellung-von-gelben-containern\/","title":{"rendered":"Bestellung von Gelben S\u00e4cken"},"content":{"rendered":"<p class=\"eingerueckt40\">Die Gelben S\u00e4cke f\u00fcr leere Verkaufsverpackungen aus Kunststoff, Verbundmaterialien, Wei\u00dfblech, Aluminium und Styropor (die sogenannten Leichtstoffverpackungen) werden von der Firma AWISTA Logistik GmbH abgeholt bzw. entleert. Bei Neubestellungen, Umtausch und Austausch von Gelben Containern wenden Sie sich bitte direkt an:<\/p>\n<p class=\"eingerueckt40\"><strong>AWISTA Logistik GmbH<\/strong><br \/>\nH\u00f6herweg 222<br \/>\n40233 D\u00fcsseldorf<br \/>\nTelefon: 0800 \/ 1223255<\/p>\n<p>E-Mail: <a href=\"mailto:mail@awista-logistik.de\">mail@awista-logistik.de<\/a><\/p>\n<p class=\"eingerueckt40\">Bei der Sammlung von leeren Verkaufsverpackungen aus Kunststoff, Metall, Styropor und Verbundmaterialien handelt es sich um ein privatwirtschaftliches Erfassungssystem au\u00dferhalb der kommunalen Abfallentsorgung und liegt daher auch nicht im Zust\u00e4ndigkeitsbereich der Stadt Mettmann. Die Nutzung von gelben Tonnen bis 240 Liter Beh\u00e4ltervolumen ist in Mettmann aufgrund der Vorgaben des verantwortlichen Systembetreibers zur Zeit nicht m\u00f6glich. Alternativ zu den gelben S\u00e4cken werden mindestens bis 31.12.2022 ausschlie\u00dflich gelbe Container mit 1.100 Liter Fassungsverm\u00f6gen angeboten.<\/p>\n<p class=\"eingerueckt40\">Die Verteilung der Gelben S\u00e4cke erfolgt immer zum Jahresende durch die AWISTA Logistik GmbH. Die Gelben S\u00e4cke erhalten Sie bei Bedarf zus\u00e4tzlich zu den \u00fcblichen \u00d6ffnungszeiten auf dem st\u00e4dtischen Recyclinghof in der Hammerstra\u00dfe 31 und im B\u00fcrgerb\u00fcro im Rathaus. Beachten Sie aber bitte, dass die Gelben S\u00e4cke nur in haushalts\u00fcblicher Anzahl zur Verf\u00fcgung gestellt werden k\u00f6nnen.<\/p>\n","protected":false},"excerpt":{"rendered":"<p>Die Gelben S\u00e4cke f\u00fcr leere Verkaufsverpackungen aus Kunststoff, Verbundmaterialien, Wei\u00dfblech, Aluminium und Styropor (die sogenannten Leichtstoffverpackungen) werden von der Firma AWISTA Logistik GmbH abgeholt bzw. entleert. Bei Neubestellungen, Umtausch und Austausch von Gelben Containern wenden&#8230;<\/p>\n","protected":false},"author":1,"featured_media":3825,"parent":3885,"menu_order":4,"comment_status":"closed","ping_status":"closed","template":"","meta":{"ngg_post_thumbnail":0,"footnotes":""},"class_list":["post-3881","page","type-page","status-publish","has-post-thumbnail","hentry"],"yoast_head":"<!-- This site is optimized with the Yoast SEO plugin v27.2 - https:\/\/yoast.com\/product\/yoast-seo-wordpress\/ -->\n<title>Bestellung von Gelben S\u00e4cken | Stadtverwaltung Mettmann<\/title>\n<meta name=\"robots\" content=\"index, follow, max-snippet:-1, max-image-preview:large, max-video-preview:-1\" \/>\n<link rel=\"canonical\" href=\"https:\/\/www.mettmann.de\/web\/abfallberatungsseiten\/bestellformulare\/bestellung-von-gelben-containern\/\" \/>\n<meta property=\"og:locale\" content=\"de_DE\" \/>\n<meta property=\"og:type\" content=\"article\" \/>\n<meta property=\"og:title\" content=\"Bestellung von Gelben S\u00e4cken | Stadtverwaltung Mettmann\" \/>\n<meta property=\"og:description\" content=\"Die Gelben S\u00e4cke f\u00fcr leere Verkaufsverpackungen aus Kunststoff, Verbundmaterialien, Wei\u00dfblech, Aluminium und Styropor (die sogenannten Leichtstoffverpackungen) werden von der Firma AWISTA Logistik GmbH abgeholt bzw. entleert. Bei Neubestellungen, Umtausch und Austausch von Gelben Containern wenden...\" \/>\n<meta property=\"og:url\" content=\"https:\/\/www.mettmann.de\/web\/abfallberatungsseiten\/bestellformulare\/bestellung-von-gelben-containern\/\" \/>\n<meta property=\"og:site_name\" content=\"Stadtverwaltung Mettmann\" \/>\n<meta property=\"article:publisher\" content=\"https:\/\/www.facebook.com\/kreisstadt.mettmann\" \/>\n<meta property=\"article:modified_time\" content=\"2022-09-30T10:00:49+00:00\" \/>\n<meta property=\"og:image\" content=\"https:\/\/www.mettmann.de\/web\/wp-content\/uploads\/2020\/02\/mulltonnen-3979757_1280.jpg\" \/>\n\t<meta property=\"og:image:width\" content=\"1280\" \/>\n\t<meta property=\"og:image:height\" content=\"853\" \/>\n\t<meta property=\"og:image:type\" content=\"image\/jpeg\" \/>\n<meta name=\"twitter:card\" content=\"summary_large_image\" \/>\n<meta name=\"twitter:label1\" content=\"Gesch\u00e4tzte Lesezeit\" \/>\n\t<meta name=\"twitter:data1\" content=\"2\u00a0Minuten\" \/>\n<script type=\"application\/ld+json\" class=\"yoast-schema-graph\">{\"@context\":\"https:\/\/schema.org\",\"@graph\":[{\"@type\":\"WebPage\",\"@id\":\"https:\/\/www.mettmann.de\/web\/abfallberatungsseiten\/bestellformulare\/bestellung-von-gelben-containern\/\",\"url\":\"https:\/\/www.mettmann.de\/web\/abfallberatungsseiten\/bestellformulare\/bestellung-von-gelben-containern\/\",\"name\":\"Bestellung von Gelben S\u00e4cken | Stadtverwaltung Mettmann\",\"isPartOf\":{\"@id\":\"https:\/\/www.mettmann.de\/web\/#website\"},\"primaryImageOfPage\":{\"@id\":\"https:\/\/www.mettmann.de\/web\/abfallberatungsseiten\/bestellformulare\/bestellung-von-gelben-containern\/#primaryimage\"},\"image\":{\"@id\":\"https:\/\/www.mettmann.de\/web\/abfallberatungsseiten\/bestellformulare\/bestellung-von-gelben-containern\/#primaryimage\"},\"thumbnailUrl\":\"https:\/\/www.mettmann.de\/web\/wp-content\/uploads\/2020\/02\/mulltonnen-3979757_1280.jpg\",\"datePublished\":\"2020-02-12T14:24:02+00:00\",\"dateModified\":\"2022-09-30T10:00:49+00:00\",\"breadcrumb\":{\"@id\":\"https:\/\/www.mettmann.de\/web\/abfallberatungsseiten\/bestellformulare\/bestellung-von-gelben-containern\/#breadcrumb\"},\"inLanguage\":\"de\",\"potentialAction\":[{\"@type\":\"ReadAction\",\"target\":[\"https:\/\/www.mettmann.de\/web\/abfallberatungsseiten\/bestellformulare\/bestellung-von-gelben-containern\/\"]}]},{\"@type\":\"ImageObject\",\"inLanguage\":\"de\",\"@id\":\"https:\/\/www.mettmann.de\/web\/abfallberatungsseiten\/bestellformulare\/bestellung-von-gelben-containern\/#primaryimage\",\"url\":\"https:\/\/www.mettmann.de\/web\/wp-content\/uploads\/2020\/02\/mulltonnen-3979757_1280.jpg\",\"contentUrl\":\"https:\/\/www.mettmann.de\/web\/wp-content\/uploads\/2020\/02\/mulltonnen-3979757_1280.jpg\",\"width\":1280,\"height\":853,\"caption\":\"Symbolfoto: manfredrichter \/ Pixabay\"},{\"@type\":\"BreadcrumbList\",\"@id\":\"https:\/\/www.mettmann.de\/web\/abfallberatungsseiten\/bestellformulare\/bestellung-von-gelben-containern\/#breadcrumb\",\"itemListElement\":[{\"@type\":\"ListItem\",\"position\":1,\"name\":\"Startseite\",\"item\":\"https:\/\/www.mettmann.de\/web\/\"},{\"@type\":\"ListItem\",\"position\":2,\"name\":\"Abfallberatung online\",\"item\":\"https:\/\/www.mettmann.de\/web\/abfallberatungsseiten\/\"},{\"@type\":\"ListItem\",\"position\":3,\"name\":\"Bestellformulare\",\"item\":\"https:\/\/www.mettmann.de\/web\/abfallberatungsseiten\/bestellformulare\/\"},{\"@type\":\"ListItem\",\"position\":4,\"name\":\"Bestellung von Gelben S\u00e4cken\"}]},{\"@type\":\"WebSite\",\"@id\":\"https:\/\/www.mettmann.de\/web\/#website\",\"url\":\"https:\/\/www.mettmann.de\/web\/\",\"name\":\"Stadtverwaltung Mettmann\",\"description\":\"Internetseite der Kreisstadt Mettmann\",\"publisher\":{\"@id\":\"https:\/\/www.mettmann.de\/web\/#organization\"},\"potentialAction\":[{\"@type\":\"SearchAction\",\"target\":{\"@type\":\"EntryPoint\",\"urlTemplate\":\"https:\/\/www.mettmann.de\/web\/?s={search_term_string}\"},\"query-input\":{\"@type\":\"PropertyValueSpecification\",\"valueRequired\":true,\"valueName\":\"search_term_string\"}}],\"inLanguage\":\"de\"},{\"@type\":\"Organization\",\"@id\":\"https:\/\/www.mettmann.de\/web\/#organization\",\"name\":\"Kreisstadt Mettmann\",\"url\":\"https:\/\/www.mettmann.de\/web\/\",\"logo\":{\"@type\":\"ImageObject\",\"inLanguage\":\"de\",\"@id\":\"https:\/\/www.mettmann.de\/web\/#\/schema\/logo\/image\/\",\"url\":\"https:\/\/www.mettmann.de\/web\/wp-content\/uploads\/2019\/08\/Kreisstadt_Mettmann_Logo_RGB_150dpi.png\",\"contentUrl\":\"https:\/\/www.mettmann.de\/web\/wp-content\/uploads\/2019\/08\/Kreisstadt_Mettmann_Logo_RGB_150dpi.png\",\"width\":1302,\"height\":191,\"caption\":\"Kreisstadt Mettmann\"},\"image\":{\"@id\":\"https:\/\/www.mettmann.de\/web\/#\/schema\/logo\/image\/\"},\"sameAs\":[\"https:\/\/www.facebook.com\/kreisstadt.mettmann\",\"https:\/\/de.wikipedia.org\/wiki\/Mettmann\"]}]}<\/script>\n<!-- \/ Yoast SEO plugin. -->","yoast_head_json":{"title":"Bestellung von Gelben S\u00e4cken | Stadtverwaltung Mettmann","robots":{"index":"index","follow":"follow","max-snippet":"max-snippet:-1","max-image-preview":"max-image-preview:large","max-video-preview":"max-video-preview:-1"},"canonical":"https:\/\/www.mettmann.de\/web\/abfallberatungsseiten\/bestellformulare\/bestellung-von-gelben-containern\/","og_locale":"de_DE","og_type":"article","og_title":"Bestellung von Gelben S\u00e4cken | Stadtverwaltung Mettmann","og_description":"Die Gelben S\u00e4cke f\u00fcr leere Verkaufsverpackungen aus Kunststoff, Verbundmaterialien, Wei\u00dfblech, Aluminium und Styropor (die sogenannten Leichtstoffverpackungen) werden von der Firma AWISTA Logistik GmbH abgeholt bzw. entleert. Bei Neubestellungen, Umtausch und Austausch von Gelben Containern wenden...","og_url":"https:\/\/www.mettmann.de\/web\/abfallberatungsseiten\/bestellformulare\/bestellung-von-gelben-containern\/","og_site_name":"Stadtverwaltung Mettmann","article_publisher":"https:\/\/www.facebook.com\/kreisstadt.mettmann","article_modified_time":"2022-09-30T10:00:49+00:00","og_image":[{"width":1280,"height":853,"url":"https:\/\/www.mettmann.de\/web\/wp-content\/uploads\/2020\/02\/mulltonnen-3979757_1280.jpg","type":"image\/jpeg"}],"twitter_card":"summary_large_image","twitter_misc":{"Gesch\u00e4tzte Lesezeit":"2\u00a0Minuten"},"schema":{"@context":"https:\/\/schema.org","@graph":[{"@type":"WebPage","@id":"https:\/\/www.mettmann.de\/web\/abfallberatungsseiten\/bestellformulare\/bestellung-von-gelben-containern\/","url":"https:\/\/www.mettmann.de\/web\/abfallberatungsseiten\/bestellformulare\/bestellung-von-gelben-containern\/","name":"Bestellung von Gelben S\u00e4cken | Stadtverwaltung Mettmann","isPartOf":{"@id":"https:\/\/www.mettmann.de\/web\/#website"},"primaryImageOfPage":{"@id":"https:\/\/www.mettmann.de\/web\/abfallberatungsseiten\/bestellformulare\/bestellung-von-gelben-containern\/#primaryimage"},"image":{"@id":"https:\/\/www.mettmann.de\/web\/abfallberatungsseiten\/bestellformulare\/bestellung-von-gelben-containern\/#primaryimage"},"thumbnailUrl":"https:\/\/www.mettmann.de\/web\/wp-content\/uploads\/2020\/02\/mulltonnen-3979757_1280.jpg","datePublished":"2020-02-12T14:24:02+00:00","dateModified":"2022-09-30T10:00:49+00:00","breadcrumb":{"@id":"https:\/\/www.mettmann.de\/web\/abfallberatungsseiten\/bestellformulare\/bestellung-von-gelben-containern\/#breadcrumb"},"inLanguage":"de","potentialAction":[{"@type":"ReadAction","target":["https:\/\/www.mettmann.de\/web\/abfallberatungsseiten\/bestellformulare\/bestellung-von-gelben-containern\/"]}]},{"@type":"ImageObject","inLanguage":"de","@id":"https:\/\/www.mettmann.de\/web\/abfallberatungsseiten\/bestellformulare\/bestellung-von-gelben-containern\/#primaryimage","url":"https:\/\/www.mettmann.de\/web\/wp-content\/uploads\/2020\/02\/mulltonnen-3979757_1280.jpg","contentUrl":"https:\/\/www.mettmann.de\/web\/wp-content\/uploads\/2020\/02\/mulltonnen-3979757_1280.jpg","width":1280,"height":853,"caption":"Symbolfoto: manfredrichter \/ Pixabay"},{"@type":"BreadcrumbList","@id":"https:\/\/www.mettmann.de\/web\/abfallberatungsseiten\/bestellformulare\/bestellung-von-gelben-containern\/#breadcrumb","itemListElement":[{"@type":"ListItem","position":1,"name":"Startseite","item":"https:\/\/www.mettmann.de\/web\/"},{"@type":"ListItem","position":2,"name":"Abfallberatung online","item":"https:\/\/www.mettmann.de\/web\/abfallberatungsseiten\/"},{"@type":"ListItem","position":3,"name":"Bestellformulare","item":"https:\/\/www.mettmann.de\/web\/abfallberatungsseiten\/bestellformulare\/"},{"@type":"ListItem","position":4,"name":"Bestellung von Gelben S\u00e4cken"}]},{"@type":"WebSite","@id":"https:\/\/www.mettmann.de\/web\/#website","url":"https:\/\/www.mettmann.de\/web\/","name":"Stadtverwaltung Mettmann","description":"Internetseite der Kreisstadt Mettmann","publisher":{"@id":"https:\/\/www.mettmann.de\/web\/#organization"},"potentialAction":[{"@type":"SearchAction","target":{"@type":"EntryPoint","urlTemplate":"https:\/\/www.mettmann.de\/web\/?s={search_term_string}"},"query-input":{"@type":"PropertyValueSpecification","valueRequired":true,"valueName":"search_term_string"}}],"inLanguage":"de"},{"@type":"Organization","@id":"https:\/\/www.mettmann.de\/web\/#organization","name":"Kreisstadt Mettmann","url":"https:\/\/www.mettmann.de\/web\/","logo":{"@type":"ImageObject","inLanguage":"de","@id":"https:\/\/www.mettmann.de\/web\/#\/schema\/logo\/image\/","url":"https:\/\/www.mettmann.de\/web\/wp-content\/uploads\/2019\/08\/Kreisstadt_Mettmann_Logo_RGB_150dpi.png","contentUrl":"https:\/\/www.mettmann.de\/web\/wp-content\/uploads\/2019\/08\/Kreisstadt_Mettmann_Logo_RGB_150dpi.png","width":1302,"height":191,"caption":"Kreisstadt Mettmann"},"image":{"@id":"https:\/\/www.mettmann.de\/web\/#\/schema\/logo\/image\/"},"sameAs":["https:\/\/www.facebook.com\/kreisstadt.mettmann","https:\/\/de.wikipedia.org\/wiki\/Mettmann"]}]}},"_links":{"self":[{"href":"https:\/\/www.mettmann.de\/web\/wp-json\/wp\/v2\/pages\/3881","targetHints":{"allow":["GET"]}}],"collection":[{"href":"https:\/\/www.mettmann.de\/web\/wp-json\/wp\/v2\/pages"}],"about":[{"href":"https:\/\/www.mettmann.de\/web\/wp-json\/wp\/v2\/types\/page"}],"author":[{"embeddable":true,"href":"https:\/\/www.mettmann.de\/web\/wp-json\/wp\/v2\/users\/1"}],"replies":[{"embeddable":true,"href":"https:\/\/www.mettmann.de\/web\/wp-json\/wp\/v2\/comments?post=3881"}],"version-history":[{"count":5,"href":"https:\/\/www.mettmann.de\/web\/wp-json\/wp\/v2\/pages\/3881\/revisions"}],"predecessor-version":[{"id":22826,"href":"https:\/\/www.mettmann.de\/web\/wp-json\/wp\/v2\/pages\/3881\/revisions\/22826"}],"up":[{"embeddable":true,"href":"https:\/\/www.mettmann.de\/web\/wp-json\/wp\/v2\/pages\/3885"}],"wp:featuredmedia":[{"embeddable":true,"href":"https:\/\/www.mettmann.de\/web\/wp-json\/wp\/v2\/media\/3825"}],"wp:attachment":[{"href":"https:\/\/www.mettmann.de\/web\/wp-json\/wp\/v2\/media?parent=3881"}],"curies":[{"name":"wp","href":"https:\/\/api.w.org\/{rel}","templated":true}]}}