{"id":3898,"date":"2020-02-12T16:06:46","date_gmt":"2020-02-12T15:06:46","guid":{"rendered":"https:\/\/www.mettmann.de\/web\/?page_id=3898"},"modified":"2023-03-01T08:53:29","modified_gmt":"2023-03-01T07:53:29","slug":"servicezeiten","status":"publish","type":"page","link":"https:\/\/www.mettmann.de\/web\/abfallberatungsseiten\/servicezeiten\/","title":{"rendered":"Servicezeiten"},"content":{"rendered":"<div id=\"attachment_1212\" style=\"width: 410px\" class=\"wp-caption alignnone\"><img loading=\"lazy\" decoding=\"async\" aria-describedby=\"caption-attachment-1212\" class=\"size-full wp-image-1212\" src=\"https:\/\/www.mettmann.de\/web\/wp-content\/uploads\/2019\/09\/baubetriebshof.jpg\" alt=\"Baubetriebshof\" width=\"400\" height=\"259\" srcset=\"https:\/\/www.mettmann.de\/web\/wp-content\/uploads\/2019\/09\/baubetriebshof.jpg 400w, https:\/\/www.mettmann.de\/web\/wp-content\/uploads\/2019\/09\/baubetriebshof-300x194.jpg 300w\" sizes=\"auto, (max-width: 400px) 100vw, 400px\" \/><p id=\"caption-attachment-1212\" class=\"wp-caption-text\">Archivfoto: Kreisstadt Mettmann<\/p><\/div>\n<h3>Sprechzeiten des Baubetriebshofes<\/h3>\n<p>Die Sprechzeiten des Baubetriebshofes sind:<\/p>\n<p><strong>Mo., Mi. und Do. von 8 bis 13 Uhr<br \/>\nDi. von 10 bis 12 Uhr<br \/>\nFr. von 8 bis 13 Uhr<\/strong><\/p>\n<p>Au\u00dferhalb dieser Zeiten k\u00f6nnen bedauerlicherweise keine Anrufe entgegen genommen werden. Dar\u00fcber hinaus bitten wir um Verst\u00e4ndnis, dass es auch w\u00e4hrend der Sprechzeiten aufgrund von pers\u00f6nlichen Kundengespr\u00e4chen zu Wartezeiten kommen kann. Wenn Sie uns telefonisch nicht erreichen k\u00f6nnen, besteht die M\u00f6glichkeit, eine Sprachnachricht zu hinterlassen. Nennen Sie dabei bitte Ihren Namen, den Grund Ihres Anrufes sowie Ihre Telefonnummer, unter wir Sie am folgenden Werktag in der Zeit von 8:00 bis 13:00 Uhr erreichen k\u00f6nnen.<\/p>\n<p>Alternativ k\u00f6nnen Sie sich auch per E-Mail an uns zu wenden: <a href=\"mailto:baubetriebshof@mettmann.de\">baubetriebshof@mettmann.de<\/a>. Dies gilt ebenso f\u00fcr den Sperrm\u00fcll-Service, den Sie mit dem <a href=\"\/web\/?page_id=1858\">Online-Formular<\/a> bequem und unabh\u00e4ngig von unseren Sprechzeiten beauftragen k\u00f6nnen beauftragen. Sie erhalten Ihre Terminbest\u00e4tigung dann schnellstm\u00f6glich \u2013 in der Regel am n\u00e4chsten Werktag (au\u00dfer samstags). Gleicherma\u00dfen sind Bestellungen von Abfallbeh\u00e4ltern online m\u00f6glich.<\/p>\n<p>Die entsprechenden Vordrucke finden Sie unter <a href=\"\/web\/?page_id=3885\">Bestellformulare<\/a>.<\/p>\n","protected":false},"excerpt":{"rendered":"<p>Sprechzeiten des Baubetriebshofes Die Sprechzeiten des Baubetriebshofes sind: Mo., Mi. und Do. von 8 bis 13 Uhr Di. von 10 bis 12 Uhr Fr. von 8 bis 13 Uhr Au\u00dferhalb dieser Zeiten k\u00f6nnen bedauerlicherweise keine&#8230;<\/p>\n","protected":false},"author":1,"featured_media":2117,"parent":1214,"menu_order":12,"comment_status":"closed","ping_status":"closed","template":"","meta":{"ngg_post_thumbnail":0,"footnotes":""},"class_list":["post-3898","page","type-page","status-publish","has-post-thumbnail","hentry"],"yoast_head":"<!-- This site is optimized with the Yoast SEO plugin v27.2 - https:\/\/yoast.com\/product\/yoast-seo-wordpress\/ -->\n<title>Servicezeiten | Stadtverwaltung Mettmann<\/title>\n<meta name=\"robots\" content=\"index, follow, max-snippet:-1, max-image-preview:large, max-video-preview:-1\" \/>\n<link rel=\"canonical\" href=\"https:\/\/www.mettmann.de\/web\/abfallberatungsseiten\/servicezeiten\/\" \/>\n<meta property=\"og:locale\" content=\"de_DE\" \/>\n<meta property=\"og:type\" content=\"article\" \/>\n<meta property=\"og:title\" content=\"Servicezeiten | Stadtverwaltung Mettmann\" \/>\n<meta property=\"og:description\" content=\"Sprechzeiten des Baubetriebshofes Die Sprechzeiten des Baubetriebshofes sind: Mo., Mi. und Do. von 8 bis 13 Uhr Di. von 10 bis 12 Uhr Fr. von 8 bis 13 Uhr Au\u00dferhalb dieser Zeiten k\u00f6nnen bedauerlicherweise keine...\" \/>\n<meta property=\"og:url\" content=\"https:\/\/www.mettmann.de\/web\/abfallberatungsseiten\/servicezeiten\/\" \/>\n<meta property=\"og:site_name\" content=\"Stadtverwaltung Mettmann\" \/>\n<meta property=\"article:publisher\" content=\"https:\/\/www.facebook.com\/kreisstadt.mettmann\" \/>\n<meta property=\"article:modified_time\" content=\"2023-03-01T07:53:29+00:00\" \/>\n<meta property=\"og:image\" content=\"https:\/\/www.mettmann.de\/web\/wp-content\/uploads\/2019\/10\/IMG_0707-1024x683.jpg\" \/>\n\t<meta property=\"og:image:width\" content=\"1024\" \/>\n\t<meta property=\"og:image:height\" content=\"683\" \/>\n\t<meta property=\"og:image:type\" content=\"image\/jpeg\" \/>\n<meta name=\"twitter:card\" content=\"summary_large_image\" \/>\n<meta name=\"twitter:label1\" content=\"Gesch\u00e4tzte Lesezeit\" \/>\n\t<meta name=\"twitter:data1\" content=\"2\u00a0Minuten\" \/>\n<script type=\"application\/ld+json\" class=\"yoast-schema-graph\">{\"@context\":\"https:\/\/schema.org\",\"@graph\":[{\"@type\":\"WebPage\",\"@id\":\"https:\/\/www.mettmann.de\/web\/abfallberatungsseiten\/servicezeiten\/\",\"url\":\"https:\/\/www.mettmann.de\/web\/abfallberatungsseiten\/servicezeiten\/\",\"name\":\"Servicezeiten | Stadtverwaltung Mettmann\",\"isPartOf\":{\"@id\":\"https:\/\/www.mettmann.de\/web\/#website\"},\"primaryImageOfPage\":{\"@id\":\"https:\/\/www.mettmann.de\/web\/abfallberatungsseiten\/servicezeiten\/#primaryimage\"},\"image\":{\"@id\":\"https:\/\/www.mettmann.de\/web\/abfallberatungsseiten\/servicezeiten\/#primaryimage\"},\"thumbnailUrl\":\"https:\/\/www.mettmann.de\/web\/wp-content\/uploads\/2019\/10\/IMG_0707.jpg\",\"datePublished\":\"2020-02-12T15:06:46+00:00\",\"dateModified\":\"2023-03-01T07:53:29+00:00\",\"breadcrumb\":{\"@id\":\"https:\/\/www.mettmann.de\/web\/abfallberatungsseiten\/servicezeiten\/#breadcrumb\"},\"inLanguage\":\"de\",\"potentialAction\":[{\"@type\":\"ReadAction\",\"target\":[\"https:\/\/www.mettmann.de\/web\/abfallberatungsseiten\/servicezeiten\/\"]}]},{\"@type\":\"ImageObject\",\"inLanguage\":\"de\",\"@id\":\"https:\/\/www.mettmann.de\/web\/abfallberatungsseiten\/servicezeiten\/#primaryimage\",\"url\":\"https:\/\/www.mettmann.de\/web\/wp-content\/uploads\/2019\/10\/IMG_0707.jpg\",\"contentUrl\":\"https:\/\/www.mettmann.de\/web\/wp-content\/uploads\/2019\/10\/IMG_0707.jpg\",\"width\":3504,\"height\":2336,\"caption\":\"Archivfoto: Kreisstadt Mettmann\"},{\"@type\":\"BreadcrumbList\",\"@id\":\"https:\/\/www.mettmann.de\/web\/abfallberatungsseiten\/servicezeiten\/#breadcrumb\",\"itemListElement\":[{\"@type\":\"ListItem\",\"position\":1,\"name\":\"Startseite\",\"item\":\"https:\/\/www.mettmann.de\/web\/\"},{\"@type\":\"ListItem\",\"position\":2,\"name\":\"Abfallberatung online\",\"item\":\"https:\/\/www.mettmann.de\/web\/abfallberatungsseiten\/\"},{\"@type\":\"ListItem\",\"position\":3,\"name\":\"Servicezeiten\"}]},{\"@type\":\"WebSite\",\"@id\":\"https:\/\/www.mettmann.de\/web\/#website\",\"url\":\"https:\/\/www.mettmann.de\/web\/\",\"name\":\"Stadtverwaltung Mettmann\",\"description\":\"Internetseite der Kreisstadt Mettmann\",\"publisher\":{\"@id\":\"https:\/\/www.mettmann.de\/web\/#organization\"},\"potentialAction\":[{\"@type\":\"SearchAction\",\"target\":{\"@type\":\"EntryPoint\",\"urlTemplate\":\"https:\/\/www.mettmann.de\/web\/?s={search_term_string}\"},\"query-input\":{\"@type\":\"PropertyValueSpecification\",\"valueRequired\":true,\"valueName\":\"search_term_string\"}}],\"inLanguage\":\"de\"},{\"@type\":\"Organization\",\"@id\":\"https:\/\/www.mettmann.de\/web\/#organization\",\"name\":\"Kreisstadt Mettmann\",\"url\":\"https:\/\/www.mettmann.de\/web\/\",\"logo\":{\"@type\":\"ImageObject\",\"inLanguage\":\"de\",\"@id\":\"https:\/\/www.mettmann.de\/web\/#\/schema\/logo\/image\/\",\"url\":\"https:\/\/www.mettmann.de\/web\/wp-content\/uploads\/2019\/08\/Kreisstadt_Mettmann_Logo_RGB_150dpi.png\",\"contentUrl\":\"https:\/\/www.mettmann.de\/web\/wp-content\/uploads\/2019\/08\/Kreisstadt_Mettmann_Logo_RGB_150dpi.png\",\"width\":1302,\"height\":191,\"caption\":\"Kreisstadt Mettmann\"},\"image\":{\"@id\":\"https:\/\/www.mettmann.de\/web\/#\/schema\/logo\/image\/\"},\"sameAs\":[\"https:\/\/www.facebook.com\/kreisstadt.mettmann\",\"https:\/\/de.wikipedia.org\/wiki\/Mettmann\"]}]}<\/script>\n<!-- \/ Yoast SEO plugin. -->","yoast_head_json":{"title":"Servicezeiten | Stadtverwaltung Mettmann","robots":{"index":"index","follow":"follow","max-snippet":"max-snippet:-1","max-image-preview":"max-image-preview:large","max-video-preview":"max-video-preview:-1"},"canonical":"https:\/\/www.mettmann.de\/web\/abfallberatungsseiten\/servicezeiten\/","og_locale":"de_DE","og_type":"article","og_title":"Servicezeiten | Stadtverwaltung Mettmann","og_description":"Sprechzeiten des Baubetriebshofes Die Sprechzeiten des Baubetriebshofes sind: Mo., Mi. und Do. von 8 bis 13 Uhr Di. von 10 bis 12 Uhr Fr. von 8 bis 13 Uhr Au\u00dferhalb dieser Zeiten k\u00f6nnen bedauerlicherweise keine...","og_url":"https:\/\/www.mettmann.de\/web\/abfallberatungsseiten\/servicezeiten\/","og_site_name":"Stadtverwaltung Mettmann","article_publisher":"https:\/\/www.facebook.com\/kreisstadt.mettmann","article_modified_time":"2023-03-01T07:53:29+00:00","og_image":[{"width":1024,"height":683,"url":"https:\/\/www.mettmann.de\/web\/wp-content\/uploads\/2019\/10\/IMG_0707-1024x683.jpg","type":"image\/jpeg"}],"twitter_card":"summary_large_image","twitter_misc":{"Gesch\u00e4tzte Lesezeit":"2\u00a0Minuten"},"schema":{"@context":"https:\/\/schema.org","@graph":[{"@type":"WebPage","@id":"https:\/\/www.mettmann.de\/web\/abfallberatungsseiten\/servicezeiten\/","url":"https:\/\/www.mettmann.de\/web\/abfallberatungsseiten\/servicezeiten\/","name":"Servicezeiten | Stadtverwaltung Mettmann","isPartOf":{"@id":"https:\/\/www.mettmann.de\/web\/#website"},"primaryImageOfPage":{"@id":"https:\/\/www.mettmann.de\/web\/abfallberatungsseiten\/servicezeiten\/#primaryimage"},"image":{"@id":"https:\/\/www.mettmann.de\/web\/abfallberatungsseiten\/servicezeiten\/#primaryimage"},"thumbnailUrl":"https:\/\/www.mettmann.de\/web\/wp-content\/uploads\/2019\/10\/IMG_0707.jpg","datePublished":"2020-02-12T15:06:46+00:00","dateModified":"2023-03-01T07:53:29+00:00","breadcrumb":{"@id":"https:\/\/www.mettmann.de\/web\/abfallberatungsseiten\/servicezeiten\/#breadcrumb"},"inLanguage":"de","potentialAction":[{"@type":"ReadAction","target":["https:\/\/www.mettmann.de\/web\/abfallberatungsseiten\/servicezeiten\/"]}]},{"@type":"ImageObject","inLanguage":"de","@id":"https:\/\/www.mettmann.de\/web\/abfallberatungsseiten\/servicezeiten\/#primaryimage","url":"https:\/\/www.mettmann.de\/web\/wp-content\/uploads\/2019\/10\/IMG_0707.jpg","contentUrl":"https:\/\/www.mettmann.de\/web\/wp-content\/uploads\/2019\/10\/IMG_0707.jpg","width":3504,"height":2336,"caption":"Archivfoto: Kreisstadt Mettmann"},{"@type":"BreadcrumbList","@id":"https:\/\/www.mettmann.de\/web\/abfallberatungsseiten\/servicezeiten\/#breadcrumb","itemListElement":[{"@type":"ListItem","position":1,"name":"Startseite","item":"https:\/\/www.mettmann.de\/web\/"},{"@type":"ListItem","position":2,"name":"Abfallberatung online","item":"https:\/\/www.mettmann.de\/web\/abfallberatungsseiten\/"},{"@type":"ListItem","position":3,"name":"Servicezeiten"}]},{"@type":"WebSite","@id":"https:\/\/www.mettmann.de\/web\/#website","url":"https:\/\/www.mettmann.de\/web\/","name":"Stadtverwaltung Mettmann","description":"Internetseite der Kreisstadt Mettmann","publisher":{"@id":"https:\/\/www.mettmann.de\/web\/#organization"},"potentialAction":[{"@type":"SearchAction","target":{"@type":"EntryPoint","urlTemplate":"https:\/\/www.mettmann.de\/web\/?s={search_term_string}"},"query-input":{"@type":"PropertyValueSpecification","valueRequired":true,"valueName":"search_term_string"}}],"inLanguage":"de"},{"@type":"Organization","@id":"https:\/\/www.mettmann.de\/web\/#organization","name":"Kreisstadt Mettmann","url":"https:\/\/www.mettmann.de\/web\/","logo":{"@type":"ImageObject","inLanguage":"de","@id":"https:\/\/www.mettmann.de\/web\/#\/schema\/logo\/image\/","url":"https:\/\/www.mettmann.de\/web\/wp-content\/uploads\/2019\/08\/Kreisstadt_Mettmann_Logo_RGB_150dpi.png","contentUrl":"https:\/\/www.mettmann.de\/web\/wp-content\/uploads\/2019\/08\/Kreisstadt_Mettmann_Logo_RGB_150dpi.png","width":1302,"height":191,"caption":"Kreisstadt Mettmann"},"image":{"@id":"https:\/\/www.mettmann.de\/web\/#\/schema\/logo\/image\/"},"sameAs":["https:\/\/www.facebook.com\/kreisstadt.mettmann","https:\/\/de.wikipedia.org\/wiki\/Mettmann"]}]}},"_links":{"self":[{"href":"https:\/\/www.mettmann.de\/web\/wp-json\/wp\/v2\/pages\/3898","targetHints":{"allow":["GET"]}}],"collection":[{"href":"https:\/\/www.mettmann.de\/web\/wp-json\/wp\/v2\/pages"}],"about":[{"href":"https:\/\/www.mettmann.de\/web\/wp-json\/wp\/v2\/types\/page"}],"author":[{"embeddable":true,"href":"https:\/\/www.mettmann.de\/web\/wp-json\/wp\/v2\/users\/1"}],"replies":[{"embeddable":true,"href":"https:\/\/www.mettmann.de\/web\/wp-json\/wp\/v2\/comments?post=3898"}],"version-history":[{"count":5,"href":"https:\/\/www.mettmann.de\/web\/wp-json\/wp\/v2\/pages\/3898\/revisions"}],"predecessor-version":[{"id":25407,"href":"https:\/\/www.mettmann.de\/web\/wp-json\/wp\/v2\/pages\/3898\/revisions\/25407"}],"up":[{"embeddable":true,"href":"https:\/\/www.mettmann.de\/web\/wp-json\/wp\/v2\/pages\/1214"}],"wp:featuredmedia":[{"embeddable":true,"href":"https:\/\/www.mettmann.de\/web\/wp-json\/wp\/v2\/media\/2117"}],"wp:attachment":[{"href":"https:\/\/www.mettmann.de\/web\/wp-json\/wp\/v2\/media?parent=3898"}],"curies":[{"name":"wp","href":"https:\/\/api.w.org\/{rel}","templated":true}]}}