{"id":406,"date":"2019-08-24T13:50:32","date_gmt":"2019-08-24T11:50:32","guid":{"rendered":"https:\/\/www.mettmann.de\/web\/?page_id=406"},"modified":"2026-01-13T14:29:48","modified_gmt":"2026-01-13T13:29:48","slug":"organisationsaufbau","status":"publish","type":"page","link":"https:\/\/www.mettmann.de\/web\/organisationsaufbau\/","title":{"rendered":"Stadtverwaltung"},"content":{"rendered":"\r\n<figure class=\"wp-block-image\"><img loading=\"lazy\" decoding=\"async\" width=\"1024\" height=\"639\" class=\"wp-image-286\" src=\"https:\/\/www.mettmann.de\/web\/wp-content\/uploads\/2019\/08\/1-1024x639.jpg\" alt=\"Rathaus Mettmann\" srcset=\"https:\/\/www.mettmann.de\/web\/wp-content\/uploads\/2019\/08\/1-1024x639.jpg 1024w, https:\/\/www.mettmann.de\/web\/wp-content\/uploads\/2019\/08\/1-300x187.jpg 300w, https:\/\/www.mettmann.de\/web\/wp-content\/uploads\/2019\/08\/1-768x479.jpg 768w\" sizes=\"auto, (max-width: 1024px) 100vw, 1024px\" \/><\/figure>\r\n\r\n\r\n<h3>Organigramm der Stadtverwaltung Mettmann<\/h3>\n<div class='w3eden'><!-- WPDM Link Template: Default Template -->\n\n<div class=\"link-template-default card mb-2\">\n    <div class=\"card-body\">\n        <div class=\"media\">\n            <div class=\"mr-3 img-48\"><img decoding=\"async\" class=\"wpdm_icon\" alt=\"Icon\" src=\"https:\/\/www.mettmann.de\/web\/wp-content\/plugins\/download-manager\/assets\/file-type-icons\/pdf.svg\" \/><\/div>\n            <div class=\"media-body\">\n                <h3 class=\"package-title\"><a href='https:\/\/www.mettmann.de\/web\/download\/organigramm-stadtverwaltung-mettmann\/'>Organigramm<\/a><\/h3>\n                <div class=\"text-muted text-small\"><i class=\"fas fa-copy\"><\/i> 1 Datei(en) <i class=\"fas fa-hdd ml-3\"><\/i> 43.06 KB<\/div>\n            <\/div>\n            <div class=\"ml-3\">\n                <a class='wpdm-download-link download-on-click btn btn-primary ' rel='nofollow' href='#' data-downloadurl=\"https:\/\/www.mettmann.de\/web\/download\/organigramm-stadtverwaltung-mettmann\/?wpdmdl=412&refresh=69f56c3632f711777691702\">Download<\/a>\n            <\/div>\n        <\/div>\n    <\/div>\n<\/div>\n\n<\/div>\n<p>&nbsp;<\/p>\n\r\n\r\n\r\n<h4 class=\"wp-block-heading\">Verwaltungsvorstand<\/h4>\r\n\r\n\r\n\r\n<ul class=\"wp-block-list\">\r\n<li><a href=\"https:\/\/www.mettmann.de\/web\/organisationsaufbau\/buergermeister\/\" target=\"_blank\" rel=\"noopener\">B\u00fcrgermeister Andr\u00e9 B\u00e4r<\/a><\/li>\r\n<li><a href=\"https:\/\/www.mettmann.de\/web\/?p=431\">Mitglieder und Aufgaben des Verwaltungsvorstandes<\/a><\/li>\r\n<\/ul>\r\n\r\n\r\n\r\n<h4 class=\"wp-block-heading\">Vorstandsb\u00fcro und Stabsstellen<\/h4>\r\n\r\n\r\n\r\n<ul class=\"wp-block-list\">\r\n<li><a href=\"https:\/\/www.mettmann.de\/web\/?page_id=499\">0.1 Stabsstelle B\u00fcro des B\u00fcrgermeisters<\/a><\/li>\r\n<li><a href=\"https:\/\/www.mettmann.de\/web\/?page_id=514\">0.2 Stabsstelle Wirtschaftsf\u00f6rderung, Kultur und Gesellschaft, VHS (ZV)<\/a>\r\n<ul>\r\n<li><a href=\"https:\/\/www.mettmann.de\/web\/?page_id=523\">0.2.1 Wirtschaftsf\u00f6rderung und Stadtmarketing<\/a><\/li>\r\n<li><a href=\"\/web\/?page_id=1384\">0.2.2 Kultur<\/a><\/li>\r\n<li><a href=\"https:\/\/www.mettmann.de\/web\/?page_id=1389\">0.2.3 Bibliothek<\/a><\/li>\r\n<\/ul>\r\n<\/li>\r\n<\/ul>\r\n\r\n\r\n\r\n<h3 class=\"wp-block-heading\">Dezernat 1: Verwaltungsmodernisierung und B\u00fcrgerservice<\/h3>\r\n\r\n\r\n\r\n<h3 class=\"wp-block-heading\">1 &#8211; <a href=\"https:\/\/www.mettmann.de\/web\/?page_id=446\">Dezernatsleitung<\/a><\/h3>\r\n<h4><a href=\"https:\/\/www.mettmann.de\/web\/?page_id=964\">1.0 Rechtsangelegenheiten<\/a><\/h4>\r\n\r\n\r\n\r\n<h4 class=\"wp-block-heading\"><a href=\"\/web\/?page_id=871\">1.1 Amt f\u00fcr Zentrale Dienste, Personal und Organisation<\/a><\/h4>\r\n\r\n\r\n\r\n<ul class=\"wp-block-list\">\r\n<li><a href=\"\/web\/?page_id=881\">1.1.1 Zentrale Dienste<\/a><\/li>\r\n<li><a href=\"\/web\/?page_id=907\">1.1.2 Personalmanagement<\/a><\/li>\r\n<li><a href=\"\/web\/?page_id=40892\">1.1.3 Personal- und Organisationsentwicklung<\/a><\/li>\r\n<\/ul>\r\n\r\n\r\n\r\n<h4 class=\"wp-block-heading\"><a href=\"\/web\/?page_id=917\">1.2 Amt f\u00fcr B\u00fcrgerservice und Ordnung<\/a><\/h4>\r\n\r\n\r\n\r\n<ul class=\"wp-block-list\">\r\n<li><a href=\"\/web\/?page_id=1126\">1.2.1 B\u00fcrgerservice<\/a><\/li>\r\n<li><a href=\"\/web\/?page_id=971\">1.2.2 Sicherheit und Ordnung<\/a><\/li>\r\n<li><a href=\"\/web\/?page_id=1118\">1.2.3 Standesamt<\/a><\/li>\r\n<\/ul>\r\n<h4><a href=\"\/web\/?page_id=912\">1.3 Amt f\u00fcr Digitalisierung und Informationstechnik<\/a><\/h4>\r\n\r\n\r\n\r\n<h3 class=\"wp-block-heading\">Dezernat 2: Finanzen, Brandschutz, Rettungswesen<\/h3>\r\n\r\n\r\n\r\n<h3 class=\"wp-block-heading\">2 &#8211; <a href=\"https:\/\/www.mettmann.de\/web\/?page_id=460\">Dezernatsleitung<\/a><\/h3>\r\n\r\n\r\n\r\n<h4 class=\"wp-block-heading\"><a href=\"https:\/\/www.mettmann.de\/web\/?page_id=30204\">2.0 Beteiligungsmanagement, F\u00f6rdermittelmanagement<\/a><\/h4>\r\n<h4><a href=\"\/web\/?page_id=1190\">2.1 Amt f\u00fcr Finanzmanagement<\/a><\/h4>\r\n\r\n\r\n\r\n<h4 class=\"wp-block-heading\"><a href=\"\/web\/?page_id=1197\">2.2 Stadtkasse und Steueramt<\/a><\/h4>\r\n\r\n\r\n\r\n<ul class=\"wp-block-list\">\r\n<li><a href=\"\/web\/?page_id=1198\">2.2.1 Stadtkasse<\/a><\/li>\r\n<li><a href=\"\/web\/?page_id=1201\">2.2.2 Steuern und Grundabgaben<\/a><\/li>\r\n<\/ul>\r\n\r\n\r\n\r\n<h4 class=\"wp-block-heading\"><a href=\"\/web\/?page_id=607\">2.3 Amt f\u00fcr Brandschutz und Rettungswesen<\/a><\/h4>\r\n\r\n\r\n\r\n\r\n\r\n<h3 class=\"wp-block-heading\">Dezernat 3: Planung, Bau, Betrieb<\/h3>\r\n\r\n\r\n\r\n<h3 class=\"wp-block-heading\">3 &#8211; <a href=\"https:\/\/www.mettmann.de\/web\/?page_id=461\">Dezernatsleitung<\/a><\/h3>\r\n\r\n\r\n\r\n<h4 class=\"wp-block-heading\"><a href=\"\/web\/?page_id=1229\">3.1 Amt f\u00fcr Stadtplanung und Vermessung<\/a><\/h4>\r\n\r\n\r\n\r\n\r\n\r\n<h4 class=\"wp-block-heading\"><a href=\"\/web\/?page_id=1246\">3.2 Amt f\u00fcr Bauaufsicht und Denkmalschutz<\/a><\/h4>\r\n\r\n\r\n\r\n<h4 class=\"wp-block-heading\"><a href=\"\/web\/?page_id=1258\">3.3 Amt f\u00fcr Geb\u00e4udemanagement<\/a><\/h4>\r\n\r\n\r\n\r\n<ul class=\"wp-block-list\">\r\n<li><a href=\"\/web\/?page_id=1260\">3.3.1 Technisches Geb\u00e4udemanagement<\/a><\/li>\r\n<li>3.3.2 Kaufm\u00e4nnisches Geb\u00e4udemanagement<\/li>\r\n<li>3.3.3 Infrastrukturelles Geb\u00e4udemanagement<\/li>\r\n<\/ul>\r\n<h4><a href=\"\/web\/?page_id=22955\"><span style=\"font-family: Rubik;\">3.4 Amt f\u00fcr Verkehr, Tiefbau und Gr\u00fcnfl\u00e4chen<\/span><\/a><\/h4>\r\n<ul>\r\n<li><a href=\"\/web\/?page_id=1262\">3.4.1 Verkehrsinfrastruktur \/ Mobilit\u00e4t<\/a><\/li>\r\n<li><a href=\"\/web\/?page_id=1277\">3.4.2 Stadtentw\u00e4sserung<\/a><\/li>\r\n<li><a href=\"\/web\/?page_id=1288\">3.4.3 Gr\u00fcnfl\u00e4chen<\/a><\/li>\r\n<\/ul>\r\n<h4><a href=\"\/web\/?page_id=1211\">3.5 Baubetriebshof<\/a><\/h4>\r\n<p>\r\n\r\n<\/p>\r\n<ul class=\"wp-block-list\">\r\n<li><a href=\"\/web\/?page_id=1211\">3.5.1 Kaufm\u00e4nnische Verwaltung und Controlling<\/a><\/li>\r\n<li><a href=\"\/web\/?page_id=1224\">3.5.2 Gr\u00fcnfl\u00e4chenunterhaltung und Bestattungswesen<\/a><\/li>\r\n<li><a href=\"\/web\/?page_id=1211\">3.5.3 Technische Dienste, Abfallwirtschaft, Stra\u00dfenreinigung<\/a><\/li>\r\n<\/ul>\r\n<p>\r\n\r\n<\/p>\r\n<h3 class=\"wp-block-heading\">Dezernat 4: Bildung, Jugend, Soziales<\/h3>\r\n\r\n\r\n\r\n<h3 class=\"wp-block-heading\">4 &#8211; <a href=\"https:\/\/www.mettmann.de\/web\/?page_id=462\">Dezernatsleitung<\/a><\/h3>\r\n<h4>4.0 Sozialplanung, Integrationsstelle<\/h4>\r\n<p>\r\n\r\n<\/p>\r\n<ul class=\"wp-block-list\">\r\n<li><a href=\"\/web\/?page_id=1543\">Sozialplanung<\/a><\/li>\r\n<li><a href=\"\/web\/?page_id=1541\">Integrationsstelle<\/a><\/li>\r\n<\/ul>\r\n\r\n\r\n\r\n<h4 class=\"wp-block-heading\"><a href=\"\/web\/?page_id=1360\">4.1 Amt f\u00fcr Bildung, Kultur und Sport<\/a><\/h4>\r\n\r\n\r\n\r\n<ul class=\"wp-block-list\">\r\n<li><a href=\"\/web\/?page_id=1362\">4.1.1 Schule und Sport<\/a><\/li>\r\n<li><a href=\"\/web\/?page_id=1374\">4.1.2 B\u00e4derbetriebe<\/a><\/li>\r\n<li><a href=\"\/web\/?page_id=1393\">4.1.3 Musikschule<\/a><\/li>\r\n<\/ul>\r\n\r\n\r\n\r\n<h4 class=\"wp-block-heading\"><a href=\"\/web\/?page_id=1419\">4.2 Jugendamt<\/a><\/h4>\r\n\r\n\r\n\r\n<ul class=\"wp-block-list\">\r\n<li><a href=\"\/web\/?page_id=1421\">4.2.1 Jugendf\u00f6rderung<\/a><\/li>\r\n<li><a href=\"\/web\/?page_id=1436\">4.2.2 Kindertagesbetreuung<\/a><\/li>\r\n<li><a href=\"\/web\/?page_id=1456\">4.2.3 Jugendhilfe<\/a><\/li>\r\n<li><a href=\"\/web\/?page_id=1476\">4.2.4 Jugendhilfeplanung und Pr\u00e4vention<\/a><\/li>\r\n<li><a href=\"\/web\/?page_id=1484\">4.2.5 Beratungsstelle f\u00fcr Eltern, Kinder und Jugendliche<\/a><\/li>\r\n<li><a href=\"\/web\/?page_id=6894\">4.2.6 Wirtschaftliche Jugendhilfe<\/a><\/li>\r\n<\/ul>\r\n\r\n\r\n\r\n<h4 class=\"wp-block-heading\"><a href=\"\/web\/?page_id=1488\">4.3 Sozialamt<\/a><\/h4>\r\n\r\n\r\n\r\n<ul class=\"wp-block-list\">\r\n<li><a href=\"\/web\/?page_id=1490\">4.3.1 Unterk\u00fcnfte und Wohnungswesen<\/a><\/li>\r\n<li><a href=\"\/web\/?page_id=1499\">4.3.2 Sozialagentur<\/a><\/li>\r\n<\/ul>\r\n\r\n\r\n\r\n<h3 class=\"wp-block-heading\">&nbsp;<\/h3>\r\n<h3>Gleichstellungsstelle<\/h3>\r\n<ul>\r\n<li><a href=\"\/web\/?page_id=479\">Informationen zur Gleichstellungsstelle der Stadtverwaltung Mettmann<\/a><\/li>\r\n<\/ul>\r\n<h3>Personalrat und weitere Interessenvertretungen<\/h3>\r\n\r\n\r\n\r\n<ul class=\"wp-block-list\">\r\n<li>Vorsitzender und Mitglieder des Personalrates<\/li>\r\n<li>Fachkraft f\u00fcr Arbeitssicherheit<\/li>\r\n<li>Schwerbehindertenvertretung<\/li>\r\n<li>Jugend und Auszubildendenvertretung (JAV)<\/li>\r\n<li>Datenschutz<\/li>\r\n<li>Rechnungspr\u00fcfung<\/li>\r\n<\/ul>\r\n","protected":false},"excerpt":{"rendered":"<p>Organigramm der Stadtverwaltung Mettmann &nbsp; Verwaltungsvorstand B\u00fcrgermeister Andr\u00e9 B\u00e4r Mitglieder und Aufgaben des Verwaltungsvorstandes Vorstandsb\u00fcro und Stabsstellen 0.1 Stabsstelle B\u00fcro des B\u00fcrgermeisters 0.2 Stabsstelle Wirtschaftsf\u00f6rderung, Kultur und Gesellschaft, VHS (ZV) 0.2.1 Wirtschaftsf\u00f6rderung und Stadtmarketing 0.2.2&#8230;<\/p>\n","protected":false},"author":1,"featured_media":286,"parent":0,"menu_order":39,"comment_status":"closed","ping_status":"closed","template":"","meta":{"ngg_post_thumbnail":0,"footnotes":""},"class_list":["post-406","page","type-page","status-publish","has-post-thumbnail","hentry"],"yoast_head":"<!-- This site is optimized with the Yoast SEO plugin v27.2 - https:\/\/yoast.com\/product\/yoast-seo-wordpress\/ -->\n<title>Stadtverwaltung | Stadtverwaltung Mettmann<\/title>\n<meta name=\"robots\" content=\"index, follow, max-snippet:-1, max-image-preview:large, max-video-preview:-1\" \/>\n<link rel=\"canonical\" href=\"https:\/\/www.mettmann.de\/web\/organisationsaufbau\/\" \/>\n<meta property=\"og:locale\" content=\"de_DE\" \/>\n<meta property=\"og:type\" content=\"article\" \/>\n<meta property=\"og:title\" content=\"Stadtverwaltung | Stadtverwaltung Mettmann\" \/>\n<meta property=\"og:description\" content=\"Organigramm der Stadtverwaltung Mettmann &nbsp; Verwaltungsvorstand B\u00fcrgermeister Andr\u00e9 B\u00e4r Mitglieder und Aufgaben des Verwaltungsvorstandes Vorstandsb\u00fcro und Stabsstellen 0.1 Stabsstelle B\u00fcro des B\u00fcrgermeisters 0.2 Stabsstelle Wirtschaftsf\u00f6rderung, Kultur und Gesellschaft, VHS (ZV) 0.2.1 Wirtschaftsf\u00f6rderung und Stadtmarketing 0.2.2...\" \/>\n<meta property=\"og:url\" content=\"https:\/\/www.mettmann.de\/web\/organisationsaufbau\/\" \/>\n<meta property=\"og:site_name\" content=\"Stadtverwaltung Mettmann\" \/>\n<meta property=\"article:publisher\" content=\"https:\/\/www.facebook.com\/kreisstadt.mettmann\" \/>\n<meta property=\"article:modified_time\" content=\"2026-01-13T13:29:48+00:00\" \/>\n<meta property=\"og:image\" content=\"https:\/\/www.mettmann.de\/web\/wp-content\/uploads\/2019\/08\/1-1024x639.jpg\" \/>\n\t<meta property=\"og:image:width\" content=\"1024\" \/>\n\t<meta property=\"og:image:height\" content=\"639\" \/>\n\t<meta property=\"og:image:type\" content=\"image\/jpeg\" \/>\n<meta name=\"twitter:card\" content=\"summary_large_image\" \/>\n<meta name=\"twitter:label1\" content=\"Gesch\u00e4tzte Lesezeit\" \/>\n\t<meta name=\"twitter:data1\" content=\"2\u00a0Minuten\" \/>\n<script type=\"application\/ld+json\" class=\"yoast-schema-graph\">{\"@context\":\"https:\/\/schema.org\",\"@graph\":[{\"@type\":\"WebPage\",\"@id\":\"https:\/\/www.mettmann.de\/web\/organisationsaufbau\/\",\"url\":\"https:\/\/www.mettmann.de\/web\/organisationsaufbau\/\",\"name\":\"Stadtverwaltung | Stadtverwaltung Mettmann\",\"isPartOf\":{\"@id\":\"https:\/\/www.mettmann.de\/web\/#website\"},\"primaryImageOfPage\":{\"@id\":\"https:\/\/www.mettmann.de\/web\/organisationsaufbau\/#primaryimage\"},\"image\":{\"@id\":\"https:\/\/www.mettmann.de\/web\/organisationsaufbau\/#primaryimage\"},\"thumbnailUrl\":\"https:\/\/www.mettmann.de\/web\/wp-content\/uploads\/2019\/08\/1.jpg\",\"datePublished\":\"2019-08-24T11:50:32+00:00\",\"dateModified\":\"2026-01-13T13:29:48+00:00\",\"breadcrumb\":{\"@id\":\"https:\/\/www.mettmann.de\/web\/organisationsaufbau\/#breadcrumb\"},\"inLanguage\":\"de\",\"potentialAction\":[{\"@type\":\"ReadAction\",\"target\":[\"https:\/\/www.mettmann.de\/web\/organisationsaufbau\/\"]}]},{\"@type\":\"ImageObject\",\"inLanguage\":\"de\",\"@id\":\"https:\/\/www.mettmann.de\/web\/organisationsaufbau\/#primaryimage\",\"url\":\"https:\/\/www.mettmann.de\/web\/wp-content\/uploads\/2019\/08\/1.jpg\",\"contentUrl\":\"https:\/\/www.mettmann.de\/web\/wp-content\/uploads\/2019\/08\/1.jpg\",\"width\":3330,\"height\":2079,\"caption\":\"Archivfoto: Kreisstadt Mettmann\"},{\"@type\":\"BreadcrumbList\",\"@id\":\"https:\/\/www.mettmann.de\/web\/organisationsaufbau\/#breadcrumb\",\"itemListElement\":[{\"@type\":\"ListItem\",\"position\":1,\"name\":\"Startseite\",\"item\":\"https:\/\/www.mettmann.de\/web\/\"},{\"@type\":\"ListItem\",\"position\":2,\"name\":\"Stadtverwaltung\"}]},{\"@type\":\"WebSite\",\"@id\":\"https:\/\/www.mettmann.de\/web\/#website\",\"url\":\"https:\/\/www.mettmann.de\/web\/\",\"name\":\"Stadtverwaltung Mettmann\",\"description\":\"Internetseite der Kreisstadt Mettmann\",\"publisher\":{\"@id\":\"https:\/\/www.mettmann.de\/web\/#organization\"},\"potentialAction\":[{\"@type\":\"SearchAction\",\"target\":{\"@type\":\"EntryPoint\",\"urlTemplate\":\"https:\/\/www.mettmann.de\/web\/?s={search_term_string}\"},\"query-input\":{\"@type\":\"PropertyValueSpecification\",\"valueRequired\":true,\"valueName\":\"search_term_string\"}}],\"inLanguage\":\"de\"},{\"@type\":\"Organization\",\"@id\":\"https:\/\/www.mettmann.de\/web\/#organization\",\"name\":\"Kreisstadt Mettmann\",\"url\":\"https:\/\/www.mettmann.de\/web\/\",\"logo\":{\"@type\":\"ImageObject\",\"inLanguage\":\"de\",\"@id\":\"https:\/\/www.mettmann.de\/web\/#\/schema\/logo\/image\/\",\"url\":\"https:\/\/www.mettmann.de\/web\/wp-content\/uploads\/2019\/08\/Kreisstadt_Mettmann_Logo_RGB_150dpi.png\",\"contentUrl\":\"https:\/\/www.mettmann.de\/web\/wp-content\/uploads\/2019\/08\/Kreisstadt_Mettmann_Logo_RGB_150dpi.png\",\"width\":1302,\"height\":191,\"caption\":\"Kreisstadt Mettmann\"},\"image\":{\"@id\":\"https:\/\/www.mettmann.de\/web\/#\/schema\/logo\/image\/\"},\"sameAs\":[\"https:\/\/www.facebook.com\/kreisstadt.mettmann\",\"https:\/\/de.wikipedia.org\/wiki\/Mettmann\"]}]}<\/script>\n<!-- \/ Yoast SEO plugin. -->","yoast_head_json":{"title":"Stadtverwaltung | Stadtverwaltung Mettmann","robots":{"index":"index","follow":"follow","max-snippet":"max-snippet:-1","max-image-preview":"max-image-preview:large","max-video-preview":"max-video-preview:-1"},"canonical":"https:\/\/www.mettmann.de\/web\/organisationsaufbau\/","og_locale":"de_DE","og_type":"article","og_title":"Stadtverwaltung | Stadtverwaltung Mettmann","og_description":"Organigramm der Stadtverwaltung Mettmann &nbsp; Verwaltungsvorstand B\u00fcrgermeister Andr\u00e9 B\u00e4r Mitglieder und Aufgaben des Verwaltungsvorstandes Vorstandsb\u00fcro und Stabsstellen 0.1 Stabsstelle B\u00fcro des B\u00fcrgermeisters 0.2 Stabsstelle Wirtschaftsf\u00f6rderung, Kultur und Gesellschaft, VHS (ZV) 0.2.1 Wirtschaftsf\u00f6rderung und Stadtmarketing 0.2.2...","og_url":"https:\/\/www.mettmann.de\/web\/organisationsaufbau\/","og_site_name":"Stadtverwaltung Mettmann","article_publisher":"https:\/\/www.facebook.com\/kreisstadt.mettmann","article_modified_time":"2026-01-13T13:29:48+00:00","og_image":[{"width":1024,"height":639,"url":"https:\/\/www.mettmann.de\/web\/wp-content\/uploads\/2019\/08\/1-1024x639.jpg","type":"image\/jpeg"}],"twitter_card":"summary_large_image","twitter_misc":{"Gesch\u00e4tzte Lesezeit":"2\u00a0Minuten"},"schema":{"@context":"https:\/\/schema.org","@graph":[{"@type":"WebPage","@id":"https:\/\/www.mettmann.de\/web\/organisationsaufbau\/","url":"https:\/\/www.mettmann.de\/web\/organisationsaufbau\/","name":"Stadtverwaltung | Stadtverwaltung Mettmann","isPartOf":{"@id":"https:\/\/www.mettmann.de\/web\/#website"},"primaryImageOfPage":{"@id":"https:\/\/www.mettmann.de\/web\/organisationsaufbau\/#primaryimage"},"image":{"@id":"https:\/\/www.mettmann.de\/web\/organisationsaufbau\/#primaryimage"},"thumbnailUrl":"https:\/\/www.mettmann.de\/web\/wp-content\/uploads\/2019\/08\/1.jpg","datePublished":"2019-08-24T11:50:32+00:00","dateModified":"2026-01-13T13:29:48+00:00","breadcrumb":{"@id":"https:\/\/www.mettmann.de\/web\/organisationsaufbau\/#breadcrumb"},"inLanguage":"de","potentialAction":[{"@type":"ReadAction","target":["https:\/\/www.mettmann.de\/web\/organisationsaufbau\/"]}]},{"@type":"ImageObject","inLanguage":"de","@id":"https:\/\/www.mettmann.de\/web\/organisationsaufbau\/#primaryimage","url":"https:\/\/www.mettmann.de\/web\/wp-content\/uploads\/2019\/08\/1.jpg","contentUrl":"https:\/\/www.mettmann.de\/web\/wp-content\/uploads\/2019\/08\/1.jpg","width":3330,"height":2079,"caption":"Archivfoto: Kreisstadt Mettmann"},{"@type":"BreadcrumbList","@id":"https:\/\/www.mettmann.de\/web\/organisationsaufbau\/#breadcrumb","itemListElement":[{"@type":"ListItem","position":1,"name":"Startseite","item":"https:\/\/www.mettmann.de\/web\/"},{"@type":"ListItem","position":2,"name":"Stadtverwaltung"}]},{"@type":"WebSite","@id":"https:\/\/www.mettmann.de\/web\/#website","url":"https:\/\/www.mettmann.de\/web\/","name":"Stadtverwaltung Mettmann","description":"Internetseite der Kreisstadt Mettmann","publisher":{"@id":"https:\/\/www.mettmann.de\/web\/#organization"},"potentialAction":[{"@type":"SearchAction","target":{"@type":"EntryPoint","urlTemplate":"https:\/\/www.mettmann.de\/web\/?s={search_term_string}"},"query-input":{"@type":"PropertyValueSpecification","valueRequired":true,"valueName":"search_term_string"}}],"inLanguage":"de"},{"@type":"Organization","@id":"https:\/\/www.mettmann.de\/web\/#organization","name":"Kreisstadt Mettmann","url":"https:\/\/www.mettmann.de\/web\/","logo":{"@type":"ImageObject","inLanguage":"de","@id":"https:\/\/www.mettmann.de\/web\/#\/schema\/logo\/image\/","url":"https:\/\/www.mettmann.de\/web\/wp-content\/uploads\/2019\/08\/Kreisstadt_Mettmann_Logo_RGB_150dpi.png","contentUrl":"https:\/\/www.mettmann.de\/web\/wp-content\/uploads\/2019\/08\/Kreisstadt_Mettmann_Logo_RGB_150dpi.png","width":1302,"height":191,"caption":"Kreisstadt Mettmann"},"image":{"@id":"https:\/\/www.mettmann.de\/web\/#\/schema\/logo\/image\/"},"sameAs":["https:\/\/www.facebook.com\/kreisstadt.mettmann","https:\/\/de.wikipedia.org\/wiki\/Mettmann"]}]}},"_links":{"self":[{"href":"https:\/\/www.mettmann.de\/web\/wp-json\/wp\/v2\/pages\/406","targetHints":{"allow":["GET"]}}],"collection":[{"href":"https:\/\/www.mettmann.de\/web\/wp-json\/wp\/v2\/pages"}],"about":[{"href":"https:\/\/www.mettmann.de\/web\/wp-json\/wp\/v2\/types\/page"}],"author":[{"embeddable":true,"href":"https:\/\/www.mettmann.de\/web\/wp-json\/wp\/v2\/users\/1"}],"replies":[{"embeddable":true,"href":"https:\/\/www.mettmann.de\/web\/wp-json\/wp\/v2\/comments?post=406"}],"version-history":[{"count":78,"href":"https:\/\/www.mettmann.de\/web\/wp-json\/wp\/v2\/pages\/406\/revisions"}],"predecessor-version":[{"id":57432,"href":"https:\/\/www.mettmann.de\/web\/wp-json\/wp\/v2\/pages\/406\/revisions\/57432"}],"wp:featuredmedia":[{"embeddable":true,"href":"https:\/\/www.mettmann.de\/web\/wp-json\/wp\/v2\/media\/286"}],"wp:attachment":[{"href":"https:\/\/www.mettmann.de\/web\/wp-json\/wp\/v2\/media?parent=406"}],"curies":[{"name":"wp","href":"https:\/\/api.w.org\/{rel}","templated":true}]}}