{"id":54817,"date":"2025-10-07T11:07:14","date_gmt":"2025-10-07T09:07:14","guid":{"rendered":"https:\/\/www.mettmann.de\/web\/?page_id=54817"},"modified":"2025-12-23T09:09:09","modified_gmt":"2025-12-23T08:09:09","slug":"urkunden","status":"publish","type":"page","link":"https:\/\/www.mettmann.de\/web\/organisationsaufbau\/dezernat-1\/rechts-und-ordnungsamt\/standesamt-der-stadt-mettmann\/urkunden\/","title":{"rendered":"Urkunden"},"content":{"rendered":"<p>Folgende Urkunden k\u00f6nnen Sie beim Standesamt Mettmann beantragen:<\/p>\n<p><strong>Die Geburt war in Mettmann?<\/strong><br \/>\nDann erhalten Sie hier eine Personenstandsurkunde aus dem Geburtenregister.<\/p>\n<p><strong>Die Eheschlie\u00dfung war in Mettmann?<\/strong><br \/>\nDann erhalten Sie hier eine Personenstandsurkunde aus dem Eheregister.<\/p>\n<p><strong>Der Sterbefall hat sich in Mettmann ereignet?<\/strong><br \/>\nDann erhalten Sie hier eine Personenstandsurkunde aus dem Sterberegister.<\/p>\n<p>Beim Standesamt Mettmann werden nur die Personenstandsregister des Standesamtes Mettmann sowie des ehemaligen Standesamtes Hubbelrath gef\u00fchrt.<\/p>\n<p>Wir weisen darauf hin, dass alle kreisangeh\u00f6rigen St\u00e4dte im Kreis Mettmann ein eigenes Standesamt f\u00fchren.<\/p>\n<p><strong>Wie erhalte ich eine Personenstandsurkunde?<\/strong><\/p>\n<ol>\n<li>Sie sprechen w\u00e4hrend der \u00d6ffnungszeiten pers\u00f6nlich beim Standesamt Mettmann vor. Dazu bringen Sie bitte Ihren Personalausweis oder Reisepass sowie Geld f\u00fcr die Geb\u00fchren (s.u.) mit. Die Urkunde kann im Regelfall sofort mitgenommen werden.<\/li>\n<li>Sie fordern die Urkunde(n) schriftlich an. Sie k\u00f6nnen dem Standesamt entweder die ausgef\u00fcllte PDF-Datei (siehe Weitere Informationen) per E-Mail oder Fax zukommen lassen oder die Urkunde schriftlich auf dem Postweg anfordern. Vergessen Sie bitte nicht, die darin enthaltene Einzugserm\u00e4chtigung auszuf\u00fcllen sowie das Geburts-, Sterbe- oder Eheschlie\u00dfungsdatum einzutragen.<\/li>\n<\/ol>\n<p>Falls Sie nicht pers\u00f6nlich erscheinen oder den Ausdruck aus dem Internet nutzen k\u00f6nnen, melden Sie sich bitte telefonisch, um eine andere M\u00f6glichkeit der Urkundenanforderung zu besprechen.<\/p>\n<p><strong>Wer ist berechtigt Urkunden zu bekommen?<\/strong><\/p>\n<ul>\n<li>Personen, die im Eintrag selbst genannt sind.<\/li>\n<li>Eltern, Gro\u00dfeltern, Kinder dieser Person, Ehegatten, Lebenspartner (gegebenenfalls muss ein Nachweis der Verwandtschaft in gerader Linie erbracht werden).<\/li>\n<li>Personen, die ein berechtigtes oder rechtliches Interesse glaubhaft machen k\u00f6nnen (im Zweifelsfall bitte unmittelbare Informationen beim Standesamt einholen).<\/li>\n<\/ul>\n<p>Auch schriftlich Bevollm\u00e4chtigte k\u00f6nnen Urkunden erhalten.<br \/>\nDie Vollmacht muss im Original vorgelegt werden inklusive einer Kopie des Personalausweises des Vollmachtgebers.<\/p>\n<p><strong>Geb\u00fchren<\/strong><br \/>\nJede erstausgestellte Urkunde kostet 14,00 Euro, zus\u00e4tzliche Urkunden derselben Art jeweils 7,00 Euro. Urkunden sind auch mehrsprachig erh\u00e4ltlich.<\/p>\n<p>Personenstandsurkunden f\u00fcr Rentenzwecke sind geb\u00fchrenfrei. Hierf\u00fcr ist aber ein Nachweis erforderlich, den Sie bitte mitbringen bzw. beif\u00fcgen.<\/p>\n<h3>Weitere Informationen<\/h3>\n<ul>\n<li><a href=\"https:\/\/www.mettmann.de\/web\/organisationsaufbau\/dezernat-1\/rechts-und-ordnungsamt\/standesamt-der-stadt-mettmann\/\" data-da-ul-descendant=\"true\">Standesamt der Stadt Mettmann<\/a><\/li>\n<\/ul>\n","protected":false},"excerpt":{"rendered":"<p>Folgende Urkunden k\u00f6nnen Sie beim Standesamt Mettmann beantragen: Die Geburt war in Mettmann? Dann erhalten Sie hier eine Personenstandsurkunde aus dem Geburtenregister. Die Eheschlie\u00dfung war in Mettmann? Dann erhalten Sie hier eine Personenstandsurkunde aus dem&#8230;<\/p>\n","protected":false},"author":1,"featured_media":532,"parent":1118,"menu_order":3,"comment_status":"closed","ping_status":"closed","template":"","meta":{"ngg_post_thumbnail":0,"footnotes":""},"class_list":["post-54817","page","type-page","status-publish","has-post-thumbnail","hentry"],"yoast_head":"<!-- This site is optimized with the Yoast SEO plugin v27.2 - https:\/\/yoast.com\/product\/yoast-seo-wordpress\/ -->\n<title>Urkunden | Stadtverwaltung Mettmann<\/title>\n<meta name=\"robots\" content=\"index, follow, max-snippet:-1, max-image-preview:large, max-video-preview:-1\" \/>\n<link rel=\"canonical\" href=\"https:\/\/www.mettmann.de\/web\/organisationsaufbau\/dezernat-1\/rechts-und-ordnungsamt\/standesamt-der-stadt-mettmann\/urkunden\/\" \/>\n<meta property=\"og:locale\" content=\"de_DE\" \/>\n<meta property=\"og:type\" content=\"article\" \/>\n<meta property=\"og:title\" content=\"Urkunden | Stadtverwaltung Mettmann\" \/>\n<meta property=\"og:description\" content=\"Folgende Urkunden k\u00f6nnen Sie beim Standesamt Mettmann beantragen: Die Geburt war in Mettmann? Dann erhalten Sie hier eine Personenstandsurkunde aus dem Geburtenregister. Die Eheschlie\u00dfung war in Mettmann? Dann erhalten Sie hier eine Personenstandsurkunde aus dem...\" \/>\n<meta property=\"og:url\" content=\"https:\/\/www.mettmann.de\/web\/organisationsaufbau\/dezernat-1\/rechts-und-ordnungsamt\/standesamt-der-stadt-mettmann\/urkunden\/\" \/>\n<meta property=\"og:site_name\" content=\"Stadtverwaltung Mettmann\" \/>\n<meta property=\"article:publisher\" content=\"https:\/\/www.facebook.com\/kreisstadt.mettmann\" \/>\n<meta property=\"article:modified_time\" content=\"2025-12-23T08:09:09+00:00\" \/>\n<meta property=\"og:image\" content=\"https:\/\/www.mettmann.de\/web\/wp-content\/uploads\/2019\/08\/Pferdebrunnen-Mettmann_16-9-1024x576.jpg\" \/>\n\t<meta property=\"og:image:width\" content=\"1024\" \/>\n\t<meta property=\"og:image:height\" content=\"576\" \/>\n\t<meta property=\"og:image:type\" content=\"image\/jpeg\" \/>\n<meta name=\"twitter:card\" content=\"summary_large_image\" \/>\n<meta name=\"twitter:label1\" content=\"Gesch\u00e4tzte Lesezeit\" \/>\n\t<meta name=\"twitter:data1\" content=\"2\u00a0Minuten\" \/>\n<script type=\"application\/ld+json\" class=\"yoast-schema-graph\">{\"@context\":\"https:\/\/schema.org\",\"@graph\":[{\"@type\":\"WebPage\",\"@id\":\"https:\/\/www.mettmann.de\/web\/organisationsaufbau\/dezernat-1\/rechts-und-ordnungsamt\/standesamt-der-stadt-mettmann\/urkunden\/\",\"url\":\"https:\/\/www.mettmann.de\/web\/organisationsaufbau\/dezernat-1\/rechts-und-ordnungsamt\/standesamt-der-stadt-mettmann\/urkunden\/\",\"name\":\"Urkunden | Stadtverwaltung Mettmann\",\"isPartOf\":{\"@id\":\"https:\/\/www.mettmann.de\/web\/#website\"},\"primaryImageOfPage\":{\"@id\":\"https:\/\/www.mettmann.de\/web\/organisationsaufbau\/dezernat-1\/rechts-und-ordnungsamt\/standesamt-der-stadt-mettmann\/urkunden\/#primaryimage\"},\"image\":{\"@id\":\"https:\/\/www.mettmann.de\/web\/organisationsaufbau\/dezernat-1\/rechts-und-ordnungsamt\/standesamt-der-stadt-mettmann\/urkunden\/#primaryimage\"},\"thumbnailUrl\":\"https:\/\/www.mettmann.de\/web\/wp-content\/uploads\/2019\/08\/Pferdebrunnen-Mettmann_16-9.jpg\",\"datePublished\":\"2025-10-07T09:07:14+00:00\",\"dateModified\":\"2025-12-23T08:09:09+00:00\",\"breadcrumb\":{\"@id\":\"https:\/\/www.mettmann.de\/web\/organisationsaufbau\/dezernat-1\/rechts-und-ordnungsamt\/standesamt-der-stadt-mettmann\/urkunden\/#breadcrumb\"},\"inLanguage\":\"de\",\"potentialAction\":[{\"@type\":\"ReadAction\",\"target\":[\"https:\/\/www.mettmann.de\/web\/organisationsaufbau\/dezernat-1\/rechts-und-ordnungsamt\/standesamt-der-stadt-mettmann\/urkunden\/\"]}]},{\"@type\":\"ImageObject\",\"inLanguage\":\"de\",\"@id\":\"https:\/\/www.mettmann.de\/web\/organisationsaufbau\/dezernat-1\/rechts-und-ordnungsamt\/standesamt-der-stadt-mettmann\/urkunden\/#primaryimage\",\"url\":\"https:\/\/www.mettmann.de\/web\/wp-content\/uploads\/2019\/08\/Pferdebrunnen-Mettmann_16-9.jpg\",\"contentUrl\":\"https:\/\/www.mettmann.de\/web\/wp-content\/uploads\/2019\/08\/Pferdebrunnen-Mettmann_16-9.jpg\",\"width\":3504,\"height\":1971,\"caption\":\"Archivfoto: Kreisstadt Mettmann\"},{\"@type\":\"BreadcrumbList\",\"@id\":\"https:\/\/www.mettmann.de\/web\/organisationsaufbau\/dezernat-1\/rechts-und-ordnungsamt\/standesamt-der-stadt-mettmann\/urkunden\/#breadcrumb\",\"itemListElement\":[{\"@type\":\"ListItem\",\"position\":1,\"name\":\"Startseite\",\"item\":\"https:\/\/www.mettmann.de\/web\/\"},{\"@type\":\"ListItem\",\"position\":2,\"name\":\"Stadtverwaltung\",\"item\":\"https:\/\/www.mettmann.de\/web\/organisationsaufbau\/\"},{\"@type\":\"ListItem\",\"position\":3,\"name\":\"Dezernat 1\",\"item\":\"https:\/\/www.mettmann.de\/web\/organisationsaufbau\/dezernat-1\/\"},{\"@type\":\"ListItem\",\"position\":4,\"name\":\"Amt f\u00fcr B\u00fcrgerservice und Ordnung\",\"item\":\"https:\/\/www.mettmann.de\/web\/organisationsaufbau\/dezernat-1\/rechts-und-ordnungsamt\/\"},{\"@type\":\"ListItem\",\"position\":5,\"name\":\"Standesamt der Stadt Mettmann\",\"item\":\"https:\/\/www.mettmann.de\/web\/organisationsaufbau\/dezernat-1\/rechts-und-ordnungsamt\/standesamt-der-stadt-mettmann\/\"},{\"@type\":\"ListItem\",\"position\":6,\"name\":\"Urkunden\"}]},{\"@type\":\"WebSite\",\"@id\":\"https:\/\/www.mettmann.de\/web\/#website\",\"url\":\"https:\/\/www.mettmann.de\/web\/\",\"name\":\"Stadtverwaltung Mettmann\",\"description\":\"Internetseite der Kreisstadt Mettmann\",\"publisher\":{\"@id\":\"https:\/\/www.mettmann.de\/web\/#organization\"},\"potentialAction\":[{\"@type\":\"SearchAction\",\"target\":{\"@type\":\"EntryPoint\",\"urlTemplate\":\"https:\/\/www.mettmann.de\/web\/?s={search_term_string}\"},\"query-input\":{\"@type\":\"PropertyValueSpecification\",\"valueRequired\":true,\"valueName\":\"search_term_string\"}}],\"inLanguage\":\"de\"},{\"@type\":\"Organization\",\"@id\":\"https:\/\/www.mettmann.de\/web\/#organization\",\"name\":\"Kreisstadt Mettmann\",\"url\":\"https:\/\/www.mettmann.de\/web\/\",\"logo\":{\"@type\":\"ImageObject\",\"inLanguage\":\"de\",\"@id\":\"https:\/\/www.mettmann.de\/web\/#\/schema\/logo\/image\/\",\"url\":\"https:\/\/www.mettmann.de\/web\/wp-content\/uploads\/2019\/08\/Kreisstadt_Mettmann_Logo_RGB_150dpi.png\",\"contentUrl\":\"https:\/\/www.mettmann.de\/web\/wp-content\/uploads\/2019\/08\/Kreisstadt_Mettmann_Logo_RGB_150dpi.png\",\"width\":1302,\"height\":191,\"caption\":\"Kreisstadt Mettmann\"},\"image\":{\"@id\":\"https:\/\/www.mettmann.de\/web\/#\/schema\/logo\/image\/\"},\"sameAs\":[\"https:\/\/www.facebook.com\/kreisstadt.mettmann\",\"https:\/\/de.wikipedia.org\/wiki\/Mettmann\"]}]}<\/script>\n<!-- \/ Yoast SEO plugin. -->","yoast_head_json":{"title":"Urkunden | Stadtverwaltung Mettmann","robots":{"index":"index","follow":"follow","max-snippet":"max-snippet:-1","max-image-preview":"max-image-preview:large","max-video-preview":"max-video-preview:-1"},"canonical":"https:\/\/www.mettmann.de\/web\/organisationsaufbau\/dezernat-1\/rechts-und-ordnungsamt\/standesamt-der-stadt-mettmann\/urkunden\/","og_locale":"de_DE","og_type":"article","og_title":"Urkunden | Stadtverwaltung Mettmann","og_description":"Folgende Urkunden k\u00f6nnen Sie beim Standesamt Mettmann beantragen: Die Geburt war in Mettmann? Dann erhalten Sie hier eine Personenstandsurkunde aus dem Geburtenregister. Die Eheschlie\u00dfung war in Mettmann? Dann erhalten Sie hier eine Personenstandsurkunde aus dem...","og_url":"https:\/\/www.mettmann.de\/web\/organisationsaufbau\/dezernat-1\/rechts-und-ordnungsamt\/standesamt-der-stadt-mettmann\/urkunden\/","og_site_name":"Stadtverwaltung Mettmann","article_publisher":"https:\/\/www.facebook.com\/kreisstadt.mettmann","article_modified_time":"2025-12-23T08:09:09+00:00","og_image":[{"width":1024,"height":576,"url":"https:\/\/www.mettmann.de\/web\/wp-content\/uploads\/2019\/08\/Pferdebrunnen-Mettmann_16-9-1024x576.jpg","type":"image\/jpeg"}],"twitter_card":"summary_large_image","twitter_misc":{"Gesch\u00e4tzte Lesezeit":"2\u00a0Minuten"},"schema":{"@context":"https:\/\/schema.org","@graph":[{"@type":"WebPage","@id":"https:\/\/www.mettmann.de\/web\/organisationsaufbau\/dezernat-1\/rechts-und-ordnungsamt\/standesamt-der-stadt-mettmann\/urkunden\/","url":"https:\/\/www.mettmann.de\/web\/organisationsaufbau\/dezernat-1\/rechts-und-ordnungsamt\/standesamt-der-stadt-mettmann\/urkunden\/","name":"Urkunden | Stadtverwaltung Mettmann","isPartOf":{"@id":"https:\/\/www.mettmann.de\/web\/#website"},"primaryImageOfPage":{"@id":"https:\/\/www.mettmann.de\/web\/organisationsaufbau\/dezernat-1\/rechts-und-ordnungsamt\/standesamt-der-stadt-mettmann\/urkunden\/#primaryimage"},"image":{"@id":"https:\/\/www.mettmann.de\/web\/organisationsaufbau\/dezernat-1\/rechts-und-ordnungsamt\/standesamt-der-stadt-mettmann\/urkunden\/#primaryimage"},"thumbnailUrl":"https:\/\/www.mettmann.de\/web\/wp-content\/uploads\/2019\/08\/Pferdebrunnen-Mettmann_16-9.jpg","datePublished":"2025-10-07T09:07:14+00:00","dateModified":"2025-12-23T08:09:09+00:00","breadcrumb":{"@id":"https:\/\/www.mettmann.de\/web\/organisationsaufbau\/dezernat-1\/rechts-und-ordnungsamt\/standesamt-der-stadt-mettmann\/urkunden\/#breadcrumb"},"inLanguage":"de","potentialAction":[{"@type":"ReadAction","target":["https:\/\/www.mettmann.de\/web\/organisationsaufbau\/dezernat-1\/rechts-und-ordnungsamt\/standesamt-der-stadt-mettmann\/urkunden\/"]}]},{"@type":"ImageObject","inLanguage":"de","@id":"https:\/\/www.mettmann.de\/web\/organisationsaufbau\/dezernat-1\/rechts-und-ordnungsamt\/standesamt-der-stadt-mettmann\/urkunden\/#primaryimage","url":"https:\/\/www.mettmann.de\/web\/wp-content\/uploads\/2019\/08\/Pferdebrunnen-Mettmann_16-9.jpg","contentUrl":"https:\/\/www.mettmann.de\/web\/wp-content\/uploads\/2019\/08\/Pferdebrunnen-Mettmann_16-9.jpg","width":3504,"height":1971,"caption":"Archivfoto: Kreisstadt Mettmann"},{"@type":"BreadcrumbList","@id":"https:\/\/www.mettmann.de\/web\/organisationsaufbau\/dezernat-1\/rechts-und-ordnungsamt\/standesamt-der-stadt-mettmann\/urkunden\/#breadcrumb","itemListElement":[{"@type":"ListItem","position":1,"name":"Startseite","item":"https:\/\/www.mettmann.de\/web\/"},{"@type":"ListItem","position":2,"name":"Stadtverwaltung","item":"https:\/\/www.mettmann.de\/web\/organisationsaufbau\/"},{"@type":"ListItem","position":3,"name":"Dezernat 1","item":"https:\/\/www.mettmann.de\/web\/organisationsaufbau\/dezernat-1\/"},{"@type":"ListItem","position":4,"name":"Amt f\u00fcr B\u00fcrgerservice und Ordnung","item":"https:\/\/www.mettmann.de\/web\/organisationsaufbau\/dezernat-1\/rechts-und-ordnungsamt\/"},{"@type":"ListItem","position":5,"name":"Standesamt der Stadt Mettmann","item":"https:\/\/www.mettmann.de\/web\/organisationsaufbau\/dezernat-1\/rechts-und-ordnungsamt\/standesamt-der-stadt-mettmann\/"},{"@type":"ListItem","position":6,"name":"Urkunden"}]},{"@type":"WebSite","@id":"https:\/\/www.mettmann.de\/web\/#website","url":"https:\/\/www.mettmann.de\/web\/","name":"Stadtverwaltung Mettmann","description":"Internetseite der Kreisstadt Mettmann","publisher":{"@id":"https:\/\/www.mettmann.de\/web\/#organization"},"potentialAction":[{"@type":"SearchAction","target":{"@type":"EntryPoint","urlTemplate":"https:\/\/www.mettmann.de\/web\/?s={search_term_string}"},"query-input":{"@type":"PropertyValueSpecification","valueRequired":true,"valueName":"search_term_string"}}],"inLanguage":"de"},{"@type":"Organization","@id":"https:\/\/www.mettmann.de\/web\/#organization","name":"Kreisstadt Mettmann","url":"https:\/\/www.mettmann.de\/web\/","logo":{"@type":"ImageObject","inLanguage":"de","@id":"https:\/\/www.mettmann.de\/web\/#\/schema\/logo\/image\/","url":"https:\/\/www.mettmann.de\/web\/wp-content\/uploads\/2019\/08\/Kreisstadt_Mettmann_Logo_RGB_150dpi.png","contentUrl":"https:\/\/www.mettmann.de\/web\/wp-content\/uploads\/2019\/08\/Kreisstadt_Mettmann_Logo_RGB_150dpi.png","width":1302,"height":191,"caption":"Kreisstadt Mettmann"},"image":{"@id":"https:\/\/www.mettmann.de\/web\/#\/schema\/logo\/image\/"},"sameAs":["https:\/\/www.facebook.com\/kreisstadt.mettmann","https:\/\/de.wikipedia.org\/wiki\/Mettmann"]}]}},"_links":{"self":[{"href":"https:\/\/www.mettmann.de\/web\/wp-json\/wp\/v2\/pages\/54817","targetHints":{"allow":["GET"]}}],"collection":[{"href":"https:\/\/www.mettmann.de\/web\/wp-json\/wp\/v2\/pages"}],"about":[{"href":"https:\/\/www.mettmann.de\/web\/wp-json\/wp\/v2\/types\/page"}],"author":[{"embeddable":true,"href":"https:\/\/www.mettmann.de\/web\/wp-json\/wp\/v2\/users\/1"}],"replies":[{"embeddable":true,"href":"https:\/\/www.mettmann.de\/web\/wp-json\/wp\/v2\/comments?post=54817"}],"version-history":[{"count":1,"href":"https:\/\/www.mettmann.de\/web\/wp-json\/wp\/v2\/pages\/54817\/revisions"}],"predecessor-version":[{"id":54818,"href":"https:\/\/www.mettmann.de\/web\/wp-json\/wp\/v2\/pages\/54817\/revisions\/54818"}],"up":[{"embeddable":true,"href":"https:\/\/www.mettmann.de\/web\/wp-json\/wp\/v2\/pages\/1118"}],"wp:featuredmedia":[{"embeddable":true,"href":"https:\/\/www.mettmann.de\/web\/wp-json\/wp\/v2\/media\/532"}],"wp:attachment":[{"href":"https:\/\/www.mettmann.de\/web\/wp-json\/wp\/v2\/media?parent=54817"}],"curies":[{"name":"wp","href":"https:\/\/api.w.org\/{rel}","templated":true}]}}