{"id":5607,"date":"2020-05-27T14:58:26","date_gmt":"2020-05-27T12:58:26","guid":{"rendered":"https:\/\/www.mettmann.de\/web\/?page_id=5607"},"modified":"2025-09-24T14:54:21","modified_gmt":"2025-09-24T12:54:21","slug":"wahlen-in-mettmann-aktuelle-informationen","status":"publish","type":"page","link":"https:\/\/www.mettmann.de\/web\/wahlen-und-abstimmungen\/wahlen-in-mettmann-aktuelle-informationen\/","title":{"rendered":"Wahlen in Mettmann: Aktuelle Informationen"},"content":{"rendered":"<p><img loading=\"lazy\" decoding=\"async\" class=\"size-full wp-image-532\" src=\"https:\/\/www.mettmann.de\/web\/wp-content\/uploads\/2019\/08\/Pferdebrunnen-Mettmann_16-9.jpg\" alt=\"Pferdebrunnen Mettmann\" width=\"3504\" height=\"1971\" srcset=\"https:\/\/www.mettmann.de\/web\/wp-content\/uploads\/2019\/08\/Pferdebrunnen-Mettmann_16-9.jpg 3504w, https:\/\/www.mettmann.de\/web\/wp-content\/uploads\/2019\/08\/Pferdebrunnen-Mettmann_16-9-300x169.jpg 300w, https:\/\/www.mettmann.de\/web\/wp-content\/uploads\/2019\/08\/Pferdebrunnen-Mettmann_16-9-768x432.jpg 768w, https:\/\/www.mettmann.de\/web\/wp-content\/uploads\/2019\/08\/Pferdebrunnen-Mettmann_16-9-1024x576.jpg 1024w, https:\/\/www.mettmann.de\/web\/wp-content\/uploads\/2019\/08\/Pferdebrunnen-Mettmann_16-9-777x437.jpg 777w, https:\/\/www.mettmann.de\/web\/wp-content\/uploads\/2019\/08\/Pferdebrunnen-Mettmann_16-9-260x146.jpg 260w, https:\/\/www.mettmann.de\/web\/wp-content\/uploads\/2019\/08\/Pferdebrunnen-Mettmann_16-9-120x67.jpg 120w\" sizes=\"auto, (max-width: 3504px) 100vw, 3504px\" \/><\/p>\n<div id=\"c96482\" class=\" frame default frame-type-text layout-10 \">\n<header class=\"csc-header header-2 xxx\">\n<h2 class=\"\">Kommunalwahl<\/h2>\n<p>Die n\u00e4chste Kommunalwahl und die Wahl des Integrationsrates fanden am 14. September 2025 statt. Die Stichwahl f\u00fcr das Amt der B\u00fcrgermeisterin oder des B\u00fcrgermeisters findet am 28. September statt.&nbsp;<\/p>\n<\/header>\n<h2 class=\"\">Landtagswahl<\/h2>\n<p>Die n\u00e4chste Landtagswahl findet voraussichtlich <span class=\" fc-falcon\">2027 statt<\/span><\/p>\n<h2 class=\"\">Bundestagswahl<\/h2>\n<p>Die n\u00e4chste Bundestagswahl findet voraussichtlich 2029 statt<\/p>\n<h2 class=\"\">Europawahl<\/h2>\n<p>Die n\u00e4chste Europawahl findet im Jahr 2029 statt<\/p>\n<\/div>\n<hr>\n<p><strong>Ergebnisse zur Kommunalwahl 2025 in Mettmann:<\/strong><\/p>\n<ul>\n<li><a href=\"https:\/\/wahlen.regioit.de\/3\/km2025\/05158024\/praesentation\/\">Kommunalwahl<\/a><\/li>\n<li><a href=\"https:\/\/www.mettmann.de\/web\/ergebnis-der-wahl-zum-integrationsrat\/\">Integrationsrat<\/a><\/li>\n<\/ul>\n<p>&nbsp;<\/p>\n<p><strong>Ergebnisse zur Bundestagswahl 2025 in Mettmann<\/strong>:<\/p>\n<ul>\n<li><a href=\"https:\/\/wahlen.regioit.de\/3\/bt2025\/05158024\/praesentation\/ergebnis.html?wahl_id=102&amp;stimmentyp=0&amp;id=ebene_3_id_10\" target=\"_blank\" rel=\"noopener\">Erststimmen<\/a><\/li>\n<li><a href=\"https:\/\/wahlen.regioit.de\/3\/bt2025\/05158024\/praesentation\/ergebnis.html?wahl_id=102&amp;stimmentyp=1&amp;id=ebene_3_id_10\" target=\"_blank\" rel=\"noopener\">Zweitstimmen<\/a><\/li>\n<li><a href=\"https:\/\/wahlen.regioit.de\/3\/bt2025\/05158000\/praesentation\/index.html\" target=\"_blank\" rel=\"noopener\">Kreis Mettmann<\/a><\/li>\n<\/ul>\n<p>&nbsp;<\/p>\n<p><strong>Ergebnisse zur Bundestagswahl 2021 in Mettmann:<\/strong>:<\/p>\n<ul>\n<li><a href=\"https:\/\/wahlen.regioit.de\/3\/bw2021\/05158024\/praesentation\/ergebnis.html?wahl_id=93&amp;stimmentyp=0&amp;id=ebene_3_id_10#\" target=\"_blank\" rel=\"noopener\">Erststimmen<\/a><\/li>\n<li><a href=\"https:\/\/wahlen.regioit.de\/3\/bw2021\/05158024\/praesentation\/ergebnis.html?wahl_id=93&amp;stimmentyp=1&amp;id=ebene_3_id_10\" target=\"_blank\" rel=\"noopener\">Zweitstimmen<\/a><\/li>\n<li><a href=\"https:\/\/wahlen.regioit.de\/3\/bw2021\/05158000\/praesentation\/index.html\" target=\"_blank\" rel=\"noopener\">Kreis Mettmann<\/a><\/li>\n<\/ul>\n<hr>\n","protected":false},"excerpt":{"rendered":"<p>Kommunalwahl Die n\u00e4chste Kommunalwahl und die Wahl des Integrationsrates fanden am 14. September 2025 statt. Die Stichwahl f\u00fcr das Amt der B\u00fcrgermeisterin oder des B\u00fcrgermeisters findet am 28. September statt.&nbsp; Landtagswahl Die n\u00e4chste Landtagswahl findet&#8230;<\/p>\n","protected":false},"author":1,"featured_media":532,"parent":5488,"menu_order":0,"comment_status":"closed","ping_status":"closed","template":"","meta":{"ngg_post_thumbnail":0,"footnotes":""},"class_list":["post-5607","page","type-page","status-publish","has-post-thumbnail","hentry"],"yoast_head":"<!-- This site is optimized with the Yoast SEO plugin v27.2 - https:\/\/yoast.com\/product\/yoast-seo-wordpress\/ -->\n<title>Wahlen in Mettmann: Aktuelle Informationen | Stadtverwaltung Mettmann<\/title>\n<meta name=\"description\" content=\"Aktuelle Informationen rund um Wahlen in Mettmann: Kommunalwahl, Landtagswahl, Bundestagswahl, Stadtrat, Seniorenratswahl, Integrationsrat.\" \/>\n<meta name=\"robots\" content=\"index, follow, max-snippet:-1, max-image-preview:large, max-video-preview:-1\" \/>\n<link rel=\"canonical\" href=\"https:\/\/www.mettmann.de\/web\/wahlen-und-abstimmungen\/wahlen-in-mettmann-aktuelle-informationen\/\" \/>\n<meta property=\"og:locale\" content=\"de_DE\" \/>\n<meta property=\"og:type\" content=\"article\" \/>\n<meta property=\"og:title\" content=\"Wahlen in Mettmann: Aktuelle Informationen | Stadtverwaltung Mettmann\" \/>\n<meta property=\"og:description\" content=\"Aktuelle Informationen rund um Wahlen in Mettmann: Kommunalwahl, Landtagswahl, Bundestagswahl, Stadtrat, Seniorenratswahl, Integrationsrat.\" \/>\n<meta property=\"og:url\" content=\"https:\/\/www.mettmann.de\/web\/wahlen-und-abstimmungen\/wahlen-in-mettmann-aktuelle-informationen\/\" \/>\n<meta property=\"og:site_name\" content=\"Stadtverwaltung Mettmann\" \/>\n<meta property=\"article:publisher\" content=\"https:\/\/www.facebook.com\/kreisstadt.mettmann\" \/>\n<meta property=\"article:modified_time\" content=\"2025-09-24T12:54:21+00:00\" \/>\n<meta property=\"og:image\" content=\"https:\/\/www.mettmann.de\/web\/wp-content\/uploads\/2019\/08\/Pferdebrunnen-Mettmann_16-9-1024x576.jpg\" \/>\n\t<meta property=\"og:image:width\" content=\"1024\" \/>\n\t<meta property=\"og:image:height\" content=\"576\" \/>\n\t<meta property=\"og:image:type\" content=\"image\/jpeg\" \/>\n<meta name=\"twitter:card\" content=\"summary_large_image\" \/>\n<meta name=\"twitter:label1\" content=\"Gesch\u00e4tzte Lesezeit\" \/>\n\t<meta name=\"twitter:data1\" content=\"1\u00a0Minute\" \/>\n<script type=\"application\/ld+json\" class=\"yoast-schema-graph\">{\"@context\":\"https:\/\/schema.org\",\"@graph\":[{\"@type\":\"WebPage\",\"@id\":\"https:\/\/www.mettmann.de\/web\/wahlen-und-abstimmungen\/wahlen-in-mettmann-aktuelle-informationen\/\",\"url\":\"https:\/\/www.mettmann.de\/web\/wahlen-und-abstimmungen\/wahlen-in-mettmann-aktuelle-informationen\/\",\"name\":\"Wahlen in Mettmann: Aktuelle Informationen | Stadtverwaltung Mettmann\",\"isPartOf\":{\"@id\":\"https:\/\/www.mettmann.de\/web\/#website\"},\"primaryImageOfPage\":{\"@id\":\"https:\/\/www.mettmann.de\/web\/wahlen-und-abstimmungen\/wahlen-in-mettmann-aktuelle-informationen\/#primaryimage\"},\"image\":{\"@id\":\"https:\/\/www.mettmann.de\/web\/wahlen-und-abstimmungen\/wahlen-in-mettmann-aktuelle-informationen\/#primaryimage\"},\"thumbnailUrl\":\"https:\/\/www.mettmann.de\/web\/wp-content\/uploads\/2019\/08\/Pferdebrunnen-Mettmann_16-9.jpg\",\"datePublished\":\"2020-05-27T12:58:26+00:00\",\"dateModified\":\"2025-09-24T12:54:21+00:00\",\"description\":\"Aktuelle Informationen rund um Wahlen in Mettmann: Kommunalwahl, Landtagswahl, Bundestagswahl, Stadtrat, Seniorenratswahl, Integrationsrat.\",\"breadcrumb\":{\"@id\":\"https:\/\/www.mettmann.de\/web\/wahlen-und-abstimmungen\/wahlen-in-mettmann-aktuelle-informationen\/#breadcrumb\"},\"inLanguage\":\"de\",\"potentialAction\":[{\"@type\":\"ReadAction\",\"target\":[\"https:\/\/www.mettmann.de\/web\/wahlen-und-abstimmungen\/wahlen-in-mettmann-aktuelle-informationen\/\"]}]},{\"@type\":\"ImageObject\",\"inLanguage\":\"de\",\"@id\":\"https:\/\/www.mettmann.de\/web\/wahlen-und-abstimmungen\/wahlen-in-mettmann-aktuelle-informationen\/#primaryimage\",\"url\":\"https:\/\/www.mettmann.de\/web\/wp-content\/uploads\/2019\/08\/Pferdebrunnen-Mettmann_16-9.jpg\",\"contentUrl\":\"https:\/\/www.mettmann.de\/web\/wp-content\/uploads\/2019\/08\/Pferdebrunnen-Mettmann_16-9.jpg\",\"width\":3504,\"height\":1971,\"caption\":\"Archivfoto: Kreisstadt Mettmann\"},{\"@type\":\"BreadcrumbList\",\"@id\":\"https:\/\/www.mettmann.de\/web\/wahlen-und-abstimmungen\/wahlen-in-mettmann-aktuelle-informationen\/#breadcrumb\",\"itemListElement\":[{\"@type\":\"ListItem\",\"position\":1,\"name\":\"Startseite\",\"item\":\"https:\/\/www.mettmann.de\/web\/\"},{\"@type\":\"ListItem\",\"position\":2,\"name\":\"Wahlen und Abstimmungen\",\"item\":\"https:\/\/www.mettmann.de\/web\/wahlen-und-abstimmungen\/\"},{\"@type\":\"ListItem\",\"position\":3,\"name\":\"Wahlen in Mettmann: Aktuelle Informationen\"}]},{\"@type\":\"WebSite\",\"@id\":\"https:\/\/www.mettmann.de\/web\/#website\",\"url\":\"https:\/\/www.mettmann.de\/web\/\",\"name\":\"Stadtverwaltung Mettmann\",\"description\":\"Internetseite der Kreisstadt Mettmann\",\"publisher\":{\"@id\":\"https:\/\/www.mettmann.de\/web\/#organization\"},\"potentialAction\":[{\"@type\":\"SearchAction\",\"target\":{\"@type\":\"EntryPoint\",\"urlTemplate\":\"https:\/\/www.mettmann.de\/web\/?s={search_term_string}\"},\"query-input\":{\"@type\":\"PropertyValueSpecification\",\"valueRequired\":true,\"valueName\":\"search_term_string\"}}],\"inLanguage\":\"de\"},{\"@type\":\"Organization\",\"@id\":\"https:\/\/www.mettmann.de\/web\/#organization\",\"name\":\"Kreisstadt Mettmann\",\"url\":\"https:\/\/www.mettmann.de\/web\/\",\"logo\":{\"@type\":\"ImageObject\",\"inLanguage\":\"de\",\"@id\":\"https:\/\/www.mettmann.de\/web\/#\/schema\/logo\/image\/\",\"url\":\"https:\/\/www.mettmann.de\/web\/wp-content\/uploads\/2019\/08\/Kreisstadt_Mettmann_Logo_RGB_150dpi.png\",\"contentUrl\":\"https:\/\/www.mettmann.de\/web\/wp-content\/uploads\/2019\/08\/Kreisstadt_Mettmann_Logo_RGB_150dpi.png\",\"width\":1302,\"height\":191,\"caption\":\"Kreisstadt Mettmann\"},\"image\":{\"@id\":\"https:\/\/www.mettmann.de\/web\/#\/schema\/logo\/image\/\"},\"sameAs\":[\"https:\/\/www.facebook.com\/kreisstadt.mettmann\",\"https:\/\/de.wikipedia.org\/wiki\/Mettmann\"]}]}<\/script>\n<!-- \/ Yoast SEO plugin. -->","yoast_head_json":{"title":"Wahlen in Mettmann: Aktuelle Informationen | Stadtverwaltung Mettmann","description":"Aktuelle Informationen rund um Wahlen in Mettmann: Kommunalwahl, Landtagswahl, Bundestagswahl, Stadtrat, Seniorenratswahl, Integrationsrat.","robots":{"index":"index","follow":"follow","max-snippet":"max-snippet:-1","max-image-preview":"max-image-preview:large","max-video-preview":"max-video-preview:-1"},"canonical":"https:\/\/www.mettmann.de\/web\/wahlen-und-abstimmungen\/wahlen-in-mettmann-aktuelle-informationen\/","og_locale":"de_DE","og_type":"article","og_title":"Wahlen in Mettmann: Aktuelle Informationen | Stadtverwaltung Mettmann","og_description":"Aktuelle Informationen rund um Wahlen in Mettmann: Kommunalwahl, Landtagswahl, Bundestagswahl, Stadtrat, Seniorenratswahl, Integrationsrat.","og_url":"https:\/\/www.mettmann.de\/web\/wahlen-und-abstimmungen\/wahlen-in-mettmann-aktuelle-informationen\/","og_site_name":"Stadtverwaltung Mettmann","article_publisher":"https:\/\/www.facebook.com\/kreisstadt.mettmann","article_modified_time":"2025-09-24T12:54:21+00:00","og_image":[{"width":1024,"height":576,"url":"https:\/\/www.mettmann.de\/web\/wp-content\/uploads\/2019\/08\/Pferdebrunnen-Mettmann_16-9-1024x576.jpg","type":"image\/jpeg"}],"twitter_card":"summary_large_image","twitter_misc":{"Gesch\u00e4tzte Lesezeit":"1\u00a0Minute"},"schema":{"@context":"https:\/\/schema.org","@graph":[{"@type":"WebPage","@id":"https:\/\/www.mettmann.de\/web\/wahlen-und-abstimmungen\/wahlen-in-mettmann-aktuelle-informationen\/","url":"https:\/\/www.mettmann.de\/web\/wahlen-und-abstimmungen\/wahlen-in-mettmann-aktuelle-informationen\/","name":"Wahlen in Mettmann: Aktuelle Informationen | Stadtverwaltung Mettmann","isPartOf":{"@id":"https:\/\/www.mettmann.de\/web\/#website"},"primaryImageOfPage":{"@id":"https:\/\/www.mettmann.de\/web\/wahlen-und-abstimmungen\/wahlen-in-mettmann-aktuelle-informationen\/#primaryimage"},"image":{"@id":"https:\/\/www.mettmann.de\/web\/wahlen-und-abstimmungen\/wahlen-in-mettmann-aktuelle-informationen\/#primaryimage"},"thumbnailUrl":"https:\/\/www.mettmann.de\/web\/wp-content\/uploads\/2019\/08\/Pferdebrunnen-Mettmann_16-9.jpg","datePublished":"2020-05-27T12:58:26+00:00","dateModified":"2025-09-24T12:54:21+00:00","description":"Aktuelle Informationen rund um Wahlen in Mettmann: Kommunalwahl, Landtagswahl, Bundestagswahl, Stadtrat, Seniorenratswahl, Integrationsrat.","breadcrumb":{"@id":"https:\/\/www.mettmann.de\/web\/wahlen-und-abstimmungen\/wahlen-in-mettmann-aktuelle-informationen\/#breadcrumb"},"inLanguage":"de","potentialAction":[{"@type":"ReadAction","target":["https:\/\/www.mettmann.de\/web\/wahlen-und-abstimmungen\/wahlen-in-mettmann-aktuelle-informationen\/"]}]},{"@type":"ImageObject","inLanguage":"de","@id":"https:\/\/www.mettmann.de\/web\/wahlen-und-abstimmungen\/wahlen-in-mettmann-aktuelle-informationen\/#primaryimage","url":"https:\/\/www.mettmann.de\/web\/wp-content\/uploads\/2019\/08\/Pferdebrunnen-Mettmann_16-9.jpg","contentUrl":"https:\/\/www.mettmann.de\/web\/wp-content\/uploads\/2019\/08\/Pferdebrunnen-Mettmann_16-9.jpg","width":3504,"height":1971,"caption":"Archivfoto: Kreisstadt Mettmann"},{"@type":"BreadcrumbList","@id":"https:\/\/www.mettmann.de\/web\/wahlen-und-abstimmungen\/wahlen-in-mettmann-aktuelle-informationen\/#breadcrumb","itemListElement":[{"@type":"ListItem","position":1,"name":"Startseite","item":"https:\/\/www.mettmann.de\/web\/"},{"@type":"ListItem","position":2,"name":"Wahlen und Abstimmungen","item":"https:\/\/www.mettmann.de\/web\/wahlen-und-abstimmungen\/"},{"@type":"ListItem","position":3,"name":"Wahlen in Mettmann: Aktuelle Informationen"}]},{"@type":"WebSite","@id":"https:\/\/www.mettmann.de\/web\/#website","url":"https:\/\/www.mettmann.de\/web\/","name":"Stadtverwaltung Mettmann","description":"Internetseite der Kreisstadt Mettmann","publisher":{"@id":"https:\/\/www.mettmann.de\/web\/#organization"},"potentialAction":[{"@type":"SearchAction","target":{"@type":"EntryPoint","urlTemplate":"https:\/\/www.mettmann.de\/web\/?s={search_term_string}"},"query-input":{"@type":"PropertyValueSpecification","valueRequired":true,"valueName":"search_term_string"}}],"inLanguage":"de"},{"@type":"Organization","@id":"https:\/\/www.mettmann.de\/web\/#organization","name":"Kreisstadt Mettmann","url":"https:\/\/www.mettmann.de\/web\/","logo":{"@type":"ImageObject","inLanguage":"de","@id":"https:\/\/www.mettmann.de\/web\/#\/schema\/logo\/image\/","url":"https:\/\/www.mettmann.de\/web\/wp-content\/uploads\/2019\/08\/Kreisstadt_Mettmann_Logo_RGB_150dpi.png","contentUrl":"https:\/\/www.mettmann.de\/web\/wp-content\/uploads\/2019\/08\/Kreisstadt_Mettmann_Logo_RGB_150dpi.png","width":1302,"height":191,"caption":"Kreisstadt Mettmann"},"image":{"@id":"https:\/\/www.mettmann.de\/web\/#\/schema\/logo\/image\/"},"sameAs":["https:\/\/www.facebook.com\/kreisstadt.mettmann","https:\/\/de.wikipedia.org\/wiki\/Mettmann"]}]}},"_links":{"self":[{"href":"https:\/\/www.mettmann.de\/web\/wp-json\/wp\/v2\/pages\/5607","targetHints":{"allow":["GET"]}}],"collection":[{"href":"https:\/\/www.mettmann.de\/web\/wp-json\/wp\/v2\/pages"}],"about":[{"href":"https:\/\/www.mettmann.de\/web\/wp-json\/wp\/v2\/types\/page"}],"author":[{"embeddable":true,"href":"https:\/\/www.mettmann.de\/web\/wp-json\/wp\/v2\/users\/1"}],"replies":[{"embeddable":true,"href":"https:\/\/www.mettmann.de\/web\/wp-json\/wp\/v2\/comments?post=5607"}],"version-history":[{"count":54,"href":"https:\/\/www.mettmann.de\/web\/wp-json\/wp\/v2\/pages\/5607\/revisions"}],"predecessor-version":[{"id":54429,"href":"https:\/\/www.mettmann.de\/web\/wp-json\/wp\/v2\/pages\/5607\/revisions\/54429"}],"up":[{"embeddable":true,"href":"https:\/\/www.mettmann.de\/web\/wp-json\/wp\/v2\/pages\/5488"}],"wp:featuredmedia":[{"embeddable":true,"href":"https:\/\/www.mettmann.de\/web\/wp-json\/wp\/v2\/media\/532"}],"wp:attachment":[{"href":"https:\/\/www.mettmann.de\/web\/wp-json\/wp\/v2\/media?parent=5607"}],"curies":[{"name":"wp","href":"https:\/\/api.w.org\/{rel}","templated":true}]}}