{"id":5635,"date":"2020-05-27T16:15:50","date_gmt":"2020-05-27T14:15:50","guid":{"rendered":"https:\/\/www.mettmann.de\/web\/?page_id=5635"},"modified":"2025-03-19T15:01:37","modified_gmt":"2025-03-19T14:01:37","slug":"buergermeisterwahl","status":"publish","type":"page","link":"https:\/\/www.mettmann.de\/web\/wahlen-und-abstimmungen\/buergermeisterwahl\/","title":{"rendered":"B\u00fcrgermeisterwahl"},"content":{"rendered":"<p><img loading=\"lazy\" decoding=\"async\" class=\"size-full wp-image-5489\" src=\"https:\/\/www.mettmann.de\/web\/wp-content\/uploads\/2020\/05\/wahlen.jpg\" alt=\"Wahl\" width=\"1280\" height=\"720\" srcset=\"https:\/\/www.mettmann.de\/web\/wp-content\/uploads\/2020\/05\/wahlen.jpg 1280w, https:\/\/www.mettmann.de\/web\/wp-content\/uploads\/2020\/05\/wahlen-300x169.jpg 300w, https:\/\/www.mettmann.de\/web\/wp-content\/uploads\/2020\/05\/wahlen-1024x576.jpg 1024w, https:\/\/www.mettmann.de\/web\/wp-content\/uploads\/2020\/05\/wahlen-768x432.jpg 768w, https:\/\/www.mettmann.de\/web\/wp-content\/uploads\/2020\/05\/wahlen-777x437.jpg 777w, https:\/\/www.mettmann.de\/web\/wp-content\/uploads\/2020\/05\/wahlen-260x146.jpg 260w, https:\/\/www.mettmann.de\/web\/wp-content\/uploads\/2020\/05\/wahlen-120x67.jpg 120w\" sizes=\"auto, (max-width: 1280px) 100vw, 1280px\" \/><\/p>\n<h3>Wer wird gew\u00e4hlt?<\/h3>\n<p>Der B\u00fcrgermeister \/ die B\u00fcrgermeisterin der Kreisstadt Mettmann.<\/p>\n<p>&nbsp;<\/p>\n<h3>Was ist die Aufgabe des B\u00fcrgermeisters\/der B\u00fcrgermeisterin?<\/h3>\n<p>\u00a762 Gemeindeordnung f\u00fcr Nordrhein-Westfalen regelt die Stellung und die Aufgaben des B\u00fcrgermeisters. Hiernach ist der B\u00fcrgermeister kommunaler Wahlbeamter und verantwortlich f\u00fcr die Leitung und Beaufsichtigung des Gesch\u00e4ftsgangs der gesamten Verwaltung. Er leitet und verteilt die Gesch\u00e4fte. Dabei kann er sich bestimmte Aufgaben vorbehalten und die Bearbeitung einzelner Angelegenheiten selbst \u00fcbernehmen. Der B\u00fcrgermeister bereitet die Beschl\u00fcsse des Rates und der Aussch\u00fcsse vor. Er f\u00fchrt diese Beschl\u00fcsse und Entscheidungen sowie Weisungen, die im Rahmen des \u00a7 3 Abs. 2 und des \u00a7 132 ergehen, unter der Kontrolle des Rates und in Verantwortung ihm gegen\u00fcber durch. Der B\u00fcrgermeister entscheidet ferner in Angelegenheiten, die ihm vom Rat oder von den Aussch\u00fcssen zur Entscheidung \u00fcbertragen sind. Dem B\u00fcrgermeister obliegt ferner die Erledigung aller Aufgaben, die ihm auf Grund gesetzlicher Vorschriften \u00fcbertragen sind und er hat die Gemeindevertretung \u00fcber alle wichtigen Gemeindeangelegenheiten zu unterrichten.<\/p>\n<p>&nbsp;<\/p>\n<h2>Wahlsystem und Rechtsgrundlagen<\/h2>\n<h3>Wahlperiode<\/h3>\n<p>Der B\u00fcrgermeister \/ die B\u00fcrgermeisterin wird grunds\u00e4tzlich f\u00fcr die Dauer von f\u00fcnf Jahren gew\u00e4hlt<\/p>\n<p>&nbsp;<\/p>\n<h3>Wahlgebiet<\/h3>\n<p>F\u00fcr die Wahl der B\u00fcrgermeisterin \/ des B\u00fcrgermeisters ist das gesamte Stadtgebiet Mettmann das Wahlgebiet.<\/p>\n<p><a href=\"https:\/\/www.mettmann.de\/web\/wp-content\/uploads\/2025\/01\/2024-11-26-KWA-Wahlkreiseinteilung-ueberarbeitet-Stadt-Mettmann.pdf\" target=\"_blank\" rel=\"noopener\">Einteilung der Wahlkreise f\u00fcr die Kommunalwahl am 14. September 2025<\/a><\/p>\n<p>&nbsp;<\/p>\n<h3>Wahltermin<\/h3>\n<p>Die n\u00e4chste Wahl der B\u00fcrgermeisterin \/ des B\u00fcrgermeisters findet am 14. September 2025 statt.<\/p>\n<p>&nbsp;<\/p>\n<h3>Wahlberechtigung<\/h3>\n<p>Wahlberechtigt sind alle Deutschen in Sinne des Art. 116 Abs. 1 GG und alle Unionsb\u00fcrger (d.h. diejenigen, die die Staatsangeh\u00f6rigkeit eines Mitgliedsstaates der Europ\u00e4ischen Union besitzen), die am Wahltag:<\/p>\n<ul>\n<li>das 16. Lebensjahr vollendet haben,<\/li>\n<li>seit mindestens 16 Tagen vor dem Wahltermin ihren Hauptwohnsitz oder ihren gew\u00f6hnlichen Aufenthalt in Mettmann haben,<\/li>\n<li>nicht vom Wahlrecht ausgeschlossen sind.<\/li>\n<\/ul>\n<p>&nbsp;<\/p>\n<h3>Wahlsystem<\/h3>\n<p>Jede wahlberechtigte Person hat eine Stimme. Gew\u00e4hlt ist, wer die meisten Stimmen erhalten hat.<\/p>\n<p>&nbsp;<\/p>\n<h3>Rechtsgrundlagen<\/h3>\n<p>Das f\u00fcr die Wahl der B\u00fcrgermeisterin \/ des B\u00fcrgermeisters geltende Recht ergibt sich im Wesentlichen aus folgenden Rechtsgrundlagen:<\/p>\n<ul>\n<li>28 Grundgesetz,<\/li>\n<li>Gemeindeordnung f\u00fcr Nordrhein-Westfalen,<\/li>\n<li>Kommunalwahlgesetz Nordrhein-Westfalen,<\/li>\n<li>Kommunalwahlordnung Nordrhein-Westfalen.<\/li>\n<\/ul>\n<p>&nbsp;<\/p>\n<p>&nbsp;<\/p>\n","protected":false},"excerpt":{"rendered":"<p>Wer wird gew\u00e4hlt? Der B\u00fcrgermeister \/ die B\u00fcrgermeisterin der Kreisstadt Mettmann. &nbsp; Was ist die Aufgabe des B\u00fcrgermeisters\/der B\u00fcrgermeisterin? \u00a762 Gemeindeordnung f\u00fcr Nordrhein-Westfalen regelt die Stellung und die Aufgaben des B\u00fcrgermeisters. Hiernach ist der B\u00fcrgermeister&#8230;<\/p>\n","protected":false},"author":1,"featured_media":5489,"parent":5488,"menu_order":9,"comment_status":"closed","ping_status":"closed","template":"","meta":{"ngg_post_thumbnail":0,"footnotes":""},"class_list":["post-5635","page","type-page","status-publish","has-post-thumbnail","hentry"],"yoast_head":"<!-- This site is optimized with the Yoast SEO plugin v27.2 - https:\/\/yoast.com\/product\/yoast-seo-wordpress\/ -->\n<title>B\u00fcrgermeisterwahl | Stadtverwaltung Mettmann<\/title>\n<meta name=\"robots\" content=\"index, follow, max-snippet:-1, max-image-preview:large, max-video-preview:-1\" \/>\n<link rel=\"canonical\" href=\"https:\/\/www.mettmann.de\/web\/wahlen-und-abstimmungen\/buergermeisterwahl\/\" \/>\n<meta property=\"og:locale\" content=\"de_DE\" \/>\n<meta property=\"og:type\" content=\"article\" \/>\n<meta property=\"og:title\" content=\"B\u00fcrgermeisterwahl | Stadtverwaltung Mettmann\" \/>\n<meta property=\"og:description\" content=\"Wer wird gew\u00e4hlt? Der B\u00fcrgermeister \/ die B\u00fcrgermeisterin der Kreisstadt Mettmann. &nbsp; Was ist die Aufgabe des B\u00fcrgermeisters\/der B\u00fcrgermeisterin? \u00a762 Gemeindeordnung f\u00fcr Nordrhein-Westfalen regelt die Stellung und die Aufgaben des B\u00fcrgermeisters. Hiernach ist der B\u00fcrgermeister...\" \/>\n<meta property=\"og:url\" content=\"https:\/\/www.mettmann.de\/web\/wahlen-und-abstimmungen\/buergermeisterwahl\/\" \/>\n<meta property=\"og:site_name\" content=\"Stadtverwaltung Mettmann\" \/>\n<meta property=\"article:publisher\" content=\"https:\/\/www.facebook.com\/kreisstadt.mettmann\" \/>\n<meta property=\"article:modified_time\" content=\"2025-03-19T14:01:37+00:00\" \/>\n<meta property=\"og:image\" content=\"https:\/\/www.mettmann.de\/web\/wp-content\/uploads\/2020\/05\/wahlen.jpg\" \/>\n\t<meta property=\"og:image:width\" content=\"1280\" \/>\n\t<meta property=\"og:image:height\" content=\"720\" \/>\n\t<meta property=\"og:image:type\" content=\"image\/jpeg\" \/>\n<meta name=\"twitter:card\" content=\"summary_large_image\" \/>\n<meta name=\"twitter:label1\" content=\"Gesch\u00e4tzte Lesezeit\" \/>\n\t<meta name=\"twitter:data1\" content=\"3\u00a0Minuten\" \/>\n<script type=\"application\/ld+json\" class=\"yoast-schema-graph\">{\"@context\":\"https:\/\/schema.org\",\"@graph\":[{\"@type\":\"WebPage\",\"@id\":\"https:\/\/www.mettmann.de\/web\/wahlen-und-abstimmungen\/buergermeisterwahl\/\",\"url\":\"https:\/\/www.mettmann.de\/web\/wahlen-und-abstimmungen\/buergermeisterwahl\/\",\"name\":\"B\u00fcrgermeisterwahl | Stadtverwaltung Mettmann\",\"isPartOf\":{\"@id\":\"https:\/\/www.mettmann.de\/web\/#website\"},\"primaryImageOfPage\":{\"@id\":\"https:\/\/www.mettmann.de\/web\/wahlen-und-abstimmungen\/buergermeisterwahl\/#primaryimage\"},\"image\":{\"@id\":\"https:\/\/www.mettmann.de\/web\/wahlen-und-abstimmungen\/buergermeisterwahl\/#primaryimage\"},\"thumbnailUrl\":\"https:\/\/www.mettmann.de\/web\/wp-content\/uploads\/2020\/05\/wahlen.jpg\",\"datePublished\":\"2020-05-27T14:15:50+00:00\",\"dateModified\":\"2025-03-19T14:01:37+00:00\",\"breadcrumb\":{\"@id\":\"https:\/\/www.mettmann.de\/web\/wahlen-und-abstimmungen\/buergermeisterwahl\/#breadcrumb\"},\"inLanguage\":\"de\",\"potentialAction\":[{\"@type\":\"ReadAction\",\"target\":[\"https:\/\/www.mettmann.de\/web\/wahlen-und-abstimmungen\/buergermeisterwahl\/\"]}]},{\"@type\":\"ImageObject\",\"inLanguage\":\"de\",\"@id\":\"https:\/\/www.mettmann.de\/web\/wahlen-und-abstimmungen\/buergermeisterwahl\/#primaryimage\",\"url\":\"https:\/\/www.mettmann.de\/web\/wp-content\/uploads\/2020\/05\/wahlen.jpg\",\"contentUrl\":\"https:\/\/www.mettmann.de\/web\/wp-content\/uploads\/2020\/05\/wahlen.jpg\",\"width\":1280,\"height\":720,\"caption\":\"Symbolfoto: ulleo \/ Pixabay\"},{\"@type\":\"BreadcrumbList\",\"@id\":\"https:\/\/www.mettmann.de\/web\/wahlen-und-abstimmungen\/buergermeisterwahl\/#breadcrumb\",\"itemListElement\":[{\"@type\":\"ListItem\",\"position\":1,\"name\":\"Startseite\",\"item\":\"https:\/\/www.mettmann.de\/web\/\"},{\"@type\":\"ListItem\",\"position\":2,\"name\":\"Wahlen und Abstimmungen\",\"item\":\"https:\/\/www.mettmann.de\/web\/wahlen-und-abstimmungen\/\"},{\"@type\":\"ListItem\",\"position\":3,\"name\":\"B\u00fcrgermeisterwahl\"}]},{\"@type\":\"WebSite\",\"@id\":\"https:\/\/www.mettmann.de\/web\/#website\",\"url\":\"https:\/\/www.mettmann.de\/web\/\",\"name\":\"Stadtverwaltung Mettmann\",\"description\":\"Internetseite der Kreisstadt Mettmann\",\"publisher\":{\"@id\":\"https:\/\/www.mettmann.de\/web\/#organization\"},\"potentialAction\":[{\"@type\":\"SearchAction\",\"target\":{\"@type\":\"EntryPoint\",\"urlTemplate\":\"https:\/\/www.mettmann.de\/web\/?s={search_term_string}\"},\"query-input\":{\"@type\":\"PropertyValueSpecification\",\"valueRequired\":true,\"valueName\":\"search_term_string\"}}],\"inLanguage\":\"de\"},{\"@type\":\"Organization\",\"@id\":\"https:\/\/www.mettmann.de\/web\/#organization\",\"name\":\"Kreisstadt Mettmann\",\"url\":\"https:\/\/www.mettmann.de\/web\/\",\"logo\":{\"@type\":\"ImageObject\",\"inLanguage\":\"de\",\"@id\":\"https:\/\/www.mettmann.de\/web\/#\/schema\/logo\/image\/\",\"url\":\"https:\/\/www.mettmann.de\/web\/wp-content\/uploads\/2019\/08\/Kreisstadt_Mettmann_Logo_RGB_150dpi.png\",\"contentUrl\":\"https:\/\/www.mettmann.de\/web\/wp-content\/uploads\/2019\/08\/Kreisstadt_Mettmann_Logo_RGB_150dpi.png\",\"width\":1302,\"height\":191,\"caption\":\"Kreisstadt Mettmann\"},\"image\":{\"@id\":\"https:\/\/www.mettmann.de\/web\/#\/schema\/logo\/image\/\"},\"sameAs\":[\"https:\/\/www.facebook.com\/kreisstadt.mettmann\",\"https:\/\/de.wikipedia.org\/wiki\/Mettmann\"]}]}<\/script>\n<!-- \/ Yoast SEO plugin. -->","yoast_head_json":{"title":"B\u00fcrgermeisterwahl | Stadtverwaltung Mettmann","robots":{"index":"index","follow":"follow","max-snippet":"max-snippet:-1","max-image-preview":"max-image-preview:large","max-video-preview":"max-video-preview:-1"},"canonical":"https:\/\/www.mettmann.de\/web\/wahlen-und-abstimmungen\/buergermeisterwahl\/","og_locale":"de_DE","og_type":"article","og_title":"B\u00fcrgermeisterwahl | Stadtverwaltung Mettmann","og_description":"Wer wird gew\u00e4hlt? Der B\u00fcrgermeister \/ die B\u00fcrgermeisterin der Kreisstadt Mettmann. &nbsp; Was ist die Aufgabe des B\u00fcrgermeisters\/der B\u00fcrgermeisterin? \u00a762 Gemeindeordnung f\u00fcr Nordrhein-Westfalen regelt die Stellung und die Aufgaben des B\u00fcrgermeisters. Hiernach ist der B\u00fcrgermeister...","og_url":"https:\/\/www.mettmann.de\/web\/wahlen-und-abstimmungen\/buergermeisterwahl\/","og_site_name":"Stadtverwaltung Mettmann","article_publisher":"https:\/\/www.facebook.com\/kreisstadt.mettmann","article_modified_time":"2025-03-19T14:01:37+00:00","og_image":[{"width":1280,"height":720,"url":"https:\/\/www.mettmann.de\/web\/wp-content\/uploads\/2020\/05\/wahlen.jpg","type":"image\/jpeg"}],"twitter_card":"summary_large_image","twitter_misc":{"Gesch\u00e4tzte Lesezeit":"3\u00a0Minuten"},"schema":{"@context":"https:\/\/schema.org","@graph":[{"@type":"WebPage","@id":"https:\/\/www.mettmann.de\/web\/wahlen-und-abstimmungen\/buergermeisterwahl\/","url":"https:\/\/www.mettmann.de\/web\/wahlen-und-abstimmungen\/buergermeisterwahl\/","name":"B\u00fcrgermeisterwahl | Stadtverwaltung Mettmann","isPartOf":{"@id":"https:\/\/www.mettmann.de\/web\/#website"},"primaryImageOfPage":{"@id":"https:\/\/www.mettmann.de\/web\/wahlen-und-abstimmungen\/buergermeisterwahl\/#primaryimage"},"image":{"@id":"https:\/\/www.mettmann.de\/web\/wahlen-und-abstimmungen\/buergermeisterwahl\/#primaryimage"},"thumbnailUrl":"https:\/\/www.mettmann.de\/web\/wp-content\/uploads\/2020\/05\/wahlen.jpg","datePublished":"2020-05-27T14:15:50+00:00","dateModified":"2025-03-19T14:01:37+00:00","breadcrumb":{"@id":"https:\/\/www.mettmann.de\/web\/wahlen-und-abstimmungen\/buergermeisterwahl\/#breadcrumb"},"inLanguage":"de","potentialAction":[{"@type":"ReadAction","target":["https:\/\/www.mettmann.de\/web\/wahlen-und-abstimmungen\/buergermeisterwahl\/"]}]},{"@type":"ImageObject","inLanguage":"de","@id":"https:\/\/www.mettmann.de\/web\/wahlen-und-abstimmungen\/buergermeisterwahl\/#primaryimage","url":"https:\/\/www.mettmann.de\/web\/wp-content\/uploads\/2020\/05\/wahlen.jpg","contentUrl":"https:\/\/www.mettmann.de\/web\/wp-content\/uploads\/2020\/05\/wahlen.jpg","width":1280,"height":720,"caption":"Symbolfoto: ulleo \/ Pixabay"},{"@type":"BreadcrumbList","@id":"https:\/\/www.mettmann.de\/web\/wahlen-und-abstimmungen\/buergermeisterwahl\/#breadcrumb","itemListElement":[{"@type":"ListItem","position":1,"name":"Startseite","item":"https:\/\/www.mettmann.de\/web\/"},{"@type":"ListItem","position":2,"name":"Wahlen und Abstimmungen","item":"https:\/\/www.mettmann.de\/web\/wahlen-und-abstimmungen\/"},{"@type":"ListItem","position":3,"name":"B\u00fcrgermeisterwahl"}]},{"@type":"WebSite","@id":"https:\/\/www.mettmann.de\/web\/#website","url":"https:\/\/www.mettmann.de\/web\/","name":"Stadtverwaltung Mettmann","description":"Internetseite der Kreisstadt Mettmann","publisher":{"@id":"https:\/\/www.mettmann.de\/web\/#organization"},"potentialAction":[{"@type":"SearchAction","target":{"@type":"EntryPoint","urlTemplate":"https:\/\/www.mettmann.de\/web\/?s={search_term_string}"},"query-input":{"@type":"PropertyValueSpecification","valueRequired":true,"valueName":"search_term_string"}}],"inLanguage":"de"},{"@type":"Organization","@id":"https:\/\/www.mettmann.de\/web\/#organization","name":"Kreisstadt Mettmann","url":"https:\/\/www.mettmann.de\/web\/","logo":{"@type":"ImageObject","inLanguage":"de","@id":"https:\/\/www.mettmann.de\/web\/#\/schema\/logo\/image\/","url":"https:\/\/www.mettmann.de\/web\/wp-content\/uploads\/2019\/08\/Kreisstadt_Mettmann_Logo_RGB_150dpi.png","contentUrl":"https:\/\/www.mettmann.de\/web\/wp-content\/uploads\/2019\/08\/Kreisstadt_Mettmann_Logo_RGB_150dpi.png","width":1302,"height":191,"caption":"Kreisstadt Mettmann"},"image":{"@id":"https:\/\/www.mettmann.de\/web\/#\/schema\/logo\/image\/"},"sameAs":["https:\/\/www.facebook.com\/kreisstadt.mettmann","https:\/\/de.wikipedia.org\/wiki\/Mettmann"]}]}},"_links":{"self":[{"href":"https:\/\/www.mettmann.de\/web\/wp-json\/wp\/v2\/pages\/5635","targetHints":{"allow":["GET"]}}],"collection":[{"href":"https:\/\/www.mettmann.de\/web\/wp-json\/wp\/v2\/pages"}],"about":[{"href":"https:\/\/www.mettmann.de\/web\/wp-json\/wp\/v2\/types\/page"}],"author":[{"embeddable":true,"href":"https:\/\/www.mettmann.de\/web\/wp-json\/wp\/v2\/users\/1"}],"replies":[{"embeddable":true,"href":"https:\/\/www.mettmann.de\/web\/wp-json\/wp\/v2\/comments?post=5635"}],"version-history":[{"count":6,"href":"https:\/\/www.mettmann.de\/web\/wp-json\/wp\/v2\/pages\/5635\/revisions"}],"predecessor-version":[{"id":48466,"href":"https:\/\/www.mettmann.de\/web\/wp-json\/wp\/v2\/pages\/5635\/revisions\/48466"}],"up":[{"embeddable":true,"href":"https:\/\/www.mettmann.de\/web\/wp-json\/wp\/v2\/pages\/5488"}],"wp:featuredmedia":[{"embeddable":true,"href":"https:\/\/www.mettmann.de\/web\/wp-json\/wp\/v2\/media\/5489"}],"wp:attachment":[{"href":"https:\/\/www.mettmann.de\/web\/wp-json\/wp\/v2\/media?parent=5635"}],"curies":[{"name":"wp","href":"https:\/\/api.w.org\/{rel}","templated":true}]}}