{"id":5718,"date":"2020-05-29T12:40:04","date_gmt":"2020-05-29T10:40:04","guid":{"rendered":"https:\/\/www.mettmann.de\/web\/?page_id=5718"},"modified":"2026-03-19T10:01:46","modified_gmt":"2026-03-19T09:01:46","slug":"ferienprogramme-fuer-kinder-und-jugendliche","status":"publish","type":"page","link":"https:\/\/www.mettmann.de\/web\/bildung-soziales\/mehrgenerationenhaus-jugendhaus\/ferienprogramme-fuer-kinder-und-jugendliche\/","title":{"rendered":"Osterferienprogramm 2026"},"content":{"rendered":"<header class=\"entry-header mh-clearfix\"><\/header>\n<div class=\"entry-content mh-clearfix\">\n<div id=\"attachment_58865\" style=\"width: 2570px\" class=\"wp-caption alignnone\"><img loading=\"lazy\" decoding=\"async\" aria-describedby=\"caption-attachment-58865\" class=\"size-full wp-image-58865\" src=\"https:\/\/www.mettmann.de\/web\/wp-content\/uploads\/2026\/03\/Osterferienprogramm-2026-scaled.jpg\" alt=\"Osterferienprogramm 2026\" width=\"2560\" height=\"1920\" srcset=\"https:\/\/www.mettmann.de\/web\/wp-content\/uploads\/2026\/03\/Osterferienprogramm-2026-scaled.jpg 2560w, https:\/\/www.mettmann.de\/web\/wp-content\/uploads\/2026\/03\/Osterferienprogramm-2026-300x225.jpg 300w, https:\/\/www.mettmann.de\/web\/wp-content\/uploads\/2026\/03\/Osterferienprogramm-2026-1024x768.jpg 1024w, https:\/\/www.mettmann.de\/web\/wp-content\/uploads\/2026\/03\/Osterferienprogramm-2026-768x576.jpg 768w, https:\/\/www.mettmann.de\/web\/wp-content\/uploads\/2026\/03\/Osterferienprogramm-2026-1536x1152.jpg 1536w, https:\/\/www.mettmann.de\/web\/wp-content\/uploads\/2026\/03\/Osterferienprogramm-2026-2048x1536.jpg 2048w\" sizes=\"auto, (max-width: 2560px) 100vw, 2560px\" \/><p id=\"caption-attachment-58865\" class=\"wp-caption-text\">Auf den Flyern zum Osterferienprogramm gibt es einen QR-Code, \u00fcber den die Angebote abgerufen werden k\u00f6nnen und Anmeldungen m\u00f6glich sind. (Foto: Kreisstadt Mettmann)<\/p><\/div>\n<div class=\"pf-content\">\n<p>Die Jugendf\u00f6rderung hat f\u00fcr die schulfreie Zeit wieder ein buntes, abwechslungsreiches Osterferienprogramm f\u00fcr Kinder und Jugendliche zusammengestellt.<\/p>\n<p>Anmeldungen f\u00fcr die Angebote sind ab dem 14. M\u00e4rz online auf der Webseite <a href=\"https:\/\/www.unser-ferienprogramm.de\/mettmann\" target=\"_blank\" rel=\"noopener\">https:\/\/www.unser-ferienprogramm.de\/mettmann<\/a> m\u00f6glich. Auf der Hauptseite gibt es allgemeine Informationen zum Programm und zum Ablauf. Beschreibungen zu den einzelnen Angeboten sind unter dem Punkt \u201eProgrammliste\u201c in der Navigation aufgef\u00fchrt.<\/p>\n<p>Unter dem Punkt \u201eAnmeldung\u201c erfolgt das Login und die Registrierung, k\u00f6nnen die Daten des Kindes eingegeben werden. Nach Absenden der Anmeldung kann man unter \u201eEltern-Portal\u201c nachverfolgen, wo das Kind angemeldet ist. Somit ist eine Best\u00e4tigungsmail nicht erforderlich. Die Mitarbeiterinnen und Mitarbeiter der Jugendf\u00f6rderung w\u00fcnschen allen Kindern und Jugendlichen viel Spa\u00df beim Durchst\u00f6bern des Osterferienprogramms und freuen sich schon auf alle Teilnehmenden.<\/p>\n<h3>Familientour in \u201eKernies Wunderland\u201c<\/h3>\n<p>Die Anmeldung f\u00fcr die Familientour in \u201eKernies Wunderland\u201c findet ebenfalls am 14. M\u00e4rz statt, allerdings nicht online, sondern pers\u00f6nlich im Mehrgenerationenhaus, Am K\u00f6nigshof 17, 2. Etage, bei Daniela Lobe. Sollten nach diesem Termin noch Pl\u00e4tze zur Verf\u00fcgung stehen, sind Anmeldungen noch am 17., 18. und 19. M\u00e4rz jeweils von 8 bis 12 Uhr im Mehrgenerationenhaus m\u00f6glich, sofern es dann noch freie Pl\u00e4tze gibt.<\/p>\n<p>Der Kostenbeitrag f\u00fcr die Familientour betr\u00e4gt 5 Euro pro Person und ist bei der Anmeldung in bar zu bezahlen. Jede Familie kann nur sich selbst anmelden. F\u00fcr weitere Informationen und R\u00fcckfragen steht Daniela Lobe gerne zur Verf\u00fcgung: Telefon 980-422; E-Mail <a href=\"mailto:daniela.lobe@mettmann.de\">daniela.lobe@mettmann.de<\/a>.<\/p>\n<\/div>\n<\/div>\n","protected":false},"excerpt":{"rendered":"<p>Die Jugendf\u00f6rderung hat f\u00fcr die schulfreie Zeit wieder ein buntes, abwechslungsreiches Osterferienprogramm f\u00fcr Kinder und Jugendliche zusammengestellt. Anmeldungen f\u00fcr die Angebote sind ab dem 14. M\u00e4rz online auf der Webseite https:\/\/www.unser-ferienprogramm.de\/mettmann m\u00f6glich. Auf der Hauptseite&#8230;<\/p>\n","protected":false},"author":1,"featured_media":58865,"parent":1398,"menu_order":0,"comment_status":"closed","ping_status":"closed","template":"","meta":{"ngg_post_thumbnail":0,"footnotes":""},"class_list":["post-5718","page","type-page","status-publish","has-post-thumbnail","hentry"],"yoast_head":"<!-- This site is optimized with the Yoast SEO plugin v27.2 - https:\/\/yoast.com\/product\/yoast-seo-wordpress\/ -->\n<title>Osterferienprogramm 2026<\/title>\n<meta name=\"robots\" content=\"index, follow, max-snippet:-1, max-image-preview:large, max-video-preview:-1\" \/>\n<link rel=\"canonical\" href=\"https:\/\/www.mettmann.de\/web\/bildung-soziales\/mehrgenerationenhaus-jugendhaus\/ferienprogramme-fuer-kinder-und-jugendliche\/\" \/>\n<meta property=\"og:locale\" content=\"de_DE\" \/>\n<meta property=\"og:type\" content=\"article\" \/>\n<meta property=\"og:title\" content=\"Osterferienprogramm 2026\" \/>\n<meta property=\"og:description\" content=\"Symbolfoto: ddimitrova \/ pixabay\" \/>\n<meta property=\"og:url\" content=\"https:\/\/www.mettmann.de\/web\/bildung-soziales\/mehrgenerationenhaus-jugendhaus\/ferienprogramme-fuer-kinder-und-jugendliche\/\" \/>\n<meta property=\"og:site_name\" content=\"Stadtverwaltung Mettmann\" \/>\n<meta property=\"article:publisher\" content=\"https:\/\/www.facebook.com\/kreisstadt.mettmann\" \/>\n<meta property=\"article:modified_time\" content=\"2026-03-19T09:01:46+00:00\" \/>\n<meta property=\"og:image\" content=\"https:\/\/www.mettmann.de\/web\/wp-content\/uploads\/2019\/10\/kinder.jpg\" \/>\n\t<meta property=\"og:image:width\" content=\"1280\" \/>\n\t<meta property=\"og:image:height\" content=\"720\" \/>\n\t<meta property=\"og:image:type\" content=\"image\/jpeg\" \/>\n<meta name=\"twitter:card\" content=\"summary_large_image\" \/>\n<meta name=\"twitter:label1\" content=\"Gesch\u00e4tzte Lesezeit\" \/>\n\t<meta name=\"twitter:data1\" content=\"2\u00a0Minuten\" \/>\n<script type=\"application\/ld+json\" class=\"yoast-schema-graph\">{\"@context\":\"https:\/\/schema.org\",\"@graph\":[{\"@type\":\"WebPage\",\"@id\":\"https:\/\/www.mettmann.de\/web\/bildung-soziales\/mehrgenerationenhaus-jugendhaus\/ferienprogramme-fuer-kinder-und-jugendliche\/\",\"url\":\"https:\/\/www.mettmann.de\/web\/bildung-soziales\/mehrgenerationenhaus-jugendhaus\/ferienprogramme-fuer-kinder-und-jugendliche\/\",\"name\":\"Osterferienprogramm 2026\",\"isPartOf\":{\"@id\":\"https:\/\/www.mettmann.de\/web\/#website\"},\"primaryImageOfPage\":{\"@id\":\"https:\/\/www.mettmann.de\/web\/bildung-soziales\/mehrgenerationenhaus-jugendhaus\/ferienprogramme-fuer-kinder-und-jugendliche\/#primaryimage\"},\"image\":{\"@id\":\"https:\/\/www.mettmann.de\/web\/bildung-soziales\/mehrgenerationenhaus-jugendhaus\/ferienprogramme-fuer-kinder-und-jugendliche\/#primaryimage\"},\"thumbnailUrl\":\"https:\/\/www.mettmann.de\/web\/wp-content\/uploads\/2026\/03\/Osterferienprogramm-2026-scaled.jpg\",\"datePublished\":\"2020-05-29T10:40:04+00:00\",\"dateModified\":\"2026-03-19T09:01:46+00:00\",\"breadcrumb\":{\"@id\":\"https:\/\/www.mettmann.de\/web\/bildung-soziales\/mehrgenerationenhaus-jugendhaus\/ferienprogramme-fuer-kinder-und-jugendliche\/#breadcrumb\"},\"inLanguage\":\"de\",\"potentialAction\":[{\"@type\":\"ReadAction\",\"target\":[\"https:\/\/www.mettmann.de\/web\/bildung-soziales\/mehrgenerationenhaus-jugendhaus\/ferienprogramme-fuer-kinder-und-jugendliche\/\"]}]},{\"@type\":\"ImageObject\",\"inLanguage\":\"de\",\"@id\":\"https:\/\/www.mettmann.de\/web\/bildung-soziales\/mehrgenerationenhaus-jugendhaus\/ferienprogramme-fuer-kinder-und-jugendliche\/#primaryimage\",\"url\":\"https:\/\/www.mettmann.de\/web\/wp-content\/uploads\/2026\/03\/Osterferienprogramm-2026-scaled.jpg\",\"contentUrl\":\"https:\/\/www.mettmann.de\/web\/wp-content\/uploads\/2026\/03\/Osterferienprogramm-2026-scaled.jpg\",\"width\":2560,\"height\":1920,\"caption\":\"Auf den Flyern zum Osterferienprogramm gibt es einen QR-Code, \u00fcber den die Angebote abgerufen werden k\u00f6nnen und Anmeldungen m\u00f6glich sind. (Foto: Kreisstadt Mettmann)\"},{\"@type\":\"BreadcrumbList\",\"@id\":\"https:\/\/www.mettmann.de\/web\/bildung-soziales\/mehrgenerationenhaus-jugendhaus\/ferienprogramme-fuer-kinder-und-jugendliche\/#breadcrumb\",\"itemListElement\":[{\"@type\":\"ListItem\",\"position\":1,\"name\":\"Startseite\",\"item\":\"https:\/\/www.mettmann.de\/web\/\"},{\"@type\":\"ListItem\",\"position\":2,\"name\":\"Bildung &#038; Soziales\",\"item\":\"https:\/\/www.mettmann.de\/web\/bildung-soziales\/\"},{\"@type\":\"ListItem\",\"position\":3,\"name\":\"Mehrgenerationenhaus \/ Jugendhaus\",\"item\":\"https:\/\/www.mettmann.de\/web\/bildung-soziales\/mehrgenerationenhaus-jugendhaus\/\"},{\"@type\":\"ListItem\",\"position\":4,\"name\":\"Osterferienprogramm 2026\"}]},{\"@type\":\"WebSite\",\"@id\":\"https:\/\/www.mettmann.de\/web\/#website\",\"url\":\"https:\/\/www.mettmann.de\/web\/\",\"name\":\"Stadtverwaltung Mettmann\",\"description\":\"Internetseite der Kreisstadt Mettmann\",\"publisher\":{\"@id\":\"https:\/\/www.mettmann.de\/web\/#organization\"},\"potentialAction\":[{\"@type\":\"SearchAction\",\"target\":{\"@type\":\"EntryPoint\",\"urlTemplate\":\"https:\/\/www.mettmann.de\/web\/?s={search_term_string}\"},\"query-input\":{\"@type\":\"PropertyValueSpecification\",\"valueRequired\":true,\"valueName\":\"search_term_string\"}}],\"inLanguage\":\"de\"},{\"@type\":\"Organization\",\"@id\":\"https:\/\/www.mettmann.de\/web\/#organization\",\"name\":\"Kreisstadt Mettmann\",\"url\":\"https:\/\/www.mettmann.de\/web\/\",\"logo\":{\"@type\":\"ImageObject\",\"inLanguage\":\"de\",\"@id\":\"https:\/\/www.mettmann.de\/web\/#\/schema\/logo\/image\/\",\"url\":\"https:\/\/www.mettmann.de\/web\/wp-content\/uploads\/2019\/08\/Kreisstadt_Mettmann_Logo_RGB_150dpi.png\",\"contentUrl\":\"https:\/\/www.mettmann.de\/web\/wp-content\/uploads\/2019\/08\/Kreisstadt_Mettmann_Logo_RGB_150dpi.png\",\"width\":1302,\"height\":191,\"caption\":\"Kreisstadt Mettmann\"},\"image\":{\"@id\":\"https:\/\/www.mettmann.de\/web\/#\/schema\/logo\/image\/\"},\"sameAs\":[\"https:\/\/www.facebook.com\/kreisstadt.mettmann\",\"https:\/\/de.wikipedia.org\/wiki\/Mettmann\"]}]}<\/script>\n<!-- \/ Yoast SEO plugin. -->","yoast_head_json":{"title":"Osterferienprogramm 2026","robots":{"index":"index","follow":"follow","max-snippet":"max-snippet:-1","max-image-preview":"max-image-preview:large","max-video-preview":"max-video-preview:-1"},"canonical":"https:\/\/www.mettmann.de\/web\/bildung-soziales\/mehrgenerationenhaus-jugendhaus\/ferienprogramme-fuer-kinder-und-jugendliche\/","og_locale":"de_DE","og_type":"article","og_title":"Osterferienprogramm 2026","og_description":"Symbolfoto: ddimitrova \/ pixabay","og_url":"https:\/\/www.mettmann.de\/web\/bildung-soziales\/mehrgenerationenhaus-jugendhaus\/ferienprogramme-fuer-kinder-und-jugendliche\/","og_site_name":"Stadtverwaltung Mettmann","article_publisher":"https:\/\/www.facebook.com\/kreisstadt.mettmann","article_modified_time":"2026-03-19T09:01:46+00:00","og_image":[{"width":1280,"height":720,"url":"https:\/\/www.mettmann.de\/web\/wp-content\/uploads\/2019\/10\/kinder.jpg","type":"image\/jpeg"}],"twitter_card":"summary_large_image","twitter_misc":{"Gesch\u00e4tzte Lesezeit":"2\u00a0Minuten"},"schema":{"@context":"https:\/\/schema.org","@graph":[{"@type":"WebPage","@id":"https:\/\/www.mettmann.de\/web\/bildung-soziales\/mehrgenerationenhaus-jugendhaus\/ferienprogramme-fuer-kinder-und-jugendliche\/","url":"https:\/\/www.mettmann.de\/web\/bildung-soziales\/mehrgenerationenhaus-jugendhaus\/ferienprogramme-fuer-kinder-und-jugendliche\/","name":"Osterferienprogramm 2026","isPartOf":{"@id":"https:\/\/www.mettmann.de\/web\/#website"},"primaryImageOfPage":{"@id":"https:\/\/www.mettmann.de\/web\/bildung-soziales\/mehrgenerationenhaus-jugendhaus\/ferienprogramme-fuer-kinder-und-jugendliche\/#primaryimage"},"image":{"@id":"https:\/\/www.mettmann.de\/web\/bildung-soziales\/mehrgenerationenhaus-jugendhaus\/ferienprogramme-fuer-kinder-und-jugendliche\/#primaryimage"},"thumbnailUrl":"https:\/\/www.mettmann.de\/web\/wp-content\/uploads\/2026\/03\/Osterferienprogramm-2026-scaled.jpg","datePublished":"2020-05-29T10:40:04+00:00","dateModified":"2026-03-19T09:01:46+00:00","breadcrumb":{"@id":"https:\/\/www.mettmann.de\/web\/bildung-soziales\/mehrgenerationenhaus-jugendhaus\/ferienprogramme-fuer-kinder-und-jugendliche\/#breadcrumb"},"inLanguage":"de","potentialAction":[{"@type":"ReadAction","target":["https:\/\/www.mettmann.de\/web\/bildung-soziales\/mehrgenerationenhaus-jugendhaus\/ferienprogramme-fuer-kinder-und-jugendliche\/"]}]},{"@type":"ImageObject","inLanguage":"de","@id":"https:\/\/www.mettmann.de\/web\/bildung-soziales\/mehrgenerationenhaus-jugendhaus\/ferienprogramme-fuer-kinder-und-jugendliche\/#primaryimage","url":"https:\/\/www.mettmann.de\/web\/wp-content\/uploads\/2026\/03\/Osterferienprogramm-2026-scaled.jpg","contentUrl":"https:\/\/www.mettmann.de\/web\/wp-content\/uploads\/2026\/03\/Osterferienprogramm-2026-scaled.jpg","width":2560,"height":1920,"caption":"Auf den Flyern zum Osterferienprogramm gibt es einen QR-Code, \u00fcber den die Angebote abgerufen werden k\u00f6nnen und Anmeldungen m\u00f6glich sind. (Foto: Kreisstadt Mettmann)"},{"@type":"BreadcrumbList","@id":"https:\/\/www.mettmann.de\/web\/bildung-soziales\/mehrgenerationenhaus-jugendhaus\/ferienprogramme-fuer-kinder-und-jugendliche\/#breadcrumb","itemListElement":[{"@type":"ListItem","position":1,"name":"Startseite","item":"https:\/\/www.mettmann.de\/web\/"},{"@type":"ListItem","position":2,"name":"Bildung &#038; Soziales","item":"https:\/\/www.mettmann.de\/web\/bildung-soziales\/"},{"@type":"ListItem","position":3,"name":"Mehrgenerationenhaus \/ Jugendhaus","item":"https:\/\/www.mettmann.de\/web\/bildung-soziales\/mehrgenerationenhaus-jugendhaus\/"},{"@type":"ListItem","position":4,"name":"Osterferienprogramm 2026"}]},{"@type":"WebSite","@id":"https:\/\/www.mettmann.de\/web\/#website","url":"https:\/\/www.mettmann.de\/web\/","name":"Stadtverwaltung Mettmann","description":"Internetseite der Kreisstadt Mettmann","publisher":{"@id":"https:\/\/www.mettmann.de\/web\/#organization"},"potentialAction":[{"@type":"SearchAction","target":{"@type":"EntryPoint","urlTemplate":"https:\/\/www.mettmann.de\/web\/?s={search_term_string}"},"query-input":{"@type":"PropertyValueSpecification","valueRequired":true,"valueName":"search_term_string"}}],"inLanguage":"de"},{"@type":"Organization","@id":"https:\/\/www.mettmann.de\/web\/#organization","name":"Kreisstadt Mettmann","url":"https:\/\/www.mettmann.de\/web\/","logo":{"@type":"ImageObject","inLanguage":"de","@id":"https:\/\/www.mettmann.de\/web\/#\/schema\/logo\/image\/","url":"https:\/\/www.mettmann.de\/web\/wp-content\/uploads\/2019\/08\/Kreisstadt_Mettmann_Logo_RGB_150dpi.png","contentUrl":"https:\/\/www.mettmann.de\/web\/wp-content\/uploads\/2019\/08\/Kreisstadt_Mettmann_Logo_RGB_150dpi.png","width":1302,"height":191,"caption":"Kreisstadt Mettmann"},"image":{"@id":"https:\/\/www.mettmann.de\/web\/#\/schema\/logo\/image\/"},"sameAs":["https:\/\/www.facebook.com\/kreisstadt.mettmann","https:\/\/de.wikipedia.org\/wiki\/Mettmann"]}]}},"_links":{"self":[{"href":"https:\/\/www.mettmann.de\/web\/wp-json\/wp\/v2\/pages\/5718","targetHints":{"allow":["GET"]}}],"collection":[{"href":"https:\/\/www.mettmann.de\/web\/wp-json\/wp\/v2\/pages"}],"about":[{"href":"https:\/\/www.mettmann.de\/web\/wp-json\/wp\/v2\/types\/page"}],"author":[{"embeddable":true,"href":"https:\/\/www.mettmann.de\/web\/wp-json\/wp\/v2\/users\/1"}],"replies":[{"embeddable":true,"href":"https:\/\/www.mettmann.de\/web\/wp-json\/wp\/v2\/comments?post=5718"}],"version-history":[{"count":89,"href":"https:\/\/www.mettmann.de\/web\/wp-json\/wp\/v2\/pages\/5718\/revisions"}],"predecessor-version":[{"id":59254,"href":"https:\/\/www.mettmann.de\/web\/wp-json\/wp\/v2\/pages\/5718\/revisions\/59254"}],"up":[{"embeddable":true,"href":"https:\/\/www.mettmann.de\/web\/wp-json\/wp\/v2\/pages\/1398"}],"wp:featuredmedia":[{"embeddable":true,"href":"https:\/\/www.mettmann.de\/web\/wp-json\/wp\/v2\/media\/58865"}],"wp:attachment":[{"href":"https:\/\/www.mettmann.de\/web\/wp-json\/wp\/v2\/media?parent=5718"}],"curies":[{"name":"wp","href":"https:\/\/api.w.org\/{rel}","templated":true}]}}