{"id":5826,"date":"2020-06-08T07:40:48","date_gmt":"2020-06-08T05:40:48","guid":{"rendered":"https:\/\/www.mettmann.de\/web\/?page_id=5826"},"modified":"2020-06-08T07:40:48","modified_gmt":"2020-06-08T05:40:48","slug":"bauholz-bauschutt-und-baumischabfall-sammlung","status":"publish","type":"page","link":"https:\/\/www.mettmann.de\/web\/abfallberatungsseiten\/sammelsysteme\/bauholz-bauschutt-und-baumischabfall-sammlung\/","title":{"rendered":"Bauholz-, Bauschutt- und Baumischabfall-Sammlung"},"content":{"rendered":"<div id=\"attachment_5827\" style=\"width: 1290px\" class=\"wp-caption alignright\"><img loading=\"lazy\" decoding=\"async\" aria-describedby=\"caption-attachment-5827\" class=\"size-full wp-image-5827\" src=\"https:\/\/www.mettmann.de\/web\/wp-content\/uploads\/2020\/06\/bauschutt.jpg\" alt=\"Bauschutt\" width=\"1280\" height=\"720\" srcset=\"https:\/\/www.mettmann.de\/web\/wp-content\/uploads\/2020\/06\/bauschutt.jpg 1280w, https:\/\/www.mettmann.de\/web\/wp-content\/uploads\/2020\/06\/bauschutt-300x169.jpg 300w, https:\/\/www.mettmann.de\/web\/wp-content\/uploads\/2020\/06\/bauschutt-1024x576.jpg 1024w, https:\/\/www.mettmann.de\/web\/wp-content\/uploads\/2020\/06\/bauschutt-768x432.jpg 768w, https:\/\/www.mettmann.de\/web\/wp-content\/uploads\/2020\/06\/bauschutt-777x437.jpg 777w, https:\/\/www.mettmann.de\/web\/wp-content\/uploads\/2020\/06\/bauschutt-260x146.jpg 260w, https:\/\/www.mettmann.de\/web\/wp-content\/uploads\/2020\/06\/bauschutt-120x67.jpg 120w\" sizes=\"auto, (max-width: 1280px) 100vw, 1280px\" \/><p id=\"caption-attachment-5827\" class=\"wp-caption-text\">Symbolfoto: FlorinBirjoveanu \/ pixabay<\/p><\/div>\n<p class=\"eingerueckt40\">Bauholz, reiner Bauschutt (ohne Verunreinigungen) und Baumischabf\u00e4lle (inklusive verunreinigter Bauschutt) werden t\u00e4glich von montags bis samstags (au\u00dfer dienstags) in einer Menge von maximal 1 Pkw-Kofferraumladung gegen geringe Geb\u00fchr auf dem Recyclinghof in der Hammerstra\u00dfe 31 angenommen. Baumischabf\u00e4lle sind Abf\u00e4lle aus Renovierungen, die nicht eindeutig dem Bauschutt oder dem Bauholz zugeordnet werden k\u00f6nnen oder als gemischte Bauabf\u00e4lle angeliefert werden sowie verunreinigter Bauschutt.<\/p>\n<h3>Geb\u00fchren<\/h3>\n<p class=\"eingerueckt40\">F\u00fcr die Annahme von Bauholz, Bauschutt und Baumischabf\u00e4llen wird eine Sondergeb\u00fchr erhoben. Diese betr\u00e4gt je nach Art und Beschaffenheit der Abf\u00e4lle 1,00 bis 2,00 EUR f\u00fcr ein Volumen bis zu 10 Liter. F\u00fcr gr\u00f6\u00dfere Mengen vervielfacht sich die Geb\u00fchr entsprechend. Gr\u00f6\u00dfere Mengen Bauholz, Bauschutt und Baumischabf\u00e4lle k\u00f6nnen gegen Geb\u00fchr bei der Baumischaufbereitungs- und Recyclinganlage der<\/p>\n<p><b>Fa. R &amp; R GmbH<br \/>\nLaubach 30, 40822 Mettmann<br \/>\nTelefon 02104 &#8211; 81494<\/p>\n<p>montags bis donnerstags von 7 bis 16.30 Uhr und freitags von 7 bis 14 Uhr abgegeben werden.<\/b><\/p>\n<h3>Zum Bauholz geh\u00f6ren:<\/h3>\n<p class=\"eingerueckt40\">&#8211; Zimmert\u00fcren und T\u00fcrzargen aus Holz<br \/>\n&#8211; Fu\u00dfbodenbel\u00e4ge aus Holz<br \/>\n&#8211; Wand- und Deckenverkleidung aus Holz<br \/>\n&#8211; Holzdielen<br \/>\n&#8211; Holzpaneelen<br \/>\n&#8211; Baubretter und Balken<br \/>\n&#8211; Konstruktionsholz aus dem Innenbau<br \/>\n&#8211; Fensterrahmen aus Holz (ohne Glas)<br \/>\n&#8211; Fu\u00dfleisten aus Holz<br \/>\n&#8211; Paletten<br \/>\n&#8211; Holzkisten und Holzf\u00e4sser<\/p>\n<p class=\"eingerueckt40\">Die hierf\u00fcr f\u00e4lligen Sondergeb\u00fchren betragen mengenabh\u00e4ngig 2,00 Euro je 10 Liter Kofferraumvolumen. F\u00fcr gr\u00f6\u00dfere Bauholzmengen bieten wir im Rahmen unseres Containerdienstes kosteng\u00fcnstig auch Mietbeh\u00e4lter an. Tel.: 980-281<\/p>\n<p><b>NICHT<\/b> zum Bauholz d\u00fcrfen behandeltes und schadstoffhaltiges Holz, impr\u00e4gnierte Au\u00dfenh\u00f6lzer wie z.B. Z\u00e4une, Gartenhausbestandteile, Sandk\u00e4sten und Sichtschutzw\u00e4nde.<\/p>\n<h3>Zum Bauschutt geh\u00f6ren:<\/h3>\n<p class=\"eingerueckt40\">&#8211; Beton (auch Abbruchbeton mit Armierung)<br \/>\n&#8211; Kalksandstein<br \/>\n&#8211; Backsteine<br \/>\n&#8211; Ziegel<br \/>\n&#8211; Klinkersteine<br \/>\n&#8211; Fliesen (Feinsteinzeug; nicht gebrannt und nicht beschichtet)<br \/>\n&#8211; Sanit\u00e4rkeramik<br \/>\n&#8211; Terrakotta<br \/>\n&#8211; Ton<br \/>\n&#8211; Porzellan<br \/>\n&#8211; Marmor<\/p>\n<p class=\"eingerueckt40\">Die hierf\u00fcr f\u00e4lligen Sondergeb\u00fchren betragen 1,00 Euro je 10 Liter und werden mengenabh\u00e4ngig erhoben. F\u00fcr gr\u00f6\u00dfere Bauschuttmengen bieten wir im Rahmen unseres Containerdienstes kosteng\u00fcnstig auch Mietbeh\u00e4lter an. Tel.: 980-281<\/p>\n<p><b>WICHTIG:<\/b> Reiner Bauschutt darf grunds\u00e4tzlich keine Verunreinigungen wie Anhaftungen, Kleberreste, Verpackungen und Verpackungsreste, Styropor, Tapetenreste, Holz und andere St\u00f6rstoffe enthalten. Lediglich Armierungseisen bei Abbruchbeton werden toleriert. Ansonsten handelt es sich um verunreinigten Bauschutt, der als Baumischabfall entsorgt werden muss!<\/p>\n<p><b>NICHT<\/b> zum Bauschutt d\u00fcrfen gemischte Bau- und Renovierungsabf\u00e4lle, Glas, Bims, Gips und Rigips, Yton und andere Leichtbaustoffe, M\u00f6rtelreste, Estrich sowie D\u00e4mmstoffe aller Art.<\/p>\n<h3>Zum Baumischabfall geh\u00f6ren:<\/h3>\n<p class=\"eingerueckt40\">&#8211; Bauschutt mit Verunreinigungen, Anhaftungen, Kleberresten und anderen St\u00f6rstoffen<br \/>\n&#8211; gemischte Renovierungs- und Bauabf\u00e4lle<br \/>\n&#8211; gemischte Baumaterialien und Baustoffe<br \/>\n&#8211; Bims<br \/>\n&#8211; Gips<br \/>\n&#8211; Rigips<br \/>\n&#8211; Yton<br \/>\n&#8211; Gasbeton<br \/>\n&#8211; andere Leichtbaustoffe<br \/>\n&#8211; M\u00f6rtelreste<br \/>\n&#8211; Estrich<br \/>\n&#8211; Fliesen (beschichtet oder gebrannt)<br \/>\n&#8211; Steinholzboden<br \/>\n&#8211; Flachglas und Drahtglas<br \/>\n&#8211; Glasplatten und Glasscheiben<br \/>\n&#8211; Aquarien<br \/>\n&#8211; Spiegelglas<br \/>\n&#8211; Duschw\u00e4nde<br \/>\n&#8211; Jalousien<br \/>\n&#8211; Fensterrahmen aus Kunststoff<br \/>\n&#8211; Plastikrohre<br \/>\n&#8211; Kunststofffolien<br \/>\n&#8211; gro\u00dfe Plastikt\u00f6pfe und \u2013k\u00fcbel<br \/>\n&#8211; Blumenk\u00e4sten aus Kunststoff<br \/>\n&#8211; Speisf\u00e4sser<br \/>\n&#8211; Regenf\u00e4sser aus Kunststoff<br \/>\n&#8211; gro\u00dfe Kisten und Wannen aus Kunststoff<\/p>\n<p class=\"eingerueckt40\">Die hierf\u00fcr f\u00e4lligen Sondergeb\u00fchren betragen 2,00 Euro je 10 Liter und werden mengenabh\u00e4ngig erhoben. F\u00fcr gr\u00f6\u00dfere Baumischabfallmengen bieten wir im Rahmen unseres Containerdienstes kosteng\u00fcnstig auch Mietbeh\u00e4lter an. Tel.: 980-281<\/p>\n<p><b>NICHT<\/b> zum Baumischabfall d\u00fcrfen reiner Bauschutt ohne St\u00f6rstoffe, Bauholz wie z. B. Bretter, Holzt\u00fcren, Fu\u00dfbodenbel\u00e4ge, Wand- und Deckenverkleidung aus Holz sowie D\u00e4mmstoffe aller Art.<\/p>\n","protected":false},"excerpt":{"rendered":"<p>Bauholz, reiner Bauschutt (ohne Verunreinigungen) und Baumischabf\u00e4lle (inklusive verunreinigter Bauschutt) werden t\u00e4glich von montags bis samstags (au\u00dfer dienstags) in einer Menge von maximal 1 Pkw-Kofferraumladung gegen geringe Geb\u00fchr auf dem Recyclinghof in der Hammerstra\u00dfe 31&#8230;<\/p>\n","protected":false},"author":1,"featured_media":5827,"parent":5820,"menu_order":5,"comment_status":"closed","ping_status":"closed","template":"","meta":{"ngg_post_thumbnail":0,"footnotes":""},"class_list":["post-5826","page","type-page","status-publish","has-post-thumbnail","hentry"],"yoast_head":"<!-- This site is optimized with the Yoast SEO plugin v27.2 - https:\/\/yoast.com\/product\/yoast-seo-wordpress\/ -->\n<title>Bauholz-, Bauschutt- und Baumischabfall-Sammlung | Stadtverwaltung Mettmann<\/title>\n<meta name=\"robots\" content=\"index, follow, max-snippet:-1, max-image-preview:large, max-video-preview:-1\" \/>\n<link rel=\"canonical\" href=\"https:\/\/www.mettmann.de\/web\/abfallberatungsseiten\/sammelsysteme\/bauholz-bauschutt-und-baumischabfall-sammlung\/\" \/>\n<meta property=\"og:locale\" content=\"de_DE\" \/>\n<meta property=\"og:type\" content=\"article\" \/>\n<meta property=\"og:title\" content=\"Bauholz-, Bauschutt- und Baumischabfall-Sammlung | Stadtverwaltung Mettmann\" \/>\n<meta property=\"og:description\" content=\"Bauholz, reiner Bauschutt (ohne Verunreinigungen) und Baumischabf\u00e4lle (inklusive verunreinigter Bauschutt) werden t\u00e4glich von montags bis samstags (au\u00dfer dienstags) in einer Menge von maximal 1 Pkw-Kofferraumladung gegen geringe Geb\u00fchr auf dem Recyclinghof in der Hammerstra\u00dfe 31...\" \/>\n<meta property=\"og:url\" content=\"https:\/\/www.mettmann.de\/web\/abfallberatungsseiten\/sammelsysteme\/bauholz-bauschutt-und-baumischabfall-sammlung\/\" \/>\n<meta property=\"og:site_name\" content=\"Stadtverwaltung Mettmann\" \/>\n<meta property=\"article:publisher\" content=\"https:\/\/www.facebook.com\/kreisstadt.mettmann\" \/>\n<meta property=\"og:image\" content=\"https:\/\/www.mettmann.de\/web\/wp-content\/uploads\/2020\/06\/bauschutt.jpg\" \/>\n\t<meta property=\"og:image:width\" content=\"1280\" \/>\n\t<meta property=\"og:image:height\" content=\"720\" \/>\n\t<meta property=\"og:image:type\" content=\"image\/jpeg\" \/>\n<meta name=\"twitter:card\" content=\"summary_large_image\" \/>\n<meta name=\"twitter:label1\" content=\"Gesch\u00e4tzte Lesezeit\" \/>\n\t<meta name=\"twitter:data1\" content=\"3\u00a0Minuten\" \/>\n<script type=\"application\/ld+json\" class=\"yoast-schema-graph\">{\"@context\":\"https:\/\/schema.org\",\"@graph\":[{\"@type\":\"WebPage\",\"@id\":\"https:\/\/www.mettmann.de\/web\/abfallberatungsseiten\/sammelsysteme\/bauholz-bauschutt-und-baumischabfall-sammlung\/\",\"url\":\"https:\/\/www.mettmann.de\/web\/abfallberatungsseiten\/sammelsysteme\/bauholz-bauschutt-und-baumischabfall-sammlung\/\",\"name\":\"Bauholz-, Bauschutt- und Baumischabfall-Sammlung | Stadtverwaltung Mettmann\",\"isPartOf\":{\"@id\":\"https:\/\/www.mettmann.de\/web\/#website\"},\"primaryImageOfPage\":{\"@id\":\"https:\/\/www.mettmann.de\/web\/abfallberatungsseiten\/sammelsysteme\/bauholz-bauschutt-und-baumischabfall-sammlung\/#primaryimage\"},\"image\":{\"@id\":\"https:\/\/www.mettmann.de\/web\/abfallberatungsseiten\/sammelsysteme\/bauholz-bauschutt-und-baumischabfall-sammlung\/#primaryimage\"},\"thumbnailUrl\":\"https:\/\/www.mettmann.de\/web\/wp-content\/uploads\/2020\/06\/bauschutt.jpg\",\"datePublished\":\"2020-06-08T05:40:48+00:00\",\"breadcrumb\":{\"@id\":\"https:\/\/www.mettmann.de\/web\/abfallberatungsseiten\/sammelsysteme\/bauholz-bauschutt-und-baumischabfall-sammlung\/#breadcrumb\"},\"inLanguage\":\"de\",\"potentialAction\":[{\"@type\":\"ReadAction\",\"target\":[\"https:\/\/www.mettmann.de\/web\/abfallberatungsseiten\/sammelsysteme\/bauholz-bauschutt-und-baumischabfall-sammlung\/\"]}]},{\"@type\":\"ImageObject\",\"inLanguage\":\"de\",\"@id\":\"https:\/\/www.mettmann.de\/web\/abfallberatungsseiten\/sammelsysteme\/bauholz-bauschutt-und-baumischabfall-sammlung\/#primaryimage\",\"url\":\"https:\/\/www.mettmann.de\/web\/wp-content\/uploads\/2020\/06\/bauschutt.jpg\",\"contentUrl\":\"https:\/\/www.mettmann.de\/web\/wp-content\/uploads\/2020\/06\/bauschutt.jpg\",\"width\":1280,\"height\":720,\"caption\":\"Symbolfoto: FlorinBirjoveanu \/ pixabay\"},{\"@type\":\"BreadcrumbList\",\"@id\":\"https:\/\/www.mettmann.de\/web\/abfallberatungsseiten\/sammelsysteme\/bauholz-bauschutt-und-baumischabfall-sammlung\/#breadcrumb\",\"itemListElement\":[{\"@type\":\"ListItem\",\"position\":1,\"name\":\"Startseite\",\"item\":\"https:\/\/www.mettmann.de\/web\/\"},{\"@type\":\"ListItem\",\"position\":2,\"name\":\"Abfallberatung online\",\"item\":\"https:\/\/www.mettmann.de\/web\/abfallberatungsseiten\/\"},{\"@type\":\"ListItem\",\"position\":3,\"name\":\"Sammelsysteme\",\"item\":\"https:\/\/www.mettmann.de\/web\/abfallberatungsseiten\/sammelsysteme\/\"},{\"@type\":\"ListItem\",\"position\":4,\"name\":\"Bauholz-, Bauschutt- und Baumischabfall-Sammlung\"}]},{\"@type\":\"WebSite\",\"@id\":\"https:\/\/www.mettmann.de\/web\/#website\",\"url\":\"https:\/\/www.mettmann.de\/web\/\",\"name\":\"Stadtverwaltung Mettmann\",\"description\":\"Internetseite der Kreisstadt Mettmann\",\"publisher\":{\"@id\":\"https:\/\/www.mettmann.de\/web\/#organization\"},\"potentialAction\":[{\"@type\":\"SearchAction\",\"target\":{\"@type\":\"EntryPoint\",\"urlTemplate\":\"https:\/\/www.mettmann.de\/web\/?s={search_term_string}\"},\"query-input\":{\"@type\":\"PropertyValueSpecification\",\"valueRequired\":true,\"valueName\":\"search_term_string\"}}],\"inLanguage\":\"de\"},{\"@type\":\"Organization\",\"@id\":\"https:\/\/www.mettmann.de\/web\/#organization\",\"name\":\"Kreisstadt Mettmann\",\"url\":\"https:\/\/www.mettmann.de\/web\/\",\"logo\":{\"@type\":\"ImageObject\",\"inLanguage\":\"de\",\"@id\":\"https:\/\/www.mettmann.de\/web\/#\/schema\/logo\/image\/\",\"url\":\"https:\/\/www.mettmann.de\/web\/wp-content\/uploads\/2019\/08\/Kreisstadt_Mettmann_Logo_RGB_150dpi.png\",\"contentUrl\":\"https:\/\/www.mettmann.de\/web\/wp-content\/uploads\/2019\/08\/Kreisstadt_Mettmann_Logo_RGB_150dpi.png\",\"width\":1302,\"height\":191,\"caption\":\"Kreisstadt Mettmann\"},\"image\":{\"@id\":\"https:\/\/www.mettmann.de\/web\/#\/schema\/logo\/image\/\"},\"sameAs\":[\"https:\/\/www.facebook.com\/kreisstadt.mettmann\",\"https:\/\/de.wikipedia.org\/wiki\/Mettmann\"]}]}<\/script>\n<!-- \/ Yoast SEO plugin. -->","yoast_head_json":{"title":"Bauholz-, Bauschutt- und Baumischabfall-Sammlung | Stadtverwaltung Mettmann","robots":{"index":"index","follow":"follow","max-snippet":"max-snippet:-1","max-image-preview":"max-image-preview:large","max-video-preview":"max-video-preview:-1"},"canonical":"https:\/\/www.mettmann.de\/web\/abfallberatungsseiten\/sammelsysteme\/bauholz-bauschutt-und-baumischabfall-sammlung\/","og_locale":"de_DE","og_type":"article","og_title":"Bauholz-, Bauschutt- und Baumischabfall-Sammlung | Stadtverwaltung Mettmann","og_description":"Bauholz, reiner Bauschutt (ohne Verunreinigungen) und Baumischabf\u00e4lle (inklusive verunreinigter Bauschutt) werden t\u00e4glich von montags bis samstags (au\u00dfer dienstags) in einer Menge von maximal 1 Pkw-Kofferraumladung gegen geringe Geb\u00fchr auf dem Recyclinghof in der Hammerstra\u00dfe 31...","og_url":"https:\/\/www.mettmann.de\/web\/abfallberatungsseiten\/sammelsysteme\/bauholz-bauschutt-und-baumischabfall-sammlung\/","og_site_name":"Stadtverwaltung Mettmann","article_publisher":"https:\/\/www.facebook.com\/kreisstadt.mettmann","og_image":[{"width":1280,"height":720,"url":"https:\/\/www.mettmann.de\/web\/wp-content\/uploads\/2020\/06\/bauschutt.jpg","type":"image\/jpeg"}],"twitter_card":"summary_large_image","twitter_misc":{"Gesch\u00e4tzte Lesezeit":"3\u00a0Minuten"},"schema":{"@context":"https:\/\/schema.org","@graph":[{"@type":"WebPage","@id":"https:\/\/www.mettmann.de\/web\/abfallberatungsseiten\/sammelsysteme\/bauholz-bauschutt-und-baumischabfall-sammlung\/","url":"https:\/\/www.mettmann.de\/web\/abfallberatungsseiten\/sammelsysteme\/bauholz-bauschutt-und-baumischabfall-sammlung\/","name":"Bauholz-, Bauschutt- und Baumischabfall-Sammlung | Stadtverwaltung Mettmann","isPartOf":{"@id":"https:\/\/www.mettmann.de\/web\/#website"},"primaryImageOfPage":{"@id":"https:\/\/www.mettmann.de\/web\/abfallberatungsseiten\/sammelsysteme\/bauholz-bauschutt-und-baumischabfall-sammlung\/#primaryimage"},"image":{"@id":"https:\/\/www.mettmann.de\/web\/abfallberatungsseiten\/sammelsysteme\/bauholz-bauschutt-und-baumischabfall-sammlung\/#primaryimage"},"thumbnailUrl":"https:\/\/www.mettmann.de\/web\/wp-content\/uploads\/2020\/06\/bauschutt.jpg","datePublished":"2020-06-08T05:40:48+00:00","breadcrumb":{"@id":"https:\/\/www.mettmann.de\/web\/abfallberatungsseiten\/sammelsysteme\/bauholz-bauschutt-und-baumischabfall-sammlung\/#breadcrumb"},"inLanguage":"de","potentialAction":[{"@type":"ReadAction","target":["https:\/\/www.mettmann.de\/web\/abfallberatungsseiten\/sammelsysteme\/bauholz-bauschutt-und-baumischabfall-sammlung\/"]}]},{"@type":"ImageObject","inLanguage":"de","@id":"https:\/\/www.mettmann.de\/web\/abfallberatungsseiten\/sammelsysteme\/bauholz-bauschutt-und-baumischabfall-sammlung\/#primaryimage","url":"https:\/\/www.mettmann.de\/web\/wp-content\/uploads\/2020\/06\/bauschutt.jpg","contentUrl":"https:\/\/www.mettmann.de\/web\/wp-content\/uploads\/2020\/06\/bauschutt.jpg","width":1280,"height":720,"caption":"Symbolfoto: FlorinBirjoveanu \/ pixabay"},{"@type":"BreadcrumbList","@id":"https:\/\/www.mettmann.de\/web\/abfallberatungsseiten\/sammelsysteme\/bauholz-bauschutt-und-baumischabfall-sammlung\/#breadcrumb","itemListElement":[{"@type":"ListItem","position":1,"name":"Startseite","item":"https:\/\/www.mettmann.de\/web\/"},{"@type":"ListItem","position":2,"name":"Abfallberatung online","item":"https:\/\/www.mettmann.de\/web\/abfallberatungsseiten\/"},{"@type":"ListItem","position":3,"name":"Sammelsysteme","item":"https:\/\/www.mettmann.de\/web\/abfallberatungsseiten\/sammelsysteme\/"},{"@type":"ListItem","position":4,"name":"Bauholz-, Bauschutt- und Baumischabfall-Sammlung"}]},{"@type":"WebSite","@id":"https:\/\/www.mettmann.de\/web\/#website","url":"https:\/\/www.mettmann.de\/web\/","name":"Stadtverwaltung Mettmann","description":"Internetseite der Kreisstadt Mettmann","publisher":{"@id":"https:\/\/www.mettmann.de\/web\/#organization"},"potentialAction":[{"@type":"SearchAction","target":{"@type":"EntryPoint","urlTemplate":"https:\/\/www.mettmann.de\/web\/?s={search_term_string}"},"query-input":{"@type":"PropertyValueSpecification","valueRequired":true,"valueName":"search_term_string"}}],"inLanguage":"de"},{"@type":"Organization","@id":"https:\/\/www.mettmann.de\/web\/#organization","name":"Kreisstadt Mettmann","url":"https:\/\/www.mettmann.de\/web\/","logo":{"@type":"ImageObject","inLanguage":"de","@id":"https:\/\/www.mettmann.de\/web\/#\/schema\/logo\/image\/","url":"https:\/\/www.mettmann.de\/web\/wp-content\/uploads\/2019\/08\/Kreisstadt_Mettmann_Logo_RGB_150dpi.png","contentUrl":"https:\/\/www.mettmann.de\/web\/wp-content\/uploads\/2019\/08\/Kreisstadt_Mettmann_Logo_RGB_150dpi.png","width":1302,"height":191,"caption":"Kreisstadt Mettmann"},"image":{"@id":"https:\/\/www.mettmann.de\/web\/#\/schema\/logo\/image\/"},"sameAs":["https:\/\/www.facebook.com\/kreisstadt.mettmann","https:\/\/de.wikipedia.org\/wiki\/Mettmann"]}]}},"_links":{"self":[{"href":"https:\/\/www.mettmann.de\/web\/wp-json\/wp\/v2\/pages\/5826","targetHints":{"allow":["GET"]}}],"collection":[{"href":"https:\/\/www.mettmann.de\/web\/wp-json\/wp\/v2\/pages"}],"about":[{"href":"https:\/\/www.mettmann.de\/web\/wp-json\/wp\/v2\/types\/page"}],"author":[{"embeddable":true,"href":"https:\/\/www.mettmann.de\/web\/wp-json\/wp\/v2\/users\/1"}],"replies":[{"embeddable":true,"href":"https:\/\/www.mettmann.de\/web\/wp-json\/wp\/v2\/comments?post=5826"}],"version-history":[{"count":1,"href":"https:\/\/www.mettmann.de\/web\/wp-json\/wp\/v2\/pages\/5826\/revisions"}],"predecessor-version":[{"id":5828,"href":"https:\/\/www.mettmann.de\/web\/wp-json\/wp\/v2\/pages\/5826\/revisions\/5828"}],"up":[{"embeddable":true,"href":"https:\/\/www.mettmann.de\/web\/wp-json\/wp\/v2\/pages\/5820"}],"wp:featuredmedia":[{"embeddable":true,"href":"https:\/\/www.mettmann.de\/web\/wp-json\/wp\/v2\/media\/5827"}],"wp:attachment":[{"href":"https:\/\/www.mettmann.de\/web\/wp-json\/wp\/v2\/media?parent=5826"}],"curies":[{"name":"wp","href":"https:\/\/api.w.org\/{rel}","templated":true}]}}