{"id":5829,"date":"2020-06-08T07:44:03","date_gmt":"2020-06-08T05:44:03","guid":{"rendered":"https:\/\/www.mettmann.de\/web\/?page_id=5829"},"modified":"2020-06-08T07:44:03","modified_gmt":"2020-06-08T05:44:03","slug":"altholz-sperrmuell","status":"publish","type":"page","link":"https:\/\/www.mettmann.de\/web\/abfallberatungsseiten\/sammelsysteme\/altholz-sperrmuell\/","title":{"rendered":"Altholz (Sperrm\u00fcll)"},"content":{"rendered":"<div id=\"attachment_2117\" style=\"width: 3514px\" class=\"wp-caption alignright\"><img loading=\"lazy\" decoding=\"async\" aria-describedby=\"caption-attachment-2117\" class=\"size-full wp-image-2117\" src=\"https:\/\/www.mettmann.de\/web\/wp-content\/uploads\/2019\/10\/IMG_0707.jpg\" alt=\"Recyclinghof Mettmann\" width=\"3504\" height=\"2336\" srcset=\"https:\/\/www.mettmann.de\/web\/wp-content\/uploads\/2019\/10\/IMG_0707.jpg 3504w, https:\/\/www.mettmann.de\/web\/wp-content\/uploads\/2019\/10\/IMG_0707-300x200.jpg 300w, https:\/\/www.mettmann.de\/web\/wp-content\/uploads\/2019\/10\/IMG_0707-768x512.jpg 768w, https:\/\/www.mettmann.de\/web\/wp-content\/uploads\/2019\/10\/IMG_0707-1024x683.jpg 1024w\" sizes=\"auto, (max-width: 3504px) 100vw, 3504px\" \/><p id=\"caption-attachment-2117\" class=\"wp-caption-text\">Archivfoto: Kreisstadt Mettmann<\/p><\/div>\n<p class=\"eingerueckt40\">Altholz wird t\u00e4glich von montags bis samstags (au\u00dfer dienstags) auf dem st\u00e4dt. Recyclinghof in der Hammerstra\u00dfe 31 angenommen. Zum Altholz geh\u00f6ren Einrichtungsgegenst\u00e4nde und M\u00f6bel aus Holz ohne St\u00f6rstoffe und schadstoffhaltige Bestandteile wie z.B.:<\/p>\n<ul class=\"eingerueckt40\">\n<li>Holzst\u00fchle<\/li>\n<li>Schr\u00e4nke aus Holz<\/li>\n<li>Holzregale<\/li>\n<li>Holztische<\/li>\n<li>Holzb\u00e4nke<\/li>\n<li>Bettgestelle und Rahmen sowie Lattenroste aus Holz<\/li>\n<li>Holzhocker<\/li>\n<li>Holzvitrinen (ohne Glas)<\/li>\n<li>Holzkommoden<\/li>\n<\/ul>\n<p class=\"eingerueckt40\">Bis zu 1 Pkw-Kofferraumladung k\u00f6nnen Sie solche Holzabf\u00e4lle kostenlos auf dem st\u00e4dt. Recyclinghof abgeben. Ist dies nicht m\u00f6glich, kann auch ein Abholtermin f\u00fcr Einrichtungsgegenst\u00e4nde, M\u00f6bel und sperrigen Hausrat aus Holz mit dem st\u00e4dt. Baubetriebshof vereinbart werden: Telefon 980-600.<\/p>\n<p class=\"eingerueckt40\">Nicht zum Sperrm\u00fcll geh\u00f6ren dagegen Holzabf\u00e4lle aus Wohnungs- und Geb\u00e4uderenovierungen wie z.B. Bauholz, Holzt\u00fcren, Latten, Fu\u00dfbodenbelag, Wand- und Deckenverkleidung und Holzdielen. Solche Holzabf\u00e4lle werden ausschlie\u00dflich gegen geringe Geb\u00fchr ebenfalls auf dem <span>st\u00e4dt. Recyclinghof<\/span> angenommen.<\/p>\n<h3>Weitere Informationen<\/h3>\n<p class=\"eingerueckt40\"><a href=\"\/web\/?page_id=5826\">Weitere Informationen zur Annahme von Bauholz finden Sie unter Bauschutt-, Bauholz- und Baumischabfall-Sammlung. <\/a><\/p>\n","protected":false},"excerpt":{"rendered":"<p>Altholz wird t\u00e4glich von montags bis samstags (au\u00dfer dienstags) auf dem st\u00e4dt. Recyclinghof in der Hammerstra\u00dfe 31 angenommen. Zum Altholz geh\u00f6ren Einrichtungsgegenst\u00e4nde und M\u00f6bel aus Holz ohne St\u00f6rstoffe und schadstoffhaltige Bestandteile wie z.B.: Holzst\u00fchle Schr\u00e4nke&#8230;<\/p>\n","protected":false},"author":1,"featured_media":2117,"parent":5820,"menu_order":1,"comment_status":"closed","ping_status":"closed","template":"","meta":{"ngg_post_thumbnail":0,"footnotes":""},"class_list":["post-5829","page","type-page","status-publish","has-post-thumbnail","hentry"],"yoast_head":"<!-- This site is optimized with the Yoast SEO plugin v27.2 - https:\/\/yoast.com\/product\/yoast-seo-wordpress\/ -->\n<title>Altholz (Sperrm\u00fcll) | Stadtverwaltung Mettmann<\/title>\n<meta name=\"robots\" content=\"index, follow, max-snippet:-1, max-image-preview:large, max-video-preview:-1\" \/>\n<link rel=\"canonical\" href=\"https:\/\/www.mettmann.de\/web\/abfallberatungsseiten\/sammelsysteme\/altholz-sperrmuell\/\" \/>\n<meta property=\"og:locale\" content=\"de_DE\" \/>\n<meta property=\"og:type\" content=\"article\" \/>\n<meta property=\"og:title\" content=\"Altholz (Sperrm\u00fcll) | Stadtverwaltung Mettmann\" \/>\n<meta property=\"og:description\" content=\"Altholz wird t\u00e4glich von montags bis samstags (au\u00dfer dienstags) auf dem st\u00e4dt. Recyclinghof in der Hammerstra\u00dfe 31 angenommen. Zum Altholz geh\u00f6ren Einrichtungsgegenst\u00e4nde und M\u00f6bel aus Holz ohne St\u00f6rstoffe und schadstoffhaltige Bestandteile wie z.B.: Holzst\u00fchle Schr\u00e4nke...\" \/>\n<meta property=\"og:url\" content=\"https:\/\/www.mettmann.de\/web\/abfallberatungsseiten\/sammelsysteme\/altholz-sperrmuell\/\" \/>\n<meta property=\"og:site_name\" content=\"Stadtverwaltung Mettmann\" \/>\n<meta property=\"article:publisher\" content=\"https:\/\/www.facebook.com\/kreisstadt.mettmann\" \/>\n<meta property=\"og:image\" content=\"https:\/\/www.mettmann.de\/web\/wp-content\/uploads\/2019\/10\/IMG_0707-1024x683.jpg\" \/>\n\t<meta property=\"og:image:width\" content=\"1024\" \/>\n\t<meta property=\"og:image:height\" content=\"683\" \/>\n\t<meta property=\"og:image:type\" content=\"image\/jpeg\" \/>\n<meta name=\"twitter:card\" content=\"summary_large_image\" \/>\n<meta name=\"twitter:label1\" content=\"Gesch\u00e4tzte Lesezeit\" \/>\n\t<meta name=\"twitter:data1\" content=\"1\u00a0Minute\" \/>\n<script type=\"application\/ld+json\" class=\"yoast-schema-graph\">{\"@context\":\"https:\/\/schema.org\",\"@graph\":[{\"@type\":\"WebPage\",\"@id\":\"https:\/\/www.mettmann.de\/web\/abfallberatungsseiten\/sammelsysteme\/altholz-sperrmuell\/\",\"url\":\"https:\/\/www.mettmann.de\/web\/abfallberatungsseiten\/sammelsysteme\/altholz-sperrmuell\/\",\"name\":\"Altholz (Sperrm\u00fcll) | Stadtverwaltung Mettmann\",\"isPartOf\":{\"@id\":\"https:\/\/www.mettmann.de\/web\/#website\"},\"primaryImageOfPage\":{\"@id\":\"https:\/\/www.mettmann.de\/web\/abfallberatungsseiten\/sammelsysteme\/altholz-sperrmuell\/#primaryimage\"},\"image\":{\"@id\":\"https:\/\/www.mettmann.de\/web\/abfallberatungsseiten\/sammelsysteme\/altholz-sperrmuell\/#primaryimage\"},\"thumbnailUrl\":\"https:\/\/www.mettmann.de\/web\/wp-content\/uploads\/2019\/10\/IMG_0707.jpg\",\"datePublished\":\"2020-06-08T05:44:03+00:00\",\"breadcrumb\":{\"@id\":\"https:\/\/www.mettmann.de\/web\/abfallberatungsseiten\/sammelsysteme\/altholz-sperrmuell\/#breadcrumb\"},\"inLanguage\":\"de\",\"potentialAction\":[{\"@type\":\"ReadAction\",\"target\":[\"https:\/\/www.mettmann.de\/web\/abfallberatungsseiten\/sammelsysteme\/altholz-sperrmuell\/\"]}]},{\"@type\":\"ImageObject\",\"inLanguage\":\"de\",\"@id\":\"https:\/\/www.mettmann.de\/web\/abfallberatungsseiten\/sammelsysteme\/altholz-sperrmuell\/#primaryimage\",\"url\":\"https:\/\/www.mettmann.de\/web\/wp-content\/uploads\/2019\/10\/IMG_0707.jpg\",\"contentUrl\":\"https:\/\/www.mettmann.de\/web\/wp-content\/uploads\/2019\/10\/IMG_0707.jpg\",\"width\":3504,\"height\":2336,\"caption\":\"Archivfoto: Kreisstadt Mettmann\"},{\"@type\":\"BreadcrumbList\",\"@id\":\"https:\/\/www.mettmann.de\/web\/abfallberatungsseiten\/sammelsysteme\/altholz-sperrmuell\/#breadcrumb\",\"itemListElement\":[{\"@type\":\"ListItem\",\"position\":1,\"name\":\"Startseite\",\"item\":\"https:\/\/www.mettmann.de\/web\/\"},{\"@type\":\"ListItem\",\"position\":2,\"name\":\"Abfallberatung online\",\"item\":\"https:\/\/www.mettmann.de\/web\/abfallberatungsseiten\/\"},{\"@type\":\"ListItem\",\"position\":3,\"name\":\"Sammelsysteme\",\"item\":\"https:\/\/www.mettmann.de\/web\/abfallberatungsseiten\/sammelsysteme\/\"},{\"@type\":\"ListItem\",\"position\":4,\"name\":\"Altholz (Sperrm\u00fcll)\"}]},{\"@type\":\"WebSite\",\"@id\":\"https:\/\/www.mettmann.de\/web\/#website\",\"url\":\"https:\/\/www.mettmann.de\/web\/\",\"name\":\"Stadtverwaltung Mettmann\",\"description\":\"Internetseite der Kreisstadt Mettmann\",\"publisher\":{\"@id\":\"https:\/\/www.mettmann.de\/web\/#organization\"},\"potentialAction\":[{\"@type\":\"SearchAction\",\"target\":{\"@type\":\"EntryPoint\",\"urlTemplate\":\"https:\/\/www.mettmann.de\/web\/?s={search_term_string}\"},\"query-input\":{\"@type\":\"PropertyValueSpecification\",\"valueRequired\":true,\"valueName\":\"search_term_string\"}}],\"inLanguage\":\"de\"},{\"@type\":\"Organization\",\"@id\":\"https:\/\/www.mettmann.de\/web\/#organization\",\"name\":\"Kreisstadt Mettmann\",\"url\":\"https:\/\/www.mettmann.de\/web\/\",\"logo\":{\"@type\":\"ImageObject\",\"inLanguage\":\"de\",\"@id\":\"https:\/\/www.mettmann.de\/web\/#\/schema\/logo\/image\/\",\"url\":\"https:\/\/www.mettmann.de\/web\/wp-content\/uploads\/2019\/08\/Kreisstadt_Mettmann_Logo_RGB_150dpi.png\",\"contentUrl\":\"https:\/\/www.mettmann.de\/web\/wp-content\/uploads\/2019\/08\/Kreisstadt_Mettmann_Logo_RGB_150dpi.png\",\"width\":1302,\"height\":191,\"caption\":\"Kreisstadt Mettmann\"},\"image\":{\"@id\":\"https:\/\/www.mettmann.de\/web\/#\/schema\/logo\/image\/\"},\"sameAs\":[\"https:\/\/www.facebook.com\/kreisstadt.mettmann\",\"https:\/\/de.wikipedia.org\/wiki\/Mettmann\"]}]}<\/script>\n<!-- \/ Yoast SEO plugin. -->","yoast_head_json":{"title":"Altholz (Sperrm\u00fcll) | Stadtverwaltung Mettmann","robots":{"index":"index","follow":"follow","max-snippet":"max-snippet:-1","max-image-preview":"max-image-preview:large","max-video-preview":"max-video-preview:-1"},"canonical":"https:\/\/www.mettmann.de\/web\/abfallberatungsseiten\/sammelsysteme\/altholz-sperrmuell\/","og_locale":"de_DE","og_type":"article","og_title":"Altholz (Sperrm\u00fcll) | Stadtverwaltung Mettmann","og_description":"Altholz wird t\u00e4glich von montags bis samstags (au\u00dfer dienstags) auf dem st\u00e4dt. Recyclinghof in der Hammerstra\u00dfe 31 angenommen. Zum Altholz geh\u00f6ren Einrichtungsgegenst\u00e4nde und M\u00f6bel aus Holz ohne St\u00f6rstoffe und schadstoffhaltige Bestandteile wie z.B.: Holzst\u00fchle Schr\u00e4nke...","og_url":"https:\/\/www.mettmann.de\/web\/abfallberatungsseiten\/sammelsysteme\/altholz-sperrmuell\/","og_site_name":"Stadtverwaltung Mettmann","article_publisher":"https:\/\/www.facebook.com\/kreisstadt.mettmann","og_image":[{"width":1024,"height":683,"url":"https:\/\/www.mettmann.de\/web\/wp-content\/uploads\/2019\/10\/IMG_0707-1024x683.jpg","type":"image\/jpeg"}],"twitter_card":"summary_large_image","twitter_misc":{"Gesch\u00e4tzte Lesezeit":"1\u00a0Minute"},"schema":{"@context":"https:\/\/schema.org","@graph":[{"@type":"WebPage","@id":"https:\/\/www.mettmann.de\/web\/abfallberatungsseiten\/sammelsysteme\/altholz-sperrmuell\/","url":"https:\/\/www.mettmann.de\/web\/abfallberatungsseiten\/sammelsysteme\/altholz-sperrmuell\/","name":"Altholz (Sperrm\u00fcll) | Stadtverwaltung Mettmann","isPartOf":{"@id":"https:\/\/www.mettmann.de\/web\/#website"},"primaryImageOfPage":{"@id":"https:\/\/www.mettmann.de\/web\/abfallberatungsseiten\/sammelsysteme\/altholz-sperrmuell\/#primaryimage"},"image":{"@id":"https:\/\/www.mettmann.de\/web\/abfallberatungsseiten\/sammelsysteme\/altholz-sperrmuell\/#primaryimage"},"thumbnailUrl":"https:\/\/www.mettmann.de\/web\/wp-content\/uploads\/2019\/10\/IMG_0707.jpg","datePublished":"2020-06-08T05:44:03+00:00","breadcrumb":{"@id":"https:\/\/www.mettmann.de\/web\/abfallberatungsseiten\/sammelsysteme\/altholz-sperrmuell\/#breadcrumb"},"inLanguage":"de","potentialAction":[{"@type":"ReadAction","target":["https:\/\/www.mettmann.de\/web\/abfallberatungsseiten\/sammelsysteme\/altholz-sperrmuell\/"]}]},{"@type":"ImageObject","inLanguage":"de","@id":"https:\/\/www.mettmann.de\/web\/abfallberatungsseiten\/sammelsysteme\/altholz-sperrmuell\/#primaryimage","url":"https:\/\/www.mettmann.de\/web\/wp-content\/uploads\/2019\/10\/IMG_0707.jpg","contentUrl":"https:\/\/www.mettmann.de\/web\/wp-content\/uploads\/2019\/10\/IMG_0707.jpg","width":3504,"height":2336,"caption":"Archivfoto: Kreisstadt Mettmann"},{"@type":"BreadcrumbList","@id":"https:\/\/www.mettmann.de\/web\/abfallberatungsseiten\/sammelsysteme\/altholz-sperrmuell\/#breadcrumb","itemListElement":[{"@type":"ListItem","position":1,"name":"Startseite","item":"https:\/\/www.mettmann.de\/web\/"},{"@type":"ListItem","position":2,"name":"Abfallberatung online","item":"https:\/\/www.mettmann.de\/web\/abfallberatungsseiten\/"},{"@type":"ListItem","position":3,"name":"Sammelsysteme","item":"https:\/\/www.mettmann.de\/web\/abfallberatungsseiten\/sammelsysteme\/"},{"@type":"ListItem","position":4,"name":"Altholz (Sperrm\u00fcll)"}]},{"@type":"WebSite","@id":"https:\/\/www.mettmann.de\/web\/#website","url":"https:\/\/www.mettmann.de\/web\/","name":"Stadtverwaltung Mettmann","description":"Internetseite der Kreisstadt Mettmann","publisher":{"@id":"https:\/\/www.mettmann.de\/web\/#organization"},"potentialAction":[{"@type":"SearchAction","target":{"@type":"EntryPoint","urlTemplate":"https:\/\/www.mettmann.de\/web\/?s={search_term_string}"},"query-input":{"@type":"PropertyValueSpecification","valueRequired":true,"valueName":"search_term_string"}}],"inLanguage":"de"},{"@type":"Organization","@id":"https:\/\/www.mettmann.de\/web\/#organization","name":"Kreisstadt Mettmann","url":"https:\/\/www.mettmann.de\/web\/","logo":{"@type":"ImageObject","inLanguage":"de","@id":"https:\/\/www.mettmann.de\/web\/#\/schema\/logo\/image\/","url":"https:\/\/www.mettmann.de\/web\/wp-content\/uploads\/2019\/08\/Kreisstadt_Mettmann_Logo_RGB_150dpi.png","contentUrl":"https:\/\/www.mettmann.de\/web\/wp-content\/uploads\/2019\/08\/Kreisstadt_Mettmann_Logo_RGB_150dpi.png","width":1302,"height":191,"caption":"Kreisstadt Mettmann"},"image":{"@id":"https:\/\/www.mettmann.de\/web\/#\/schema\/logo\/image\/"},"sameAs":["https:\/\/www.facebook.com\/kreisstadt.mettmann","https:\/\/de.wikipedia.org\/wiki\/Mettmann"]}]}},"_links":{"self":[{"href":"https:\/\/www.mettmann.de\/web\/wp-json\/wp\/v2\/pages\/5829","targetHints":{"allow":["GET"]}}],"collection":[{"href":"https:\/\/www.mettmann.de\/web\/wp-json\/wp\/v2\/pages"}],"about":[{"href":"https:\/\/www.mettmann.de\/web\/wp-json\/wp\/v2\/types\/page"}],"author":[{"embeddable":true,"href":"https:\/\/www.mettmann.de\/web\/wp-json\/wp\/v2\/users\/1"}],"replies":[{"embeddable":true,"href":"https:\/\/www.mettmann.de\/web\/wp-json\/wp\/v2\/comments?post=5829"}],"version-history":[{"count":1,"href":"https:\/\/www.mettmann.de\/web\/wp-json\/wp\/v2\/pages\/5829\/revisions"}],"predecessor-version":[{"id":5830,"href":"https:\/\/www.mettmann.de\/web\/wp-json\/wp\/v2\/pages\/5829\/revisions\/5830"}],"up":[{"embeddable":true,"href":"https:\/\/www.mettmann.de\/web\/wp-json\/wp\/v2\/pages\/5820"}],"wp:featuredmedia":[{"embeddable":true,"href":"https:\/\/www.mettmann.de\/web\/wp-json\/wp\/v2\/media\/2117"}],"wp:attachment":[{"href":"https:\/\/www.mettmann.de\/web\/wp-json\/wp\/v2\/media?parent=5829"}],"curies":[{"name":"wp","href":"https:\/\/api.w.org\/{rel}","templated":true}]}}