{"id":5857,"date":"2020-06-08T08:34:37","date_gmt":"2020-06-08T06:34:37","guid":{"rendered":"https:\/\/www.mettmann.de\/web\/?page_id=5857"},"modified":"2020-06-08T08:35:10","modified_gmt":"2020-06-08T06:35:10","slug":"elektonikschrottsammlung","status":"publish","type":"page","link":"https:\/\/www.mettmann.de\/web\/abfallberatungsseiten\/sammelsysteme\/elektonikschrottsammlung\/","title":{"rendered":"Elektonikschrottsammlung"},"content":{"rendered":"<div id=\"attachment_5858\" style=\"width: 1049px\" class=\"wp-caption alignright\"><img loading=\"lazy\" decoding=\"async\" aria-describedby=\"caption-attachment-5858\" class=\"size-full wp-image-5858\" src=\"https:\/\/www.mettmann.de\/web\/wp-content\/uploads\/2020\/06\/elektroschrott.jpg\" alt=\"Elektronik\" width=\"1039\" height=\"584\" srcset=\"https:\/\/www.mettmann.de\/web\/wp-content\/uploads\/2020\/06\/elektroschrott.jpg 1039w, https:\/\/www.mettmann.de\/web\/wp-content\/uploads\/2020\/06\/elektroschrott-300x169.jpg 300w, https:\/\/www.mettmann.de\/web\/wp-content\/uploads\/2020\/06\/elektroschrott-1024x576.jpg 1024w, https:\/\/www.mettmann.de\/web\/wp-content\/uploads\/2020\/06\/elektroschrott-768x432.jpg 768w, https:\/\/www.mettmann.de\/web\/wp-content\/uploads\/2020\/06\/elektroschrott-777x437.jpg 777w, https:\/\/www.mettmann.de\/web\/wp-content\/uploads\/2020\/06\/elektroschrott-260x146.jpg 260w, https:\/\/www.mettmann.de\/web\/wp-content\/uploads\/2020\/06\/elektroschrott-120x67.jpg 120w\" sizes=\"auto, (max-width: 1039px) 100vw, 1039px\" \/><p id=\"caption-attachment-5858\" class=\"wp-caption-text\">Symbolfoto: Taken \/ pixabay<\/p><\/div>\n<p class=\"eingerueckt40\">Nach Inkrafttreten des Elektroger\u00e4tegesetzes <b>m\u00fcssen<\/b> s\u00e4mtliche Elektro- und Elektronikger\u00e4te getrennt vom Restm\u00fcll bei der E-Schrottsammlung abgegeben werden. Selbst Kleinger\u00e4te wie Rasierer, Haarf\u00f6hn, Mixerstab oder Mobiltelefone d\u00fcrfen nicht mehr in der Restm\u00fclltonne landen, sondern <b>m\u00fcssen<\/b> bei den zugelassenen R\u00fccknahmestellen abgegeben werden. Dazu geh\u00f6ren \u00fcbrigens auch die Vertreiber und Verkaufsstellen von Elektro- und Elektronikger\u00e4ten mit einer Verkaufsfl\u00e4che von \u00fcber 400 qm. Diese sind ebenfalls zur R\u00fccknahme Ihres E-Schrotts verpflichtet. Bei Gro\u00dfger\u00e4ten im Tausch bei einem Neukauf. Grunds\u00e4tzlich und unabh\u00e4ngig von einem Kauf m\u00fcssen \u201eElektronikkleinger\u00e4te unter 25 cm Kantenl\u00e4nge\u201c zur\u00fcckgenommen werden. Dies gilt nat\u00fcrlich nur f\u00fcr haushalts\u00fcbliche Mengen und Ger\u00e4te.<\/p>\n<p>Als einfache Faustregel gilt: Alle Ger\u00e4te, durch die Strom flie\u00dft, geh\u00f6ren in die E-Schrottsammlung. Also auch solche mit Batterie- oder Akkubetrieb. Hier sind die Besitzer von Altger\u00e4ten aber verpflichtet, Batterien und Akkumulatoren, die nicht vom Altger\u00e4t fest umschlossen sind, vor der Abgabe an der Sammelstelle von diesem zu trennen. Dies betrifft z. B. elektrische Werkzeuge, Mobiltelefone und Notebooks. Hintergrund dieser ebenfalls neuen Regelung ist insbesondere die Vermeidung von Brandgefahr bei Lagerung und Transport.<\/p>\n<p>Im Restm\u00fcll hat der E-Schrott grunds\u00e4tzlich nichts verloren. Denn in s\u00e4mtlichen elektrischen und elektronischen Ger\u00e4ten stecken viele wiederverwendbare Bestandteile, die entweder direkt in der Neuproduktion eingesetzt oder als kostbarer Rohstoff f\u00fcr andere Zwecke verwertet werden k\u00f6nnen. Dar\u00fcber hinaus enthalten die meisten \u201eStromfresser\u201c auch sch\u00e4dliche Stoffe wie Cadmium, Blei und Quecksilber, die aussortiert und umweltgerecht entsorgt werden m\u00fcssen.<\/p>\n<p><b> Haushaltgro\u00dfger\u00e4te wie z.B. Waschmaschinen, W\u00e4schetrockner, Elektroherde sowie K\u00fchl- und Gefrierger\u00e4te werden auch im Rahmen der Sperrm\u00fcllabfuhr kostenlos bei Ihnen abgeholt werden. Alle anderen elektrischen und elektronischen Ger\u00e4te werden dagegen nicht abgeholt und m\u00fcssen selbst auf dem Recyclinghof in der Hammerstra\u00dfe 31 abgegeben werden.<\/b><\/p>\n<p>Leuchtstoffr\u00f6hren und Gasentladungslampen werden ausschlie\u00dflich im Rahmen der Schadstoffsammlung samstags in der Zeit von 08:00 bis 12:00 Uhr am Schadstoffmobil angenommen.<\/p>\n<p>Die entnommenen Batterien und Akkus aus den elektrischen und elektronischen Altger\u00e4ten k\u00f6nnen getrennt an der Batteriesammelstelle <a class=\"infohomepage\" title=\"Recyclinghof Stadt Mettmann\" href=\"\/web\/?page_id=1214\">auf dem Recyclinghof<\/a> abgegeben werden.<\/p>\n<p>&nbsp;<\/p>\n<h3>Zur E-Schrottsammlung auf dem Recyclinghof geh\u00f6ren:<\/h3>\n<p class=\"eingerueckt40\"><b>Haushaltsgro\u00dfger\u00e4te wie z.B.<\/b><\/p>\n<ul class=\"eingerueckt40\">\n<li>Waschmaschinen<\/li>\n<li>W\u00e4schetrockner<\/li>\n<li>Geschirrsp\u00fcler<\/li>\n<li>Herde und Back\u00f6fen<\/li>\n<li>elektrische Kochplatten<\/li>\n<li>elektrische Heizplatten<\/li>\n<li>Mikrowellenger\u00e4te<\/li>\n<li>elektrische Heizger\u00e4te und Heizk\u00f6rper<\/li>\n<li>elektrische Heizk\u00f6rper<\/li>\n<li>elektrische Ventilatoren<\/li>\n<\/ul>\n<p class=\"eingerueckt40\"><b>Haushaltskleinger\u00e4te wie z.B.<\/b><\/p>\n<ul class=\"eingerueckt40\">\n<li>Staubsauger<\/li>\n<li>B\u00fcgeleisen<\/li>\n<li>Toaster<\/li>\n<li>Fritteusen<\/li>\n<li>Wasserkocher<\/li>\n<li>Kaffeemaschinen<\/li>\n<li>elektrische Messer<\/li>\n<li>Haarschneideger\u00e4te und Haartrockner<\/li>\n<li>elektrische Zahnb\u00fcrsten<\/li>\n<li>Rasierapparate<\/li>\n<li>Wecker<\/li>\n<li>Digitalwaagen<\/li>\n<li>elektrisch betriebene K\u00fchlboxen<\/li>\n<\/ul>\n<p class=\"eingerueckt40\"><b>Ger\u00e4te der Informations- und Telekommunikationstechnik wie z.B.<\/b><\/p>\n<ul class=\"eingerueckt40\">\n<li>Computer (einschlie\u00dflich Maus und Tastatur)<\/li>\n<li>Laptops<\/li>\n<li>Notebooks<\/li>\n<li>Tablets<\/li>\n<li>elektronische Notizb\u00fccher<\/li>\n<li>E-Books<\/li>\n<li>Drucker<\/li>\n<li>Kopierger\u00e4te<\/li>\n<li>elektrische und elektronische Schreibmaschinen<\/li>\n<li>Taschen- und Tischrechner<\/li>\n<li>Faxger\u00e4te<\/li>\n<li>Telefone<\/li>\n<li>Mobiltelefone<\/li>\n<li>Anrufbeantworter<\/li>\n<\/ul>\n<p class=\"eingerueckt40\"><b>Ger\u00e4te der Unterhaltungselektronik wie z.B.<\/b><\/p>\n<ul class=\"eingerueckt40\">\n<li>Radioger\u00e4te<\/li>\n<li>Videokameras<\/li>\n<li>Videorekorder<\/li>\n<li>HiFi-Anlagen<\/li>\n<li>Audioverst\u00e4rker<\/li>\n<li>elektrische Musikinstrumente<\/li>\n<\/ul>\n<p class=\"eingerueckt40\"><b>Leuchten (Gestell\/K\u00f6rper f\u00fcr Lampen) wie z.B.<\/b><\/p>\n<ul class=\"eingerueckt40\">\n<li>Schreibtischleuchten<\/li>\n<li>Stehleuchten<\/li>\n<li>Deckenleuten<\/li>\n<li>Wandleuchten<\/li>\n<li>Leuchten mit fest verbauten Lampen, die nicht ohne Zerst\u00f6rung der Einheit getrennt werden k\u00f6nnen<\/li>\n<\/ul>\n<p class=\"eingerueckt40\"><b>Elektrische und elektronische Werkzeuge (mit Ausnahme ortsfester industrieller Gro\u00dfwerkzeuge) wie z.B.<\/b><\/p>\n<ul class=\"eingerueckt40\">\n<li>Bohrmaschinen<\/li>\n<li>S\u00e4gen<\/li>\n<li>N\u00e4hmaschinen<\/li>\n<li>elektrische Ger\u00e4te zum Drehen, Fr\u00e4sen, Schleifen, Zerkleinern, S\u00e4gen, Schneiden, Abscheren, Bohren, Lochen, Stanzen, Falzen, Biegen oder zur entsprechenden Bearbeitung von Holz, Metall und sonstigen Werkstoffen<\/li>\n<li>elektrische Niet-, Nagel- oder Schraubwerkzeuge oder Werkzeuge zum L\u00f6sen von Niet-, Nagel- oder Schraubverbindungen oder f\u00fcr \u00e4hnliche Verwendungszwecke<\/li>\n<li>elektrische Rasenm\u00e4her und sonstige elektrisch betriebene Gartenger\u00e4te<\/li>\n<\/ul>\n<p class=\"eingerueckt40\"><b>Spielzeug sowie Sport- und Freizeitger\u00e4te<\/b><\/p>\n<ul class=\"eingerueckt40\">\n<li>elektrische Eisenbahnen oder Autorennbahnen<\/li>\n<li>Videospielkonsolen<\/li>\n<li>Videospiele<\/li>\n<li>Fahrrad-, Tauch-, Lauf-, Rudercomputer usw.<\/li>\n<\/ul>\n<p class=\"eingerueckt40\"><b>Bildschirmger\u00e4te wie z.B.<\/b><\/p>\n<ul class=\"eingerueckt40\">\n<li>TV-Ger\u00e4te<\/li>\n<li>Monitore<\/li>\n<li>sonstige Bildschirmger\u00e4te<\/li>\n<\/ul>\n<p class=\"eingerueckt40\"><b>K\u00fchl- und Gefrierger\u00e4te wie z.B.<\/b><\/p>\n<ul class=\"eingerueckt40\">\n<li>K\u00fchlschr\u00e4nke<\/li>\n<li>Gefrierschr\u00e4nke und -truhen<\/li>\n<li>kombinierte K\u00fchl- und Gefrierger\u00e4te<\/li>\n<\/ul>\n","protected":false},"excerpt":{"rendered":"<p>Nach Inkrafttreten des Elektroger\u00e4tegesetzes m\u00fcssen s\u00e4mtliche Elektro- und Elektronikger\u00e4te getrennt vom Restm\u00fcll bei der E-Schrottsammlung abgegeben werden. Selbst Kleinger\u00e4te wie Rasierer, Haarf\u00f6hn, Mixerstab oder Mobiltelefone d\u00fcrfen nicht mehr in der Restm\u00fclltonne landen, sondern m\u00fcssen bei&#8230;<\/p>\n","protected":false},"author":1,"featured_media":5858,"parent":5820,"menu_order":9,"comment_status":"closed","ping_status":"closed","template":"","meta":{"ngg_post_thumbnail":0,"footnotes":""},"class_list":["post-5857","page","type-page","status-publish","has-post-thumbnail","hentry"],"yoast_head":"<!-- This site is optimized with the Yoast SEO plugin v27.2 - https:\/\/yoast.com\/product\/yoast-seo-wordpress\/ -->\n<title>Elektonikschrottsammlung | Stadtverwaltung Mettmann<\/title>\n<meta name=\"robots\" content=\"index, follow, max-snippet:-1, max-image-preview:large, max-video-preview:-1\" \/>\n<link rel=\"canonical\" href=\"https:\/\/www.mettmann.de\/web\/abfallberatungsseiten\/sammelsysteme\/elektonikschrottsammlung\/\" \/>\n<meta property=\"og:locale\" content=\"de_DE\" \/>\n<meta property=\"og:type\" content=\"article\" \/>\n<meta property=\"og:title\" content=\"Elektonikschrottsammlung | Stadtverwaltung Mettmann\" \/>\n<meta property=\"og:description\" content=\"Nach Inkrafttreten des Elektroger\u00e4tegesetzes m\u00fcssen s\u00e4mtliche Elektro- und Elektronikger\u00e4te getrennt vom Restm\u00fcll bei der E-Schrottsammlung abgegeben werden. Selbst Kleinger\u00e4te wie Rasierer, Haarf\u00f6hn, Mixerstab oder Mobiltelefone d\u00fcrfen nicht mehr in der Restm\u00fclltonne landen, sondern m\u00fcssen bei...\" \/>\n<meta property=\"og:url\" content=\"https:\/\/www.mettmann.de\/web\/abfallberatungsseiten\/sammelsysteme\/elektonikschrottsammlung\/\" \/>\n<meta property=\"og:site_name\" content=\"Stadtverwaltung Mettmann\" \/>\n<meta property=\"article:publisher\" content=\"https:\/\/www.facebook.com\/kreisstadt.mettmann\" \/>\n<meta property=\"article:modified_time\" content=\"2020-06-08T06:35:10+00:00\" \/>\n<meta property=\"og:image\" content=\"https:\/\/www.mettmann.de\/web\/wp-content\/uploads\/2020\/06\/elektroschrott.jpg\" \/>\n\t<meta property=\"og:image:width\" content=\"1039\" \/>\n\t<meta property=\"og:image:height\" content=\"584\" \/>\n\t<meta property=\"og:image:type\" content=\"image\/jpeg\" \/>\n<meta name=\"twitter:card\" content=\"summary_large_image\" \/>\n<meta name=\"twitter:label1\" content=\"Gesch\u00e4tzte Lesezeit\" \/>\n\t<meta name=\"twitter:data1\" content=\"3\u00a0Minuten\" \/>\n<script type=\"application\/ld+json\" class=\"yoast-schema-graph\">{\"@context\":\"https:\/\/schema.org\",\"@graph\":[{\"@type\":\"WebPage\",\"@id\":\"https:\/\/www.mettmann.de\/web\/abfallberatungsseiten\/sammelsysteme\/elektonikschrottsammlung\/\",\"url\":\"https:\/\/www.mettmann.de\/web\/abfallberatungsseiten\/sammelsysteme\/elektonikschrottsammlung\/\",\"name\":\"Elektonikschrottsammlung | Stadtverwaltung Mettmann\",\"isPartOf\":{\"@id\":\"https:\/\/www.mettmann.de\/web\/#website\"},\"primaryImageOfPage\":{\"@id\":\"https:\/\/www.mettmann.de\/web\/abfallberatungsseiten\/sammelsysteme\/elektonikschrottsammlung\/#primaryimage\"},\"image\":{\"@id\":\"https:\/\/www.mettmann.de\/web\/abfallberatungsseiten\/sammelsysteme\/elektonikschrottsammlung\/#primaryimage\"},\"thumbnailUrl\":\"https:\/\/www.mettmann.de\/web\/wp-content\/uploads\/2020\/06\/elektroschrott.jpg\",\"datePublished\":\"2020-06-08T06:34:37+00:00\",\"dateModified\":\"2020-06-08T06:35:10+00:00\",\"breadcrumb\":{\"@id\":\"https:\/\/www.mettmann.de\/web\/abfallberatungsseiten\/sammelsysteme\/elektonikschrottsammlung\/#breadcrumb\"},\"inLanguage\":\"de\",\"potentialAction\":[{\"@type\":\"ReadAction\",\"target\":[\"https:\/\/www.mettmann.de\/web\/abfallberatungsseiten\/sammelsysteme\/elektonikschrottsammlung\/\"]}]},{\"@type\":\"ImageObject\",\"inLanguage\":\"de\",\"@id\":\"https:\/\/www.mettmann.de\/web\/abfallberatungsseiten\/sammelsysteme\/elektonikschrottsammlung\/#primaryimage\",\"url\":\"https:\/\/www.mettmann.de\/web\/wp-content\/uploads\/2020\/06\/elektroschrott.jpg\",\"contentUrl\":\"https:\/\/www.mettmann.de\/web\/wp-content\/uploads\/2020\/06\/elektroschrott.jpg\",\"width\":1039,\"height\":584,\"caption\":\"Symbolfoto: Taken \/ pixabay\"},{\"@type\":\"BreadcrumbList\",\"@id\":\"https:\/\/www.mettmann.de\/web\/abfallberatungsseiten\/sammelsysteme\/elektonikschrottsammlung\/#breadcrumb\",\"itemListElement\":[{\"@type\":\"ListItem\",\"position\":1,\"name\":\"Startseite\",\"item\":\"https:\/\/www.mettmann.de\/web\/\"},{\"@type\":\"ListItem\",\"position\":2,\"name\":\"Abfallberatung online\",\"item\":\"https:\/\/www.mettmann.de\/web\/abfallberatungsseiten\/\"},{\"@type\":\"ListItem\",\"position\":3,\"name\":\"Sammelsysteme\",\"item\":\"https:\/\/www.mettmann.de\/web\/abfallberatungsseiten\/sammelsysteme\/\"},{\"@type\":\"ListItem\",\"position\":4,\"name\":\"Elektonikschrottsammlung\"}]},{\"@type\":\"WebSite\",\"@id\":\"https:\/\/www.mettmann.de\/web\/#website\",\"url\":\"https:\/\/www.mettmann.de\/web\/\",\"name\":\"Stadtverwaltung Mettmann\",\"description\":\"Internetseite der Kreisstadt Mettmann\",\"publisher\":{\"@id\":\"https:\/\/www.mettmann.de\/web\/#organization\"},\"potentialAction\":[{\"@type\":\"SearchAction\",\"target\":{\"@type\":\"EntryPoint\",\"urlTemplate\":\"https:\/\/www.mettmann.de\/web\/?s={search_term_string}\"},\"query-input\":{\"@type\":\"PropertyValueSpecification\",\"valueRequired\":true,\"valueName\":\"search_term_string\"}}],\"inLanguage\":\"de\"},{\"@type\":\"Organization\",\"@id\":\"https:\/\/www.mettmann.de\/web\/#organization\",\"name\":\"Kreisstadt Mettmann\",\"url\":\"https:\/\/www.mettmann.de\/web\/\",\"logo\":{\"@type\":\"ImageObject\",\"inLanguage\":\"de\",\"@id\":\"https:\/\/www.mettmann.de\/web\/#\/schema\/logo\/image\/\",\"url\":\"https:\/\/www.mettmann.de\/web\/wp-content\/uploads\/2019\/08\/Kreisstadt_Mettmann_Logo_RGB_150dpi.png\",\"contentUrl\":\"https:\/\/www.mettmann.de\/web\/wp-content\/uploads\/2019\/08\/Kreisstadt_Mettmann_Logo_RGB_150dpi.png\",\"width\":1302,\"height\":191,\"caption\":\"Kreisstadt Mettmann\"},\"image\":{\"@id\":\"https:\/\/www.mettmann.de\/web\/#\/schema\/logo\/image\/\"},\"sameAs\":[\"https:\/\/www.facebook.com\/kreisstadt.mettmann\",\"https:\/\/de.wikipedia.org\/wiki\/Mettmann\"]}]}<\/script>\n<!-- \/ Yoast SEO plugin. -->","yoast_head_json":{"title":"Elektonikschrottsammlung | Stadtverwaltung Mettmann","robots":{"index":"index","follow":"follow","max-snippet":"max-snippet:-1","max-image-preview":"max-image-preview:large","max-video-preview":"max-video-preview:-1"},"canonical":"https:\/\/www.mettmann.de\/web\/abfallberatungsseiten\/sammelsysteme\/elektonikschrottsammlung\/","og_locale":"de_DE","og_type":"article","og_title":"Elektonikschrottsammlung | Stadtverwaltung Mettmann","og_description":"Nach Inkrafttreten des Elektroger\u00e4tegesetzes m\u00fcssen s\u00e4mtliche Elektro- und Elektronikger\u00e4te getrennt vom Restm\u00fcll bei der E-Schrottsammlung abgegeben werden. Selbst Kleinger\u00e4te wie Rasierer, Haarf\u00f6hn, Mixerstab oder Mobiltelefone d\u00fcrfen nicht mehr in der Restm\u00fclltonne landen, sondern m\u00fcssen bei...","og_url":"https:\/\/www.mettmann.de\/web\/abfallberatungsseiten\/sammelsysteme\/elektonikschrottsammlung\/","og_site_name":"Stadtverwaltung Mettmann","article_publisher":"https:\/\/www.facebook.com\/kreisstadt.mettmann","article_modified_time":"2020-06-08T06:35:10+00:00","og_image":[{"width":1039,"height":584,"url":"https:\/\/www.mettmann.de\/web\/wp-content\/uploads\/2020\/06\/elektroschrott.jpg","type":"image\/jpeg"}],"twitter_card":"summary_large_image","twitter_misc":{"Gesch\u00e4tzte Lesezeit":"3\u00a0Minuten"},"schema":{"@context":"https:\/\/schema.org","@graph":[{"@type":"WebPage","@id":"https:\/\/www.mettmann.de\/web\/abfallberatungsseiten\/sammelsysteme\/elektonikschrottsammlung\/","url":"https:\/\/www.mettmann.de\/web\/abfallberatungsseiten\/sammelsysteme\/elektonikschrottsammlung\/","name":"Elektonikschrottsammlung | Stadtverwaltung Mettmann","isPartOf":{"@id":"https:\/\/www.mettmann.de\/web\/#website"},"primaryImageOfPage":{"@id":"https:\/\/www.mettmann.de\/web\/abfallberatungsseiten\/sammelsysteme\/elektonikschrottsammlung\/#primaryimage"},"image":{"@id":"https:\/\/www.mettmann.de\/web\/abfallberatungsseiten\/sammelsysteme\/elektonikschrottsammlung\/#primaryimage"},"thumbnailUrl":"https:\/\/www.mettmann.de\/web\/wp-content\/uploads\/2020\/06\/elektroschrott.jpg","datePublished":"2020-06-08T06:34:37+00:00","dateModified":"2020-06-08T06:35:10+00:00","breadcrumb":{"@id":"https:\/\/www.mettmann.de\/web\/abfallberatungsseiten\/sammelsysteme\/elektonikschrottsammlung\/#breadcrumb"},"inLanguage":"de","potentialAction":[{"@type":"ReadAction","target":["https:\/\/www.mettmann.de\/web\/abfallberatungsseiten\/sammelsysteme\/elektonikschrottsammlung\/"]}]},{"@type":"ImageObject","inLanguage":"de","@id":"https:\/\/www.mettmann.de\/web\/abfallberatungsseiten\/sammelsysteme\/elektonikschrottsammlung\/#primaryimage","url":"https:\/\/www.mettmann.de\/web\/wp-content\/uploads\/2020\/06\/elektroschrott.jpg","contentUrl":"https:\/\/www.mettmann.de\/web\/wp-content\/uploads\/2020\/06\/elektroschrott.jpg","width":1039,"height":584,"caption":"Symbolfoto: Taken \/ pixabay"},{"@type":"BreadcrumbList","@id":"https:\/\/www.mettmann.de\/web\/abfallberatungsseiten\/sammelsysteme\/elektonikschrottsammlung\/#breadcrumb","itemListElement":[{"@type":"ListItem","position":1,"name":"Startseite","item":"https:\/\/www.mettmann.de\/web\/"},{"@type":"ListItem","position":2,"name":"Abfallberatung online","item":"https:\/\/www.mettmann.de\/web\/abfallberatungsseiten\/"},{"@type":"ListItem","position":3,"name":"Sammelsysteme","item":"https:\/\/www.mettmann.de\/web\/abfallberatungsseiten\/sammelsysteme\/"},{"@type":"ListItem","position":4,"name":"Elektonikschrottsammlung"}]},{"@type":"WebSite","@id":"https:\/\/www.mettmann.de\/web\/#website","url":"https:\/\/www.mettmann.de\/web\/","name":"Stadtverwaltung Mettmann","description":"Internetseite der Kreisstadt Mettmann","publisher":{"@id":"https:\/\/www.mettmann.de\/web\/#organization"},"potentialAction":[{"@type":"SearchAction","target":{"@type":"EntryPoint","urlTemplate":"https:\/\/www.mettmann.de\/web\/?s={search_term_string}"},"query-input":{"@type":"PropertyValueSpecification","valueRequired":true,"valueName":"search_term_string"}}],"inLanguage":"de"},{"@type":"Organization","@id":"https:\/\/www.mettmann.de\/web\/#organization","name":"Kreisstadt Mettmann","url":"https:\/\/www.mettmann.de\/web\/","logo":{"@type":"ImageObject","inLanguage":"de","@id":"https:\/\/www.mettmann.de\/web\/#\/schema\/logo\/image\/","url":"https:\/\/www.mettmann.de\/web\/wp-content\/uploads\/2019\/08\/Kreisstadt_Mettmann_Logo_RGB_150dpi.png","contentUrl":"https:\/\/www.mettmann.de\/web\/wp-content\/uploads\/2019\/08\/Kreisstadt_Mettmann_Logo_RGB_150dpi.png","width":1302,"height":191,"caption":"Kreisstadt Mettmann"},"image":{"@id":"https:\/\/www.mettmann.de\/web\/#\/schema\/logo\/image\/"},"sameAs":["https:\/\/www.facebook.com\/kreisstadt.mettmann","https:\/\/de.wikipedia.org\/wiki\/Mettmann"]}]}},"_links":{"self":[{"href":"https:\/\/www.mettmann.de\/web\/wp-json\/wp\/v2\/pages\/5857","targetHints":{"allow":["GET"]}}],"collection":[{"href":"https:\/\/www.mettmann.de\/web\/wp-json\/wp\/v2\/pages"}],"about":[{"href":"https:\/\/www.mettmann.de\/web\/wp-json\/wp\/v2\/types\/page"}],"author":[{"embeddable":true,"href":"https:\/\/www.mettmann.de\/web\/wp-json\/wp\/v2\/users\/1"}],"replies":[{"embeddable":true,"href":"https:\/\/www.mettmann.de\/web\/wp-json\/wp\/v2\/comments?post=5857"}],"version-history":[{"count":2,"href":"https:\/\/www.mettmann.de\/web\/wp-json\/wp\/v2\/pages\/5857\/revisions"}],"predecessor-version":[{"id":5860,"href":"https:\/\/www.mettmann.de\/web\/wp-json\/wp\/v2\/pages\/5857\/revisions\/5860"}],"up":[{"embeddable":true,"href":"https:\/\/www.mettmann.de\/web\/wp-json\/wp\/v2\/pages\/5820"}],"wp:featuredmedia":[{"embeddable":true,"href":"https:\/\/www.mettmann.de\/web\/wp-json\/wp\/v2\/media\/5858"}],"wp:attachment":[{"href":"https:\/\/www.mettmann.de\/web\/wp-json\/wp\/v2\/media?parent=5857"}],"curies":[{"name":"wp","href":"https:\/\/api.w.org\/{rel}","templated":true}]}}