{"id":6209,"date":"2020-06-25T11:06:38","date_gmt":"2020-06-25T09:06:38","guid":{"rendered":"https:\/\/www.mettmann.de\/web\/?page_id=6209"},"modified":"2025-06-04T11:39:44","modified_gmt":"2025-06-04T09:39:44","slug":"brandmeisteranwaerterin","status":"publish","type":"page","link":"https:\/\/www.mettmann.de\/web\/stellenangebote-der-stadtverwaltung-mettmann\/ausbildungsangebote\/brandmeisteranwaerterin\/","title":{"rendered":"Brandmeisteranw\u00e4rter_in"},"content":{"rendered":"<p><strong>Beginn der Ausbildung:&nbsp;&nbsp;&nbsp;&nbsp;&nbsp;&nbsp;&nbsp;&nbsp;&nbsp;&nbsp;&nbsp;&nbsp;&nbsp;&nbsp;&nbsp;&nbsp;&nbsp; <\/strong>1. April oder 1. Oktober eines Jahres<\/p>\n<p><strong>Dauer der Ausbildung:&nbsp;&nbsp;&nbsp;&nbsp;&nbsp;&nbsp;&nbsp;&nbsp;&nbsp;&nbsp;&nbsp;&nbsp;&nbsp;&nbsp;&nbsp;&nbsp;&nbsp;&nbsp; <\/strong>18 Monate<\/p>\n<p><strong>Ausbildungsvoraussetzungen:<\/strong><strong>&nbsp;&nbsp;&nbsp;&nbsp;&nbsp;&nbsp; <\/strong>Hauptschulabschluss <strong><u>oder<\/u><\/strong> einen als gleichwertig anerkannten Bildungsstand<\/p>\n<p><strong><u>und<\/u><\/strong> eine f\u00fcr den feuerwehrtechnischen Dienst geeignete Gesellenpr\u00fcfung bzw. Berufsausbildung<\/p>\n<p><strong>&nbsp;<\/strong><strong>Pers\u00f6nliche Voraussetzungen: <\/strong><\/p>\n<ul>\n<li>Mindestalter von 18 Jahren<\/li>\n<li>uneingeschr\u00e4nkte Feuerwehrdienst- und Atemschutztauglichkeit<\/li>\n<li>gute Deutsch- und Mathekenntnisse<\/li>\n<li>mindestens Fahrerlaubnis der Klasse B<\/li>\n<li>w\u00fcnschenswert ist die Wohnsitznahme in Mettmann bzw. im Umkreis von 50 Kilometern<\/li>\n<\/ul>\n<p><strong>Ausbildungsinhalte: <\/strong><\/p>\n<p>Der Vorbereitungsdienst wird im Beamtenverh\u00e4ltnis auf Widerruf absolviert (Laufbahngruppe 1, 2. Einstiegsamt). Es erwartet dich ein abwechslungsreicher Beruf, bei dem k\u00f6rperliche und geistige Fitness gefragt ist. Beamt_innen im feuerwehrtechnischen Dienst werden zur Brandbek\u00e4mpfung, technischen Hilfeleistung, zum Umweltschutz und im Rettungsdienst eingesetzt. Ein Job f\u00fcr alle, die eine t\u00e4gliche Herausforderung suchen!<\/p>\n<p>Die praktische Ausbildung erfolgt unter anderem in der Feuer- und Rettungswache der Kreisstadt Mettmann. Die praktische Ausbildung umfasst dabei die feuerwehrtechnische Grundausbildung, Rettungssanit\u00e4ter-Ausbildung, Erwerb des F\u00fchrerscheins der Klasse C, Maschinisten-Ausbildung f\u00fcr L\u00f6schfahrzeuge sowie den Erwerb des Deutschen Sport- und Rettungsschwimmabzeichens.<\/p>\n<p>Die theoretische Ausbildung findet an der Kreisfeuerwehrschule in Mettmann statt.<\/p>\n<p><strong>Anw\u00e4rterbez\u00fcge:<\/strong><\/p>\n<p>W\u00e4hrend der Ausbildung erh\u00e4ltst du monatliche Anw\u00e4rterbez\u00fcge von derzeit 1.499,78 Euro sowie einen Sonderzuschlag in H\u00f6he von 90 % des Anw\u00e4rtergrundbetrages.<\/p>\n<p><strong>Informationen zum Auswahlverfahren: <\/strong><\/p>\n<p>Sofern du die genannten Einstellungsvoraussetzungen erf\u00fcllst, wirst du zu einem theoretischen Eignungstest eingeladen. Der Online-Eignungstest wird durch das Studieninstitut Niederrhein durchgef\u00fchrt und unterteilt sich in folgende Bereiche: Merkf\u00e4higkeit, Rechenf\u00e4higkeit, Allgemeinwissen, Logik und Entscheidung, Sprache und Ausdruck, techn. Verst\u00e4ndnis, Sozialverhalten.<\/p>\n<p>Bewerber_innen, die diesen Test erfolgreich abgelegt haben, werden zu einem k\u00f6rperlichen Eignungstest eingeladen. Dieser besteht aus dem Steigen auf der Drehleiter der Feuerwehr sowie der \u00dcberpr\u00fcfung von Kraft-, Ausdauer- und Schwimmf\u00e4higkeiten.<\/p>\n<p>Die aufgrund der Vorergebnisse bestplatzierten Bewerber_innen werden zu einem pers\u00f6nlichen Vorstellungsgespr\u00e4ch eingeladen.<\/p>\n<p><strong>Bewerbungsunterlagen: <\/strong><\/p>\n<ul>\n<li>Bewerbungsanschreiben<\/li>\n<li>Tabellarischer Lebenslauf<\/li>\n<li>Kopie des letzten Schulzeugnisses oder des Schulabschlusszeugnisses<\/li>\n<li>Nachweis \u00fcber die abgeschlossene Berufsausbildung<\/li>\n<li>F\u00fchrerschein Klasse B<\/li>\n<li>Nachweise \u00fcber abgeleistete Praktika<\/li>\n<li>Ausbildungs- und Arbeitszeugnisse<\/li>\n<li>Unterlagen- \/ Lehrgangsbescheinigungen einer freiwilligen Feuerwehr<\/li>\n<\/ul>\n<p><em>Bewerbungen sind nur w\u00e4hrend des Ausschreibungszeitraums m\u00f6glich (abh\u00e4ngig vom Ausbildungsbeginn zu verschiedenen Zeitpunkten im Jahr).<\/em><\/p>\n","protected":false},"excerpt":{"rendered":"<p>Beginn der Ausbildung:&nbsp;&nbsp;&nbsp;&nbsp;&nbsp;&nbsp;&nbsp;&nbsp;&nbsp;&nbsp;&nbsp;&nbsp;&nbsp;&nbsp;&nbsp;&nbsp;&nbsp; 1. April oder 1. Oktober eines Jahres Dauer der Ausbildung:&nbsp;&nbsp;&nbsp;&nbsp;&nbsp;&nbsp;&nbsp;&nbsp;&nbsp;&nbsp;&nbsp;&nbsp;&nbsp;&nbsp;&nbsp;&nbsp;&nbsp;&nbsp; 18 Monate Ausbildungsvoraussetzungen:&nbsp;&nbsp;&nbsp;&nbsp;&nbsp;&nbsp; Hauptschulabschluss oder einen als gleichwertig anerkannten Bildungsstand und eine f\u00fcr den feuerwehrtechnischen Dienst geeignete Gesellenpr\u00fcfung bzw. Berufsausbildung &nbsp;Pers\u00f6nliche Voraussetzungen:&#8230;<\/p>\n","protected":false},"author":1,"featured_media":0,"parent":6203,"menu_order":1,"comment_status":"closed","ping_status":"closed","template":"","meta":{"ngg_post_thumbnail":0,"footnotes":""},"class_list":["post-6209","page","type-page","status-publish","hentry"],"yoast_head":"<!-- This site is optimized with the Yoast SEO plugin v27.2 - https:\/\/yoast.com\/product\/yoast-seo-wordpress\/ -->\n<title>Brandmeisteranw\u00e4rter_in | Stadtverwaltung Mettmann<\/title>\n<meta name=\"robots\" content=\"index, follow, max-snippet:-1, max-image-preview:large, max-video-preview:-1\" \/>\n<link rel=\"canonical\" href=\"https:\/\/www.mettmann.de\/web\/stellenangebote-der-stadtverwaltung-mettmann\/ausbildungsangebote\/brandmeisteranwaerterin\/\" \/>\n<meta property=\"og:locale\" content=\"de_DE\" \/>\n<meta property=\"og:type\" content=\"article\" \/>\n<meta property=\"og:title\" content=\"Brandmeisteranw\u00e4rter_in | Stadtverwaltung Mettmann\" \/>\n<meta property=\"og:description\" content=\"Beginn der Ausbildung:&nbsp;&nbsp;&nbsp;&nbsp;&nbsp;&nbsp;&nbsp;&nbsp;&nbsp;&nbsp;&nbsp;&nbsp;&nbsp;&nbsp;&nbsp;&nbsp;&nbsp; 1. April oder 1. Oktober eines Jahres Dauer der Ausbildung:&nbsp;&nbsp;&nbsp;&nbsp;&nbsp;&nbsp;&nbsp;&nbsp;&nbsp;&nbsp;&nbsp;&nbsp;&nbsp;&nbsp;&nbsp;&nbsp;&nbsp;&nbsp; 18 Monate Ausbildungsvoraussetzungen:&nbsp;&nbsp;&nbsp;&nbsp;&nbsp;&nbsp; Hauptschulabschluss oder einen als gleichwertig anerkannten Bildungsstand und eine f\u00fcr den feuerwehrtechnischen Dienst geeignete Gesellenpr\u00fcfung bzw. Berufsausbildung &nbsp;Pers\u00f6nliche Voraussetzungen:...\" \/>\n<meta property=\"og:url\" content=\"https:\/\/www.mettmann.de\/web\/stellenangebote-der-stadtverwaltung-mettmann\/ausbildungsangebote\/brandmeisteranwaerterin\/\" \/>\n<meta property=\"og:site_name\" content=\"Stadtverwaltung Mettmann\" \/>\n<meta property=\"article:publisher\" content=\"https:\/\/www.facebook.com\/kreisstadt.mettmann\" \/>\n<meta property=\"article:modified_time\" content=\"2025-06-04T09:39:44+00:00\" \/>\n<meta property=\"og:image\" content=\"https:\/\/www.mettmann.de\/web\/wp-content\/uploads\/2019\/08\/1-1024x639.jpg\" \/>\n\t<meta property=\"og:image:width\" content=\"1024\" \/>\n\t<meta property=\"og:image:height\" content=\"639\" \/>\n\t<meta property=\"og:image:type\" content=\"image\/jpeg\" \/>\n<meta name=\"twitter:card\" content=\"summary_large_image\" \/>\n<meta name=\"twitter:label1\" content=\"Gesch\u00e4tzte Lesezeit\" \/>\n\t<meta name=\"twitter:data1\" content=\"2\u00a0Minuten\" \/>\n<script type=\"application\/ld+json\" class=\"yoast-schema-graph\">{\"@context\":\"https:\/\/schema.org\",\"@graph\":[{\"@type\":\"WebPage\",\"@id\":\"https:\/\/www.mettmann.de\/web\/stellenangebote-der-stadtverwaltung-mettmann\/ausbildungsangebote\/brandmeisteranwaerterin\/\",\"url\":\"https:\/\/www.mettmann.de\/web\/stellenangebote-der-stadtverwaltung-mettmann\/ausbildungsangebote\/brandmeisteranwaerterin\/\",\"name\":\"Brandmeisteranw\u00e4rter_in | Stadtverwaltung Mettmann\",\"isPartOf\":{\"@id\":\"https:\/\/www.mettmann.de\/web\/#website\"},\"datePublished\":\"2020-06-25T09:06:38+00:00\",\"dateModified\":\"2025-06-04T09:39:44+00:00\",\"breadcrumb\":{\"@id\":\"https:\/\/www.mettmann.de\/web\/stellenangebote-der-stadtverwaltung-mettmann\/ausbildungsangebote\/brandmeisteranwaerterin\/#breadcrumb\"},\"inLanguage\":\"de\",\"potentialAction\":[{\"@type\":\"ReadAction\",\"target\":[\"https:\/\/www.mettmann.de\/web\/stellenangebote-der-stadtverwaltung-mettmann\/ausbildungsangebote\/brandmeisteranwaerterin\/\"]}]},{\"@type\":\"BreadcrumbList\",\"@id\":\"https:\/\/www.mettmann.de\/web\/stellenangebote-der-stadtverwaltung-mettmann\/ausbildungsangebote\/brandmeisteranwaerterin\/#breadcrumb\",\"itemListElement\":[{\"@type\":\"ListItem\",\"position\":1,\"name\":\"Startseite\",\"item\":\"https:\/\/www.mettmann.de\/web\/\"},{\"@type\":\"ListItem\",\"position\":2,\"name\":\"Jobs &#038; Karriere\",\"item\":\"https:\/\/www.mettmann.de\/web\/stellenangebote-der-stadtverwaltung-mettmann\/\"},{\"@type\":\"ListItem\",\"position\":3,\"name\":\"Ausbildung bei der Kreisstadt Mettmann\",\"item\":\"https:\/\/www.mettmann.de\/web\/stellenangebote-der-stadtverwaltung-mettmann\/ausbildungsangebote\/\"},{\"@type\":\"ListItem\",\"position\":4,\"name\":\"Brandmeisteranw\u00e4rter_in\"}]},{\"@type\":\"WebSite\",\"@id\":\"https:\/\/www.mettmann.de\/web\/#website\",\"url\":\"https:\/\/www.mettmann.de\/web\/\",\"name\":\"Stadtverwaltung Mettmann\",\"description\":\"Internetseite der Kreisstadt Mettmann\",\"publisher\":{\"@id\":\"https:\/\/www.mettmann.de\/web\/#organization\"},\"potentialAction\":[{\"@type\":\"SearchAction\",\"target\":{\"@type\":\"EntryPoint\",\"urlTemplate\":\"https:\/\/www.mettmann.de\/web\/?s={search_term_string}\"},\"query-input\":{\"@type\":\"PropertyValueSpecification\",\"valueRequired\":true,\"valueName\":\"search_term_string\"}}],\"inLanguage\":\"de\"},{\"@type\":\"Organization\",\"@id\":\"https:\/\/www.mettmann.de\/web\/#organization\",\"name\":\"Kreisstadt Mettmann\",\"url\":\"https:\/\/www.mettmann.de\/web\/\",\"logo\":{\"@type\":\"ImageObject\",\"inLanguage\":\"de\",\"@id\":\"https:\/\/www.mettmann.de\/web\/#\/schema\/logo\/image\/\",\"url\":\"https:\/\/www.mettmann.de\/web\/wp-content\/uploads\/2019\/08\/Kreisstadt_Mettmann_Logo_RGB_150dpi.png\",\"contentUrl\":\"https:\/\/www.mettmann.de\/web\/wp-content\/uploads\/2019\/08\/Kreisstadt_Mettmann_Logo_RGB_150dpi.png\",\"width\":1302,\"height\":191,\"caption\":\"Kreisstadt Mettmann\"},\"image\":{\"@id\":\"https:\/\/www.mettmann.de\/web\/#\/schema\/logo\/image\/\"},\"sameAs\":[\"https:\/\/www.facebook.com\/kreisstadt.mettmann\",\"https:\/\/de.wikipedia.org\/wiki\/Mettmann\"]}]}<\/script>\n<!-- \/ Yoast SEO plugin. -->","yoast_head_json":{"title":"Brandmeisteranw\u00e4rter_in | Stadtverwaltung Mettmann","robots":{"index":"index","follow":"follow","max-snippet":"max-snippet:-1","max-image-preview":"max-image-preview:large","max-video-preview":"max-video-preview:-1"},"canonical":"https:\/\/www.mettmann.de\/web\/stellenangebote-der-stadtverwaltung-mettmann\/ausbildungsangebote\/brandmeisteranwaerterin\/","og_locale":"de_DE","og_type":"article","og_title":"Brandmeisteranw\u00e4rter_in | Stadtverwaltung Mettmann","og_description":"Beginn der Ausbildung:&nbsp;&nbsp;&nbsp;&nbsp;&nbsp;&nbsp;&nbsp;&nbsp;&nbsp;&nbsp;&nbsp;&nbsp;&nbsp;&nbsp;&nbsp;&nbsp;&nbsp; 1. April oder 1. Oktober eines Jahres Dauer der Ausbildung:&nbsp;&nbsp;&nbsp;&nbsp;&nbsp;&nbsp;&nbsp;&nbsp;&nbsp;&nbsp;&nbsp;&nbsp;&nbsp;&nbsp;&nbsp;&nbsp;&nbsp;&nbsp; 18 Monate Ausbildungsvoraussetzungen:&nbsp;&nbsp;&nbsp;&nbsp;&nbsp;&nbsp; Hauptschulabschluss oder einen als gleichwertig anerkannten Bildungsstand und eine f\u00fcr den feuerwehrtechnischen Dienst geeignete Gesellenpr\u00fcfung bzw. Berufsausbildung &nbsp;Pers\u00f6nliche Voraussetzungen:...","og_url":"https:\/\/www.mettmann.de\/web\/stellenangebote-der-stadtverwaltung-mettmann\/ausbildungsangebote\/brandmeisteranwaerterin\/","og_site_name":"Stadtverwaltung Mettmann","article_publisher":"https:\/\/www.facebook.com\/kreisstadt.mettmann","article_modified_time":"2025-06-04T09:39:44+00:00","og_image":[{"width":1024,"height":639,"url":"https:\/\/www.mettmann.de\/web\/wp-content\/uploads\/2019\/08\/1-1024x639.jpg","type":"image\/jpeg"}],"twitter_card":"summary_large_image","twitter_misc":{"Gesch\u00e4tzte Lesezeit":"2\u00a0Minuten"},"schema":{"@context":"https:\/\/schema.org","@graph":[{"@type":"WebPage","@id":"https:\/\/www.mettmann.de\/web\/stellenangebote-der-stadtverwaltung-mettmann\/ausbildungsangebote\/brandmeisteranwaerterin\/","url":"https:\/\/www.mettmann.de\/web\/stellenangebote-der-stadtverwaltung-mettmann\/ausbildungsangebote\/brandmeisteranwaerterin\/","name":"Brandmeisteranw\u00e4rter_in | Stadtverwaltung Mettmann","isPartOf":{"@id":"https:\/\/www.mettmann.de\/web\/#website"},"datePublished":"2020-06-25T09:06:38+00:00","dateModified":"2025-06-04T09:39:44+00:00","breadcrumb":{"@id":"https:\/\/www.mettmann.de\/web\/stellenangebote-der-stadtverwaltung-mettmann\/ausbildungsangebote\/brandmeisteranwaerterin\/#breadcrumb"},"inLanguage":"de","potentialAction":[{"@type":"ReadAction","target":["https:\/\/www.mettmann.de\/web\/stellenangebote-der-stadtverwaltung-mettmann\/ausbildungsangebote\/brandmeisteranwaerterin\/"]}]},{"@type":"BreadcrumbList","@id":"https:\/\/www.mettmann.de\/web\/stellenangebote-der-stadtverwaltung-mettmann\/ausbildungsangebote\/brandmeisteranwaerterin\/#breadcrumb","itemListElement":[{"@type":"ListItem","position":1,"name":"Startseite","item":"https:\/\/www.mettmann.de\/web\/"},{"@type":"ListItem","position":2,"name":"Jobs &#038; Karriere","item":"https:\/\/www.mettmann.de\/web\/stellenangebote-der-stadtverwaltung-mettmann\/"},{"@type":"ListItem","position":3,"name":"Ausbildung bei der Kreisstadt Mettmann","item":"https:\/\/www.mettmann.de\/web\/stellenangebote-der-stadtverwaltung-mettmann\/ausbildungsangebote\/"},{"@type":"ListItem","position":4,"name":"Brandmeisteranw\u00e4rter_in"}]},{"@type":"WebSite","@id":"https:\/\/www.mettmann.de\/web\/#website","url":"https:\/\/www.mettmann.de\/web\/","name":"Stadtverwaltung Mettmann","description":"Internetseite der Kreisstadt Mettmann","publisher":{"@id":"https:\/\/www.mettmann.de\/web\/#organization"},"potentialAction":[{"@type":"SearchAction","target":{"@type":"EntryPoint","urlTemplate":"https:\/\/www.mettmann.de\/web\/?s={search_term_string}"},"query-input":{"@type":"PropertyValueSpecification","valueRequired":true,"valueName":"search_term_string"}}],"inLanguage":"de"},{"@type":"Organization","@id":"https:\/\/www.mettmann.de\/web\/#organization","name":"Kreisstadt Mettmann","url":"https:\/\/www.mettmann.de\/web\/","logo":{"@type":"ImageObject","inLanguage":"de","@id":"https:\/\/www.mettmann.de\/web\/#\/schema\/logo\/image\/","url":"https:\/\/www.mettmann.de\/web\/wp-content\/uploads\/2019\/08\/Kreisstadt_Mettmann_Logo_RGB_150dpi.png","contentUrl":"https:\/\/www.mettmann.de\/web\/wp-content\/uploads\/2019\/08\/Kreisstadt_Mettmann_Logo_RGB_150dpi.png","width":1302,"height":191,"caption":"Kreisstadt Mettmann"},"image":{"@id":"https:\/\/www.mettmann.de\/web\/#\/schema\/logo\/image\/"},"sameAs":["https:\/\/www.facebook.com\/kreisstadt.mettmann","https:\/\/de.wikipedia.org\/wiki\/Mettmann"]}]}},"_links":{"self":[{"href":"https:\/\/www.mettmann.de\/web\/wp-json\/wp\/v2\/pages\/6209","targetHints":{"allow":["GET"]}}],"collection":[{"href":"https:\/\/www.mettmann.de\/web\/wp-json\/wp\/v2\/pages"}],"about":[{"href":"https:\/\/www.mettmann.de\/web\/wp-json\/wp\/v2\/types\/page"}],"author":[{"embeddable":true,"href":"https:\/\/www.mettmann.de\/web\/wp-json\/wp\/v2\/users\/1"}],"replies":[{"embeddable":true,"href":"https:\/\/www.mettmann.de\/web\/wp-json\/wp\/v2\/comments?post=6209"}],"version-history":[{"count":12,"href":"https:\/\/www.mettmann.de\/web\/wp-json\/wp\/v2\/pages\/6209\/revisions"}],"predecessor-version":[{"id":51292,"href":"https:\/\/www.mettmann.de\/web\/wp-json\/wp\/v2\/pages\/6209\/revisions\/51292"}],"up":[{"embeddable":true,"href":"https:\/\/www.mettmann.de\/web\/wp-json\/wp\/v2\/pages\/6203"}],"wp:attachment":[{"href":"https:\/\/www.mettmann.de\/web\/wp-json\/wp\/v2\/media?parent=6209"}],"curies":[{"name":"wp","href":"https:\/\/api.w.org\/{rel}","templated":true}]}}