{"id":6960,"date":"2020-09-01T13:58:18","date_gmt":"2020-09-01T11:58:18","guid":{"rendered":"https:\/\/www.mettmann.de\/web\/?page_id=6960"},"modified":"2020-09-04T14:30:53","modified_gmt":"2020-09-04T12:30:53","slug":"veranstaltungsleitfaden-rahmenbedingungen-zur-nutzung-des-marktplatzes-als-veranstaltungsflaeche","status":"publish","type":"page","link":"https:\/\/www.mettmann.de\/web\/organisationsaufbau\/veranstaltungsmanagement\/leitfaden-zur-durchfuehrung-oeffentlicher-veranstaltungen\/veranstaltungsleitfaden-rahmenbedingungen-zur-nutzung-des-marktplatzes-als-veranstaltungsflaeche\/","title":{"rendered":"Veranstaltungsleitfaden &#8211; Rahmenbedingungen zur Nutzung des Marktplatzes als Veranstaltungsfl\u00e4che"},"content":{"rendered":"<h3>Feiern &#8230; aber SICHER!<\/h3>\n<p>Eine der sch\u00f6nsten Veranstaltungsfl\u00e4chen ist der historische Marktplatz rund um die Lambertuskirche. Hier haben sich in den vergangenen Jahren viele Veranstaltungen etabliert, die auch \u00fcber die Stadtgrenzen hinaus bekannt und beliebt sind. Die Mettmanner lieben ihr Heimatfest, den Blotschenmarkt, den Weinsommer, das Open-Air-Kino und weitere Feste.<\/p>\n<p>Bei der Planung von Veranstaltungen auf dem Markt gibt es allerdings einige Einschr\u00e4nkungen, die Veranstalter beachten m\u00fcssen. Der Marktplatz ist nat\u00fcrlich urspr\u00fcnglich nicht als Veranstaltungsfl\u00e4che konzipiert worden, sondern als Kirchplatz mit Wohnbebauung. Eigent\u00fcmer des Platzes ist die katholische Kirche, die nat\u00fcrlich als erstes um Erlaubnis gefragt werden muss, wenn Sie eine Veranstaltung auf dem Marktplatz planen. Sofern die Kirche der Nutzung zustimmt, sollten Sie die Rahmenbedingungen kennen:<\/p>\n<p>Da es sich bei dem Marktplatz nicht um eine Veranstaltungsfl\u00e4che auf dem &#8222;freien Feld&#8220; handelt, sondern am Markt Menschen wohnen, muss hinsichtlich der Anzahl und Art der Veranstaltungen R\u00fccksicht genommen werden.<\/p>\n<p>Besonders zu ber\u00fccksichtigen ist auf dem Marktplatz die Aufrechterhaltung des Brandschutzes (viele Fachwerkh\u00e4user = h\u00f6here Brandgefahr). Auf dem Marktplatz befinden sich daher zwei Drehleiteraufstellfl\u00e4chen, die jederzeit von der Feuerwehr erreichbar sein m\u00fcssen.<\/p>\n<p>Wo sich diese Rettungsfl\u00e4chen und auch die Fluchtwege befinden, kann man am besten in der folgenden Skizze erkennen.<\/p>\n<p>&nbsp;<\/p>\n<p>&nbsp;<\/p>\n<p>Dies ist der Grundlagenplan f\u00fcr alle gro\u00dfen Veranstaltungen auf dem Markt. Au\u00dferhalb der rot schraffierten Fl\u00e4chen bzw. mit dem Mindestabstand zu den Fachwerkh\u00e4usern (gr\u00fcn schraffiert) sind die Veranstalter relativ frei in der Platzierung von St\u00e4nden, St\u00fchlen und Tischen.<\/p>\n<p>Ausnahmen sind im geringen Umfang m\u00f6glich. Hier entscheidet im Einzelfall die Bauaufsichtsbeh\u00f6rde nach R\u00fccksprache mit der Feuerwehr.<\/p>\n<h3>\u00dcbersicht \u00fcber die wichtigsten Voraussetzungen und Sicherheitsauflagen f\u00fcr Veranstaltungen auf dem Markt<\/h3>\n<ul>\n<li>schriftliche Einverst\u00e4ndniserkl\u00e4rung des Pfarrb\u00fcros der katholischen\u00a0Kirche<\/li>\n<li>Flucht- und Rettungswege, Drehleiteraufstellfl\u00e4chen und Zug\u00e4nge \/ Ausg\u00e4nge m\u00fcssen jederzeit frei bleiben<\/li>\n<li>zu den Fachwerkh\u00e4usern muss ein Mindestabstand von 3m eingehalten werden<\/li>\n<li>Musikdarbietungen m\u00fcssen grunds\u00e4tzlich um um 22 Uhr enden (bei besonderm \u00f6ffentlichen Interesse ggf. 24 Uhr)<\/li>\n<li>Fl\u00fcssiggasflaschen sind gegen Umfallen zu sichern, Feuerl\u00f6scher m\u00fcssen vorhanden sein<\/li>\n<li>brennbare Stoffe (Packmaterial, Kartons usw.) d\u00fcrfen nicht au\u00dferhalb der St\u00e4nde \/ Buden gelagert werden<\/li>\n<li>die Stromversorgung muss durch einen Fachmann erfolgen<\/li>\n<li>Abschluss einer Veranstalterhaftpflichtversicherung<\/li>\n<li>regelm\u00e4\u00dfige Reinigung auch w\u00e4hrend der Veranstaltung<\/li>\n<li>Toiletten sind in ausreichender Anzahl zur Verf\u00fcgung zu stellen<\/li>\n<\/ul>\n<p>&nbsp;<\/p>\n<p>Bei mehrt\u00e4gigen oder sehr gro\u00dfen Veranstaltungen mit hohen Besucherzahlen (vergleichbar mit Heimatfest, Weinsommer oder Blotschenmarkt) kommen weitere Auflagen hinzu:<\/p>\n<ul>\n<li>Vorlage eines Sicherheitskonzeptes<\/li>\n<li>Vorhalten eines Sanit\u00e4tsdienstes (Anzahl nach R\u00fccksprache mit der Feuerwehr)<\/li>\n<li>Vorhalten eines Sicherheitsdienstes (Anzahl nach R\u00fccksprache mit der Verwaltung)<\/li>\n<li>Schutzma\u00dfnahmen gegen Amokfahrten nach R\u00fccksprache mit der Polizei<\/li>\n<\/ul>\n<h3><\/h3>\n<h3>Sie haben Fragen?<\/h3>\n<p>Gerne ber\u00e4t und unterst\u00fctzt Sie die Stabsstelle Veranstaltungsmanagement bei der Planung Ihrer Veranstaltung.<\/p>\n","protected":false},"excerpt":{"rendered":"<p>Feiern &#8230; aber SICHER! Eine der sch\u00f6nsten Veranstaltungsfl\u00e4chen ist der historische Marktplatz rund um die Lambertuskirche. Hier haben sich in den vergangenen Jahren viele Veranstaltungen etabliert, die auch \u00fcber die Stadtgrenzen hinaus bekannt und beliebt&#8230;<\/p>\n","protected":false},"author":3,"featured_media":0,"parent":678,"menu_order":5,"comment_status":"closed","ping_status":"closed","template":"","meta":{"ngg_post_thumbnail":0,"footnotes":""},"class_list":["post-6960","page","type-page","status-publish","hentry"],"yoast_head":"<!-- This site is optimized with the Yoast SEO plugin v27.2 - https:\/\/yoast.com\/product\/yoast-seo-wordpress\/ -->\n<title>Veranstaltungsleitfaden - Rahmenbedingungen zur Nutzung des Marktplatzes als Veranstaltungsfl\u00e4che | Stadtverwaltung Mettmann<\/title>\n<meta name=\"robots\" content=\"index, follow, max-snippet:-1, max-image-preview:large, max-video-preview:-1\" \/>\n<link rel=\"canonical\" href=\"https:\/\/www.mettmann.de\/web\/organisationsaufbau\/veranstaltungsmanagement\/leitfaden-zur-durchfuehrung-oeffentlicher-veranstaltungen\/veranstaltungsleitfaden-rahmenbedingungen-zur-nutzung-des-marktplatzes-als-veranstaltungsflaeche\/\" \/>\n<meta property=\"og:locale\" content=\"de_DE\" \/>\n<meta property=\"og:type\" content=\"article\" \/>\n<meta property=\"og:title\" content=\"Veranstaltungsleitfaden - Rahmenbedingungen zur Nutzung des Marktplatzes als Veranstaltungsfl\u00e4che | Stadtverwaltung Mettmann\" \/>\n<meta property=\"og:description\" content=\"Feiern &#8230; aber SICHER! Eine der sch\u00f6nsten Veranstaltungsfl\u00e4chen ist der historische Marktplatz rund um die Lambertuskirche. Hier haben sich in den vergangenen Jahren viele Veranstaltungen etabliert, die auch \u00fcber die Stadtgrenzen hinaus bekannt und beliebt...\" \/>\n<meta property=\"og:url\" content=\"https:\/\/www.mettmann.de\/web\/organisationsaufbau\/veranstaltungsmanagement\/leitfaden-zur-durchfuehrung-oeffentlicher-veranstaltungen\/veranstaltungsleitfaden-rahmenbedingungen-zur-nutzung-des-marktplatzes-als-veranstaltungsflaeche\/\" \/>\n<meta property=\"og:site_name\" content=\"Stadtverwaltung Mettmann\" \/>\n<meta property=\"article:publisher\" content=\"https:\/\/www.facebook.com\/kreisstadt.mettmann\" \/>\n<meta property=\"article:modified_time\" content=\"2020-09-04T12:30:53+00:00\" \/>\n<meta property=\"og:image\" content=\"https:\/\/www.mettmann.de\/web\/wp-content\/uploads\/2019\/08\/1-1024x639.jpg\" \/>\n\t<meta property=\"og:image:width\" content=\"1024\" \/>\n\t<meta property=\"og:image:height\" content=\"639\" \/>\n\t<meta property=\"og:image:type\" content=\"image\/jpeg\" \/>\n<meta name=\"twitter:card\" content=\"summary_large_image\" \/>\n<meta name=\"twitter:label1\" content=\"Gesch\u00e4tzte Lesezeit\" \/>\n\t<meta name=\"twitter:data1\" content=\"2\u00a0Minuten\" \/>\n<script type=\"application\/ld+json\" class=\"yoast-schema-graph\">{\"@context\":\"https:\/\/schema.org\",\"@graph\":[{\"@type\":\"WebPage\",\"@id\":\"https:\/\/www.mettmann.de\/web\/organisationsaufbau\/veranstaltungsmanagement\/leitfaden-zur-durchfuehrung-oeffentlicher-veranstaltungen\/veranstaltungsleitfaden-rahmenbedingungen-zur-nutzung-des-marktplatzes-als-veranstaltungsflaeche\/\",\"url\":\"https:\/\/www.mettmann.de\/web\/organisationsaufbau\/veranstaltungsmanagement\/leitfaden-zur-durchfuehrung-oeffentlicher-veranstaltungen\/veranstaltungsleitfaden-rahmenbedingungen-zur-nutzung-des-marktplatzes-als-veranstaltungsflaeche\/\",\"name\":\"Veranstaltungsleitfaden - Rahmenbedingungen zur Nutzung des Marktplatzes als Veranstaltungsfl\u00e4che | Stadtverwaltung Mettmann\",\"isPartOf\":{\"@id\":\"https:\/\/www.mettmann.de\/web\/#website\"},\"datePublished\":\"2020-09-01T11:58:18+00:00\",\"dateModified\":\"2020-09-04T12:30:53+00:00\",\"breadcrumb\":{\"@id\":\"https:\/\/www.mettmann.de\/web\/organisationsaufbau\/veranstaltungsmanagement\/leitfaden-zur-durchfuehrung-oeffentlicher-veranstaltungen\/veranstaltungsleitfaden-rahmenbedingungen-zur-nutzung-des-marktplatzes-als-veranstaltungsflaeche\/#breadcrumb\"},\"inLanguage\":\"de\",\"potentialAction\":[{\"@type\":\"ReadAction\",\"target\":[\"https:\/\/www.mettmann.de\/web\/organisationsaufbau\/veranstaltungsmanagement\/leitfaden-zur-durchfuehrung-oeffentlicher-veranstaltungen\/veranstaltungsleitfaden-rahmenbedingungen-zur-nutzung-des-marktplatzes-als-veranstaltungsflaeche\/\"]}]},{\"@type\":\"BreadcrumbList\",\"@id\":\"https:\/\/www.mettmann.de\/web\/organisationsaufbau\/veranstaltungsmanagement\/leitfaden-zur-durchfuehrung-oeffentlicher-veranstaltungen\/veranstaltungsleitfaden-rahmenbedingungen-zur-nutzung-des-marktplatzes-als-veranstaltungsflaeche\/#breadcrumb\",\"itemListElement\":[{\"@type\":\"ListItem\",\"position\":1,\"name\":\"Startseite\",\"item\":\"https:\/\/www.mettmann.de\/web\/\"},{\"@type\":\"ListItem\",\"position\":2,\"name\":\"Stadtverwaltung\",\"item\":\"https:\/\/www.mettmann.de\/web\/organisationsaufbau\/\"},{\"@type\":\"ListItem\",\"position\":3,\"name\":\"Veranstaltungsmanagement\",\"item\":\"https:\/\/www.mettmann.de\/web\/organisationsaufbau\/veranstaltungsmanagement\/\"},{\"@type\":\"ListItem\",\"position\":4,\"name\":\"Veranstaltungleitfaden\",\"item\":\"https:\/\/www.mettmann.de\/web\/organisationsaufbau\/veranstaltungsmanagement\/leitfaden-zur-durchfuehrung-oeffentlicher-veranstaltungen\/\"},{\"@type\":\"ListItem\",\"position\":5,\"name\":\"Veranstaltungsleitfaden &#8211; Rahmenbedingungen zur Nutzung des Marktplatzes als Veranstaltungsfl\u00e4che\"}]},{\"@type\":\"WebSite\",\"@id\":\"https:\/\/www.mettmann.de\/web\/#website\",\"url\":\"https:\/\/www.mettmann.de\/web\/\",\"name\":\"Stadtverwaltung Mettmann\",\"description\":\"Internetseite der Kreisstadt Mettmann\",\"publisher\":{\"@id\":\"https:\/\/www.mettmann.de\/web\/#organization\"},\"potentialAction\":[{\"@type\":\"SearchAction\",\"target\":{\"@type\":\"EntryPoint\",\"urlTemplate\":\"https:\/\/www.mettmann.de\/web\/?s={search_term_string}\"},\"query-input\":{\"@type\":\"PropertyValueSpecification\",\"valueRequired\":true,\"valueName\":\"search_term_string\"}}],\"inLanguage\":\"de\"},{\"@type\":\"Organization\",\"@id\":\"https:\/\/www.mettmann.de\/web\/#organization\",\"name\":\"Kreisstadt Mettmann\",\"url\":\"https:\/\/www.mettmann.de\/web\/\",\"logo\":{\"@type\":\"ImageObject\",\"inLanguage\":\"de\",\"@id\":\"https:\/\/www.mettmann.de\/web\/#\/schema\/logo\/image\/\",\"url\":\"https:\/\/www.mettmann.de\/web\/wp-content\/uploads\/2019\/08\/Kreisstadt_Mettmann_Logo_RGB_150dpi.png\",\"contentUrl\":\"https:\/\/www.mettmann.de\/web\/wp-content\/uploads\/2019\/08\/Kreisstadt_Mettmann_Logo_RGB_150dpi.png\",\"width\":1302,\"height\":191,\"caption\":\"Kreisstadt Mettmann\"},\"image\":{\"@id\":\"https:\/\/www.mettmann.de\/web\/#\/schema\/logo\/image\/\"},\"sameAs\":[\"https:\/\/www.facebook.com\/kreisstadt.mettmann\",\"https:\/\/de.wikipedia.org\/wiki\/Mettmann\"]}]}<\/script>\n<!-- \/ Yoast SEO plugin. -->","yoast_head_json":{"title":"Veranstaltungsleitfaden - Rahmenbedingungen zur Nutzung des Marktplatzes als Veranstaltungsfl\u00e4che | Stadtverwaltung Mettmann","robots":{"index":"index","follow":"follow","max-snippet":"max-snippet:-1","max-image-preview":"max-image-preview:large","max-video-preview":"max-video-preview:-1"},"canonical":"https:\/\/www.mettmann.de\/web\/organisationsaufbau\/veranstaltungsmanagement\/leitfaden-zur-durchfuehrung-oeffentlicher-veranstaltungen\/veranstaltungsleitfaden-rahmenbedingungen-zur-nutzung-des-marktplatzes-als-veranstaltungsflaeche\/","og_locale":"de_DE","og_type":"article","og_title":"Veranstaltungsleitfaden - Rahmenbedingungen zur Nutzung des Marktplatzes als Veranstaltungsfl\u00e4che | Stadtverwaltung Mettmann","og_description":"Feiern &#8230; aber SICHER! Eine der sch\u00f6nsten Veranstaltungsfl\u00e4chen ist der historische Marktplatz rund um die Lambertuskirche. Hier haben sich in den vergangenen Jahren viele Veranstaltungen etabliert, die auch \u00fcber die Stadtgrenzen hinaus bekannt und beliebt...","og_url":"https:\/\/www.mettmann.de\/web\/organisationsaufbau\/veranstaltungsmanagement\/leitfaden-zur-durchfuehrung-oeffentlicher-veranstaltungen\/veranstaltungsleitfaden-rahmenbedingungen-zur-nutzung-des-marktplatzes-als-veranstaltungsflaeche\/","og_site_name":"Stadtverwaltung Mettmann","article_publisher":"https:\/\/www.facebook.com\/kreisstadt.mettmann","article_modified_time":"2020-09-04T12:30:53+00:00","og_image":[{"width":1024,"height":639,"url":"https:\/\/www.mettmann.de\/web\/wp-content\/uploads\/2019\/08\/1-1024x639.jpg","type":"image\/jpeg"}],"twitter_card":"summary_large_image","twitter_misc":{"Gesch\u00e4tzte Lesezeit":"2\u00a0Minuten"},"schema":{"@context":"https:\/\/schema.org","@graph":[{"@type":"WebPage","@id":"https:\/\/www.mettmann.de\/web\/organisationsaufbau\/veranstaltungsmanagement\/leitfaden-zur-durchfuehrung-oeffentlicher-veranstaltungen\/veranstaltungsleitfaden-rahmenbedingungen-zur-nutzung-des-marktplatzes-als-veranstaltungsflaeche\/","url":"https:\/\/www.mettmann.de\/web\/organisationsaufbau\/veranstaltungsmanagement\/leitfaden-zur-durchfuehrung-oeffentlicher-veranstaltungen\/veranstaltungsleitfaden-rahmenbedingungen-zur-nutzung-des-marktplatzes-als-veranstaltungsflaeche\/","name":"Veranstaltungsleitfaden - Rahmenbedingungen zur Nutzung des Marktplatzes als Veranstaltungsfl\u00e4che | Stadtverwaltung Mettmann","isPartOf":{"@id":"https:\/\/www.mettmann.de\/web\/#website"},"datePublished":"2020-09-01T11:58:18+00:00","dateModified":"2020-09-04T12:30:53+00:00","breadcrumb":{"@id":"https:\/\/www.mettmann.de\/web\/organisationsaufbau\/veranstaltungsmanagement\/leitfaden-zur-durchfuehrung-oeffentlicher-veranstaltungen\/veranstaltungsleitfaden-rahmenbedingungen-zur-nutzung-des-marktplatzes-als-veranstaltungsflaeche\/#breadcrumb"},"inLanguage":"de","potentialAction":[{"@type":"ReadAction","target":["https:\/\/www.mettmann.de\/web\/organisationsaufbau\/veranstaltungsmanagement\/leitfaden-zur-durchfuehrung-oeffentlicher-veranstaltungen\/veranstaltungsleitfaden-rahmenbedingungen-zur-nutzung-des-marktplatzes-als-veranstaltungsflaeche\/"]}]},{"@type":"BreadcrumbList","@id":"https:\/\/www.mettmann.de\/web\/organisationsaufbau\/veranstaltungsmanagement\/leitfaden-zur-durchfuehrung-oeffentlicher-veranstaltungen\/veranstaltungsleitfaden-rahmenbedingungen-zur-nutzung-des-marktplatzes-als-veranstaltungsflaeche\/#breadcrumb","itemListElement":[{"@type":"ListItem","position":1,"name":"Startseite","item":"https:\/\/www.mettmann.de\/web\/"},{"@type":"ListItem","position":2,"name":"Stadtverwaltung","item":"https:\/\/www.mettmann.de\/web\/organisationsaufbau\/"},{"@type":"ListItem","position":3,"name":"Veranstaltungsmanagement","item":"https:\/\/www.mettmann.de\/web\/organisationsaufbau\/veranstaltungsmanagement\/"},{"@type":"ListItem","position":4,"name":"Veranstaltungleitfaden","item":"https:\/\/www.mettmann.de\/web\/organisationsaufbau\/veranstaltungsmanagement\/leitfaden-zur-durchfuehrung-oeffentlicher-veranstaltungen\/"},{"@type":"ListItem","position":5,"name":"Veranstaltungsleitfaden &#8211; Rahmenbedingungen zur Nutzung des Marktplatzes als Veranstaltungsfl\u00e4che"}]},{"@type":"WebSite","@id":"https:\/\/www.mettmann.de\/web\/#website","url":"https:\/\/www.mettmann.de\/web\/","name":"Stadtverwaltung Mettmann","description":"Internetseite der Kreisstadt Mettmann","publisher":{"@id":"https:\/\/www.mettmann.de\/web\/#organization"},"potentialAction":[{"@type":"SearchAction","target":{"@type":"EntryPoint","urlTemplate":"https:\/\/www.mettmann.de\/web\/?s={search_term_string}"},"query-input":{"@type":"PropertyValueSpecification","valueRequired":true,"valueName":"search_term_string"}}],"inLanguage":"de"},{"@type":"Organization","@id":"https:\/\/www.mettmann.de\/web\/#organization","name":"Kreisstadt Mettmann","url":"https:\/\/www.mettmann.de\/web\/","logo":{"@type":"ImageObject","inLanguage":"de","@id":"https:\/\/www.mettmann.de\/web\/#\/schema\/logo\/image\/","url":"https:\/\/www.mettmann.de\/web\/wp-content\/uploads\/2019\/08\/Kreisstadt_Mettmann_Logo_RGB_150dpi.png","contentUrl":"https:\/\/www.mettmann.de\/web\/wp-content\/uploads\/2019\/08\/Kreisstadt_Mettmann_Logo_RGB_150dpi.png","width":1302,"height":191,"caption":"Kreisstadt Mettmann"},"image":{"@id":"https:\/\/www.mettmann.de\/web\/#\/schema\/logo\/image\/"},"sameAs":["https:\/\/www.facebook.com\/kreisstadt.mettmann","https:\/\/de.wikipedia.org\/wiki\/Mettmann"]}]}},"_links":{"self":[{"href":"https:\/\/www.mettmann.de\/web\/wp-json\/wp\/v2\/pages\/6960","targetHints":{"allow":["GET"]}}],"collection":[{"href":"https:\/\/www.mettmann.de\/web\/wp-json\/wp\/v2\/pages"}],"about":[{"href":"https:\/\/www.mettmann.de\/web\/wp-json\/wp\/v2\/types\/page"}],"author":[{"embeddable":true,"href":"https:\/\/www.mettmann.de\/web\/wp-json\/wp\/v2\/users\/3"}],"replies":[{"embeddable":true,"href":"https:\/\/www.mettmann.de\/web\/wp-json\/wp\/v2\/comments?post=6960"}],"version-history":[{"count":4,"href":"https:\/\/www.mettmann.de\/web\/wp-json\/wp\/v2\/pages\/6960\/revisions"}],"predecessor-version":[{"id":7046,"href":"https:\/\/www.mettmann.de\/web\/wp-json\/wp\/v2\/pages\/6960\/revisions\/7046"}],"up":[{"embeddable":true,"href":"https:\/\/www.mettmann.de\/web\/wp-json\/wp\/v2\/pages\/678"}],"wp:attachment":[{"href":"https:\/\/www.mettmann.de\/web\/wp-json\/wp\/v2\/media?parent=6960"}],"curies":[{"name":"wp","href":"https:\/\/api.w.org\/{rel}","templated":true}]}}