{"id":7136,"date":"2020-09-07T11:45:43","date_gmt":"2020-09-07T09:45:43","guid":{"rendered":"https:\/\/www.mettmann.de\/web\/?page_id=7136"},"modified":"2020-09-08T16:06:38","modified_gmt":"2020-09-08T14:06:38","slug":"veranstaltungsleitfaden-sanitaetsdienst","status":"publish","type":"page","link":"https:\/\/www.mettmann.de\/web\/organisationsaufbau\/veranstaltungsmanagement\/leitfaden-zur-durchfuehrung-oeffentlicher-veranstaltungen\/veranstaltungsleitfaden-sanitaetsdienst\/","title":{"rendered":"Veranstaltungsleitfaden &#8211; Sanit\u00e4tsdienst"},"content":{"rendered":"<div id=\"attachment_7275\" style=\"width: 1210px\" class=\"wp-caption alignnone\"><img loading=\"lazy\" decoding=\"async\" aria-describedby=\"caption-attachment-7275\" class=\"wp-image-7275 size-full\" src=\"https:\/\/www.mettmann.de\/web\/wp-content\/uploads\/2020\/09\/image001.jpg\" alt=\"Symbolfoto Rettungsdienst\" width=\"1200\" height=\"800\" srcset=\"https:\/\/www.mettmann.de\/web\/wp-content\/uploads\/2020\/09\/image001.jpg 1200w, https:\/\/www.mettmann.de\/web\/wp-content\/uploads\/2020\/09\/image001-300x200.jpg 300w, https:\/\/www.mettmann.de\/web\/wp-content\/uploads\/2020\/09\/image001-1024x683.jpg 1024w, https:\/\/www.mettmann.de\/web\/wp-content\/uploads\/2020\/09\/image001-768x512.jpg 768w\" sizes=\"auto, (max-width: 1200px) 100vw, 1200px\" \/><p id=\"caption-attachment-7275\" class=\"wp-caption-text\">Foto: TechLine \/ pixabay<\/p><\/div>\n<h3>Wann ben\u00f6tige ich einen Sanit\u00e4tsdienst?<\/h3>\n<p>Je nach Art und Gr\u00f6\u00dfe der Veranstaltung ist es grunds\u00e4tzlich immer empfehlenswert, qualifizierte Ersthelfer (z.B. DRK, Johanniter Unfallhilfe, Malteser u.s.w.) vorzuhalten. Als Berechnungsgrundlage k\u00f6nnen das\u00a0 <a href=\"https:\/\/www.hiorg-server.de\/maurer.php\" target=\"_blank\" rel=\"noopener noreferrer\">Maurer-Schema\u00a0<\/a> oder der <a href=\"https:\/\/www.hiorg-server.de\/koelner_algorithmus.php?fm=1\" target=\"_blank\" rel=\"noopener noreferrer\">K\u00f6lner Algorithmus<\/a> dienen. Die Hilfsorganisationen haben gute Erfahrungen und beraten Sie sicherlich gerne.<\/p>\n<p>Bei gro\u00dfen Veranstaltungen (z.B. Stadtfeste, Sportveranstaltungen, Kirmes, Karneval usw.) k\u00f6nnen die Sicherheitsbeh\u00f6rden einen Sanit\u00e4tsdienst fordern. Im Sicherheitskonzept bzw. in einem gesonderten Sanit\u00e4tsdienstkonzept sind dann der Umfang des Sanit\u00e4tsdienstes und die vom Veranstalter damit beauftragte Organisation, die Mindestzahl der Kr\u00e4fte des Ordnungsdienstes, gestaffelt nach Besucherzahlen und Gef\u00e4hrdungsgraden, sowie die betrieblichen Sicherheitsma\u00dfnahmen und die allgemeinen und besonderen Sicherheitsdurchsagen festzulegen.<\/p>\n<p>Die Kosten f\u00fcr den Sanit\u00e4tsdienst tr\u00e4gt der Veranstalter.<\/p>\n<p>&nbsp;<\/p>\n<h3>Weitere Informationen<\/h3>\n<ul>\n<li><a href=\"https:\/\/www.hiorg-server.de\/maurer.php\">Online-Rechner nach dem Maurer-Schema<\/a><\/li>\n<li><a href=\"https:\/\/www.hiorg-server.de\/koelner_algorithmus.php?fm=1\" target=\"_blank\" rel=\"noopener noreferrer\">Online-Rechner nach dem K\u00f6lner Algorithmus<\/a><\/li>\n<li>Info: <a href=\"https:\/\/www.vfdb.de\/fileadmin\/download\/vergleich_maurer_koelner_algorithmus.pdf\" target=\"_blank\" rel=\"noopener noreferrer\">K\u00f6\u0080lner Algorithmus im Vergleich zum Maurer- Schema<\/a><\/li>\n<\/ul>\n","protected":false},"excerpt":{"rendered":"<p>Wann ben\u00f6tige ich einen Sanit\u00e4tsdienst? Je nach Art und Gr\u00f6\u00dfe der Veranstaltung ist es grunds\u00e4tzlich immer empfehlenswert, qualifizierte Ersthelfer (z.B. DRK, Johanniter Unfallhilfe, Malteser u.s.w.) vorzuhalten. Als Berechnungsgrundlage k\u00f6nnen das\u00a0 Maurer-Schema\u00a0 oder der K\u00f6lner Algorithmus&#8230;<\/p>\n","protected":false},"author":3,"featured_media":7275,"parent":678,"menu_order":9,"comment_status":"closed","ping_status":"closed","template":"","meta":{"ngg_post_thumbnail":0,"footnotes":""},"class_list":["post-7136","page","type-page","status-publish","has-post-thumbnail","hentry"],"yoast_head":"<!-- This site is optimized with the Yoast SEO plugin v27.2 - https:\/\/yoast.com\/product\/yoast-seo-wordpress\/ -->\n<title>Veranstaltungsleitfaden - Sanit\u00e4tsdienst | Stadtverwaltung Mettmann<\/title>\n<meta name=\"robots\" content=\"index, follow, max-snippet:-1, max-image-preview:large, max-video-preview:-1\" \/>\n<link rel=\"canonical\" href=\"https:\/\/www.mettmann.de\/web\/organisationsaufbau\/veranstaltungsmanagement\/leitfaden-zur-durchfuehrung-oeffentlicher-veranstaltungen\/veranstaltungsleitfaden-sanitaetsdienst\/\" \/>\n<meta property=\"og:locale\" content=\"de_DE\" \/>\n<meta property=\"og:type\" content=\"article\" \/>\n<meta property=\"og:title\" content=\"Veranstaltungsleitfaden - Sanit\u00e4tsdienst | Stadtverwaltung Mettmann\" \/>\n<meta property=\"og:description\" content=\"Wann ben\u00f6tige ich einen Sanit\u00e4tsdienst? Je nach Art und Gr\u00f6\u00dfe der Veranstaltung ist es grunds\u00e4tzlich immer empfehlenswert, qualifizierte Ersthelfer (z.B. DRK, Johanniter Unfallhilfe, Malteser u.s.w.) vorzuhalten. Als Berechnungsgrundlage k\u00f6nnen das\u00a0 Maurer-Schema\u00a0 oder der K\u00f6lner Algorithmus...\" \/>\n<meta property=\"og:url\" content=\"https:\/\/www.mettmann.de\/web\/organisationsaufbau\/veranstaltungsmanagement\/leitfaden-zur-durchfuehrung-oeffentlicher-veranstaltungen\/veranstaltungsleitfaden-sanitaetsdienst\/\" \/>\n<meta property=\"og:site_name\" content=\"Stadtverwaltung Mettmann\" \/>\n<meta property=\"article:publisher\" content=\"https:\/\/www.facebook.com\/kreisstadt.mettmann\" \/>\n<meta property=\"article:modified_time\" content=\"2020-09-08T14:06:38+00:00\" \/>\n<meta property=\"og:image\" content=\"https:\/\/www.mettmann.de\/web\/wp-content\/uploads\/2020\/09\/image001.jpg\" \/>\n\t<meta property=\"og:image:width\" content=\"1200\" \/>\n\t<meta property=\"og:image:height\" content=\"800\" \/>\n\t<meta property=\"og:image:type\" content=\"image\/jpeg\" \/>\n<meta name=\"twitter:card\" content=\"summary_large_image\" \/>\n<meta name=\"twitter:label1\" content=\"Gesch\u00e4tzte Lesezeit\" \/>\n\t<meta name=\"twitter:data1\" content=\"1\u00a0Minute\" \/>\n<script type=\"application\/ld+json\" class=\"yoast-schema-graph\">{\"@context\":\"https:\/\/schema.org\",\"@graph\":[{\"@type\":\"WebPage\",\"@id\":\"https:\/\/www.mettmann.de\/web\/organisationsaufbau\/veranstaltungsmanagement\/leitfaden-zur-durchfuehrung-oeffentlicher-veranstaltungen\/veranstaltungsleitfaden-sanitaetsdienst\/\",\"url\":\"https:\/\/www.mettmann.de\/web\/organisationsaufbau\/veranstaltungsmanagement\/leitfaden-zur-durchfuehrung-oeffentlicher-veranstaltungen\/veranstaltungsleitfaden-sanitaetsdienst\/\",\"name\":\"Veranstaltungsleitfaden - Sanit\u00e4tsdienst | Stadtverwaltung Mettmann\",\"isPartOf\":{\"@id\":\"https:\/\/www.mettmann.de\/web\/#website\"},\"primaryImageOfPage\":{\"@id\":\"https:\/\/www.mettmann.de\/web\/organisationsaufbau\/veranstaltungsmanagement\/leitfaden-zur-durchfuehrung-oeffentlicher-veranstaltungen\/veranstaltungsleitfaden-sanitaetsdienst\/#primaryimage\"},\"image\":{\"@id\":\"https:\/\/www.mettmann.de\/web\/organisationsaufbau\/veranstaltungsmanagement\/leitfaden-zur-durchfuehrung-oeffentlicher-veranstaltungen\/veranstaltungsleitfaden-sanitaetsdienst\/#primaryimage\"},\"thumbnailUrl\":\"https:\/\/www.mettmann.de\/web\/wp-content\/uploads\/2020\/09\/image001.jpg\",\"datePublished\":\"2020-09-07T09:45:43+00:00\",\"dateModified\":\"2020-09-08T14:06:38+00:00\",\"breadcrumb\":{\"@id\":\"https:\/\/www.mettmann.de\/web\/organisationsaufbau\/veranstaltungsmanagement\/leitfaden-zur-durchfuehrung-oeffentlicher-veranstaltungen\/veranstaltungsleitfaden-sanitaetsdienst\/#breadcrumb\"},\"inLanguage\":\"de\",\"potentialAction\":[{\"@type\":\"ReadAction\",\"target\":[\"https:\/\/www.mettmann.de\/web\/organisationsaufbau\/veranstaltungsmanagement\/leitfaden-zur-durchfuehrung-oeffentlicher-veranstaltungen\/veranstaltungsleitfaden-sanitaetsdienst\/\"]}]},{\"@type\":\"ImageObject\",\"inLanguage\":\"de\",\"@id\":\"https:\/\/www.mettmann.de\/web\/organisationsaufbau\/veranstaltungsmanagement\/leitfaden-zur-durchfuehrung-oeffentlicher-veranstaltungen\/veranstaltungsleitfaden-sanitaetsdienst\/#primaryimage\",\"url\":\"https:\/\/www.mettmann.de\/web\/wp-content\/uploads\/2020\/09\/image001.jpg\",\"contentUrl\":\"https:\/\/www.mettmann.de\/web\/wp-content\/uploads\/2020\/09\/image001.jpg\",\"width\":1200,\"height\":800,\"caption\":\"Foto: TechLine \/ pixabay\"},{\"@type\":\"BreadcrumbList\",\"@id\":\"https:\/\/www.mettmann.de\/web\/organisationsaufbau\/veranstaltungsmanagement\/leitfaden-zur-durchfuehrung-oeffentlicher-veranstaltungen\/veranstaltungsleitfaden-sanitaetsdienst\/#breadcrumb\",\"itemListElement\":[{\"@type\":\"ListItem\",\"position\":1,\"name\":\"Startseite\",\"item\":\"https:\/\/www.mettmann.de\/web\/\"},{\"@type\":\"ListItem\",\"position\":2,\"name\":\"Stadtverwaltung\",\"item\":\"https:\/\/www.mettmann.de\/web\/organisationsaufbau\/\"},{\"@type\":\"ListItem\",\"position\":3,\"name\":\"Veranstaltungsmanagement\",\"item\":\"https:\/\/www.mettmann.de\/web\/organisationsaufbau\/veranstaltungsmanagement\/\"},{\"@type\":\"ListItem\",\"position\":4,\"name\":\"Veranstaltungleitfaden\",\"item\":\"https:\/\/www.mettmann.de\/web\/organisationsaufbau\/veranstaltungsmanagement\/leitfaden-zur-durchfuehrung-oeffentlicher-veranstaltungen\/\"},{\"@type\":\"ListItem\",\"position\":5,\"name\":\"Veranstaltungsleitfaden &#8211; Sanit\u00e4tsdienst\"}]},{\"@type\":\"WebSite\",\"@id\":\"https:\/\/www.mettmann.de\/web\/#website\",\"url\":\"https:\/\/www.mettmann.de\/web\/\",\"name\":\"Stadtverwaltung Mettmann\",\"description\":\"Internetseite der Kreisstadt Mettmann\",\"publisher\":{\"@id\":\"https:\/\/www.mettmann.de\/web\/#organization\"},\"potentialAction\":[{\"@type\":\"SearchAction\",\"target\":{\"@type\":\"EntryPoint\",\"urlTemplate\":\"https:\/\/www.mettmann.de\/web\/?s={search_term_string}\"},\"query-input\":{\"@type\":\"PropertyValueSpecification\",\"valueRequired\":true,\"valueName\":\"search_term_string\"}}],\"inLanguage\":\"de\"},{\"@type\":\"Organization\",\"@id\":\"https:\/\/www.mettmann.de\/web\/#organization\",\"name\":\"Kreisstadt Mettmann\",\"url\":\"https:\/\/www.mettmann.de\/web\/\",\"logo\":{\"@type\":\"ImageObject\",\"inLanguage\":\"de\",\"@id\":\"https:\/\/www.mettmann.de\/web\/#\/schema\/logo\/image\/\",\"url\":\"https:\/\/www.mettmann.de\/web\/wp-content\/uploads\/2019\/08\/Kreisstadt_Mettmann_Logo_RGB_150dpi.png\",\"contentUrl\":\"https:\/\/www.mettmann.de\/web\/wp-content\/uploads\/2019\/08\/Kreisstadt_Mettmann_Logo_RGB_150dpi.png\",\"width\":1302,\"height\":191,\"caption\":\"Kreisstadt Mettmann\"},\"image\":{\"@id\":\"https:\/\/www.mettmann.de\/web\/#\/schema\/logo\/image\/\"},\"sameAs\":[\"https:\/\/www.facebook.com\/kreisstadt.mettmann\",\"https:\/\/de.wikipedia.org\/wiki\/Mettmann\"]}]}<\/script>\n<!-- \/ Yoast SEO plugin. -->","yoast_head_json":{"title":"Veranstaltungsleitfaden - Sanit\u00e4tsdienst | Stadtverwaltung Mettmann","robots":{"index":"index","follow":"follow","max-snippet":"max-snippet:-1","max-image-preview":"max-image-preview:large","max-video-preview":"max-video-preview:-1"},"canonical":"https:\/\/www.mettmann.de\/web\/organisationsaufbau\/veranstaltungsmanagement\/leitfaden-zur-durchfuehrung-oeffentlicher-veranstaltungen\/veranstaltungsleitfaden-sanitaetsdienst\/","og_locale":"de_DE","og_type":"article","og_title":"Veranstaltungsleitfaden - Sanit\u00e4tsdienst | Stadtverwaltung Mettmann","og_description":"Wann ben\u00f6tige ich einen Sanit\u00e4tsdienst? Je nach Art und Gr\u00f6\u00dfe der Veranstaltung ist es grunds\u00e4tzlich immer empfehlenswert, qualifizierte Ersthelfer (z.B. DRK, Johanniter Unfallhilfe, Malteser u.s.w.) vorzuhalten. Als Berechnungsgrundlage k\u00f6nnen das\u00a0 Maurer-Schema\u00a0 oder der K\u00f6lner Algorithmus...","og_url":"https:\/\/www.mettmann.de\/web\/organisationsaufbau\/veranstaltungsmanagement\/leitfaden-zur-durchfuehrung-oeffentlicher-veranstaltungen\/veranstaltungsleitfaden-sanitaetsdienst\/","og_site_name":"Stadtverwaltung Mettmann","article_publisher":"https:\/\/www.facebook.com\/kreisstadt.mettmann","article_modified_time":"2020-09-08T14:06:38+00:00","og_image":[{"width":1200,"height":800,"url":"https:\/\/www.mettmann.de\/web\/wp-content\/uploads\/2020\/09\/image001.jpg","type":"image\/jpeg"}],"twitter_card":"summary_large_image","twitter_misc":{"Gesch\u00e4tzte Lesezeit":"1\u00a0Minute"},"schema":{"@context":"https:\/\/schema.org","@graph":[{"@type":"WebPage","@id":"https:\/\/www.mettmann.de\/web\/organisationsaufbau\/veranstaltungsmanagement\/leitfaden-zur-durchfuehrung-oeffentlicher-veranstaltungen\/veranstaltungsleitfaden-sanitaetsdienst\/","url":"https:\/\/www.mettmann.de\/web\/organisationsaufbau\/veranstaltungsmanagement\/leitfaden-zur-durchfuehrung-oeffentlicher-veranstaltungen\/veranstaltungsleitfaden-sanitaetsdienst\/","name":"Veranstaltungsleitfaden - Sanit\u00e4tsdienst | Stadtverwaltung Mettmann","isPartOf":{"@id":"https:\/\/www.mettmann.de\/web\/#website"},"primaryImageOfPage":{"@id":"https:\/\/www.mettmann.de\/web\/organisationsaufbau\/veranstaltungsmanagement\/leitfaden-zur-durchfuehrung-oeffentlicher-veranstaltungen\/veranstaltungsleitfaden-sanitaetsdienst\/#primaryimage"},"image":{"@id":"https:\/\/www.mettmann.de\/web\/organisationsaufbau\/veranstaltungsmanagement\/leitfaden-zur-durchfuehrung-oeffentlicher-veranstaltungen\/veranstaltungsleitfaden-sanitaetsdienst\/#primaryimage"},"thumbnailUrl":"https:\/\/www.mettmann.de\/web\/wp-content\/uploads\/2020\/09\/image001.jpg","datePublished":"2020-09-07T09:45:43+00:00","dateModified":"2020-09-08T14:06:38+00:00","breadcrumb":{"@id":"https:\/\/www.mettmann.de\/web\/organisationsaufbau\/veranstaltungsmanagement\/leitfaden-zur-durchfuehrung-oeffentlicher-veranstaltungen\/veranstaltungsleitfaden-sanitaetsdienst\/#breadcrumb"},"inLanguage":"de","potentialAction":[{"@type":"ReadAction","target":["https:\/\/www.mettmann.de\/web\/organisationsaufbau\/veranstaltungsmanagement\/leitfaden-zur-durchfuehrung-oeffentlicher-veranstaltungen\/veranstaltungsleitfaden-sanitaetsdienst\/"]}]},{"@type":"ImageObject","inLanguage":"de","@id":"https:\/\/www.mettmann.de\/web\/organisationsaufbau\/veranstaltungsmanagement\/leitfaden-zur-durchfuehrung-oeffentlicher-veranstaltungen\/veranstaltungsleitfaden-sanitaetsdienst\/#primaryimage","url":"https:\/\/www.mettmann.de\/web\/wp-content\/uploads\/2020\/09\/image001.jpg","contentUrl":"https:\/\/www.mettmann.de\/web\/wp-content\/uploads\/2020\/09\/image001.jpg","width":1200,"height":800,"caption":"Foto: TechLine \/ pixabay"},{"@type":"BreadcrumbList","@id":"https:\/\/www.mettmann.de\/web\/organisationsaufbau\/veranstaltungsmanagement\/leitfaden-zur-durchfuehrung-oeffentlicher-veranstaltungen\/veranstaltungsleitfaden-sanitaetsdienst\/#breadcrumb","itemListElement":[{"@type":"ListItem","position":1,"name":"Startseite","item":"https:\/\/www.mettmann.de\/web\/"},{"@type":"ListItem","position":2,"name":"Stadtverwaltung","item":"https:\/\/www.mettmann.de\/web\/organisationsaufbau\/"},{"@type":"ListItem","position":3,"name":"Veranstaltungsmanagement","item":"https:\/\/www.mettmann.de\/web\/organisationsaufbau\/veranstaltungsmanagement\/"},{"@type":"ListItem","position":4,"name":"Veranstaltungleitfaden","item":"https:\/\/www.mettmann.de\/web\/organisationsaufbau\/veranstaltungsmanagement\/leitfaden-zur-durchfuehrung-oeffentlicher-veranstaltungen\/"},{"@type":"ListItem","position":5,"name":"Veranstaltungsleitfaden &#8211; Sanit\u00e4tsdienst"}]},{"@type":"WebSite","@id":"https:\/\/www.mettmann.de\/web\/#website","url":"https:\/\/www.mettmann.de\/web\/","name":"Stadtverwaltung Mettmann","description":"Internetseite der Kreisstadt Mettmann","publisher":{"@id":"https:\/\/www.mettmann.de\/web\/#organization"},"potentialAction":[{"@type":"SearchAction","target":{"@type":"EntryPoint","urlTemplate":"https:\/\/www.mettmann.de\/web\/?s={search_term_string}"},"query-input":{"@type":"PropertyValueSpecification","valueRequired":true,"valueName":"search_term_string"}}],"inLanguage":"de"},{"@type":"Organization","@id":"https:\/\/www.mettmann.de\/web\/#organization","name":"Kreisstadt Mettmann","url":"https:\/\/www.mettmann.de\/web\/","logo":{"@type":"ImageObject","inLanguage":"de","@id":"https:\/\/www.mettmann.de\/web\/#\/schema\/logo\/image\/","url":"https:\/\/www.mettmann.de\/web\/wp-content\/uploads\/2019\/08\/Kreisstadt_Mettmann_Logo_RGB_150dpi.png","contentUrl":"https:\/\/www.mettmann.de\/web\/wp-content\/uploads\/2019\/08\/Kreisstadt_Mettmann_Logo_RGB_150dpi.png","width":1302,"height":191,"caption":"Kreisstadt Mettmann"},"image":{"@id":"https:\/\/www.mettmann.de\/web\/#\/schema\/logo\/image\/"},"sameAs":["https:\/\/www.facebook.com\/kreisstadt.mettmann","https:\/\/de.wikipedia.org\/wiki\/Mettmann"]}]}},"_links":{"self":[{"href":"https:\/\/www.mettmann.de\/web\/wp-json\/wp\/v2\/pages\/7136","targetHints":{"allow":["GET"]}}],"collection":[{"href":"https:\/\/www.mettmann.de\/web\/wp-json\/wp\/v2\/pages"}],"about":[{"href":"https:\/\/www.mettmann.de\/web\/wp-json\/wp\/v2\/types\/page"}],"author":[{"embeddable":true,"href":"https:\/\/www.mettmann.de\/web\/wp-json\/wp\/v2\/users\/3"}],"replies":[{"embeddable":true,"href":"https:\/\/www.mettmann.de\/web\/wp-json\/wp\/v2\/comments?post=7136"}],"version-history":[{"count":7,"href":"https:\/\/www.mettmann.de\/web\/wp-json\/wp\/v2\/pages\/7136\/revisions"}],"predecessor-version":[{"id":7278,"href":"https:\/\/www.mettmann.de\/web\/wp-json\/wp\/v2\/pages\/7136\/revisions\/7278"}],"up":[{"embeddable":true,"href":"https:\/\/www.mettmann.de\/web\/wp-json\/wp\/v2\/pages\/678"}],"wp:featuredmedia":[{"embeddable":true,"href":"https:\/\/www.mettmann.de\/web\/wp-json\/wp\/v2\/media\/7275"}],"wp:attachment":[{"href":"https:\/\/www.mettmann.de\/web\/wp-json\/wp\/v2\/media?parent=7136"}],"curies":[{"name":"wp","href":"https:\/\/api.w.org\/{rel}","templated":true}]}}